{"id":58,"date":"2023-11-17T17:16:59","date_gmt":"2023-11-17T17:16:59","guid":{"rendered":"https:\/\/exceladvisor.org\/es\/opcion-explicita-2\/"},"modified":"2023-12-25T10:31:48","modified_gmt":"2023-12-25T10:31:48","slug":"opcion-explicita-2","status":"publish","type":"page","link":"https:\/\/exceladvisor.org\/es\/opcion-explicita-2\/","title":{"rendered":"\u00bfc\u00f3mo utilizar una declaraci\u00f3n de opci\u00f3n expl\u00edcita en vba?"},"content":{"rendered":"<div class=\"excel-antes-del-contenido\" id=\"excel-2196649137\"><script type=\"text\/javascript\">\r\n\tatOptions = {\r\n\t\t'key' : 'c1158f160081d6540a8409e6925dab94',\r\n\t\t'format' : 'iframe',\r\n\t\t'height' : 250,\r\n\t\t'width' : 300,\r\n\t\t'params' : {}\r\n\t};\r\n<\/script>\r\n<script type=\"text\/javascript\" src=\"\/\/www.highperformanceformat.com\/c1158f160081d6540a8409e6925dab94\/invoke.js\"><\/script><\/div><h2 class=\"wp-block-heading\">Puntos clave<\/h2>\n<ul>\n<li> La opci\u00f3n Expl\u00edcita requiere que usted declare todas <a href=\"https:\/\/exceladvisor.org\/es\/variables\/\">las variables<\/a> .<\/li>\n<li> Esta es una declaraci\u00f3n que puede utilizar al inicio de un <a href=\"https:\/\/exceladvisor.org\/es\/modulo\/\">m\u00f3dulo<\/a> .<\/li>\n<li> Puedes ingresarlo manualmente o habilitarlo desde las opciones.<\/li>\n<li> Debe utilizar la opci\u00f3n expl\u00edcita solo una vez.<\/li>\n<li> Tambi\u00e9n le ayuda a identificar <a href=\"https:\/\/exceladvisor.org\/es\/manejo-de-errores\/\">errores tipogr\u00e1ficos<\/a> al utilizar variables.<\/li>\n<\/ul>\n<h2 class=\"wp-block-heading\"> \u00bfQu\u00e9 es la opci\u00f3n expl\u00edcita de VBA?<\/h2>\n<p> Option Explicit es una declaraci\u00f3n que puede usar al inicio de un m\u00f3dulo para obligarlo a declarar todas las variables. Cuando agrega esta declaraci\u00f3n, VBA le muestra un error de compilaci\u00f3n cuando ejecuta el c\u00f3digo y tambi\u00e9n resalta la variable en el c\u00f3digo que necesita declarar. <\/p>\n<div class=\"wp-block-image\">\n<figure class=\"aligncenter size-large is-resized\"><img loading=\"lazy\" decoding=\"async\" class=\"wp-image-49733\" src=\"https:\/\/exceladvisor.org\/wp-content\/uploads\/2023\/08\/1-option-vba-explicite.png\" sizes=\"auto, \" srcset=\"\" alt=\"opci\u00f3n-vba-expl\u00edcita\" width=\"325\" height=\"127\"><\/figure>\n<\/div>\n<p> Cuando agrega una opci\u00f3n expl\u00edcita al comienzo de un m\u00f3dulo, VBA agrega una l\u00ednea separadora debajo y luego puede comenzar a escribir un procedimiento. Y cuando tienes la opci\u00f3n de declaraci\u00f3n expl\u00edcita y ejecutas un procedimiento, VBA comprueba si hay una variable no declarada y te muestra un mensaje de error. <\/p>\n<pre class=\"wp-block-code\"> <code class=\"language-visual-basic\" lang=\"visual-basic\">Option Explicit Sub myMacro() a = 50 MsgBox a End Sub<\/code><\/pre>\n<div class=\"wp-block-image\">\n<figure class=\"aligncenter size-large is-resized\"><img loading=\"lazy\" decoding=\"async\" class=\"wp-image-49734\" src=\"https:\/\/exceladvisor.org\/wp-content\/uploads\/2023\/08\/2-vba-ajoute-une-ligne-de-separation.png\" sizes=\"auto, \" srcset=\"\" alt=\"vba-a\u00f1adir l\u00ednea separadora\" width=\"387\" height=\"218\"><\/figure>\n<\/div>\n<p> Arriba est\u00e1 el mensaje que recibe cuando una variable no est\u00e1 declarada.<\/p>\n<h2 class=\"wp-block-heading\"> Habilitar la opci\u00f3n expl\u00edcita en VBA<\/h2>\n<p> <strong>Para habilitar la declaraci\u00f3n de opci\u00f3n expl\u00edcita en un m\u00f3dulo, siga estos pasos.<\/strong><\/p>\n<ol>\n<li> Primero, abra el Editor de Visual Basic y en el men\u00fa Herramientas, haga clic en Opciones. <br \/><img loading=\"lazy\" decoding=\"async\" title=\"3-habilitar-opci\u00f3n-expl\u00edcita-en-vba\" src=\"https:\/\/exceladvisor.org\/wp-content\/uploads\/2023\/08\/3-activer-loption-explicite-dans-vba.png\" sizes=\"auto, \" srcset=\"\" alt=\"activate-option-explicit-in-vba\" width=\"521\" height=\"210\"><\/li>\n<li> Despu\u00e9s de eso, en las opciones, vaya a la pesta\u00f1a del editor y marque la casilla \u00abRequerir declaraci\u00f3n de variable\u00bb. <br \/><img loading=\"lazy\" decoding=\"async\" title=\"Editor de 4 pesta\u00f1as y marca de verificaci\u00f3n\" src=\"https:\/\/exceladvisor.org\/wp-content\/uploads\/2023\/08\/4-onglet-de-lediteur-et-coche.png\" sizes=\"auto, \" srcset=\"\" alt=\"editor-tab-and-tick-mark\" width=\"525\" height=\"373\"><\/li>\n<li> Al final, haga clic en Aceptar.<\/li>\n<li> Una vez que haga esto, VBA agregar\u00e1 una opci\u00f3n expl\u00edcita cada vez que agregue un nuevo m\u00f3dulo.<\/li>\n<\/ol>\n<p> Pero no agrega esta declaraci\u00f3n a su m\u00f3dulo existente, por lo que debe agregarlos manualmente a cada uno de los m\u00f3dulos existentes uno por uno.<\/p>\n<h2 class=\"wp-block-heading\"> \u00bfC\u00f3mo agregarlo manualmente?<\/h2>\n<p> Como mencion\u00e9, la declaraci\u00f3n Option Explicit debe aparecer antes del primer procedimiento del m\u00f3dulo (Sub o Funci\u00f3n). Por lo tanto, debe agregar esta declaraci\u00f3n encima del primer procedimiento (\u00e1rea de declaraciones generales) y asegurarse de agregarla solo una vez. <\/p>\n<div class=\"wp-block-image\">\n<figure class=\"aligncenter size-large is-resized\"><img loading=\"lazy\" decoding=\"async\" class=\"wp-image-49738\" src=\"https:\/\/exceladvisor.org\/wp-content\/uploads\/2023\/08\/5-zones-de-declarations-generales.png\" sizes=\"auto, \" srcset=\"\" alt=\"\u00e1rea-declaraciones-generales\" width=\"344\" height=\"392\"><\/figure>\n<\/div>\n<p> Si lo agregas dentro de un procedimiento o entre dos procedimientos, VBA te mostrar\u00e1 un error cuando intentes ejecutar cualquiera de los c\u00f3digos del m\u00f3dulo. <\/p>\n<div class=\"wp-block-image\">\n<figure class=\"aligncenter size-large is-resized\"><img loading=\"lazy\" decoding=\"async\" class=\"wp-image-49739\" src=\"https:\/\/exceladvisor.org\/wp-content\/uploads\/2023\/08\/6-vba-vous-montrera-une-erreur.png\" sizes=\"auto, \" srcset=\"\" alt=\"vba-le-mostrar\u00e1-un-error\" width=\"488\" height=\"305\"><\/figure>\n<\/div>\n<h2 class=\"wp-block-heading\"> Ejemplos (por qu\u00e9 utilizar la declaraci\u00f3n expl\u00edcita de opci\u00f3n es un buen h\u00e1bito)<\/h2>\n<p> Perm\u00edtame mostrarle un ejemplo para que comprenda por qu\u00e9 se recomienda encarecidamente la declaraci\u00f3n Option Explicit. Mire el siguiente c\u00f3digo.<\/p>\n<pre class=\"wp-block-code\"> <code class=\"language-visual-basic\" lang=\"visual-basic\">Sub myMacro() Dim myText As String myText = \"Puneet\" MsgBox MyTxt End Sub<\/code><\/pre>\n<p> En este c\u00f3digo, declar\u00e9 una variable \u00abmyText\u00bb como una cadena y luego establec\u00ed el valor de esta variable. Y al final, utilic\u00e9 un <a href=\"https:\/\/exceladvisor.org\/es\/cuadro-de-mensajes-vba\/\">cuadro de mensaje<\/a> que muestra el valor de la variable, pero si miras de cerca, escrib\u00ed mal esta variable como \u00abMyTxt\u00bb en lugar de \u00abmyText\u00bb. <\/p>\n<div class=\"wp-block-image\">\n<figure class=\"aligncenter size-large is-resized\"><img loading=\"lazy\" decoding=\"async\" class=\"wp-image-49740\" src=\"https:\/\/exceladvisor.org\/wp-content\/uploads\/2023\/08\/7-a-declare-une-variable.png\" sizes=\"auto, \" srcset=\"\" alt=\"variable declarada\" width=\"284\" height=\"219\"><\/figure>\n<\/div>\n<p> Ahora, cuando ejecuto <a href=\"https:\/\/exceladvisor.org\/es\/ejecutar-una-macro-2\/\">este c\u00f3digo<\/a> , me muestra un <a href=\"https:\/\/exceladvisor.org\/es\/cuadro-de-mensajes-vba\/\">cuadro de mensaje<\/a> vac\u00edo. <\/p>\n<div class=\"wp-block-image\">\n<figure class=\"aligncenter size-large is-resized\"><img loading=\"lazy\" decoding=\"async\" class=\"wp-image-49741\" src=\"https:\/\/exceladvisor.org\/wp-content\/uploads\/2023\/08\/8-boite-de-message-vide.png\" sizes=\"auto, \" srcset=\"\" alt=\"cuadro de mensaje vac\u00edo\" width=\"136\" height=\"146\"><\/figure>\n<\/div>\n<p> Necesito tus 2 minutos para ayudarte a comprender el verdadero problema aqu\u00ed. Cuando escrib\u00ed mal el nombre de la variable, VBA lo toma como una variable separada y, como no uso la declaraci\u00f3n de opci\u00f3n expl\u00edcita, no me muestra un error. <\/p>\n<div class=\"wp-block-image\">\n<figure class=\"aligncenter size-large is-resized\"><img loading=\"lazy\" decoding=\"async\" class=\"wp-image-49742\" src=\"https:\/\/exceladvisor.org\/wp-content\/uploads\/2023\/08\/9-mal-tape-le-nom-de-la-variable.png\" sizes=\"auto, \" srcset=\"\" alt=\"error tipogr\u00e1fico en el nombre de la variable\" width=\"278\" height=\"184\"><\/figure>\n<\/div>\n<p> Esta es la raz\u00f3n por la que el cuadro de mensaje utiliza la segunda variable (mal escrita) que no tiene ning\u00fan valor asignado. Ahora piensa por un segundo; Si escribe c\u00f3digo largo y no utiliza declaraciones de opciones expl\u00edcitas, ser\u00e1 dif\u00edcil rastrear este error hasta que vuelva a leer todo el c\u00f3digo.<\/p>\n<p> Pero con la opci\u00f3n de declaraci\u00f3n expl\u00edcita activada, cuando ejecuto este c\u00f3digo aparece un error. <\/p>\n<div class=\"wp-block-image\">\n<figure class=\"aligncenter size-large is-resized\"><img loading=\"lazy\" decoding=\"async\" class=\"wp-image-49743\" src=\"https:\/\/exceladvisor.org\/wp-content\/uploads\/2023\/08\/10-utiliser-loption-explicite.png\" sizes=\"auto, \" srcset=\"\" alt=\"opci\u00f3n-de-uso-expl\u00edcita\" width=\"540\" height=\"293\"><\/figure>\n<\/div>\n<pre class=\"wp-block-code\"> <code class=\"language-visual-basic\" lang=\"visual-basic\">Option Explicit Sub myMacro() Dim myText As String myText = \"Puneet\" MsgBox MyTxt End Sub<\/code><\/pre>\n<div class=\"gb-container gb-container-4db6181c gb-container-mt\"> <a class=\"gb-button gb-button-c5897111 gb-button-text gb-button-mt-button\" href=\"https:\/\/exceladvisor.org\/es\/vba\/\">\u00bfQu\u00e9 es VBA?<\/a><\/p>\n<h2 class=\"gb-headline gb-headline-665e5f6b gb-headline-text gb-headline-mt-heading\"> Tutoriales relacionados <\/h2>\n<div class=\"gb-grid-wrapper gb-grid-wrapper-a20baf7c gb-grid-wrapper-mt-grid\">\n<div class=\"gb-grid-column gb-grid-column-65ddf67e\">\n<div class=\"gb-container gb-container-65ddf67e\">\n<ul>\n<li> <a href=\"https:\/\/exceladvisor.org\/es\/variable-global\/\">Declarar una variable global (p\u00fablica) en VBA<\/a><\/li>\n<li> <a href=\"https:\/\/exceladvisor.org\/es\/rango-variable\/\">Utilice un rango o celda como variable en VBA<\/a><\/li>\n<li> <a href=\"https:\/\/exceladvisor.org\/es\/cuadro-de-mensaje-variable\/\">Variable en un cuadro de mensaje<\/a><\/li>\n<li> <a href=\"https:\/\/exceladvisor.org\/es\/constantes\/\">VBA constante<\/a><\/li>\n<li> <a href=\"https:\/\/exceladvisor.org\/es\/debil\/\">Instrucci\u00f3n VBA tenue<\/a> <\/li>\n<\/ul>\n<\/div>\n<\/div>\n<div class=\"gb-grid-column gb-grid-column-50067b57\">\n<div class=\"gb-container gb-container-50067b57\"><\/div>\n<\/div>\n<\/div>\n<\/div>\n","protected":false},"excerpt":{"rendered":"<p>Puntos clave La opci\u00f3n Expl\u00edcita requiere que usted declare todas las variables . Esta es una declaraci\u00f3n que puede utilizar al inicio de un m\u00f3dulo . Puedes ingresarlo manualmente o habilitarlo desde las opciones. Debe utilizar la opci\u00f3n expl\u00edcita solo una vez. Tambi\u00e9n le ayuda a identificar errores tipogr\u00e1ficos al utilizar variables. \u00bfQu\u00e9 es la [&hellip;]<\/p>\n","protected":false},"author":1,"featured_media":0,"parent":0,"menu_order":0,"comment_status":"open","ping_status":"closed","template":"","meta":{"ub_ctt_via":"","footnotes":""},"class_list":["post-58","page","type-page","status-publish","hentry"],"featured_image_src":null,"yoast_head":"<!-- This site is optimized with the Yoast SEO plugin v25.4 - https:\/\/yoast.com\/wordpress\/plugins\/seo\/ -->\n<title>\u00bfc\u00f3mo utilizar una declaraci\u00f3n de opci\u00f3n expl\u00edcita en vba?<\/title>\n<meta name=\"robots\" content=\"index, follow, max-snippet:-1, max-image-preview:large, max-video-preview:-1\" \/>\n<link rel=\"canonical\" href=\"https:\/\/exceladvisor.org\/es\/opcion-explicita-2\/\" \/>\n<meta property=\"og:locale\" content=\"es_ES\" \/>\n<meta property=\"og:type\" content=\"article\" \/>\n<meta property=\"og:title\" content=\"\u00bfc\u00f3mo utilizar una declaraci\u00f3n de opci\u00f3n expl\u00edcita en vba?\" \/>\n<meta property=\"og:description\" content=\"Puntos clave La opci\u00f3n Expl\u00edcita requiere que usted declare todas las variables . Esta es una declaraci\u00f3n que puede utilizar al inicio de un m\u00f3dulo . Puedes ingresarlo manualmente o habilitarlo desde las opciones. Debe utilizar la opci\u00f3n expl\u00edcita solo una vez. Tambi\u00e9n le ayuda a identificar errores tipogr\u00e1ficos al utilizar variables. \u00bfQu\u00e9 es la [&hellip;]\" \/>\n<meta property=\"og:url\" content=\"https:\/\/exceladvisor.org\/es\/opcion-explicita-2\/\" \/>\n<meta property=\"og:site_name\" content=\"Excel Advisor\" \/>\n<meta property=\"article:modified_time\" content=\"2023-12-25T10:31:48+00:00\" \/>\n<meta property=\"og:image\" content=\"https:\/\/exceladvisor.org\/wp-content\/uploads\/2023\/08\/1-option-vba-explicite.png\" \/>\n<meta name=\"twitter:card\" content=\"summary_large_image\" \/>\n<meta name=\"twitter:label1\" content=\"Tiempo de lectura\" \/>\n\t<meta name=\"twitter:data1\" content=\"3 minutos\" \/>\n<script type=\"application\/ld+json\" class=\"yoast-schema-graph\">{\"@context\":\"https:\/\/schema.org\",\"@graph\":[{\"@type\":\"WebPage\",\"@id\":\"https:\/\/exceladvisor.org\/es\/opcion-explicita-2\/\",\"url\":\"https:\/\/exceladvisor.org\/es\/opcion-explicita-2\/\",\"name\":\"\u00bfc\u00f3mo utilizar una declaraci\u00f3n de opci\u00f3n expl\u00edcita en vba?\",\"isPartOf\":{\"@id\":\"https:\/\/exceladvisor.org\/es\/#website\"},\"primaryImageOfPage\":{\"@id\":\"https:\/\/exceladvisor.org\/es\/opcion-explicita-2\/#primaryimage\"},\"image\":{\"@id\":\"https:\/\/exceladvisor.org\/es\/opcion-explicita-2\/#primaryimage\"},\"thumbnailUrl\":\"https:\/\/exceladvisor.org\/wp-content\/uploads\/2023\/08\/1-option-vba-explicite.png\",\"datePublished\":\"2023-11-17T17:16:59+00:00\",\"dateModified\":\"2023-12-25T10:31:48+00:00\",\"breadcrumb\":{\"@id\":\"https:\/\/exceladvisor.org\/es\/opcion-explicita-2\/#breadcrumb\"},\"inLanguage\":\"es\",\"potentialAction\":[{\"@type\":\"ReadAction\",\"target\":[\"https:\/\/exceladvisor.org\/es\/opcion-explicita-2\/\"]}]},{\"@type\":\"ImageObject\",\"inLanguage\":\"es\",\"@id\":\"https:\/\/exceladvisor.org\/es\/opcion-explicita-2\/#primaryimage\",\"url\":\"https:\/\/exceladvisor.org\/wp-content\/uploads\/2023\/08\/1-option-vba-explicite.png\",\"contentUrl\":\"https:\/\/exceladvisor.org\/wp-content\/uploads\/2023\/08\/1-option-vba-explicite.png\"},{\"@type\":\"BreadcrumbList\",\"@id\":\"https:\/\/exceladvisor.org\/es\/opcion-explicita-2\/#breadcrumb\",\"itemListElement\":[{\"@type\":\"ListItem\",\"position\":1,\"name\":\"Hogar\",\"item\":\"https:\/\/exceladvisor.org\/es\/\"},{\"@type\":\"ListItem\",\"position\":2,\"name\":\"\u00bfc\u00f3mo utilizar una declaraci\u00f3n de opci\u00f3n expl\u00edcita en vba?\"}]},{\"@type\":\"WebSite\",\"@id\":\"https:\/\/exceladvisor.org\/es\/#website\",\"url\":\"https:\/\/exceladvisor.org\/es\/\",\"name\":\"Excel Advisor\",\"description\":\"Su gu\u00eda para la dominaci\u00f3n de datos!\",\"publisher\":{\"@id\":\"https:\/\/exceladvisor.org\/es\/#organization\"},\"potentialAction\":[{\"@type\":\"SearchAction\",\"target\":{\"@type\":\"EntryPoint\",\"urlTemplate\":\"https:\/\/exceladvisor.org\/es\/?s={search_term_string}\"},\"query-input\":{\"@type\":\"PropertyValueSpecification\",\"valueRequired\":true,\"valueName\":\"search_term_string\"}}],\"inLanguage\":\"es\"},{\"@type\":\"Organization\",\"@id\":\"https:\/\/exceladvisor.org\/es\/#organization\",\"name\":\"Excel Advisor\",\"url\":\"https:\/\/exceladvisor.org\/es\/\",\"logo\":{\"@type\":\"ImageObject\",\"inLanguage\":\"es\",\"@id\":\"https:\/\/exceladvisor.org\/es\/#\/schema\/logo\/image\/\",\"url\":\"https:\/\/exceladvisor.org\/es\/wp-content\/uploads\/2023\/12\/exceladvisor.org_.png\",\"contentUrl\":\"https:\/\/exceladvisor.org\/es\/wp-content\/uploads\/2023\/12\/exceladvisor.org_.png\",\"width\":105,\"height\":36,\"caption\":\"Excel Advisor\"},\"image\":{\"@id\":\"https:\/\/exceladvisor.org\/es\/#\/schema\/logo\/image\/\"}}]}<\/script>\n<!-- \/ Yoast SEO plugin. -->","yoast_head_json":{"title":"\u00bfc\u00f3mo utilizar una declaraci\u00f3n de opci\u00f3n expl\u00edcita en vba?","robots":{"index":"index","follow":"follow","max-snippet":"max-snippet:-1","max-image-preview":"max-image-preview:large","max-video-preview":"max-video-preview:-1"},"canonical":"https:\/\/exceladvisor.org\/es\/opcion-explicita-2\/","og_locale":"es_ES","og_type":"article","og_title":"\u00bfc\u00f3mo utilizar una declaraci\u00f3n de opci\u00f3n expl\u00edcita en vba?","og_description":"Puntos clave La opci\u00f3n Expl\u00edcita requiere que usted declare todas las variables . Esta es una declaraci\u00f3n que puede utilizar al inicio de un m\u00f3dulo . Puedes ingresarlo manualmente o habilitarlo desde las opciones. Debe utilizar la opci\u00f3n expl\u00edcita solo una vez. Tambi\u00e9n le ayuda a identificar errores tipogr\u00e1ficos al utilizar variables. \u00bfQu\u00e9 es la [&hellip;]","og_url":"https:\/\/exceladvisor.org\/es\/opcion-explicita-2\/","og_site_name":"Excel Advisor","article_modified_time":"2023-12-25T10:31:48+00:00","og_image":[{"url":"https:\/\/exceladvisor.org\/wp-content\/uploads\/2023\/08\/1-option-vba-explicite.png","type":"","width":"","height":""}],"twitter_card":"summary_large_image","twitter_misc":{"Tiempo de lectura":"3 minutos"},"schema":{"@context":"https:\/\/schema.org","@graph":[{"@type":"WebPage","@id":"https:\/\/exceladvisor.org\/es\/opcion-explicita-2\/","url":"https:\/\/exceladvisor.org\/es\/opcion-explicita-2\/","name":"\u00bfc\u00f3mo utilizar una declaraci\u00f3n de opci\u00f3n expl\u00edcita en vba?","isPartOf":{"@id":"https:\/\/exceladvisor.org\/es\/#website"},"primaryImageOfPage":{"@id":"https:\/\/exceladvisor.org\/es\/opcion-explicita-2\/#primaryimage"},"image":{"@id":"https:\/\/exceladvisor.org\/es\/opcion-explicita-2\/#primaryimage"},"thumbnailUrl":"https:\/\/exceladvisor.org\/wp-content\/uploads\/2023\/08\/1-option-vba-explicite.png","datePublished":"2023-11-17T17:16:59+00:00","dateModified":"2023-12-25T10:31:48+00:00","breadcrumb":{"@id":"https:\/\/exceladvisor.org\/es\/opcion-explicita-2\/#breadcrumb"},"inLanguage":"es","potentialAction":[{"@type":"ReadAction","target":["https:\/\/exceladvisor.org\/es\/opcion-explicita-2\/"]}]},{"@type":"ImageObject","inLanguage":"es","@id":"https:\/\/exceladvisor.org\/es\/opcion-explicita-2\/#primaryimage","url":"https:\/\/exceladvisor.org\/wp-content\/uploads\/2023\/08\/1-option-vba-explicite.png","contentUrl":"https:\/\/exceladvisor.org\/wp-content\/uploads\/2023\/08\/1-option-vba-explicite.png"},{"@type":"BreadcrumbList","@id":"https:\/\/exceladvisor.org\/es\/opcion-explicita-2\/#breadcrumb","itemListElement":[{"@type":"ListItem","position":1,"name":"Hogar","item":"https:\/\/exceladvisor.org\/es\/"},{"@type":"ListItem","position":2,"name":"\u00bfc\u00f3mo utilizar una declaraci\u00f3n de opci\u00f3n expl\u00edcita en vba?"}]},{"@type":"WebSite","@id":"https:\/\/exceladvisor.org\/es\/#website","url":"https:\/\/exceladvisor.org\/es\/","name":"Excel Advisor","description":"Su gu\u00eda para la dominaci\u00f3n de datos!","publisher":{"@id":"https:\/\/exceladvisor.org\/es\/#organization"},"potentialAction":[{"@type":"SearchAction","target":{"@type":"EntryPoint","urlTemplate":"https:\/\/exceladvisor.org\/es\/?s={search_term_string}"},"query-input":{"@type":"PropertyValueSpecification","valueRequired":true,"valueName":"search_term_string"}}],"inLanguage":"es"},{"@type":"Organization","@id":"https:\/\/exceladvisor.org\/es\/#organization","name":"Excel Advisor","url":"https:\/\/exceladvisor.org\/es\/","logo":{"@type":"ImageObject","inLanguage":"es","@id":"https:\/\/exceladvisor.org\/es\/#\/schema\/logo\/image\/","url":"https:\/\/exceladvisor.org\/es\/wp-content\/uploads\/2023\/12\/exceladvisor.org_.png","contentUrl":"https:\/\/exceladvisor.org\/es\/wp-content\/uploads\/2023\/12\/exceladvisor.org_.png","width":105,"height":36,"caption":"Excel Advisor"},"image":{"@id":"https:\/\/exceladvisor.org\/es\/#\/schema\/logo\/image\/"}}]}},"yoast_meta":{"yoast_wpseo_title":"","yoast_wpseo_metadesc":"","yoast_wpseo_canonical":""},"_links":{"self":[{"href":"https:\/\/exceladvisor.org\/es\/wp-json\/wp\/v2\/pages\/58","targetHints":{"allow":["GET"]}}],"collection":[{"href":"https:\/\/exceladvisor.org\/es\/wp-json\/wp\/v2\/pages"}],"about":[{"href":"https:\/\/exceladvisor.org\/es\/wp-json\/wp\/v2\/types\/page"}],"author":[{"embeddable":true,"href":"https:\/\/exceladvisor.org\/es\/wp-json\/wp\/v2\/users\/1"}],"replies":[{"embeddable":true,"href":"https:\/\/exceladvisor.org\/es\/wp-json\/wp\/v2\/comments?post=58"}],"version-history":[{"count":1,"href":"https:\/\/exceladvisor.org\/es\/wp-json\/wp\/v2\/pages\/58\/revisions"}],"predecessor-version":[{"id":1382,"href":"https:\/\/exceladvisor.org\/es\/wp-json\/wp\/v2\/pages\/58\/revisions\/1382"}],"wp:attachment":[{"href":"https:\/\/exceladvisor.org\/es\/wp-json\/wp\/v2\/media?parent=58"}],"curies":[{"name":"wp","href":"https:\/\/api.w.org\/{rel}","templated":true}]}}