{"id":581,"date":"2023-10-22T14:25:42","date_gmt":"2023-10-22T14:25:42","guid":{"rendered":"https:\/\/exceladvisor.org\/es\/guardar-libro-de-trabajo\/"},"modified":"2023-12-25T10:32:23","modified_gmt":"2023-12-25T10:32:23","slug":"guardar-libro-de-trabajo","status":"publish","type":"page","link":"https:\/\/exceladvisor.org\/es\/guardar-libro-de-trabajo\/","title":{"rendered":"5 formas de guardar un libro en excel"},"content":{"rendered":"<div class=\"excel-antes-del-contenido\" id=\"excel-2156876512\"><script type=\"text\/javascript\">\r\n\tatOptions = {\r\n\t\t'key' : 'c1158f160081d6540a8409e6925dab94',\r\n\t\t'format' : 'iframe',\r\n\t\t'height' : 250,\r\n\t\t'width' : 300,\r\n\t\t'params' : {}\r\n\t};\r\n<\/script>\r\n<script type=\"text\/javascript\" src=\"\/\/www.highperformanceformat.com\/c1158f160081d6540a8409e6925dab94\/invoke.js\"><\/script><\/div><p>Para guardar un libro de Excel usando VBA, debe usar el m\u00e9todo GUARDAR para escribir una macro. Y en esta macro debe especificar el libro que desea guardar y luego usar el m\u00e9todo GUARDAR. Cuando ejecuta este c\u00f3digo, funciona como el m\u00e9todo abreviado de teclado (Ctrl + S). <\/p>\n<div class=\"wp-block-image\">\n<figure class=\"aligncenter size-large is-resized\"><img loading=\"lazy\" decoding=\"async\" class=\"wp-image-53053\" src=\"https:\/\/exceladvisor.org\/wp-content\/uploads\/2023\/08\/1-specifiez-le-classeur-que-vous-souhaitez-enregistrer.png\" sizes=\"auto, \" srcset=\"\" alt=\"especifique el libro que desea guardar\" width=\"468\" height=\"315\"><\/figure>\n<\/div>\n<ol type=\"1\">\n<li> Especifique el sombrero del libro que desea guardar.<\/li>\n<li> Escriba un punto para obtener una lista de todas las propiedades y m\u00e9todos.<\/li>\n<li> Seleccione el m\u00e9todo \u00abGuardar\u00bb de estos o toque \u00abGuardar\u00bb<\/li>\n<li> Al final, ejecute el c\u00f3digo para guardar el libro de trabajo.<\/li>\n<\/ol>\n<p> En este tutorial, veremos diferentes formas de guardar un libro de trabajo. As\u00ed que aseg\u00farese de abrir el editor VBA desde la pesta\u00f1a de desarrollador para usar el c\u00f3digo que tiene en este tutorial.<\/p>\n<h2 class=\"wp-block-heading\"> Guardar libro activo<\/h2>\n<p> Si desea guardar el libro activo en este caso, puede usar un c\u00f3digo como el siguiente, en lugar de especificar el libro por nombre.<\/p>\n<pre class=\"wp-block-code\"> <code class=\"language-visual-basic\" lang=\"visual-basic\">ActiveWorkbook.Save<\/code><\/pre>\n<p> Cuando utiliza ActiveWorkbook como libro de trabajo, VBA siempre hace referencia al libro de trabajo que est\u00e1 activo independientemente del archivo en el que escribe el c\u00f3digo.<\/p>\n<h2 class=\"wp-block-heading\"> Guarde el libro de trabajo en el que escribe el c\u00f3digo<\/h2>\n<p> Si desea guardar el archivo en el que escribe el c\u00f3digo, debe usar \u00abEste libro de trabajo\u00bb en lugar del nombre del libro.<\/p>\n<pre class=\"wp-block-code\"> <code class=\"language-visual-basic\" lang=\"visual-basic\">ThisWorkbook.Save<\/code><\/pre>\n<h2 class=\"wp-block-heading\"> Guardar todos los libros abiertos<\/h2>\n<p> Aqu\u00ed podemos usar un bucle para revisar todos los libros abiertos y guardarlos uno por uno. Mire el c\u00f3digo a continuaci\u00f3n.<\/p>\n<pre class=\"wp-block-code\"> <code class=\"language-visual-basic\" lang=\"visual-basic\">Sub vba_save_workbook() 'variable to use as a workbook Dim wb As Workbook 'For each to loop through each open workbook and save it For Each wb In Workbooks wb.Save Next wb End Sub<\/code><\/pre>\n<p> El c\u00f3digo anterior usa FOR CADA bucle en cada libro de trabajo, usa el m\u00e9todo GUARDAR para cada archivo uno por uno.<\/p>\n<p class=\"qt-tip\"> <strong>Nota:<\/strong> Si intenta guardar un libro con el m\u00e9todo GUARDAR que a\u00fan no est\u00e1 guardado, Excel muestra un cuadro de di\u00e1logo para solicitar permiso para guardar este archivo y luego debe elegir si desea guardar este archivo en la ubicaci\u00f3n predeterminada. en formato predeterminado.<\/p>\n<p> <strong>Ahora aqu\u00ed est\u00e1 el punto:<\/strong> como est\u00e1 usando una macro para guardar el libro, este archivo debe guardarse en el formato compatible con macros y la mejor manera de manejar esta situaci\u00f3n es usar el m\u00e9todo GUARDAR COMO (lo veremos en la secci\u00f3n siguiente). de este tutorial).<\/p>\n<h2 class=\"wp-block-heading\"> Guardar como archivo de Excel<\/h2>\n<p> Para GUARDAR un archivo que a\u00fan no est\u00e1 guardado, usando VBA, debe usar el m\u00e9todo GUARDAR COMO. En este m\u00e9todo, puede configurar el nombre del archivo y la ruta donde desea guardarlo y, aparte de eso, hay otros diez argumentos que puede configurar.<\/p>\n<pre class=\"wp-block-code\"> <code class=\"language-visual-basic\" lang=\"visual-basic\">expression.SaveAs (FileName, FileFormat, Password, WriteResPassword, ReadOnlyRecommended, CreateBackup, AccessMode, ConflictResolution, AddToMru, TextCodepage, TextVisualLayout, Local)<\/code><\/pre>\n<p> En el siguiente c\u00f3digo, no tiene argumentos con el m\u00e9todo \u00abGUARDAR COMO\u00bb. <\/p>\n<div class=\"wp-block-image\">\n<figure class=\"aligncenter size-large is-resized\"><img loading=\"lazy\" decoding=\"async\" class=\"wp-image-53054\" src=\"https:\/\/exceladvisor.org\/wp-content\/uploads\/2023\/08\/2-enregistrer-en-tant-que-fichier-excel.png\" sizes=\"auto, \" srcset=\"\" alt=\"guardar como archivo excel\" width=\"404\" height=\"223\"><\/figure>\n<\/div>\n<p> Cuando ejecuta este c\u00f3digo, le pregunta algunas cosas, como qu\u00e9 formato desea usar para guardar el archivo o desea sobrescribir el archivo existente ya guardado con el mismo nombre. Por eso es mejor definir el uso de algunos de los argumentos.<\/p>\n<h2 class=\"wp-block-heading\"> Guardar como archivo en la ubicaci\u00f3n actual<\/h2>\n<p> De forma predeterminada, VBA usa la ubicaci\u00f3n actual para guardar el archivo. Cuando escribe c\u00f3digo con el m\u00e9todo GUARDAR COMO y simplemente especifica el nombre, este archivo va directamente a la carpeta actual. Puede ver en el siguiente c\u00f3digo d\u00f3nde tiene el que guarda el libro activo. <\/p>\n<div class=\"wp-block-image\">\n<figure class=\"aligncenter size-large is-resized\"><img loading=\"lazy\" decoding=\"async\" class=\"wp-image-53055\" src=\"https:\/\/exceladvisor.org\/wp-content\/uploads\/2023\/08\/3-enregistrer-en-tant-que-fichier-a-lemplacement-actuel.png\" sizes=\"auto, \" srcset=\"\" alt=\"guardar como archivo en la ubicaci\u00f3n actual\" width=\"603\" height=\"138\"><\/figure>\n<\/div>\n<pre class=\"wp-block-code\"> <code class=\"language-visual-basic\" lang=\"visual-basic\">Sub save_as_file() ActiveWorkbook.SaveAs Filename:=\"myNewWorkbook\" End Sub<\/code><\/pre>\n<h2 class=\"wp-block-heading\"> Guardar como un archivo en una ubicaci\u00f3n espec\u00edfica<\/h2>\n<p> El argumento del nombre de archivo tambi\u00e9n le permite usar la ruta en caso de que desee usar una ubicaci\u00f3n diferente para guardar el archivo. <\/p>\n<div class=\"wp-block-image\">\n<figure class=\"aligncenter size-large is-resized\"><img loading=\"lazy\" decoding=\"async\" class=\"wp-image-53056\" src=\"https:\/\/exceladvisor.org\/wp-content\/uploads\/2023\/08\/4-enregistrer-en-tant-que-fichier-a-un-emplacement-specifique.png\" sizes=\"auto, \" srcset=\"\" alt=\"guardar como un archivo en una ubicaci\u00f3n espec\u00edfica\" width=\"639\" height=\"316\"><\/figure>\n<\/div>\n<pre class=\"wp-block-code\"> <code class=\"language-visual-basic\" lang=\"visual-basic\">Sub save_as_file() ActiveWorkbook.SaveAs _ Filename:=\"C:UsersDellDesktopmyNewBook\" End Sub<\/code><\/pre>\n<p> En el c\u00f3digo anterior tiene la ruta en el argumento FileName y VBA usa esa ruta al archivo.<\/p>\n<p class=\"qt-tip\"> <strong>Nota:<\/strong> Tambi\u00e9n puede usar este m\u00e9todo para verificar si un libro existe en una carpeta o no antes de usar el m\u00e9todo GUARDAR COMO para guardarlo en una ubicaci\u00f3n particular y puede obtener m\u00e1s informaci\u00f3n sobre el m\u00e9todo GUARDAR COMO desde aqu\u00ed.<\/p>\n<div class=\"gb-container gb-container-4db6181c gb-container-mt\"> <a class=\"gb-button gb-button-c5897111 gb-button-text gb-button-mt-button\" href=\"https:\/\/exceladvisor.org\/es\/vba\/\">\u00bfQu\u00e9 es VBA?<\/a><\/p>\n<h2 class=\"gb-headline gb-headline-665e5f6b gb-headline-text gb-headline-mt-heading\"> Tutoriales relacionados <\/h2>\n<div class=\"gb-grid-wrapper gb-grid-wrapper-a20baf7c gb-grid-wrapper-mt-grid\">\n<div class=\"gb-grid-column gb-grid-column-50067b57\">\n<div class=\"gb-container gb-container-50067b57\">\n<ul>\n<li> <a href=\"https:\/\/exceladvisor.org\/es\/este-cuaderno\/\">VBA ThisWorkbook (archivo Excel actual)<\/a><\/li>\n<li> <a href=\"https:\/\/exceladvisor.org\/es\/aglutinante\/\">Libro de trabajo de VBA: una gu\u00eda para trabajar con libros de trabajo en VBA<\/a><\/li>\n<li> <a href=\"https:\/\/exceladvisor.org\/es\/comprobar-si-el-libro-de-trabajo-existe\/\">VBA Comprobar si existe un libro en una carpeta (archivo Excel)<\/a><\/li>\n<li> <a href=\"https:\/\/exceladvisor.org\/es\/comprobar-libro-abierto\/\">VBA Comprobar si un libro est\u00e1 abierto (archivo Excel)<\/a><\/li>\n<li> <a href=\"https:\/\/exceladvisor.org\/es\/libro-activo-por-macro\/\">Guarde un libro de Excel con macros habilitadas (tipo de archivo .xlsm)<\/a><\/li>\n<\/ul>\n<\/div>\n<\/div>\n<\/div>\n<\/div>\n","protected":false},"excerpt":{"rendered":"<p>Para guardar un libro de Excel usando VBA, debe usar el m\u00e9todo GUARDAR para escribir una macro. Y en esta macro debe especificar el libro que desea guardar y luego usar el m\u00e9todo GUARDAR. Cuando ejecuta este c\u00f3digo, funciona como el m\u00e9todo abreviado de teclado (Ctrl + S). Especifique el sombrero del libro que desea [&hellip;]<\/p>\n","protected":false},"author":1,"featured_media":0,"parent":0,"menu_order":0,"comment_status":"open","ping_status":"closed","template":"","meta":{"ub_ctt_via":"","footnotes":""},"class_list":["post-581","page","type-page","status-publish","hentry"],"featured_image_src":null,"yoast_head":"<!-- This site is optimized with the Yoast SEO plugin v25.4 - https:\/\/yoast.com\/wordpress\/plugins\/seo\/ -->\n<title>5 formas de guardar un libro en excel<\/title>\n<meta name=\"robots\" content=\"index, follow, max-snippet:-1, max-image-preview:large, max-video-preview:-1\" \/>\n<link rel=\"canonical\" href=\"https:\/\/exceladvisor.org\/es\/guardar-libro-de-trabajo\/\" \/>\n<meta property=\"og:locale\" content=\"es_ES\" \/>\n<meta property=\"og:type\" content=\"article\" \/>\n<meta property=\"og:title\" content=\"5 formas de guardar un libro en excel\" \/>\n<meta property=\"og:description\" content=\"Para guardar un libro de Excel usando VBA, debe usar el m\u00e9todo GUARDAR para escribir una macro. Y en esta macro debe especificar el libro que desea guardar y luego usar el m\u00e9todo GUARDAR. Cuando ejecuta este c\u00f3digo, funciona como el m\u00e9todo abreviado de teclado (Ctrl + S). Especifique el sombrero del libro que desea [&hellip;]\" \/>\n<meta property=\"og:url\" content=\"https:\/\/exceladvisor.org\/es\/guardar-libro-de-trabajo\/\" \/>\n<meta property=\"og:site_name\" content=\"Excel Advisor\" \/>\n<meta property=\"article:modified_time\" content=\"2023-12-25T10:32:23+00:00\" \/>\n<meta property=\"og:image\" content=\"https:\/\/exceladvisor.org\/wp-content\/uploads\/2023\/08\/1-specifiez-le-classeur-que-vous-souhaitez-enregistrer.png\" \/>\n<meta name=\"twitter:card\" content=\"summary_large_image\" \/>\n<meta name=\"twitter:label1\" content=\"Tiempo de lectura\" \/>\n\t<meta name=\"twitter:data1\" content=\"4 minutos\" \/>\n<script type=\"application\/ld+json\" class=\"yoast-schema-graph\">{\"@context\":\"https:\/\/schema.org\",\"@graph\":[{\"@type\":\"WebPage\",\"@id\":\"https:\/\/exceladvisor.org\/es\/guardar-libro-de-trabajo\/\",\"url\":\"https:\/\/exceladvisor.org\/es\/guardar-libro-de-trabajo\/\",\"name\":\"5 formas de guardar un libro en excel\",\"isPartOf\":{\"@id\":\"https:\/\/exceladvisor.org\/es\/#website\"},\"primaryImageOfPage\":{\"@id\":\"https:\/\/exceladvisor.org\/es\/guardar-libro-de-trabajo\/#primaryimage\"},\"image\":{\"@id\":\"https:\/\/exceladvisor.org\/es\/guardar-libro-de-trabajo\/#primaryimage\"},\"thumbnailUrl\":\"https:\/\/exceladvisor.org\/wp-content\/uploads\/2023\/08\/1-specifiez-le-classeur-que-vous-souhaitez-enregistrer.png\",\"datePublished\":\"2023-10-22T14:25:42+00:00\",\"dateModified\":\"2023-12-25T10:32:23+00:00\",\"breadcrumb\":{\"@id\":\"https:\/\/exceladvisor.org\/es\/guardar-libro-de-trabajo\/#breadcrumb\"},\"inLanguage\":\"es\",\"potentialAction\":[{\"@type\":\"ReadAction\",\"target\":[\"https:\/\/exceladvisor.org\/es\/guardar-libro-de-trabajo\/\"]}]},{\"@type\":\"ImageObject\",\"inLanguage\":\"es\",\"@id\":\"https:\/\/exceladvisor.org\/es\/guardar-libro-de-trabajo\/#primaryimage\",\"url\":\"https:\/\/exceladvisor.org\/wp-content\/uploads\/2023\/08\/1-specifiez-le-classeur-que-vous-souhaitez-enregistrer.png\",\"contentUrl\":\"https:\/\/exceladvisor.org\/wp-content\/uploads\/2023\/08\/1-specifiez-le-classeur-que-vous-souhaitez-enregistrer.png\"},{\"@type\":\"BreadcrumbList\",\"@id\":\"https:\/\/exceladvisor.org\/es\/guardar-libro-de-trabajo\/#breadcrumb\",\"itemListElement\":[{\"@type\":\"ListItem\",\"position\":1,\"name\":\"Hogar\",\"item\":\"https:\/\/exceladvisor.org\/es\/\"},{\"@type\":\"ListItem\",\"position\":2,\"name\":\"5 formas de guardar un libro en excel\"}]},{\"@type\":\"WebSite\",\"@id\":\"https:\/\/exceladvisor.org\/es\/#website\",\"url\":\"https:\/\/exceladvisor.org\/es\/\",\"name\":\"Excel Advisor\",\"description\":\"Su gu\u00eda para la dominaci\u00f3n de datos!\",\"publisher\":{\"@id\":\"https:\/\/exceladvisor.org\/es\/#organization\"},\"potentialAction\":[{\"@type\":\"SearchAction\",\"target\":{\"@type\":\"EntryPoint\",\"urlTemplate\":\"https:\/\/exceladvisor.org\/es\/?s={search_term_string}\"},\"query-input\":{\"@type\":\"PropertyValueSpecification\",\"valueRequired\":true,\"valueName\":\"search_term_string\"}}],\"inLanguage\":\"es\"},{\"@type\":\"Organization\",\"@id\":\"https:\/\/exceladvisor.org\/es\/#organization\",\"name\":\"Excel Advisor\",\"url\":\"https:\/\/exceladvisor.org\/es\/\",\"logo\":{\"@type\":\"ImageObject\",\"inLanguage\":\"es\",\"@id\":\"https:\/\/exceladvisor.org\/es\/#\/schema\/logo\/image\/\",\"url\":\"https:\/\/exceladvisor.org\/es\/wp-content\/uploads\/2023\/12\/exceladvisor.org_.png\",\"contentUrl\":\"https:\/\/exceladvisor.org\/es\/wp-content\/uploads\/2023\/12\/exceladvisor.org_.png\",\"width\":105,\"height\":36,\"caption\":\"Excel Advisor\"},\"image\":{\"@id\":\"https:\/\/exceladvisor.org\/es\/#\/schema\/logo\/image\/\"}}]}<\/script>\n<!-- \/ Yoast SEO plugin. -->","yoast_head_json":{"title":"5 formas de guardar un libro en excel","robots":{"index":"index","follow":"follow","max-snippet":"max-snippet:-1","max-image-preview":"max-image-preview:large","max-video-preview":"max-video-preview:-1"},"canonical":"https:\/\/exceladvisor.org\/es\/guardar-libro-de-trabajo\/","og_locale":"es_ES","og_type":"article","og_title":"5 formas de guardar un libro en excel","og_description":"Para guardar un libro de Excel usando VBA, debe usar el m\u00e9todo GUARDAR para escribir una macro. Y en esta macro debe especificar el libro que desea guardar y luego usar el m\u00e9todo GUARDAR. Cuando ejecuta este c\u00f3digo, funciona como el m\u00e9todo abreviado de teclado (Ctrl + S). Especifique el sombrero del libro que desea [&hellip;]","og_url":"https:\/\/exceladvisor.org\/es\/guardar-libro-de-trabajo\/","og_site_name":"Excel Advisor","article_modified_time":"2023-12-25T10:32:23+00:00","og_image":[{"url":"https:\/\/exceladvisor.org\/wp-content\/uploads\/2023\/08\/1-specifiez-le-classeur-que-vous-souhaitez-enregistrer.png","type":"","width":"","height":""}],"twitter_card":"summary_large_image","twitter_misc":{"Tiempo de lectura":"4 minutos"},"schema":{"@context":"https:\/\/schema.org","@graph":[{"@type":"WebPage","@id":"https:\/\/exceladvisor.org\/es\/guardar-libro-de-trabajo\/","url":"https:\/\/exceladvisor.org\/es\/guardar-libro-de-trabajo\/","name":"5 formas de guardar un libro en excel","isPartOf":{"@id":"https:\/\/exceladvisor.org\/es\/#website"},"primaryImageOfPage":{"@id":"https:\/\/exceladvisor.org\/es\/guardar-libro-de-trabajo\/#primaryimage"},"image":{"@id":"https:\/\/exceladvisor.org\/es\/guardar-libro-de-trabajo\/#primaryimage"},"thumbnailUrl":"https:\/\/exceladvisor.org\/wp-content\/uploads\/2023\/08\/1-specifiez-le-classeur-que-vous-souhaitez-enregistrer.png","datePublished":"2023-10-22T14:25:42+00:00","dateModified":"2023-12-25T10:32:23+00:00","breadcrumb":{"@id":"https:\/\/exceladvisor.org\/es\/guardar-libro-de-trabajo\/#breadcrumb"},"inLanguage":"es","potentialAction":[{"@type":"ReadAction","target":["https:\/\/exceladvisor.org\/es\/guardar-libro-de-trabajo\/"]}]},{"@type":"ImageObject","inLanguage":"es","@id":"https:\/\/exceladvisor.org\/es\/guardar-libro-de-trabajo\/#primaryimage","url":"https:\/\/exceladvisor.org\/wp-content\/uploads\/2023\/08\/1-specifiez-le-classeur-que-vous-souhaitez-enregistrer.png","contentUrl":"https:\/\/exceladvisor.org\/wp-content\/uploads\/2023\/08\/1-specifiez-le-classeur-que-vous-souhaitez-enregistrer.png"},{"@type":"BreadcrumbList","@id":"https:\/\/exceladvisor.org\/es\/guardar-libro-de-trabajo\/#breadcrumb","itemListElement":[{"@type":"ListItem","position":1,"name":"Hogar","item":"https:\/\/exceladvisor.org\/es\/"},{"@type":"ListItem","position":2,"name":"5 formas de guardar un libro en excel"}]},{"@type":"WebSite","@id":"https:\/\/exceladvisor.org\/es\/#website","url":"https:\/\/exceladvisor.org\/es\/","name":"Excel Advisor","description":"Su gu\u00eda para la dominaci\u00f3n de datos!","publisher":{"@id":"https:\/\/exceladvisor.org\/es\/#organization"},"potentialAction":[{"@type":"SearchAction","target":{"@type":"EntryPoint","urlTemplate":"https:\/\/exceladvisor.org\/es\/?s={search_term_string}"},"query-input":{"@type":"PropertyValueSpecification","valueRequired":true,"valueName":"search_term_string"}}],"inLanguage":"es"},{"@type":"Organization","@id":"https:\/\/exceladvisor.org\/es\/#organization","name":"Excel Advisor","url":"https:\/\/exceladvisor.org\/es\/","logo":{"@type":"ImageObject","inLanguage":"es","@id":"https:\/\/exceladvisor.org\/es\/#\/schema\/logo\/image\/","url":"https:\/\/exceladvisor.org\/es\/wp-content\/uploads\/2023\/12\/exceladvisor.org_.png","contentUrl":"https:\/\/exceladvisor.org\/es\/wp-content\/uploads\/2023\/12\/exceladvisor.org_.png","width":105,"height":36,"caption":"Excel Advisor"},"image":{"@id":"https:\/\/exceladvisor.org\/es\/#\/schema\/logo\/image\/"}}]}},"yoast_meta":{"yoast_wpseo_title":"","yoast_wpseo_metadesc":"","yoast_wpseo_canonical":""},"_links":{"self":[{"href":"https:\/\/exceladvisor.org\/es\/wp-json\/wp\/v2\/pages\/581","targetHints":{"allow":["GET"]}}],"collection":[{"href":"https:\/\/exceladvisor.org\/es\/wp-json\/wp\/v2\/pages"}],"about":[{"href":"https:\/\/exceladvisor.org\/es\/wp-json\/wp\/v2\/types\/page"}],"author":[{"embeddable":true,"href":"https:\/\/exceladvisor.org\/es\/wp-json\/wp\/v2\/users\/1"}],"replies":[{"embeddable":true,"href":"https:\/\/exceladvisor.org\/es\/wp-json\/wp\/v2\/comments?post=581"}],"version-history":[{"count":1,"href":"https:\/\/exceladvisor.org\/es\/wp-json\/wp\/v2\/pages\/581\/revisions"}],"predecessor-version":[{"id":1415,"href":"https:\/\/exceladvisor.org\/es\/wp-json\/wp\/v2\/pages\/581\/revisions\/1415"}],"wp:attachment":[{"href":"https:\/\/exceladvisor.org\/es\/wp-json\/wp\/v2\/media?parent=581"}],"curies":[{"name":"wp","href":"https:\/\/api.w.org\/{rel}","templated":true}]}}