{"id":585,"date":"2023-10-22T04:39:17","date_gmt":"2023-10-22T04:39:17","guid":{"rendered":"https:\/\/exceladvisor.org\/es\/domingo-anterior-2\/"},"modified":"2023-12-25T10:26:24","modified_gmt":"2023-12-25T10:26:24","slug":"domingo-anterior-2","status":"publish","type":"page","link":"https:\/\/exceladvisor.org\/es\/domingo-anterior-2\/","title":{"rendered":"\u00bfc\u00f3mo obtener la fecha del domingo anterior en excel?"},"content":{"rendered":"<div class=\"excel-antes-del-contenido\" id=\"excel-1352347498\"><script type=\"text\/javascript\">\r\n\tatOptions = {\r\n\t\t'key' : 'c1158f160081d6540a8409e6925dab94',\r\n\t\t'format' : 'iframe',\r\n\t\t'height' : 250,\r\n\t\t'width' : 300,\r\n\t\t'params' : {}\r\n\t};\r\n<\/script>\r\n<script type=\"text\/javascript\" src=\"\/\/www.highperformanceformat.com\/c1158f160081d6540a8409e6925dab94\/invoke.js\"><\/script><\/div><p>Si desea obtener la fecha del domingo anterior para una fecha particular en Excel, debe escribir una f\u00f3rmula usando la funci\u00f3n D\u00cdA SEMANAL de Excel. <\/p>\n<div class=\"wp-block-image\">\n<figure class=\"aligncenter size-full is-resized\"><img loading=\"lazy\" decoding=\"async\" class=\"wp-image-83667\" src=\"https:\/\/exceladvisor.org\/wp-content\/uploads\/2023\/08\/1-obtenir-le-dimanche-precedent.png\" sizes=\"auto, \" srcset=\"\" alt=\"obtener-domingo-anterior\" width=\"472\" height=\"320\"><\/figure>\n<\/div>\n<h2 class=\"wp-block-heading\"> F\u00f3rmula para conseguir el \u00faltimo domingo<\/h2>\n<p> A continuaci\u00f3n se detallan los pasos a seguir:<\/p>\n<ol type=\"1\">\n<li> Consulte la celda A1 donde tiene la fecha actual.<\/li>\n<li> Escriba el operador menos (-).<\/li>\n<li> Inserte la funci\u00f3n D\u00cdA SEMANAL; En el primer argumento (), consulte la celda A1.<\/li>\n<li> En el segundo argumento, ingrese (11) y presione Enter para obtener el resultado. <\/li>\n<\/ol>\n<div class=\"wp-block-image\">\n<figure class=\"aligncenter size-full is-resized\"><img loading=\"lazy\" decoding=\"async\" class=\"wp-image-83668\" src=\"https:\/\/exceladvisor.org\/wp-content\/uploads\/2023\/08\/2-formules-a-obtenir-dimanche-dernier.png\" sizes=\"auto, \" srcset=\"\" alt=\"formula-para-tomar-el-ultimo-domingo\" width=\"527\" height=\"351\"><\/figure>\n<\/div>\n<p> Una vez que presione Enter, devolver\u00e1 la fecha del \u00faltimo domingo de su fecha original en la celda A1. <\/p>\n<div class=\"wp-block-image\">\n<figure class=\"aligncenter size-full is-resized\"><img loading=\"lazy\" decoding=\"async\" class=\"wp-image-83669\" src=\"https:\/\/exceladvisor.org\/wp-content\/uploads\/2023\/08\/3-renvoie-la-date-du-dernier-dimanche.png\" sizes=\"auto, \" srcset=\"\" alt=\"regresar-la-fecha-del-pasado-domingo\" width=\"538\" height=\"363\"><\/figure>\n<\/div>\n<h3 class=\"wp-block-heading\"> \u00bfC\u00f3mo funciona esta f\u00f3rmula?<\/h3>\n<p> Para comprender esta f\u00f3rmula, primero debe comprender la funci\u00f3n D\u00cdA SEMANAL. Cuando haces referencia a una fecha en la funci\u00f3n D\u00cdA SEMANA, devuelve un n\u00famero entre 1 y 7 dependiendo del d\u00eda de la fecha y la estructura semanal que elijas. <\/p>\n<div class=\"wp-block-image\">\n<figure class=\"aligncenter size-full is-resized\"><img loading=\"lazy\" decoding=\"async\" class=\"wp-image-83670\" src=\"https:\/\/exceladvisor.org\/wp-content\/uploads\/2023\/08\/4-comprendre-la-fonction-des-jours-de-la-semaine.png\" sizes=\"auto, \" srcset=\"\" alt=\"entender-la-funci\u00f3n-de-d\u00eda-de-la-semana\" width=\"584\" height=\"119\"><\/figure>\n<\/div>\n<p> En el segundo argumento (tipo_retorno), debes especificar un n\u00famero que le indique a la funci\u00f3n que considere el primer d\u00eda de la semana. Y si seleccionas (2 u 11), comenzar\u00e1 la semana a partir del lunes.<\/p>\n<p> Por ejemplo: <strong>si el d\u00eda es mi\u00e9rcoles y la semana comienza en lunes, el n\u00famero de d\u00eda para la fecha ser\u00e1 3.<\/strong> A continuaci\u00f3n puede ver que tenemos 3 en el resultado. <\/p>\n<div class=\"wp-block-image\">\n<figure class=\"aligncenter size-full is-resized\"><img loading=\"lazy\" decoding=\"async\" class=\"wp-image-83671\" src=\"https:\/\/exceladvisor.org\/wp-content\/uploads\/2023\/08\/5-resultats-du-jour-de-la-semaine.png\" sizes=\"auto, \" srcset=\"\" alt=\"resultado del d\u00eda de la semana\" width=\"470\" height=\"203\"><\/figure>\n<\/div>\n<p> Y al final, cuando tienes 3 de WEEKDAY y lo descuentas de la fecha original, obtienes en el resultado la fecha del domingo anterior. <\/p>\n<div class=\"wp-block-image\">\n<figure class=\"aligncenter size-full is-resized\"><img loading=\"lazy\" decoding=\"async\" class=\"wp-image-83672\" src=\"https:\/\/exceladvisor.org\/wp-content\/uploads\/2023\/08\/6-date-du-dimanche-precedent.png\" sizes=\"auto, \" srcset=\"\" alt=\"fecha-domingo-anterior\" width=\"599\" height=\"195\"><\/figure>\n<\/div>\n<h3 class=\"wp-block-heading\"> Obtener otros d\u00edas anteriores<\/h3>\n<p> Tambi\u00e9n puedes conseguir otros d\u00edas anteriores si quieres. <\/p>\n<div class=\"wp-block-image\">\n<figure class=\"aligncenter size-full is-resized\"><img loading=\"lazy\" decoding=\"async\" class=\"wp-image-83674\" src=\"https:\/\/exceladvisor.org\/wp-content\/uploads\/2023\/08\/7-obtenir-dautres-jours-precedents.png\" sizes=\"auto, \" srcset=\"\" alt=\"obtener otros d\u00edas anteriores\" width=\"587\" height=\"320\"><\/figure>\n<\/div>\n<pre class=\"wp-block-code\"> <code class=\"language-excel-formula\" lang=\"excel-formula\">=date-WEEKDAY(date,11) =date-WEEKDAY(date,12) =date-WEEKDAY(date,13) =date -WEEKDAY(date,14) =date -WEEKDAY(date,15) =date -WEEKDAY(date,16) =date-WEEKDAY(date,17)<\/code><\/pre>\n<p> Debe ajustar el argumento [return_type] en la funci\u00f3n para cambiar el d\u00eda de inicio de la semana.<\/p>\n<h3 class=\"wp-block-heading\"> Aplicar formato de d\u00eda con fecha.<\/h3>\n<p> No obtendr\u00e1 el nombre del d\u00eda en una celda cuando obtenga una fecha en una celda. Pero puedes cambiar el formato para hacerlo r\u00e1pidamente.<\/p>\n<ol type=\"1\">\n<li> Seleccione la celda y abra la opci\u00f3n Formato de celdas (Ctrl+1).<\/li>\n<li> Haga clic en la categor\u00eda Personalizado y haga clic con la barra de entrada (Tipo).<\/li>\n<li> Ingrese (dd-mmm-aa, dd) y haga clic en Aceptar para aplicar. <\/li>\n<\/ol>\n<div class=\"wp-block-image\">\n<figure class=\"aligncenter size-full is-resized\"><img loading=\"lazy\" decoding=\"async\" class=\"wp-image-83675\" src=\"https:\/\/exceladvisor.org\/wp-content\/uploads\/2023\/08\/Formatage-8-jours-avec-date.png\" sizes=\"auto, \" srcset=\"\" alt=\"formato de d\u00eda con fecha\" width=\"589\" height=\"584\"><\/figure>\n<\/div>\n<h2 class=\"wp-block-heading\"> Segundo m\u00e9todo<\/h2>\n<p> Tambi\u00e9n puedes usar SELECCIONAR con D\u00cdA DE LA SEMANA para obtener el domingo anterior. <\/p>\n<div class=\"wp-block-image\">\n<figure class=\"aligncenter size-full is-resized\"><img loading=\"lazy\" decoding=\"async\" class=\"wp-image-83676\" src=\"https:\/\/exceladvisor.org\/wp-content\/uploads\/2023\/08\/Methode-en-9-secondes-pour-obtenir-le-dimanche-precedent.png\" sizes=\"auto, \" srcset=\"\" alt=\"segunda-forma-de-pasar-el-domingo\" width=\"569\" height=\"332\"><\/figure>\n<\/div>\n<pre class=\"wp-block-code\"> <code class=\"language-excel-formula\" lang=\"excel-formula\">=A1-CHOOSE(WEEKDAY(A1),0,1,2,3,4,5,6)<\/code><\/pre>\n<p> En esta f\u00f3rmula, usamos WEEKDAY sin especificar el argumento [return_type], toma el valor predeterminado y usa el domingo como el primer d\u00eda de la semana.<\/p>\n<p> Si tiene mi\u00e9rcoles, WEEKNUM devuelve 4 en el resultado y ELEGIR devuelve 3 en la lista de n\u00fameros. Y luego, al final, obtendr\u00e1s la fecha del domingo restando 3 d\u00edas de la fecha original.<\/p>\n<p> Nota: Lo mejor es utilizar el primer m\u00e9todo para obtener el domingo anterior o cualquier d\u00eda. <\/p>\n<div class=\"gb-container gb-container-52dfcee1 gb-container-sample-file\">\n<h2 class=\"gb-headline gb-headline-e289c143 gb-headline-text gb-headline-4f7959c2\"> Obtener el archivo Excel<\/h2>\n<p> <a class=\"gb-button gb-button-e88d6bee gb-button-text gb-button-button1\" href=\"https:\/\/exceladvisor.org\/es\/a\/\" rel=\"nofollow\">Descargar<\/a><\/p>\n<\/div>\n<div class=\"gb-container gb-container-0df56012 gb-container-mt\"> <a class=\"gb-button gb-button-f9f432f4 gb-button-text gb-button-mt-button\" href=\"https:\/\/exceladvisor.org\/es\/formulas\/\">Lista de f\u00f3rmulas de Excel<\/a><\/p>\n<h2 class=\"gb-headline gb-headline-233444e8 gb-headline-text gb-headline-mt-heading\"> F\u00f3rmulas relacionadas <\/h2>\n<div class=\"gb-grid-wrapper gb-grid-wrapper-a16fa65c gb-grid-wrapper-mt-grid\">\n<div class=\"gb-grid-column gb-grid-column-50d07e0d\">\n<div class=\"gb-container gb-container-50d07e0d\">\n<ul>\n<li> <a href=\"https:\/\/exceladvisor.org\/es\/agregar-la-fecha-de-la-semana\/\">Semana de suma y resta de una fecha en Excel<\/a><\/li>\n<li> <a href=\"https:\/\/exceladvisor.org\/es\/obtener-el-nombre-del-dia\/\">Obtener el nombre del d\u00eda a partir de una fecha en Excel<\/a><\/li>\n<li> <a href=\"https:\/\/exceladvisor.org\/es\/dias-del-mes\/\">Obtener el n\u00famero total de d\u00edas de meses en Excel<\/a><\/li>\n<li> <a href=\"https:\/\/exceladvisor.org\/es\/meses-dias-laborables\/\">D\u00edas laborables en un mes.<\/a><\/li>\n<li> <a href=\"https:\/\/exceladvisor.org\/es\/fecha-al-texto-2\/\">Convertir fecha a texto<\/a><\/li>\n<\/ul>\n<\/div>\n<\/div>\n<\/div>\n<\/div>\n","protected":false},"excerpt":{"rendered":"<p>Si desea obtener la fecha del domingo anterior para una fecha particular en Excel, debe escribir una f\u00f3rmula usando la funci\u00f3n D\u00cdA SEMANAL de Excel. F\u00f3rmula para conseguir el \u00faltimo domingo A continuaci\u00f3n se detallan los pasos a seguir: Consulte la celda A1 donde tiene la fecha actual. Escriba el operador menos (-). Inserte la [&hellip;]<\/p>\n","protected":false},"author":1,"featured_media":0,"parent":0,"menu_order":0,"comment_status":"open","ping_status":"closed","template":"","meta":{"ub_ctt_via":"","footnotes":""},"class_list":["post-585","page","type-page","status-publish","hentry"],"featured_image_src":null,"yoast_head":"<!-- This site is optimized with the Yoast SEO plugin v25.4 - https:\/\/yoast.com\/wordpress\/plugins\/seo\/ -->\n<title>\u00bfc\u00f3mo obtener la fecha del domingo anterior en excel?<\/title>\n<meta name=\"robots\" content=\"index, follow, max-snippet:-1, max-image-preview:large, max-video-preview:-1\" \/>\n<link rel=\"canonical\" href=\"https:\/\/exceladvisor.org\/es\/domingo-anterior-2\/\" \/>\n<meta property=\"og:locale\" content=\"es_ES\" \/>\n<meta property=\"og:type\" content=\"article\" \/>\n<meta property=\"og:title\" content=\"\u00bfc\u00f3mo obtener la fecha del domingo anterior en excel?\" \/>\n<meta property=\"og:description\" content=\"Si desea obtener la fecha del domingo anterior para una fecha particular en Excel, debe escribir una f\u00f3rmula usando la funci\u00f3n D\u00cdA SEMANAL de Excel. F\u00f3rmula para conseguir el \u00faltimo domingo A continuaci\u00f3n se detallan los pasos a seguir: Consulte la celda A1 donde tiene la fecha actual. Escriba el operador menos (-). Inserte la [&hellip;]\" \/>\n<meta property=\"og:url\" content=\"https:\/\/exceladvisor.org\/es\/domingo-anterior-2\/\" \/>\n<meta property=\"og:site_name\" content=\"Excel Advisor\" \/>\n<meta property=\"article:modified_time\" content=\"2023-12-25T10:26:24+00:00\" \/>\n<meta property=\"og:image\" content=\"https:\/\/exceladvisor.org\/wp-content\/uploads\/2023\/08\/1-obtenir-le-dimanche-precedent.png\" \/>\n<meta name=\"twitter:card\" content=\"summary_large_image\" \/>\n<meta name=\"twitter:label1\" content=\"Tiempo de lectura\" \/>\n\t<meta name=\"twitter:data1\" content=\"3 minutos\" \/>\n<script type=\"application\/ld+json\" class=\"yoast-schema-graph\">{\"@context\":\"https:\/\/schema.org\",\"@graph\":[{\"@type\":\"WebPage\",\"@id\":\"https:\/\/exceladvisor.org\/es\/domingo-anterior-2\/\",\"url\":\"https:\/\/exceladvisor.org\/es\/domingo-anterior-2\/\",\"name\":\"\u00bfc\u00f3mo obtener la fecha del domingo anterior en excel?\",\"isPartOf\":{\"@id\":\"https:\/\/exceladvisor.org\/es\/#website\"},\"primaryImageOfPage\":{\"@id\":\"https:\/\/exceladvisor.org\/es\/domingo-anterior-2\/#primaryimage\"},\"image\":{\"@id\":\"https:\/\/exceladvisor.org\/es\/domingo-anterior-2\/#primaryimage\"},\"thumbnailUrl\":\"https:\/\/exceladvisor.org\/wp-content\/uploads\/2023\/08\/1-obtenir-le-dimanche-precedent.png\",\"datePublished\":\"2023-10-22T04:39:17+00:00\",\"dateModified\":\"2023-12-25T10:26:24+00:00\",\"breadcrumb\":{\"@id\":\"https:\/\/exceladvisor.org\/es\/domingo-anterior-2\/#breadcrumb\"},\"inLanguage\":\"es\",\"potentialAction\":[{\"@type\":\"ReadAction\",\"target\":[\"https:\/\/exceladvisor.org\/es\/domingo-anterior-2\/\"]}]},{\"@type\":\"ImageObject\",\"inLanguage\":\"es\",\"@id\":\"https:\/\/exceladvisor.org\/es\/domingo-anterior-2\/#primaryimage\",\"url\":\"https:\/\/exceladvisor.org\/wp-content\/uploads\/2023\/08\/1-obtenir-le-dimanche-precedent.png\",\"contentUrl\":\"https:\/\/exceladvisor.org\/wp-content\/uploads\/2023\/08\/1-obtenir-le-dimanche-precedent.png\"},{\"@type\":\"BreadcrumbList\",\"@id\":\"https:\/\/exceladvisor.org\/es\/domingo-anterior-2\/#breadcrumb\",\"itemListElement\":[{\"@type\":\"ListItem\",\"position\":1,\"name\":\"Hogar\",\"item\":\"https:\/\/exceladvisor.org\/es\/\"},{\"@type\":\"ListItem\",\"position\":2,\"name\":\"\u00bfc\u00f3mo obtener la fecha del domingo anterior en excel?\"}]},{\"@type\":\"WebSite\",\"@id\":\"https:\/\/exceladvisor.org\/es\/#website\",\"url\":\"https:\/\/exceladvisor.org\/es\/\",\"name\":\"Excel Advisor\",\"description\":\"Su gu\u00eda para la dominaci\u00f3n de datos!\",\"publisher\":{\"@id\":\"https:\/\/exceladvisor.org\/es\/#organization\"},\"potentialAction\":[{\"@type\":\"SearchAction\",\"target\":{\"@type\":\"EntryPoint\",\"urlTemplate\":\"https:\/\/exceladvisor.org\/es\/?s={search_term_string}\"},\"query-input\":{\"@type\":\"PropertyValueSpecification\",\"valueRequired\":true,\"valueName\":\"search_term_string\"}}],\"inLanguage\":\"es\"},{\"@type\":\"Organization\",\"@id\":\"https:\/\/exceladvisor.org\/es\/#organization\",\"name\":\"Excel Advisor\",\"url\":\"https:\/\/exceladvisor.org\/es\/\",\"logo\":{\"@type\":\"ImageObject\",\"inLanguage\":\"es\",\"@id\":\"https:\/\/exceladvisor.org\/es\/#\/schema\/logo\/image\/\",\"url\":\"https:\/\/exceladvisor.org\/es\/wp-content\/uploads\/2023\/12\/exceladvisor.org_.png\",\"contentUrl\":\"https:\/\/exceladvisor.org\/es\/wp-content\/uploads\/2023\/12\/exceladvisor.org_.png\",\"width\":105,\"height\":36,\"caption\":\"Excel Advisor\"},\"image\":{\"@id\":\"https:\/\/exceladvisor.org\/es\/#\/schema\/logo\/image\/\"}}]}<\/script>\n<!-- \/ Yoast SEO plugin. -->","yoast_head_json":{"title":"\u00bfc\u00f3mo obtener la fecha del domingo anterior en excel?","robots":{"index":"index","follow":"follow","max-snippet":"max-snippet:-1","max-image-preview":"max-image-preview:large","max-video-preview":"max-video-preview:-1"},"canonical":"https:\/\/exceladvisor.org\/es\/domingo-anterior-2\/","og_locale":"es_ES","og_type":"article","og_title":"\u00bfc\u00f3mo obtener la fecha del domingo anterior en excel?","og_description":"Si desea obtener la fecha del domingo anterior para una fecha particular en Excel, debe escribir una f\u00f3rmula usando la funci\u00f3n D\u00cdA SEMANAL de Excel. F\u00f3rmula para conseguir el \u00faltimo domingo A continuaci\u00f3n se detallan los pasos a seguir: Consulte la celda A1 donde tiene la fecha actual. Escriba el operador menos (-). Inserte la [&hellip;]","og_url":"https:\/\/exceladvisor.org\/es\/domingo-anterior-2\/","og_site_name":"Excel Advisor","article_modified_time":"2023-12-25T10:26:24+00:00","og_image":[{"url":"https:\/\/exceladvisor.org\/wp-content\/uploads\/2023\/08\/1-obtenir-le-dimanche-precedent.png","type":"","width":"","height":""}],"twitter_card":"summary_large_image","twitter_misc":{"Tiempo de lectura":"3 minutos"},"schema":{"@context":"https:\/\/schema.org","@graph":[{"@type":"WebPage","@id":"https:\/\/exceladvisor.org\/es\/domingo-anterior-2\/","url":"https:\/\/exceladvisor.org\/es\/domingo-anterior-2\/","name":"\u00bfc\u00f3mo obtener la fecha del domingo anterior en excel?","isPartOf":{"@id":"https:\/\/exceladvisor.org\/es\/#website"},"primaryImageOfPage":{"@id":"https:\/\/exceladvisor.org\/es\/domingo-anterior-2\/#primaryimage"},"image":{"@id":"https:\/\/exceladvisor.org\/es\/domingo-anterior-2\/#primaryimage"},"thumbnailUrl":"https:\/\/exceladvisor.org\/wp-content\/uploads\/2023\/08\/1-obtenir-le-dimanche-precedent.png","datePublished":"2023-10-22T04:39:17+00:00","dateModified":"2023-12-25T10:26:24+00:00","breadcrumb":{"@id":"https:\/\/exceladvisor.org\/es\/domingo-anterior-2\/#breadcrumb"},"inLanguage":"es","potentialAction":[{"@type":"ReadAction","target":["https:\/\/exceladvisor.org\/es\/domingo-anterior-2\/"]}]},{"@type":"ImageObject","inLanguage":"es","@id":"https:\/\/exceladvisor.org\/es\/domingo-anterior-2\/#primaryimage","url":"https:\/\/exceladvisor.org\/wp-content\/uploads\/2023\/08\/1-obtenir-le-dimanche-precedent.png","contentUrl":"https:\/\/exceladvisor.org\/wp-content\/uploads\/2023\/08\/1-obtenir-le-dimanche-precedent.png"},{"@type":"BreadcrumbList","@id":"https:\/\/exceladvisor.org\/es\/domingo-anterior-2\/#breadcrumb","itemListElement":[{"@type":"ListItem","position":1,"name":"Hogar","item":"https:\/\/exceladvisor.org\/es\/"},{"@type":"ListItem","position":2,"name":"\u00bfc\u00f3mo obtener la fecha del domingo anterior en excel?"}]},{"@type":"WebSite","@id":"https:\/\/exceladvisor.org\/es\/#website","url":"https:\/\/exceladvisor.org\/es\/","name":"Excel Advisor","description":"Su gu\u00eda para la dominaci\u00f3n de datos!","publisher":{"@id":"https:\/\/exceladvisor.org\/es\/#organization"},"potentialAction":[{"@type":"SearchAction","target":{"@type":"EntryPoint","urlTemplate":"https:\/\/exceladvisor.org\/es\/?s={search_term_string}"},"query-input":{"@type":"PropertyValueSpecification","valueRequired":true,"valueName":"search_term_string"}}],"inLanguage":"es"},{"@type":"Organization","@id":"https:\/\/exceladvisor.org\/es\/#organization","name":"Excel Advisor","url":"https:\/\/exceladvisor.org\/es\/","logo":{"@type":"ImageObject","inLanguage":"es","@id":"https:\/\/exceladvisor.org\/es\/#\/schema\/logo\/image\/","url":"https:\/\/exceladvisor.org\/es\/wp-content\/uploads\/2023\/12\/exceladvisor.org_.png","contentUrl":"https:\/\/exceladvisor.org\/es\/wp-content\/uploads\/2023\/12\/exceladvisor.org_.png","width":105,"height":36,"caption":"Excel Advisor"},"image":{"@id":"https:\/\/exceladvisor.org\/es\/#\/schema\/logo\/image\/"}}]}},"yoast_meta":{"yoast_wpseo_title":"","yoast_wpseo_metadesc":"","yoast_wpseo_canonical":""},"_links":{"self":[{"href":"https:\/\/exceladvisor.org\/es\/wp-json\/wp\/v2\/pages\/585","targetHints":{"allow":["GET"]}}],"collection":[{"href":"https:\/\/exceladvisor.org\/es\/wp-json\/wp\/v2\/pages"}],"about":[{"href":"https:\/\/exceladvisor.org\/es\/wp-json\/wp\/v2\/types\/page"}],"author":[{"embeddable":true,"href":"https:\/\/exceladvisor.org\/es\/wp-json\/wp\/v2\/users\/1"}],"replies":[{"embeddable":true,"href":"https:\/\/exceladvisor.org\/es\/wp-json\/wp\/v2\/comments?post=585"}],"version-history":[{"count":1,"href":"https:\/\/exceladvisor.org\/es\/wp-json\/wp\/v2\/pages\/585\/revisions"}],"predecessor-version":[{"id":1138,"href":"https:\/\/exceladvisor.org\/es\/wp-json\/wp\/v2\/pages\/585\/revisions\/1138"}],"wp:attachment":[{"href":"https:\/\/exceladvisor.org\/es\/wp-json\/wp\/v2\/media?parent=585"}],"curies":[{"name":"wp","href":"https:\/\/api.w.org\/{rel}","templated":true}]}}