{"id":586,"date":"2023-10-22T04:31:54","date_gmt":"2023-10-22T04:31:54","guid":{"rendered":"https:\/\/exceladvisor.org\/es\/eliminar-el-ultimo-caracter-2\/"},"modified":"2023-12-25T10:24:55","modified_gmt":"2023-12-25T10:24:55","slug":"eliminar-el-ultimo-caracter-2","status":"publish","type":"page","link":"https:\/\/exceladvisor.org\/es\/eliminar-el-ultimo-caracter-2\/","title":{"rendered":"\u00bfc\u00f3mo eliminar el \u00faltimo car\u00e1cter de una cadena?"},"content":{"rendered":"<div class=\"excel-antes-del-contenido\" id=\"excel-1728484357\"><script type=\"text\/javascript\">\r\n\tatOptions = {\r\n\t\t'key' : 'c1158f160081d6540a8409e6925dab94',\r\n\t\t'format' : 'iframe',\r\n\t\t'height' : 250,\r\n\t\t'width' : 300,\r\n\t\t'params' : {}\r\n\t};\r\n<\/script>\r\n<script type=\"text\/javascript\" src=\"\/\/www.highperformanceformat.com\/c1158f160081d6540a8409e6925dab94\/invoke.js\"><\/script><\/div><p>En Excel, para eliminar el \u00faltimo car\u00e1cter de una cadena en una celda, debe crear una f\u00f3rmula combinando las funciones IZQUIERDA y LEN. Estas funciones le permiten eliminar el \u00faltimo car\u00e1cter (lado derecho) recort\u00e1ndolo al extraer la cadena. <\/p>\n<div class=\"wp-block-image\">\n<figure class=\"aligncenter size-full is-resized\"><img loading=\"lazy\" decoding=\"async\" class=\"wp-image-83682\" src=\"https:\/\/exceladvisor.org\/wp-content\/uploads\/2023\/08\/1-supprimer-le-dernier-caractere-dune-chaine.png\" sizes=\"auto, \" srcset=\"\" alt=\"eliminar el \u00faltimo car\u00e1cter de una cadena\" width=\"688\" height=\"358\"><\/figure>\n<\/div>\n<p> Utilice los pasos a continuaci\u00f3n para escribir esta f\u00f3rmula:<\/p>\n<ol type=\"1\">\n<li> Primero ingrese la funci\u00f3n IZQUIERDA en una celda y en el primer argumento haga referencia a la celda que contiene el texto original.<\/li>\n<li> Luego, en el segundo argumento de IZQUIERDA, ingrese la funci\u00f3n LEN.<\/li>\n<li> Despu\u00e9s de eso, en la funci\u00f3n LEN, consulte la celda A2, luego cierre la funci\u00f3n LEN con los par\u00e9ntesis de cierre.<\/li>\n<li> Al final, menos 1 de la funci\u00f3n LEN en [num_chars] y cierre la funci\u00f3n IZQUIERDA. <\/li>\n<\/ol>\n<div class=\"wp-block-image\">\n<figure class=\"aligncenter size-full is-resized\"><img loading=\"lazy\" decoding=\"async\" class=\"wp-image-83684\" src=\"https:\/\/exceladvisor.org\/wp-content\/uploads\/2023\/08\/2-a-gauche-et-len-pour-supprimer-le-dernier-caractere.png\" sizes=\"auto, \" srcset=\"\" alt=\"izquierda y len para eliminar el \u00faltimo car\u00e1cter\" width=\"597\" height=\"190\"><\/figure>\n<\/div>\n<p> Cuando presiona Enter, le proporciona una nueva cadena de la cadena original despu\u00e9s de eliminar el \u00faltimo car\u00e1cter.<\/p>\n<pre class=\"wp-block-code\"> <code class=\"language-excel-formula\" lang=\"excel-formula\">=LEFT(A1,LEN(A1)-1)<\/code><\/pre>\n<p> Tambi\u00e9n puede utilizar la funci\u00f3n RECORTAR para eliminar cualquier espacio no deseado que tenga antes y despu\u00e9s de la cadena. Nuestro ejemplo tiene un espacio entre los \u00abCampos\u00bb y el \u00ab1\u00bb. <\/p>\n<div class=\"wp-block-image\">\n<figure class=\"aligncenter size-full is-resized\"><img loading=\"lazy\" decoding=\"async\" class=\"wp-image-83685\" src=\"https:\/\/exceladvisor.org\/wp-content\/uploads\/2023\/08\/3-garnitures-pour-supprimer-lespace-indesirable.png\" sizes=\"auto, \" srcset=\"\" alt=\"cortar-para-eliminar-espacio-basura\" width=\"697\" height=\"340\"><\/figure>\n<\/div>\n<p> Y cuando eliminas el \u00faltimo car\u00e1cter, el espacio permanece con la cadena. Vea la instant\u00e1nea a continuaci\u00f3n. <\/p>\n<div class=\"wp-block-image\">\n<figure class=\"aligncenter size-full is-resized\"><img loading=\"lazy\" decoding=\"async\" class=\"wp-image-83686\" src=\"https:\/\/exceladvisor.org\/wp-content\/uploads\/2023\/08\/4-trim-avec-gauche-et-len.png\" sizes=\"auto, \" srcset=\"\" alt=\"recortar con izquierda y longitud\" width=\"651\" height=\"333\"><\/figure>\n<\/div>\n<p> Por eso es mejor usar TRIM con IZQUIERDA y LEN. <\/p>\n<div class=\"gb-container gb-container-52dfcee1 gb-container-sample-file\">\n<h2 class=\"gb-headline gb-headline-e289c143 gb-headline-text gb-headline-4f7959c2\"> Obtener el archivo Excel<\/h2>\n<p> <a class=\"gb-button gb-button-e88d6bee gb-button-text gb-button-button1\" href=\"https:\/\/exceladvisor.org\/es\/a\/\" rel=\"nofollow\">Descargar<\/a><\/p>\n<\/div>\n<div class=\"gb-container gb-container-4db6181c gb-container-mt\"> <a class=\"gb-button gb-button-c5897111 gb-button-text gb-button-mt-button\" href=\"https:\/\/exceladvisor.org\/es\/vba\/\">\u00bfQu\u00e9 es VBA?<\/a><\/p>\n<h2 class=\"gb-headline gb-headline-665e5f6b gb-headline-text gb-headline-mt-heading\"> Tutoriales relacionados <\/h2>\n<div class=\"gb-grid-wrapper gb-grid-wrapper-a20baf7c gb-grid-wrapper-mt-grid\">\n<div class=\"gb-grid-column gb-grid-column-65ddf67e\">\n<div class=\"gb-container gb-container-65ddf67e\">\n<ul>\n<li> Eliminar el primer car\u00e1cter de una celda en Excel<\/li>\n<li> <a href=\"https:\/\/exceladvisor.org\/es\/eliminar-espacios-adicionales\/\">Eliminar espacios adicionales en Excel<\/a><\/li>\n<li> <a href=\"https:\/\/exceladvisor.org\/es\/obtener-la-primera-ultima-palabra\/\">Separar nombres en Excel \u2013 (Nombre y apellido)<\/a><\/li>\n<li> <a href=\"https:\/\/exceladvisor.org\/es\/extraer-la-ultima-palabra-2\/\">Extraer la \u00faltima palabra de una celda.<\/a><\/li>\n<li> <a href=\"https:\/\/exceladvisor.org\/es\/eliminar-salto-de-linea-2\/\">Eliminar salto de l\u00ednea de una celda<\/a><\/li>\n<\/ul>\n<\/div>\n<\/div>\n<\/div>\n<\/div>\n","protected":false},"excerpt":{"rendered":"<p>En Excel, para eliminar el \u00faltimo car\u00e1cter de una cadena en una celda, debe crear una f\u00f3rmula combinando las funciones IZQUIERDA y LEN. Estas funciones le permiten eliminar el \u00faltimo car\u00e1cter (lado derecho) recort\u00e1ndolo al extraer la cadena. Utilice los pasos a continuaci\u00f3n para escribir esta f\u00f3rmula: Primero ingrese la funci\u00f3n IZQUIERDA en una celda [&hellip;]<\/p>\n","protected":false},"author":1,"featured_media":0,"parent":0,"menu_order":0,"comment_status":"open","ping_status":"closed","template":"","meta":{"ub_ctt_via":"","footnotes":""},"class_list":["post-586","page","type-page","status-publish","hentry"],"featured_image_src":null,"yoast_head":"<!-- This site is optimized with the Yoast SEO plugin v25.4 - https:\/\/yoast.com\/wordpress\/plugins\/seo\/ -->\n<title>\u00bfc\u00f3mo eliminar el \u00faltimo car\u00e1cter de una cadena?<\/title>\n<meta name=\"robots\" content=\"index, follow, max-snippet:-1, max-image-preview:large, max-video-preview:-1\" \/>\n<link rel=\"canonical\" href=\"https:\/\/exceladvisor.org\/es\/eliminar-el-ultimo-caracter-2\/\" \/>\n<meta property=\"og:locale\" content=\"es_ES\" \/>\n<meta property=\"og:type\" content=\"article\" \/>\n<meta property=\"og:title\" content=\"\u00bfc\u00f3mo eliminar el \u00faltimo car\u00e1cter de una cadena?\" \/>\n<meta property=\"og:description\" content=\"En Excel, para eliminar el \u00faltimo car\u00e1cter de una cadena en una celda, debe crear una f\u00f3rmula combinando las funciones IZQUIERDA y LEN. Estas funciones le permiten eliminar el \u00faltimo car\u00e1cter (lado derecho) recort\u00e1ndolo al extraer la cadena. Utilice los pasos a continuaci\u00f3n para escribir esta f\u00f3rmula: Primero ingrese la funci\u00f3n IZQUIERDA en una celda [&hellip;]\" \/>\n<meta property=\"og:url\" content=\"https:\/\/exceladvisor.org\/es\/eliminar-el-ultimo-caracter-2\/\" \/>\n<meta property=\"og:site_name\" content=\"Excel Advisor\" \/>\n<meta property=\"article:modified_time\" content=\"2023-12-25T10:24:55+00:00\" \/>\n<meta property=\"og:image\" content=\"https:\/\/exceladvisor.org\/wp-content\/uploads\/2023\/08\/1-supprimer-le-dernier-caractere-dune-chaine.png\" \/>\n<meta name=\"twitter:card\" content=\"summary_large_image\" \/>\n<meta name=\"twitter:label1\" content=\"Tiempo de lectura\" \/>\n\t<meta name=\"twitter:data1\" content=\"1 minuto\" \/>\n<script type=\"application\/ld+json\" class=\"yoast-schema-graph\">{\"@context\":\"https:\/\/schema.org\",\"@graph\":[{\"@type\":\"WebPage\",\"@id\":\"https:\/\/exceladvisor.org\/es\/eliminar-el-ultimo-caracter-2\/\",\"url\":\"https:\/\/exceladvisor.org\/es\/eliminar-el-ultimo-caracter-2\/\",\"name\":\"\u00bfc\u00f3mo eliminar el \u00faltimo car\u00e1cter de una cadena?\",\"isPartOf\":{\"@id\":\"https:\/\/exceladvisor.org\/es\/#website\"},\"primaryImageOfPage\":{\"@id\":\"https:\/\/exceladvisor.org\/es\/eliminar-el-ultimo-caracter-2\/#primaryimage\"},\"image\":{\"@id\":\"https:\/\/exceladvisor.org\/es\/eliminar-el-ultimo-caracter-2\/#primaryimage\"},\"thumbnailUrl\":\"https:\/\/exceladvisor.org\/wp-content\/uploads\/2023\/08\/1-supprimer-le-dernier-caractere-dune-chaine.png\",\"datePublished\":\"2023-10-22T04:31:54+00:00\",\"dateModified\":\"2023-12-25T10:24:55+00:00\",\"breadcrumb\":{\"@id\":\"https:\/\/exceladvisor.org\/es\/eliminar-el-ultimo-caracter-2\/#breadcrumb\"},\"inLanguage\":\"es\",\"potentialAction\":[{\"@type\":\"ReadAction\",\"target\":[\"https:\/\/exceladvisor.org\/es\/eliminar-el-ultimo-caracter-2\/\"]}]},{\"@type\":\"ImageObject\",\"inLanguage\":\"es\",\"@id\":\"https:\/\/exceladvisor.org\/es\/eliminar-el-ultimo-caracter-2\/#primaryimage\",\"url\":\"https:\/\/exceladvisor.org\/wp-content\/uploads\/2023\/08\/1-supprimer-le-dernier-caractere-dune-chaine.png\",\"contentUrl\":\"https:\/\/exceladvisor.org\/wp-content\/uploads\/2023\/08\/1-supprimer-le-dernier-caractere-dune-chaine.png\"},{\"@type\":\"BreadcrumbList\",\"@id\":\"https:\/\/exceladvisor.org\/es\/eliminar-el-ultimo-caracter-2\/#breadcrumb\",\"itemListElement\":[{\"@type\":\"ListItem\",\"position\":1,\"name\":\"Hogar\",\"item\":\"https:\/\/exceladvisor.org\/es\/\"},{\"@type\":\"ListItem\",\"position\":2,\"name\":\"\u00bfc\u00f3mo eliminar el \u00faltimo car\u00e1cter de una cadena?\"}]},{\"@type\":\"WebSite\",\"@id\":\"https:\/\/exceladvisor.org\/es\/#website\",\"url\":\"https:\/\/exceladvisor.org\/es\/\",\"name\":\"Excel Advisor\",\"description\":\"Su gu\u00eda para la dominaci\u00f3n de datos!\",\"publisher\":{\"@id\":\"https:\/\/exceladvisor.org\/es\/#organization\"},\"potentialAction\":[{\"@type\":\"SearchAction\",\"target\":{\"@type\":\"EntryPoint\",\"urlTemplate\":\"https:\/\/exceladvisor.org\/es\/?s={search_term_string}\"},\"query-input\":{\"@type\":\"PropertyValueSpecification\",\"valueRequired\":true,\"valueName\":\"search_term_string\"}}],\"inLanguage\":\"es\"},{\"@type\":\"Organization\",\"@id\":\"https:\/\/exceladvisor.org\/es\/#organization\",\"name\":\"Excel Advisor\",\"url\":\"https:\/\/exceladvisor.org\/es\/\",\"logo\":{\"@type\":\"ImageObject\",\"inLanguage\":\"es\",\"@id\":\"https:\/\/exceladvisor.org\/es\/#\/schema\/logo\/image\/\",\"url\":\"https:\/\/exceladvisor.org\/es\/wp-content\/uploads\/2023\/12\/exceladvisor.org_.png\",\"contentUrl\":\"https:\/\/exceladvisor.org\/es\/wp-content\/uploads\/2023\/12\/exceladvisor.org_.png\",\"width\":105,\"height\":36,\"caption\":\"Excel Advisor\"},\"image\":{\"@id\":\"https:\/\/exceladvisor.org\/es\/#\/schema\/logo\/image\/\"}}]}<\/script>\n<!-- \/ Yoast SEO plugin. -->","yoast_head_json":{"title":"\u00bfc\u00f3mo eliminar el \u00faltimo car\u00e1cter de una cadena?","robots":{"index":"index","follow":"follow","max-snippet":"max-snippet:-1","max-image-preview":"max-image-preview:large","max-video-preview":"max-video-preview:-1"},"canonical":"https:\/\/exceladvisor.org\/es\/eliminar-el-ultimo-caracter-2\/","og_locale":"es_ES","og_type":"article","og_title":"\u00bfc\u00f3mo eliminar el \u00faltimo car\u00e1cter de una cadena?","og_description":"En Excel, para eliminar el \u00faltimo car\u00e1cter de una cadena en una celda, debe crear una f\u00f3rmula combinando las funciones IZQUIERDA y LEN. Estas funciones le permiten eliminar el \u00faltimo car\u00e1cter (lado derecho) recort\u00e1ndolo al extraer la cadena. Utilice los pasos a continuaci\u00f3n para escribir esta f\u00f3rmula: Primero ingrese la funci\u00f3n IZQUIERDA en una celda [&hellip;]","og_url":"https:\/\/exceladvisor.org\/es\/eliminar-el-ultimo-caracter-2\/","og_site_name":"Excel Advisor","article_modified_time":"2023-12-25T10:24:55+00:00","og_image":[{"url":"https:\/\/exceladvisor.org\/wp-content\/uploads\/2023\/08\/1-supprimer-le-dernier-caractere-dune-chaine.png","type":"","width":"","height":""}],"twitter_card":"summary_large_image","twitter_misc":{"Tiempo de lectura":"1 minuto"},"schema":{"@context":"https:\/\/schema.org","@graph":[{"@type":"WebPage","@id":"https:\/\/exceladvisor.org\/es\/eliminar-el-ultimo-caracter-2\/","url":"https:\/\/exceladvisor.org\/es\/eliminar-el-ultimo-caracter-2\/","name":"\u00bfc\u00f3mo eliminar el \u00faltimo car\u00e1cter de una cadena?","isPartOf":{"@id":"https:\/\/exceladvisor.org\/es\/#website"},"primaryImageOfPage":{"@id":"https:\/\/exceladvisor.org\/es\/eliminar-el-ultimo-caracter-2\/#primaryimage"},"image":{"@id":"https:\/\/exceladvisor.org\/es\/eliminar-el-ultimo-caracter-2\/#primaryimage"},"thumbnailUrl":"https:\/\/exceladvisor.org\/wp-content\/uploads\/2023\/08\/1-supprimer-le-dernier-caractere-dune-chaine.png","datePublished":"2023-10-22T04:31:54+00:00","dateModified":"2023-12-25T10:24:55+00:00","breadcrumb":{"@id":"https:\/\/exceladvisor.org\/es\/eliminar-el-ultimo-caracter-2\/#breadcrumb"},"inLanguage":"es","potentialAction":[{"@type":"ReadAction","target":["https:\/\/exceladvisor.org\/es\/eliminar-el-ultimo-caracter-2\/"]}]},{"@type":"ImageObject","inLanguage":"es","@id":"https:\/\/exceladvisor.org\/es\/eliminar-el-ultimo-caracter-2\/#primaryimage","url":"https:\/\/exceladvisor.org\/wp-content\/uploads\/2023\/08\/1-supprimer-le-dernier-caractere-dune-chaine.png","contentUrl":"https:\/\/exceladvisor.org\/wp-content\/uploads\/2023\/08\/1-supprimer-le-dernier-caractere-dune-chaine.png"},{"@type":"BreadcrumbList","@id":"https:\/\/exceladvisor.org\/es\/eliminar-el-ultimo-caracter-2\/#breadcrumb","itemListElement":[{"@type":"ListItem","position":1,"name":"Hogar","item":"https:\/\/exceladvisor.org\/es\/"},{"@type":"ListItem","position":2,"name":"\u00bfc\u00f3mo eliminar el \u00faltimo car\u00e1cter de una cadena?"}]},{"@type":"WebSite","@id":"https:\/\/exceladvisor.org\/es\/#website","url":"https:\/\/exceladvisor.org\/es\/","name":"Excel Advisor","description":"Su gu\u00eda para la dominaci\u00f3n de datos!","publisher":{"@id":"https:\/\/exceladvisor.org\/es\/#organization"},"potentialAction":[{"@type":"SearchAction","target":{"@type":"EntryPoint","urlTemplate":"https:\/\/exceladvisor.org\/es\/?s={search_term_string}"},"query-input":{"@type":"PropertyValueSpecification","valueRequired":true,"valueName":"search_term_string"}}],"inLanguage":"es"},{"@type":"Organization","@id":"https:\/\/exceladvisor.org\/es\/#organization","name":"Excel Advisor","url":"https:\/\/exceladvisor.org\/es\/","logo":{"@type":"ImageObject","inLanguage":"es","@id":"https:\/\/exceladvisor.org\/es\/#\/schema\/logo\/image\/","url":"https:\/\/exceladvisor.org\/es\/wp-content\/uploads\/2023\/12\/exceladvisor.org_.png","contentUrl":"https:\/\/exceladvisor.org\/es\/wp-content\/uploads\/2023\/12\/exceladvisor.org_.png","width":105,"height":36,"caption":"Excel Advisor"},"image":{"@id":"https:\/\/exceladvisor.org\/es\/#\/schema\/logo\/image\/"}}]}},"yoast_meta":{"yoast_wpseo_title":"","yoast_wpseo_metadesc":"","yoast_wpseo_canonical":""},"_links":{"self":[{"href":"https:\/\/exceladvisor.org\/es\/wp-json\/wp\/v2\/pages\/586","targetHints":{"allow":["GET"]}}],"collection":[{"href":"https:\/\/exceladvisor.org\/es\/wp-json\/wp\/v2\/pages"}],"about":[{"href":"https:\/\/exceladvisor.org\/es\/wp-json\/wp\/v2\/types\/page"}],"author":[{"embeddable":true,"href":"https:\/\/exceladvisor.org\/es\/wp-json\/wp\/v2\/users\/1"}],"replies":[{"embeddable":true,"href":"https:\/\/exceladvisor.org\/es\/wp-json\/wp\/v2\/comments?post=586"}],"version-history":[{"count":1,"href":"https:\/\/exceladvisor.org\/es\/wp-json\/wp\/v2\/pages\/586\/revisions"}],"predecessor-version":[{"id":976,"href":"https:\/\/exceladvisor.org\/es\/wp-json\/wp\/v2\/pages\/586\/revisions\/976"}],"wp:attachment":[{"href":"https:\/\/exceladvisor.org\/es\/wp-json\/wp\/v2\/media?parent=586"}],"curies":[{"name":"wp","href":"https:\/\/api.w.org\/{rel}","templated":true}]}}