{"id":588,"date":"2023-10-21T13:57:49","date_gmt":"2023-10-21T13:57:49","guid":{"rendered":"https:\/\/exceladvisor.org\/es\/fuente-de-caracteres\/"},"modified":"2023-12-25T10:26:48","modified_gmt":"2023-12-25T10:26:48","slug":"fuente-de-caracteres","status":"publish","type":"page","link":"https:\/\/exceladvisor.org\/es\/fuente-de-caracteres\/","title":{"rendered":"\u00bfc\u00f3mo realizar cambios en la fuente usando vba?"},"content":{"rendered":"<div class=\"excel-antes-del-contenido\" id=\"excel-4228581653\"><script type=\"text\/javascript\">\r\n\tatOptions = {\r\n\t\t'key' : 'c1158f160081d6540a8409e6925dab94',\r\n\t\t'format' : 'iframe',\r\n\t\t'height' : 250,\r\n\t\t'width' : 300,\r\n\t\t'params' : {}\r\n\t};\r\n<\/script>\r\n<script type=\"text\/javascript\" src=\"\/\/www.highperformanceformat.com\/c1158f160081d6540a8409e6925dab94\/invoke.js\"><\/script><\/div><h2 class=\"wp-block-heading\">Notas clave<\/h2>\n<ul>\n<li> Para realizar cambios en una fuente, debe utilizar el objeto Fuente VBA.<\/li>\n<li> Hay un total de 18 propiedades con el objeto de fuente a las que puede acceder y realizar cambios.<\/li>\n<\/ul>\n<h2 class=\"wp-block-heading\"> Objeto de fuente VBA<\/h2>\n<p> En VBA, hay un objeto de fuente que puede usar para cambiar las propiedades de la fuente desde una celda, como el color de la fuente, el tama\u00f1o de la fuente, el tipo de fuente, y tambi\u00e9n puede aplicar negrita y cursiva a la fuente.<\/p>\n<h3 class=\"wp-block-heading\"> Sintaxis<\/h3>\n<pre class=\"wp-block-code\"> <code class=\"language-visual-basic\" lang=\"visual-basic\">expression.font<\/code><\/pre>\n<p> Para usarlo, primero debe configurar la direcci\u00f3n de la celda, que puede especificar de las siguientes maneras.<\/p>\n<pre class=\"wp-block-code\"> <code class=\"language-visual-basic\" lang=\"visual-basic\">Selection.Font Range(\"A1\").Font Cells(1, 1).Font Range(\"A1:A5\").Font<\/code><\/pre>\n<h2 class=\"wp-block-heading\"> Color de fuente VBA<\/h2>\n<p> Para cambiar el color de la fuente, tienes dos formas diferentes:<\/p>\n<h3 class=\"wp-block-heading\"> 1. Usar constantes de color<\/h3>\n<p> Excel tiene algunas constantes de color que puedes usar para aplicar un color a la fuente. Por ejemplo, si desea aplicar el color rojo a la fuente en la celda A1, el c\u00f3digo ser\u00eda el siguiente: <\/p>\n<pre class=\"wp-block-code\"> <code class=\"language-visual-basic\" lang=\"visual-basic\">Range(\"A1\").Font.Color = vbRed<\/code><\/pre>\n<div class=\"wp-block-image\">\n<figure class=\"aligncenter size-large is-resized\"><img loading=\"lazy\" decoding=\"async\" class=\"wp-image-50948\" src=\"https:\/\/exceladvisor.org\/wp-content\/uploads\/2023\/08\/1-en-utilisant-des-constantes-de-couleur.png\" sizes=\"auto, \" srcset=\"\" alt=\"usar constantes de color\" width=\"317\" height=\"157\"><\/figure>\n<\/div>\n<p> En el c\u00f3digo anterior, despu\u00e9s del objeto de fuente, el color es la propiedad y ha utilizado la constante vbRed que le indica a VBA que aplique color rojo a la celda A1. Hay un total de ocho constantes que puedes utilizar:<\/p>\n<ol type=\"1\">\n<li> vbNegro: Negro<\/li>\n<li> vbRojo: Rojo<\/li>\n<li> vbVerde: Verde<\/li>\n<li> vbAmarillo: Amarillo<\/li>\n<li> vbAzul: Azul<\/li>\n<li> vbMagenta: Magenta<\/li>\n<li> vbCian: cian<\/li>\n<li> vbBlanco: Blanco<\/li>\n<\/ol>\n<h3 class=\"wp-block-heading\"> 2. Usando RGB<\/h3>\n<p> Tambi\u00e9n puedes utilizar la codificaci\u00f3n de colores RGB para aplicar un color a la fuente. RGB es la combinaci\u00f3n de colores de rojo, verde y azul, donde puedes crear un color personalizado usando c\u00f3digo. Digamos que si quisieras aplicar una combinaci\u00f3n de colores verde y azul a la celda A1, el c\u00f3digo ser\u00eda: <\/p>\n<pre class=\"wp-block-code\"> <code class=\"language-visual-basic\" lang=\"visual-basic\">Range(\"A1\").Font.Color = RGB(0, 255, 255)<\/code><\/pre>\n<div class=\"wp-block-image\">\n<figure class=\"aligncenter size-large is-resized\"><img loading=\"lazy\" decoding=\"async\" class=\"wp-image-50949\" src=\"https:\/\/exceladvisor.org\/wp-content\/uploads\/2023\/08\/2-en-utilisant-RVB.png\" sizes=\"auto, \" srcset=\"\" alt=\"usando-rgb\" width=\"462\" height=\"174\"><\/figure>\n<\/div>\n<h2 class=\"wp-block-heading\"> Tama\u00f1o de fuente VBA<\/h2>\n<p> El objeto Fuente tambi\u00e9n le da acceso a la propiedad de tama\u00f1o de fuente. Digamos que desea aplicar el tama\u00f1o de fuente 16 a la fuente en la celda A1, el c\u00f3digo ser\u00eda: <\/p>\n<pre class=\"wp-block-code\"> <code class=\"language-visual-basic\" lang=\"visual-basic\">Range(\"A1\").Font.Size = 16<\/code><\/pre>\n<div class=\"wp-block-image\">\n<figure class=\"aligncenter size-large is-resized\"><img loading=\"lazy\" decoding=\"async\" class=\"wp-image-50950\" src=\"https:\/\/exceladvisor.org\/wp-content\/uploads\/2023\/08\/3-taille-de-police-vba.png\" sizes=\"auto, \" srcset=\"\" alt=\"tama\u00f1o de fuente vba\" width=\"363\" height=\"161\"><\/figure>\n<\/div>\n<p> Si desea aplicar el tama\u00f1o de fuente a todas las celdas de una hoja de trabajo, puede utilizar el siguiente c\u00f3digo:<\/p>\n<pre class=\"wp-block-code\"> <code class=\"language-visual-basic\" lang=\"visual-basic\">Cells.Font.Size = 16<\/code><\/pre>\n<p> Y si solo quieres aplicar el tama\u00f1o de fuente a las celdas donde tienes datos, el c\u00f3digo ser\u00eda:<\/p>\n<pre class=\"wp-block-code\"> <code class=\"language-visual-basic\" lang=\"visual-basic\">ActiveSheet.UsedRange.Font.Size = 16<\/code><\/pre>\n<p> O a la celda seleccionada.<\/p>\n<pre class=\"wp-block-code\"> <code class=\"language-visual-basic\" lang=\"visual-basic\">Selection.Font.Size = 16<\/code><\/pre>\n<h2 class=\"wp-block-heading\"> Nombre de fuente VBA<\/h2>\n<p> De manera similar, tambi\u00e9n puede cambiar el nombre de la fuente usando la propiedad de nombre del objeto de fuente. Digamos <a href=\"https:\/\/exceladvisor.org\/es\/mejores-fuentes\/\">que deseas aplicar la fuente \u00abConsolas\u00bb<\/a> a la celda A1. El c\u00f3digo ser\u00eda: <\/p>\n<pre class=\"wp-block-code\"> <code class=\"language-visual-basic\" lang=\"visual-basic\">Range(\"A1\").Font.Name = \"Consolas\"<\/code><\/pre>\n<div class=\"wp-block-image\">\n<figure class=\"aligncenter size-large is-resized\"><img loading=\"lazy\" decoding=\"async\" class=\"wp-image-50951\" src=\"https:\/\/exceladvisor.org\/wp-content\/uploads\/2023\/08\/4-nom-de-police-vba.png\" sizes=\"auto, \" srcset=\"\" alt=\"nombre-fuente-vba\" width=\"344\" height=\"144\"><\/figure>\n<\/div>\n<p> Al utilizar esta propiedad, debes escribir el nombre correcto de la fuente que deseas aplicar, y si el nombre es incorrecto, no te mostrar\u00e1 un error.<\/p>\n<h2 class=\"wp-block-heading\"> Fuente VBA en negrita, cursiva y subrayada<\/h2>\n<p> Tambi\u00e9n hay propiedades que puede utilizar para poner la fuente en negrita, cursiva y subrayada. A continuaci\u00f3n se muestran los c\u00f3digos que debe escribir para esto. <\/p>\n<pre class=\"wp-block-code\"> <code class=\"language-visual-basic\" lang=\"visual-basic\">Range(\"A1\").Font.Bold = True Range(\"A1\").Font.Italic = True Range(\"A1\").Font.Underline = True<\/code><\/pre>\n<div class=\"wp-block-image\">\n<figure class=\"aligncenter size-large is-resized\"><img loading=\"lazy\" decoding=\"async\" class=\"wp-image-50952\" src=\"https:\/\/exceladvisor.org\/wp-content\/uploads\/2023\/08\/5-police-vba-gras-italique-souligne.png\" sizes=\"auto, \" srcset=\"\" alt=\"vba-bold-fuente-cursiva-subrayado\" width=\"327\" height=\"163\"><\/figure>\n<\/div>\n<p> Con estas propiedades, debes establecer VERDADERO o FALSO. Entonces, si la fuente ya est\u00e1 en negrita o cursiva y desea eliminarla, debe usar FALSO para eliminarla.<\/p>\n<h2 class=\"wp-block-heading\"> Otras propiedades de fuente \u00fatiles<\/h2>\n<p> Agregue aqu\u00ed algunas propiedades adicionales que puedan resultarle \u00fatiles ( <a href=\"https:\/\/exceladvisor.org\/es\/vara\/\">Tachado<\/a> , <a href=\"https:\/\/exceladvisor.org\/es\/indice-2\/\">Sub\u00edndice<\/a> y <a href=\"https:\/\/exceladvisor.org\/es\/exponente\/\">Super\u00edndice<\/a> ).<\/p>\n<pre class=\"wp-block-code\"> <code class=\"language-visual-basic\" lang=\"visual-basic\">Range(\"A1\").Font.Strikethrough = True Range(\"A1\").Font.Subscript = True Range(\"A1\").Font.Superscript = True<\/code><\/pre>\n<div class=\"gb-container gb-container-4db6181c gb-container-mt\"> <a class=\"gb-button gb-button-c5897111 gb-button-text gb-button-mt-button\" href=\"https:\/\/exceladvisor.org\/es\/vba\/\">\u00bfQu\u00e9 es VBA?<\/a><\/p>\n<h2 class=\"gb-headline gb-headline-665e5f6b gb-headline-text gb-headline-mt-heading\"> Tutoriales relacionados <\/h2>\n<div class=\"gb-grid-wrapper gb-grid-wrapper-a20baf7c gb-grid-wrapper-mt-grid\">\n<div class=\"gb-grid-column gb-grid-column-65ddf67e\">\n<div class=\"gb-container gb-container-65ddf67e\">\n<ul>\n<li> <a href=\"https:\/\/exceladvisor.org\/es\/numero-de-lineas\/\">Contar filas usando VBA en Excel<\/a><\/li>\n<li> <a href=\"https:\/\/exceladvisor.org\/es\/ocultar-mostrar-fila-de-columna\/\">Excel VBA Ocultar y mostrar una columna o fila<\/a><\/li>\n<li> <a href=\"https:\/\/exceladvisor.org\/es\/rango-1\/\">Rango de Excel VBA: trabajar con rango y celdas<\/a><\/li>\n<li> <a href=\"https:\/\/exceladvisor.org\/es\/fronteras\/\">Aplicar bordes a una celda usando VBA en Excel<\/a><\/li>\n<li> <a href=\"https:\/\/exceladvisor.org\/es\/encontrar-la-celda-de-la-columna-de-la-ultima-fila\/\">Encuentre la \u00faltima fila, columna y celda usando VBA en Excel<\/a><\/li>\n<\/ul>\n<\/div>\n<\/div>\n<\/div>\n<\/div>\n","protected":false},"excerpt":{"rendered":"<p>Notas clave Para realizar cambios en una fuente, debe utilizar el objeto Fuente VBA. Hay un total de 18 propiedades con el objeto de fuente a las que puede acceder y realizar cambios. Objeto de fuente VBA En VBA, hay un objeto de fuente que puede usar para cambiar las propiedades de la fuente desde [&hellip;]<\/p>\n","protected":false},"author":1,"featured_media":0,"parent":0,"menu_order":0,"comment_status":"open","ping_status":"closed","template":"","meta":{"ub_ctt_via":"","footnotes":""},"class_list":["post-588","page","type-page","status-publish","hentry"],"featured_image_src":null,"yoast_head":"<!-- This site is optimized with the Yoast SEO plugin v25.4 - https:\/\/yoast.com\/wordpress\/plugins\/seo\/ -->\n<title>\u00bfc\u00f3mo realizar cambios en la fuente usando vba?<\/title>\n<meta name=\"robots\" content=\"index, follow, max-snippet:-1, max-image-preview:large, max-video-preview:-1\" \/>\n<link rel=\"canonical\" href=\"https:\/\/exceladvisor.org\/es\/fuente-de-caracteres\/\" \/>\n<meta property=\"og:locale\" content=\"es_ES\" \/>\n<meta property=\"og:type\" content=\"article\" \/>\n<meta property=\"og:title\" content=\"\u00bfc\u00f3mo realizar cambios en la fuente usando vba?\" \/>\n<meta property=\"og:description\" content=\"Notas clave Para realizar cambios en una fuente, debe utilizar el objeto Fuente VBA. Hay un total de 18 propiedades con el objeto de fuente a las que puede acceder y realizar cambios. Objeto de fuente VBA En VBA, hay un objeto de fuente que puede usar para cambiar las propiedades de la fuente desde [&hellip;]\" \/>\n<meta property=\"og:url\" content=\"https:\/\/exceladvisor.org\/es\/fuente-de-caracteres\/\" \/>\n<meta property=\"og:site_name\" content=\"Excel Advisor\" \/>\n<meta property=\"article:modified_time\" content=\"2023-12-25T10:26:48+00:00\" \/>\n<meta property=\"og:image\" content=\"https:\/\/exceladvisor.org\/wp-content\/uploads\/2023\/08\/1-en-utilisant-des-constantes-de-couleur.png\" \/>\n<meta name=\"twitter:card\" content=\"summary_large_image\" \/>\n<meta name=\"twitter:label1\" content=\"Tiempo de lectura\" \/>\n\t<meta name=\"twitter:data1\" content=\"3 minutos\" \/>\n<script type=\"application\/ld+json\" class=\"yoast-schema-graph\">{\"@context\":\"https:\/\/schema.org\",\"@graph\":[{\"@type\":\"WebPage\",\"@id\":\"https:\/\/exceladvisor.org\/es\/fuente-de-caracteres\/\",\"url\":\"https:\/\/exceladvisor.org\/es\/fuente-de-caracteres\/\",\"name\":\"\u00bfc\u00f3mo realizar cambios en la fuente usando vba?\",\"isPartOf\":{\"@id\":\"https:\/\/exceladvisor.org\/es\/#website\"},\"primaryImageOfPage\":{\"@id\":\"https:\/\/exceladvisor.org\/es\/fuente-de-caracteres\/#primaryimage\"},\"image\":{\"@id\":\"https:\/\/exceladvisor.org\/es\/fuente-de-caracteres\/#primaryimage\"},\"thumbnailUrl\":\"https:\/\/exceladvisor.org\/wp-content\/uploads\/2023\/08\/1-en-utilisant-des-constantes-de-couleur.png\",\"datePublished\":\"2023-10-21T13:57:49+00:00\",\"dateModified\":\"2023-12-25T10:26:48+00:00\",\"breadcrumb\":{\"@id\":\"https:\/\/exceladvisor.org\/es\/fuente-de-caracteres\/#breadcrumb\"},\"inLanguage\":\"es\",\"potentialAction\":[{\"@type\":\"ReadAction\",\"target\":[\"https:\/\/exceladvisor.org\/es\/fuente-de-caracteres\/\"]}]},{\"@type\":\"ImageObject\",\"inLanguage\":\"es\",\"@id\":\"https:\/\/exceladvisor.org\/es\/fuente-de-caracteres\/#primaryimage\",\"url\":\"https:\/\/exceladvisor.org\/wp-content\/uploads\/2023\/08\/1-en-utilisant-des-constantes-de-couleur.png\",\"contentUrl\":\"https:\/\/exceladvisor.org\/wp-content\/uploads\/2023\/08\/1-en-utilisant-des-constantes-de-couleur.png\"},{\"@type\":\"BreadcrumbList\",\"@id\":\"https:\/\/exceladvisor.org\/es\/fuente-de-caracteres\/#breadcrumb\",\"itemListElement\":[{\"@type\":\"ListItem\",\"position\":1,\"name\":\"Hogar\",\"item\":\"https:\/\/exceladvisor.org\/es\/\"},{\"@type\":\"ListItem\",\"position\":2,\"name\":\"\u00bfc\u00f3mo realizar cambios en la fuente usando vba?\"}]},{\"@type\":\"WebSite\",\"@id\":\"https:\/\/exceladvisor.org\/es\/#website\",\"url\":\"https:\/\/exceladvisor.org\/es\/\",\"name\":\"Excel Advisor\",\"description\":\"Su gu\u00eda para la dominaci\u00f3n de datos!\",\"publisher\":{\"@id\":\"https:\/\/exceladvisor.org\/es\/#organization\"},\"potentialAction\":[{\"@type\":\"SearchAction\",\"target\":{\"@type\":\"EntryPoint\",\"urlTemplate\":\"https:\/\/exceladvisor.org\/es\/?s={search_term_string}\"},\"query-input\":{\"@type\":\"PropertyValueSpecification\",\"valueRequired\":true,\"valueName\":\"search_term_string\"}}],\"inLanguage\":\"es\"},{\"@type\":\"Organization\",\"@id\":\"https:\/\/exceladvisor.org\/es\/#organization\",\"name\":\"Excel Advisor\",\"url\":\"https:\/\/exceladvisor.org\/es\/\",\"logo\":{\"@type\":\"ImageObject\",\"inLanguage\":\"es\",\"@id\":\"https:\/\/exceladvisor.org\/es\/#\/schema\/logo\/image\/\",\"url\":\"https:\/\/exceladvisor.org\/es\/wp-content\/uploads\/2023\/12\/exceladvisor.org_.png\",\"contentUrl\":\"https:\/\/exceladvisor.org\/es\/wp-content\/uploads\/2023\/12\/exceladvisor.org_.png\",\"width\":105,\"height\":36,\"caption\":\"Excel Advisor\"},\"image\":{\"@id\":\"https:\/\/exceladvisor.org\/es\/#\/schema\/logo\/image\/\"}}]}<\/script>\n<!-- \/ Yoast SEO plugin. -->","yoast_head_json":{"title":"\u00bfc\u00f3mo realizar cambios en la fuente usando vba?","robots":{"index":"index","follow":"follow","max-snippet":"max-snippet:-1","max-image-preview":"max-image-preview:large","max-video-preview":"max-video-preview:-1"},"canonical":"https:\/\/exceladvisor.org\/es\/fuente-de-caracteres\/","og_locale":"es_ES","og_type":"article","og_title":"\u00bfc\u00f3mo realizar cambios en la fuente usando vba?","og_description":"Notas clave Para realizar cambios en una fuente, debe utilizar el objeto Fuente VBA. Hay un total de 18 propiedades con el objeto de fuente a las que puede acceder y realizar cambios. Objeto de fuente VBA En VBA, hay un objeto de fuente que puede usar para cambiar las propiedades de la fuente desde [&hellip;]","og_url":"https:\/\/exceladvisor.org\/es\/fuente-de-caracteres\/","og_site_name":"Excel Advisor","article_modified_time":"2023-12-25T10:26:48+00:00","og_image":[{"url":"https:\/\/exceladvisor.org\/wp-content\/uploads\/2023\/08\/1-en-utilisant-des-constantes-de-couleur.png","type":"","width":"","height":""}],"twitter_card":"summary_large_image","twitter_misc":{"Tiempo de lectura":"3 minutos"},"schema":{"@context":"https:\/\/schema.org","@graph":[{"@type":"WebPage","@id":"https:\/\/exceladvisor.org\/es\/fuente-de-caracteres\/","url":"https:\/\/exceladvisor.org\/es\/fuente-de-caracteres\/","name":"\u00bfc\u00f3mo realizar cambios en la fuente usando vba?","isPartOf":{"@id":"https:\/\/exceladvisor.org\/es\/#website"},"primaryImageOfPage":{"@id":"https:\/\/exceladvisor.org\/es\/fuente-de-caracteres\/#primaryimage"},"image":{"@id":"https:\/\/exceladvisor.org\/es\/fuente-de-caracteres\/#primaryimage"},"thumbnailUrl":"https:\/\/exceladvisor.org\/wp-content\/uploads\/2023\/08\/1-en-utilisant-des-constantes-de-couleur.png","datePublished":"2023-10-21T13:57:49+00:00","dateModified":"2023-12-25T10:26:48+00:00","breadcrumb":{"@id":"https:\/\/exceladvisor.org\/es\/fuente-de-caracteres\/#breadcrumb"},"inLanguage":"es","potentialAction":[{"@type":"ReadAction","target":["https:\/\/exceladvisor.org\/es\/fuente-de-caracteres\/"]}]},{"@type":"ImageObject","inLanguage":"es","@id":"https:\/\/exceladvisor.org\/es\/fuente-de-caracteres\/#primaryimage","url":"https:\/\/exceladvisor.org\/wp-content\/uploads\/2023\/08\/1-en-utilisant-des-constantes-de-couleur.png","contentUrl":"https:\/\/exceladvisor.org\/wp-content\/uploads\/2023\/08\/1-en-utilisant-des-constantes-de-couleur.png"},{"@type":"BreadcrumbList","@id":"https:\/\/exceladvisor.org\/es\/fuente-de-caracteres\/#breadcrumb","itemListElement":[{"@type":"ListItem","position":1,"name":"Hogar","item":"https:\/\/exceladvisor.org\/es\/"},{"@type":"ListItem","position":2,"name":"\u00bfc\u00f3mo realizar cambios en la fuente usando vba?"}]},{"@type":"WebSite","@id":"https:\/\/exceladvisor.org\/es\/#website","url":"https:\/\/exceladvisor.org\/es\/","name":"Excel Advisor","description":"Su gu\u00eda para la dominaci\u00f3n de datos!","publisher":{"@id":"https:\/\/exceladvisor.org\/es\/#organization"},"potentialAction":[{"@type":"SearchAction","target":{"@type":"EntryPoint","urlTemplate":"https:\/\/exceladvisor.org\/es\/?s={search_term_string}"},"query-input":{"@type":"PropertyValueSpecification","valueRequired":true,"valueName":"search_term_string"}}],"inLanguage":"es"},{"@type":"Organization","@id":"https:\/\/exceladvisor.org\/es\/#organization","name":"Excel Advisor","url":"https:\/\/exceladvisor.org\/es\/","logo":{"@type":"ImageObject","inLanguage":"es","@id":"https:\/\/exceladvisor.org\/es\/#\/schema\/logo\/image\/","url":"https:\/\/exceladvisor.org\/es\/wp-content\/uploads\/2023\/12\/exceladvisor.org_.png","contentUrl":"https:\/\/exceladvisor.org\/es\/wp-content\/uploads\/2023\/12\/exceladvisor.org_.png","width":105,"height":36,"caption":"Excel Advisor"},"image":{"@id":"https:\/\/exceladvisor.org\/es\/#\/schema\/logo\/image\/"}}]}},"yoast_meta":{"yoast_wpseo_title":"","yoast_wpseo_metadesc":"","yoast_wpseo_canonical":""},"_links":{"self":[{"href":"https:\/\/exceladvisor.org\/es\/wp-json\/wp\/v2\/pages\/588","targetHints":{"allow":["GET"]}}],"collection":[{"href":"https:\/\/exceladvisor.org\/es\/wp-json\/wp\/v2\/pages"}],"about":[{"href":"https:\/\/exceladvisor.org\/es\/wp-json\/wp\/v2\/types\/page"}],"author":[{"embeddable":true,"href":"https:\/\/exceladvisor.org\/es\/wp-json\/wp\/v2\/users\/1"}],"replies":[{"embeddable":true,"href":"https:\/\/exceladvisor.org\/es\/wp-json\/wp\/v2\/comments?post=588"}],"version-history":[{"count":1,"href":"https:\/\/exceladvisor.org\/es\/wp-json\/wp\/v2\/pages\/588\/revisions"}],"predecessor-version":[{"id":1162,"href":"https:\/\/exceladvisor.org\/es\/wp-json\/wp\/v2\/pages\/588\/revisions\/1162"}],"wp:attachment":[{"href":"https:\/\/exceladvisor.org\/es\/wp-json\/wp\/v2\/media?parent=588"}],"curies":[{"name":"wp","href":"https:\/\/api.w.org\/{rel}","templated":true}]}}