{"id":591,"date":"2023-10-21T12:28:37","date_gmt":"2023-10-21T12:28:37","guid":{"rendered":"https:\/\/exceladvisor.org\/es\/seleccione-el-caso\/"},"modified":"2023-12-25T10:31:29","modified_gmt":"2023-12-25T10:31:29","slug":"seleccione-el-caso","status":"publish","type":"page","link":"https:\/\/exceladvisor.org\/es\/seleccione-el-caso\/","title":{"rendered":"\u00bfc\u00f3mo utilizar la instrucci\u00f3n select case en vba?"},"content":{"rendered":"<div class=\"excel-antes-del-contenido\" id=\"excel-2887038467\"><script type=\"text\/javascript\">\r\n\tatOptions = {\r\n\t\t'key' : 'c1158f160081d6540a8409e6925dab94',\r\n\t\t'format' : 'iframe',\r\n\t\t'height' : 250,\r\n\t\t'width' : 300,\r\n\t\t'params' : {}\r\n\t};\r\n<\/script>\r\n<script type=\"text\/javascript\" src=\"\/\/www.highperformanceformat.com\/c1158f160081d6540a8409e6925dab94\/invoke.js\"><\/script><\/div><h2 class=\"wp-block-heading\">Puntos clave<\/h2>\n<ul>\n<li> Con SELECT CASE, puede probar m\u00faltiples condiciones, especialmente cuando trabaja en m\u00e1s de dos.<\/li>\n<li> El c\u00f3digo que escribe con SELECT CASE est\u00e1 mucho m\u00e1s estructurado que el c\u00f3digo condicional est\u00e1ndar.<\/li>\n<li> Es m\u00e1s f\u00e1cil cambiarlo cuando necesita ajustar uno o m\u00e1s valores en el c\u00f3digo.<\/li>\n<\/ul>\n<h2 class=\"wp-block-heading\"> \u00bfQu\u00e9 es el caso de selecci\u00f3n de VBA?<\/h2>\n<p> VBA SELECT CASE es una declaraci\u00f3n para probar m\u00faltiples condiciones. En esta declaraci\u00f3n, puede especificar una condici\u00f3n, luego especificar alg\u00fan c\u00f3digo para ejecutar si esa condici\u00f3n es verdadera, luego especificar una segunda condici\u00f3n y alg\u00fan c\u00f3digo para ejecutar si esa condici\u00f3n es verdadera. De esta manera puede especificar m\u00faltiples condiciones y m\u00faltiples declaraciones.<\/p>\n<h2 class=\"wp-block-heading\"> La sintaxis para seleccionar el caso.<\/h2>\n<p> A continuaci\u00f3n se muestra la sintaxis que debe seguir para escribir una declaraci\u00f3n de caso seleccionada.<\/p>\n<pre class=\"wp-block-code\"> <code class=\"language-visual-basic\" lang=\"visual-basic\">Select Case Test Expression Case (Condition to Test) Statement1 [Line of Code to Run if CASE 1 is TRUE] Case (Condition to Test) Statement1 [Line of Code to Run if CASE 2 is TRUE] Case Else Statement [Line of Code to Run if no CASE is TRUE] End Select<\/code><\/pre>\n<p> En SELECT CASE, la sintaxis comienza con la palabra clave \u00abSeleccionar\u00bb y termina con \u00abFinalizar selecci\u00f3n\u00bb. Para entender su sintaxis, debemos dividirla en cuatro partes: <\/p>\n<div class=\"wp-block-image\">\n<figure class=\"aligncenter size-large\"><img loading=\"lazy\" decoding=\"async\" class=\"wp-image-49679\" src=\"https:\/\/exceladvisor.org\/wp-content\/uploads\/2023\/08\/selectionner-la-syntaxe-de-la-casse.png\" sizes=\"auto, \" srcset=\"\" alt=\"seleccionar-case-sintaxis\" width=\"1139\" height=\"575\"><\/figure>\n<\/div>\n<ul>\n<li> En la <strong>PRIMERA<\/strong> parte, debe especificar la \u00abexpresi\u00f3n de prueba\u00bb en la que se prueban todas las condiciones.<\/li>\n<li> Despu\u00e9s de eso, en la <strong>SEGUNDA<\/strong> parte, debe especificar el caso que se va a probar (es decir, la condici\u00f3n que se va a probar).<\/li>\n<li> Ahora en la <strong>TERCERA<\/strong> parte tienes que escribir otro caso en el que tienes que probar si la condici\u00f3n de la segunda parte no es VERDADERA.<\/li>\n<li> Al final, en la Parte <strong>CUATRO<\/strong> , debe especificar un resultado que deber\u00eda ocurrir cuando los dos casos anteriores no sean VERDADEROS.<\/li>\n<\/ul>\n<h3 class=\"wp-block-heading\"> Un ejemplo sencillo para entender una declaraci\u00f3n de caso selecto<\/h3>\n<p> La sintaxis de SELECT CASE se explica por s\u00ed misma y es bastante f\u00e1cil de seguir al escribir c\u00f3digo. Pero tomemos un ejemplo y entend\u00e1moslo completamente. A continuaci\u00f3n tienes un c\u00f3digo sencillo para probar el valor de la celda A1.<\/p>\n<pre class=\"wp-block-code\"> <code class=\"language-visual-basic\" lang=\"visual-basic\">Sub SelectCaseExample1() Select Case Range(\"A1\").Value Case \"Yes\" MsgBox \"It's a Yes.\" Case \"No\" MsgBox \"It's a No\" Case Else MsgBox \"Can't Say\" End Select End Sub<\/code><\/pre>\n<p> Ahora entendamos este c\u00f3digo con cada l\u00ednea: <\/p>\n<div class=\"wp-block-image\">\n<figure class=\"aligncenter size-large is-resized\"><img loading=\"lazy\" decoding=\"async\" class=\"wp-image-49686\" src=\"https:\/\/exceladvisor.org\/wp-content\/uploads\/2023\/08\/exemple-dinstruction-select-case.png\" sizes=\"auto, \" srcset=\"\" alt=\"ejemplo-de-sentencia-de-caso-seleccione\" width=\"574\" height=\"431\"><\/figure>\n<\/div>\n<ul>\n<li> <strong>PRIMERO<\/strong> tiene la palabra clave SELECT CASE y la celda A1 para usar como expresi\u00f3n para probar la condici\u00f3n.<\/li>\n<li> <strong>SEGUNDO<\/strong> , tiene la palabra clave CASE y la condici\u00f3n (\u00abS\u00cd\u00bb) para verificar desde la celda A1 y el c\u00f3digo para mostrar un cuadro de mensaje con el mensaje \u00abEs un s\u00ed\u00bb si la condici\u00f3n mencionada en el caso1 es verdadera.<\/li>\n<li> TERCERO, nuevamente tiene la palabra clave case y la condici\u00f3n (\u00abNo\u00bb) para verificar desde la celda A1 y el c\u00f3digo para mostrar un cuadro de mensaje con el mensaje \u00abEs un no\u00bb si la condici\u00f3n mencionada en el caso dos es verdadera.<\/li>\n<li> <strong>CUARTO<\/strong> , tiene la palabra clave CASE ELSE y una l\u00ednea de c\u00f3digo para mostrar un cuadro de mensaje con un mensaje \u00abNo puedo decir\u00bb si ninguno de los casos es verdadero.<\/li>\n<li> <strong>QUINTO<\/strong> , tiene la palabra clave END SELECT para finalizar la instrucci\u00f3n SELECT CASE.<\/li>\n<\/ul>\n<p> <strong><em>Relacionado:<\/em><\/strong> <a href=\"https:\/\/exceladvisor.org\/es\/cuadro-de-mensajes-vba\/\"><em><strong>CUADRO DE MENSAJE VBA<\/strong><\/em><\/a><\/p>\n<h2 class=\"wp-block-heading\"> Puntos importantes<\/h2>\n<ul>\n<li> Puede probar m\u00faltiples condiciones y ejecutar una l\u00ednea de c\u00f3digo seg\u00fan el resultado.<\/li>\n<li> Puede utilizar operadores de comparaci\u00f3n (=, &gt;, &lt;, &lt;&gt;, &gt;=, &lt;=) al probar una condici\u00f3n utilizando la palabra clave Is.<\/li>\n<li> Puede utilizar una coma para probar varias condiciones en el mismo caso.<\/li>\n<li> Tambi\u00e9n puede utilizar un rango de n\u00fameros al probar una condici\u00f3n en un solo caso.<\/li>\n<li> Cuando se cumple una condici\u00f3n, VBA se detiene para probar el resto de los casos de la declaraci\u00f3n.<\/li>\n<li> Tambi\u00e9n puede agregar una secci\u00f3n case else al final para ejecutar una l\u00ednea de c\u00f3digo cuando no se cumpla ninguna de las condiciones.<\/li>\n<li> Puede omitir el uso de la declaraci\u00f3n CASE END.<\/li>\n<\/ul>\n<h2 class=\"wp-block-heading\"> M\u00e1s ejemplos de uso Seleccionar caso<\/h2>\n<p> Es hora de utilizar SELECT CASE de diferentes maneras y estos son algunos de los ejemplos \u00fatiles y esenciales que puede aprender.<\/p>\n<p> <strong>100 ejemplos de macros de Excel<\/strong><\/p>\n<h3 class=\"wp-block-heading\"> 1. Seleccione el caso con n\u00fameros.<\/h3>\n<p> Al escribir c\u00f3digo VBA para la instrucci\u00f3n SELECT CASE, puede utilizar operadores para comparar valores. Ahora, en el c\u00f3digo siguiente, tiene los operadores &gt;, &lt; y = para probar las condiciones. <\/p>\n<div class=\"wp-block-image\">\n<figure class=\"aligncenter size-large is-resized\"><img loading=\"lazy\" decoding=\"async\" class=\"wp-image-50298\" src=\"https:\/\/exceladvisor.org\/wp-content\/uploads\/2023\/08\/3-cas-choisis-avec-des-nombres.png\" sizes=\"auto, \" srcset=\"\" alt=\"seleccionar-caso-con-numeros\" width=\"451\" height=\"278\"><\/figure>\n<\/div>\n<pre class=\"wp-block-code\"> <code class=\"language-visual-basic\" lang=\"visual-basic\">Sub SelectCaseExample1() Select Case Range(\"A1\").Value Case Is &gt;= 45 MsgBox \"Pass\" Case Is &lt; 45 MsgBox \"Fail\" End Select End Sub<\/code><\/pre>\n<ul>\n<li> El primer caso de esta declaraci\u00f3n verifica si el valor de la celda A1 es mayor o igual a 45 o no y devuelve un cuadro de mensaje con el mensaje \u00abPasar\u00bb.<\/li>\n<li> Y el segundo caso de la declaraci\u00f3n verifica si el valor de la celda A1 es menor que 45 y devuelve un cuadro de mensaje con el mensaje \u00abError\u00bb.<\/li>\n<\/ul>\n<h3 class=\"wp-block-heading\"> 2. Seleccione el caso con un rango de n\u00fameros.<\/h3>\n<p> Tambi\u00e9n puede utilizar un rango de n\u00fameros para realizar pruebas seg\u00fan la condici\u00f3n. En el c\u00f3digo siguiente tienes una condici\u00f3n con un rango de n\u00fameros en cada caso para probar.<\/p>\n<pre class=\"wp-block-code\"> <code class=\"language-visual-basic\" lang=\"visual-basic\">Sub SelectCaseExample2() Select Case Range(\u201cA1\u201d).Value Case 45 To 100 MsgBox \u201cPass\u201d Case 0 To 44 MsgBox \u201cFail\u201d Case Else MsgBox \u201cOut of Range\u201d End Select End Sub<\/code><\/pre>\n<ul>\n<li> El primer caso de la declaraci\u00f3n verifica el n\u00famero en la celda A1 usando el rango de n\u00fameros de 45 a 100 y devuelve \u00abAprobado\u00bb si el valor cae por debajo de este rango.<\/li>\n<li> La segunda declaraci\u00f3n tiene un rango de 0 a 44 para probar con el valor en la celda A1 y devuelve \u00abFallo\u00bb si el valor cae por debajo de este rango.<\/li>\n<li> La tercera declaraci\u00f3n es case else muestra un cuadro de mensaje con el mensaje \u00abFuera de rango\u00bb si los casos uno y dos son falsos.<\/li>\n<\/ul>\n<h3 class=\"wp-block-heading\"> 3. Usando el operador de dos puntos<\/h3>\n<p> Al escribir c\u00f3digo para SELECT CASE, puede utilizar los operadores de dos puntos para escribir el caso completo en una sola l\u00ednea.<\/p>\n<p> En el c\u00f3digo siguiente, la l\u00ednea comienza con el caso, luego la condici\u00f3n a probar, luego dos puntos y luego la declaraci\u00f3n a ejecutar en este caso es verdadera. <\/p>\n<div class=\"wp-block-image\">\n<figure class=\"aligncenter size-large is-resized\"><img loading=\"lazy\" decoding=\"async\" class=\"wp-image-50299\" src=\"https:\/\/exceladvisor.org\/wp-content\/uploads\/2023\/08\/4-en-utilisant-loperateur-deux-points.png\" sizes=\"auto, \" srcset=\"\" alt=\"operador-de-dos puntos\" width=\"439\" height=\"288\"><\/figure>\n<\/div>\n<pre class=\"wp-block-code\"> <code class=\"language-visual-basic\" lang=\"visual-basic\">Sub SelectCaseExample3() Select Case Range(\u201cA1\u201d).Value Case 45 To 100: MsgBox \u201cPass\u201d Case 0 To 44: MsgBox \u201cFail\u201d Case Else: MsgBox \u201cOut of Range\u201d End Select End Sub<\/code><\/pre>\n<h3 class=\"wp-block-heading\"> 4. Utilice Seleccionar caso con m\u00faltiples condiciones<\/h3>\n<p> Al igual que establecer un rango para un caso, tambi\u00e9n puede especificar varios valores para probar la condici\u00f3n. En el c\u00f3digo siguiente, cada caso tiene tres n\u00fameros para probar. <\/p>\n<div class=\"wp-block-image\">\n<figure class=\"aligncenter size-large is-resized\"><img loading=\"lazy\" decoding=\"async\" class=\"wp-image-50300\" src=\"https:\/\/exceladvisor.org\/wp-content\/uploads\/2023\/08\/5-selectionner-le-cas-avec-plusieurs-valeurs.png\" sizes=\"auto, \" srcset=\"\" alt=\"seleccionar-caso-con-varios-valores\" width=\"376\" height=\"308\"><\/figure>\n<\/div>\n<pre class=\"wp-block-code\"> <code class=\"language-visual-basic\" lang=\"visual-basic\">Sub SelectCaseExample() Select Case Range(\"A1\").Value Case 1, 3, 5 MsgBox \"Yes\" Case 2, 4, 6 MsgBox \"No\" Case Else MsgBox \"Out of range\" End Select End Sub<\/code><\/pre>\n<ul>\n<li> El primer caso de este c\u00f3digo probar\u00e1 el valor de la celda si es 1, 3 o 5 y devolver\u00e1 \u00abS\u00ed\u00bb en un cuadro de mensaje.<\/li>\n<li> Y el segundo caso de este c\u00f3digo probar\u00e1 el valor de la celda A1 si es 2, 4 o 6.<\/li>\n<\/ul>\n<h3 class=\"wp-block-heading\"> 5. Uso de Seleccionar may\u00fasculas y min\u00fasculas en una funci\u00f3n personalizada<\/h3>\n<p> Tambi\u00e9n puede utilizar SELECT CASE al escribir c\u00f3digo para una <a href=\"https:\/\/exceladvisor.org\/es\/funcion-definida-por-el-usuario-2\/\"><strong>funci\u00f3n VBA<\/strong><\/a> . <\/p>\n<div class=\"wp-block-image\">\n<figure class=\"aligncenter size-large is-resized\"><img loading=\"lazy\" decoding=\"async\" class=\"wp-image-50301\" src=\"https:\/\/exceladvisor.org\/wp-content\/uploads\/2023\/08\/6-selectionner-le-cas-dans-la-fonction-personnalisee.png\" sizes=\"auto, \" srcset=\"\" alt=\"seleccionar-caso-en-funci\u00f3n-personalizada\" width=\"433\" height=\"405\"><\/figure>\n<\/div>\n<pre class=\"wp-block-code\"> <code class=\"language-visual-basic\" lang=\"visual-basic\">Function udfGrade(student_marks As Integer) Dim myGrade As String Select Case student_marks Case Is &lt; 40: myGrade = \u201cBad\u201d Case 41 To 50: myGrade = \u201cAverage\u201d Case 51 To 60: myGrade = \u201cGood\u201d Case 61 To 80: myGrade = \u201cVery Good\u201d Case 81 To 100: myGrade = \u201cExcellent\u201d End Select udfGrade = myGrade End Function<\/code><\/pre>\n<p> En la funci\u00f3n anterior, hay cinco casillas para verificar la puntuaci\u00f3n de los estudiantes en una celda. Los 5 casos utilizan un rango de n\u00fameros y devuelven el valor definido en la declaraci\u00f3n.<\/p>\n<h3 class=\"wp-block-heading\"> 6. Uso de Seleccionar caso de condiciones anidadas<\/h3>\n<p> Tambi\u00e9n puede crear una declaraci\u00f3n de condici\u00f3n anidada. Lo que intento decir es que puedes escribir c\u00f3digo para probar m\u00faltiples condiciones con el caso seleccionado.<\/p>\n<p> Imag\u00ednese si desea escribir c\u00f3digo que pueda probar condiciones basadas en los valores de dos celdas diferentes. <\/p>\n<pre class=\"wp-block-code\"> <code class=\"language-visual-basic\" lang=\"visual-basic\">Sub SelectCaseStatement() Select Case Range(\"A2\") Case \"Boy\" Select Case Range(\"B2\") Case \"Commerce\": MsgBox \"Boy (Commerce)\" Case \"Science\": MsgBox \"Boy (Science)\" End Select Case \"Girl\" Select Case Range(\"B2\") Case \"Commerce\": MsgBox \"Girl (Commerce)\" Case \"Science\": MsgBox \"Girl (Science)\" End Select End Select End Sub<\/code><\/pre>\n<div class=\"wp-block-image\">\n<figure class=\"aligncenter size-large is-resized\"><img loading=\"lazy\" decoding=\"async\" class=\"wp-image-50302\" src=\"https:\/\/exceladvisor.org\/wp-content\/uploads\/2023\/08\/7-selectionner-le-cas-parmi-les-conditions-imbriquees.png\" sizes=\"auto, \" srcset=\"\" alt=\"seleccionar-caso-de-condiciones-anidadas\" width=\"478\" height=\"341\"><\/figure>\n<\/div>\n<p> En el c\u00f3digo anterior tiene tres declaraciones de selecci\u00f3n de casos. Hay una declaraci\u00f3n principal que verifica el valor de la celda A2 si es \u00abNi\u00f1o\u00bb o \u00abNi\u00f1a\u00bb.<\/p>\n<p> Y luego, en base al resultado, se ejecutan dos instrucciones m\u00e1s y verifican el valor de la celda B2 si es Comercio o Ciencia.<\/p>\n<h2 class=\"wp-block-heading\"> ELEGIR CASO Vs. <a href=\"https:\/\/exceladvisor.org\/es\/si-2\/\">SI ENTONCES OTRA Declaraci\u00f3n<\/a><\/h2>\n<ul>\n<li> Cuando desee probar varias condiciones, es f\u00e1cil escribir c\u00f3digo usando SELECT CASE en lugar de IF-THEN.<\/li>\n<li> Incluso es f\u00e1cil editar y realizar cambios en una declaraci\u00f3n SELECT CASE en comparaci\u00f3n con IF-THEN.<\/li>\n<\/ul>\n<div class=\"gb-container gb-container-4db6181c gb-container-mt\"> <a class=\"gb-button gb-button-c5897111 gb-button-text gb-button-mt-button\" href=\"https:\/\/exceladvisor.org\/es\/vba\/\">\u00bfQu\u00e9 es VBA?<\/a><\/p>\n<h2 class=\"gb-headline gb-headline-665e5f6b gb-headline-text gb-headline-mt-heading\"> Tutoriales relacionados <\/h2>\n<div class=\"gb-grid-wrapper gb-grid-wrapper-a20baf7c gb-grid-wrapper-mt-grid\">\n<div class=\"gb-grid-column gb-grid-column-65ddf67e\">\n<div class=\"gb-container gb-container-65ddf67e\">\n<ul>\n<li> <a href=\"https:\/\/exceladvisor.org\/es\/bucles\/\">Bucles VBA (principiante a avanzado)<\/a><\/li>\n<li> <a href=\"https:\/\/exceladvisor.org\/es\/hacer-mientras\/\">Excel VBA Do While Loop y (Do Loop While): una gu\u00eda<\/a><\/li>\n<li> <a href=\"https:\/\/exceladvisor.org\/es\/hojas-de-bucle\/\">Recorra todas las hojas usando VBA en Excel<\/a> <\/li>\n<\/ul>\n<\/div>\n<\/div>\n<div class=\"gb-grid-column gb-grid-column-50067b57\">\n<div class=\"gb-container gb-container-50067b57\">\n<ul>\n<li> <a href=\"https:\/\/exceladvisor.org\/es\/recorrer-el-rango\/\">Recorra un rango usando VBA (Columnas, Filas y Rango Usado)<\/a><\/li>\n<li> <a href=\"https:\/\/exceladvisor.org\/es\/para-el-bucle\/\">VBA FOR LOOP (para el siguiente, para cada uno)<\/a><\/li>\n<li> <a href=\"https:\/\/exceladvisor.org\/es\/ir-a-1\/\">Declaraci\u00f3n Ir a VBA<\/a><\/li>\n<\/ul>\n<\/div>\n<\/div>\n<\/div>\n<\/div>\n","protected":false},"excerpt":{"rendered":"<p>Puntos clave Con SELECT CASE, puede probar m\u00faltiples condiciones, especialmente cuando trabaja en m\u00e1s de dos. El c\u00f3digo que escribe con SELECT CASE est\u00e1 mucho m\u00e1s estructurado que el c\u00f3digo condicional est\u00e1ndar. Es m\u00e1s f\u00e1cil cambiarlo cuando necesita ajustar uno o m\u00e1s valores en el c\u00f3digo. \u00bfQu\u00e9 es el caso de selecci\u00f3n de VBA? VBA [&hellip;]<\/p>\n","protected":false},"author":1,"featured_media":0,"parent":0,"menu_order":0,"comment_status":"open","ping_status":"closed","template":"","meta":{"ub_ctt_via":"","footnotes":""},"class_list":["post-591","page","type-page","status-publish","hentry"],"featured_image_src":null,"yoast_head":"<!-- This site is optimized with the Yoast SEO plugin v25.4 - https:\/\/yoast.com\/wordpress\/plugins\/seo\/ -->\n<title>\u00bfc\u00f3mo utilizar la instrucci\u00f3n select case en vba?<\/title>\n<meta name=\"robots\" content=\"index, follow, max-snippet:-1, max-image-preview:large, max-video-preview:-1\" \/>\n<link rel=\"canonical\" href=\"https:\/\/exceladvisor.org\/es\/seleccione-el-caso\/\" \/>\n<meta property=\"og:locale\" content=\"es_ES\" \/>\n<meta property=\"og:type\" content=\"article\" \/>\n<meta property=\"og:title\" content=\"\u00bfc\u00f3mo utilizar la instrucci\u00f3n select case en vba?\" \/>\n<meta property=\"og:description\" content=\"Puntos clave Con SELECT CASE, puede probar m\u00faltiples condiciones, especialmente cuando trabaja en m\u00e1s de dos. El c\u00f3digo que escribe con SELECT CASE est\u00e1 mucho m\u00e1s estructurado que el c\u00f3digo condicional est\u00e1ndar. Es m\u00e1s f\u00e1cil cambiarlo cuando necesita ajustar uno o m\u00e1s valores en el c\u00f3digo. \u00bfQu\u00e9 es el caso de selecci\u00f3n de VBA? VBA [&hellip;]\" \/>\n<meta property=\"og:url\" content=\"https:\/\/exceladvisor.org\/es\/seleccione-el-caso\/\" \/>\n<meta property=\"og:site_name\" content=\"Excel Advisor\" \/>\n<meta property=\"article:modified_time\" content=\"2023-12-25T10:31:29+00:00\" \/>\n<meta property=\"og:image\" content=\"https:\/\/exceladvisor.org\/wp-content\/uploads\/2023\/08\/selectionner-la-syntaxe-de-la-casse.png\" \/>\n<meta name=\"twitter:card\" content=\"summary_large_image\" \/>\n<meta name=\"twitter:label1\" content=\"Tiempo de lectura\" \/>\n\t<meta name=\"twitter:data1\" content=\"8 minutos\" \/>\n<script type=\"application\/ld+json\" class=\"yoast-schema-graph\">{\"@context\":\"https:\/\/schema.org\",\"@graph\":[{\"@type\":\"WebPage\",\"@id\":\"https:\/\/exceladvisor.org\/es\/seleccione-el-caso\/\",\"url\":\"https:\/\/exceladvisor.org\/es\/seleccione-el-caso\/\",\"name\":\"\u00bfc\u00f3mo utilizar la instrucci\u00f3n select case en vba?\",\"isPartOf\":{\"@id\":\"https:\/\/exceladvisor.org\/es\/#website\"},\"primaryImageOfPage\":{\"@id\":\"https:\/\/exceladvisor.org\/es\/seleccione-el-caso\/#primaryimage\"},\"image\":{\"@id\":\"https:\/\/exceladvisor.org\/es\/seleccione-el-caso\/#primaryimage\"},\"thumbnailUrl\":\"https:\/\/exceladvisor.org\/wp-content\/uploads\/2023\/08\/selectionner-la-syntaxe-de-la-casse.png\",\"datePublished\":\"2023-10-21T12:28:37+00:00\",\"dateModified\":\"2023-12-25T10:31:29+00:00\",\"breadcrumb\":{\"@id\":\"https:\/\/exceladvisor.org\/es\/seleccione-el-caso\/#breadcrumb\"},\"inLanguage\":\"es\",\"potentialAction\":[{\"@type\":\"ReadAction\",\"target\":[\"https:\/\/exceladvisor.org\/es\/seleccione-el-caso\/\"]}]},{\"@type\":\"ImageObject\",\"inLanguage\":\"es\",\"@id\":\"https:\/\/exceladvisor.org\/es\/seleccione-el-caso\/#primaryimage\",\"url\":\"https:\/\/exceladvisor.org\/wp-content\/uploads\/2023\/08\/selectionner-la-syntaxe-de-la-casse.png\",\"contentUrl\":\"https:\/\/exceladvisor.org\/wp-content\/uploads\/2023\/08\/selectionner-la-syntaxe-de-la-casse.png\"},{\"@type\":\"BreadcrumbList\",\"@id\":\"https:\/\/exceladvisor.org\/es\/seleccione-el-caso\/#breadcrumb\",\"itemListElement\":[{\"@type\":\"ListItem\",\"position\":1,\"name\":\"Hogar\",\"item\":\"https:\/\/exceladvisor.org\/es\/\"},{\"@type\":\"ListItem\",\"position\":2,\"name\":\"\u00bfc\u00f3mo utilizar la instrucci\u00f3n select case en vba?\"}]},{\"@type\":\"WebSite\",\"@id\":\"https:\/\/exceladvisor.org\/es\/#website\",\"url\":\"https:\/\/exceladvisor.org\/es\/\",\"name\":\"Excel Advisor\",\"description\":\"Su gu\u00eda para la dominaci\u00f3n de datos!\",\"publisher\":{\"@id\":\"https:\/\/exceladvisor.org\/es\/#organization\"},\"potentialAction\":[{\"@type\":\"SearchAction\",\"target\":{\"@type\":\"EntryPoint\",\"urlTemplate\":\"https:\/\/exceladvisor.org\/es\/?s={search_term_string}\"},\"query-input\":{\"@type\":\"PropertyValueSpecification\",\"valueRequired\":true,\"valueName\":\"search_term_string\"}}],\"inLanguage\":\"es\"},{\"@type\":\"Organization\",\"@id\":\"https:\/\/exceladvisor.org\/es\/#organization\",\"name\":\"Excel Advisor\",\"url\":\"https:\/\/exceladvisor.org\/es\/\",\"logo\":{\"@type\":\"ImageObject\",\"inLanguage\":\"es\",\"@id\":\"https:\/\/exceladvisor.org\/es\/#\/schema\/logo\/image\/\",\"url\":\"https:\/\/exceladvisor.org\/es\/wp-content\/uploads\/2023\/12\/exceladvisor.org_.png\",\"contentUrl\":\"https:\/\/exceladvisor.org\/es\/wp-content\/uploads\/2023\/12\/exceladvisor.org_.png\",\"width\":105,\"height\":36,\"caption\":\"Excel Advisor\"},\"image\":{\"@id\":\"https:\/\/exceladvisor.org\/es\/#\/schema\/logo\/image\/\"}}]}<\/script>\n<!-- \/ Yoast SEO plugin. -->","yoast_head_json":{"title":"\u00bfc\u00f3mo utilizar la instrucci\u00f3n select case en vba?","robots":{"index":"index","follow":"follow","max-snippet":"max-snippet:-1","max-image-preview":"max-image-preview:large","max-video-preview":"max-video-preview:-1"},"canonical":"https:\/\/exceladvisor.org\/es\/seleccione-el-caso\/","og_locale":"es_ES","og_type":"article","og_title":"\u00bfc\u00f3mo utilizar la instrucci\u00f3n select case en vba?","og_description":"Puntos clave Con SELECT CASE, puede probar m\u00faltiples condiciones, especialmente cuando trabaja en m\u00e1s de dos. El c\u00f3digo que escribe con SELECT CASE est\u00e1 mucho m\u00e1s estructurado que el c\u00f3digo condicional est\u00e1ndar. Es m\u00e1s f\u00e1cil cambiarlo cuando necesita ajustar uno o m\u00e1s valores en el c\u00f3digo. \u00bfQu\u00e9 es el caso de selecci\u00f3n de VBA? VBA [&hellip;]","og_url":"https:\/\/exceladvisor.org\/es\/seleccione-el-caso\/","og_site_name":"Excel Advisor","article_modified_time":"2023-12-25T10:31:29+00:00","og_image":[{"url":"https:\/\/exceladvisor.org\/wp-content\/uploads\/2023\/08\/selectionner-la-syntaxe-de-la-casse.png","type":"","width":"","height":""}],"twitter_card":"summary_large_image","twitter_misc":{"Tiempo de lectura":"8 minutos"},"schema":{"@context":"https:\/\/schema.org","@graph":[{"@type":"WebPage","@id":"https:\/\/exceladvisor.org\/es\/seleccione-el-caso\/","url":"https:\/\/exceladvisor.org\/es\/seleccione-el-caso\/","name":"\u00bfc\u00f3mo utilizar la instrucci\u00f3n select case en vba?","isPartOf":{"@id":"https:\/\/exceladvisor.org\/es\/#website"},"primaryImageOfPage":{"@id":"https:\/\/exceladvisor.org\/es\/seleccione-el-caso\/#primaryimage"},"image":{"@id":"https:\/\/exceladvisor.org\/es\/seleccione-el-caso\/#primaryimage"},"thumbnailUrl":"https:\/\/exceladvisor.org\/wp-content\/uploads\/2023\/08\/selectionner-la-syntaxe-de-la-casse.png","datePublished":"2023-10-21T12:28:37+00:00","dateModified":"2023-12-25T10:31:29+00:00","breadcrumb":{"@id":"https:\/\/exceladvisor.org\/es\/seleccione-el-caso\/#breadcrumb"},"inLanguage":"es","potentialAction":[{"@type":"ReadAction","target":["https:\/\/exceladvisor.org\/es\/seleccione-el-caso\/"]}]},{"@type":"ImageObject","inLanguage":"es","@id":"https:\/\/exceladvisor.org\/es\/seleccione-el-caso\/#primaryimage","url":"https:\/\/exceladvisor.org\/wp-content\/uploads\/2023\/08\/selectionner-la-syntaxe-de-la-casse.png","contentUrl":"https:\/\/exceladvisor.org\/wp-content\/uploads\/2023\/08\/selectionner-la-syntaxe-de-la-casse.png"},{"@type":"BreadcrumbList","@id":"https:\/\/exceladvisor.org\/es\/seleccione-el-caso\/#breadcrumb","itemListElement":[{"@type":"ListItem","position":1,"name":"Hogar","item":"https:\/\/exceladvisor.org\/es\/"},{"@type":"ListItem","position":2,"name":"\u00bfc\u00f3mo utilizar la instrucci\u00f3n select case en vba?"}]},{"@type":"WebSite","@id":"https:\/\/exceladvisor.org\/es\/#website","url":"https:\/\/exceladvisor.org\/es\/","name":"Excel Advisor","description":"Su gu\u00eda para la dominaci\u00f3n de datos!","publisher":{"@id":"https:\/\/exceladvisor.org\/es\/#organization"},"potentialAction":[{"@type":"SearchAction","target":{"@type":"EntryPoint","urlTemplate":"https:\/\/exceladvisor.org\/es\/?s={search_term_string}"},"query-input":{"@type":"PropertyValueSpecification","valueRequired":true,"valueName":"search_term_string"}}],"inLanguage":"es"},{"@type":"Organization","@id":"https:\/\/exceladvisor.org\/es\/#organization","name":"Excel Advisor","url":"https:\/\/exceladvisor.org\/es\/","logo":{"@type":"ImageObject","inLanguage":"es","@id":"https:\/\/exceladvisor.org\/es\/#\/schema\/logo\/image\/","url":"https:\/\/exceladvisor.org\/es\/wp-content\/uploads\/2023\/12\/exceladvisor.org_.png","contentUrl":"https:\/\/exceladvisor.org\/es\/wp-content\/uploads\/2023\/12\/exceladvisor.org_.png","width":105,"height":36,"caption":"Excel Advisor"},"image":{"@id":"https:\/\/exceladvisor.org\/es\/#\/schema\/logo\/image\/"}}]}},"yoast_meta":{"yoast_wpseo_title":"","yoast_wpseo_metadesc":"","yoast_wpseo_canonical":""},"_links":{"self":[{"href":"https:\/\/exceladvisor.org\/es\/wp-json\/wp\/v2\/pages\/591","targetHints":{"allow":["GET"]}}],"collection":[{"href":"https:\/\/exceladvisor.org\/es\/wp-json\/wp\/v2\/pages"}],"about":[{"href":"https:\/\/exceladvisor.org\/es\/wp-json\/wp\/v2\/types\/page"}],"author":[{"embeddable":true,"href":"https:\/\/exceladvisor.org\/es\/wp-json\/wp\/v2\/users\/1"}],"replies":[{"embeddable":true,"href":"https:\/\/exceladvisor.org\/es\/wp-json\/wp\/v2\/comments?post=591"}],"version-history":[{"count":1,"href":"https:\/\/exceladvisor.org\/es\/wp-json\/wp\/v2\/pages\/591\/revisions"}],"predecessor-version":[{"id":1363,"href":"https:\/\/exceladvisor.org\/es\/wp-json\/wp\/v2\/pages\/591\/revisions\/1363"}],"wp:attachment":[{"href":"https:\/\/exceladvisor.org\/es\/wp-json\/wp\/v2\/media?parent=591"}],"curies":[{"name":"wp","href":"https:\/\/api.w.org\/{rel}","templated":true}]}}