{"id":593,"date":"2023-10-21T10:46:36","date_gmt":"2023-10-21T10:46:36","guid":{"rendered":"https:\/\/exceladvisor.org\/es\/opciones-de-celda-de-formato-abierto\/"},"modified":"2023-12-25T10:22:36","modified_gmt":"2023-12-25T10:22:36","slug":"opciones-de-celda-de-formato-abierto","status":"publish","type":"page","link":"https:\/\/exceladvisor.org\/es\/opciones-de-celda-de-formato-abierto\/","title":{"rendered":"\u00bfc\u00f3mo abrir la opci\u00f3n de formato de celdas?"},"content":{"rendered":"<div class=\"excel-antes-del-contenido\" id=\"excel-2641813592\"><script type=\"text\/javascript\">\r\n\tatOptions = {\r\n\t\t'key' : 'c1158f160081d6540a8409e6925dab94',\r\n\t\t'format' : 'iframe',\r\n\t\t'height' : 250,\r\n\t\t'width' : 300,\r\n\t\t'params' : {}\r\n\t};\r\n<\/script>\r\n<script type=\"text\/javascript\" src=\"\/\/www.highperformanceformat.com\/c1158f160081d6540a8409e6925dab94\/invoke.js\"><\/script><\/div><p>En Microsoft Excel, la funci\u00f3n \u00abformato de celdas\u00bb le permite personalizar la apariencia de las celdas ajustando varias opciones de formato.<\/p>\n<p> Para acceder al cuadro de di\u00e1logo Formato de celdas, puede hacer clic con el bot\u00f3n derecho en una celda o rango de celdas y seleccionar Formato de celdas en el men\u00fa contextual. Tambi\u00e9n puede encontrarlo en la pesta\u00f1a Inicio de la cinta debajo del bot\u00f3n del grupo N\u00famero.<\/p>\n<h2> Abrir celdas de formato usando el m\u00e9todo abreviado de teclado<\/h2>\n<p> Para abrir la opci\u00f3n Formato de celdas en Excel, debe seleccionar una celda o un rango de celdas y luego presionar el siguiente m\u00e9todo abreviado de teclado: <\/p>\n<div class=\"wp-block-image\">\n<figure class=\"aligncenter size-full\"><img loading=\"lazy\" decoding=\"async\" class=\"wp-image-61075\" src=\"https:\/\/exceladvisor.org\/wp-content\/uploads\/2023\/08\/options-de-cellule-de-format-de-raccourci-clavier-1.png\" sizes=\"auto, \" srcset=\"\" alt=\"opciones de celda de formato de tecla de acceso r\u00e1pido\" width=\"1742\" height=\"404\"><\/figure>\n<\/div>\n<p class=\"has-text-align-left\"> <kbd class=\"has-medium-font-size\">Controlar+1<\/kbd><\/p>\n<p> Cuando presiona esta tecla de acceso directo, se abre instant\u00e1neamente la opci\u00f3n de formato de celdas que le brinda el siguiente cuadro de di\u00e1logo.<\/p>\n<h3 class=\"wp-block-heading\"> C\u00f3mo usarlo<\/h3>\n<ol>\n<li> Primero, seleccione una celda o rango de celdas en el que desee utilizar las opciones de formato de celda.<\/li>\n<li> Despu\u00e9s de eso, mantenga presionada la <kbd>tecla Control<\/kbd> en el lado izquierdo del teclado.<\/li>\n<li> Luego, presione la tecla <kbd>1<\/kbd> en la parte superior del teclado.<\/li>\n<li> Al final, seleccione la pesta\u00f1a de las opciones.<\/li>\n<\/ol>\n<div class=\"gb-container gb-container-2116538e gb-container-mt\"> <a class=\"gb-button gb-button-f7d2c131 gb-button-text gb-button-mt-button\" href=\"https:\/\/exceladvisor.org\/es\/atajos-de-teclado\/\">Atajos de teclado para PDF de Excel<\/a><\/p>\n<h2 class=\"gb-headline gb-headline-7ed68554 gb-headline-text gb-headline-mt-heading\"> M\u00e1s atajos <\/h2>\n<div class=\"gb-grid-wrapper gb-grid-wrapper-edeef538 gb-grid-wrapper-mt-grid\">\n<div class=\"gb-grid-column gb-grid-column-6ab6fbc6\">\n<div class=\"gb-container gb-container-6ab6fbc6\">\n<ul>\n<li style=\"list-style-type: none;\">\n<ul>\n<li> <a href=\"https:\/\/exceladvisor.org\/es\/ajuste-automatico\/\">Ajuste autom\u00e1tico<\/a><\/li>\n<li> <a href=\"https:\/\/exceladvisor.org\/es\/formato-pintor-1\/\">Formato pintor<\/a><\/li>\n<li> <a href=\"https:\/\/exceladvisor.org\/es\/ajustar-texto\/\">Ajustar texto<\/a><\/li>\n<li> <a href=\"https:\/\/exceladvisor.org\/es\/anadir-comentarios\/\">A\u00f1adir comentarios<\/a><\/li>\n<\/ul>\n<\/li>\n<\/ul>\n<\/div>\n<\/div>\n<\/div>\n<\/div>\n","protected":false},"excerpt":{"rendered":"<p>En Microsoft Excel, la funci\u00f3n \u00abformato de celdas\u00bb le permite personalizar la apariencia de las celdas ajustando varias opciones de formato. Para acceder al cuadro de di\u00e1logo Formato de celdas, puede hacer clic con el bot\u00f3n derecho en una celda o rango de celdas y seleccionar Formato de celdas en el men\u00fa contextual. Tambi\u00e9n puede [&hellip;]<\/p>\n","protected":false},"author":1,"featured_media":0,"parent":0,"menu_order":0,"comment_status":"open","ping_status":"closed","template":"","meta":{"ub_ctt_via":"","footnotes":""},"class_list":["post-593","page","type-page","status-publish","hentry"],"featured_image_src":null,"yoast_head":"<!-- This site is optimized with the Yoast SEO plugin v25.4 - https:\/\/yoast.com\/wordpress\/plugins\/seo\/ -->\n<title>\u00bfc\u00f3mo abrir la opci\u00f3n de formato de celdas?<\/title>\n<meta name=\"robots\" content=\"index, follow, max-snippet:-1, max-image-preview:large, max-video-preview:-1\" \/>\n<link rel=\"canonical\" href=\"https:\/\/exceladvisor.org\/es\/opciones-de-celda-de-formato-abierto\/\" \/>\n<meta property=\"og:locale\" content=\"es_ES\" \/>\n<meta property=\"og:type\" content=\"article\" \/>\n<meta property=\"og:title\" content=\"\u00bfc\u00f3mo abrir la opci\u00f3n de formato de celdas?\" \/>\n<meta property=\"og:description\" content=\"En Microsoft Excel, la funci\u00f3n \u00abformato de celdas\u00bb le permite personalizar la apariencia de las celdas ajustando varias opciones de formato. Para acceder al cuadro de di\u00e1logo Formato de celdas, puede hacer clic con el bot\u00f3n derecho en una celda o rango de celdas y seleccionar Formato de celdas en el men\u00fa contextual. Tambi\u00e9n puede [&hellip;]\" \/>\n<meta property=\"og:url\" content=\"https:\/\/exceladvisor.org\/es\/opciones-de-celda-de-formato-abierto\/\" \/>\n<meta property=\"og:site_name\" content=\"Excel Advisor\" \/>\n<meta property=\"article:modified_time\" content=\"2023-12-25T10:22:36+00:00\" \/>\n<meta property=\"og:image\" content=\"https:\/\/exceladvisor.org\/wp-content\/uploads\/2023\/08\/options-de-cellule-de-format-de-raccourci-clavier-1.png\" \/>\n<meta name=\"twitter:card\" content=\"summary_large_image\" \/>\n<meta name=\"twitter:label1\" content=\"Tiempo de lectura\" \/>\n\t<meta name=\"twitter:data1\" content=\"1 minuto\" \/>\n<script type=\"application\/ld+json\" class=\"yoast-schema-graph\">{\"@context\":\"https:\/\/schema.org\",\"@graph\":[{\"@type\":\"WebPage\",\"@id\":\"https:\/\/exceladvisor.org\/es\/opciones-de-celda-de-formato-abierto\/\",\"url\":\"https:\/\/exceladvisor.org\/es\/opciones-de-celda-de-formato-abierto\/\",\"name\":\"\u00bfc\u00f3mo abrir la opci\u00f3n de formato de celdas?\",\"isPartOf\":{\"@id\":\"https:\/\/exceladvisor.org\/es\/#website\"},\"primaryImageOfPage\":{\"@id\":\"https:\/\/exceladvisor.org\/es\/opciones-de-celda-de-formato-abierto\/#primaryimage\"},\"image\":{\"@id\":\"https:\/\/exceladvisor.org\/es\/opciones-de-celda-de-formato-abierto\/#primaryimage\"},\"thumbnailUrl\":\"https:\/\/exceladvisor.org\/wp-content\/uploads\/2023\/08\/options-de-cellule-de-format-de-raccourci-clavier-1.png\",\"datePublished\":\"2023-10-21T10:46:36+00:00\",\"dateModified\":\"2023-12-25T10:22:36+00:00\",\"breadcrumb\":{\"@id\":\"https:\/\/exceladvisor.org\/es\/opciones-de-celda-de-formato-abierto\/#breadcrumb\"},\"inLanguage\":\"es\",\"potentialAction\":[{\"@type\":\"ReadAction\",\"target\":[\"https:\/\/exceladvisor.org\/es\/opciones-de-celda-de-formato-abierto\/\"]}]},{\"@type\":\"ImageObject\",\"inLanguage\":\"es\",\"@id\":\"https:\/\/exceladvisor.org\/es\/opciones-de-celda-de-formato-abierto\/#primaryimage\",\"url\":\"https:\/\/exceladvisor.org\/wp-content\/uploads\/2023\/08\/options-de-cellule-de-format-de-raccourci-clavier-1.png\",\"contentUrl\":\"https:\/\/exceladvisor.org\/wp-content\/uploads\/2023\/08\/options-de-cellule-de-format-de-raccourci-clavier-1.png\"},{\"@type\":\"BreadcrumbList\",\"@id\":\"https:\/\/exceladvisor.org\/es\/opciones-de-celda-de-formato-abierto\/#breadcrumb\",\"itemListElement\":[{\"@type\":\"ListItem\",\"position\":1,\"name\":\"Hogar\",\"item\":\"https:\/\/exceladvisor.org\/es\/\"},{\"@type\":\"ListItem\",\"position\":2,\"name\":\"\u00bfc\u00f3mo abrir la opci\u00f3n de formato de celdas?\"}]},{\"@type\":\"WebSite\",\"@id\":\"https:\/\/exceladvisor.org\/es\/#website\",\"url\":\"https:\/\/exceladvisor.org\/es\/\",\"name\":\"Excel Advisor\",\"description\":\"Su gu\u00eda para la dominaci\u00f3n de datos!\",\"publisher\":{\"@id\":\"https:\/\/exceladvisor.org\/es\/#organization\"},\"potentialAction\":[{\"@type\":\"SearchAction\",\"target\":{\"@type\":\"EntryPoint\",\"urlTemplate\":\"https:\/\/exceladvisor.org\/es\/?s={search_term_string}\"},\"query-input\":{\"@type\":\"PropertyValueSpecification\",\"valueRequired\":true,\"valueName\":\"search_term_string\"}}],\"inLanguage\":\"es\"},{\"@type\":\"Organization\",\"@id\":\"https:\/\/exceladvisor.org\/es\/#organization\",\"name\":\"Excel Advisor\",\"url\":\"https:\/\/exceladvisor.org\/es\/\",\"logo\":{\"@type\":\"ImageObject\",\"inLanguage\":\"es\",\"@id\":\"https:\/\/exceladvisor.org\/es\/#\/schema\/logo\/image\/\",\"url\":\"https:\/\/exceladvisor.org\/es\/wp-content\/uploads\/2023\/12\/exceladvisor.org_.png\",\"contentUrl\":\"https:\/\/exceladvisor.org\/es\/wp-content\/uploads\/2023\/12\/exceladvisor.org_.png\",\"width\":105,\"height\":36,\"caption\":\"Excel Advisor\"},\"image\":{\"@id\":\"https:\/\/exceladvisor.org\/es\/#\/schema\/logo\/image\/\"}}]}<\/script>\n<!-- \/ Yoast SEO plugin. -->","yoast_head_json":{"title":"\u00bfc\u00f3mo abrir la opci\u00f3n de formato de celdas?","robots":{"index":"index","follow":"follow","max-snippet":"max-snippet:-1","max-image-preview":"max-image-preview:large","max-video-preview":"max-video-preview:-1"},"canonical":"https:\/\/exceladvisor.org\/es\/opciones-de-celda-de-formato-abierto\/","og_locale":"es_ES","og_type":"article","og_title":"\u00bfc\u00f3mo abrir la opci\u00f3n de formato de celdas?","og_description":"En Microsoft Excel, la funci\u00f3n \u00abformato de celdas\u00bb le permite personalizar la apariencia de las celdas ajustando varias opciones de formato. Para acceder al cuadro de di\u00e1logo Formato de celdas, puede hacer clic con el bot\u00f3n derecho en una celda o rango de celdas y seleccionar Formato de celdas en el men\u00fa contextual. Tambi\u00e9n puede [&hellip;]","og_url":"https:\/\/exceladvisor.org\/es\/opciones-de-celda-de-formato-abierto\/","og_site_name":"Excel Advisor","article_modified_time":"2023-12-25T10:22:36+00:00","og_image":[{"url":"https:\/\/exceladvisor.org\/wp-content\/uploads\/2023\/08\/options-de-cellule-de-format-de-raccourci-clavier-1.png","type":"","width":"","height":""}],"twitter_card":"summary_large_image","twitter_misc":{"Tiempo de lectura":"1 minuto"},"schema":{"@context":"https:\/\/schema.org","@graph":[{"@type":"WebPage","@id":"https:\/\/exceladvisor.org\/es\/opciones-de-celda-de-formato-abierto\/","url":"https:\/\/exceladvisor.org\/es\/opciones-de-celda-de-formato-abierto\/","name":"\u00bfc\u00f3mo abrir la opci\u00f3n de formato de celdas?","isPartOf":{"@id":"https:\/\/exceladvisor.org\/es\/#website"},"primaryImageOfPage":{"@id":"https:\/\/exceladvisor.org\/es\/opciones-de-celda-de-formato-abierto\/#primaryimage"},"image":{"@id":"https:\/\/exceladvisor.org\/es\/opciones-de-celda-de-formato-abierto\/#primaryimage"},"thumbnailUrl":"https:\/\/exceladvisor.org\/wp-content\/uploads\/2023\/08\/options-de-cellule-de-format-de-raccourci-clavier-1.png","datePublished":"2023-10-21T10:46:36+00:00","dateModified":"2023-12-25T10:22:36+00:00","breadcrumb":{"@id":"https:\/\/exceladvisor.org\/es\/opciones-de-celda-de-formato-abierto\/#breadcrumb"},"inLanguage":"es","potentialAction":[{"@type":"ReadAction","target":["https:\/\/exceladvisor.org\/es\/opciones-de-celda-de-formato-abierto\/"]}]},{"@type":"ImageObject","inLanguage":"es","@id":"https:\/\/exceladvisor.org\/es\/opciones-de-celda-de-formato-abierto\/#primaryimage","url":"https:\/\/exceladvisor.org\/wp-content\/uploads\/2023\/08\/options-de-cellule-de-format-de-raccourci-clavier-1.png","contentUrl":"https:\/\/exceladvisor.org\/wp-content\/uploads\/2023\/08\/options-de-cellule-de-format-de-raccourci-clavier-1.png"},{"@type":"BreadcrumbList","@id":"https:\/\/exceladvisor.org\/es\/opciones-de-celda-de-formato-abierto\/#breadcrumb","itemListElement":[{"@type":"ListItem","position":1,"name":"Hogar","item":"https:\/\/exceladvisor.org\/es\/"},{"@type":"ListItem","position":2,"name":"\u00bfc\u00f3mo abrir la opci\u00f3n de formato de celdas?"}]},{"@type":"WebSite","@id":"https:\/\/exceladvisor.org\/es\/#website","url":"https:\/\/exceladvisor.org\/es\/","name":"Excel Advisor","description":"Su gu\u00eda para la dominaci\u00f3n de datos!","publisher":{"@id":"https:\/\/exceladvisor.org\/es\/#organization"},"potentialAction":[{"@type":"SearchAction","target":{"@type":"EntryPoint","urlTemplate":"https:\/\/exceladvisor.org\/es\/?s={search_term_string}"},"query-input":{"@type":"PropertyValueSpecification","valueRequired":true,"valueName":"search_term_string"}}],"inLanguage":"es"},{"@type":"Organization","@id":"https:\/\/exceladvisor.org\/es\/#organization","name":"Excel Advisor","url":"https:\/\/exceladvisor.org\/es\/","logo":{"@type":"ImageObject","inLanguage":"es","@id":"https:\/\/exceladvisor.org\/es\/#\/schema\/logo\/image\/","url":"https:\/\/exceladvisor.org\/es\/wp-content\/uploads\/2023\/12\/exceladvisor.org_.png","contentUrl":"https:\/\/exceladvisor.org\/es\/wp-content\/uploads\/2023\/12\/exceladvisor.org_.png","width":105,"height":36,"caption":"Excel Advisor"},"image":{"@id":"https:\/\/exceladvisor.org\/es\/#\/schema\/logo\/image\/"}}]}},"yoast_meta":{"yoast_wpseo_title":"","yoast_wpseo_metadesc":"","yoast_wpseo_canonical":""},"_links":{"self":[{"href":"https:\/\/exceladvisor.org\/es\/wp-json\/wp\/v2\/pages\/593","targetHints":{"allow":["GET"]}}],"collection":[{"href":"https:\/\/exceladvisor.org\/es\/wp-json\/wp\/v2\/pages"}],"about":[{"href":"https:\/\/exceladvisor.org\/es\/wp-json\/wp\/v2\/types\/page"}],"author":[{"embeddable":true,"href":"https:\/\/exceladvisor.org\/es\/wp-json\/wp\/v2\/users\/1"}],"replies":[{"embeddable":true,"href":"https:\/\/exceladvisor.org\/es\/wp-json\/wp\/v2\/comments?post=593"}],"version-history":[{"count":1,"href":"https:\/\/exceladvisor.org\/es\/wp-json\/wp\/v2\/pages\/593\/revisions"}],"predecessor-version":[{"id":777,"href":"https:\/\/exceladvisor.org\/es\/wp-json\/wp\/v2\/pages\/593\/revisions\/777"}],"wp:attachment":[{"href":"https:\/\/exceladvisor.org\/es\/wp-json\/wp\/v2\/media?parent=593"}],"curies":[{"name":"wp","href":"https:\/\/api.w.org\/{rel}","templated":true}]}}