{"id":597,"date":"2023-10-21T07:50:53","date_gmt":"2023-10-21T07:50:53","guid":{"rendered":"https:\/\/exceladvisor.org\/es\/exponente\/"},"modified":"2023-12-25T10:27:41","modified_gmt":"2023-12-25T10:27:41","slug":"exponente","status":"publish","type":"page","link":"https:\/\/exceladvisor.org\/es\/exponente\/","title":{"rendered":"\u00bfc\u00f3mo super\u00edndice usando el atajo de excel?"},"content":{"rendered":"<div class=\"excel-antes-del-contenido\" id=\"excel-432431344\"><script type=\"text\/javascript\">\r\n\tatOptions = {\r\n\t\t'key' : 'c1158f160081d6540a8409e6925dab94',\r\n\t\t'format' : 'iframe',\r\n\t\t'height' : 250,\r\n\t\t'width' : 300,\r\n\t\t'params' : {}\r\n\t};\r\n<\/script>\r\n<script type=\"text\/javascript\" src=\"\/\/www.highperformanceformat.com\/c1158f160081d6540a8409e6925dab94\/invoke.js\"><\/script><\/div><p>Super\u00edndice es un formato de texto que se utiliza para mover cualquier texto o valor num\u00e9rico ligeramente por encima del resto del texto de la celda.<\/p>\n<p> El super\u00edndice en Excel se puede utilizar para presentar derechos de autor y marcas registradas y otros s\u00edmbolos como <sup>@<\/sup> <sub>,<\/sub> <sup>RM<\/sup> , <sup>*<\/sup> , ecuaciones matem\u00e1ticas Sqm <sup>2<\/sup> , cm <sup>2<\/sup> y secuencias de orden como 1 <sup>st<\/sup> y 2 <sup>e<\/sup> .<\/p>\n<h2 class=\"wp-block-heading\"> Atajo de teclado para super\u00edndice en Excel<\/h2>\n<p> En Excel, para usar el exponente, el usuario debe seguir la siguiente combinaci\u00f3n de teclas, ya que Excel no tiene un acceso directo predeterminado configurado para esto.<\/p>\n<p> <kbd>Ctrl<\/kbd> + <kbd>1<\/kbd> , luego <kbd>Alt<\/kbd> + <kbd>E<\/kbd> \u2192 <kbd>Entrar<\/kbd> <\/p>\n<div class=\"wp-block-image\">\n<figure class=\"aligncenter size-full is-resized\"><img loading=\"lazy\" decoding=\"async\" class=\"wp-image-67557\" src=\"https:\/\/exceladvisor.org\/wp-content\/uploads\/2023\/08\/1-raccourci-vers-lexposant.png\" sizes=\"auto, \" srcset=\"\" alt=\"atajo al exponente\" width=\"826\" height=\"323\"><\/figure>\n<\/div>\n<h2 class=\"wp-block-heading\"> Pasos para usar exponente usando el atajo de teclado<\/h2>\n<ol>\n<li> Primero, haga doble clic en la celda y seleccione solo el texto que desea usar como super\u00edndice. <br \/><img decoding=\"async\" title=\"2-seleccionar-texto-para-super\u00edndice\" src=\"https:\/\/exceladvisor.org\/wp-content\/uploads\/2023\/08\/2-selectionner-le-texte-pour-lexposant.png\" sizes=\"\" srcset=\"\" alt=\"select-text-for-superscript\"><\/li>\n<li> Despu\u00e9s de eso, presione las teclas \u00abCtrl + 1\u00bb y abrir\u00e1 el cuadro de di\u00e1logo \u00abFormato de celdas\u00bb.<\/li>\n<li> Ahora presione las teclas \u00abAlt + E\u00bb para mover la selecci\u00f3n y marcar la opci\u00f3n Exponente. <br \/><img loading=\"lazy\" decoding=\"async\" title=\"Cuadro-de-di\u00e1logo-abierto-de-3-formato-de-celdas\" src=\"https:\/\/exceladvisor.org\/wp-content\/uploads\/2023\/08\/3-boite-de-dialogue-de-mise-en-forme-des-cellules-ouverte.png\" sizes=\"auto, \" srcset=\"\" alt=\"format-cells-dialog-box-opened\" width=\"509\" height=\"431\"><\/li>\n<li> Al final, presione la tecla \u00abEntrar\u00bb y el texto seleccionado se mover\u00e1 ligeramente por encima del resto de los caracteres de la celda. <br \/><img decoding=\"async\" title=\"Texto con 4 super\u00edndices\" src=\"https:\/\/exceladvisor.org\/wp-content\/uploads\/2023\/08\/4-texte-en-exposant.png\" sizes=\"\" srcset=\"\" alt=\"superscript-text\"><\/li>\n<\/ol>\n<div class=\"gb-container gb-container-2116538e gb-container-mt\"> <a class=\"gb-button gb-button-f7d2c131 gb-button-text gb-button-mt-button\" href=\"https:\/\/exceladvisor.org\/es\/atajos-de-teclado\/\">Atajos de teclado para PDF de Excel<\/a><\/p>\n<h2 class=\"gb-headline gb-headline-7ed68554 gb-headline-text gb-headline-mt-heading\"> M\u00e1s atajos <\/h2>\n<div class=\"gb-grid-wrapper gb-grid-wrapper-edeef538 gb-grid-wrapper-mt-grid\">\n<div class=\"gb-grid-column gb-grid-column-766d598b\">\n<div class=\"gb-container gb-container-766d598b\">\n<ul>\n<li> <a href=\"https:\/\/exceladvisor.org\/es\/formato-de-moneda\/\">Formato de moneda Applu<\/a><\/li>\n<li> <a href=\"https:\/\/exceladvisor.org\/es\/formato-de-porcentaje\/\">Porcentaje de formato<\/a><\/li>\n<li> <a href=\"https:\/\/exceladvisor.org\/es\/formato-de-fecha\/\">Aplicar formato de fecha<\/a><\/li>\n<li> <a href=\"https:\/\/exceladvisor.org\/es\/formato-de-tiempo\/\">Aplicar formato de hora<\/a><\/li>\n<\/ul>\n<\/div>\n<\/div>\n<\/div>\n<\/div>\n","protected":false},"excerpt":{"rendered":"<p>Super\u00edndice es un formato de texto que se utiliza para mover cualquier texto o valor num\u00e9rico ligeramente por encima del resto del texto de la celda. El super\u00edndice en Excel se puede utilizar para presentar derechos de autor y marcas registradas y otros s\u00edmbolos como @ , RM , * , ecuaciones matem\u00e1ticas Sqm 2 [&hellip;]<\/p>\n","protected":false},"author":1,"featured_media":0,"parent":0,"menu_order":0,"comment_status":"open","ping_status":"closed","template":"","meta":{"ub_ctt_via":"","footnotes":""},"class_list":["post-597","page","type-page","status-publish","hentry"],"featured_image_src":null,"yoast_head":"<!-- This site is optimized with the Yoast SEO plugin v25.4 - https:\/\/yoast.com\/wordpress\/plugins\/seo\/ -->\n<title>\u00bfc\u00f3mo super\u00edndice usando el atajo de excel?<\/title>\n<meta name=\"robots\" content=\"index, follow, max-snippet:-1, max-image-preview:large, max-video-preview:-1\" \/>\n<link rel=\"canonical\" href=\"https:\/\/exceladvisor.org\/es\/exponente\/\" \/>\n<meta property=\"og:locale\" content=\"es_ES\" \/>\n<meta property=\"og:type\" content=\"article\" \/>\n<meta property=\"og:title\" content=\"\u00bfc\u00f3mo super\u00edndice usando el atajo de excel?\" \/>\n<meta property=\"og:description\" content=\"Super\u00edndice es un formato de texto que se utiliza para mover cualquier texto o valor num\u00e9rico ligeramente por encima del resto del texto de la celda. El super\u00edndice en Excel se puede utilizar para presentar derechos de autor y marcas registradas y otros s\u00edmbolos como @ , RM , * , ecuaciones matem\u00e1ticas Sqm 2 [&hellip;]\" \/>\n<meta property=\"og:url\" content=\"https:\/\/exceladvisor.org\/es\/exponente\/\" \/>\n<meta property=\"og:site_name\" content=\"Excel Advisor\" \/>\n<meta property=\"article:modified_time\" content=\"2023-12-25T10:27:41+00:00\" \/>\n<meta property=\"og:image\" content=\"https:\/\/exceladvisor.org\/wp-content\/uploads\/2023\/08\/1-raccourci-vers-lexposant.png\" \/>\n<meta name=\"twitter:card\" content=\"summary_large_image\" \/>\n<meta name=\"twitter:label1\" content=\"Tiempo de lectura\" \/>\n\t<meta name=\"twitter:data1\" content=\"1 minuto\" \/>\n<script type=\"application\/ld+json\" class=\"yoast-schema-graph\">{\"@context\":\"https:\/\/schema.org\",\"@graph\":[{\"@type\":\"WebPage\",\"@id\":\"https:\/\/exceladvisor.org\/es\/exponente\/\",\"url\":\"https:\/\/exceladvisor.org\/es\/exponente\/\",\"name\":\"\u00bfc\u00f3mo super\u00edndice usando el atajo de excel?\",\"isPartOf\":{\"@id\":\"https:\/\/exceladvisor.org\/es\/#website\"},\"primaryImageOfPage\":{\"@id\":\"https:\/\/exceladvisor.org\/es\/exponente\/#primaryimage\"},\"image\":{\"@id\":\"https:\/\/exceladvisor.org\/es\/exponente\/#primaryimage\"},\"thumbnailUrl\":\"https:\/\/exceladvisor.org\/wp-content\/uploads\/2023\/08\/1-raccourci-vers-lexposant.png\",\"datePublished\":\"2023-10-21T07:50:53+00:00\",\"dateModified\":\"2023-12-25T10:27:41+00:00\",\"breadcrumb\":{\"@id\":\"https:\/\/exceladvisor.org\/es\/exponente\/#breadcrumb\"},\"inLanguage\":\"es\",\"potentialAction\":[{\"@type\":\"ReadAction\",\"target\":[\"https:\/\/exceladvisor.org\/es\/exponente\/\"]}]},{\"@type\":\"ImageObject\",\"inLanguage\":\"es\",\"@id\":\"https:\/\/exceladvisor.org\/es\/exponente\/#primaryimage\",\"url\":\"https:\/\/exceladvisor.org\/wp-content\/uploads\/2023\/08\/1-raccourci-vers-lexposant.png\",\"contentUrl\":\"https:\/\/exceladvisor.org\/wp-content\/uploads\/2023\/08\/1-raccourci-vers-lexposant.png\"},{\"@type\":\"BreadcrumbList\",\"@id\":\"https:\/\/exceladvisor.org\/es\/exponente\/#breadcrumb\",\"itemListElement\":[{\"@type\":\"ListItem\",\"position\":1,\"name\":\"Hogar\",\"item\":\"https:\/\/exceladvisor.org\/es\/\"},{\"@type\":\"ListItem\",\"position\":2,\"name\":\"\u00bfc\u00f3mo super\u00edndice usando el atajo de excel?\"}]},{\"@type\":\"WebSite\",\"@id\":\"https:\/\/exceladvisor.org\/es\/#website\",\"url\":\"https:\/\/exceladvisor.org\/es\/\",\"name\":\"Excel Advisor\",\"description\":\"Su gu\u00eda para la dominaci\u00f3n de datos!\",\"publisher\":{\"@id\":\"https:\/\/exceladvisor.org\/es\/#organization\"},\"potentialAction\":[{\"@type\":\"SearchAction\",\"target\":{\"@type\":\"EntryPoint\",\"urlTemplate\":\"https:\/\/exceladvisor.org\/es\/?s={search_term_string}\"},\"query-input\":{\"@type\":\"PropertyValueSpecification\",\"valueRequired\":true,\"valueName\":\"search_term_string\"}}],\"inLanguage\":\"es\"},{\"@type\":\"Organization\",\"@id\":\"https:\/\/exceladvisor.org\/es\/#organization\",\"name\":\"Excel Advisor\",\"url\":\"https:\/\/exceladvisor.org\/es\/\",\"logo\":{\"@type\":\"ImageObject\",\"inLanguage\":\"es\",\"@id\":\"https:\/\/exceladvisor.org\/es\/#\/schema\/logo\/image\/\",\"url\":\"https:\/\/exceladvisor.org\/es\/wp-content\/uploads\/2023\/12\/exceladvisor.org_.png\",\"contentUrl\":\"https:\/\/exceladvisor.org\/es\/wp-content\/uploads\/2023\/12\/exceladvisor.org_.png\",\"width\":105,\"height\":36,\"caption\":\"Excel Advisor\"},\"image\":{\"@id\":\"https:\/\/exceladvisor.org\/es\/#\/schema\/logo\/image\/\"}}]}<\/script>\n<!-- \/ Yoast SEO plugin. -->","yoast_head_json":{"title":"\u00bfc\u00f3mo super\u00edndice usando el atajo de excel?","robots":{"index":"index","follow":"follow","max-snippet":"max-snippet:-1","max-image-preview":"max-image-preview:large","max-video-preview":"max-video-preview:-1"},"canonical":"https:\/\/exceladvisor.org\/es\/exponente\/","og_locale":"es_ES","og_type":"article","og_title":"\u00bfc\u00f3mo super\u00edndice usando el atajo de excel?","og_description":"Super\u00edndice es un formato de texto que se utiliza para mover cualquier texto o valor num\u00e9rico ligeramente por encima del resto del texto de la celda. El super\u00edndice en Excel se puede utilizar para presentar derechos de autor y marcas registradas y otros s\u00edmbolos como @ , RM , * , ecuaciones matem\u00e1ticas Sqm 2 [&hellip;]","og_url":"https:\/\/exceladvisor.org\/es\/exponente\/","og_site_name":"Excel Advisor","article_modified_time":"2023-12-25T10:27:41+00:00","og_image":[{"url":"https:\/\/exceladvisor.org\/wp-content\/uploads\/2023\/08\/1-raccourci-vers-lexposant.png","type":"","width":"","height":""}],"twitter_card":"summary_large_image","twitter_misc":{"Tiempo de lectura":"1 minuto"},"schema":{"@context":"https:\/\/schema.org","@graph":[{"@type":"WebPage","@id":"https:\/\/exceladvisor.org\/es\/exponente\/","url":"https:\/\/exceladvisor.org\/es\/exponente\/","name":"\u00bfc\u00f3mo super\u00edndice usando el atajo de excel?","isPartOf":{"@id":"https:\/\/exceladvisor.org\/es\/#website"},"primaryImageOfPage":{"@id":"https:\/\/exceladvisor.org\/es\/exponente\/#primaryimage"},"image":{"@id":"https:\/\/exceladvisor.org\/es\/exponente\/#primaryimage"},"thumbnailUrl":"https:\/\/exceladvisor.org\/wp-content\/uploads\/2023\/08\/1-raccourci-vers-lexposant.png","datePublished":"2023-10-21T07:50:53+00:00","dateModified":"2023-12-25T10:27:41+00:00","breadcrumb":{"@id":"https:\/\/exceladvisor.org\/es\/exponente\/#breadcrumb"},"inLanguage":"es","potentialAction":[{"@type":"ReadAction","target":["https:\/\/exceladvisor.org\/es\/exponente\/"]}]},{"@type":"ImageObject","inLanguage":"es","@id":"https:\/\/exceladvisor.org\/es\/exponente\/#primaryimage","url":"https:\/\/exceladvisor.org\/wp-content\/uploads\/2023\/08\/1-raccourci-vers-lexposant.png","contentUrl":"https:\/\/exceladvisor.org\/wp-content\/uploads\/2023\/08\/1-raccourci-vers-lexposant.png"},{"@type":"BreadcrumbList","@id":"https:\/\/exceladvisor.org\/es\/exponente\/#breadcrumb","itemListElement":[{"@type":"ListItem","position":1,"name":"Hogar","item":"https:\/\/exceladvisor.org\/es\/"},{"@type":"ListItem","position":2,"name":"\u00bfc\u00f3mo super\u00edndice usando el atajo de excel?"}]},{"@type":"WebSite","@id":"https:\/\/exceladvisor.org\/es\/#website","url":"https:\/\/exceladvisor.org\/es\/","name":"Excel Advisor","description":"Su gu\u00eda para la dominaci\u00f3n de datos!","publisher":{"@id":"https:\/\/exceladvisor.org\/es\/#organization"},"potentialAction":[{"@type":"SearchAction","target":{"@type":"EntryPoint","urlTemplate":"https:\/\/exceladvisor.org\/es\/?s={search_term_string}"},"query-input":{"@type":"PropertyValueSpecification","valueRequired":true,"valueName":"search_term_string"}}],"inLanguage":"es"},{"@type":"Organization","@id":"https:\/\/exceladvisor.org\/es\/#organization","name":"Excel Advisor","url":"https:\/\/exceladvisor.org\/es\/","logo":{"@type":"ImageObject","inLanguage":"es","@id":"https:\/\/exceladvisor.org\/es\/#\/schema\/logo\/image\/","url":"https:\/\/exceladvisor.org\/es\/wp-content\/uploads\/2023\/12\/exceladvisor.org_.png","contentUrl":"https:\/\/exceladvisor.org\/es\/wp-content\/uploads\/2023\/12\/exceladvisor.org_.png","width":105,"height":36,"caption":"Excel Advisor"},"image":{"@id":"https:\/\/exceladvisor.org\/es\/#\/schema\/logo\/image\/"}}]}},"yoast_meta":{"yoast_wpseo_title":"","yoast_wpseo_metadesc":"","yoast_wpseo_canonical":""},"_links":{"self":[{"href":"https:\/\/exceladvisor.org\/es\/wp-json\/wp\/v2\/pages\/597","targetHints":{"allow":["GET"]}}],"collection":[{"href":"https:\/\/exceladvisor.org\/es\/wp-json\/wp\/v2\/pages"}],"about":[{"href":"https:\/\/exceladvisor.org\/es\/wp-json\/wp\/v2\/types\/page"}],"author":[{"embeddable":true,"href":"https:\/\/exceladvisor.org\/es\/wp-json\/wp\/v2\/users\/1"}],"replies":[{"embeddable":true,"href":"https:\/\/exceladvisor.org\/es\/wp-json\/wp\/v2\/comments?post=597"}],"version-history":[{"count":1,"href":"https:\/\/exceladvisor.org\/es\/wp-json\/wp\/v2\/pages\/597\/revisions"}],"predecessor-version":[{"id":1220,"href":"https:\/\/exceladvisor.org\/es\/wp-json\/wp\/v2\/pages\/597\/revisions\/1220"}],"wp:attachment":[{"href":"https:\/\/exceladvisor.org\/es\/wp-json\/wp\/v2\/media?parent=597"}],"curies":[{"name":"wp","href":"https:\/\/api.w.org\/{rel}","templated":true}]}}