{"id":599,"date":"2023-10-20T22:21:51","date_gmt":"2023-10-20T22:21:51","guid":{"rendered":"https:\/\/exceladvisor.org\/es\/insertar-una-celda\/"},"modified":"2023-12-25T10:25:56","modified_gmt":"2023-12-25T10:25:56","slug":"insertar-una-celda","status":"publish","type":"page","link":"https:\/\/exceladvisor.org\/es\/insertar-una-celda\/","title":{"rendered":"\u00bfc\u00f3mo insertar una celda usando el acceso directo de excel?"},"content":{"rendered":"<div class=\"excel-antes-del-contenido\" id=\"excel-1952309330\"><script type=\"text\/javascript\">\r\n\tatOptions = {\r\n\t\t'key' : 'c1158f160081d6540a8409e6925dab94',\r\n\t\t'format' : 'iframe',\r\n\t\t'height' : 250,\r\n\t\t'width' : 300,\r\n\t\t'params' : {}\r\n\t};\r\n<\/script>\r\n<script type=\"text\/javascript\" src=\"\/\/www.highperformanceformat.com\/c1158f160081d6540a8409e6925dab94\/invoke.js\"><\/script><\/div><p>Mientras trabajan con los datos, a veces los usuarios necesitan insertar solo la celda en lugar de agregar la nueva fila o columna y los usuarios pueden hacer lo mismo usando la opci\u00f3n de inserci\u00f3n.<\/p>\n<p> Al igual que otras opciones y funciones de Excel, los usuarios pueden insertar celdas manualmente usando el mouse o el m\u00e9todo abreviado de teclado.<\/p>\n<h2 class=\"wp-block-heading\"> Atajo de teclado para insertar una celda en Excel<\/h2>\n<p> El m\u00e9todo abreviado de teclado para insertar la celda o rango de celdas espec\u00edfico es el que se menciona a continuaci\u00f3n:<\/p>\n<p> <kbd>Ctrl<\/kbd> + <kbd>May\u00fas<\/kbd> <kbd>++<\/kbd> <\/p>\n<div class=\"wp-block-image\">\n<figure class=\"aligncenter size-full is-resized\"><img loading=\"lazy\" decoding=\"async\" class=\"wp-image-72797\" src=\"https:\/\/exceladvisor.org\/wp-content\/uploads\/2023\/08\/1-touche-de-raccourci-dinsertion-de-cellule.png\" sizes=\"auto, \" srcset=\"\" alt=\"insertar tecla de acceso directo de celda\" width=\"746\" height=\"292\"><\/figure>\n<\/div>\n<h2 class=\"wp-block-heading\"> Pasos para insertar una celda usando un atajo de teclado<\/h2>\n<ol>\n<li> Primero, vaya a la celda de arriba o a la izquierda de la cual desea insertar la nueva celda en blanco.<\/li>\n<li> Despu\u00e9s de eso, simplemente presione las teclas \u00abCtrl + Shift + + (m\u00e1s) juntas y se abrir\u00e1 el cuadro de di\u00e1logo \u00abInsertar\u00bb.<\/li>\n<li> Ahora elige la opci\u00f3n donde quieres mover los datos para insertar la nueva celda.<\/li>\n<li> Una vez seleccionado, presione Enter y se insertar\u00e1 la nueva celda. <\/li>\n<\/ol>\n<div class=\"wp-block-image\">\n<figure class=\"aligncenter size-full\"><img loading=\"lazy\" decoding=\"async\" class=\"wp-image-72798\" src=\"https:\/\/exceladvisor.org\/wp-content\/uploads\/2023\/08\/2-boite-de-dialogue-dinsertion.png\" sizes=\"auto, \" srcset=\"\" alt=\"insertar di\u00e1logo\" width=\"220\" height=\"231\"><\/figure>\n<\/div>\n<p class=\"qt-tip\"> Nota: Si tiene sus datos en el rango de la tabla, la opci\u00f3n Insertar solo celda no funcionar\u00e1 y le agregar\u00e1 una fila o columna. <\/p>\n<div class=\"wp-block-group more-tutorials is-layout-flow\">\n<div class=\"wp-block-group__inner-container\">\n<h2 class=\"wp-block-heading\"> M\u00e1s tutoriales <\/h2>\n<div class=\"wp-block-columns is-layout-flex wp-container-143\">\n<div class=\"wp-block-column is-layout-flow\">\n<ul>\n<li> <a href=\"https:\/\/exceladvisor.org\/es\/agregar-la-columna-1\/\">Agregar una columna<\/a><\/li>\n<li> <a href=\"https:\/\/exceladvisor.org\/es\/eliminar-celda\/\">Eliminar celda<\/a><\/li>\n<li> <a href=\"https:\/\/exceladvisor.org\/es\/eliminar-linea\/\">Eliminar filas<\/a><\/li>\n<li> <a href=\"https:\/\/exceladvisor.org\/es\/editar-celda\/\">Editar celda<\/a><\/li>\n<\/ul>\n<\/div>\n<\/div>\n<\/div>\n<\/div>\n","protected":false},"excerpt":{"rendered":"<p>Mientras trabajan con los datos, a veces los usuarios necesitan insertar solo la celda en lugar de agregar la nueva fila o columna y los usuarios pueden hacer lo mismo usando la opci\u00f3n de inserci\u00f3n. Al igual que otras opciones y funciones de Excel, los usuarios pueden insertar celdas manualmente usando el mouse o el [&hellip;]<\/p>\n","protected":false},"author":1,"featured_media":0,"parent":0,"menu_order":0,"comment_status":"open","ping_status":"closed","template":"","meta":{"ub_ctt_via":"","footnotes":""},"class_list":["post-599","page","type-page","status-publish","hentry"],"featured_image_src":null,"yoast_head":"<!-- This site is optimized with the Yoast SEO plugin v25.4 - https:\/\/yoast.com\/wordpress\/plugins\/seo\/ -->\n<title>\u00bfc\u00f3mo insertar una celda usando el acceso directo de excel?<\/title>\n<meta name=\"robots\" content=\"index, follow, max-snippet:-1, max-image-preview:large, max-video-preview:-1\" \/>\n<link rel=\"canonical\" href=\"https:\/\/exceladvisor.org\/es\/insertar-una-celda\/\" \/>\n<meta property=\"og:locale\" content=\"es_ES\" \/>\n<meta property=\"og:type\" content=\"article\" \/>\n<meta property=\"og:title\" content=\"\u00bfc\u00f3mo insertar una celda usando el acceso directo de excel?\" \/>\n<meta property=\"og:description\" content=\"Mientras trabajan con los datos, a veces los usuarios necesitan insertar solo la celda en lugar de agregar la nueva fila o columna y los usuarios pueden hacer lo mismo usando la opci\u00f3n de inserci\u00f3n. Al igual que otras opciones y funciones de Excel, los usuarios pueden insertar celdas manualmente usando el mouse o el [&hellip;]\" \/>\n<meta property=\"og:url\" content=\"https:\/\/exceladvisor.org\/es\/insertar-una-celda\/\" \/>\n<meta property=\"og:site_name\" content=\"Excel Advisor\" \/>\n<meta property=\"article:modified_time\" content=\"2023-12-25T10:25:56+00:00\" \/>\n<meta property=\"og:image\" content=\"https:\/\/exceladvisor.org\/wp-content\/uploads\/2023\/08\/1-touche-de-raccourci-dinsertion-de-cellule.png\" \/>\n<meta name=\"twitter:card\" content=\"summary_large_image\" \/>\n<meta name=\"twitter:label1\" content=\"Tiempo de lectura\" \/>\n\t<meta name=\"twitter:data1\" content=\"1 minuto\" \/>\n<script type=\"application\/ld+json\" class=\"yoast-schema-graph\">{\"@context\":\"https:\/\/schema.org\",\"@graph\":[{\"@type\":\"WebPage\",\"@id\":\"https:\/\/exceladvisor.org\/es\/insertar-una-celda\/\",\"url\":\"https:\/\/exceladvisor.org\/es\/insertar-una-celda\/\",\"name\":\"\u00bfc\u00f3mo insertar una celda usando el acceso directo de excel?\",\"isPartOf\":{\"@id\":\"https:\/\/exceladvisor.org\/es\/#website\"},\"primaryImageOfPage\":{\"@id\":\"https:\/\/exceladvisor.org\/es\/insertar-una-celda\/#primaryimage\"},\"image\":{\"@id\":\"https:\/\/exceladvisor.org\/es\/insertar-una-celda\/#primaryimage\"},\"thumbnailUrl\":\"https:\/\/exceladvisor.org\/wp-content\/uploads\/2023\/08\/1-touche-de-raccourci-dinsertion-de-cellule.png\",\"datePublished\":\"2023-10-20T22:21:51+00:00\",\"dateModified\":\"2023-12-25T10:25:56+00:00\",\"breadcrumb\":{\"@id\":\"https:\/\/exceladvisor.org\/es\/insertar-una-celda\/#breadcrumb\"},\"inLanguage\":\"es\",\"potentialAction\":[{\"@type\":\"ReadAction\",\"target\":[\"https:\/\/exceladvisor.org\/es\/insertar-una-celda\/\"]}]},{\"@type\":\"ImageObject\",\"inLanguage\":\"es\",\"@id\":\"https:\/\/exceladvisor.org\/es\/insertar-una-celda\/#primaryimage\",\"url\":\"https:\/\/exceladvisor.org\/wp-content\/uploads\/2023\/08\/1-touche-de-raccourci-dinsertion-de-cellule.png\",\"contentUrl\":\"https:\/\/exceladvisor.org\/wp-content\/uploads\/2023\/08\/1-touche-de-raccourci-dinsertion-de-cellule.png\"},{\"@type\":\"BreadcrumbList\",\"@id\":\"https:\/\/exceladvisor.org\/es\/insertar-una-celda\/#breadcrumb\",\"itemListElement\":[{\"@type\":\"ListItem\",\"position\":1,\"name\":\"Hogar\",\"item\":\"https:\/\/exceladvisor.org\/es\/\"},{\"@type\":\"ListItem\",\"position\":2,\"name\":\"\u00bfc\u00f3mo insertar una celda usando el acceso directo de excel?\"}]},{\"@type\":\"WebSite\",\"@id\":\"https:\/\/exceladvisor.org\/es\/#website\",\"url\":\"https:\/\/exceladvisor.org\/es\/\",\"name\":\"Excel Advisor\",\"description\":\"Su gu\u00eda para la dominaci\u00f3n de datos!\",\"publisher\":{\"@id\":\"https:\/\/exceladvisor.org\/es\/#organization\"},\"potentialAction\":[{\"@type\":\"SearchAction\",\"target\":{\"@type\":\"EntryPoint\",\"urlTemplate\":\"https:\/\/exceladvisor.org\/es\/?s={search_term_string}\"},\"query-input\":{\"@type\":\"PropertyValueSpecification\",\"valueRequired\":true,\"valueName\":\"search_term_string\"}}],\"inLanguage\":\"es\"},{\"@type\":\"Organization\",\"@id\":\"https:\/\/exceladvisor.org\/es\/#organization\",\"name\":\"Excel Advisor\",\"url\":\"https:\/\/exceladvisor.org\/es\/\",\"logo\":{\"@type\":\"ImageObject\",\"inLanguage\":\"es\",\"@id\":\"https:\/\/exceladvisor.org\/es\/#\/schema\/logo\/image\/\",\"url\":\"https:\/\/exceladvisor.org\/es\/wp-content\/uploads\/2023\/12\/exceladvisor.org_.png\",\"contentUrl\":\"https:\/\/exceladvisor.org\/es\/wp-content\/uploads\/2023\/12\/exceladvisor.org_.png\",\"width\":105,\"height\":36,\"caption\":\"Excel Advisor\"},\"image\":{\"@id\":\"https:\/\/exceladvisor.org\/es\/#\/schema\/logo\/image\/\"}}]}<\/script>\n<!-- \/ Yoast SEO plugin. -->","yoast_head_json":{"title":"\u00bfc\u00f3mo insertar una celda usando el acceso directo de excel?","robots":{"index":"index","follow":"follow","max-snippet":"max-snippet:-1","max-image-preview":"max-image-preview:large","max-video-preview":"max-video-preview:-1"},"canonical":"https:\/\/exceladvisor.org\/es\/insertar-una-celda\/","og_locale":"es_ES","og_type":"article","og_title":"\u00bfc\u00f3mo insertar una celda usando el acceso directo de excel?","og_description":"Mientras trabajan con los datos, a veces los usuarios necesitan insertar solo la celda en lugar de agregar la nueva fila o columna y los usuarios pueden hacer lo mismo usando la opci\u00f3n de inserci\u00f3n. Al igual que otras opciones y funciones de Excel, los usuarios pueden insertar celdas manualmente usando el mouse o el [&hellip;]","og_url":"https:\/\/exceladvisor.org\/es\/insertar-una-celda\/","og_site_name":"Excel Advisor","article_modified_time":"2023-12-25T10:25:56+00:00","og_image":[{"url":"https:\/\/exceladvisor.org\/wp-content\/uploads\/2023\/08\/1-touche-de-raccourci-dinsertion-de-cellule.png","type":"","width":"","height":""}],"twitter_card":"summary_large_image","twitter_misc":{"Tiempo de lectura":"1 minuto"},"schema":{"@context":"https:\/\/schema.org","@graph":[{"@type":"WebPage","@id":"https:\/\/exceladvisor.org\/es\/insertar-una-celda\/","url":"https:\/\/exceladvisor.org\/es\/insertar-una-celda\/","name":"\u00bfc\u00f3mo insertar una celda usando el acceso directo de excel?","isPartOf":{"@id":"https:\/\/exceladvisor.org\/es\/#website"},"primaryImageOfPage":{"@id":"https:\/\/exceladvisor.org\/es\/insertar-una-celda\/#primaryimage"},"image":{"@id":"https:\/\/exceladvisor.org\/es\/insertar-una-celda\/#primaryimage"},"thumbnailUrl":"https:\/\/exceladvisor.org\/wp-content\/uploads\/2023\/08\/1-touche-de-raccourci-dinsertion-de-cellule.png","datePublished":"2023-10-20T22:21:51+00:00","dateModified":"2023-12-25T10:25:56+00:00","breadcrumb":{"@id":"https:\/\/exceladvisor.org\/es\/insertar-una-celda\/#breadcrumb"},"inLanguage":"es","potentialAction":[{"@type":"ReadAction","target":["https:\/\/exceladvisor.org\/es\/insertar-una-celda\/"]}]},{"@type":"ImageObject","inLanguage":"es","@id":"https:\/\/exceladvisor.org\/es\/insertar-una-celda\/#primaryimage","url":"https:\/\/exceladvisor.org\/wp-content\/uploads\/2023\/08\/1-touche-de-raccourci-dinsertion-de-cellule.png","contentUrl":"https:\/\/exceladvisor.org\/wp-content\/uploads\/2023\/08\/1-touche-de-raccourci-dinsertion-de-cellule.png"},{"@type":"BreadcrumbList","@id":"https:\/\/exceladvisor.org\/es\/insertar-una-celda\/#breadcrumb","itemListElement":[{"@type":"ListItem","position":1,"name":"Hogar","item":"https:\/\/exceladvisor.org\/es\/"},{"@type":"ListItem","position":2,"name":"\u00bfc\u00f3mo insertar una celda usando el acceso directo de excel?"}]},{"@type":"WebSite","@id":"https:\/\/exceladvisor.org\/es\/#website","url":"https:\/\/exceladvisor.org\/es\/","name":"Excel Advisor","description":"Su gu\u00eda para la dominaci\u00f3n de datos!","publisher":{"@id":"https:\/\/exceladvisor.org\/es\/#organization"},"potentialAction":[{"@type":"SearchAction","target":{"@type":"EntryPoint","urlTemplate":"https:\/\/exceladvisor.org\/es\/?s={search_term_string}"},"query-input":{"@type":"PropertyValueSpecification","valueRequired":true,"valueName":"search_term_string"}}],"inLanguage":"es"},{"@type":"Organization","@id":"https:\/\/exceladvisor.org\/es\/#organization","name":"Excel Advisor","url":"https:\/\/exceladvisor.org\/es\/","logo":{"@type":"ImageObject","inLanguage":"es","@id":"https:\/\/exceladvisor.org\/es\/#\/schema\/logo\/image\/","url":"https:\/\/exceladvisor.org\/es\/wp-content\/uploads\/2023\/12\/exceladvisor.org_.png","contentUrl":"https:\/\/exceladvisor.org\/es\/wp-content\/uploads\/2023\/12\/exceladvisor.org_.png","width":105,"height":36,"caption":"Excel Advisor"},"image":{"@id":"https:\/\/exceladvisor.org\/es\/#\/schema\/logo\/image\/"}}]}},"yoast_meta":{"yoast_wpseo_title":"","yoast_wpseo_metadesc":"","yoast_wpseo_canonical":""},"_links":{"self":[{"href":"https:\/\/exceladvisor.org\/es\/wp-json\/wp\/v2\/pages\/599","targetHints":{"allow":["GET"]}}],"collection":[{"href":"https:\/\/exceladvisor.org\/es\/wp-json\/wp\/v2\/pages"}],"about":[{"href":"https:\/\/exceladvisor.org\/es\/wp-json\/wp\/v2\/types\/page"}],"author":[{"embeddable":true,"href":"https:\/\/exceladvisor.org\/es\/wp-json\/wp\/v2\/users\/1"}],"replies":[{"embeddable":true,"href":"https:\/\/exceladvisor.org\/es\/wp-json\/wp\/v2\/comments?post=599"}],"version-history":[{"count":1,"href":"https:\/\/exceladvisor.org\/es\/wp-json\/wp\/v2\/pages\/599\/revisions"}],"predecessor-version":[{"id":1110,"href":"https:\/\/exceladvisor.org\/es\/wp-json\/wp\/v2\/pages\/599\/revisions\/1110"}],"wp:attachment":[{"href":"https:\/\/exceladvisor.org\/es\/wp-json\/wp\/v2\/media?parent=599"}],"curies":[{"name":"wp","href":"https:\/\/api.w.org\/{rel}","templated":true}]}}