{"id":60,"date":"2023-11-17T16:04:13","date_gmt":"2023-11-17T16:04:13","guid":{"rendered":"https:\/\/exceladvisor.org\/es\/ocultar-formula\/"},"modified":"2023-12-25T10:26:31","modified_gmt":"2023-12-25T10:26:31","slug":"ocultar-formula","status":"publish","type":"page","link":"https:\/\/exceladvisor.org\/es\/ocultar-formula\/","title":{"rendered":"\u00bfc\u00f3mo ocultar una f\u00f3rmula en excel?"},"content":{"rendered":"<div class=\"excel-antes-del-contenido\" id=\"excel-2275275451\"><script type=\"text\/javascript\">\r\n\tatOptions = {\r\n\t\t'key' : 'c1158f160081d6540a8409e6925dab94',\r\n\t\t'format' : 'iframe',\r\n\t\t'height' : 250,\r\n\t\t'width' : 300,\r\n\t\t'params' : {}\r\n\t};\r\n<\/script>\r\n<script type=\"text\/javascript\" src=\"\/\/www.highperformanceformat.com\/c1158f160081d6540a8409e6925dab94\/invoke.js\"><\/script><\/div><figure class=\"wp-block-embed is-type-video is-provider-youtube wp-block-embed-youtube wp-embed-aspect-16-9 wp-has-aspect-ratio\">\n<div class=\"wp-block-embed__wrapper\"><\/div>\n<\/figure>\n<p> A veces env\u00edas archivos de Excel a otras personas y ellos cambian las f\u00f3rmulas. O, a veces, simplemente no quieres mostrarles la f\u00f3rmula a los dem\u00e1s.<\/p>\n<p> Ocultar una f\u00f3rmula es una forma sencilla de hacerlo para que otros no puedan ver qu\u00e9 f\u00f3rmula utiliz\u00f3 y c\u00f3mo se calcula.<\/p>\n<p> Ahora la pregunta es c\u00f3mo ocultar la f\u00f3rmula en una celda en Excel.<\/p>\n<p> Pero antes de hacer eso, dejemos claro en este punto que hay dos formas de ver una f\u00f3rmula desde una celda, primero, editando una celda y segundo, desde la barra de f\u00f3rmulas.<\/p>\n<p> \u00bfHay alguna forma que puedas utilizar para prevenir ambas cosas? S\u00ed, est\u00e1 ah\u00ed. En Excel existe una forma sencilla de hacerlo y hoy me gustar\u00eda compartir con vosotros este sencillo truco.<\/p>\n<h2 id=\"tab-con-1\" class=\"wp-block-heading\"> Paso 1: Hoja de trabajo de eliminaci\u00f3n de protecci\u00f3n<\/h2>\n<p> En este punto, cuando hace clic en una celda, la f\u00f3rmula completa se muestra en la barra de f\u00f3rmulas. <\/p>\n<div class=\"wp-block-image\">\n<figure class=\"aligncenter\"><img decoding=\"async\" src=\"https:\/\/exceladvisor.org\/wp-content\/uploads\/2023\/08\/masquer-la-formule-dans-Excel-saffiche-dans-la-barre-de-formule.png\" sizes=\"\" srcset=\"\" alt=\"\"><\/figure>\n<\/div>\n<ul>\n<li> En primer lugar, debes asegurarte de que tu hoja de c\u00e1lculo no est\u00e9 protegida.<\/li>\n<li> Para hacer esto, vaya a la pesta\u00f1a de revisi\u00f3n y proteja el grupo.<\/li>\n<li> Si encuentra all\u00ed el bot\u00f3n \u00abDesproteger hoja de c\u00e1lculo\u00bb, significa que su hoja de c\u00e1lculo est\u00e1 protegida y necesita desprotegerla. <\/li>\n<\/ul>\n<div class=\"wp-block-image\">\n<figure class=\"aligncenter\"><img decoding=\"async\" src=\"https:\/\/exceladvisor.org\/wp-content\/uploads\/2023\/08\/deproteger-une-feuille-de-calcul-masquer-la-formule-dans-excel-1.png\" sizes=\"\" srcset=\"\" alt=\"\"><\/figure>\n<\/div>\n<ul>\n<li> Haga clic en este bot\u00f3n para desprotegerlo.<\/li>\n<\/ul>\n<p> Si tiene el bot\u00f3n \u00abProteger hoja\u00bb, significa que su hoja de trabajo no est\u00e1 protegida. En este caso, omita los pasos anteriores y comience desde aqu\u00ed.<\/p>\n<h2 id=\"tab-con-2\" class=\"wp-block-heading\"> Paso 2: habilite la opci\u00f3n Ocultar f\u00f3rmula<\/h2>\n<ul>\n<li> Ahora seleccione la celda o rango de celdas, o seleccione todas las celdas no contiguas en las que desea ocultar las f\u00f3rmulas.<\/li>\n<li> Despu\u00e9s de eso, haga clic derecho y seleccione la opci\u00f3n de formato de celda. <\/li>\n<\/ul>\n<div class=\"wp-block-image\">\n<figure class=\"aligncenter\"><img decoding=\"async\" src=\"https:\/\/exceladvisor.org\/wp-content\/uploads\/2023\/08\/clic-droit-et-formater-la-formule-de-masquage-de-cellule-dans-excel-1.png\" sizes=\"\" srcset=\"\" alt=\"\"><\/figure>\n<\/div>\n<ul>\n<li> Desde la opci\u00f3n Formato de celdas, navegue hasta la pesta\u00f1a Protecci\u00f3n.<\/li>\n<li> En la pesta\u00f1a de protecci\u00f3n tienes dos casillas para marcar, la primera est\u00e1 bloqueada y la segunda est\u00e1 oculta.<\/li>\n<li> M\u00e1rquelos a ambos y haga clic en Aceptar. <\/li>\n<\/ul>\n<div class=\"wp-block-image\">\n<figure class=\"aligncenter\"><img decoding=\"async\" src=\"https:\/\/exceladvisor.org\/wp-content\/uploads\/2023\/08\/coche-verrouillee-masquee-pour-masquer-la-formule-dans-Excel-1.png\" sizes=\"\" srcset=\"\" alt=\"\"><\/figure>\n<\/div>\n<p> Estas opciones que marc\u00f3 resuelven los dos problemas que comentamos anteriormente.<\/p>\n<p> La opci\u00f3n bloqueada restringe la edici\u00f3n de una celda y la opci\u00f3n oculta oculta una f\u00f3rmula de la barra de f\u00f3rmulas. Ahora el \u00faltimo paso es proteger la hoja de trabajo.<\/p>\n<h2 id=\"tab-con-3\" class=\"wp-block-heading\"> Paso 3: protege la hoja de c\u00e1lculo<\/h2>\n<ul>\n<li> Haga clic derecho en la pesta\u00f1a de la hoja de trabajo, luego haga clic en \u00abProteger hoja\u00bb.<\/li>\n<li> Aqu\u00ed debe ingresar una contrase\u00f1a. Para ingresar una contrase\u00f1a (dos veces). <\/li>\n<\/ul>\n<div class=\"wp-block-image\">\n<figure class=\"aligncenter\"><img decoding=\"async\" src=\"https:\/\/exceladvisor.org\/wp-content\/uploads\/2023\/08\/proteger-une-feuille-de-calcul-masquer-la-formule-dans-excel-1.png\" sizes=\"\" srcset=\"\" alt=\"\"><\/figure>\n<\/div>\n<ul>\n<li> Y al final haga clic en Aceptar.<\/li>\n<\/ul>\n<p> Ahora todas las celdas que seleccionaste tienen una f\u00f3rmula oculta en la barra de f\u00f3rmulas. <\/p>\n<div class=\"wp-block-image\">\n<figure class=\"aligncenter\"><img decoding=\"async\" src=\"https:\/\/exceladvisor.org\/wp-content\/uploads\/2023\/08\/une-fois-que-vous-avez-cache-une-formule-dans-excel-1.png\" sizes=\"\" srcset=\"\" alt=\"\"><\/figure>\n<\/div>\n<p> Si env\u00eda este archivo a alguien, no podr\u00e1 ver la f\u00f3rmula ni editarla a menos que esta hoja de trabajo est\u00e9 desprotegida.<\/p>\n<h2 class=\"wp-block-heading\"> \u00bfC\u00f3mo encontrar f\u00f3rmulas ocultas?<\/h2>\n<p> Una vez que proteja un archivo siguiendo los pasos anteriores, ni siquiera usted podr\u00e1 ver la f\u00f3rmula hasta que proteja la hoja de trabajo. Pero si s\u00f3lo quieres encontrarlos en una hoja de c\u00e1lculo protegida donde se encuentran, puedes usar la opci\u00f3n \u00abIr a Especial\u00bb.<\/p>\n<ul>\n<li> Vaya a la pesta\u00f1a Inicio -&gt; Editar -&gt; Buscar y seleccionar -&gt; Ir a Especial.<\/li>\n<li> Seleccione la opci\u00f3n \u00abF\u00f3rmulas\u00bb y las cuatro subopciones (N\u00fameros, Texto, L\u00f3gica, Errores) y haga clic en Aceptar.<\/li>\n<li> Una vez que haga clic en Aceptar, Excel seleccionar\u00e1 todas las celdas de la hoja de c\u00e1lculo donde tenga f\u00f3rmulas.<\/li>\n<\/ul>\n<p class=\"content-box-green\"> <strong>Ocultar una f\u00f3rmula sin proteger una hoja de c\u00e1lculo:<\/strong> Seguro que tienes esta idea en mente, \u00bfc\u00f3mo puedo ocultar una f\u00f3rmula sin proteger una hoja de c\u00e1lculo? Me temo que no existe otro m\u00e9todo para ello. Tienes que ir por este camino. Lo \u00fanico posible que conozco es crear un c\u00f3digo de macro que se ejecute cuando se abre el libro y oculta la <a href=\"https:\/\/exceladvisor.org\/es\/barra-de-formulas-de-excel\/\">barra de f\u00f3rmulas<\/a> . Pero, repito, \u00e9sta no es una soluci\u00f3n permanente.<\/p>\n<h2 class=\"wp-block-heading\"> Conclusi\u00f3n<\/h2>\n<p> Esta opci\u00f3n no s\u00f3lo le ayuda a ocultar f\u00f3rmulas, sino tambi\u00e9n si tiene c\u00e1lculos cruciales que desea ocultar a los dem\u00e1s.<\/p>\n<p> Hasta que alguien tenga la contrase\u00f1a, las f\u00f3rmulas est\u00e1n ocultas y seguras. Espero que este consejo te ayude a administrar tus hojas de c\u00e1lculo.<\/p>\n<p> \u00bfAlguna vez has intentado ocultar una f\u00f3rmula? Comparta sus pensamientos conmigo en la secci\u00f3n de comentarios, me encantar\u00eda saber de usted. Y aseg\u00farate de compartir este consejo con tus amigos.<\/p>\n<div class=\"gb-container gb-container-0df56012 gb-container-mt\"> <a class=\"gb-button gb-button-f9f432f4 gb-button-text gb-button-mt-button\" href=\"https:\/\/exceladvisor.org\/es\/formulas\/\">Lista de f\u00f3rmulas de Excel<\/a><\/p>\n<h2 class=\"gb-headline gb-headline-233444e8 gb-headline-text gb-headline-mt-heading\"> F\u00f3rmulas relacionadas <\/h2>\n<div class=\"gb-grid-wrapper gb-grid-wrapper-a16fa65c gb-grid-wrapper-mt-grid\">\n<div class=\"gb-grid-column gb-grid-column-50d07e0d\">\n<div class=\"gb-container gb-container-50d07e0d\">\n<ul>\n<li> <a href=\"https:\/\/exceladvisor.org\/es\/referencia-3d\/\">Referencia 3D en Excel<\/a><\/li>\n<li> <a href=\"https:\/\/exceladvisor.org\/es\/comodines-2\/\">Comodines en Excel<\/a><\/li>\n<li> <a href=\"https:\/\/exceladvisor.org\/es\/r1c1\/\">Estilo de referencia R1C1 en Excel<\/a> <\/li>\n<\/ul>\n<\/div>\n<\/div>\n<div class=\"gb-grid-column gb-grid-column-5b4a0cf9\">\n<div class=\"gb-container gb-container-5b4a0cf9\"><\/div>\n<\/div>\n<\/div>\n<\/div>\n","protected":false},"excerpt":{"rendered":"<p>A veces env\u00edas archivos de Excel a otras personas y ellos cambian las f\u00f3rmulas. O, a veces, simplemente no quieres mostrarles la f\u00f3rmula a los dem\u00e1s. Ocultar una f\u00f3rmula es una forma sencilla de hacerlo para que otros no puedan ver qu\u00e9 f\u00f3rmula utiliz\u00f3 y c\u00f3mo se calcula. Ahora la pregunta es c\u00f3mo ocultar la [&hellip;]<\/p>\n","protected":false},"author":1,"featured_media":0,"parent":0,"menu_order":0,"comment_status":"open","ping_status":"closed","template":"","meta":{"ub_ctt_via":"","footnotes":""},"class_list":["post-60","page","type-page","status-publish","hentry"],"featured_image_src":null,"yoast_head":"<!-- This site is optimized with the Yoast SEO plugin v25.4 - https:\/\/yoast.com\/wordpress\/plugins\/seo\/ -->\n<title>\u00bfc\u00f3mo ocultar una f\u00f3rmula en excel?<\/title>\n<meta name=\"robots\" content=\"index, follow, max-snippet:-1, max-image-preview:large, max-video-preview:-1\" \/>\n<link rel=\"canonical\" href=\"https:\/\/exceladvisor.org\/es\/ocultar-formula\/\" \/>\n<meta property=\"og:locale\" content=\"es_ES\" \/>\n<meta property=\"og:type\" content=\"article\" \/>\n<meta property=\"og:title\" content=\"\u00bfc\u00f3mo ocultar una f\u00f3rmula en excel?\" \/>\n<meta property=\"og:description\" content=\"A veces env\u00edas archivos de Excel a otras personas y ellos cambian las f\u00f3rmulas. O, a veces, simplemente no quieres mostrarles la f\u00f3rmula a los dem\u00e1s. Ocultar una f\u00f3rmula es una forma sencilla de hacerlo para que otros no puedan ver qu\u00e9 f\u00f3rmula utiliz\u00f3 y c\u00f3mo se calcula. Ahora la pregunta es c\u00f3mo ocultar la [&hellip;]\" \/>\n<meta property=\"og:url\" content=\"https:\/\/exceladvisor.org\/es\/ocultar-formula\/\" \/>\n<meta property=\"og:site_name\" content=\"Excel Advisor\" \/>\n<meta property=\"article:modified_time\" content=\"2023-12-25T10:26:31+00:00\" \/>\n<meta property=\"og:image\" content=\"https:\/\/exceladvisor.org\/wp-content\/uploads\/2023\/08\/masquer-la-formule-dans-Excel-saffiche-dans-la-barre-de-formule.png\" \/>\n<meta name=\"twitter:card\" content=\"summary_large_image\" \/>\n<meta name=\"twitter:label1\" content=\"Tiempo de lectura\" \/>\n\t<meta name=\"twitter:data1\" content=\"4 minutos\" \/>\n<script type=\"application\/ld+json\" class=\"yoast-schema-graph\">{\"@context\":\"https:\/\/schema.org\",\"@graph\":[{\"@type\":\"WebPage\",\"@id\":\"https:\/\/exceladvisor.org\/es\/ocultar-formula\/\",\"url\":\"https:\/\/exceladvisor.org\/es\/ocultar-formula\/\",\"name\":\"\u00bfc\u00f3mo ocultar una f\u00f3rmula en excel?\",\"isPartOf\":{\"@id\":\"https:\/\/exceladvisor.org\/es\/#website\"},\"primaryImageOfPage\":{\"@id\":\"https:\/\/exceladvisor.org\/es\/ocultar-formula\/#primaryimage\"},\"image\":{\"@id\":\"https:\/\/exceladvisor.org\/es\/ocultar-formula\/#primaryimage\"},\"thumbnailUrl\":\"https:\/\/exceladvisor.org\/wp-content\/uploads\/2023\/08\/masquer-la-formule-dans-Excel-saffiche-dans-la-barre-de-formule.png\",\"datePublished\":\"2023-11-17T16:04:13+00:00\",\"dateModified\":\"2023-12-25T10:26:31+00:00\",\"breadcrumb\":{\"@id\":\"https:\/\/exceladvisor.org\/es\/ocultar-formula\/#breadcrumb\"},\"inLanguage\":\"es\",\"potentialAction\":[{\"@type\":\"ReadAction\",\"target\":[\"https:\/\/exceladvisor.org\/es\/ocultar-formula\/\"]}]},{\"@type\":\"ImageObject\",\"inLanguage\":\"es\",\"@id\":\"https:\/\/exceladvisor.org\/es\/ocultar-formula\/#primaryimage\",\"url\":\"https:\/\/exceladvisor.org\/wp-content\/uploads\/2023\/08\/masquer-la-formule-dans-Excel-saffiche-dans-la-barre-de-formule.png\",\"contentUrl\":\"https:\/\/exceladvisor.org\/wp-content\/uploads\/2023\/08\/masquer-la-formule-dans-Excel-saffiche-dans-la-barre-de-formule.png\"},{\"@type\":\"BreadcrumbList\",\"@id\":\"https:\/\/exceladvisor.org\/es\/ocultar-formula\/#breadcrumb\",\"itemListElement\":[{\"@type\":\"ListItem\",\"position\":1,\"name\":\"Hogar\",\"item\":\"https:\/\/exceladvisor.org\/es\/\"},{\"@type\":\"ListItem\",\"position\":2,\"name\":\"\u00bfc\u00f3mo ocultar una f\u00f3rmula en excel?\"}]},{\"@type\":\"WebSite\",\"@id\":\"https:\/\/exceladvisor.org\/es\/#website\",\"url\":\"https:\/\/exceladvisor.org\/es\/\",\"name\":\"Excel Advisor\",\"description\":\"Su gu\u00eda para la dominaci\u00f3n de datos!\",\"publisher\":{\"@id\":\"https:\/\/exceladvisor.org\/es\/#organization\"},\"potentialAction\":[{\"@type\":\"SearchAction\",\"target\":{\"@type\":\"EntryPoint\",\"urlTemplate\":\"https:\/\/exceladvisor.org\/es\/?s={search_term_string}\"},\"query-input\":{\"@type\":\"PropertyValueSpecification\",\"valueRequired\":true,\"valueName\":\"search_term_string\"}}],\"inLanguage\":\"es\"},{\"@type\":\"Organization\",\"@id\":\"https:\/\/exceladvisor.org\/es\/#organization\",\"name\":\"Excel Advisor\",\"url\":\"https:\/\/exceladvisor.org\/es\/\",\"logo\":{\"@type\":\"ImageObject\",\"inLanguage\":\"es\",\"@id\":\"https:\/\/exceladvisor.org\/es\/#\/schema\/logo\/image\/\",\"url\":\"https:\/\/exceladvisor.org\/es\/wp-content\/uploads\/2023\/12\/exceladvisor.org_.png\",\"contentUrl\":\"https:\/\/exceladvisor.org\/es\/wp-content\/uploads\/2023\/12\/exceladvisor.org_.png\",\"width\":105,\"height\":36,\"caption\":\"Excel Advisor\"},\"image\":{\"@id\":\"https:\/\/exceladvisor.org\/es\/#\/schema\/logo\/image\/\"}}]}<\/script>\n<!-- \/ Yoast SEO plugin. -->","yoast_head_json":{"title":"\u00bfc\u00f3mo ocultar una f\u00f3rmula en excel?","robots":{"index":"index","follow":"follow","max-snippet":"max-snippet:-1","max-image-preview":"max-image-preview:large","max-video-preview":"max-video-preview:-1"},"canonical":"https:\/\/exceladvisor.org\/es\/ocultar-formula\/","og_locale":"es_ES","og_type":"article","og_title":"\u00bfc\u00f3mo ocultar una f\u00f3rmula en excel?","og_description":"A veces env\u00edas archivos de Excel a otras personas y ellos cambian las f\u00f3rmulas. O, a veces, simplemente no quieres mostrarles la f\u00f3rmula a los dem\u00e1s. Ocultar una f\u00f3rmula es una forma sencilla de hacerlo para que otros no puedan ver qu\u00e9 f\u00f3rmula utiliz\u00f3 y c\u00f3mo se calcula. Ahora la pregunta es c\u00f3mo ocultar la [&hellip;]","og_url":"https:\/\/exceladvisor.org\/es\/ocultar-formula\/","og_site_name":"Excel Advisor","article_modified_time":"2023-12-25T10:26:31+00:00","og_image":[{"url":"https:\/\/exceladvisor.org\/wp-content\/uploads\/2023\/08\/masquer-la-formule-dans-Excel-saffiche-dans-la-barre-de-formule.png","type":"","width":"","height":""}],"twitter_card":"summary_large_image","twitter_misc":{"Tiempo de lectura":"4 minutos"},"schema":{"@context":"https:\/\/schema.org","@graph":[{"@type":"WebPage","@id":"https:\/\/exceladvisor.org\/es\/ocultar-formula\/","url":"https:\/\/exceladvisor.org\/es\/ocultar-formula\/","name":"\u00bfc\u00f3mo ocultar una f\u00f3rmula en excel?","isPartOf":{"@id":"https:\/\/exceladvisor.org\/es\/#website"},"primaryImageOfPage":{"@id":"https:\/\/exceladvisor.org\/es\/ocultar-formula\/#primaryimage"},"image":{"@id":"https:\/\/exceladvisor.org\/es\/ocultar-formula\/#primaryimage"},"thumbnailUrl":"https:\/\/exceladvisor.org\/wp-content\/uploads\/2023\/08\/masquer-la-formule-dans-Excel-saffiche-dans-la-barre-de-formule.png","datePublished":"2023-11-17T16:04:13+00:00","dateModified":"2023-12-25T10:26:31+00:00","breadcrumb":{"@id":"https:\/\/exceladvisor.org\/es\/ocultar-formula\/#breadcrumb"},"inLanguage":"es","potentialAction":[{"@type":"ReadAction","target":["https:\/\/exceladvisor.org\/es\/ocultar-formula\/"]}]},{"@type":"ImageObject","inLanguage":"es","@id":"https:\/\/exceladvisor.org\/es\/ocultar-formula\/#primaryimage","url":"https:\/\/exceladvisor.org\/wp-content\/uploads\/2023\/08\/masquer-la-formule-dans-Excel-saffiche-dans-la-barre-de-formule.png","contentUrl":"https:\/\/exceladvisor.org\/wp-content\/uploads\/2023\/08\/masquer-la-formule-dans-Excel-saffiche-dans-la-barre-de-formule.png"},{"@type":"BreadcrumbList","@id":"https:\/\/exceladvisor.org\/es\/ocultar-formula\/#breadcrumb","itemListElement":[{"@type":"ListItem","position":1,"name":"Hogar","item":"https:\/\/exceladvisor.org\/es\/"},{"@type":"ListItem","position":2,"name":"\u00bfc\u00f3mo ocultar una f\u00f3rmula en excel?"}]},{"@type":"WebSite","@id":"https:\/\/exceladvisor.org\/es\/#website","url":"https:\/\/exceladvisor.org\/es\/","name":"Excel Advisor","description":"Su gu\u00eda para la dominaci\u00f3n de datos!","publisher":{"@id":"https:\/\/exceladvisor.org\/es\/#organization"},"potentialAction":[{"@type":"SearchAction","target":{"@type":"EntryPoint","urlTemplate":"https:\/\/exceladvisor.org\/es\/?s={search_term_string}"},"query-input":{"@type":"PropertyValueSpecification","valueRequired":true,"valueName":"search_term_string"}}],"inLanguage":"es"},{"@type":"Organization","@id":"https:\/\/exceladvisor.org\/es\/#organization","name":"Excel Advisor","url":"https:\/\/exceladvisor.org\/es\/","logo":{"@type":"ImageObject","inLanguage":"es","@id":"https:\/\/exceladvisor.org\/es\/#\/schema\/logo\/image\/","url":"https:\/\/exceladvisor.org\/es\/wp-content\/uploads\/2023\/12\/exceladvisor.org_.png","contentUrl":"https:\/\/exceladvisor.org\/es\/wp-content\/uploads\/2023\/12\/exceladvisor.org_.png","width":105,"height":36,"caption":"Excel Advisor"},"image":{"@id":"https:\/\/exceladvisor.org\/es\/#\/schema\/logo\/image\/"}}]}},"yoast_meta":{"yoast_wpseo_title":"","yoast_wpseo_metadesc":"","yoast_wpseo_canonical":""},"_links":{"self":[{"href":"https:\/\/exceladvisor.org\/es\/wp-json\/wp\/v2\/pages\/60","targetHints":{"allow":["GET"]}}],"collection":[{"href":"https:\/\/exceladvisor.org\/es\/wp-json\/wp\/v2\/pages"}],"about":[{"href":"https:\/\/exceladvisor.org\/es\/wp-json\/wp\/v2\/types\/page"}],"author":[{"embeddable":true,"href":"https:\/\/exceladvisor.org\/es\/wp-json\/wp\/v2\/users\/1"}],"replies":[{"embeddable":true,"href":"https:\/\/exceladvisor.org\/es\/wp-json\/wp\/v2\/comments?post=60"}],"version-history":[{"count":1,"href":"https:\/\/exceladvisor.org\/es\/wp-json\/wp\/v2\/pages\/60\/revisions"}],"predecessor-version":[{"id":1145,"href":"https:\/\/exceladvisor.org\/es\/wp-json\/wp\/v2\/pages\/60\/revisions\/1145"}],"wp:attachment":[{"href":"https:\/\/exceladvisor.org\/es\/wp-json\/wp\/v2\/media?parent=60"}],"curies":[{"name":"wp","href":"https:\/\/api.w.org\/{rel}","templated":true}]}}