{"id":603,"date":"2023-10-20T06:06:43","date_gmt":"2023-10-20T06:06:43","guid":{"rendered":"https:\/\/exceladvisor.org\/es\/insertar-una-linea\/"},"modified":"2023-12-25T10:25:57","modified_gmt":"2023-12-25T10:25:57","slug":"insertar-una-linea","status":"publish","type":"page","link":"https:\/\/exceladvisor.org\/es\/insertar-una-linea\/","title":{"rendered":"\u00bfc\u00f3mo insertar una fila usando el acceso directo de excel?"},"content":{"rendered":"<div class=\"excel-antes-del-contenido\" id=\"excel-2803700269\"><script type=\"text\/javascript\">\r\n\tatOptions = {\r\n\t\t'key' : 'c1158f160081d6540a8409e6925dab94',\r\n\t\t'format' : 'iframe',\r\n\t\t'height' : 250,\r\n\t\t'width' : 300,\r\n\t\t'params' : {}\r\n\t};\r\n<\/script>\r\n<script type=\"text\/javascript\" src=\"\/\/www.highperformanceformat.com\/c1158f160081d6540a8409e6925dab94\/invoke.js\"><\/script><\/div><p>Insertar o agregar una fila en Excel es una tarea f\u00e1cil si conoce el acceso directo. A menudo, cuando trabajan en Excel, los usuarios quieren agregar filas en blanco y pueden agregarlas muy r\u00e1pidamente usando atajos de teclado en lugar de ir al \u00edcono \u00abInsertar\u00bb en la pesta\u00f1a \u00abInicio\u00bb.<\/p>\n<h2 class=\"wp-block-heading\"> Atajo de teclado para insertar una nueva fila en Excel<\/h2>\n<p> <kbd>Alt<\/kbd> \u2192 <kbd>I<\/kbd> \u2192 <kbd>R<\/kbd> <\/p>\n<div class=\"wp-block-image\">\n<figure class=\"aligncenter size-full is-resized\"><img loading=\"lazy\" decoding=\"async\" class=\"wp-image-67505\" src=\"https:\/\/exceladvisor.org\/wp-content\/uploads\/2023\/08\/1-raccourci-pour-ajouter-une-ligne.png\" sizes=\"auto, \" srcset=\"\" alt=\"atajo para agregar una l\u00ednea\" width=\"790\" height=\"310\"><\/figure>\n<\/div>\n<p> <kbd>Ctrl<\/kbd> + <kbd>May\u00fas<\/kbd> <kbd>++<\/kbd> <\/p>\n<div class=\"wp-block-image\">\n<figure class=\"aligncenter size-full is-resized\"><img loading=\"lazy\" decoding=\"async\" class=\"wp-image-67506\" src=\"https:\/\/exceladvisor.org\/wp-content\/uploads\/2023\/08\/2-touche-de-raccourci-pour-ajouter-une-ligne.png\" sizes=\"auto, \" srcset=\"\" alt=\"tecla-de-atajo-para-agregar-l\u00ednea\" width=\"786\" height=\"308\"><\/figure>\n<\/div>\n<h2 class=\"wp-block-heading\"> Pasos para agregar filas usando un atajo de teclado<\/h2>\n<h3 class=\"wp-block-heading\"> 1. Usando el atajo de teclado Alt \u2192 I \u2192 R<\/h3>\n<ol>\n<li> Primero, haga clic en cualquier celda de la fila de arriba a la que desea agregar la nueva fila en blanco. <br \/><img loading=\"lazy\" decoding=\"async\" title=\"3 clics en la celda\" src=\"https:\/\/exceladvisor.org\/wp-content\/uploads\/2023\/08\/3-cliquez-sur-la-cellule.png\" sizes=\"auto, \" srcset=\"\" alt=\"click-on-the-cell\" width=\"459\" height=\"210\"><\/li>\n<li> Despu\u00e9s de eso, simplemente presione \u201cAlt \u2192 I \u2192 R\u201d y obtendr\u00e1 la nueva fila insertada encima de la celda seleccionada. <br \/><img loading=\"lazy\" decoding=\"async\" title=\"4 nuevas l\u00edneas agregadas\" src=\"https:\/\/exceladvisor.org\/wp-content\/uploads\/2023\/08\/4-nouvelle-ligne-ajoutee.png\" sizes=\"auto, \" srcset=\"\" alt=\"added-new-row\" width=\"465\" height=\"232\"><\/li>\n<\/ol>\n<h3 class=\"wp-block-heading\"> 2. Usando el atajo de teclado Ctrl + Shift + Signo m\u00e1s (+)<\/h3>\n<ol>\n<li> Primero, seleccione la l\u00ednea usando el m\u00e9todo abreviado de teclado \u201cShift + Espacio\u201d encima de la cual desea agregar la nueva l\u00ednea vac\u00eda. <br \/><img loading=\"lazy\" decoding=\"async\" title=\"5 l\u00edneas de selecci\u00f3n\" src=\"https:\/\/exceladvisor.org\/wp-content\/uploads\/2023\/08\/5-selectionnez-la-ligne.png\" sizes=\"auto, \" srcset=\"\" alt=\"select-the-row\" width=\"485\" height=\"220\"><\/li>\n<li> Despu\u00e9s de eso, presione las teclas de acceso r\u00e1pido \u201cCtrl + Shift + Signo m\u00e1s (+) y obtendr\u00e1 la nueva l\u00ednea vac\u00eda insertada encima de la l\u00ednea seleccionada. <br \/><img loading=\"lazy\" decoding=\"async\" title=\"Atajo 6 pulsaciones para agregar una l\u00ednea\" src=\"https:\/\/exceladvisor.org\/wp-content\/uploads\/2023\/08\/6-appuyez-sur-le-raccourci-pour-ajouter-une-ligne.png\" sizes=\"auto, \" srcset=\"\" alt=\"press-shortcut-to-add-row\" width=\"494\" height=\"250\"><\/li>\n<\/ol>\n<h2 class=\"wp-block-heading\"> Comidas para llevar<\/h2>\n<ol>\n<li> Excel siempre agrega las filas encima de la fila o celda seleccionada; no podemos cambiar esta configuraci\u00f3n predeterminada.<\/li>\n<li> Una vez que agregue una fila, simplemente presione las teclas \u00abFn + F4\u00bb para que Excel repita la tarea y agregue m\u00e1s filas en blanco.<\/li>\n<li> En caso de que tenga varios conjuntos de datos en la misma hoja, convierta el conjunto de datos en una tabla porque Excel inserta la fila de la columna A hasta el final de las columnas de la hoja, a menos que tenga los datos en la tabla, lo que puede estropear el proceso. otro conjunto de datos. <\/li>\n<\/ol>\n<div class=\"wp-block-group more-tutorials is-layout-flow\">\n<div class=\"wp-block-group__inner-container\">\n<h2 class=\"wp-block-heading\"> M\u00e1s tutoriales <\/h2>\n<div class=\"wp-block-columns is-layout-flex wp-container-75\">\n<div class=\"wp-block-column is-layout-flow\">\n<ul>\n<li> <a href=\"https:\/\/exceladvisor.org\/es\/agregar-la-columna-1\/\">Agregar una columna<\/a><\/li>\n<li> <a href=\"https:\/\/exceladvisor.org\/es\/eliminar-celda\/\">Eliminar celda<\/a><\/li>\n<li> <a href=\"https:\/\/exceladvisor.org\/es\/eliminar-linea\/\">Eliminar filas<\/a><\/li>\n<li> <a href=\"https:\/\/exceladvisor.org\/es\/editar-celda\/\">Editar celda<\/a><\/li>\n<\/ul>\n<\/div>\n<\/div>\n<\/div>\n<\/div>\n","protected":false},"excerpt":{"rendered":"<p>Insertar o agregar una fila en Excel es una tarea f\u00e1cil si conoce el acceso directo. A menudo, cuando trabajan en Excel, los usuarios quieren agregar filas en blanco y pueden agregarlas muy r\u00e1pidamente usando atajos de teclado en lugar de ir al \u00edcono \u00abInsertar\u00bb en la pesta\u00f1a \u00abInicio\u00bb. Atajo de teclado para insertar una [&hellip;]<\/p>\n","protected":false},"author":1,"featured_media":0,"parent":0,"menu_order":0,"comment_status":"open","ping_status":"closed","template":"","meta":{"ub_ctt_via":"","footnotes":""},"class_list":["post-603","page","type-page","status-publish","hentry"],"featured_image_src":null,"yoast_head":"<!-- This site is optimized with the Yoast SEO plugin v25.4 - https:\/\/yoast.com\/wordpress\/plugins\/seo\/ -->\n<title>\u00bfc\u00f3mo insertar una fila usando el acceso directo de excel?<\/title>\n<meta name=\"robots\" content=\"index, follow, max-snippet:-1, max-image-preview:large, max-video-preview:-1\" \/>\n<link rel=\"canonical\" href=\"https:\/\/exceladvisor.org\/es\/insertar-una-linea\/\" \/>\n<meta property=\"og:locale\" content=\"es_ES\" \/>\n<meta property=\"og:type\" content=\"article\" \/>\n<meta property=\"og:title\" content=\"\u00bfc\u00f3mo insertar una fila usando el acceso directo de excel?\" \/>\n<meta property=\"og:description\" content=\"Insertar o agregar una fila en Excel es una tarea f\u00e1cil si conoce el acceso directo. A menudo, cuando trabajan en Excel, los usuarios quieren agregar filas en blanco y pueden agregarlas muy r\u00e1pidamente usando atajos de teclado en lugar de ir al \u00edcono \u00abInsertar\u00bb en la pesta\u00f1a \u00abInicio\u00bb. Atajo de teclado para insertar una [&hellip;]\" \/>\n<meta property=\"og:url\" content=\"https:\/\/exceladvisor.org\/es\/insertar-una-linea\/\" \/>\n<meta property=\"og:site_name\" content=\"Excel Advisor\" \/>\n<meta property=\"article:modified_time\" content=\"2023-12-25T10:25:57+00:00\" \/>\n<meta property=\"og:image\" content=\"https:\/\/exceladvisor.org\/wp-content\/uploads\/2023\/08\/1-raccourci-pour-ajouter-une-ligne.png\" \/>\n<meta name=\"twitter:card\" content=\"summary_large_image\" \/>\n<meta name=\"twitter:label1\" content=\"Tiempo de lectura\" \/>\n\t<meta name=\"twitter:data1\" content=\"2 minutos\" \/>\n<script type=\"application\/ld+json\" class=\"yoast-schema-graph\">{\"@context\":\"https:\/\/schema.org\",\"@graph\":[{\"@type\":\"WebPage\",\"@id\":\"https:\/\/exceladvisor.org\/es\/insertar-una-linea\/\",\"url\":\"https:\/\/exceladvisor.org\/es\/insertar-una-linea\/\",\"name\":\"\u00bfc\u00f3mo insertar una fila usando el acceso directo de excel?\",\"isPartOf\":{\"@id\":\"https:\/\/exceladvisor.org\/es\/#website\"},\"primaryImageOfPage\":{\"@id\":\"https:\/\/exceladvisor.org\/es\/insertar-una-linea\/#primaryimage\"},\"image\":{\"@id\":\"https:\/\/exceladvisor.org\/es\/insertar-una-linea\/#primaryimage\"},\"thumbnailUrl\":\"https:\/\/exceladvisor.org\/wp-content\/uploads\/2023\/08\/1-raccourci-pour-ajouter-une-ligne.png\",\"datePublished\":\"2023-10-20T06:06:43+00:00\",\"dateModified\":\"2023-12-25T10:25:57+00:00\",\"breadcrumb\":{\"@id\":\"https:\/\/exceladvisor.org\/es\/insertar-una-linea\/#breadcrumb\"},\"inLanguage\":\"es\",\"potentialAction\":[{\"@type\":\"ReadAction\",\"target\":[\"https:\/\/exceladvisor.org\/es\/insertar-una-linea\/\"]}]},{\"@type\":\"ImageObject\",\"inLanguage\":\"es\",\"@id\":\"https:\/\/exceladvisor.org\/es\/insertar-una-linea\/#primaryimage\",\"url\":\"https:\/\/exceladvisor.org\/wp-content\/uploads\/2023\/08\/1-raccourci-pour-ajouter-une-ligne.png\",\"contentUrl\":\"https:\/\/exceladvisor.org\/wp-content\/uploads\/2023\/08\/1-raccourci-pour-ajouter-une-ligne.png\"},{\"@type\":\"BreadcrumbList\",\"@id\":\"https:\/\/exceladvisor.org\/es\/insertar-una-linea\/#breadcrumb\",\"itemListElement\":[{\"@type\":\"ListItem\",\"position\":1,\"name\":\"Hogar\",\"item\":\"https:\/\/exceladvisor.org\/es\/\"},{\"@type\":\"ListItem\",\"position\":2,\"name\":\"\u00bfc\u00f3mo insertar una fila usando el acceso directo de excel?\"}]},{\"@type\":\"WebSite\",\"@id\":\"https:\/\/exceladvisor.org\/es\/#website\",\"url\":\"https:\/\/exceladvisor.org\/es\/\",\"name\":\"Excel Advisor\",\"description\":\"Su gu\u00eda para la dominaci\u00f3n de datos!\",\"publisher\":{\"@id\":\"https:\/\/exceladvisor.org\/es\/#organization\"},\"potentialAction\":[{\"@type\":\"SearchAction\",\"target\":{\"@type\":\"EntryPoint\",\"urlTemplate\":\"https:\/\/exceladvisor.org\/es\/?s={search_term_string}\"},\"query-input\":{\"@type\":\"PropertyValueSpecification\",\"valueRequired\":true,\"valueName\":\"search_term_string\"}}],\"inLanguage\":\"es\"},{\"@type\":\"Organization\",\"@id\":\"https:\/\/exceladvisor.org\/es\/#organization\",\"name\":\"Excel Advisor\",\"url\":\"https:\/\/exceladvisor.org\/es\/\",\"logo\":{\"@type\":\"ImageObject\",\"inLanguage\":\"es\",\"@id\":\"https:\/\/exceladvisor.org\/es\/#\/schema\/logo\/image\/\",\"url\":\"https:\/\/exceladvisor.org\/es\/wp-content\/uploads\/2023\/12\/exceladvisor.org_.png\",\"contentUrl\":\"https:\/\/exceladvisor.org\/es\/wp-content\/uploads\/2023\/12\/exceladvisor.org_.png\",\"width\":105,\"height\":36,\"caption\":\"Excel Advisor\"},\"image\":{\"@id\":\"https:\/\/exceladvisor.org\/es\/#\/schema\/logo\/image\/\"}}]}<\/script>\n<!-- \/ Yoast SEO plugin. -->","yoast_head_json":{"title":"\u00bfc\u00f3mo insertar una fila usando el acceso directo de excel?","robots":{"index":"index","follow":"follow","max-snippet":"max-snippet:-1","max-image-preview":"max-image-preview:large","max-video-preview":"max-video-preview:-1"},"canonical":"https:\/\/exceladvisor.org\/es\/insertar-una-linea\/","og_locale":"es_ES","og_type":"article","og_title":"\u00bfc\u00f3mo insertar una fila usando el acceso directo de excel?","og_description":"Insertar o agregar una fila en Excel es una tarea f\u00e1cil si conoce el acceso directo. A menudo, cuando trabajan en Excel, los usuarios quieren agregar filas en blanco y pueden agregarlas muy r\u00e1pidamente usando atajos de teclado en lugar de ir al \u00edcono \u00abInsertar\u00bb en la pesta\u00f1a \u00abInicio\u00bb. Atajo de teclado para insertar una [&hellip;]","og_url":"https:\/\/exceladvisor.org\/es\/insertar-una-linea\/","og_site_name":"Excel Advisor","article_modified_time":"2023-12-25T10:25:57+00:00","og_image":[{"url":"https:\/\/exceladvisor.org\/wp-content\/uploads\/2023\/08\/1-raccourci-pour-ajouter-une-ligne.png","type":"","width":"","height":""}],"twitter_card":"summary_large_image","twitter_misc":{"Tiempo de lectura":"2 minutos"},"schema":{"@context":"https:\/\/schema.org","@graph":[{"@type":"WebPage","@id":"https:\/\/exceladvisor.org\/es\/insertar-una-linea\/","url":"https:\/\/exceladvisor.org\/es\/insertar-una-linea\/","name":"\u00bfc\u00f3mo insertar una fila usando el acceso directo de excel?","isPartOf":{"@id":"https:\/\/exceladvisor.org\/es\/#website"},"primaryImageOfPage":{"@id":"https:\/\/exceladvisor.org\/es\/insertar-una-linea\/#primaryimage"},"image":{"@id":"https:\/\/exceladvisor.org\/es\/insertar-una-linea\/#primaryimage"},"thumbnailUrl":"https:\/\/exceladvisor.org\/wp-content\/uploads\/2023\/08\/1-raccourci-pour-ajouter-une-ligne.png","datePublished":"2023-10-20T06:06:43+00:00","dateModified":"2023-12-25T10:25:57+00:00","breadcrumb":{"@id":"https:\/\/exceladvisor.org\/es\/insertar-una-linea\/#breadcrumb"},"inLanguage":"es","potentialAction":[{"@type":"ReadAction","target":["https:\/\/exceladvisor.org\/es\/insertar-una-linea\/"]}]},{"@type":"ImageObject","inLanguage":"es","@id":"https:\/\/exceladvisor.org\/es\/insertar-una-linea\/#primaryimage","url":"https:\/\/exceladvisor.org\/wp-content\/uploads\/2023\/08\/1-raccourci-pour-ajouter-une-ligne.png","contentUrl":"https:\/\/exceladvisor.org\/wp-content\/uploads\/2023\/08\/1-raccourci-pour-ajouter-une-ligne.png"},{"@type":"BreadcrumbList","@id":"https:\/\/exceladvisor.org\/es\/insertar-una-linea\/#breadcrumb","itemListElement":[{"@type":"ListItem","position":1,"name":"Hogar","item":"https:\/\/exceladvisor.org\/es\/"},{"@type":"ListItem","position":2,"name":"\u00bfc\u00f3mo insertar una fila usando el acceso directo de excel?"}]},{"@type":"WebSite","@id":"https:\/\/exceladvisor.org\/es\/#website","url":"https:\/\/exceladvisor.org\/es\/","name":"Excel Advisor","description":"Su gu\u00eda para la dominaci\u00f3n de datos!","publisher":{"@id":"https:\/\/exceladvisor.org\/es\/#organization"},"potentialAction":[{"@type":"SearchAction","target":{"@type":"EntryPoint","urlTemplate":"https:\/\/exceladvisor.org\/es\/?s={search_term_string}"},"query-input":{"@type":"PropertyValueSpecification","valueRequired":true,"valueName":"search_term_string"}}],"inLanguage":"es"},{"@type":"Organization","@id":"https:\/\/exceladvisor.org\/es\/#organization","name":"Excel Advisor","url":"https:\/\/exceladvisor.org\/es\/","logo":{"@type":"ImageObject","inLanguage":"es","@id":"https:\/\/exceladvisor.org\/es\/#\/schema\/logo\/image\/","url":"https:\/\/exceladvisor.org\/es\/wp-content\/uploads\/2023\/12\/exceladvisor.org_.png","contentUrl":"https:\/\/exceladvisor.org\/es\/wp-content\/uploads\/2023\/12\/exceladvisor.org_.png","width":105,"height":36,"caption":"Excel Advisor"},"image":{"@id":"https:\/\/exceladvisor.org\/es\/#\/schema\/logo\/image\/"}}]}},"yoast_meta":{"yoast_wpseo_title":"","yoast_wpseo_metadesc":"","yoast_wpseo_canonical":""},"_links":{"self":[{"href":"https:\/\/exceladvisor.org\/es\/wp-json\/wp\/v2\/pages\/603","targetHints":{"allow":["GET"]}}],"collection":[{"href":"https:\/\/exceladvisor.org\/es\/wp-json\/wp\/v2\/pages"}],"about":[{"href":"https:\/\/exceladvisor.org\/es\/wp-json\/wp\/v2\/types\/page"}],"author":[{"embeddable":true,"href":"https:\/\/exceladvisor.org\/es\/wp-json\/wp\/v2\/users\/1"}],"replies":[{"embeddable":true,"href":"https:\/\/exceladvisor.org\/es\/wp-json\/wp\/v2\/comments?post=603"}],"version-history":[{"count":1,"href":"https:\/\/exceladvisor.org\/es\/wp-json\/wp\/v2\/pages\/603\/revisions"}],"predecessor-version":[{"id":1111,"href":"https:\/\/exceladvisor.org\/es\/wp-json\/wp\/v2\/pages\/603\/revisions\/1111"}],"wp:attachment":[{"href":"https:\/\/exceladvisor.org\/es\/wp-json\/wp\/v2\/media?parent=603"}],"curies":[{"name":"wp","href":"https:\/\/api.w.org\/{rel}","templated":true}]}}