{"id":604,"date":"2023-10-20T05:39:06","date_gmt":"2023-10-20T05:39:06","guid":{"rendered":"https:\/\/exceladvisor.org\/es\/editar-celda\/"},"modified":"2023-12-25T10:24:49","modified_gmt":"2023-12-25T10:24:49","slug":"editar-celda","status":"publish","type":"page","link":"https:\/\/exceladvisor.org\/es\/editar-celda\/","title":{"rendered":"\u00bfc\u00f3mo editar celdas usando el atajo de excel?"},"content":{"rendered":"<div class=\"excel-antes-del-contenido\" id=\"excel-3431620038\"><script type=\"text\/javascript\">\r\n\tatOptions = {\r\n\t\t'key' : 'c1158f160081d6540a8409e6925dab94',\r\n\t\t'format' : 'iframe',\r\n\t\t'height' : 250,\r\n\t\t'width' : 300,\r\n\t\t'params' : {}\r\n\t};\r\n<\/script>\r\n<script type=\"text\/javascript\" src=\"\/\/www.highperformanceformat.com\/c1158f160081d6540a8409e6925dab94\/invoke.js\"><\/script><\/div><p>En Excel, editar una celda es una tarea muy utilizada. Si el usuario necesita modificar un valor o f\u00f3rmula ingresada en la celda.<\/p>\n<p> \u00c9l \/ Ella puede editar la celda en cualquier momento usando la opci\u00f3n manual haciendo doble clic en la celda o usando el atajo de teclado y cuando mueva la celda activa al modo de edici\u00f3n notar\u00e1 la l\u00ednea recta parpadeante en la celda. <\/p>\n<div class=\"wp-block-image\">\n<figure class=\"aligncenter size-full is-resized\"><img loading=\"lazy\" decoding=\"async\" class=\"wp-image-69438\" src=\"https:\/\/exceladvisor.org\/wp-content\/uploads\/2023\/08\/1-cellule-en-mode-edition.png\" sizes=\"auto, \" srcset=\"\" alt=\"celda en modo edici\u00f3n\" width=\"578\" height=\"243\"><\/figure>\n<\/div>\n<h2 class=\"wp-block-heading\"> Atajo de teclado para editar celda en Excel<\/h2>\n<p> <kbd>Fn<\/kbd> (tecla de funci\u00f3n) + <kbd>F2<\/kbd> <\/p>\n<div class=\"wp-block-image\">\n<figure class=\"aligncenter size-full is-resized\"><img loading=\"lazy\" decoding=\"async\" class=\"wp-image-69439\" src=\"https:\/\/exceladvisor.org\/wp-content\/uploads\/2023\/08\/2-raccourci-clavier-pour-modifier-la-cellule.png\" sizes=\"auto, \" srcset=\"\" alt=\"m\u00e9todo abreviado de teclado para editar celda\" width=\"812\" height=\"318\"><\/figure>\n<\/div>\n<h2 class=\"wp-block-heading\"> Pasos para editar una celda usando un atajo de teclado<\/h2>\n<ol>\n<li> Primero, navegue hasta la celda que desea editar.<\/li>\n<li> Despu\u00e9s de eso, simplemente presione las teclas \u00abFn+F2\u00bb y su celda activa entrar\u00e1 en modo de edici\u00f3n y ver\u00e1 la l\u00ednea recta parpadeante en la celda al final de su valor o f\u00f3rmula en la celda.<\/li>\n<li> Ahora, usando las teclas de navegaci\u00f3n izquierda y derecha del teclado, puede mover la l\u00ednea parpadeante en direcciones izquierda y derecha para cambiar el car\u00e1cter requerido en la celda.<\/li>\n<li> Una vez que haya terminado de editar, simplemente presione Entrar para reactivar la celda.<\/li>\n<\/ol>\n<h2 class=\"wp-block-heading\"> Comidas para llevar<\/h2>\n<ul>\n<li> Los usuarios pueden editar una celda a la vez.<\/li>\n<li> De forma predeterminada, la edici\u00f3n se produce en la celda, pero el usuario puede cambiar la configuraci\u00f3n predeterminada desmarcando la casilla \u00abPermitir la edici\u00f3n directamente en las celdas\u00bb en la opci\u00f3n Avanzada para que la edici\u00f3n se realice en la celda. \u00abBarra de formulas. <\/li>\n<\/ul>\n<div class=\"wp-block-image\">\n<figure class=\"aligncenter size-full is-resized\"><img loading=\"lazy\" decoding=\"async\" class=\"wp-image-69440\" src=\"https:\/\/exceladvisor.org\/wp-content\/uploads\/2023\/08\/Boite-de-dialogue-des-3-options-Excel.png\" sizes=\"auto, \" srcset=\"\" alt=\"Cuadro de di\u00e1logo de opciones de Excel\" width=\"614\" height=\"504\"><\/figure>\n<\/div>\n<div class=\"wp-block-group more-tutorials is-layout-flow\">\n<div class=\"wp-block-group__inner-container\">\n<h2 class=\"wp-block-heading\"> M\u00e1s tutoriales <\/h2>\n<div class=\"wp-block-columns is-layout-flex wp-container-63\">\n<div class=\"wp-block-column is-layout-flow\">\n<ul>\n<li> <a href=\"https:\/\/exceladvisor.org\/es\/agregar-la-columna-1\/\">Agregar una columna<\/a><\/li>\n<li> <a href=\"https:\/\/exceladvisor.org\/es\/eliminar-celda\/\">Eliminar celda<\/a><\/li>\n<li> <a href=\"https:\/\/exceladvisor.org\/es\/eliminar-linea\/\">Eliminar filas<\/a><\/li>\n<li> <a href=\"https:\/\/exceladvisor.org\/es\/mostrar-columnas\/\">Mostrar columnas<\/a><\/li>\n<\/ul>\n<\/div>\n<\/div>\n<\/div>\n<\/div>\n","protected":false},"excerpt":{"rendered":"<p>En Excel, editar una celda es una tarea muy utilizada. Si el usuario necesita modificar un valor o f\u00f3rmula ingresada en la celda. \u00c9l \/ Ella puede editar la celda en cualquier momento usando la opci\u00f3n manual haciendo doble clic en la celda o usando el atajo de teclado y cuando mueva la celda activa [&hellip;]<\/p>\n","protected":false},"author":1,"featured_media":0,"parent":0,"menu_order":0,"comment_status":"open","ping_status":"closed","template":"","meta":{"ub_ctt_via":"","footnotes":""},"class_list":["post-604","page","type-page","status-publish","hentry"],"featured_image_src":null,"yoast_head":"<!-- This site is optimized with the Yoast SEO plugin v25.4 - https:\/\/yoast.com\/wordpress\/plugins\/seo\/ -->\n<title>\u00bfc\u00f3mo editar celdas usando el atajo de excel?<\/title>\n<meta name=\"robots\" content=\"index, follow, max-snippet:-1, max-image-preview:large, max-video-preview:-1\" \/>\n<link rel=\"canonical\" href=\"https:\/\/exceladvisor.org\/es\/editar-celda\/\" \/>\n<meta property=\"og:locale\" content=\"es_ES\" \/>\n<meta property=\"og:type\" content=\"article\" \/>\n<meta property=\"og:title\" content=\"\u00bfc\u00f3mo editar celdas usando el atajo de excel?\" \/>\n<meta property=\"og:description\" content=\"En Excel, editar una celda es una tarea muy utilizada. Si el usuario necesita modificar un valor o f\u00f3rmula ingresada en la celda. \u00c9l \/ Ella puede editar la celda en cualquier momento usando la opci\u00f3n manual haciendo doble clic en la celda o usando el atajo de teclado y cuando mueva la celda activa [&hellip;]\" \/>\n<meta property=\"og:url\" content=\"https:\/\/exceladvisor.org\/es\/editar-celda\/\" \/>\n<meta property=\"og:site_name\" content=\"Excel Advisor\" \/>\n<meta property=\"article:modified_time\" content=\"2023-12-25T10:24:49+00:00\" \/>\n<meta property=\"og:image\" content=\"https:\/\/exceladvisor.org\/wp-content\/uploads\/2023\/08\/1-cellule-en-mode-edition.png\" \/>\n<meta name=\"twitter:card\" content=\"summary_large_image\" \/>\n<meta name=\"twitter:label1\" content=\"Tiempo de lectura\" \/>\n\t<meta name=\"twitter:data1\" content=\"1 minuto\" \/>\n<script type=\"application\/ld+json\" class=\"yoast-schema-graph\">{\"@context\":\"https:\/\/schema.org\",\"@graph\":[{\"@type\":\"WebPage\",\"@id\":\"https:\/\/exceladvisor.org\/es\/editar-celda\/\",\"url\":\"https:\/\/exceladvisor.org\/es\/editar-celda\/\",\"name\":\"\u00bfc\u00f3mo editar celdas usando el atajo de excel?\",\"isPartOf\":{\"@id\":\"https:\/\/exceladvisor.org\/es\/#website\"},\"primaryImageOfPage\":{\"@id\":\"https:\/\/exceladvisor.org\/es\/editar-celda\/#primaryimage\"},\"image\":{\"@id\":\"https:\/\/exceladvisor.org\/es\/editar-celda\/#primaryimage\"},\"thumbnailUrl\":\"https:\/\/exceladvisor.org\/wp-content\/uploads\/2023\/08\/1-cellule-en-mode-edition.png\",\"datePublished\":\"2023-10-20T05:39:06+00:00\",\"dateModified\":\"2023-12-25T10:24:49+00:00\",\"breadcrumb\":{\"@id\":\"https:\/\/exceladvisor.org\/es\/editar-celda\/#breadcrumb\"},\"inLanguage\":\"es\",\"potentialAction\":[{\"@type\":\"ReadAction\",\"target\":[\"https:\/\/exceladvisor.org\/es\/editar-celda\/\"]}]},{\"@type\":\"ImageObject\",\"inLanguage\":\"es\",\"@id\":\"https:\/\/exceladvisor.org\/es\/editar-celda\/#primaryimage\",\"url\":\"https:\/\/exceladvisor.org\/wp-content\/uploads\/2023\/08\/1-cellule-en-mode-edition.png\",\"contentUrl\":\"https:\/\/exceladvisor.org\/wp-content\/uploads\/2023\/08\/1-cellule-en-mode-edition.png\"},{\"@type\":\"BreadcrumbList\",\"@id\":\"https:\/\/exceladvisor.org\/es\/editar-celda\/#breadcrumb\",\"itemListElement\":[{\"@type\":\"ListItem\",\"position\":1,\"name\":\"Hogar\",\"item\":\"https:\/\/exceladvisor.org\/es\/\"},{\"@type\":\"ListItem\",\"position\":2,\"name\":\"\u00bfc\u00f3mo editar celdas usando el atajo de excel?\"}]},{\"@type\":\"WebSite\",\"@id\":\"https:\/\/exceladvisor.org\/es\/#website\",\"url\":\"https:\/\/exceladvisor.org\/es\/\",\"name\":\"Excel Advisor\",\"description\":\"Su gu\u00eda para la dominaci\u00f3n de datos!\",\"publisher\":{\"@id\":\"https:\/\/exceladvisor.org\/es\/#organization\"},\"potentialAction\":[{\"@type\":\"SearchAction\",\"target\":{\"@type\":\"EntryPoint\",\"urlTemplate\":\"https:\/\/exceladvisor.org\/es\/?s={search_term_string}\"},\"query-input\":{\"@type\":\"PropertyValueSpecification\",\"valueRequired\":true,\"valueName\":\"search_term_string\"}}],\"inLanguage\":\"es\"},{\"@type\":\"Organization\",\"@id\":\"https:\/\/exceladvisor.org\/es\/#organization\",\"name\":\"Excel Advisor\",\"url\":\"https:\/\/exceladvisor.org\/es\/\",\"logo\":{\"@type\":\"ImageObject\",\"inLanguage\":\"es\",\"@id\":\"https:\/\/exceladvisor.org\/es\/#\/schema\/logo\/image\/\",\"url\":\"https:\/\/exceladvisor.org\/es\/wp-content\/uploads\/2023\/12\/exceladvisor.org_.png\",\"contentUrl\":\"https:\/\/exceladvisor.org\/es\/wp-content\/uploads\/2023\/12\/exceladvisor.org_.png\",\"width\":105,\"height\":36,\"caption\":\"Excel Advisor\"},\"image\":{\"@id\":\"https:\/\/exceladvisor.org\/es\/#\/schema\/logo\/image\/\"}}]}<\/script>\n<!-- \/ Yoast SEO plugin. -->","yoast_head_json":{"title":"\u00bfc\u00f3mo editar celdas usando el atajo de excel?","robots":{"index":"index","follow":"follow","max-snippet":"max-snippet:-1","max-image-preview":"max-image-preview:large","max-video-preview":"max-video-preview:-1"},"canonical":"https:\/\/exceladvisor.org\/es\/editar-celda\/","og_locale":"es_ES","og_type":"article","og_title":"\u00bfc\u00f3mo editar celdas usando el atajo de excel?","og_description":"En Excel, editar una celda es una tarea muy utilizada. Si el usuario necesita modificar un valor o f\u00f3rmula ingresada en la celda. \u00c9l \/ Ella puede editar la celda en cualquier momento usando la opci\u00f3n manual haciendo doble clic en la celda o usando el atajo de teclado y cuando mueva la celda activa [&hellip;]","og_url":"https:\/\/exceladvisor.org\/es\/editar-celda\/","og_site_name":"Excel Advisor","article_modified_time":"2023-12-25T10:24:49+00:00","og_image":[{"url":"https:\/\/exceladvisor.org\/wp-content\/uploads\/2023\/08\/1-cellule-en-mode-edition.png","type":"","width":"","height":""}],"twitter_card":"summary_large_image","twitter_misc":{"Tiempo de lectura":"1 minuto"},"schema":{"@context":"https:\/\/schema.org","@graph":[{"@type":"WebPage","@id":"https:\/\/exceladvisor.org\/es\/editar-celda\/","url":"https:\/\/exceladvisor.org\/es\/editar-celda\/","name":"\u00bfc\u00f3mo editar celdas usando el atajo de excel?","isPartOf":{"@id":"https:\/\/exceladvisor.org\/es\/#website"},"primaryImageOfPage":{"@id":"https:\/\/exceladvisor.org\/es\/editar-celda\/#primaryimage"},"image":{"@id":"https:\/\/exceladvisor.org\/es\/editar-celda\/#primaryimage"},"thumbnailUrl":"https:\/\/exceladvisor.org\/wp-content\/uploads\/2023\/08\/1-cellule-en-mode-edition.png","datePublished":"2023-10-20T05:39:06+00:00","dateModified":"2023-12-25T10:24:49+00:00","breadcrumb":{"@id":"https:\/\/exceladvisor.org\/es\/editar-celda\/#breadcrumb"},"inLanguage":"es","potentialAction":[{"@type":"ReadAction","target":["https:\/\/exceladvisor.org\/es\/editar-celda\/"]}]},{"@type":"ImageObject","inLanguage":"es","@id":"https:\/\/exceladvisor.org\/es\/editar-celda\/#primaryimage","url":"https:\/\/exceladvisor.org\/wp-content\/uploads\/2023\/08\/1-cellule-en-mode-edition.png","contentUrl":"https:\/\/exceladvisor.org\/wp-content\/uploads\/2023\/08\/1-cellule-en-mode-edition.png"},{"@type":"BreadcrumbList","@id":"https:\/\/exceladvisor.org\/es\/editar-celda\/#breadcrumb","itemListElement":[{"@type":"ListItem","position":1,"name":"Hogar","item":"https:\/\/exceladvisor.org\/es\/"},{"@type":"ListItem","position":2,"name":"\u00bfc\u00f3mo editar celdas usando el atajo de excel?"}]},{"@type":"WebSite","@id":"https:\/\/exceladvisor.org\/es\/#website","url":"https:\/\/exceladvisor.org\/es\/","name":"Excel Advisor","description":"Su gu\u00eda para la dominaci\u00f3n de datos!","publisher":{"@id":"https:\/\/exceladvisor.org\/es\/#organization"},"potentialAction":[{"@type":"SearchAction","target":{"@type":"EntryPoint","urlTemplate":"https:\/\/exceladvisor.org\/es\/?s={search_term_string}"},"query-input":{"@type":"PropertyValueSpecification","valueRequired":true,"valueName":"search_term_string"}}],"inLanguage":"es"},{"@type":"Organization","@id":"https:\/\/exceladvisor.org\/es\/#organization","name":"Excel Advisor","url":"https:\/\/exceladvisor.org\/es\/","logo":{"@type":"ImageObject","inLanguage":"es","@id":"https:\/\/exceladvisor.org\/es\/#\/schema\/logo\/image\/","url":"https:\/\/exceladvisor.org\/es\/wp-content\/uploads\/2023\/12\/exceladvisor.org_.png","contentUrl":"https:\/\/exceladvisor.org\/es\/wp-content\/uploads\/2023\/12\/exceladvisor.org_.png","width":105,"height":36,"caption":"Excel Advisor"},"image":{"@id":"https:\/\/exceladvisor.org\/es\/#\/schema\/logo\/image\/"}}]}},"yoast_meta":{"yoast_wpseo_title":"","yoast_wpseo_metadesc":"","yoast_wpseo_canonical":""},"_links":{"self":[{"href":"https:\/\/exceladvisor.org\/es\/wp-json\/wp\/v2\/pages\/604","targetHints":{"allow":["GET"]}}],"collection":[{"href":"https:\/\/exceladvisor.org\/es\/wp-json\/wp\/v2\/pages"}],"about":[{"href":"https:\/\/exceladvisor.org\/es\/wp-json\/wp\/v2\/types\/page"}],"author":[{"embeddable":true,"href":"https:\/\/exceladvisor.org\/es\/wp-json\/wp\/v2\/users\/1"}],"replies":[{"embeddable":true,"href":"https:\/\/exceladvisor.org\/es\/wp-json\/wp\/v2\/comments?post=604"}],"version-history":[{"count":1,"href":"https:\/\/exceladvisor.org\/es\/wp-json\/wp\/v2\/pages\/604\/revisions"}],"predecessor-version":[{"id":962,"href":"https:\/\/exceladvisor.org\/es\/wp-json\/wp\/v2\/pages\/604\/revisions\/962"}],"wp:attachment":[{"href":"https:\/\/exceladvisor.org\/es\/wp-json\/wp\/v2\/media?parent=604"}],"curies":[{"name":"wp","href":"https:\/\/api.w.org\/{rel}","templated":true}]}}