{"id":605,"date":"2023-10-20T04:51:31","date_gmt":"2023-10-20T04:51:31","guid":{"rendered":"https:\/\/exceladvisor.org\/es\/formato-pintor-1\/"},"modified":"2023-12-25T10:33:33","modified_gmt":"2023-12-25T10:33:33","slug":"formato-pintor-1","status":"publish","type":"page","link":"https:\/\/exceladvisor.org\/es\/formato-pintor-1\/","title":{"rendered":"M\u00e9todo abreviado de teclado de excel para copiar formato"},"content":{"rendered":"<div class=\"excel-antes-del-contenido\" id=\"excel-2222354898\"><script type=\"text\/javascript\">\r\n\tatOptions = {\r\n\t\t'key' : 'c1158f160081d6540a8409e6925dab94',\r\n\t\t'format' : 'iframe',\r\n\t\t'height' : 250,\r\n\t\t'width' : 300,\r\n\t\t'params' : {}\r\n\t};\r\n<\/script>\r\n<script type=\"text\/javascript\" src=\"\/\/www.highperformanceformat.com\/c1158f160081d6540a8409e6925dab94\/invoke.js\"><\/script><\/div><p>Copiar formato en Excel es una funci\u00f3n que se utiliza para copiar y pegar formato de celda \u00fanicamente.<\/p>\n<p> Copia y pega todo el formato aplicado a las celdas, como color de fondo, color de fuente, tama\u00f1o de fuente, bordes, formato de n\u00famero, etc. Entonces, con este usuario puedes pegar solo el formato de la celda y excluir el valor.<\/p>\n<p> Los usuarios pueden usar Format Painter manualmente o usando atajos de teclado y en este tutorial hemos explicado un atajo de teclado para usar Format Painter.<\/p>\n<h2 class=\"wp-block-heading\"> Atajo de teclado para formatear Painter en Excel<\/h2>\n<p> Encontrar\u00e1 varios atajos de teclado para usar Format Painter, pero a continuaci\u00f3n explicamos el mejor y m\u00e1s r\u00e1pido atajo de teclado: <\/p>\n<div class=\"wp-block-image\">\n<figure class=\"aligncenter size-full is-resized\"><img loading=\"lazy\" decoding=\"async\" class=\"wp-image-69447\" src=\"https:\/\/exceladvisor.org\/wp-content\/uploads\/2023\/08\/1-raccourci-clavier-pour-formater-le-peintre.png\" sizes=\"auto, \" srcset=\"\" alt=\"m\u00e9todo abreviado de teclado para formatear el pintor\" width=\"770\" height=\"302\"><\/figure>\n<\/div>\n<p> <kbd>Ctrl<\/kbd> + <kbd>Alt<\/kbd> + <kbd>V<\/kbd> \u2192 <kbd>T<\/kbd><\/p>\n<h2 class=\"wp-block-heading\"> Pasos para formatear Painter usando un atajo de teclado<\/h2>\n<ol>\n<li> Primero, vaya a la celda o rango de celdas cuyo formato desea copiar y pegar y presione las teclas \u00abCtrl + C\u00bb para copiar las celdas.<\/li>\n<li> Despu\u00e9s de eso, vaya a la celda donde desea pegar el formato de celda y mantenga presionadas las teclas \u00abCtrl\u00bb + \u00abAlt\u00bb, luego presione \u00abV\u00bb para abrir el cuadro de di\u00e1logo \u00abPegado especial\u00bb, luego suelte las teclas.<\/li>\n<li> Ahora presione \u00abT\u00bb para mover el bot\u00f3n de opci\u00f3n a la opci\u00f3n \u00abFormatos\u00bb, luego presione la tecla \u00abEntrar\u00bb y se pegar\u00e1 su formato. <\/li>\n<\/ol>\n<div class=\"wp-block-image\">\n<figure class=\"aligncenter size-full is-resized\"><img loading=\"lazy\" decoding=\"async\" class=\"wp-image-69448\" src=\"https:\/\/exceladvisor.org\/wp-content\/uploads\/2023\/08\/2-coller-la-boite-de-dialogue-speciale.png\" sizes=\"auto, \" srcset=\"\" alt=\"cuadro de di\u00e1logo-pegar-especial\" width=\"554\" height=\"414\"><\/figure>\n<\/div>\n<div class=\"gb-container gb-container-2116538e gb-container-mt\"> <a class=\"gb-button gb-button-f7d2c131 gb-button-text gb-button-mt-button\" href=\"https:\/\/exceladvisor.org\/es\/atajos-de-teclado\/\">Atajos de teclado para PDF de Excel<\/a><\/p>\n<h2 class=\"gb-headline gb-headline-7ed68554 gb-headline-text gb-headline-mt-heading\"> M\u00e1s atajos <\/h2>\n<div class=\"gb-grid-wrapper gb-grid-wrapper-edeef538 gb-grid-wrapper-mt-grid\">\n<div class=\"gb-grid-column gb-grid-column-6ab6fbc6\">\n<div class=\"gb-container gb-container-6ab6fbc6\">\n<ul>\n<li> <a href=\"https:\/\/exceladvisor.org\/es\/opciones-de-celda-de-formato-abierto\/\">Opci\u00f3n para abrir celdas de formato.<\/a><\/li>\n<li> <a href=\"https:\/\/exceladvisor.org\/es\/ajuste-automatico\/\">Ajuste autom\u00e1tico<\/a><\/li>\n<li> <a href=\"https:\/\/exceladvisor.org\/es\/ajustar-texto\/\">Ajustar texto<\/a><\/li>\n<li> <a href=\"https:\/\/exceladvisor.org\/es\/anadir-comentarios\/\">A\u00f1adir comentarios<\/a><\/li>\n<\/ul>\n<\/div>\n<\/div>\n<\/div>\n<\/div>\n","protected":false},"excerpt":{"rendered":"<p>Copiar formato en Excel es una funci\u00f3n que se utiliza para copiar y pegar formato de celda \u00fanicamente. Copia y pega todo el formato aplicado a las celdas, como color de fondo, color de fuente, tama\u00f1o de fuente, bordes, formato de n\u00famero, etc. Entonces, con este usuario puedes pegar solo el formato de la celda [&hellip;]<\/p>\n","protected":false},"author":1,"featured_media":0,"parent":0,"menu_order":0,"comment_status":"open","ping_status":"closed","template":"","meta":{"ub_ctt_via":"","footnotes":""},"class_list":["post-605","page","type-page","status-publish","hentry"],"featured_image_src":null,"yoast_head":"<!-- This site is optimized with the Yoast SEO plugin v25.4 - https:\/\/yoast.com\/wordpress\/plugins\/seo\/ -->\n<title>M\u00e9todo abreviado de teclado de excel para copiar formato<\/title>\n<meta name=\"robots\" content=\"index, follow, max-snippet:-1, max-image-preview:large, max-video-preview:-1\" \/>\n<link rel=\"canonical\" href=\"https:\/\/exceladvisor.org\/es\/formato-pintor-1\/\" \/>\n<meta property=\"og:locale\" content=\"es_ES\" \/>\n<meta property=\"og:type\" content=\"article\" \/>\n<meta property=\"og:title\" content=\"M\u00e9todo abreviado de teclado de excel para copiar formato\" \/>\n<meta property=\"og:description\" content=\"Copiar formato en Excel es una funci\u00f3n que se utiliza para copiar y pegar formato de celda \u00fanicamente. Copia y pega todo el formato aplicado a las celdas, como color de fondo, color de fuente, tama\u00f1o de fuente, bordes, formato de n\u00famero, etc. Entonces, con este usuario puedes pegar solo el formato de la celda [&hellip;]\" \/>\n<meta property=\"og:url\" content=\"https:\/\/exceladvisor.org\/es\/formato-pintor-1\/\" \/>\n<meta property=\"og:site_name\" content=\"Excel Advisor\" \/>\n<meta property=\"article:modified_time\" content=\"2023-12-25T10:33:33+00:00\" \/>\n<meta property=\"og:image\" content=\"https:\/\/exceladvisor.org\/wp-content\/uploads\/2023\/08\/1-raccourci-clavier-pour-formater-le-peintre.png\" \/>\n<meta name=\"twitter:card\" content=\"summary_large_image\" \/>\n<meta name=\"twitter:label1\" content=\"Tiempo de lectura\" \/>\n\t<meta name=\"twitter:data1\" content=\"1 minuto\" \/>\n<script type=\"application\/ld+json\" class=\"yoast-schema-graph\">{\"@context\":\"https:\/\/schema.org\",\"@graph\":[{\"@type\":\"WebPage\",\"@id\":\"https:\/\/exceladvisor.org\/es\/formato-pintor-1\/\",\"url\":\"https:\/\/exceladvisor.org\/es\/formato-pintor-1\/\",\"name\":\"M\u00e9todo abreviado de teclado de excel para copiar formato\",\"isPartOf\":{\"@id\":\"https:\/\/exceladvisor.org\/es\/#website\"},\"primaryImageOfPage\":{\"@id\":\"https:\/\/exceladvisor.org\/es\/formato-pintor-1\/#primaryimage\"},\"image\":{\"@id\":\"https:\/\/exceladvisor.org\/es\/formato-pintor-1\/#primaryimage\"},\"thumbnailUrl\":\"https:\/\/exceladvisor.org\/wp-content\/uploads\/2023\/08\/1-raccourci-clavier-pour-formater-le-peintre.png\",\"datePublished\":\"2023-10-20T04:51:31+00:00\",\"dateModified\":\"2023-12-25T10:33:33+00:00\",\"breadcrumb\":{\"@id\":\"https:\/\/exceladvisor.org\/es\/formato-pintor-1\/#breadcrumb\"},\"inLanguage\":\"es\",\"potentialAction\":[{\"@type\":\"ReadAction\",\"target\":[\"https:\/\/exceladvisor.org\/es\/formato-pintor-1\/\"]}]},{\"@type\":\"ImageObject\",\"inLanguage\":\"es\",\"@id\":\"https:\/\/exceladvisor.org\/es\/formato-pintor-1\/#primaryimage\",\"url\":\"https:\/\/exceladvisor.org\/wp-content\/uploads\/2023\/08\/1-raccourci-clavier-pour-formater-le-peintre.png\",\"contentUrl\":\"https:\/\/exceladvisor.org\/wp-content\/uploads\/2023\/08\/1-raccourci-clavier-pour-formater-le-peintre.png\"},{\"@type\":\"BreadcrumbList\",\"@id\":\"https:\/\/exceladvisor.org\/es\/formato-pintor-1\/#breadcrumb\",\"itemListElement\":[{\"@type\":\"ListItem\",\"position\":1,\"name\":\"Hogar\",\"item\":\"https:\/\/exceladvisor.org\/es\/\"},{\"@type\":\"ListItem\",\"position\":2,\"name\":\"M\u00e9todo abreviado de teclado de excel para copiar formato\"}]},{\"@type\":\"WebSite\",\"@id\":\"https:\/\/exceladvisor.org\/es\/#website\",\"url\":\"https:\/\/exceladvisor.org\/es\/\",\"name\":\"Excel Advisor\",\"description\":\"Su gu\u00eda para la dominaci\u00f3n de datos!\",\"publisher\":{\"@id\":\"https:\/\/exceladvisor.org\/es\/#organization\"},\"potentialAction\":[{\"@type\":\"SearchAction\",\"target\":{\"@type\":\"EntryPoint\",\"urlTemplate\":\"https:\/\/exceladvisor.org\/es\/?s={search_term_string}\"},\"query-input\":{\"@type\":\"PropertyValueSpecification\",\"valueRequired\":true,\"valueName\":\"search_term_string\"}}],\"inLanguage\":\"es\"},{\"@type\":\"Organization\",\"@id\":\"https:\/\/exceladvisor.org\/es\/#organization\",\"name\":\"Excel Advisor\",\"url\":\"https:\/\/exceladvisor.org\/es\/\",\"logo\":{\"@type\":\"ImageObject\",\"inLanguage\":\"es\",\"@id\":\"https:\/\/exceladvisor.org\/es\/#\/schema\/logo\/image\/\",\"url\":\"https:\/\/exceladvisor.org\/es\/wp-content\/uploads\/2023\/12\/exceladvisor.org_.png\",\"contentUrl\":\"https:\/\/exceladvisor.org\/es\/wp-content\/uploads\/2023\/12\/exceladvisor.org_.png\",\"width\":105,\"height\":36,\"caption\":\"Excel Advisor\"},\"image\":{\"@id\":\"https:\/\/exceladvisor.org\/es\/#\/schema\/logo\/image\/\"}}]}<\/script>\n<!-- \/ Yoast SEO plugin. -->","yoast_head_json":{"title":"M\u00e9todo abreviado de teclado de excel para copiar formato","robots":{"index":"index","follow":"follow","max-snippet":"max-snippet:-1","max-image-preview":"max-image-preview:large","max-video-preview":"max-video-preview:-1"},"canonical":"https:\/\/exceladvisor.org\/es\/formato-pintor-1\/","og_locale":"es_ES","og_type":"article","og_title":"M\u00e9todo abreviado de teclado de excel para copiar formato","og_description":"Copiar formato en Excel es una funci\u00f3n que se utiliza para copiar y pegar formato de celda \u00fanicamente. Copia y pega todo el formato aplicado a las celdas, como color de fondo, color de fuente, tama\u00f1o de fuente, bordes, formato de n\u00famero, etc. Entonces, con este usuario puedes pegar solo el formato de la celda [&hellip;]","og_url":"https:\/\/exceladvisor.org\/es\/formato-pintor-1\/","og_site_name":"Excel Advisor","article_modified_time":"2023-12-25T10:33:33+00:00","og_image":[{"url":"https:\/\/exceladvisor.org\/wp-content\/uploads\/2023\/08\/1-raccourci-clavier-pour-formater-le-peintre.png","type":"","width":"","height":""}],"twitter_card":"summary_large_image","twitter_misc":{"Tiempo de lectura":"1 minuto"},"schema":{"@context":"https:\/\/schema.org","@graph":[{"@type":"WebPage","@id":"https:\/\/exceladvisor.org\/es\/formato-pintor-1\/","url":"https:\/\/exceladvisor.org\/es\/formato-pintor-1\/","name":"M\u00e9todo abreviado de teclado de excel para copiar formato","isPartOf":{"@id":"https:\/\/exceladvisor.org\/es\/#website"},"primaryImageOfPage":{"@id":"https:\/\/exceladvisor.org\/es\/formato-pintor-1\/#primaryimage"},"image":{"@id":"https:\/\/exceladvisor.org\/es\/formato-pintor-1\/#primaryimage"},"thumbnailUrl":"https:\/\/exceladvisor.org\/wp-content\/uploads\/2023\/08\/1-raccourci-clavier-pour-formater-le-peintre.png","datePublished":"2023-10-20T04:51:31+00:00","dateModified":"2023-12-25T10:33:33+00:00","breadcrumb":{"@id":"https:\/\/exceladvisor.org\/es\/formato-pintor-1\/#breadcrumb"},"inLanguage":"es","potentialAction":[{"@type":"ReadAction","target":["https:\/\/exceladvisor.org\/es\/formato-pintor-1\/"]}]},{"@type":"ImageObject","inLanguage":"es","@id":"https:\/\/exceladvisor.org\/es\/formato-pintor-1\/#primaryimage","url":"https:\/\/exceladvisor.org\/wp-content\/uploads\/2023\/08\/1-raccourci-clavier-pour-formater-le-peintre.png","contentUrl":"https:\/\/exceladvisor.org\/wp-content\/uploads\/2023\/08\/1-raccourci-clavier-pour-formater-le-peintre.png"},{"@type":"BreadcrumbList","@id":"https:\/\/exceladvisor.org\/es\/formato-pintor-1\/#breadcrumb","itemListElement":[{"@type":"ListItem","position":1,"name":"Hogar","item":"https:\/\/exceladvisor.org\/es\/"},{"@type":"ListItem","position":2,"name":"M\u00e9todo abreviado de teclado de excel para copiar formato"}]},{"@type":"WebSite","@id":"https:\/\/exceladvisor.org\/es\/#website","url":"https:\/\/exceladvisor.org\/es\/","name":"Excel Advisor","description":"Su gu\u00eda para la dominaci\u00f3n de datos!","publisher":{"@id":"https:\/\/exceladvisor.org\/es\/#organization"},"potentialAction":[{"@type":"SearchAction","target":{"@type":"EntryPoint","urlTemplate":"https:\/\/exceladvisor.org\/es\/?s={search_term_string}"},"query-input":{"@type":"PropertyValueSpecification","valueRequired":true,"valueName":"search_term_string"}}],"inLanguage":"es"},{"@type":"Organization","@id":"https:\/\/exceladvisor.org\/es\/#organization","name":"Excel Advisor","url":"https:\/\/exceladvisor.org\/es\/","logo":{"@type":"ImageObject","inLanguage":"es","@id":"https:\/\/exceladvisor.org\/es\/#\/schema\/logo\/image\/","url":"https:\/\/exceladvisor.org\/es\/wp-content\/uploads\/2023\/12\/exceladvisor.org_.png","contentUrl":"https:\/\/exceladvisor.org\/es\/wp-content\/uploads\/2023\/12\/exceladvisor.org_.png","width":105,"height":36,"caption":"Excel Advisor"},"image":{"@id":"https:\/\/exceladvisor.org\/es\/#\/schema\/logo\/image\/"}}]}},"yoast_meta":{"yoast_wpseo_title":"","yoast_wpseo_metadesc":"","yoast_wpseo_canonical":""},"_links":{"self":[{"href":"https:\/\/exceladvisor.org\/es\/wp-json\/wp\/v2\/pages\/605","targetHints":{"allow":["GET"]}}],"collection":[{"href":"https:\/\/exceladvisor.org\/es\/wp-json\/wp\/v2\/pages"}],"about":[{"href":"https:\/\/exceladvisor.org\/es\/wp-json\/wp\/v2\/types\/page"}],"author":[{"embeddable":true,"href":"https:\/\/exceladvisor.org\/es\/wp-json\/wp\/v2\/users\/1"}],"replies":[{"embeddable":true,"href":"https:\/\/exceladvisor.org\/es\/wp-json\/wp\/v2\/comments?post=605"}],"version-history":[{"count":1,"href":"https:\/\/exceladvisor.org\/es\/wp-json\/wp\/v2\/pages\/605\/revisions"}],"predecessor-version":[{"id":1482,"href":"https:\/\/exceladvisor.org\/es\/wp-json\/wp\/v2\/pages\/605\/revisions\/1482"}],"wp:attachment":[{"href":"https:\/\/exceladvisor.org\/es\/wp-json\/wp\/v2\/media?parent=605"}],"curies":[{"name":"wp","href":"https:\/\/api.w.org\/{rel}","templated":true}]}}