{"id":606,"date":"2023-10-20T04:08:08","date_gmt":"2023-10-20T04:08:08","guid":{"rendered":"https:\/\/exceladvisor.org\/es\/seleccione-una-linea\/"},"modified":"2023-12-25T10:27:10","modified_gmt":"2023-12-25T10:27:10","slug":"seleccione-una-linea","status":"publish","type":"page","link":"https:\/\/exceladvisor.org\/es\/seleccione-una-linea\/","title":{"rendered":"\u00bfc\u00f3mo seleccionar filas usando el acceso directo de excel?"},"content":{"rendered":"<div class=\"excel-antes-del-contenido\" id=\"excel-3592400827\"><script type=\"text\/javascript\">\r\n\tatOptions = {\r\n\t\t'key' : 'c1158f160081d6540a8409e6925dab94',\r\n\t\t'format' : 'iframe',\r\n\t\t'height' : 250,\r\n\t\t'width' : 300,\r\n\t\t'params' : {}\r\n\t};\r\n<\/script>\r\n<script type=\"text\/javascript\" src=\"\/\/www.highperformanceformat.com\/c1158f160081d6540a8409e6925dab94\/invoke.js\"><\/script><\/div><p>Una hoja de c\u00e1lculo de Excel es una combinaci\u00f3n de varias filas y columnas que contienen celdas.<\/p>\n<p> Cuando se trabaja en Excel, la cantidad de veces que los usuarios desean seleccionar una fila por diversos motivos, como eliminar la fila espec\u00edfica, formatear la fila espec\u00edfica o insertar una nueva fila encima de la l\u00ednea seleccionada.<\/p>\n<p> Por lo tanto, es importante que todos los usuarios de Excel est\u00e9n familiarizados con el acceso directo para seleccionar las filas y, en este tutorial, le hemos explicado lo mismo.<\/p>\n<h2 class=\"wp-block-heading\"> Atajo de teclado para seleccionar una fila en Excel<\/h2>\n<p> <kbd>May\u00fas<\/kbd> + <kbd>Espacio<\/kbd> <\/p>\n<div class=\"wp-block-image\">\n<figure class=\"aligncenter size-full is-resized\"><img loading=\"lazy\" decoding=\"async\" class=\"wp-image-69476\" src=\"https:\/\/exceladvisor.org\/wp-content\/uploads\/2023\/08\/1-raccourci-pour-selectionner-la-ligne.png\" sizes=\"auto, \" srcset=\"\" alt=\"acceso directo para seleccionar una l\u00ednea\" width=\"805\" height=\"316\"><\/figure>\n<\/div>\n<h2 class=\"wp-block-heading\"> Pasos para seleccionar filas usando el m\u00e9todo abreviado de teclado<\/h2>\n<ul>\n<li> Primero vaya a cualquier celda de la fila que desee seleccionar. <br \/><img decoding=\"async\" title=\"2 celdas en fila\" src=\"https:\/\/exceladvisor.org\/wp-content\/uploads\/2023\/08\/2-cellules-dans-la-rangee.png\" sizes=\"\" srcset=\"\" alt=\"cell-in-the-row\"><\/li>\n<li> Despu\u00e9s de eso, simplemente presione \u201cShift + Barra espaciadora\u201d y su fila quedar\u00e1 seleccionada y resaltada.<\/li>\n<li> Ahora, si desea eliminar la(s) l\u00ednea(s) seleccionada(s), presione \u201cCtrl + \u2013\u201d (signo menos), o si desea agregar la nueva l\u00ednea encima de la l\u00ednea seleccionada, presione \u201cCtrl + +\u201d (signo m\u00e1s) o vaya a formato si desea formatear solo la fila seleccionada.<\/li>\n<li> Para seleccionar varias l\u00edneas adyacentes a la l\u00ednea seleccionada, presione las teclas \u201cShift + Flecha hacia abajo\u201d o \u201cShift + Flecha hacia arriba\u201d para seleccionar las l\u00edneas hacia abajo o hacia arriba. <br \/><img decoding=\"async\" title=\"3 l\u00edneas seleccionadas\" src=\"https:\/\/exceladvisor.org\/wp-content\/uploads\/2023\/08\/3-ligne-selectionnee.png\" sizes=\"\" srcset=\"\" alt=\"selected-row\"><\/li>\n<\/ul>\n<h2 class=\"wp-block-heading\"> Comidas para llevar<\/h2>\n<ul>\n<li> Para seleccionar varias l\u00edneas no adyacentes, se recomienda seleccionar las l\u00edneas usando el mouse o usando la opci\u00f3n de filtro.<\/li>\n<li> Si tiene varios conjuntos de datos en la hoja actual, es mejor convertir los conjuntos de datos en tablas porque en las tablas \u00abShift + Barra espaciadora\u00bb solo selecciona la fila de la tabla, y sin tablas selecciona toda la fila de un extremo a otro de la hoja actual. hoja de c\u00e1lculo. <\/li>\n<\/ul>\n<div class=\"wp-block-group more-tutorials is-layout-flow\">\n<div class=\"wp-block-group__inner-container\">\n<h2 class=\"wp-block-heading\"> M\u00e1s tutoriales <\/h2>\n<div class=\"wp-block-columns is-layout-flex wp-container-47\">\n<div class=\"wp-block-column is-layout-flow\">\n<ul>\n<li> <a href=\"https:\/\/exceladvisor.org\/es\/referencia-absoluta\/\">referencia absoluta<\/a><\/li>\n<li> <a href=\"https:\/\/exceladvisor.org\/es\/copiar-pegar\/\">Copiar y pegar<\/a><\/li>\n<li> <a href=\"https:\/\/exceladvisor.org\/es\/cortar-y-pegar\/\">Cortar y pegar<\/a><\/li>\n<li> Bloquear celdas<\/li>\n<\/ul>\n<\/div>\n<\/div>\n<\/div>\n<\/div>\n","protected":false},"excerpt":{"rendered":"<p>Una hoja de c\u00e1lculo de Excel es una combinaci\u00f3n de varias filas y columnas que contienen celdas. Cuando se trabaja en Excel, la cantidad de veces que los usuarios desean seleccionar una fila por diversos motivos, como eliminar la fila espec\u00edfica, formatear la fila espec\u00edfica o insertar una nueva fila encima de la l\u00ednea seleccionada. [&hellip;]<\/p>\n","protected":false},"author":1,"featured_media":0,"parent":0,"menu_order":0,"comment_status":"open","ping_status":"closed","template":"","meta":{"ub_ctt_via":"","footnotes":""},"class_list":["post-606","page","type-page","status-publish","hentry"],"featured_image_src":null,"yoast_head":"<!-- This site is optimized with the Yoast SEO plugin v25.4 - https:\/\/yoast.com\/wordpress\/plugins\/seo\/ -->\n<title>\u00bfc\u00f3mo seleccionar filas usando el acceso directo de excel?<\/title>\n<meta name=\"robots\" content=\"index, follow, max-snippet:-1, max-image-preview:large, max-video-preview:-1\" \/>\n<link rel=\"canonical\" href=\"https:\/\/exceladvisor.org\/es\/seleccione-una-linea\/\" \/>\n<meta property=\"og:locale\" content=\"es_ES\" \/>\n<meta property=\"og:type\" content=\"article\" \/>\n<meta property=\"og:title\" content=\"\u00bfc\u00f3mo seleccionar filas usando el acceso directo de excel?\" \/>\n<meta property=\"og:description\" content=\"Una hoja de c\u00e1lculo de Excel es una combinaci\u00f3n de varias filas y columnas que contienen celdas. Cuando se trabaja en Excel, la cantidad de veces que los usuarios desean seleccionar una fila por diversos motivos, como eliminar la fila espec\u00edfica, formatear la fila espec\u00edfica o insertar una nueva fila encima de la l\u00ednea seleccionada. [&hellip;]\" \/>\n<meta property=\"og:url\" content=\"https:\/\/exceladvisor.org\/es\/seleccione-una-linea\/\" \/>\n<meta property=\"og:site_name\" content=\"Excel Advisor\" \/>\n<meta property=\"article:modified_time\" content=\"2023-12-25T10:27:10+00:00\" \/>\n<meta property=\"og:image\" content=\"https:\/\/exceladvisor.org\/wp-content\/uploads\/2023\/08\/1-raccourci-pour-selectionner-la-ligne.png\" \/>\n<meta name=\"twitter:card\" content=\"summary_large_image\" \/>\n<meta name=\"twitter:label1\" content=\"Tiempo de lectura\" \/>\n\t<meta name=\"twitter:data1\" content=\"2 minutos\" \/>\n<script type=\"application\/ld+json\" class=\"yoast-schema-graph\">{\"@context\":\"https:\/\/schema.org\",\"@graph\":[{\"@type\":\"WebPage\",\"@id\":\"https:\/\/exceladvisor.org\/es\/seleccione-una-linea\/\",\"url\":\"https:\/\/exceladvisor.org\/es\/seleccione-una-linea\/\",\"name\":\"\u00bfc\u00f3mo seleccionar filas usando el acceso directo de excel?\",\"isPartOf\":{\"@id\":\"https:\/\/exceladvisor.org\/es\/#website\"},\"primaryImageOfPage\":{\"@id\":\"https:\/\/exceladvisor.org\/es\/seleccione-una-linea\/#primaryimage\"},\"image\":{\"@id\":\"https:\/\/exceladvisor.org\/es\/seleccione-una-linea\/#primaryimage\"},\"thumbnailUrl\":\"https:\/\/exceladvisor.org\/wp-content\/uploads\/2023\/08\/1-raccourci-pour-selectionner-la-ligne.png\",\"datePublished\":\"2023-10-20T04:08:08+00:00\",\"dateModified\":\"2023-12-25T10:27:10+00:00\",\"breadcrumb\":{\"@id\":\"https:\/\/exceladvisor.org\/es\/seleccione-una-linea\/#breadcrumb\"},\"inLanguage\":\"es\",\"potentialAction\":[{\"@type\":\"ReadAction\",\"target\":[\"https:\/\/exceladvisor.org\/es\/seleccione-una-linea\/\"]}]},{\"@type\":\"ImageObject\",\"inLanguage\":\"es\",\"@id\":\"https:\/\/exceladvisor.org\/es\/seleccione-una-linea\/#primaryimage\",\"url\":\"https:\/\/exceladvisor.org\/wp-content\/uploads\/2023\/08\/1-raccourci-pour-selectionner-la-ligne.png\",\"contentUrl\":\"https:\/\/exceladvisor.org\/wp-content\/uploads\/2023\/08\/1-raccourci-pour-selectionner-la-ligne.png\"},{\"@type\":\"BreadcrumbList\",\"@id\":\"https:\/\/exceladvisor.org\/es\/seleccione-una-linea\/#breadcrumb\",\"itemListElement\":[{\"@type\":\"ListItem\",\"position\":1,\"name\":\"Hogar\",\"item\":\"https:\/\/exceladvisor.org\/es\/\"},{\"@type\":\"ListItem\",\"position\":2,\"name\":\"\u00bfc\u00f3mo seleccionar filas usando el acceso directo de excel?\"}]},{\"@type\":\"WebSite\",\"@id\":\"https:\/\/exceladvisor.org\/es\/#website\",\"url\":\"https:\/\/exceladvisor.org\/es\/\",\"name\":\"Excel Advisor\",\"description\":\"Su gu\u00eda para la dominaci\u00f3n de datos!\",\"publisher\":{\"@id\":\"https:\/\/exceladvisor.org\/es\/#organization\"},\"potentialAction\":[{\"@type\":\"SearchAction\",\"target\":{\"@type\":\"EntryPoint\",\"urlTemplate\":\"https:\/\/exceladvisor.org\/es\/?s={search_term_string}\"},\"query-input\":{\"@type\":\"PropertyValueSpecification\",\"valueRequired\":true,\"valueName\":\"search_term_string\"}}],\"inLanguage\":\"es\"},{\"@type\":\"Organization\",\"@id\":\"https:\/\/exceladvisor.org\/es\/#organization\",\"name\":\"Excel Advisor\",\"url\":\"https:\/\/exceladvisor.org\/es\/\",\"logo\":{\"@type\":\"ImageObject\",\"inLanguage\":\"es\",\"@id\":\"https:\/\/exceladvisor.org\/es\/#\/schema\/logo\/image\/\",\"url\":\"https:\/\/exceladvisor.org\/es\/wp-content\/uploads\/2023\/12\/exceladvisor.org_.png\",\"contentUrl\":\"https:\/\/exceladvisor.org\/es\/wp-content\/uploads\/2023\/12\/exceladvisor.org_.png\",\"width\":105,\"height\":36,\"caption\":\"Excel Advisor\"},\"image\":{\"@id\":\"https:\/\/exceladvisor.org\/es\/#\/schema\/logo\/image\/\"}}]}<\/script>\n<!-- \/ Yoast SEO plugin. -->","yoast_head_json":{"title":"\u00bfc\u00f3mo seleccionar filas usando el acceso directo de excel?","robots":{"index":"index","follow":"follow","max-snippet":"max-snippet:-1","max-image-preview":"max-image-preview:large","max-video-preview":"max-video-preview:-1"},"canonical":"https:\/\/exceladvisor.org\/es\/seleccione-una-linea\/","og_locale":"es_ES","og_type":"article","og_title":"\u00bfc\u00f3mo seleccionar filas usando el acceso directo de excel?","og_description":"Una hoja de c\u00e1lculo de Excel es una combinaci\u00f3n de varias filas y columnas que contienen celdas. Cuando se trabaja en Excel, la cantidad de veces que los usuarios desean seleccionar una fila por diversos motivos, como eliminar la fila espec\u00edfica, formatear la fila espec\u00edfica o insertar una nueva fila encima de la l\u00ednea seleccionada. [&hellip;]","og_url":"https:\/\/exceladvisor.org\/es\/seleccione-una-linea\/","og_site_name":"Excel Advisor","article_modified_time":"2023-12-25T10:27:10+00:00","og_image":[{"url":"https:\/\/exceladvisor.org\/wp-content\/uploads\/2023\/08\/1-raccourci-pour-selectionner-la-ligne.png","type":"","width":"","height":""}],"twitter_card":"summary_large_image","twitter_misc":{"Tiempo de lectura":"2 minutos"},"schema":{"@context":"https:\/\/schema.org","@graph":[{"@type":"WebPage","@id":"https:\/\/exceladvisor.org\/es\/seleccione-una-linea\/","url":"https:\/\/exceladvisor.org\/es\/seleccione-una-linea\/","name":"\u00bfc\u00f3mo seleccionar filas usando el acceso directo de excel?","isPartOf":{"@id":"https:\/\/exceladvisor.org\/es\/#website"},"primaryImageOfPage":{"@id":"https:\/\/exceladvisor.org\/es\/seleccione-una-linea\/#primaryimage"},"image":{"@id":"https:\/\/exceladvisor.org\/es\/seleccione-una-linea\/#primaryimage"},"thumbnailUrl":"https:\/\/exceladvisor.org\/wp-content\/uploads\/2023\/08\/1-raccourci-pour-selectionner-la-ligne.png","datePublished":"2023-10-20T04:08:08+00:00","dateModified":"2023-12-25T10:27:10+00:00","breadcrumb":{"@id":"https:\/\/exceladvisor.org\/es\/seleccione-una-linea\/#breadcrumb"},"inLanguage":"es","potentialAction":[{"@type":"ReadAction","target":["https:\/\/exceladvisor.org\/es\/seleccione-una-linea\/"]}]},{"@type":"ImageObject","inLanguage":"es","@id":"https:\/\/exceladvisor.org\/es\/seleccione-una-linea\/#primaryimage","url":"https:\/\/exceladvisor.org\/wp-content\/uploads\/2023\/08\/1-raccourci-pour-selectionner-la-ligne.png","contentUrl":"https:\/\/exceladvisor.org\/wp-content\/uploads\/2023\/08\/1-raccourci-pour-selectionner-la-ligne.png"},{"@type":"BreadcrumbList","@id":"https:\/\/exceladvisor.org\/es\/seleccione-una-linea\/#breadcrumb","itemListElement":[{"@type":"ListItem","position":1,"name":"Hogar","item":"https:\/\/exceladvisor.org\/es\/"},{"@type":"ListItem","position":2,"name":"\u00bfc\u00f3mo seleccionar filas usando el acceso directo de excel?"}]},{"@type":"WebSite","@id":"https:\/\/exceladvisor.org\/es\/#website","url":"https:\/\/exceladvisor.org\/es\/","name":"Excel Advisor","description":"Su gu\u00eda para la dominaci\u00f3n de datos!","publisher":{"@id":"https:\/\/exceladvisor.org\/es\/#organization"},"potentialAction":[{"@type":"SearchAction","target":{"@type":"EntryPoint","urlTemplate":"https:\/\/exceladvisor.org\/es\/?s={search_term_string}"},"query-input":{"@type":"PropertyValueSpecification","valueRequired":true,"valueName":"search_term_string"}}],"inLanguage":"es"},{"@type":"Organization","@id":"https:\/\/exceladvisor.org\/es\/#organization","name":"Excel Advisor","url":"https:\/\/exceladvisor.org\/es\/","logo":{"@type":"ImageObject","inLanguage":"es","@id":"https:\/\/exceladvisor.org\/es\/#\/schema\/logo\/image\/","url":"https:\/\/exceladvisor.org\/es\/wp-content\/uploads\/2023\/12\/exceladvisor.org_.png","contentUrl":"https:\/\/exceladvisor.org\/es\/wp-content\/uploads\/2023\/12\/exceladvisor.org_.png","width":105,"height":36,"caption":"Excel Advisor"},"image":{"@id":"https:\/\/exceladvisor.org\/es\/#\/schema\/logo\/image\/"}}]}},"yoast_meta":{"yoast_wpseo_title":"","yoast_wpseo_metadesc":"","yoast_wpseo_canonical":""},"_links":{"self":[{"href":"https:\/\/exceladvisor.org\/es\/wp-json\/wp\/v2\/pages\/606","targetHints":{"allow":["GET"]}}],"collection":[{"href":"https:\/\/exceladvisor.org\/es\/wp-json\/wp\/v2\/pages"}],"about":[{"href":"https:\/\/exceladvisor.org\/es\/wp-json\/wp\/v2\/types\/page"}],"author":[{"embeddable":true,"href":"https:\/\/exceladvisor.org\/es\/wp-json\/wp\/v2\/users\/1"}],"replies":[{"embeddable":true,"href":"https:\/\/exceladvisor.org\/es\/wp-json\/wp\/v2\/comments?post=606"}],"version-history":[{"count":1,"href":"https:\/\/exceladvisor.org\/es\/wp-json\/wp\/v2\/pages\/606\/revisions"}],"predecessor-version":[{"id":1183,"href":"https:\/\/exceladvisor.org\/es\/wp-json\/wp\/v2\/pages\/606\/revisions\/1183"}],"wp:attachment":[{"href":"https:\/\/exceladvisor.org\/es\/wp-json\/wp\/v2\/media?parent=606"}],"curies":[{"name":"wp","href":"https:\/\/api.w.org\/{rel}","templated":true}]}}