{"id":607,"date":"2023-10-20T02:28:14","date_gmt":"2023-10-20T02:28:14","guid":{"rendered":"https:\/\/exceladvisor.org\/es\/referencia-absoluta\/"},"modified":"2023-12-25T10:32:32","modified_gmt":"2023-12-25T10:32:32","slug":"referencia-absoluta","status":"publish","type":"page","link":"https:\/\/exceladvisor.org\/es\/referencia-absoluta\/","title":{"rendered":"Atajo de teclado de excel para referencia absoluta"},"content":{"rendered":"<div class=\"excel-antes-del-contenido\" id=\"excel-1413863606\"><script type=\"text\/javascript\">\r\n\tatOptions = {\r\n\t\t'key' : 'c1158f160081d6540a8409e6925dab94',\r\n\t\t'format' : 'iframe',\r\n\t\t'height' : 250,\r\n\t\t'width' : 300,\r\n\t\t'params' : {}\r\n\t};\r\n<\/script>\r\n<script type=\"text\/javascript\" src=\"\/\/www.highperformanceformat.com\/c1158f160081d6540a8409e6925dab94\/invoke.js\"><\/script><\/div><p>La referencia absoluta se refiere a la referencia de celda que no se mueve al copiar y mover la f\u00f3rmula.<\/p>\n<p> En Excel, siempre que utiliza referencias de celda en la f\u00f3rmula, Excel mueve las referencias de celda copiando o moviendo la f\u00f3rmula a otra celda y estas referencias se denominan referencia relativa.<\/p>\n<p> Pero a veces los usuarios quieren corregir o bloquear las referencias de celda utilizadas en la f\u00f3rmula par si la f\u00f3rmula se copia o mueve a otra celda y para ese usuario puede cambiar la referencia relativa a referencia absoluta.<\/p>\n<h2 class=\"wp-block-heading\"> Atajo de teclado para referencia absoluta<\/h2>\n<p> El m\u00e9todo abreviado de teclado para hacer que la referencia de celda relativa sea una referencia de celda absoluta se encuentra a continuaci\u00f3n:<\/p>\n<p> <kbd>Fn<\/kbd> <strong>+<\/strong> <kbd>F4<\/kbd> <\/p>\n<div class=\"wp-block-image\">\n<figure class=\"aligncenter size-full is-resized\"><img loading=\"lazy\" decoding=\"async\" class=\"wp-image-67487\" src=\"https:\/\/exceladvisor.org\/wp-content\/uploads\/2023\/08\/1-raccourci-vers-la-reference-absolue.png\" sizes=\"auto, \" srcset=\"\" alt=\"atajo a la referencia absoluta\" width=\"870\" height=\"341\"><\/figure>\n<\/div>\n<h2 class=\"wp-block-heading\"> Pasos para convertir una referencia en una referencia absoluta usando un atajo de teclado<\/h2>\n<p> Como referencia absoluta, los usuarios pueden bloquear la referencia de celda espec\u00edfica o solo la referencia de columna o fila.<\/p>\n<ul>\n<li> Primero ingrese la f\u00f3rmula, luego seleccione la referencia de celda que desea establecer como absoluta, luego presione las teclas de acceso r\u00e1pido \u00bb <kbd>Fn<\/kbd> + <kbd>F4<\/kbd> \u00ab.<\/li>\n<li> Una vez que presione \u00abFn+F4\u00bb, Excel agregar\u00e1 el signo de d\u00f3lar ($) al inicio de la columna y fila para hacer que la referencia de celda seleccionada (combinaci\u00f3n de fila y columna) sea absoluta.<\/li>\n<li> Ahora, incluso si mueve o copia la f\u00f3rmula en cualquier lugar de la hoja, la referencia de celda \u00abE3\u00bb, como en el ejemplo siguiente, no cambiar\u00e1 ni se mover\u00e1 en absoluto. <\/li>\n<\/ul>\n<div class=\"wp-block-image\">\n<figure class=\"aligncenter size-full is-resized\"><img loading=\"lazy\" decoding=\"async\" class=\"wp-image-67488\" src=\"https:\/\/exceladvisor.org\/wp-content\/uploads\/2023\/08\/2-reference-absolue-3.png\" sizes=\"auto, \" srcset=\"\" alt=\"referencia absoluta\" width=\"481\" height=\"193\"><\/figure>\n<\/div>\n<h2 class=\"wp-block-heading\"> Comidas para llevar<\/h2>\n<ul>\n<li> En caso de bloquear la referencia de celda (combinaci\u00f3n de fila y columna), donde la celda a la que se hace referencia no se mover\u00e1, presione <kbd>Fn<\/kbd> + <kbd>F4<\/kbd> solo una vez.<\/li>\n<li> Bloquear solo la referencia de fila significa que la columna se mover\u00e1 pero la fila a la que se hace referencia en la f\u00f3rmula permanece bloqueada; presione \u00abFn + F4\u00bb dos veces.<\/li>\n<li> Bloquear la referencia de columna solo significa que la fila se mover\u00e1 al mover la f\u00f3rmula a otra fila, pero la columna no se mover\u00e1; presione \u201cFn+F4\u201d tres veces.<\/li>\n<li> Para volver a consultar la referencia relativa, presione \u201cFn + F4\u201d cuatro veces. <\/li>\n<\/ul>\n<div class=\"wp-block-group more-tutorials is-layout-flow\">\n<div class=\"wp-block-group__inner-container\">\n<h2 class=\"wp-block-heading\"> M\u00e1s atajos <\/h2>\n<div class=\"wp-block-columns is-layout-flex wp-container-35\">\n<div class=\"wp-block-column is-layout-flow\">\n<ul>\n<li> <a href=\"https:\/\/exceladvisor.org\/es\/copiar-pegar\/\">Copiar y pegar<\/a><\/li>\n<li> <a href=\"https:\/\/exceladvisor.org\/es\/cortar-y-pegar\/\">Cortar y pegar<\/a><\/li>\n<li> Bloquear celdas<\/li>\n<li> <a href=\"https:\/\/exceladvisor.org\/es\/ir-a\/\">Abrir Ir a la opci\u00f3n<\/a><\/li>\n<\/ul>\n<\/div>\n<\/div>\n<\/div>\n<\/div>\n","protected":false},"excerpt":{"rendered":"<p>La referencia absoluta se refiere a la referencia de celda que no se mueve al copiar y mover la f\u00f3rmula. En Excel, siempre que utiliza referencias de celda en la f\u00f3rmula, Excel mueve las referencias de celda copiando o moviendo la f\u00f3rmula a otra celda y estas referencias se denominan referencia relativa. Pero a veces [&hellip;]<\/p>\n","protected":false},"author":1,"featured_media":0,"parent":0,"menu_order":0,"comment_status":"open","ping_status":"closed","template":"","meta":{"ub_ctt_via":"","footnotes":""},"class_list":["post-607","page","type-page","status-publish","hentry"],"featured_image_src":null,"yoast_head":"<!-- This site is optimized with the Yoast SEO plugin v25.4 - https:\/\/yoast.com\/wordpress\/plugins\/seo\/ -->\n<title>Atajo de teclado de excel para referencia absoluta<\/title>\n<meta name=\"robots\" content=\"index, follow, max-snippet:-1, max-image-preview:large, max-video-preview:-1\" \/>\n<link rel=\"canonical\" href=\"https:\/\/exceladvisor.org\/es\/referencia-absoluta\/\" \/>\n<meta property=\"og:locale\" content=\"es_ES\" \/>\n<meta property=\"og:type\" content=\"article\" \/>\n<meta property=\"og:title\" content=\"Atajo de teclado de excel para referencia absoluta\" \/>\n<meta property=\"og:description\" content=\"La referencia absoluta se refiere a la referencia de celda que no se mueve al copiar y mover la f\u00f3rmula. En Excel, siempre que utiliza referencias de celda en la f\u00f3rmula, Excel mueve las referencias de celda copiando o moviendo la f\u00f3rmula a otra celda y estas referencias se denominan referencia relativa. Pero a veces [&hellip;]\" \/>\n<meta property=\"og:url\" content=\"https:\/\/exceladvisor.org\/es\/referencia-absoluta\/\" \/>\n<meta property=\"og:site_name\" content=\"Excel Advisor\" \/>\n<meta property=\"article:modified_time\" content=\"2023-12-25T10:32:32+00:00\" \/>\n<meta property=\"og:image\" content=\"https:\/\/exceladvisor.org\/wp-content\/uploads\/2023\/08\/1-raccourci-vers-la-reference-absolue.png\" \/>\n<meta name=\"twitter:card\" content=\"summary_large_image\" \/>\n<meta name=\"twitter:label1\" content=\"Tiempo de lectura\" \/>\n\t<meta name=\"twitter:data1\" content=\"2 minutos\" \/>\n<script type=\"application\/ld+json\" class=\"yoast-schema-graph\">{\"@context\":\"https:\/\/schema.org\",\"@graph\":[{\"@type\":\"WebPage\",\"@id\":\"https:\/\/exceladvisor.org\/es\/referencia-absoluta\/\",\"url\":\"https:\/\/exceladvisor.org\/es\/referencia-absoluta\/\",\"name\":\"Atajo de teclado de excel para referencia absoluta\",\"isPartOf\":{\"@id\":\"https:\/\/exceladvisor.org\/es\/#website\"},\"primaryImageOfPage\":{\"@id\":\"https:\/\/exceladvisor.org\/es\/referencia-absoluta\/#primaryimage\"},\"image\":{\"@id\":\"https:\/\/exceladvisor.org\/es\/referencia-absoluta\/#primaryimage\"},\"thumbnailUrl\":\"https:\/\/exceladvisor.org\/wp-content\/uploads\/2023\/08\/1-raccourci-vers-la-reference-absolue.png\",\"datePublished\":\"2023-10-20T02:28:14+00:00\",\"dateModified\":\"2023-12-25T10:32:32+00:00\",\"breadcrumb\":{\"@id\":\"https:\/\/exceladvisor.org\/es\/referencia-absoluta\/#breadcrumb\"},\"inLanguage\":\"es\",\"potentialAction\":[{\"@type\":\"ReadAction\",\"target\":[\"https:\/\/exceladvisor.org\/es\/referencia-absoluta\/\"]}]},{\"@type\":\"ImageObject\",\"inLanguage\":\"es\",\"@id\":\"https:\/\/exceladvisor.org\/es\/referencia-absoluta\/#primaryimage\",\"url\":\"https:\/\/exceladvisor.org\/wp-content\/uploads\/2023\/08\/1-raccourci-vers-la-reference-absolue.png\",\"contentUrl\":\"https:\/\/exceladvisor.org\/wp-content\/uploads\/2023\/08\/1-raccourci-vers-la-reference-absolue.png\"},{\"@type\":\"BreadcrumbList\",\"@id\":\"https:\/\/exceladvisor.org\/es\/referencia-absoluta\/#breadcrumb\",\"itemListElement\":[{\"@type\":\"ListItem\",\"position\":1,\"name\":\"Hogar\",\"item\":\"https:\/\/exceladvisor.org\/es\/\"},{\"@type\":\"ListItem\",\"position\":2,\"name\":\"Atajo de teclado de excel para referencia absoluta\"}]},{\"@type\":\"WebSite\",\"@id\":\"https:\/\/exceladvisor.org\/es\/#website\",\"url\":\"https:\/\/exceladvisor.org\/es\/\",\"name\":\"Excel Advisor\",\"description\":\"Su gu\u00eda para la dominaci\u00f3n de datos!\",\"publisher\":{\"@id\":\"https:\/\/exceladvisor.org\/es\/#organization\"},\"potentialAction\":[{\"@type\":\"SearchAction\",\"target\":{\"@type\":\"EntryPoint\",\"urlTemplate\":\"https:\/\/exceladvisor.org\/es\/?s={search_term_string}\"},\"query-input\":{\"@type\":\"PropertyValueSpecification\",\"valueRequired\":true,\"valueName\":\"search_term_string\"}}],\"inLanguage\":\"es\"},{\"@type\":\"Organization\",\"@id\":\"https:\/\/exceladvisor.org\/es\/#organization\",\"name\":\"Excel Advisor\",\"url\":\"https:\/\/exceladvisor.org\/es\/\",\"logo\":{\"@type\":\"ImageObject\",\"inLanguage\":\"es\",\"@id\":\"https:\/\/exceladvisor.org\/es\/#\/schema\/logo\/image\/\",\"url\":\"https:\/\/exceladvisor.org\/es\/wp-content\/uploads\/2023\/12\/exceladvisor.org_.png\",\"contentUrl\":\"https:\/\/exceladvisor.org\/es\/wp-content\/uploads\/2023\/12\/exceladvisor.org_.png\",\"width\":105,\"height\":36,\"caption\":\"Excel Advisor\"},\"image\":{\"@id\":\"https:\/\/exceladvisor.org\/es\/#\/schema\/logo\/image\/\"}}]}<\/script>\n<!-- \/ Yoast SEO plugin. -->","yoast_head_json":{"title":"Atajo de teclado de excel para referencia absoluta","robots":{"index":"index","follow":"follow","max-snippet":"max-snippet:-1","max-image-preview":"max-image-preview:large","max-video-preview":"max-video-preview:-1"},"canonical":"https:\/\/exceladvisor.org\/es\/referencia-absoluta\/","og_locale":"es_ES","og_type":"article","og_title":"Atajo de teclado de excel para referencia absoluta","og_description":"La referencia absoluta se refiere a la referencia de celda que no se mueve al copiar y mover la f\u00f3rmula. En Excel, siempre que utiliza referencias de celda en la f\u00f3rmula, Excel mueve las referencias de celda copiando o moviendo la f\u00f3rmula a otra celda y estas referencias se denominan referencia relativa. Pero a veces [&hellip;]","og_url":"https:\/\/exceladvisor.org\/es\/referencia-absoluta\/","og_site_name":"Excel Advisor","article_modified_time":"2023-12-25T10:32:32+00:00","og_image":[{"url":"https:\/\/exceladvisor.org\/wp-content\/uploads\/2023\/08\/1-raccourci-vers-la-reference-absolue.png","type":"","width":"","height":""}],"twitter_card":"summary_large_image","twitter_misc":{"Tiempo de lectura":"2 minutos"},"schema":{"@context":"https:\/\/schema.org","@graph":[{"@type":"WebPage","@id":"https:\/\/exceladvisor.org\/es\/referencia-absoluta\/","url":"https:\/\/exceladvisor.org\/es\/referencia-absoluta\/","name":"Atajo de teclado de excel para referencia absoluta","isPartOf":{"@id":"https:\/\/exceladvisor.org\/es\/#website"},"primaryImageOfPage":{"@id":"https:\/\/exceladvisor.org\/es\/referencia-absoluta\/#primaryimage"},"image":{"@id":"https:\/\/exceladvisor.org\/es\/referencia-absoluta\/#primaryimage"},"thumbnailUrl":"https:\/\/exceladvisor.org\/wp-content\/uploads\/2023\/08\/1-raccourci-vers-la-reference-absolue.png","datePublished":"2023-10-20T02:28:14+00:00","dateModified":"2023-12-25T10:32:32+00:00","breadcrumb":{"@id":"https:\/\/exceladvisor.org\/es\/referencia-absoluta\/#breadcrumb"},"inLanguage":"es","potentialAction":[{"@type":"ReadAction","target":["https:\/\/exceladvisor.org\/es\/referencia-absoluta\/"]}]},{"@type":"ImageObject","inLanguage":"es","@id":"https:\/\/exceladvisor.org\/es\/referencia-absoluta\/#primaryimage","url":"https:\/\/exceladvisor.org\/wp-content\/uploads\/2023\/08\/1-raccourci-vers-la-reference-absolue.png","contentUrl":"https:\/\/exceladvisor.org\/wp-content\/uploads\/2023\/08\/1-raccourci-vers-la-reference-absolue.png"},{"@type":"BreadcrumbList","@id":"https:\/\/exceladvisor.org\/es\/referencia-absoluta\/#breadcrumb","itemListElement":[{"@type":"ListItem","position":1,"name":"Hogar","item":"https:\/\/exceladvisor.org\/es\/"},{"@type":"ListItem","position":2,"name":"Atajo de teclado de excel para referencia absoluta"}]},{"@type":"WebSite","@id":"https:\/\/exceladvisor.org\/es\/#website","url":"https:\/\/exceladvisor.org\/es\/","name":"Excel Advisor","description":"Su gu\u00eda para la dominaci\u00f3n de datos!","publisher":{"@id":"https:\/\/exceladvisor.org\/es\/#organization"},"potentialAction":[{"@type":"SearchAction","target":{"@type":"EntryPoint","urlTemplate":"https:\/\/exceladvisor.org\/es\/?s={search_term_string}"},"query-input":{"@type":"PropertyValueSpecification","valueRequired":true,"valueName":"search_term_string"}}],"inLanguage":"es"},{"@type":"Organization","@id":"https:\/\/exceladvisor.org\/es\/#organization","name":"Excel Advisor","url":"https:\/\/exceladvisor.org\/es\/","logo":{"@type":"ImageObject","inLanguage":"es","@id":"https:\/\/exceladvisor.org\/es\/#\/schema\/logo\/image\/","url":"https:\/\/exceladvisor.org\/es\/wp-content\/uploads\/2023\/12\/exceladvisor.org_.png","contentUrl":"https:\/\/exceladvisor.org\/es\/wp-content\/uploads\/2023\/12\/exceladvisor.org_.png","width":105,"height":36,"caption":"Excel Advisor"},"image":{"@id":"https:\/\/exceladvisor.org\/es\/#\/schema\/logo\/image\/"}}]}},"yoast_meta":{"yoast_wpseo_title":"","yoast_wpseo_metadesc":"","yoast_wpseo_canonical":""},"_links":{"self":[{"href":"https:\/\/exceladvisor.org\/es\/wp-json\/wp\/v2\/pages\/607","targetHints":{"allow":["GET"]}}],"collection":[{"href":"https:\/\/exceladvisor.org\/es\/wp-json\/wp\/v2\/pages"}],"about":[{"href":"https:\/\/exceladvisor.org\/es\/wp-json\/wp\/v2\/types\/page"}],"author":[{"embeddable":true,"href":"https:\/\/exceladvisor.org\/es\/wp-json\/wp\/v2\/users\/1"}],"replies":[{"embeddable":true,"href":"https:\/\/exceladvisor.org\/es\/wp-json\/wp\/v2\/comments?post=607"}],"version-history":[{"count":1,"href":"https:\/\/exceladvisor.org\/es\/wp-json\/wp\/v2\/pages\/607\/revisions"}],"predecessor-version":[{"id":1423,"href":"https:\/\/exceladvisor.org\/es\/wp-json\/wp\/v2\/pages\/607\/revisions\/1423"}],"wp:attachment":[{"href":"https:\/\/exceladvisor.org\/es\/wp-json\/wp\/v2\/media?parent=607"}],"curies":[{"name":"wp","href":"https:\/\/api.w.org\/{rel}","templated":true}]}}