{"id":608,"date":"2023-10-20T00:30:00","date_gmt":"2023-10-20T00:30:00","guid":{"rendered":"https:\/\/exceladvisor.org\/es\/banda\/"},"modified":"2023-12-25T10:32:00","modified_gmt":"2023-12-25T10:32:00","slug":"banda","status":"publish","type":"page","link":"https:\/\/exceladvisor.org\/es\/banda\/","title":{"rendered":"\u00bfcu\u00e1l es el atajo de teclado para grupo en excel?"},"content":{"rendered":"<div class=\"excel-antes-del-contenido\" id=\"excel-2499508764\"><script type=\"text\/javascript\">\r\n\tatOptions = {\r\n\t\t'key' : 'c1158f160081d6540a8409e6925dab94',\r\n\t\t'format' : 'iframe',\r\n\t\t'height' : 250,\r\n\t\t'width' : 300,\r\n\t\t'params' : {}\r\n\t};\r\n<\/script>\r\n<script type=\"text\/javascript\" src=\"\/\/www.highperformanceformat.com\/c1158f160081d6540a8409e6925dab94\/invoke.js\"><\/script><\/div><p>Grupo en Excel es una funci\u00f3n que se utiliza para agrupar filas y columnas. Si trabaja con conjuntos de datos enormes, nunca ha sentido la necesidad de agrupar filas o columnas para ocultar grupos de filas o columnas y hacer que los datos sean m\u00e1s eficientes.<\/p>\n<p> Con esta funci\u00f3n de grupo, puede crear varios grupos agregando diferentes filas o columnas seleccionadas en estos grupos y, al igual que otras funciones de Excel, puede hacerlo manualmente o usando el m\u00e9todo abreviado de teclado.<\/p>\n<p> Si eres un amante de los atajos, este tutorial te ayudar\u00e1 a aprender c\u00f3mo agrupar filas y columnas usando el atajo de teclado.<\/p>\n<h2 class=\"wp-block-heading\"> Atajo de teclado para agrupar en Excel<\/h2>\n<p> <kbd>Alt<\/kbd> + <kbd>May\u00fas<\/kbd> + <kbd>\u279e<\/kbd> <\/p>\n<div class=\"wp-block-image\">\n<figure class=\"aligncenter size-full is-resized\"><img loading=\"lazy\" decoding=\"async\" class=\"wp-image-70444\" src=\"https:\/\/exceladvisor.org\/wp-content\/uploads\/2023\/08\/1-raccourci-clavier-pour-le-regroupement.png\" sizes=\"auto, \" srcset=\"\" alt=\"tecla de acceso r\u00e1pido para agrupar\" width=\"724\" height=\"284\"><\/figure>\n<\/div>\n<h2 class=\"wp-block-heading\"> Pasos para agrupar filas o columnas usando un atajo de teclado<\/h2>\n<ol>\n<li> Primero, seleccione las filas o columnas que desea agrupar. <br \/><img loading=\"lazy\" decoding=\"async\" title=\"2-seleccionar-filas-para-agrupar\" src=\"https:\/\/exceladvisor.org\/wp-content\/uploads\/2023\/08\/2-lignes-de-selection-pour-le-regroupement.png\" sizes=\"auto, \" srcset=\"\" alt=\"select-rows-for-grouping\" width=\"534\" height=\"200\"><\/li>\n<li> Despu\u00e9s de eso, presione las teclas \u201cAlt + Shift + \u279e (Flecha derecha)\u201d y agrupar\u00e1 las filas o columnas seleccionadas.<\/li>\n<li> Ahora, para contraer las filas agrupadas, puede ir a cualquier celda de las filas agrupadas y presionar las teclas \u201cAlt \u2192 A \u2192 H\u201d y su grupo se contraer\u00e1 y las filas se ocultar\u00e1n.<\/li>\n<li> O puede hacer clic en los signos de agrupaci\u00f3n (-) en la barra izquierda de la hoja de trabajo para contraer las filas agrupadas. <br \/><img loading=\"lazy\" decoding=\"async\" title=\"3 filas agrupadas\" src=\"https:\/\/exceladvisor.org\/wp-content\/uploads\/2023\/08\/3-rangees-groupees.png\" sizes=\"auto, \" srcset=\"\" alt=\"grouped-rows\" width=\"572\" height=\"199\"><\/li>\n<li> Para expandir l\u00edneas agrupadas, vaya a la l\u00ednea agrupada y presione las teclas \u201cAlt \u2192 A \u2192 H\u201d o presione el signo (+) y su grupo se expandir\u00e1. <br \/><img loading=\"lazy\" decoding=\"async\" title=\"4 l\u00edneas agrupadas\" src=\"https:\/\/exceladvisor.org\/wp-content\/uploads\/2023\/08\/4-rangees-groupees-collees.png\" sizes=\"auto, \" srcset=\"\" alt=\"collaped-grouped-rows\" width=\"616\" height=\"100\"><\/li>\n<\/ol>\n<p> Si selecciona solo las celdas en lugar de seleccionar todas las filas o columnas, cuando presione las teclas \u201cAlt + Shift + \u279e\u201d, le mostrar\u00e1 la ventana emergente que le pedir\u00e1 que seleccione la opci\u00f3n de filas o columnas para agrupar. <\/p>\n<div class=\"wp-block-image is-style-default\">\n<figure class=\"aligncenter size-full is-resized\"><img loading=\"lazy\" decoding=\"async\" class=\"wp-image-70448\" src=\"https:\/\/exceladvisor.org\/wp-content\/uploads\/2023\/08\/Boite-de-dialogue-a-5-groupes.png\" sizes=\"auto, \" srcset=\"\" alt=\"di\u00e1logo de grupo\" width=\"200\" height=\"156\"><\/figure>\n<\/div>\n<div class=\"wp-block-group more-tutorials is-layout-flow\">\n<div class=\"wp-block-group__inner-container\">\n<h2 class=\"wp-block-heading\"> M\u00e1s tutoriales <\/h2>\n<div class=\"wp-block-columns is-layout-flex wp-container-19\">\n<div class=\"wp-block-column is-layout-flow\">\n<ul>\n<li> <a href=\"https:\/\/exceladvisor.org\/es\/cerca\/\">Cerca<\/a><\/li>\n<li> <a href=\"https:\/\/exceladvisor.org\/es\/pantalla-completa\/\">Pantalla completa<\/a><\/li>\n<li> <a href=\"https:\/\/exceladvisor.org\/es\/vista-previa-de-impresion-1\/\">Vista previa antes de imprimir<\/a><\/li>\n<\/ul>\n<\/div>\n<\/div>\n<\/div>\n<\/div>\n","protected":false},"excerpt":{"rendered":"<p>Grupo en Excel es una funci\u00f3n que se utiliza para agrupar filas y columnas. Si trabaja con conjuntos de datos enormes, nunca ha sentido la necesidad de agrupar filas o columnas para ocultar grupos de filas o columnas y hacer que los datos sean m\u00e1s eficientes. Con esta funci\u00f3n de grupo, puede crear varios grupos [&hellip;]<\/p>\n","protected":false},"author":1,"featured_media":0,"parent":0,"menu_order":0,"comment_status":"open","ping_status":"closed","template":"","meta":{"ub_ctt_via":"","footnotes":""},"class_list":["post-608","page","type-page","status-publish","hentry"],"featured_image_src":null,"yoast_head":"<!-- This site is optimized with the Yoast SEO plugin v25.4 - https:\/\/yoast.com\/wordpress\/plugins\/seo\/ -->\n<title>\u00bfcu\u00e1l es el atajo de teclado para grupo en excel?<\/title>\n<meta name=\"robots\" content=\"index, follow, max-snippet:-1, max-image-preview:large, max-video-preview:-1\" \/>\n<link rel=\"canonical\" href=\"https:\/\/exceladvisor.org\/es\/banda\/\" \/>\n<meta property=\"og:locale\" content=\"es_ES\" \/>\n<meta property=\"og:type\" content=\"article\" \/>\n<meta property=\"og:title\" content=\"\u00bfcu\u00e1l es el atajo de teclado para grupo en excel?\" \/>\n<meta property=\"og:description\" content=\"Grupo en Excel es una funci\u00f3n que se utiliza para agrupar filas y columnas. Si trabaja con conjuntos de datos enormes, nunca ha sentido la necesidad de agrupar filas o columnas para ocultar grupos de filas o columnas y hacer que los datos sean m\u00e1s eficientes. Con esta funci\u00f3n de grupo, puede crear varios grupos [&hellip;]\" \/>\n<meta property=\"og:url\" content=\"https:\/\/exceladvisor.org\/es\/banda\/\" \/>\n<meta property=\"og:site_name\" content=\"Excel Advisor\" \/>\n<meta property=\"article:modified_time\" content=\"2023-12-25T10:32:00+00:00\" \/>\n<meta property=\"og:image\" content=\"https:\/\/exceladvisor.org\/wp-content\/uploads\/2023\/08\/1-raccourci-clavier-pour-le-regroupement.png\" \/>\n<meta name=\"twitter:card\" content=\"summary_large_image\" \/>\n<meta name=\"twitter:label1\" content=\"Tiempo de lectura\" \/>\n\t<meta name=\"twitter:data1\" content=\"1 minuto\" \/>\n<script type=\"application\/ld+json\" class=\"yoast-schema-graph\">{\"@context\":\"https:\/\/schema.org\",\"@graph\":[{\"@type\":\"WebPage\",\"@id\":\"https:\/\/exceladvisor.org\/es\/banda\/\",\"url\":\"https:\/\/exceladvisor.org\/es\/banda\/\",\"name\":\"\u00bfcu\u00e1l es el atajo de teclado para grupo en excel?\",\"isPartOf\":{\"@id\":\"https:\/\/exceladvisor.org\/es\/#website\"},\"primaryImageOfPage\":{\"@id\":\"https:\/\/exceladvisor.org\/es\/banda\/#primaryimage\"},\"image\":{\"@id\":\"https:\/\/exceladvisor.org\/es\/banda\/#primaryimage\"},\"thumbnailUrl\":\"https:\/\/exceladvisor.org\/wp-content\/uploads\/2023\/08\/1-raccourci-clavier-pour-le-regroupement.png\",\"datePublished\":\"2023-10-20T00:30:00+00:00\",\"dateModified\":\"2023-12-25T10:32:00+00:00\",\"breadcrumb\":{\"@id\":\"https:\/\/exceladvisor.org\/es\/banda\/#breadcrumb\"},\"inLanguage\":\"es\",\"potentialAction\":[{\"@type\":\"ReadAction\",\"target\":[\"https:\/\/exceladvisor.org\/es\/banda\/\"]}]},{\"@type\":\"ImageObject\",\"inLanguage\":\"es\",\"@id\":\"https:\/\/exceladvisor.org\/es\/banda\/#primaryimage\",\"url\":\"https:\/\/exceladvisor.org\/wp-content\/uploads\/2023\/08\/1-raccourci-clavier-pour-le-regroupement.png\",\"contentUrl\":\"https:\/\/exceladvisor.org\/wp-content\/uploads\/2023\/08\/1-raccourci-clavier-pour-le-regroupement.png\"},{\"@type\":\"BreadcrumbList\",\"@id\":\"https:\/\/exceladvisor.org\/es\/banda\/#breadcrumb\",\"itemListElement\":[{\"@type\":\"ListItem\",\"position\":1,\"name\":\"Hogar\",\"item\":\"https:\/\/exceladvisor.org\/es\/\"},{\"@type\":\"ListItem\",\"position\":2,\"name\":\"\u00bfcu\u00e1l es el atajo de teclado para grupo en excel?\"}]},{\"@type\":\"WebSite\",\"@id\":\"https:\/\/exceladvisor.org\/es\/#website\",\"url\":\"https:\/\/exceladvisor.org\/es\/\",\"name\":\"Excel Advisor\",\"description\":\"Su gu\u00eda para la dominaci\u00f3n de datos!\",\"publisher\":{\"@id\":\"https:\/\/exceladvisor.org\/es\/#organization\"},\"potentialAction\":[{\"@type\":\"SearchAction\",\"target\":{\"@type\":\"EntryPoint\",\"urlTemplate\":\"https:\/\/exceladvisor.org\/es\/?s={search_term_string}\"},\"query-input\":{\"@type\":\"PropertyValueSpecification\",\"valueRequired\":true,\"valueName\":\"search_term_string\"}}],\"inLanguage\":\"es\"},{\"@type\":\"Organization\",\"@id\":\"https:\/\/exceladvisor.org\/es\/#organization\",\"name\":\"Excel Advisor\",\"url\":\"https:\/\/exceladvisor.org\/es\/\",\"logo\":{\"@type\":\"ImageObject\",\"inLanguage\":\"es\",\"@id\":\"https:\/\/exceladvisor.org\/es\/#\/schema\/logo\/image\/\",\"url\":\"https:\/\/exceladvisor.org\/es\/wp-content\/uploads\/2023\/12\/exceladvisor.org_.png\",\"contentUrl\":\"https:\/\/exceladvisor.org\/es\/wp-content\/uploads\/2023\/12\/exceladvisor.org_.png\",\"width\":105,\"height\":36,\"caption\":\"Excel Advisor\"},\"image\":{\"@id\":\"https:\/\/exceladvisor.org\/es\/#\/schema\/logo\/image\/\"}}]}<\/script>\n<!-- \/ Yoast SEO plugin. -->","yoast_head_json":{"title":"\u00bfcu\u00e1l es el atajo de teclado para grupo en excel?","robots":{"index":"index","follow":"follow","max-snippet":"max-snippet:-1","max-image-preview":"max-image-preview:large","max-video-preview":"max-video-preview:-1"},"canonical":"https:\/\/exceladvisor.org\/es\/banda\/","og_locale":"es_ES","og_type":"article","og_title":"\u00bfcu\u00e1l es el atajo de teclado para grupo en excel?","og_description":"Grupo en Excel es una funci\u00f3n que se utiliza para agrupar filas y columnas. Si trabaja con conjuntos de datos enormes, nunca ha sentido la necesidad de agrupar filas o columnas para ocultar grupos de filas o columnas y hacer que los datos sean m\u00e1s eficientes. Con esta funci\u00f3n de grupo, puede crear varios grupos [&hellip;]","og_url":"https:\/\/exceladvisor.org\/es\/banda\/","og_site_name":"Excel Advisor","article_modified_time":"2023-12-25T10:32:00+00:00","og_image":[{"url":"https:\/\/exceladvisor.org\/wp-content\/uploads\/2023\/08\/1-raccourci-clavier-pour-le-regroupement.png","type":"","width":"","height":""}],"twitter_card":"summary_large_image","twitter_misc":{"Tiempo de lectura":"1 minuto"},"schema":{"@context":"https:\/\/schema.org","@graph":[{"@type":"WebPage","@id":"https:\/\/exceladvisor.org\/es\/banda\/","url":"https:\/\/exceladvisor.org\/es\/banda\/","name":"\u00bfcu\u00e1l es el atajo de teclado para grupo en excel?","isPartOf":{"@id":"https:\/\/exceladvisor.org\/es\/#website"},"primaryImageOfPage":{"@id":"https:\/\/exceladvisor.org\/es\/banda\/#primaryimage"},"image":{"@id":"https:\/\/exceladvisor.org\/es\/banda\/#primaryimage"},"thumbnailUrl":"https:\/\/exceladvisor.org\/wp-content\/uploads\/2023\/08\/1-raccourci-clavier-pour-le-regroupement.png","datePublished":"2023-10-20T00:30:00+00:00","dateModified":"2023-12-25T10:32:00+00:00","breadcrumb":{"@id":"https:\/\/exceladvisor.org\/es\/banda\/#breadcrumb"},"inLanguage":"es","potentialAction":[{"@type":"ReadAction","target":["https:\/\/exceladvisor.org\/es\/banda\/"]}]},{"@type":"ImageObject","inLanguage":"es","@id":"https:\/\/exceladvisor.org\/es\/banda\/#primaryimage","url":"https:\/\/exceladvisor.org\/wp-content\/uploads\/2023\/08\/1-raccourci-clavier-pour-le-regroupement.png","contentUrl":"https:\/\/exceladvisor.org\/wp-content\/uploads\/2023\/08\/1-raccourci-clavier-pour-le-regroupement.png"},{"@type":"BreadcrumbList","@id":"https:\/\/exceladvisor.org\/es\/banda\/#breadcrumb","itemListElement":[{"@type":"ListItem","position":1,"name":"Hogar","item":"https:\/\/exceladvisor.org\/es\/"},{"@type":"ListItem","position":2,"name":"\u00bfcu\u00e1l es el atajo de teclado para grupo en excel?"}]},{"@type":"WebSite","@id":"https:\/\/exceladvisor.org\/es\/#website","url":"https:\/\/exceladvisor.org\/es\/","name":"Excel Advisor","description":"Su gu\u00eda para la dominaci\u00f3n de datos!","publisher":{"@id":"https:\/\/exceladvisor.org\/es\/#organization"},"potentialAction":[{"@type":"SearchAction","target":{"@type":"EntryPoint","urlTemplate":"https:\/\/exceladvisor.org\/es\/?s={search_term_string}"},"query-input":{"@type":"PropertyValueSpecification","valueRequired":true,"valueName":"search_term_string"}}],"inLanguage":"es"},{"@type":"Organization","@id":"https:\/\/exceladvisor.org\/es\/#organization","name":"Excel Advisor","url":"https:\/\/exceladvisor.org\/es\/","logo":{"@type":"ImageObject","inLanguage":"es","@id":"https:\/\/exceladvisor.org\/es\/#\/schema\/logo\/image\/","url":"https:\/\/exceladvisor.org\/es\/wp-content\/uploads\/2023\/12\/exceladvisor.org_.png","contentUrl":"https:\/\/exceladvisor.org\/es\/wp-content\/uploads\/2023\/12\/exceladvisor.org_.png","width":105,"height":36,"caption":"Excel Advisor"},"image":{"@id":"https:\/\/exceladvisor.org\/es\/#\/schema\/logo\/image\/"}}]}},"yoast_meta":{"yoast_wpseo_title":"","yoast_wpseo_metadesc":"","yoast_wpseo_canonical":""},"_links":{"self":[{"href":"https:\/\/exceladvisor.org\/es\/wp-json\/wp\/v2\/pages\/608","targetHints":{"allow":["GET"]}}],"collection":[{"href":"https:\/\/exceladvisor.org\/es\/wp-json\/wp\/v2\/pages"}],"about":[{"href":"https:\/\/exceladvisor.org\/es\/wp-json\/wp\/v2\/types\/page"}],"author":[{"embeddable":true,"href":"https:\/\/exceladvisor.org\/es\/wp-json\/wp\/v2\/users\/1"}],"replies":[{"embeddable":true,"href":"https:\/\/exceladvisor.org\/es\/wp-json\/wp\/v2\/comments?post=608"}],"version-history":[{"count":1,"href":"https:\/\/exceladvisor.org\/es\/wp-json\/wp\/v2\/pages\/608\/revisions"}],"predecessor-version":[{"id":1394,"href":"https:\/\/exceladvisor.org\/es\/wp-json\/wp\/v2\/pages\/608\/revisions\/1394"}],"wp:attachment":[{"href":"https:\/\/exceladvisor.org\/es\/wp-json\/wp\/v2\/media?parent=608"}],"curies":[{"name":"wp","href":"https:\/\/api.w.org\/{rel}","templated":true}]}}