{"id":609,"date":"2023-10-20T00:11:35","date_gmt":"2023-10-20T00:11:35","guid":{"rendered":"https:\/\/exceladvisor.org\/es\/hipervinculo-2\/"},"modified":"2023-12-25T10:25:50","modified_gmt":"2023-12-25T10:25:50","slug":"hipervinculo-2","status":"publish","type":"page","link":"https:\/\/exceladvisor.org\/es\/hipervinculo-2\/","title":{"rendered":"\u00bfc\u00f3mo insertar hiperv\u00ednculos usando el acceso directo de excel?"},"content":{"rendered":"<div class=\"excel-antes-del-contenido\" id=\"excel-1037731429\"><script type=\"text\/javascript\">\r\n\tatOptions = {\r\n\t\t'key' : 'c1158f160081d6540a8409e6925dab94',\r\n\t\t'format' : 'iframe',\r\n\t\t'height' : 250,\r\n\t\t'width' : 300,\r\n\t\t'params' : {}\r\n\t};\r\n<\/script>\r\n<script type=\"text\/javascript\" src=\"\/\/www.highperformanceformat.com\/c1158f160081d6540a8409e6925dab94\/invoke.js\"><\/script><\/div><p>En Excel, los usuarios a veces necesitan agregar un enlace en la celda para hacer referencia a un archivo de informaci\u00f3n relacionada, un documento, una direcci\u00f3n web y una direcci\u00f3n de correo electr\u00f3nico, lo que se puede hacer usando la funci\u00f3n Hiperv\u00ednculo.<\/p>\n<p> Al hacer clic en el hiperv\u00ednculo, los usuarios pueden acceder al archivo, documento, direcci\u00f3n web y direcci\u00f3n de correo electr\u00f3nico vinculados.<\/p>\n<p> Los hiperv\u00ednculos son f\u00e1ciles de reconocer porque est\u00e1n subrayados en azul o violeta.<\/p>\n<p> Hay varias formas de agregar hiperv\u00ednculos en Excel, pero en este tutorial explicamos el m\u00e9todo abreviado de teclado para agregar hiperv\u00ednculos.<\/p>\n<h2 class=\"wp-block-heading\"> Atajo de teclado para insertar un hiperv\u00ednculo en Excel<\/h2>\n<p> <kbd>Ctrl<\/kbd> + <kbd>K<\/kbd> <\/p>\n<div class=\"wp-block-image\">\n<figure class=\"aligncenter size-full is-resized\"><img loading=\"lazy\" decoding=\"async\" class=\"wp-image-70459\" src=\"https:\/\/exceladvisor.org\/wp-content\/uploads\/2023\/08\/1-raccourci-pour-creer-un-lien-hypertexte.png\" sizes=\"auto, \" srcset=\"\" alt=\"acceso directo para crear un hiperv\u00ednculo\" width=\"784\" height=\"308\"><\/figure>\n<\/div>\n<h2 class=\"wp-block-heading\"> Pasos para insertar un hiperv\u00ednculo usando un atajo de teclado<\/h2>\n<ol>\n<li> Primero, seleccione la celda donde desea insertar el hiperv\u00ednculo.<\/li>\n<li> Despu\u00e9s de eso, presione las teclas \u00abCtrl + K\u00bb y se abrir\u00e1 el cuadro de di\u00e1logo \u00abInsertar hiperv\u00ednculo\u00bb.<\/li>\n<li> Ahora, seleccione el archivo o ingrese el enlace web en el campo de direcci\u00f3n al que desea vincular en la celda seleccionada y presione \u201cEntrar\u201d. <\/li>\n<\/ol>\n<div class=\"wp-block-image\">\n<figure class=\"aligncenter size-full is-resized\"><img loading=\"lazy\" decoding=\"async\" class=\"wp-image-70460\" src=\"https:\/\/exceladvisor.org\/wp-content\/uploads\/2023\/08\/2-boite-de-dialogue-Inserer-un-lien-hypertexte.png\" sizes=\"auto, \" srcset=\"\" alt=\"insertar cuadro de di\u00e1logo de hiperv\u00ednculo\" width=\"656\" height=\"344\"><\/figure>\n<\/div>\n<p> Nota: En Excel, existen varios tipos de hiperv\u00ednculos que puede agregar a la celda desde el cuadro de di\u00e1logo \u00abInsertar hiperv\u00ednculo\u00bb y para conocer todos los tipos, visite la p\u00e1gina \u00bb <a href=\"https:\/\/exceladvisor.org\/es\/agregar-eliminar-hipervinculos\/\" target=\"_blank\" rel=\"noreferrer noopener\">Agregar y quitar hiperv\u00ednculos<\/a> \u00ab. <\/p>\n<div class=\"wp-block-group more-tutorials is-layout-flow\">\n<div class=\"wp-block-group__inner-container\">\n<h2 class=\"wp-block-heading\"> M\u00e1s tutoriales <\/h2>\n<div class=\"wp-block-columns is-layout-flex wp-container-15\">\n<div class=\"wp-block-column is-layout-flow\">\n<ul>\n<li> <a href=\"https:\/\/exceladvisor.org\/es\/agregar-una-nueva-hoja\/\">Agregar una nueva hoja<\/a><\/li>\n<li> <a href=\"https:\/\/exceladvisor.org\/es\/eliminar-una-hoja\/\">Eliminar hoja<\/a><\/li>\n<li> <a href=\"https:\/\/exceladvisor.org\/es\/encontrar-reemplazar-1\/\">Encontrar y reemplazar<\/a><\/li>\n<\/ul>\n<\/div>\n<div class=\"wp-block-column is-layout-flow\">\n<ul>\n<li> <a href=\"https:\/\/exceladvisor.org\/es\/congelar-el-obturador\/\">congelar la sart\u00e9n<\/a><\/li>\n<li> <a href=\"https:\/\/exceladvisor.org\/es\/ampliar-reducir\/\">Ampliar reducir<\/a><\/li>\n<\/ul>\n<\/div>\n<\/div>\n<\/div>\n<\/div>\n","protected":false},"excerpt":{"rendered":"<p>En Excel, los usuarios a veces necesitan agregar un enlace en la celda para hacer referencia a un archivo de informaci\u00f3n relacionada, un documento, una direcci\u00f3n web y una direcci\u00f3n de correo electr\u00f3nico, lo que se puede hacer usando la funci\u00f3n Hiperv\u00ednculo. Al hacer clic en el hiperv\u00ednculo, los usuarios pueden acceder al archivo, documento, [&hellip;]<\/p>\n","protected":false},"author":1,"featured_media":0,"parent":0,"menu_order":0,"comment_status":"open","ping_status":"closed","template":"","meta":{"ub_ctt_via":"","footnotes":""},"class_list":["post-609","page","type-page","status-publish","hentry"],"featured_image_src":null,"yoast_head":"<!-- This site is optimized with the Yoast SEO plugin v25.4 - https:\/\/yoast.com\/wordpress\/plugins\/seo\/ -->\n<title>\u00bfc\u00f3mo insertar hiperv\u00ednculos usando el acceso directo de excel?<\/title>\n<meta name=\"robots\" content=\"index, follow, max-snippet:-1, max-image-preview:large, max-video-preview:-1\" \/>\n<link rel=\"canonical\" href=\"https:\/\/exceladvisor.org\/es\/hipervinculo-2\/\" \/>\n<meta property=\"og:locale\" content=\"es_ES\" \/>\n<meta property=\"og:type\" content=\"article\" \/>\n<meta property=\"og:title\" content=\"\u00bfc\u00f3mo insertar hiperv\u00ednculos usando el acceso directo de excel?\" \/>\n<meta property=\"og:description\" content=\"En Excel, los usuarios a veces necesitan agregar un enlace en la celda para hacer referencia a un archivo de informaci\u00f3n relacionada, un documento, una direcci\u00f3n web y una direcci\u00f3n de correo electr\u00f3nico, lo que se puede hacer usando la funci\u00f3n Hiperv\u00ednculo. Al hacer clic en el hiperv\u00ednculo, los usuarios pueden acceder al archivo, documento, [&hellip;]\" \/>\n<meta property=\"og:url\" content=\"https:\/\/exceladvisor.org\/es\/hipervinculo-2\/\" \/>\n<meta property=\"og:site_name\" content=\"Excel Advisor\" \/>\n<meta property=\"article:modified_time\" content=\"2023-12-25T10:25:50+00:00\" \/>\n<meta property=\"og:image\" content=\"https:\/\/exceladvisor.org\/wp-content\/uploads\/2023\/08\/1-raccourci-pour-creer-un-lien-hypertexte.png\" \/>\n<meta name=\"twitter:card\" content=\"summary_large_image\" \/>\n<meta name=\"twitter:label1\" content=\"Tiempo de lectura\" \/>\n\t<meta name=\"twitter:data1\" content=\"1 minuto\" \/>\n<script type=\"application\/ld+json\" class=\"yoast-schema-graph\">{\"@context\":\"https:\/\/schema.org\",\"@graph\":[{\"@type\":\"WebPage\",\"@id\":\"https:\/\/exceladvisor.org\/es\/hipervinculo-2\/\",\"url\":\"https:\/\/exceladvisor.org\/es\/hipervinculo-2\/\",\"name\":\"\u00bfc\u00f3mo insertar hiperv\u00ednculos usando el acceso directo de excel?\",\"isPartOf\":{\"@id\":\"https:\/\/exceladvisor.org\/es\/#website\"},\"primaryImageOfPage\":{\"@id\":\"https:\/\/exceladvisor.org\/es\/hipervinculo-2\/#primaryimage\"},\"image\":{\"@id\":\"https:\/\/exceladvisor.org\/es\/hipervinculo-2\/#primaryimage\"},\"thumbnailUrl\":\"https:\/\/exceladvisor.org\/wp-content\/uploads\/2023\/08\/1-raccourci-pour-creer-un-lien-hypertexte.png\",\"datePublished\":\"2023-10-20T00:11:35+00:00\",\"dateModified\":\"2023-12-25T10:25:50+00:00\",\"breadcrumb\":{\"@id\":\"https:\/\/exceladvisor.org\/es\/hipervinculo-2\/#breadcrumb\"},\"inLanguage\":\"es\",\"potentialAction\":[{\"@type\":\"ReadAction\",\"target\":[\"https:\/\/exceladvisor.org\/es\/hipervinculo-2\/\"]}]},{\"@type\":\"ImageObject\",\"inLanguage\":\"es\",\"@id\":\"https:\/\/exceladvisor.org\/es\/hipervinculo-2\/#primaryimage\",\"url\":\"https:\/\/exceladvisor.org\/wp-content\/uploads\/2023\/08\/1-raccourci-pour-creer-un-lien-hypertexte.png\",\"contentUrl\":\"https:\/\/exceladvisor.org\/wp-content\/uploads\/2023\/08\/1-raccourci-pour-creer-un-lien-hypertexte.png\"},{\"@type\":\"BreadcrumbList\",\"@id\":\"https:\/\/exceladvisor.org\/es\/hipervinculo-2\/#breadcrumb\",\"itemListElement\":[{\"@type\":\"ListItem\",\"position\":1,\"name\":\"Hogar\",\"item\":\"https:\/\/exceladvisor.org\/es\/\"},{\"@type\":\"ListItem\",\"position\":2,\"name\":\"\u00bfc\u00f3mo insertar hiperv\u00ednculos usando el acceso directo de excel?\"}]},{\"@type\":\"WebSite\",\"@id\":\"https:\/\/exceladvisor.org\/es\/#website\",\"url\":\"https:\/\/exceladvisor.org\/es\/\",\"name\":\"Excel Advisor\",\"description\":\"Su gu\u00eda para la dominaci\u00f3n de datos!\",\"publisher\":{\"@id\":\"https:\/\/exceladvisor.org\/es\/#organization\"},\"potentialAction\":[{\"@type\":\"SearchAction\",\"target\":{\"@type\":\"EntryPoint\",\"urlTemplate\":\"https:\/\/exceladvisor.org\/es\/?s={search_term_string}\"},\"query-input\":{\"@type\":\"PropertyValueSpecification\",\"valueRequired\":true,\"valueName\":\"search_term_string\"}}],\"inLanguage\":\"es\"},{\"@type\":\"Organization\",\"@id\":\"https:\/\/exceladvisor.org\/es\/#organization\",\"name\":\"Excel Advisor\",\"url\":\"https:\/\/exceladvisor.org\/es\/\",\"logo\":{\"@type\":\"ImageObject\",\"inLanguage\":\"es\",\"@id\":\"https:\/\/exceladvisor.org\/es\/#\/schema\/logo\/image\/\",\"url\":\"https:\/\/exceladvisor.org\/es\/wp-content\/uploads\/2023\/12\/exceladvisor.org_.png\",\"contentUrl\":\"https:\/\/exceladvisor.org\/es\/wp-content\/uploads\/2023\/12\/exceladvisor.org_.png\",\"width\":105,\"height\":36,\"caption\":\"Excel Advisor\"},\"image\":{\"@id\":\"https:\/\/exceladvisor.org\/es\/#\/schema\/logo\/image\/\"}}]}<\/script>\n<!-- \/ Yoast SEO plugin. -->","yoast_head_json":{"title":"\u00bfc\u00f3mo insertar hiperv\u00ednculos usando el acceso directo de excel?","robots":{"index":"index","follow":"follow","max-snippet":"max-snippet:-1","max-image-preview":"max-image-preview:large","max-video-preview":"max-video-preview:-1"},"canonical":"https:\/\/exceladvisor.org\/es\/hipervinculo-2\/","og_locale":"es_ES","og_type":"article","og_title":"\u00bfc\u00f3mo insertar hiperv\u00ednculos usando el acceso directo de excel?","og_description":"En Excel, los usuarios a veces necesitan agregar un enlace en la celda para hacer referencia a un archivo de informaci\u00f3n relacionada, un documento, una direcci\u00f3n web y una direcci\u00f3n de correo electr\u00f3nico, lo que se puede hacer usando la funci\u00f3n Hiperv\u00ednculo. Al hacer clic en el hiperv\u00ednculo, los usuarios pueden acceder al archivo, documento, [&hellip;]","og_url":"https:\/\/exceladvisor.org\/es\/hipervinculo-2\/","og_site_name":"Excel Advisor","article_modified_time":"2023-12-25T10:25:50+00:00","og_image":[{"url":"https:\/\/exceladvisor.org\/wp-content\/uploads\/2023\/08\/1-raccourci-pour-creer-un-lien-hypertexte.png","type":"","width":"","height":""}],"twitter_card":"summary_large_image","twitter_misc":{"Tiempo de lectura":"1 minuto"},"schema":{"@context":"https:\/\/schema.org","@graph":[{"@type":"WebPage","@id":"https:\/\/exceladvisor.org\/es\/hipervinculo-2\/","url":"https:\/\/exceladvisor.org\/es\/hipervinculo-2\/","name":"\u00bfc\u00f3mo insertar hiperv\u00ednculos usando el acceso directo de excel?","isPartOf":{"@id":"https:\/\/exceladvisor.org\/es\/#website"},"primaryImageOfPage":{"@id":"https:\/\/exceladvisor.org\/es\/hipervinculo-2\/#primaryimage"},"image":{"@id":"https:\/\/exceladvisor.org\/es\/hipervinculo-2\/#primaryimage"},"thumbnailUrl":"https:\/\/exceladvisor.org\/wp-content\/uploads\/2023\/08\/1-raccourci-pour-creer-un-lien-hypertexte.png","datePublished":"2023-10-20T00:11:35+00:00","dateModified":"2023-12-25T10:25:50+00:00","breadcrumb":{"@id":"https:\/\/exceladvisor.org\/es\/hipervinculo-2\/#breadcrumb"},"inLanguage":"es","potentialAction":[{"@type":"ReadAction","target":["https:\/\/exceladvisor.org\/es\/hipervinculo-2\/"]}]},{"@type":"ImageObject","inLanguage":"es","@id":"https:\/\/exceladvisor.org\/es\/hipervinculo-2\/#primaryimage","url":"https:\/\/exceladvisor.org\/wp-content\/uploads\/2023\/08\/1-raccourci-pour-creer-un-lien-hypertexte.png","contentUrl":"https:\/\/exceladvisor.org\/wp-content\/uploads\/2023\/08\/1-raccourci-pour-creer-un-lien-hypertexte.png"},{"@type":"BreadcrumbList","@id":"https:\/\/exceladvisor.org\/es\/hipervinculo-2\/#breadcrumb","itemListElement":[{"@type":"ListItem","position":1,"name":"Hogar","item":"https:\/\/exceladvisor.org\/es\/"},{"@type":"ListItem","position":2,"name":"\u00bfc\u00f3mo insertar hiperv\u00ednculos usando el acceso directo de excel?"}]},{"@type":"WebSite","@id":"https:\/\/exceladvisor.org\/es\/#website","url":"https:\/\/exceladvisor.org\/es\/","name":"Excel Advisor","description":"Su gu\u00eda para la dominaci\u00f3n de datos!","publisher":{"@id":"https:\/\/exceladvisor.org\/es\/#organization"},"potentialAction":[{"@type":"SearchAction","target":{"@type":"EntryPoint","urlTemplate":"https:\/\/exceladvisor.org\/es\/?s={search_term_string}"},"query-input":{"@type":"PropertyValueSpecification","valueRequired":true,"valueName":"search_term_string"}}],"inLanguage":"es"},{"@type":"Organization","@id":"https:\/\/exceladvisor.org\/es\/#organization","name":"Excel Advisor","url":"https:\/\/exceladvisor.org\/es\/","logo":{"@type":"ImageObject","inLanguage":"es","@id":"https:\/\/exceladvisor.org\/es\/#\/schema\/logo\/image\/","url":"https:\/\/exceladvisor.org\/es\/wp-content\/uploads\/2023\/12\/exceladvisor.org_.png","contentUrl":"https:\/\/exceladvisor.org\/es\/wp-content\/uploads\/2023\/12\/exceladvisor.org_.png","width":105,"height":36,"caption":"Excel Advisor"},"image":{"@id":"https:\/\/exceladvisor.org\/es\/#\/schema\/logo\/image\/"}}]}},"yoast_meta":{"yoast_wpseo_title":"","yoast_wpseo_metadesc":"","yoast_wpseo_canonical":""},"_links":{"self":[{"href":"https:\/\/exceladvisor.org\/es\/wp-json\/wp\/v2\/pages\/609","targetHints":{"allow":["GET"]}}],"collection":[{"href":"https:\/\/exceladvisor.org\/es\/wp-json\/wp\/v2\/pages"}],"about":[{"href":"https:\/\/exceladvisor.org\/es\/wp-json\/wp\/v2\/types\/page"}],"author":[{"embeddable":true,"href":"https:\/\/exceladvisor.org\/es\/wp-json\/wp\/v2\/users\/1"}],"replies":[{"embeddable":true,"href":"https:\/\/exceladvisor.org\/es\/wp-json\/wp\/v2\/comments?post=609"}],"version-history":[{"count":1,"href":"https:\/\/exceladvisor.org\/es\/wp-json\/wp\/v2\/pages\/609\/revisions"}],"predecessor-version":[{"id":1103,"href":"https:\/\/exceladvisor.org\/es\/wp-json\/wp\/v2\/pages\/609\/revisions\/1103"}],"wp:attachment":[{"href":"https:\/\/exceladvisor.org\/es\/wp-json\/wp\/v2\/media?parent=609"}],"curies":[{"name":"wp","href":"https:\/\/api.w.org\/{rel}","templated":true}]}}