{"id":61,"date":"2023-11-17T15:38:17","date_gmt":"2023-11-17T15:38:17","guid":{"rendered":"https:\/\/exceladvisor.org\/es\/para-el-bucle\/"},"modified":"2023-12-25T10:34:02","modified_gmt":"2023-12-25T10:34:02","slug":"para-el-bucle","status":"publish","type":"page","link":"https:\/\/exceladvisor.org\/es\/para-el-bucle\/","title":{"rendered":"Vba for loop (para el siguiente, para cada uno)"},"content":{"rendered":"<div class=\"excel-antes-del-contenido\" id=\"excel-1570761215\"><script type=\"text\/javascript\">\r\n\tatOptions = {\r\n\t\t'key' : 'c1158f160081d6540a8409e6925dab94',\r\n\t\t'format' : 'iframe',\r\n\t\t'height' : 250,\r\n\t\t'width' : 300,\r\n\t\t'params' : {}\r\n\t};\r\n<\/script>\r\n<script type=\"text\/javascript\" src=\"\/\/www.highperformanceformat.com\/c1158f160081d6540a8409e6925dab94\/invoke.js\"><\/script><\/div><p class=\"wp-block-heading\"><strong>Puntos clave<\/strong><\/p>\n<ul class=\"link\">\n<li> Los bucles For de VBA son tipos de bucles fijos.<\/li>\n<li> No es posible utilizar uno de estos bucles al <a href=\"https:\/\/exceladvisor.org\/es\/grabar-una-macro\/\">grabar una macro<\/a> .<\/li>\n<\/ul>\n<h2 class=\"wp-block-heading\"> Para el siguiente bucle<\/h2>\n<p> VBA FOR NEXT es un bucle fijo que utiliza un contador para ejecutar iteraciones. En t\u00e9rminos simples, debe especificar la cantidad de veces que desea ejecutar el bucle y, una vez que alcance esa cantidad de bucles, se detendr\u00e1 autom\u00e1ticamente. Por eso es un bucle fijo y el m\u00e1s popular entre los desarrolladores de VBA.<\/p>\n<h3 class=\"wp-block-heading\"> Sintaxis<\/h3>\n<p> Aqu\u00ed est\u00e1 la sintaxis del bucle VBA For Next: <\/p>\n<pre class=\"wp-block-code\"> <code class=\"language-visual-basic\" lang=\"visual-basic\">For counter = Start To End [Step stepsize] [statements] Next [counter]<\/code><\/pre>\n<div class=\"wp-block-image\">\n<figure class=\"aligncenter size-large is-resized\"><img loading=\"lazy\" decoding=\"async\" class=\"wp-image-51813\" src=\"https:\/\/exceladvisor.org\/wp-content\/uploads\/2023\/08\/1-pour-le-compteur-du-debut-a-la-fin.png\" sizes=\"auto, \" srcset=\"\" alt=\"a favor-contra-de-principio a fin\" width=\"551\" height=\"192\"><\/figure>\n<\/div>\n<ol type=\"1\">\n<li> <strong>Contador<\/strong> : Es una variable que almacena el n\u00famero de repeticiones y aumenta su valor con cada repetici\u00f3n. Por ejemplo, si el bucle est\u00e1 en su quinta iteraci\u00f3n, el valor del contador ser\u00e1 cinco y una vez que el bucle ejecute la instrucci\u00f3n para la quinta iteraci\u00f3n, el valor del contador cambiar\u00e1 a seis.<\/li>\n<li> <strong>Inicio<\/strong> : Es una variable num\u00e9rica que almacena el valor inicial del contador.<\/li>\n<li> <strong>Fin<\/strong> : Es una variable num\u00e9rica que almacena el valor final del contador.<\/li>\n<li> <strong>Tama\u00f1o del paso<\/strong> : esta variable especifica un gran aumento o disminuci\u00f3n en el valor del contador. De forma predeterminada, el tama\u00f1o del paso es uno, pero tambi\u00e9n puedes usar cualquier valor positivo o negativo.<\/li>\n<li> <strong>Declaraci\u00f3n<\/strong> : este es un conjunto de c\u00f3digo que desea ejecutar en cada iteraci\u00f3n del bucle For Next.<\/li>\n<li> <strong>Siguiente<\/strong> : Esta es la declaraci\u00f3n final para una iteraci\u00f3n del bucle y utiliza el valor del contador para indicarle a VBA que repita el bucle y una vez que el contador alcanza el valor final, finaliza el bucle.<\/li>\n<\/ol>\n<h3 class=\"wp-block-heading\"> Ejemplo a entender para el siguiente bucle<\/h3>\n<p> Para entender c\u00f3mo usarlo para el siguiente ciclo, escribamos un c\u00f3digo simple para agregar n\u00fameros de serie en una columna.<\/p>\n<p class=\"link\"> <strong>Perm\u00edtanme explicarme un poco m\u00e1s:<\/strong> necesitamos escribir un c\u00f3digo que pueda ir desde la celda seleccionada a las siguientes 10 celdas una por una y agregar n\u00fameros de serie solo en la siguiente instant\u00e1nea. <\/p>\n<div class=\"wp-block-image\">\n<figure class=\"aligncenter size-large is-resized\"><img loading=\"lazy\" decoding=\"async\" class=\"wp-image-51814\" src=\"https:\/\/exceladvisor.org\/wp-content\/uploads\/2023\/08\/2-exemple-a-comprendre-pour-la-prochaine-boucle.png\" sizes=\"auto, \" srcset=\"\" alt=\"ejemplo-para-comprender-para-el-siguiente-ciclo\" width=\"231\" height=\"263\"><\/figure>\n<\/div>\n<p> <strong>Para utilizar For Next Loop, puede seguir los siguientes pasos:<\/strong><\/p>\n<ol>\n<li> Primero, debe declarar una variable que pueda usar para almacenar el valor del contador. <br \/><img loading=\"lazy\" decoding=\"async\" title=\"3-declarar-una-variable\" src=\"https:\/\/exceladvisor.org\/wp-content\/uploads\/2023\/08\/3-declarer-une-variable.png\" sizes=\"auto, \" srcset=\"\" alt=\"declare-a-variable\" width=\"352\" height=\"254\"><\/li>\n<li> A continuaci\u00f3n, debemos asignar el valor del contador a la variable. <br \/><img loading=\"lazy\" decoding=\"async\" title=\"4-asignar-contravalor\" src=\"https:\/\/exceladvisor.org\/wp-content\/uploads\/2023\/08\/4-affecter-la-valeur-du-compteur.png\" sizes=\"auto, \" srcset=\"\" alt=\"assign-the-counter-value\" width=\"350\" height=\"264\"><\/li>\n<li> Ahora es el momento de escribir el c\u00f3digo para el bucle, por lo que en la primera l\u00ednea debe usar la variable contador y establecer los valores inicial y final. Aqu\u00ed en este c\u00f3digo tienes la variable &#8216;i&#8217; como valor final. <br \/><img loading=\"lazy\" decoding=\"async\" title=\"5-escribir-c\u00f3digo-para-bucle\" src=\"https:\/\/exceladvisor.org\/wp-content\/uploads\/2023\/08\/5-ecrire-le-code-pour-la-boucle.png\" sizes=\"auto, \" srcset=\"\" alt=\"write-code-for-loop\" width=\"353\" height=\"284\"><\/li>\n<li> A partir de ah\u00ed, debe escribir un c\u00f3digo que pueda agregar los n\u00fameros de serie en la celda activa y luego pasar a la siguiente celda. A medida que el valor del contador aumenta con cada iteraci\u00f3n, puede usarlo para ingresar el n\u00famero de serie en la celda activa y luego puede usar la tecla May\u00fas para mover la selecci\u00f3n a la siguiente celda hacia abajo. <br \/><img loading=\"lazy\" decoding=\"async\" title=\"6-c\u00f3digos-que-pueden-agregar-un-n\u00famero-de-serie\" src=\"https:\/\/exceladvisor.org\/wp-content\/uploads\/2023\/08\/6-code-qui-peut-ajouter-le-numero-de-serie.png\" sizes=\"auto, \" srcset=\"\" alt=\"code-that-can-add-serial-number\" width=\"404\" height=\"288\"><\/li>\n<li> Al final, use la siguiente palabra clave y la variable contador para completar el c\u00f3digo del bucle.<\/li>\n<\/ol>\n<pre class=\"wp-block-code\"> <code class=\"language-visual-basic\" lang=\"visual-basic\">Sub AddSerialNumbers() Dim i As Integer i = 10 For i = 1 To i ActiveCell.Value = i ActiveCell.Offset(1, 0).Activate Next i End Sub<\/code><\/pre>\n<p> Puede ver en la instant\u00e1nea a continuaci\u00f3n que cuando ejecuto este c\u00f3digo, comienza desde la celda seleccionada ingresando un n\u00famero de serie y luego pasa a la siguiente celda en cada iteraci\u00f3n. <\/p>\n<div class=\"wp-block-image\">\n<figure class=\"aligncenter size-large is-resized\"><img loading=\"lazy\" decoding=\"async\" class=\"wp-image-51851\" src=\"https:\/\/exceladvisor.org\/wp-content\/uploads\/2023\/08\/vba-pour-lexemple-de-boucle-suivante-1.gif\" sizes=\"auto, \" srcset=\"\" alt=\"vba-para-siguiente-bucle-ejemplo-1\" width=\"568\" height=\"390\"><\/figure>\n<\/div>\n<p> Como sabes, For Next es un bucle fijo y en este c\u00f3digo, cuando asignas un valor num\u00e9rico, le dice a VBA que ejecute el bucle esa cantidad de veces.<\/p>\n<p> Y puedes ver la instant\u00e1nea a continuaci\u00f3n que tom\u00e9 en la segunda iteraci\u00f3n del ciclo donde el valor de la variable de contador \u00abi\u00bb es dos. <\/p>\n<div class=\"wp-block-image\">\n<figure class=\"aligncenter size-large is-resized\"><img loading=\"lazy\" decoding=\"async\" class=\"wp-image-51819\" src=\"https:\/\/exceladvisor.org\/wp-content\/uploads\/2023\/08\/7-attribuer-une-valeur-numerique.png\" sizes=\"auto, \" srcset=\"\" alt=\"asignar un valor num\u00e9rico\" width=\"461\" height=\"334\"><\/figure>\n<\/div>\n<p> El punto que estoy tratando de se\u00f1alar es que la variable de conteo cambia su valor en cada iteraci\u00f3n e ingresa ese valor en la celda activa, luego al cambiar se activa la siguiente celda hacia abajo, lo que completa una iteraci\u00f3n.<\/p>\n<p> Al final, la palabra clave \u00abSiguiente\u00bb es VBA para volver a la primera l\u00ednea del bucle y repetirlo. Como vio en la sintaxis de For Next, tambi\u00e9n puede usar un valor de paso en el bucle para operar el contador en funci\u00f3n de eso.<\/p>\n<p> Entonces, si usa dos como valor de paso, el c\u00f3digo se ver\u00eda como el siguiente.<\/p>\n<pre class=\"wp-block-code\"> <code class=\"language-visual-basic\" lang=\"visual-basic\">Sub AddSerialNumbers() Dim i As Integer i = 10 For i = 1 To i Step 2 ActiveCell.Value = i ActiveCell.Offset(1, 0).Activate Next i End Sub<\/code><\/pre>\n<p> Y cuando ejecute este c\u00f3digo, habr\u00e1 en la actividad algo como la siguiente instant\u00e1nea. <\/p>\n<div class=\"wp-block-image\">\n<figure class=\"aligncenter size-large is-resized\"><img loading=\"lazy\" decoding=\"async\" class=\"wp-image-51820\" src=\"https:\/\/exceladvisor.org\/wp-content\/uploads\/2023\/08\/8-lorsque-vous-executez-un-instantane-de-code.png\" sizes=\"auto, \" srcset=\"\" alt=\"cuando-ejecutas-una-instant\u00e1nea-de-c\u00f3digo\" width=\"552\" height=\"426\"><\/figure>\n<\/div>\n<p> Cuando usa un valor de paso (como el paso 2, que us\u00f3 en el c\u00f3digo anterior), VBA ignora cada segunda iteraci\u00f3n en el ciclo y, como puede ver, tiene cinco n\u00fameros con la diferencia de uno en cada n\u00famero.<\/p>\n<p class=\"qt-tip\"> <strong>Nota<\/strong> : En el ejemplo anterior, ha utilizado &#8216;i&#8217; como <a href=\"https:\/\/exceladvisor.org\/es\/variables\/\">variable<\/a> de contador, pero tambi\u00e9n puede utilizar un nombre diferente seg\u00fan su conveniencia.<\/p>\n<h2 class=\"wp-block-heading\"> Para cada bucle posterior<\/h2>\n<p> VBA FOR EACH NEXT es un bucle fijo que puede recorrer todos los objetos de una colecci\u00f3n. En Para cada siguiente, no es necesario especificar el n\u00famero de iteraciones. En su lugar, puede especificar una colecci\u00f3n de objetos y podr\u00e1 recorrer todos esos objetos uno por uno.<\/p>\n<p class=\"link\"> <strong>Por ejemplo<\/strong> : si desea explorar todas las celdas de un rango. En este caso el <a href=\"https:\/\/exceladvisor.org\/es\/rango-1\/\">rango<\/a> es la colecci\u00f3n y las celdas son los objetos que tienes.<\/p>\n<h3 class=\"wp-block-heading\"> Sintaxis<\/h3>\n<p> Aqu\u00ed est\u00e1 la sintaxis de VBA para cada bucle posterior: <\/p>\n<pre class=\"wp-block-code\"> <code class=\"language-visual-basic\" lang=\"visual-basic\">For Each Object In Collection [statements] Next [object]<\/code><\/pre>\n<div class=\"wp-block-image\">\n<figure class=\"aligncenter size-large is-resized\"><img loading=\"lazy\" decoding=\"async\" class=\"wp-image-51821\" src=\"https:\/\/exceladvisor.org\/wp-content\/uploads\/2023\/08\/9-syntaxe-pour-le-vba-pour-chaque-boucle-suivante.png\" sizes=\"auto, \" srcset=\"\" alt=\"sintaxis-para-vba-para-cada-siguiente-bucle\" width=\"604\" height=\"199\"><\/figure>\n<\/div>\n<ol type=\"1\">\n<li> <strong>Objeto<\/strong> : representa el \u00fanico objeto en la colecci\u00f3n de objetos que est\u00e1 recorriendo. En cada iteraci\u00f3n, pasa de un objeto a otro.<\/li>\n<li> <strong>Colecci\u00f3n<\/strong> : esta es una colecci\u00f3n de objetos que desea recorrer.<\/li>\n<li> <strong>Declaraci\u00f3n<\/strong> : L\u00ednea(s) de c\u00f3digo que desea ejecutar en cada bucle a trav\u00e9s de todos los objetos de la colecci\u00f3n.<\/li>\n<li> <strong>Siguiente<\/strong> : esta es la declaraci\u00f3n final de una iteraci\u00f3n del bucle y le dice a VBA que pase al siguiente objeto de la colecci\u00f3n.<\/li>\n<\/ol>\n<h3 class=\"wp-block-heading\"> Ejemplo para entender el bucle For Each Next<\/h3>\n<p> Para comprender el bucle Para cada siguiente, escribamos c\u00f3digo para ocultar todas las hojas excepto la hoja de trabajo activa. Este c\u00f3digo verificar\u00e1 el nombre de cada hoja de trabajo y lo har\u00e1 coincidir con el nombre de la hoja de trabajo activa y lo ocultar\u00e1 si no coincide.<\/p>\n<p> Para utilizar el bucle Para cada siguiente, puede seguir los siguientes pasos:<\/p>\n<ol>\n<li> Primero, debe declarar una variable para usarla como hoja de trabajo. <br \/><img loading=\"lazy\" decoding=\"async\" title=\"10 c\u00f3digos para ocultar todas las hojas\" src=\"https:\/\/exceladvisor.org\/wp-content\/uploads\/2023\/08\/10-code-pour-cacher-toutes-les-feuilles.png\" sizes=\"auto, \" srcset=\"\" alt=\"code-to-hide-the-all-sheets\" width=\"373\" height=\"215\"><\/li>\n<li> Despu\u00e9s de eso, use la palabra clave \u00abPara cada uno\u00bb, luego la variable \u00abmySheet\u00bb para la hoja y use \u00abActiveWorkbook.Worksheets\u00bb para la colecci\u00f3n de hojas de trabajo del libro activo. <br \/><img loading=\"lazy\" decoding=\"async\" title=\"11-para-cada-mi hoja-libro-de-trabajo-activo-hojas de trabajo\" src=\"https:\/\/exceladvisor.org\/wp-content\/uploads\/2023\/08\/11-pour-chaque-feuille-de-travail-de-classeur-actif-mysheet.png\" sizes=\"auto, \" srcset=\"\" alt=\"for-each-mysheet-active-workbook-worsheets\" width=\"440\" height=\"209\"><\/li>\n<li> A continuaci\u00f3n, debe usar la instrucci\u00f3n IF de VBA para probar si el nombre de la hoja que se encuentra actualmente en esta iteraci\u00f3n del bucle NO ES IGUAL a la hoja de trabajo activa y, si esta condici\u00f3n es verdadera, ocultar la hoja que ahora est\u00e1 en el bucle. iteraci\u00f3n. <br \/><img loading=\"lazy\" decoding=\"async\" title=\"12-sentencia-vba-if-para-probar\" src=\"https:\/\/exceladvisor.org\/wp-content\/uploads\/2023\/08\/12-vba-si-instruction-a-tester.png\" sizes=\"auto, \" srcset=\"\" alt=\"vba-if-statement-to-test\" width=\"432\" height=\"331\"><\/li>\n<li> Al final, tienes la palabra clave SIGUIENTE y \u201cmySheet\u201d la variable para completar el c\u00f3digo del bucle. <br \/><img loading=\"lazy\" decoding=\"async\" title=\"13-siguiente-palabra-clave-y-mafeuille\" src=\"https:\/\/exceladvisor.org\/wp-content\/uploads\/2023\/08\/13-mot-cle-suivant-et-ma-feuille.png\" sizes=\"auto, \" srcset=\"\" alt=\"next-keyword-and-mysheet\" width=\"435\" height=\"325\"><\/li>\n<\/ol>\n<p> <strong>C\u00f3digo final:<\/strong><\/p>\n<pre class=\"wp-block-code\"> <code class=\"language-visual-basic\" lang=\"visual-basic\">Sub Hide_Other_Sheets() Dim mySheet As Worksheet For Each mySheet In ActiveWorkbook.Worksheets If mySheet.Name &lt;&gt; ActiveSheet.Name Then mySheet.Visible = False End If Next mySheet End Sub<\/code><\/pre>\n<p class=\"link\"> Cuando <a href=\"https:\/\/exceladvisor.org\/es\/ejecutar-una-macro-2\/\">ejecuta este c\u00f3digo<\/a> , recorre cada hoja de trabajo del libro activo y hace coincidir su nombre con la hoja de trabajo activa, y si el nombre de la hoja de trabajo no coincide con el nombre de la hoja de trabajo activa, lo hace. mascarilla.<\/p>\n<p> De esta forma se ocultar\u00e1n todas las hojas de trabajo.<\/p>\n<div class=\"gb-container gb-container-4db6181c gb-container-mt\"> <a class=\"gb-button gb-button-c5897111 gb-button-text gb-button-mt-button\" href=\"https:\/\/exceladvisor.org\/es\/vba\/\">\u00bfQu\u00e9 es VBA?<\/a><\/p>\n<h2 class=\"gb-headline gb-headline-665e5f6b gb-headline-text gb-headline-mt-heading\"> Tutoriales relacionados <\/h2>\n<div class=\"gb-grid-wrapper gb-grid-wrapper-a20baf7c gb-grid-wrapper-mt-grid\">\n<div class=\"gb-grid-column gb-grid-column-65ddf67e\">\n<div class=\"gb-container gb-container-65ddf67e\">\n<ul>\n<li> <a href=\"https:\/\/exceladvisor.org\/es\/bucles\/\">Bucles VBA (principiante a avanzado)<\/a><\/li>\n<li> <a href=\"https:\/\/exceladvisor.org\/es\/seleccione-el-caso\/\">Caso de selecci\u00f3n de VBA<\/a><\/li>\n<li> <a href=\"https:\/\/exceladvisor.org\/es\/hacer-mientras\/\">Excel VBA Do While Loop y (Do Loop While): una gu\u00eda<\/a><\/li>\n<li> <a href=\"https:\/\/exceladvisor.org\/es\/hojas-de-bucle\/\">Recorra todas las hojas usando VBA en Excel<\/a> <\/li>\n<\/ul>\n<\/div>\n<\/div>\n<div class=\"gb-grid-column gb-grid-column-50067b57\">\n<div class=\"gb-container gb-container-50067b57\">\n<ul>\n<li> <a href=\"https:\/\/exceladvisor.org\/es\/recorrer-el-rango\/\">Recorre un rango usando VBA (Columnas, Filas y Rango Usado)<\/a><\/li>\n<li> <a href=\"https:\/\/exceladvisor.org\/es\/ir-a-1\/\">Declaraci\u00f3n Ir a VBA<\/a><\/li>\n<\/ul>\n<\/div>\n<\/div>\n<\/div>\n<\/div>\n","protected":false},"excerpt":{"rendered":"<p>Puntos clave Los bucles For de VBA son tipos de bucles fijos. No es posible utilizar uno de estos bucles al grabar una macro . Para el siguiente bucle VBA FOR NEXT es un bucle fijo que utiliza un contador para ejecutar iteraciones. En t\u00e9rminos simples, debe especificar la cantidad de veces que desea ejecutar [&hellip;]<\/p>\n","protected":false},"author":1,"featured_media":0,"parent":0,"menu_order":0,"comment_status":"open","ping_status":"closed","template":"","meta":{"ub_ctt_via":"","footnotes":""},"class_list":["post-61","page","type-page","status-publish","hentry"],"featured_image_src":null,"yoast_head":"<!-- This site is optimized with the Yoast SEO plugin v25.4 - https:\/\/yoast.com\/wordpress\/plugins\/seo\/ -->\n<title>Vba for loop (para el siguiente, para cada uno)<\/title>\n<meta name=\"robots\" content=\"index, follow, max-snippet:-1, max-image-preview:large, max-video-preview:-1\" \/>\n<link rel=\"canonical\" href=\"https:\/\/exceladvisor.org\/es\/para-el-bucle\/\" \/>\n<meta property=\"og:locale\" content=\"es_ES\" \/>\n<meta property=\"og:type\" content=\"article\" \/>\n<meta property=\"og:title\" content=\"Vba for loop (para el siguiente, para cada uno)\" \/>\n<meta property=\"og:description\" content=\"Puntos clave Los bucles For de VBA son tipos de bucles fijos. No es posible utilizar uno de estos bucles al grabar una macro . Para el siguiente bucle VBA FOR NEXT es un bucle fijo que utiliza un contador para ejecutar iteraciones. En t\u00e9rminos simples, debe especificar la cantidad de veces que desea ejecutar [&hellip;]\" \/>\n<meta property=\"og:url\" content=\"https:\/\/exceladvisor.org\/es\/para-el-bucle\/\" \/>\n<meta property=\"og:site_name\" content=\"Excel Advisor\" \/>\n<meta property=\"article:modified_time\" content=\"2023-12-25T10:34:02+00:00\" \/>\n<meta property=\"og:image\" content=\"https:\/\/exceladvisor.org\/wp-content\/uploads\/2023\/08\/1-pour-le-compteur-du-debut-a-la-fin.png\" \/>\n<meta name=\"twitter:card\" content=\"summary_large_image\" \/>\n<meta name=\"twitter:label1\" content=\"Tiempo de lectura\" \/>\n\t<meta name=\"twitter:data1\" content=\"7 minutos\" \/>\n<script type=\"application\/ld+json\" class=\"yoast-schema-graph\">{\"@context\":\"https:\/\/schema.org\",\"@graph\":[{\"@type\":\"WebPage\",\"@id\":\"https:\/\/exceladvisor.org\/es\/para-el-bucle\/\",\"url\":\"https:\/\/exceladvisor.org\/es\/para-el-bucle\/\",\"name\":\"Vba for loop (para el siguiente, para cada uno)\",\"isPartOf\":{\"@id\":\"https:\/\/exceladvisor.org\/es\/#website\"},\"primaryImageOfPage\":{\"@id\":\"https:\/\/exceladvisor.org\/es\/para-el-bucle\/#primaryimage\"},\"image\":{\"@id\":\"https:\/\/exceladvisor.org\/es\/para-el-bucle\/#primaryimage\"},\"thumbnailUrl\":\"https:\/\/exceladvisor.org\/wp-content\/uploads\/2023\/08\/1-pour-le-compteur-du-debut-a-la-fin.png\",\"datePublished\":\"2023-11-17T15:38:17+00:00\",\"dateModified\":\"2023-12-25T10:34:02+00:00\",\"breadcrumb\":{\"@id\":\"https:\/\/exceladvisor.org\/es\/para-el-bucle\/#breadcrumb\"},\"inLanguage\":\"es\",\"potentialAction\":[{\"@type\":\"ReadAction\",\"target\":[\"https:\/\/exceladvisor.org\/es\/para-el-bucle\/\"]}]},{\"@type\":\"ImageObject\",\"inLanguage\":\"es\",\"@id\":\"https:\/\/exceladvisor.org\/es\/para-el-bucle\/#primaryimage\",\"url\":\"https:\/\/exceladvisor.org\/wp-content\/uploads\/2023\/08\/1-pour-le-compteur-du-debut-a-la-fin.png\",\"contentUrl\":\"https:\/\/exceladvisor.org\/wp-content\/uploads\/2023\/08\/1-pour-le-compteur-du-debut-a-la-fin.png\"},{\"@type\":\"BreadcrumbList\",\"@id\":\"https:\/\/exceladvisor.org\/es\/para-el-bucle\/#breadcrumb\",\"itemListElement\":[{\"@type\":\"ListItem\",\"position\":1,\"name\":\"Hogar\",\"item\":\"https:\/\/exceladvisor.org\/es\/\"},{\"@type\":\"ListItem\",\"position\":2,\"name\":\"Vba for loop (para el siguiente, para cada uno)\"}]},{\"@type\":\"WebSite\",\"@id\":\"https:\/\/exceladvisor.org\/es\/#website\",\"url\":\"https:\/\/exceladvisor.org\/es\/\",\"name\":\"Excel Advisor\",\"description\":\"Su gu\u00eda para la dominaci\u00f3n de datos!\",\"publisher\":{\"@id\":\"https:\/\/exceladvisor.org\/es\/#organization\"},\"potentialAction\":[{\"@type\":\"SearchAction\",\"target\":{\"@type\":\"EntryPoint\",\"urlTemplate\":\"https:\/\/exceladvisor.org\/es\/?s={search_term_string}\"},\"query-input\":{\"@type\":\"PropertyValueSpecification\",\"valueRequired\":true,\"valueName\":\"search_term_string\"}}],\"inLanguage\":\"es\"},{\"@type\":\"Organization\",\"@id\":\"https:\/\/exceladvisor.org\/es\/#organization\",\"name\":\"Excel Advisor\",\"url\":\"https:\/\/exceladvisor.org\/es\/\",\"logo\":{\"@type\":\"ImageObject\",\"inLanguage\":\"es\",\"@id\":\"https:\/\/exceladvisor.org\/es\/#\/schema\/logo\/image\/\",\"url\":\"https:\/\/exceladvisor.org\/es\/wp-content\/uploads\/2023\/12\/exceladvisor.org_.png\",\"contentUrl\":\"https:\/\/exceladvisor.org\/es\/wp-content\/uploads\/2023\/12\/exceladvisor.org_.png\",\"width\":105,\"height\":36,\"caption\":\"Excel Advisor\"},\"image\":{\"@id\":\"https:\/\/exceladvisor.org\/es\/#\/schema\/logo\/image\/\"}}]}<\/script>\n<!-- \/ Yoast SEO plugin. -->","yoast_head_json":{"title":"Vba for loop (para el siguiente, para cada uno)","robots":{"index":"index","follow":"follow","max-snippet":"max-snippet:-1","max-image-preview":"max-image-preview:large","max-video-preview":"max-video-preview:-1"},"canonical":"https:\/\/exceladvisor.org\/es\/para-el-bucle\/","og_locale":"es_ES","og_type":"article","og_title":"Vba for loop (para el siguiente, para cada uno)","og_description":"Puntos clave Los bucles For de VBA son tipos de bucles fijos. No es posible utilizar uno de estos bucles al grabar una macro . Para el siguiente bucle VBA FOR NEXT es un bucle fijo que utiliza un contador para ejecutar iteraciones. En t\u00e9rminos simples, debe especificar la cantidad de veces que desea ejecutar [&hellip;]","og_url":"https:\/\/exceladvisor.org\/es\/para-el-bucle\/","og_site_name":"Excel Advisor","article_modified_time":"2023-12-25T10:34:02+00:00","og_image":[{"url":"https:\/\/exceladvisor.org\/wp-content\/uploads\/2023\/08\/1-pour-le-compteur-du-debut-a-la-fin.png","type":"","width":"","height":""}],"twitter_card":"summary_large_image","twitter_misc":{"Tiempo de lectura":"7 minutos"},"schema":{"@context":"https:\/\/schema.org","@graph":[{"@type":"WebPage","@id":"https:\/\/exceladvisor.org\/es\/para-el-bucle\/","url":"https:\/\/exceladvisor.org\/es\/para-el-bucle\/","name":"Vba for loop (para el siguiente, para cada uno)","isPartOf":{"@id":"https:\/\/exceladvisor.org\/es\/#website"},"primaryImageOfPage":{"@id":"https:\/\/exceladvisor.org\/es\/para-el-bucle\/#primaryimage"},"image":{"@id":"https:\/\/exceladvisor.org\/es\/para-el-bucle\/#primaryimage"},"thumbnailUrl":"https:\/\/exceladvisor.org\/wp-content\/uploads\/2023\/08\/1-pour-le-compteur-du-debut-a-la-fin.png","datePublished":"2023-11-17T15:38:17+00:00","dateModified":"2023-12-25T10:34:02+00:00","breadcrumb":{"@id":"https:\/\/exceladvisor.org\/es\/para-el-bucle\/#breadcrumb"},"inLanguage":"es","potentialAction":[{"@type":"ReadAction","target":["https:\/\/exceladvisor.org\/es\/para-el-bucle\/"]}]},{"@type":"ImageObject","inLanguage":"es","@id":"https:\/\/exceladvisor.org\/es\/para-el-bucle\/#primaryimage","url":"https:\/\/exceladvisor.org\/wp-content\/uploads\/2023\/08\/1-pour-le-compteur-du-debut-a-la-fin.png","contentUrl":"https:\/\/exceladvisor.org\/wp-content\/uploads\/2023\/08\/1-pour-le-compteur-du-debut-a-la-fin.png"},{"@type":"BreadcrumbList","@id":"https:\/\/exceladvisor.org\/es\/para-el-bucle\/#breadcrumb","itemListElement":[{"@type":"ListItem","position":1,"name":"Hogar","item":"https:\/\/exceladvisor.org\/es\/"},{"@type":"ListItem","position":2,"name":"Vba for loop (para el siguiente, para cada uno)"}]},{"@type":"WebSite","@id":"https:\/\/exceladvisor.org\/es\/#website","url":"https:\/\/exceladvisor.org\/es\/","name":"Excel Advisor","description":"Su gu\u00eda para la dominaci\u00f3n de datos!","publisher":{"@id":"https:\/\/exceladvisor.org\/es\/#organization"},"potentialAction":[{"@type":"SearchAction","target":{"@type":"EntryPoint","urlTemplate":"https:\/\/exceladvisor.org\/es\/?s={search_term_string}"},"query-input":{"@type":"PropertyValueSpecification","valueRequired":true,"valueName":"search_term_string"}}],"inLanguage":"es"},{"@type":"Organization","@id":"https:\/\/exceladvisor.org\/es\/#organization","name":"Excel Advisor","url":"https:\/\/exceladvisor.org\/es\/","logo":{"@type":"ImageObject","inLanguage":"es","@id":"https:\/\/exceladvisor.org\/es\/#\/schema\/logo\/image\/","url":"https:\/\/exceladvisor.org\/es\/wp-content\/uploads\/2023\/12\/exceladvisor.org_.png","contentUrl":"https:\/\/exceladvisor.org\/es\/wp-content\/uploads\/2023\/12\/exceladvisor.org_.png","width":105,"height":36,"caption":"Excel Advisor"},"image":{"@id":"https:\/\/exceladvisor.org\/es\/#\/schema\/logo\/image\/"}}]}},"yoast_meta":{"yoast_wpseo_title":"","yoast_wpseo_metadesc":"","yoast_wpseo_canonical":""},"_links":{"self":[{"href":"https:\/\/exceladvisor.org\/es\/wp-json\/wp\/v2\/pages\/61","targetHints":{"allow":["GET"]}}],"collection":[{"href":"https:\/\/exceladvisor.org\/es\/wp-json\/wp\/v2\/pages"}],"about":[{"href":"https:\/\/exceladvisor.org\/es\/wp-json\/wp\/v2\/types\/page"}],"author":[{"embeddable":true,"href":"https:\/\/exceladvisor.org\/es\/wp-json\/wp\/v2\/users\/1"}],"replies":[{"embeddable":true,"href":"https:\/\/exceladvisor.org\/es\/wp-json\/wp\/v2\/comments?post=61"}],"version-history":[{"count":1,"href":"https:\/\/exceladvisor.org\/es\/wp-json\/wp\/v2\/pages\/61\/revisions"}],"predecessor-version":[{"id":1509,"href":"https:\/\/exceladvisor.org\/es\/wp-json\/wp\/v2\/pages\/61\/revisions\/1509"}],"wp:attachment":[{"href":"https:\/\/exceladvisor.org\/es\/wp-json\/wp\/v2\/media?parent=61"}],"curies":[{"name":"wp","href":"https:\/\/api.w.org\/{rel}","templated":true}]}}