{"id":610,"date":"2023-10-19T09:41:31","date_gmt":"2023-10-19T09:41:31","guid":{"rendered":"https:\/\/exceladvisor.org\/es\/rango-de-actualizacion-automatica\/"},"modified":"2023-12-25T10:22:46","modified_gmt":"2023-12-25T10:22:46","slug":"rango-de-actualizacion-automatica","status":"publish","type":"page","link":"https:\/\/exceladvisor.org\/es\/rango-de-actualizacion-automatica\/","title":{"rendered":"\u00bfc\u00f3mo actualizo autom\u00e1ticamente el rango de una tabla din\u00e1mica?"},"content":{"rendered":"<div class=\"excel-antes-del-contenido\" id=\"excel-2755599553\"><script type=\"text\/javascript\">\r\n\tatOptions = {\r\n\t\t'key' : 'c1158f160081d6540a8409e6925dab94',\r\n\t\t'format' : 'iframe',\r\n\t\t'height' : 250,\r\n\t\t'width' : 300,\r\n\t\t'params' : {}\r\n\t};\r\n<\/script>\r\n<script type=\"text\/javascript\" src=\"\/\/www.highperformanceformat.com\/c1158f160081d6540a8409e6925dab94\/invoke.js\"><\/script><\/div><p>Actualizar una tabla din\u00e1mica es una molestia, \u00bfno? Si utiliza con frecuencia tablas din\u00e1micas en su trabajo, estoy seguro de que puede identificarse.<\/p>\n<p> La cuesti\u00f3n es que cada vez que agrega nuevos datos a la hoja de origen, debe actualizar el rango de origen de la tabla din\u00e1mica antes de actualizar su tabla din\u00e1mica.<\/p>\n<p> Ahora imagine que si agrega datos a su hoja de origen todos los d\u00edas, necesita actualizar el rango de origen todos los d\u00edas.<\/p>\n<p> Y cada vez que cambiar el rango de la tabla din\u00e1mica es un desastre. S\u00ed, es cierto, cuanto m\u00e1s frecuentemente agregue datos, m\u00e1s necesitar\u00e1 actualizar el rango de origen.<\/p>\n<p> Entonces, el punto es que necesita un m\u00e9todo para actualizar autom\u00e1ticamente el rango de origen cuando agrega nuevos datos.<\/p>\n<p class=\"qt-tip\"> <strong>NOTA<\/strong> : Las tablas din\u00e1micas son parte de <a href=\"https:\/\/exceladvisor.org\/es\/habilidades-de-sobresalir\/\">HABILIDADES INTERMEDIAS DE EXCEL<\/a> .<\/p>\n<h2 id=\"0-apply-table-to-have-an-auto-updating-pivot-table-range\" class=\"wp-block-heading\"> Aplicar tabla para tener un rango de tabla din\u00e1mica de actualizaci\u00f3n autom\u00e1tica<\/h2>\n<p> Hace unos d\u00edas le pregunt\u00e9 a <a href=\"https:\/\/www.myexcelonline.com\/\" target=\"_blank\" rel=\"noreferrer noopener\">John Michaloudis<\/a> sobre su consejo millonario sobre la mesa din\u00e1mica. Dice: Coloque sus datos de origen en una tabla. Cr\u00e9ame, esta es una propina de un mill\u00f3n de d\u00f3lares.<\/p>\n<p> Al aplicar una tabla en los datos de origen, no necesita cambiar el rango de origen de su tabla din\u00e1mica una y otra vez.<\/p>\n<p> Cada vez que agrega nuevos datos, actualiza autom\u00e1ticamente el rango de la tabla din\u00e1mica.<\/p>\n<h3 id=\"1-convert-data-into-a-table-before-creating-a-pivot-table\" class=\"wp-block-heading\"> Convierta datos en tabla antes de crear una tabla din\u00e1mica<\/h3>\n<p> Cada vez que <a href=\"https:\/\/exceladvisor.org\/es\/mesa-pivote-1\/\" data-wpel-link=\"internal\" data-wpil=\"url\">cree una tabla din\u00e1mica,<\/a> aseg\u00farese de aplicar la tabla a los datos de origen siguiendo los siguientes pasos.<\/p>\n<ol>\n<li> Seleccione una de las celdas de sus datos.<\/li>\n<li> Utilice la tecla de acceso directo Ctrl + T o navegue hasta \u2192 Insertar pesta\u00f1a \u2192 Tablas \u2192 Tabla.<\/li>\n<li> Aparecer\u00e1 una ventana emergente con su rango de datos actual. <br \/><img decoding=\"async\" title=\"agregar tabla para actualizar el rango de la tabla din\u00e1mica\" src=\"https:\/\/exceladvisor.org\/wp-content\/uploads\/2023\/08\/ajouter-un-tableau-pour-mettre-a-jour-la-plage-du-tableau-croise-dynamique-1.png\" sizes=\"\" srcset=\"\" alt=\"add table to update pivot table range\"><\/li>\n<li> Haga clic en Aceptar.<\/li>\n<li> Ahora, para crear una tabla din\u00e1mica, seleccione cualquier celda de sus datos. Vaya a \u2192 pesta\u00f1a Dise\u00f1o \u2192 Herramientas \u2192 Resumir con tabla din\u00e1mica. <br \/><img decoding=\"async\" title=\"nueva-tabla-dinamica-para-actualizar-el-rango-de-la-tabla-dinamica\" src=\"https:\/\/exceladvisor.org\/wp-content\/uploads\/2023\/08\/nouveau-tableau-croise-dynamique-pour-mettre-a-jour-la-plage-du-tableau-croise-dynamique-1.png\" sizes=\"\" srcset=\"\" alt=\"new pivot table to update pivot table range\"><\/li>\n<li> Haga clic en Aceptar.<\/li>\n<\/ol>\n<p> Ahora, cada vez que agrega nuevos datos a su hoja de datos, el rango de la tabla din\u00e1mica se actualiza autom\u00e1ticamente y solo necesita actualizar su tabla din\u00e1mica.<\/p>\n<h3 id=\"2-convert-data-into-a-table-after-creating-a-pivot-table\" class=\"wp-block-heading\"> Convertir datos en tabla despu\u00e9s de crear una tabla din\u00e1mica<\/h3>\n<p> Si ya tiene una tabla din\u00e1mica en su hoja de trabajo, puede seguir los siguientes pasos para convertir su fuente de datos en una tabla.<\/p>\n<ol>\n<li> Seleccione una de las celdas de su fuente de datos.<\/li>\n<li> Utilice la tecla de acceso directo Ctrl + T o navegue hasta \u2192 Insertar pesta\u00f1a \u2192 Tablas \u2192 Tabla.<\/li>\n<li> Aparecer\u00e1 una ventana emergente con su rango de datos actual.<\/li>\n<li> Haga clic en Aceptar.<\/li>\n<li> Ahora, seleccione una de las celdas en su tabla din\u00e1mica y vaya a \u2192 Analizar \u2192 Datos \u2192 Editar fuente de datos \u2192 Editar fuente de datos (men\u00fa desplegable).<\/li>\n<li> Aparecer\u00e1 una ventana emergente para volver a seleccionar su fuente de datos o tambi\u00e9n puede ingresar el nombre de la tabla en la entrada del rango. <br \/><img decoding=\"async\" title=\"editar-datos-fuente-para-actualizar-rango-de-tabla-din\u00e1mica\" src=\"https:\/\/exceladvisor.org\/wp-content\/uploads\/2023\/08\/modifier-les-donnees-source-pour-mettre-a-jour-la-plage-du-tableau-croise-dynamique-1.png\" sizes=\"\" srcset=\"\" alt=\"change source data to update pivot table range\"><\/li>\n<li> Haga clic en Aceptar.<\/li>\n<\/ol>\n<p> De ahora en adelante, cada vez que agregue nuevos datos en su hoja de origen, el rango de la tabla din\u00e1mica aumentar\u00e1 para actualizarla autom\u00e1ticamente.<\/p>\n<h2 id=\"3-create-a-dynamic-pivot-table-range-with-offset-function\" class=\"wp-block-heading\"> Cree un rango de tabla din\u00e1mica din\u00e1mica con la funci\u00f3n OFFSET<\/h2>\n<p> La otra mejor manera de actualizar autom\u00e1ticamente el rango de la tabla din\u00e1mica es utilizar un rango din\u00e1mico.<\/p>\n<p> El rango din\u00e1mico puede expandirse autom\u00e1ticamente cada vez que agrega nuevos datos a su hoja de origen. Estos son los pasos para crear un rango din\u00e1mico.<\/p>\n<ol>\n<li> Vaya a \u2192 Pesta\u00f1a F\u00f3rmulas \u2192 Nombres definidos \u2192 Administrador de nombres.<\/li>\n<li> Una vez que haga clic en el administrador de nombres, aparecer\u00e1 una ventana emergente. <br \/><img decoding=\"async\" title=\"use-el-nombre-del-controlador-para-actualizar-el-rango-de-la-tabla-pivote\" src=\"https:\/\/exceladvisor.org\/wp-content\/uploads\/2023\/08\/utiliser-le-gestionnaire-de-noms-pour-mettre-a-jour-la-plage-du-tableau-croise-dynamique-1.png\" sizes=\"\" srcset=\"\" alt=\"use name manager to update pivot table range\"><\/li>\n<li> En la ventana del Administrador de nombres, haga clic en Nuevo para crear un rango con nombre.<\/li>\n<li> En la ventana de su nuevo nombre, ingrese\n<ol>\n<li> Un nombre para su nueva gama. Yo uso el nombre \u00abSourceData\u00bb.<\/li>\n<li> Especifique la extensi\u00f3n del rango. Puede especificar entre la hoja de trabajo o el libro de trabajo actual.<\/li>\n<li> Agregue un comentario para describir su rango con nombre. Ingrese la siguiente f\u00f3rmula en la barra de entrada \u00abConsultar\u00bb.\n<pre> =OFFSET(PivotTableData!$A$1,0,0,COUNTA(PivotTableData!$A:$A),COUNTA(PivotTableData!$1:$1))<\/pre>\n<\/li>\n<\/ol>\n<\/li>\n<li> Al final, haga clic en Aceptar. <\/li>\n<\/ol>\n<div class=\"wp-block-image\">\n<figure class=\"aligncenter size-large is-resized\"><img loading=\"lazy\" decoding=\"async\" class=\"wp-image-16657\" src=\"https:\/\/exceladvisor.org\/wp-content\/uploads\/2023\/08\/creer-un-nouveau-nom-pour-mettre-a-jour-la-plage-du-tableau-croise-dynamique-1.png\" sizes=\"auto, \" srcset=\"\" alt=\"crear un nuevo nombre para actualizar el rango de la tabla din\u00e1mica\" width=\"566\" height=\"358\"><\/figure>\n<\/div>\n<p> Ahora tienes rango din\u00e1mico para crear una tabla din\u00e1mica.<\/p>\n<p> Todo lo que necesita hacer es simplemente crear una tabla din\u00e1mica con sus datos de origen y luego cambiar la fuente con el rango nombrado usando el mismo m\u00e9todo que us\u00e9 en el primer m\u00e9todo de tablas.<\/p>\n<p> Una vez que haya agregado nuevos datos a su hoja de origen, simplemente actualice su tabla din\u00e1mica.<\/p>\n<h3 id=\"4-how-does-this-formula-works\" class=\"wp-block-heading\"> \u00bfC\u00f3mo funciona esta f\u00f3rmula?<\/h3>\n<p> En la f\u00f3rmula anterior, utilic\u00e9 la funci\u00f3n de compensaci\u00f3n para crear un rango din\u00e1mico.<\/p>\n<p> Mencion\u00e9 la celda A1 como punto de partida, luego, sin mencionar filas y columnas, especifiqu\u00e9 la altura y el ancho del rango usando COUNTA.<\/p>\n<p> COUNTA contar\u00e1 las celdas con valores de la columna A y la fila 1 y le indicar\u00e1 a offset que expanda su alto y ancho en consecuencia.<\/p>\n<p> Lo \u00fanico que debes tener en cuenta es que no haya ninguna celda vac\u00eda entre la columna A y la fila 1.<\/p>\n<h2 id=\"5-update-the-pivot-table-using-a-vba-code\" class=\"wp-block-heading\"> Actualizar la tabla din\u00e1mica usando c\u00f3digo VBA<\/h2>\n<p> A la mayor\u00eda de la gente le gusta usar c\u00f3digos VBA. Aqu\u00ed est\u00e1 el c\u00f3digo que se utilizar\u00e1 para actualizar el rango de la tabla din\u00e1mica con VBA.<\/p>\n<pre class=\"wp-block-code\"> <code class=\"language-visual-basic line-numbers\" lang=\"visual-basic\">Sub UpdatePivotTableRange() Dim Data_Sheet As Worksheet Dim Pivot_Sheet As Worksheet Dim StartPoint As Range Dim DataRange As Range Dim PivotName As String Dim NewRange As String Dim LastCol As Long Dim lastRow As Long 'Set Pivot Table &amp; Source Worksheet Set Data_Sheet = ThisWorkbook.Worksheets(\"PivotTableData3\") Set Pivot_Sheet = ThisWorkbook.Worksheets(\"Pivot3\") 'Enter in Pivot Table Name PivotName = \"PivotTable2\" 'Defining Staring Point &amp; Dynamic Range Data_Sheet.Activate Set StartPoint = Data_Sheet.Range(\"A1\") LastCol = StartPoint.End(xlToRight).Column DownCell = StartPoint.End(xlDown).Row Set DataRange = Data_Sheet.Range(StartPoint, Cells(DownCell, LastCol)) NewRange = Data_Sheet.Name &amp; \"!\" &amp; DataRange.Address(ReferenceStyle:=xlR1C1) 'Change Pivot Table Data Source Range Address Pivot_Sheet.PivotTables(PivotName). _ ChangePivotCache ActiveWorkbook. _ PivotCaches.Create(SourceType:=xlDatabase, SourceData:=NewRange) 'Ensure Pivot Table is Refreshed Pivot_Sheet.PivotTables(PivotName).RefreshTable 'Complete Message Pivot_Sheet.Activate MsgBox \"Your Pivot Table is now updated.\" End Sub<\/code><\/pre>\n<p> Cosas que debe cambiar antes de usarlo en su libro de trabajo.<\/p>\n<ol>\n<li> L\u00ednea 13: cambie el nombre de la hoja de trabajo de origen.<\/li>\n<li> L\u00ednea 14: cambie el nombre de la hoja de la tabla din\u00e1mica.<\/li>\n<li><u><\/u> L\u00ednea 17: cambie el nombre de la tabla din\u00e1mica.<\/li>\n<\/ol>\n<p> Si a\u00fan tiene alg\u00fan problema al usar este c\u00f3digo, escr\u00edbame en el cuadro de comentarios. Ahora d\u00e9jame mostrarte c\u00f3mo funciona este c\u00f3digo para que puedas modificarlo f\u00e1cilmente seg\u00fan tus necesidades.<\/p>\n<pre class=\"wp-block-code\"> <code class=\"language-visual-basic line-numbers\" lang=\"visual-basic\">Set Data_Sheet = ThisWorkbook.Worksheets(\"PivotTableData3\") Set Pivot_Sheet = ThisWorkbook.Worksheets(\"Pivot3\")<\/code><\/pre>\n<p> En la parte anterior del c\u00f3digo, hemos especificado la tabla din\u00e1mica y las variables de la hoja de trabajo de los datos de origen. Puede cambiar el nombre de la hoja de c\u00e1lculo desde aqu\u00ed.<\/p>\n<pre class=\"wp-block-code\"> <code class=\"language-visual-basic line-numbers\" lang=\"visual-basic\">PivotName = \"PivotTable2\"<\/code><\/pre>\n<p> En la parte anterior del c\u00f3digo, ingrese el nombre de la tabla din\u00e1mica en la que desea usar este c\u00f3digo.<\/p>\n<pre class=\"wp-block-code\"> <code class=\"language-visual-basic line-numbers\" lang=\"visual-basic\">Data_Sheet.Activate Set StartPoint = Data_Sheet.Range(\"A1\") LastCol = StartPoint.End(xlToRight).Column DownCell = StartPoint.End(xlDown).Row Set DataRange = Data_Sheet.Range(StartPoint, Cells(DownCell, LastCol))<\/code><\/pre>\n<p> La parte anterior del c\u00f3digo crear\u00e1 un rango din\u00e1mico usando la celda A1 de la hoja de trabajo de la fuente de datos.<\/p>\n<p> Verificar\u00e1 la \u00faltima columna y la \u00faltima fila con datos para crear un rango din\u00e1mico. Cada vez que ejecute esta macro, crear\u00e1 un nuevo rango din\u00e1mico.<\/p>\n<pre class=\"wp-block-code\"> <code class=\"language-visual-basic line-numbers\" lang=\"visual-basic\">'Ensure Pivot Table is Refreshed Pivot_Sheet.PivotTables(PivotName).RefreshTable 'Complete Message Pivot_Sheet.Activate MsgBox \"Your Pivot Table is now updated.\"<\/code><\/pre>\n<p> La parte anterior del c\u00f3digo actualizar\u00e1 la tabla din\u00e1mica y mostrar\u00e1 un mensaje al usuario indicando que la tabla din\u00e1mica ahora est\u00e1 actualizada. <\/p>\n<div class=\"gb-container gb-container-52dfcee1 gb-container-sample-file\">\n<h2 id=\"6-get-the-excel-file\" class=\"gb-headline gb-headline-e289c143 gb-headline-text gb-headline-4f7959c2\"> Obtener el archivo Excel<\/h2>\n<p> <a class=\"gb-button gb-button-e88d6bee gb-button-text gb-button-button1\" href=\"https:\/\/exceladvisor.org\/wp-content\/uploads\/2023\/08\/mettre-a-jour-automatiquement-la-plage-du-tableau-croise-dynamique.zip\" rel=\"nofollow\">Descargar<\/a> <\/div>\n<div class=\"wp-block-group main-page-bottom is-layout-flow\">\n<div class=\"wp-block-group__inner-container\">\n<h2 id=\"7-more-pivot-table-tutorials\" class=\"wp-block-heading\"> M\u00e1s tutoriales sobre tablas din\u00e1micas <\/h2>\n<div class=\"wp-block-columns is-layout-flex wp-container-62\">\n<div class=\"wp-block-column is-layout-flow\">\n<ul>\n<li> <a href=\"https:\/\/exceladvisor.org\/es\/agregar-eliminar-total-general\/\">Agregar o eliminar el total general en una tabla din\u00e1mica<\/a><\/li>\n<li> <a href=\"https:\/\/exceladvisor.org\/es\/total-acumulado\/\">Agregar un total acumulado a una tabla din\u00e1mica<\/a><\/li>\n<li> <a href=\"https:\/\/exceladvisor.org\/es\/calculo-en-tabla-dinamica\/\">F\u00f3rmulas en una tabla din\u00e1mica (campo y elemento calculados)<\/a><\/li>\n<li> <a href=\"https:\/\/exceladvisor.org\/es\/cambiar-fuente-de-datos\/\">Cambiar fuente de datos para tabla din\u00e1mica en Excel<\/a><\/li>\n<li> <a href=\"https:\/\/exceladvisor.org\/es\/contar-valores-unicos\/\">Contar valores \u00fanicos en una tabla din\u00e1mica en Excel<\/a><\/li>\n<\/ul>\n<\/div>\n<\/div>\n<\/div>\n<\/div>\n","protected":false},"excerpt":{"rendered":"<p>Actualizar una tabla din\u00e1mica es una molestia, \u00bfno? Si utiliza con frecuencia tablas din\u00e1micas en su trabajo, estoy seguro de que puede identificarse. La cuesti\u00f3n es que cada vez que agrega nuevos datos a la hoja de origen, debe actualizar el rango de origen de la tabla din\u00e1mica antes de actualizar su tabla din\u00e1mica. Ahora [&hellip;]<\/p>\n","protected":false},"author":1,"featured_media":0,"parent":0,"menu_order":0,"comment_status":"open","ping_status":"closed","template":"","meta":{"ub_ctt_via":"","footnotes":""},"class_list":["post-610","page","type-page","status-publish","hentry"],"featured_image_src":null,"yoast_head":"<!-- This site is optimized with the Yoast SEO plugin v25.4 - https:\/\/yoast.com\/wordpress\/plugins\/seo\/ -->\n<title>\u00bfc\u00f3mo actualizo autom\u00e1ticamente el rango de una tabla din\u00e1mica?<\/title>\n<meta name=\"robots\" content=\"index, follow, max-snippet:-1, max-image-preview:large, max-video-preview:-1\" \/>\n<link rel=\"canonical\" href=\"https:\/\/exceladvisor.org\/es\/rango-de-actualizacion-automatica\/\" \/>\n<meta property=\"og:locale\" content=\"es_ES\" \/>\n<meta property=\"og:type\" content=\"article\" \/>\n<meta property=\"og:title\" content=\"\u00bfc\u00f3mo actualizo autom\u00e1ticamente el rango de una tabla din\u00e1mica?\" \/>\n<meta property=\"og:description\" content=\"Actualizar una tabla din\u00e1mica es una molestia, \u00bfno? Si utiliza con frecuencia tablas din\u00e1micas en su trabajo, estoy seguro de que puede identificarse. La cuesti\u00f3n es que cada vez que agrega nuevos datos a la hoja de origen, debe actualizar el rango de origen de la tabla din\u00e1mica antes de actualizar su tabla din\u00e1mica. Ahora [&hellip;]\" \/>\n<meta property=\"og:url\" content=\"https:\/\/exceladvisor.org\/es\/rango-de-actualizacion-automatica\/\" \/>\n<meta property=\"og:site_name\" content=\"Excel Advisor\" \/>\n<meta property=\"article:modified_time\" content=\"2023-12-25T10:22:46+00:00\" \/>\n<meta property=\"og:image\" content=\"https:\/\/exceladvisor.org\/wp-content\/uploads\/2023\/08\/ajouter-un-tableau-pour-mettre-a-jour-la-plage-du-tableau-croise-dynamique-1.png\" \/>\n<meta name=\"twitter:card\" content=\"summary_large_image\" \/>\n<meta name=\"twitter:label1\" content=\"Tiempo de lectura\" \/>\n\t<meta name=\"twitter:data1\" content=\"7 minutos\" \/>\n<script type=\"application\/ld+json\" class=\"yoast-schema-graph\">{\"@context\":\"https:\/\/schema.org\",\"@graph\":[{\"@type\":\"WebPage\",\"@id\":\"https:\/\/exceladvisor.org\/es\/rango-de-actualizacion-automatica\/\",\"url\":\"https:\/\/exceladvisor.org\/es\/rango-de-actualizacion-automatica\/\",\"name\":\"\u00bfc\u00f3mo actualizo autom\u00e1ticamente el rango de una tabla din\u00e1mica?\",\"isPartOf\":{\"@id\":\"https:\/\/exceladvisor.org\/es\/#website\"},\"primaryImageOfPage\":{\"@id\":\"https:\/\/exceladvisor.org\/es\/rango-de-actualizacion-automatica\/#primaryimage\"},\"image\":{\"@id\":\"https:\/\/exceladvisor.org\/es\/rango-de-actualizacion-automatica\/#primaryimage\"},\"thumbnailUrl\":\"https:\/\/exceladvisor.org\/wp-content\/uploads\/2023\/08\/ajouter-un-tableau-pour-mettre-a-jour-la-plage-du-tableau-croise-dynamique-1.png\",\"datePublished\":\"2023-10-19T09:41:31+00:00\",\"dateModified\":\"2023-12-25T10:22:46+00:00\",\"breadcrumb\":{\"@id\":\"https:\/\/exceladvisor.org\/es\/rango-de-actualizacion-automatica\/#breadcrumb\"},\"inLanguage\":\"es\",\"potentialAction\":[{\"@type\":\"ReadAction\",\"target\":[\"https:\/\/exceladvisor.org\/es\/rango-de-actualizacion-automatica\/\"]}]},{\"@type\":\"ImageObject\",\"inLanguage\":\"es\",\"@id\":\"https:\/\/exceladvisor.org\/es\/rango-de-actualizacion-automatica\/#primaryimage\",\"url\":\"https:\/\/exceladvisor.org\/wp-content\/uploads\/2023\/08\/ajouter-un-tableau-pour-mettre-a-jour-la-plage-du-tableau-croise-dynamique-1.png\",\"contentUrl\":\"https:\/\/exceladvisor.org\/wp-content\/uploads\/2023\/08\/ajouter-un-tableau-pour-mettre-a-jour-la-plage-du-tableau-croise-dynamique-1.png\"},{\"@type\":\"BreadcrumbList\",\"@id\":\"https:\/\/exceladvisor.org\/es\/rango-de-actualizacion-automatica\/#breadcrumb\",\"itemListElement\":[{\"@type\":\"ListItem\",\"position\":1,\"name\":\"Hogar\",\"item\":\"https:\/\/exceladvisor.org\/es\/\"},{\"@type\":\"ListItem\",\"position\":2,\"name\":\"\u00bfc\u00f3mo actualizo autom\u00e1ticamente el rango de una tabla din\u00e1mica?\"}]},{\"@type\":\"WebSite\",\"@id\":\"https:\/\/exceladvisor.org\/es\/#website\",\"url\":\"https:\/\/exceladvisor.org\/es\/\",\"name\":\"Excel Advisor\",\"description\":\"Su gu\u00eda para la dominaci\u00f3n de datos!\",\"publisher\":{\"@id\":\"https:\/\/exceladvisor.org\/es\/#organization\"},\"potentialAction\":[{\"@type\":\"SearchAction\",\"target\":{\"@type\":\"EntryPoint\",\"urlTemplate\":\"https:\/\/exceladvisor.org\/es\/?s={search_term_string}\"},\"query-input\":{\"@type\":\"PropertyValueSpecification\",\"valueRequired\":true,\"valueName\":\"search_term_string\"}}],\"inLanguage\":\"es\"},{\"@type\":\"Organization\",\"@id\":\"https:\/\/exceladvisor.org\/es\/#organization\",\"name\":\"Excel Advisor\",\"url\":\"https:\/\/exceladvisor.org\/es\/\",\"logo\":{\"@type\":\"ImageObject\",\"inLanguage\":\"es\",\"@id\":\"https:\/\/exceladvisor.org\/es\/#\/schema\/logo\/image\/\",\"url\":\"https:\/\/exceladvisor.org\/es\/wp-content\/uploads\/2023\/12\/exceladvisor.org_.png\",\"contentUrl\":\"https:\/\/exceladvisor.org\/es\/wp-content\/uploads\/2023\/12\/exceladvisor.org_.png\",\"width\":105,\"height\":36,\"caption\":\"Excel Advisor\"},\"image\":{\"@id\":\"https:\/\/exceladvisor.org\/es\/#\/schema\/logo\/image\/\"}}]}<\/script>\n<!-- \/ Yoast SEO plugin. -->","yoast_head_json":{"title":"\u00bfc\u00f3mo actualizo autom\u00e1ticamente el rango de una tabla din\u00e1mica?","robots":{"index":"index","follow":"follow","max-snippet":"max-snippet:-1","max-image-preview":"max-image-preview:large","max-video-preview":"max-video-preview:-1"},"canonical":"https:\/\/exceladvisor.org\/es\/rango-de-actualizacion-automatica\/","og_locale":"es_ES","og_type":"article","og_title":"\u00bfc\u00f3mo actualizo autom\u00e1ticamente el rango de una tabla din\u00e1mica?","og_description":"Actualizar una tabla din\u00e1mica es una molestia, \u00bfno? Si utiliza con frecuencia tablas din\u00e1micas en su trabajo, estoy seguro de que puede identificarse. La cuesti\u00f3n es que cada vez que agrega nuevos datos a la hoja de origen, debe actualizar el rango de origen de la tabla din\u00e1mica antes de actualizar su tabla din\u00e1mica. Ahora [&hellip;]","og_url":"https:\/\/exceladvisor.org\/es\/rango-de-actualizacion-automatica\/","og_site_name":"Excel Advisor","article_modified_time":"2023-12-25T10:22:46+00:00","og_image":[{"url":"https:\/\/exceladvisor.org\/wp-content\/uploads\/2023\/08\/ajouter-un-tableau-pour-mettre-a-jour-la-plage-du-tableau-croise-dynamique-1.png","type":"","width":"","height":""}],"twitter_card":"summary_large_image","twitter_misc":{"Tiempo de lectura":"7 minutos"},"schema":{"@context":"https:\/\/schema.org","@graph":[{"@type":"WebPage","@id":"https:\/\/exceladvisor.org\/es\/rango-de-actualizacion-automatica\/","url":"https:\/\/exceladvisor.org\/es\/rango-de-actualizacion-automatica\/","name":"\u00bfc\u00f3mo actualizo autom\u00e1ticamente el rango de una tabla din\u00e1mica?","isPartOf":{"@id":"https:\/\/exceladvisor.org\/es\/#website"},"primaryImageOfPage":{"@id":"https:\/\/exceladvisor.org\/es\/rango-de-actualizacion-automatica\/#primaryimage"},"image":{"@id":"https:\/\/exceladvisor.org\/es\/rango-de-actualizacion-automatica\/#primaryimage"},"thumbnailUrl":"https:\/\/exceladvisor.org\/wp-content\/uploads\/2023\/08\/ajouter-un-tableau-pour-mettre-a-jour-la-plage-du-tableau-croise-dynamique-1.png","datePublished":"2023-10-19T09:41:31+00:00","dateModified":"2023-12-25T10:22:46+00:00","breadcrumb":{"@id":"https:\/\/exceladvisor.org\/es\/rango-de-actualizacion-automatica\/#breadcrumb"},"inLanguage":"es","potentialAction":[{"@type":"ReadAction","target":["https:\/\/exceladvisor.org\/es\/rango-de-actualizacion-automatica\/"]}]},{"@type":"ImageObject","inLanguage":"es","@id":"https:\/\/exceladvisor.org\/es\/rango-de-actualizacion-automatica\/#primaryimage","url":"https:\/\/exceladvisor.org\/wp-content\/uploads\/2023\/08\/ajouter-un-tableau-pour-mettre-a-jour-la-plage-du-tableau-croise-dynamique-1.png","contentUrl":"https:\/\/exceladvisor.org\/wp-content\/uploads\/2023\/08\/ajouter-un-tableau-pour-mettre-a-jour-la-plage-du-tableau-croise-dynamique-1.png"},{"@type":"BreadcrumbList","@id":"https:\/\/exceladvisor.org\/es\/rango-de-actualizacion-automatica\/#breadcrumb","itemListElement":[{"@type":"ListItem","position":1,"name":"Hogar","item":"https:\/\/exceladvisor.org\/es\/"},{"@type":"ListItem","position":2,"name":"\u00bfc\u00f3mo actualizo autom\u00e1ticamente el rango de una tabla din\u00e1mica?"}]},{"@type":"WebSite","@id":"https:\/\/exceladvisor.org\/es\/#website","url":"https:\/\/exceladvisor.org\/es\/","name":"Excel Advisor","description":"Su gu\u00eda para la dominaci\u00f3n de datos!","publisher":{"@id":"https:\/\/exceladvisor.org\/es\/#organization"},"potentialAction":[{"@type":"SearchAction","target":{"@type":"EntryPoint","urlTemplate":"https:\/\/exceladvisor.org\/es\/?s={search_term_string}"},"query-input":{"@type":"PropertyValueSpecification","valueRequired":true,"valueName":"search_term_string"}}],"inLanguage":"es"},{"@type":"Organization","@id":"https:\/\/exceladvisor.org\/es\/#organization","name":"Excel Advisor","url":"https:\/\/exceladvisor.org\/es\/","logo":{"@type":"ImageObject","inLanguage":"es","@id":"https:\/\/exceladvisor.org\/es\/#\/schema\/logo\/image\/","url":"https:\/\/exceladvisor.org\/es\/wp-content\/uploads\/2023\/12\/exceladvisor.org_.png","contentUrl":"https:\/\/exceladvisor.org\/es\/wp-content\/uploads\/2023\/12\/exceladvisor.org_.png","width":105,"height":36,"caption":"Excel Advisor"},"image":{"@id":"https:\/\/exceladvisor.org\/es\/#\/schema\/logo\/image\/"}}]}},"yoast_meta":{"yoast_wpseo_title":"","yoast_wpseo_metadesc":"","yoast_wpseo_canonical":""},"_links":{"self":[{"href":"https:\/\/exceladvisor.org\/es\/wp-json\/wp\/v2\/pages\/610","targetHints":{"allow":["GET"]}}],"collection":[{"href":"https:\/\/exceladvisor.org\/es\/wp-json\/wp\/v2\/pages"}],"about":[{"href":"https:\/\/exceladvisor.org\/es\/wp-json\/wp\/v2\/types\/page"}],"author":[{"embeddable":true,"href":"https:\/\/exceladvisor.org\/es\/wp-json\/wp\/v2\/users\/1"}],"replies":[{"embeddable":true,"href":"https:\/\/exceladvisor.org\/es\/wp-json\/wp\/v2\/comments?post=610"}],"version-history":[{"count":1,"href":"https:\/\/exceladvisor.org\/es\/wp-json\/wp\/v2\/pages\/610\/revisions"}],"predecessor-version":[{"id":790,"href":"https:\/\/exceladvisor.org\/es\/wp-json\/wp\/v2\/pages\/610\/revisions\/790"}],"wp:attachment":[{"href":"https:\/\/exceladvisor.org\/es\/wp-json\/wp\/v2\/media?parent=610"}],"curies":[{"name":"wp","href":"https:\/\/api.w.org\/{rel}","templated":true}]}}