{"id":611,"date":"2023-10-19T07:49:00","date_gmt":"2023-10-19T07:49:00","guid":{"rendered":"https:\/\/exceladvisor.org\/es\/disposicion\/"},"modified":"2023-12-25T10:25:20","modified_gmt":"2023-12-25T10:25:20","slug":"disposicion","status":"publish","type":"page","link":"https:\/\/exceladvisor.org\/es\/disposicion\/","title":{"rendered":"\u00bfc\u00f3mo formatear la tabla din\u00e1mica?"},"content":{"rendered":"<div class=\"excel-antes-del-contenido\" id=\"excel-1790884710\"><script type=\"text\/javascript\">\r\n\tatOptions = {\r\n\t\t'key' : 'c1158f160081d6540a8409e6925dab94',\r\n\t\t'format' : 'iframe',\r\n\t\t'height' : 250,\r\n\t\t'width' : 300,\r\n\t\t'params' : {}\r\n\t};\r\n<\/script>\r\n<script type=\"text\/javascript\" src=\"\/\/www.highperformanceformat.com\/c1158f160081d6540a8409e6925dab94\/invoke.js\"><\/script><\/div><p>Trabajar en una tabla din\u00e1mica es bastante interesante, pero a veces resulta aburrido utilizar los mismos colores y dise\u00f1os integrados. Si tiene mucho cuidado con la est\u00e9tica y el dise\u00f1o del color en su informe, aqu\u00ed necesita saber algunas cosas sobre una tabla din\u00e1mica.<\/p>\n<h2 class=\"wp-block-heading\"> Opciones de estilo predeterminadas<\/h2>\n<p> Algunas opciones est\u00e1n disponibles en la cinta una vez que tenga una tabla din\u00e1mica en su hoja de trabajo. <\/p>\n<div class=\"wp-block-image\">\n<figure class=\"aligncenter size-large is-resized\"><img loading=\"lazy\" decoding=\"async\" class=\"wp-image-58697\" src=\"https:\/\/exceladvisor.org\/wp-content\/uploads\/2023\/08\/01-options-de-style-par-defaut.png\" sizes=\"auto, \" srcset=\"\" alt=\"opciones de estilo predeterminadas\" width=\"838\" height=\"139\"><\/figure>\n<\/div>\n<p> Puede elegir entre muchos colores y temas (claro, medio y oscuro) desde la peque\u00f1a flecha desplegable. <\/p>\n<div class=\"wp-block-image\">\n<figure class=\"aligncenter size-large is-resized\"><img loading=\"lazy\" decoding=\"async\" class=\"wp-image-58698\" src=\"https:\/\/exceladvisor.org\/wp-content\/uploads\/2023\/08\/02-utiliser-des-couleurs-et-des-themes.png\" sizes=\"auto, \" srcset=\"\" alt=\"usar-colores-y-temas\" width=\"413\" height=\"418\"><\/figure>\n<\/div>\n<p class=\"qt-tip\"> <strong>Consejo:<\/strong> Las opciones de dise\u00f1o cambian cuando cambia las opciones de estilo y el dise\u00f1o de la tabla din\u00e1mica.<\/p>\n<h2 class=\"wp-block-heading\"> Cambiar el formato de la tabla din\u00e1mica<\/h2>\n<p> Ahora, para elegir un estilo predeterminado particular para sus tablas din\u00e1micas, siga estos pasos.<\/p>\n<ol>\n<li> Primero, <strong>haga clic en cualquier lugar de la tabla din\u00e1mica<\/strong> para activar la pesta\u00f1a Dise\u00f1o en la cinta. <br \/><img loading=\"lazy\" decoding=\"async\" title=\"03-cambiar-formato-de-tabla din\u00e1mica\" src=\"https:\/\/exceladvisor.org\/wp-content\/uploads\/2023\/08\/03-modifier-la-mise-en-forme-du-tableau-croise-dynamique.png\" sizes=\"auto, \" srcset=\"\" alt=\"change-pivot-table-formatting\" width=\"534\" height=\"140\"><\/li>\n<li> Ahora, en la galer\u00eda Estilo de tabla din\u00e1mica, <strong>haga clic derecho en el estilo<\/strong> que desea establecer como predeterminado. <br \/><img loading=\"lazy\" decoding=\"async\" title=\"04-galer\u00eda-de-estilo-tabla-pivotante\" src=\"https:\/\/exceladvisor.org\/wp-content\/uploads\/2023\/08\/04-galerie-de-style-de-tableau-croise-dynamique.png\" sizes=\"auto, \" srcset=\"\" alt=\"pivot-table-style-gallery\" width=\"494\" height=\"266\"><\/li>\n<li> En el men\u00fa, haga clic en \u00bb <strong>Establecer como predeterminado\u00bb <br \/><img loading=\"lazy\" decoding=\"async\" title=\"05-clic-establecer-predeterminado\" src=\"https:\/\/exceladvisor.org\/wp-content\/uploads\/2023\/08\/05-clic-defini-par-defaut.png\" sizes=\"auto, \" srcset=\"\" alt=\"click-set-as-default\" width=\"535\" height=\"288\"><\/strong> \u201d.<\/li>\n<li> Esto har\u00e1 que el <strong>estilo seleccionado<\/strong> sea un estilo predeterminado.<\/li>\n<\/ol>\n<h2 class=\"wp-block-heading\"> Duplicar y editar<\/h2>\n<p> Comencemos cre\u00e1ndolo desde cero.<\/p>\n<ol>\n<li> Haga clic en cualquier lugar de la tabla din\u00e1mica para activar la pesta\u00f1a de dise\u00f1o.<\/li>\n<li> Ahora haga clic en la peque\u00f1a flecha desplegable en los patrones para desplazarse hasta el final. <br \/><img loading=\"lazy\" decoding=\"async\" title=\"06-duplicar-y-editar\" src=\"https:\/\/exceladvisor.org\/wp-content\/uploads\/2023\/08\/06-dupliquer-et-modifier.png\" sizes=\"auto, \" srcset=\"\" alt=\"duplicate-and-modify\" width=\"563\" height=\"138\"><\/li>\n<li> Haga clic aqu\u00ed en <strong>\u00abNuevo estilo de tabla din\u00e1mica\u00bb. <br \/><img loading=\"lazy\" decoding=\"async\" title=\"07-nuevo-estilo-tablero-pivotante\" src=\"https:\/\/exceladvisor.org\/wp-content\/uploads\/2023\/08\/07-nouveau-style-de-tableau-croise-dynamique.png\" sizes=\"auto, \" srcset=\"\" alt=\"new-pivot-table-style\" width=\"451\" height=\"457\"><\/strong><\/li>\n<li> Ahora se abrir\u00e1 una ventana emergente <strong>\u00abNuevo estilo de tabla din\u00e1mica\u00bb.<\/strong><\/li>\n<li> Cambie el nombre de la tabla din\u00e1mica en el \u00abcampo de nombre\u00bb<\/li>\n<li> Seleccione un elemento para formatear y haga clic en el bot\u00f3n \u00abFormatear\u00bb.<\/li>\n<li> Al final, haga clic en Aceptar para crear su estilo.<\/li>\n<li> Si desea mantener el estilo para futuros pivotes, simplemente marque la opci\u00f3n al final como se muestra en la captura de pantalla. <br \/><img loading=\"lazy\" decoding=\"async\" title=\"08-cambiar el nombre de la tabla din\u00e1mica\" src=\"https:\/\/exceladvisor.org\/wp-content\/uploads\/2023\/08\/08-renommer-le-tableau-croise-dynamique.png\" sizes=\"auto, \" srcset=\"\" alt=\"rename-the-pivot-table\" width=\"471\" height=\"319\"><\/li>\n<\/ol>\n<p> Ahora modifiquemos un estilo predeterminado determinado. Es casi lo mismo que crear un nuevo estilo.<\/p>\n<ol>\n<li> Para comenzar, haga clic derecho en el estilo que se adapte a sus necesidades. <br \/><img loading=\"lazy\" decoding=\"async\" title=\"09-estilo de clic derecho\" src=\"https:\/\/exceladvisor.org\/wp-content\/uploads\/2023\/08\/09-clic-droit-sur-le-style.png\" sizes=\"auto, \" srcset=\"\" alt=\"right-click-on-the-style\" width=\"477\" height=\"249\"><\/li>\n<li> Ahora haga clic en el duplicado para abrir el cuadro de di\u00e1logo \u00abEditar estilos de tabla din\u00e1mica\u00bb. <br \/><img loading=\"lazy\" decoding=\"async\" title=\"10 estilos de edici\u00f3n de tablas din\u00e1micas\" src=\"https:\/\/exceladvisor.org\/wp-content\/uploads\/2023\/08\/10-modifier-les-styles-de-tableau-croise-dynamique.png\" sizes=\"auto, \" srcset=\"\" alt=\"modify-pivot-table-styles\" width=\"528\" height=\"361\"><\/li>\n<li> Ahora sabes qu\u00e9 hacer.<\/li>\n<\/ol>\n<h2 class=\"wp-block-heading\"> Copie el dise\u00f1o a otra hoja de trabajo.<\/h2>\n<p> Como invertimos mucho tiempo en crear nuestro dise\u00f1o personalizado, copi\u00e9moslo en otra hoja de c\u00e1lculo para ahorrar energ\u00eda.<\/p>\n<ol>\n<li> Para comenzar, abra el libro con un dise\u00f1o personalizado.<\/li>\n<li> A continuaci\u00f3n, abra un nuevo libro de trabajo donde desee copiar el dise\u00f1o personalizado.<\/li>\n<li> Ahora coloque los dos libros adyacentes para que ambos sean visibles en la pantalla ( <strong>Consejo<\/strong> : utilice Reorganizar todas las opciones que aparecen en Ver en la cinta). <br \/><img loading=\"lazy\" decoding=\"async\" title=\"11-copiar-dise\u00f1o-a-una-hoja-de-trabajo-diferente\" src=\"https:\/\/exceladvisor.org\/wp-content\/uploads\/2023\/08\/11-copier-la-mise-en-page-dans-une-autre-feuille-de-calcul.png\" sizes=\"auto, \" srcset=\"\" alt=\"copy-layout-to-a-different-worksheet\" width=\"577\" height=\"368\"><\/li>\n<li> Utilice las opciones \u00abOrganizar todo\u00bb proporcionadas en Ver en la cinta. <br \/><img loading=\"lazy\" decoding=\"async\" title=\"12 opciones de uso y organizaci\u00f3n de todas\" src=\"https:\/\/exceladvisor.org\/wp-content\/uploads\/2023\/08\/12-utiliser-organiser-toutes-les-options.png\" sizes=\"auto, \" srcset=\"\" alt=\"use-arrange-all-options\" width=\"259\" height=\"139\"><\/li>\n<li> Al final, presione Ctrl y arrastre la hoja de dise\u00f1o al nuevo libro.<\/li>\n<li> \u00a1\u00a1Auge!! El dise\u00f1o personalizado se copia en el nuevo libro.<\/li>\n<li> Ahora puede eliminar la hoja que arrastr\u00f3 al libro.<\/li>\n<\/ol>\n<h2> Obtenga m\u00e1s informaci\u00f3n sobre la tabla din\u00e1mica<\/h2>\n<p> <a href=\"https:\/\/exceladvisor.org\/es\/ordenar-una-tabla-dinamica\/\">Ordenaci\u00f3n din\u00e1mica de tabla<\/a> | <a href=\"https:\/\/exceladvisor.org\/es\/actualizar-una-tabla-dinamica\/\">Actualizar una tabla din\u00e1mica<\/a> | <a href=\"https:\/\/exceladvisor.org\/es\/atajos-de-teclado-1\/\">Atajos de teclado de tabla din\u00e1mica<\/a> | <a href=\"https:\/\/exceladvisor.org\/es\/mover-la-mesa-dinamica\/\">Mover una tabla din\u00e1mica<\/a> | <a href=\"https:\/\/exceladvisor.org\/es\/filtrado\/\">Filtrar una tabla din\u00e1mica<\/a><\/p>\n","protected":false},"excerpt":{"rendered":"<p>Trabajar en una tabla din\u00e1mica es bastante interesante, pero a veces resulta aburrido utilizar los mismos colores y dise\u00f1os integrados. Si tiene mucho cuidado con la est\u00e9tica y el dise\u00f1o del color en su informe, aqu\u00ed necesita saber algunas cosas sobre una tabla din\u00e1mica. Opciones de estilo predeterminadas Algunas opciones est\u00e1n disponibles en la cinta [&hellip;]<\/p>\n","protected":false},"author":1,"featured_media":0,"parent":0,"menu_order":0,"comment_status":"open","ping_status":"closed","template":"","meta":{"ub_ctt_via":"","footnotes":""},"class_list":["post-611","page","type-page","status-publish","hentry"],"featured_image_src":null,"yoast_head":"<!-- This site is optimized with the Yoast SEO plugin v25.4 - https:\/\/yoast.com\/wordpress\/plugins\/seo\/ -->\n<title>\u00bfc\u00f3mo formatear la tabla din\u00e1mica?<\/title>\n<meta name=\"robots\" content=\"index, follow, max-snippet:-1, max-image-preview:large, max-video-preview:-1\" \/>\n<link rel=\"canonical\" href=\"https:\/\/exceladvisor.org\/es\/disposicion\/\" \/>\n<meta property=\"og:locale\" content=\"es_ES\" \/>\n<meta property=\"og:type\" content=\"article\" \/>\n<meta property=\"og:title\" content=\"\u00bfc\u00f3mo formatear la tabla din\u00e1mica?\" \/>\n<meta property=\"og:description\" content=\"Trabajar en una tabla din\u00e1mica es bastante interesante, pero a veces resulta aburrido utilizar los mismos colores y dise\u00f1os integrados. Si tiene mucho cuidado con la est\u00e9tica y el dise\u00f1o del color en su informe, aqu\u00ed necesita saber algunas cosas sobre una tabla din\u00e1mica. Opciones de estilo predeterminadas Algunas opciones est\u00e1n disponibles en la cinta [&hellip;]\" \/>\n<meta property=\"og:url\" content=\"https:\/\/exceladvisor.org\/es\/disposicion\/\" \/>\n<meta property=\"og:site_name\" content=\"Excel Advisor\" \/>\n<meta property=\"article:modified_time\" content=\"2023-12-25T10:25:20+00:00\" \/>\n<meta property=\"og:image\" content=\"https:\/\/exceladvisor.org\/wp-content\/uploads\/2023\/08\/01-options-de-style-par-defaut.png\" \/>\n<meta name=\"twitter:card\" content=\"summary_large_image\" \/>\n<meta name=\"twitter:label1\" content=\"Tiempo de lectura\" \/>\n\t<meta name=\"twitter:data1\" content=\"3 minutos\" \/>\n<script type=\"application\/ld+json\" class=\"yoast-schema-graph\">{\"@context\":\"https:\/\/schema.org\",\"@graph\":[{\"@type\":\"WebPage\",\"@id\":\"https:\/\/exceladvisor.org\/es\/disposicion\/\",\"url\":\"https:\/\/exceladvisor.org\/es\/disposicion\/\",\"name\":\"\u00bfc\u00f3mo formatear la tabla din\u00e1mica?\",\"isPartOf\":{\"@id\":\"https:\/\/exceladvisor.org\/es\/#website\"},\"primaryImageOfPage\":{\"@id\":\"https:\/\/exceladvisor.org\/es\/disposicion\/#primaryimage\"},\"image\":{\"@id\":\"https:\/\/exceladvisor.org\/es\/disposicion\/#primaryimage\"},\"thumbnailUrl\":\"https:\/\/exceladvisor.org\/wp-content\/uploads\/2023\/08\/01-options-de-style-par-defaut.png\",\"datePublished\":\"2023-10-19T07:49:00+00:00\",\"dateModified\":\"2023-12-25T10:25:20+00:00\",\"breadcrumb\":{\"@id\":\"https:\/\/exceladvisor.org\/es\/disposicion\/#breadcrumb\"},\"inLanguage\":\"es\",\"potentialAction\":[{\"@type\":\"ReadAction\",\"target\":[\"https:\/\/exceladvisor.org\/es\/disposicion\/\"]}]},{\"@type\":\"ImageObject\",\"inLanguage\":\"es\",\"@id\":\"https:\/\/exceladvisor.org\/es\/disposicion\/#primaryimage\",\"url\":\"https:\/\/exceladvisor.org\/wp-content\/uploads\/2023\/08\/01-options-de-style-par-defaut.png\",\"contentUrl\":\"https:\/\/exceladvisor.org\/wp-content\/uploads\/2023\/08\/01-options-de-style-par-defaut.png\"},{\"@type\":\"BreadcrumbList\",\"@id\":\"https:\/\/exceladvisor.org\/es\/disposicion\/#breadcrumb\",\"itemListElement\":[{\"@type\":\"ListItem\",\"position\":1,\"name\":\"Hogar\",\"item\":\"https:\/\/exceladvisor.org\/es\/\"},{\"@type\":\"ListItem\",\"position\":2,\"name\":\"\u00bfc\u00f3mo formatear la tabla din\u00e1mica?\"}]},{\"@type\":\"WebSite\",\"@id\":\"https:\/\/exceladvisor.org\/es\/#website\",\"url\":\"https:\/\/exceladvisor.org\/es\/\",\"name\":\"Excel Advisor\",\"description\":\"Su gu\u00eda para la dominaci\u00f3n de datos!\",\"publisher\":{\"@id\":\"https:\/\/exceladvisor.org\/es\/#organization\"},\"potentialAction\":[{\"@type\":\"SearchAction\",\"target\":{\"@type\":\"EntryPoint\",\"urlTemplate\":\"https:\/\/exceladvisor.org\/es\/?s={search_term_string}\"},\"query-input\":{\"@type\":\"PropertyValueSpecification\",\"valueRequired\":true,\"valueName\":\"search_term_string\"}}],\"inLanguage\":\"es\"},{\"@type\":\"Organization\",\"@id\":\"https:\/\/exceladvisor.org\/es\/#organization\",\"name\":\"Excel Advisor\",\"url\":\"https:\/\/exceladvisor.org\/es\/\",\"logo\":{\"@type\":\"ImageObject\",\"inLanguage\":\"es\",\"@id\":\"https:\/\/exceladvisor.org\/es\/#\/schema\/logo\/image\/\",\"url\":\"https:\/\/exceladvisor.org\/es\/wp-content\/uploads\/2023\/12\/exceladvisor.org_.png\",\"contentUrl\":\"https:\/\/exceladvisor.org\/es\/wp-content\/uploads\/2023\/12\/exceladvisor.org_.png\",\"width\":105,\"height\":36,\"caption\":\"Excel Advisor\"},\"image\":{\"@id\":\"https:\/\/exceladvisor.org\/es\/#\/schema\/logo\/image\/\"}}]}<\/script>\n<!-- \/ Yoast SEO plugin. -->","yoast_head_json":{"title":"\u00bfc\u00f3mo formatear la tabla din\u00e1mica?","robots":{"index":"index","follow":"follow","max-snippet":"max-snippet:-1","max-image-preview":"max-image-preview:large","max-video-preview":"max-video-preview:-1"},"canonical":"https:\/\/exceladvisor.org\/es\/disposicion\/","og_locale":"es_ES","og_type":"article","og_title":"\u00bfc\u00f3mo formatear la tabla din\u00e1mica?","og_description":"Trabajar en una tabla din\u00e1mica es bastante interesante, pero a veces resulta aburrido utilizar los mismos colores y dise\u00f1os integrados. Si tiene mucho cuidado con la est\u00e9tica y el dise\u00f1o del color en su informe, aqu\u00ed necesita saber algunas cosas sobre una tabla din\u00e1mica. Opciones de estilo predeterminadas Algunas opciones est\u00e1n disponibles en la cinta [&hellip;]","og_url":"https:\/\/exceladvisor.org\/es\/disposicion\/","og_site_name":"Excel Advisor","article_modified_time":"2023-12-25T10:25:20+00:00","og_image":[{"url":"https:\/\/exceladvisor.org\/wp-content\/uploads\/2023\/08\/01-options-de-style-par-defaut.png","type":"","width":"","height":""}],"twitter_card":"summary_large_image","twitter_misc":{"Tiempo de lectura":"3 minutos"},"schema":{"@context":"https:\/\/schema.org","@graph":[{"@type":"WebPage","@id":"https:\/\/exceladvisor.org\/es\/disposicion\/","url":"https:\/\/exceladvisor.org\/es\/disposicion\/","name":"\u00bfc\u00f3mo formatear la tabla din\u00e1mica?","isPartOf":{"@id":"https:\/\/exceladvisor.org\/es\/#website"},"primaryImageOfPage":{"@id":"https:\/\/exceladvisor.org\/es\/disposicion\/#primaryimage"},"image":{"@id":"https:\/\/exceladvisor.org\/es\/disposicion\/#primaryimage"},"thumbnailUrl":"https:\/\/exceladvisor.org\/wp-content\/uploads\/2023\/08\/01-options-de-style-par-defaut.png","datePublished":"2023-10-19T07:49:00+00:00","dateModified":"2023-12-25T10:25:20+00:00","breadcrumb":{"@id":"https:\/\/exceladvisor.org\/es\/disposicion\/#breadcrumb"},"inLanguage":"es","potentialAction":[{"@type":"ReadAction","target":["https:\/\/exceladvisor.org\/es\/disposicion\/"]}]},{"@type":"ImageObject","inLanguage":"es","@id":"https:\/\/exceladvisor.org\/es\/disposicion\/#primaryimage","url":"https:\/\/exceladvisor.org\/wp-content\/uploads\/2023\/08\/01-options-de-style-par-defaut.png","contentUrl":"https:\/\/exceladvisor.org\/wp-content\/uploads\/2023\/08\/01-options-de-style-par-defaut.png"},{"@type":"BreadcrumbList","@id":"https:\/\/exceladvisor.org\/es\/disposicion\/#breadcrumb","itemListElement":[{"@type":"ListItem","position":1,"name":"Hogar","item":"https:\/\/exceladvisor.org\/es\/"},{"@type":"ListItem","position":2,"name":"\u00bfc\u00f3mo formatear la tabla din\u00e1mica?"}]},{"@type":"WebSite","@id":"https:\/\/exceladvisor.org\/es\/#website","url":"https:\/\/exceladvisor.org\/es\/","name":"Excel Advisor","description":"Su gu\u00eda para la dominaci\u00f3n de datos!","publisher":{"@id":"https:\/\/exceladvisor.org\/es\/#organization"},"potentialAction":[{"@type":"SearchAction","target":{"@type":"EntryPoint","urlTemplate":"https:\/\/exceladvisor.org\/es\/?s={search_term_string}"},"query-input":{"@type":"PropertyValueSpecification","valueRequired":true,"valueName":"search_term_string"}}],"inLanguage":"es"},{"@type":"Organization","@id":"https:\/\/exceladvisor.org\/es\/#organization","name":"Excel Advisor","url":"https:\/\/exceladvisor.org\/es\/","logo":{"@type":"ImageObject","inLanguage":"es","@id":"https:\/\/exceladvisor.org\/es\/#\/schema\/logo\/image\/","url":"https:\/\/exceladvisor.org\/es\/wp-content\/uploads\/2023\/12\/exceladvisor.org_.png","contentUrl":"https:\/\/exceladvisor.org\/es\/wp-content\/uploads\/2023\/12\/exceladvisor.org_.png","width":105,"height":36,"caption":"Excel Advisor"},"image":{"@id":"https:\/\/exceladvisor.org\/es\/#\/schema\/logo\/image\/"}}]}},"yoast_meta":{"yoast_wpseo_title":"","yoast_wpseo_metadesc":"","yoast_wpseo_canonical":""},"_links":{"self":[{"href":"https:\/\/exceladvisor.org\/es\/wp-json\/wp\/v2\/pages\/611","targetHints":{"allow":["GET"]}}],"collection":[{"href":"https:\/\/exceladvisor.org\/es\/wp-json\/wp\/v2\/pages"}],"about":[{"href":"https:\/\/exceladvisor.org\/es\/wp-json\/wp\/v2\/types\/page"}],"author":[{"embeddable":true,"href":"https:\/\/exceladvisor.org\/es\/wp-json\/wp\/v2\/users\/1"}],"replies":[{"embeddable":true,"href":"https:\/\/exceladvisor.org\/es\/wp-json\/wp\/v2\/comments?post=611"}],"version-history":[{"count":1,"href":"https:\/\/exceladvisor.org\/es\/wp-json\/wp\/v2\/pages\/611\/revisions"}],"predecessor-version":[{"id":1044,"href":"https:\/\/exceladvisor.org\/es\/wp-json\/wp\/v2\/pages\/611\/revisions\/1044"}],"wp:attachment":[{"href":"https:\/\/exceladvisor.org\/es\/wp-json\/wp\/v2\/media?parent=611"}],"curies":[{"name":"wp","href":"https:\/\/api.w.org\/{rel}","templated":true}]}}