{"id":612,"date":"2023-10-19T05:57:49","date_gmt":"2023-10-19T05:57:49","guid":{"rendered":"https:\/\/exceladvisor.org\/es\/vincular-la-segmentacion-de-datos-a-varias-tablas-dinamicas\/"},"modified":"2023-12-25T10:31:57","modified_gmt":"2023-12-25T10:31:57","slug":"vincular-la-segmentacion-de-datos-a-varias-tablas-dinamicas","status":"publish","type":"page","link":"https:\/\/exceladvisor.org\/es\/vincular-la-segmentacion-de-datos-a-varias-tablas-dinamicas\/","title":{"rendered":"\u00bfc\u00f3mo vincular un solo segmento con m\u00faltiples tablas din\u00e1micas?"},"content":{"rendered":"<div class=\"excel-antes-del-contenido\" id=\"excel-738868778\"><script type=\"text\/javascript\">\r\n\tatOptions = {\r\n\t\t'key' : 'c1158f160081d6540a8409e6925dab94',\r\n\t\t'format' : 'iframe',\r\n\t\t'height' : 250,\r\n\t\t'width' : 300,\r\n\t\t'params' : {}\r\n\t};\r\n<\/script>\r\n<script type=\"text\/javascript\" src=\"\/\/www.highperformanceformat.com\/c1158f160081d6540a8409e6925dab94\/invoke.js\"><\/script><\/div><p>A veces, usar m\u00e1s de una tabla din\u00e1mica es un desastre. Pero no es un desperdicio si conecta todas las tablas din\u00e1micas con una segmentaci\u00f3n. Entonces, \u00bfsabes c\u00f3mo vincular una segmentaci\u00f3n de datos con varias tablas din\u00e1micas?<\/p>\n<p> Si no lo sabes, sigue esta publicaci\u00f3n y aprender\u00e1s un gran consejo para crear paneles interactivos.<\/p>\n<p> S\u00ed, es verdad.<\/p>\n<p> Supongamos que est\u00e1 trabajando en un panel en el que utiliza varias tablas din\u00e1micas. Si puede conectar una segmentaci\u00f3n de datos a todas las tablas din\u00e1micas, puede controlar todo el panel con una sola segmentaci\u00f3n. <\/p>\n<div class=\"wp-block-image\">\n<figure class=\"aligncenter\"><img decoding=\"async\" src=\"https:\/\/exceladvisor.org\/wp-content\/uploads\/2023\/08\/connecter-un-seul-slicer-a-plusieurs-tableaux-croises-dynamiques-1.gif\" sizes=\"\" srcset=\"\" alt=\"conecte una sola segmentaci\u00f3n a varias tablas din\u00e1micas\"><\/figure>\n<\/div>\n<p> En el ejemplo anterior, tenemos una \u00fanica segmentaci\u00f3n para controlar ambas tablas din\u00e1micas.<\/p>\n<p class=\"qt-tip\"> NOTA: Las tablas din\u00e1micas son parte de <a href=\"https:\/\/exceladvisor.org\/es\/habilidades-de-sobresalir\/\">HABILIDADES INTERMEDIAS DE EXCEL<\/a> .<\/p>\n<h2 class=\"wp-block-heading\"> Pasos para conectar una segmentaci\u00f3n de datos a varias tablas din\u00e1micas<\/h2>\n<p> A continuaci\u00f3n se detallan los pasos para crear un segmento con m\u00faltiples enlaces:<\/p>\n<ol>\n<li> Primero, <strong>tome dos o m\u00e1s tablas din\u00e1micas<\/strong> para conectar un segmento. <img decoding=\"async\" src=\"https:\/\/exceladvisor.org\/wp-content\/uploads\/2023\/08\/deux-tableaux-croises-dynamiques-pour-se-connecter-avec-un-seul-slicer-1.png\" sizes=\"\" srcset=\"\"><\/li>\n<li> Despu\u00e9s de eso, seleccione una celda en una de las tablas din\u00e1micas.<\/li>\n<li> Desde all\u00ed, navegue hasta Analizar \u2192 Filtro \u2192 Insertar segmento.<\/li>\n<li> Ahora, en el cuadro de di\u00e1logo \u00abInsertar segmentaci\u00f3n\u00bb, seleccione la columna que desea usar como filtro en la segmentaci\u00f3n y haga clic en Aceptar. <img decoding=\"async\" src=\"https:\/\/exceladvisor.org\/wp-content\/uploads\/2023\/08\/cliquez-sur-len-tete-de-colonne-pour-inserer-un-segment-et-vous-connecter-avec-tous-les-tableaux-croises-dynamiques-1.png\" sizes=\"\" srcset=\"\"><\/li>\n<li> En este punto, tiene una segmentaci\u00f3n de datos en su hoja de trabajo que puede filtrar la tabla din\u00e1mica en la que la inserta.<\/li>\n<li> Luego debes conectarlo a la segunda tabla din\u00e1mica.<\/li>\n<li> Desde all\u00ed, seleccione la segmentaci\u00f3n y navegue hasta Analizar \u2192 Segmentaci\u00f3n \u2192 Conexiones de informes. <img decoding=\"async\" src=\"https:\/\/exceladvisor.org\/wp-content\/uploads\/2023\/08\/cliquez-sur-rapport-de-connexion-pour-inserer-un-slicer-que-vous-pouvez-connecter-avec-tous-les-tableaux-croises-dynamiques-1.png\" sizes=\"\" srcset=\"\"><\/li>\n<li> Obtendr\u00e1 un nuevo cuadro de di\u00e1logo con la lista de tablas din\u00e1micas que se encuentran en su libro de trabajo.<\/li>\n<li> Al final, simplemente verifique todas las tablas din\u00e1micas y haga clic en Aceptar. <img decoding=\"async\" src=\"https:\/\/exceladvisor.org\/wp-content\/uploads\/2023\/08\/selectionner-tous-les-pivots-qui-doivent-se-connecter-avec-le-slicer-1.png\" sizes=\"\" srcset=\"\"><\/li>\n<\/ol>\n<p> <strong><span style=\"color: #ea493f;\">\u00a1Felicidades!<\/span><\/strong> Ha conectado la segmentaci\u00f3n de datos a dos tablas din\u00e1micas.<\/p>\n<h2 class=\"wp-block-heading\"> <strong>Obtenga m\u00e1s informaci\u00f3n sobre las tablas din\u00e1micas<\/strong><\/h2>\n<ul>\n<li> <a style=\"outline: none;\" href=\"https:\/\/exceladvisor.org\/es\/actualizar-todo\/\" data-wpel-link=\"internal\">Actualizar todas las tablas din\u00e1micas a la vez<\/a><\/li>\n<li> <a style=\"outline: none;\" href=\"https:\/\/exceladvisor.org\/es\/citas-grupales\/\" data-wpel-link=\"internal\">Agrupar fechas en una tabla din\u00e1mica<\/a><\/li>\n<li> <a href=\"https:\/\/exceladvisor.org\/es\/filtro-de-linea-de-tiempo\/\" data-wpel-link=\"internal\">Cronolog\u00eda de la tabla din\u00e1mica<\/a><\/li>\n<li> <a style=\"outline: none;\" href=\"https:\/\/exceladvisor.org\/es\/rango-de-actualizacion-automatica\/\" rel=\"external noopener noreferrer\" data-wpel-link=\"external\">Actualizar autom\u00e1ticamente un rango de tabla din\u00e1mica<\/a><\/li>\n<li> <a style=\"outline: none;\" href=\"https:\/\/exceladvisor.org\/es\/aplicar-formato-condicional\/\" data-wpel-link=\"internal\">Formato condicional de una tabla din\u00e1mica<\/a><\/li>\n<\/ul>\n","protected":false},"excerpt":{"rendered":"<p>A veces, usar m\u00e1s de una tabla din\u00e1mica es un desastre. Pero no es un desperdicio si conecta todas las tablas din\u00e1micas con una segmentaci\u00f3n. Entonces, \u00bfsabes c\u00f3mo vincular una segmentaci\u00f3n de datos con varias tablas din\u00e1micas? Si no lo sabes, sigue esta publicaci\u00f3n y aprender\u00e1s un gran consejo para crear paneles interactivos. S\u00ed, es [&hellip;]<\/p>\n","protected":false},"author":1,"featured_media":0,"parent":0,"menu_order":0,"comment_status":"open","ping_status":"closed","template":"","meta":{"ub_ctt_via":"","footnotes":""},"class_list":["post-612","page","type-page","status-publish","hentry"],"featured_image_src":null,"yoast_head":"<!-- This site is optimized with the Yoast SEO plugin v25.4 - https:\/\/yoast.com\/wordpress\/plugins\/seo\/ -->\n<title>\u00bfc\u00f3mo vincular un solo segmento con m\u00faltiples tablas din\u00e1micas?<\/title>\n<meta name=\"robots\" content=\"index, follow, max-snippet:-1, max-image-preview:large, max-video-preview:-1\" \/>\n<link rel=\"canonical\" href=\"https:\/\/exceladvisor.org\/es\/vincular-la-segmentacion-de-datos-a-varias-tablas-dinamicas\/\" \/>\n<meta property=\"og:locale\" content=\"es_ES\" \/>\n<meta property=\"og:type\" content=\"article\" \/>\n<meta property=\"og:title\" content=\"\u00bfc\u00f3mo vincular un solo segmento con m\u00faltiples tablas din\u00e1micas?\" \/>\n<meta property=\"og:description\" content=\"A veces, usar m\u00e1s de una tabla din\u00e1mica es un desastre. Pero no es un desperdicio si conecta todas las tablas din\u00e1micas con una segmentaci\u00f3n. Entonces, \u00bfsabes c\u00f3mo vincular una segmentaci\u00f3n de datos con varias tablas din\u00e1micas? Si no lo sabes, sigue esta publicaci\u00f3n y aprender\u00e1s un gran consejo para crear paneles interactivos. S\u00ed, es [&hellip;]\" \/>\n<meta property=\"og:url\" content=\"https:\/\/exceladvisor.org\/es\/vincular-la-segmentacion-de-datos-a-varias-tablas-dinamicas\/\" \/>\n<meta property=\"og:site_name\" content=\"Excel Advisor\" \/>\n<meta property=\"article:modified_time\" content=\"2023-12-25T10:31:57+00:00\" \/>\n<meta property=\"og:image\" content=\"https:\/\/exceladvisor.org\/wp-content\/uploads\/2023\/08\/connecter-un-seul-slicer-a-plusieurs-tableaux-croises-dynamiques-1.gif\" \/>\n<meta name=\"twitter:card\" content=\"summary_large_image\" \/>\n<meta name=\"twitter:label1\" content=\"Tiempo de lectura\" \/>\n\t<meta name=\"twitter:data1\" content=\"2 minutos\" \/>\n<script type=\"application\/ld+json\" class=\"yoast-schema-graph\">{\"@context\":\"https:\/\/schema.org\",\"@graph\":[{\"@type\":\"WebPage\",\"@id\":\"https:\/\/exceladvisor.org\/es\/vincular-la-segmentacion-de-datos-a-varias-tablas-dinamicas\/\",\"url\":\"https:\/\/exceladvisor.org\/es\/vincular-la-segmentacion-de-datos-a-varias-tablas-dinamicas\/\",\"name\":\"\u00bfc\u00f3mo vincular un solo segmento con m\u00faltiples tablas din\u00e1micas?\",\"isPartOf\":{\"@id\":\"https:\/\/exceladvisor.org\/es\/#website\"},\"primaryImageOfPage\":{\"@id\":\"https:\/\/exceladvisor.org\/es\/vincular-la-segmentacion-de-datos-a-varias-tablas-dinamicas\/#primaryimage\"},\"image\":{\"@id\":\"https:\/\/exceladvisor.org\/es\/vincular-la-segmentacion-de-datos-a-varias-tablas-dinamicas\/#primaryimage\"},\"thumbnailUrl\":\"https:\/\/exceladvisor.org\/wp-content\/uploads\/2023\/08\/connecter-un-seul-slicer-a-plusieurs-tableaux-croises-dynamiques-1.gif\",\"datePublished\":\"2023-10-19T05:57:49+00:00\",\"dateModified\":\"2023-12-25T10:31:57+00:00\",\"breadcrumb\":{\"@id\":\"https:\/\/exceladvisor.org\/es\/vincular-la-segmentacion-de-datos-a-varias-tablas-dinamicas\/#breadcrumb\"},\"inLanguage\":\"es\",\"potentialAction\":[{\"@type\":\"ReadAction\",\"target\":[\"https:\/\/exceladvisor.org\/es\/vincular-la-segmentacion-de-datos-a-varias-tablas-dinamicas\/\"]}]},{\"@type\":\"ImageObject\",\"inLanguage\":\"es\",\"@id\":\"https:\/\/exceladvisor.org\/es\/vincular-la-segmentacion-de-datos-a-varias-tablas-dinamicas\/#primaryimage\",\"url\":\"https:\/\/exceladvisor.org\/wp-content\/uploads\/2023\/08\/connecter-un-seul-slicer-a-plusieurs-tableaux-croises-dynamiques-1.gif\",\"contentUrl\":\"https:\/\/exceladvisor.org\/wp-content\/uploads\/2023\/08\/connecter-un-seul-slicer-a-plusieurs-tableaux-croises-dynamiques-1.gif\"},{\"@type\":\"BreadcrumbList\",\"@id\":\"https:\/\/exceladvisor.org\/es\/vincular-la-segmentacion-de-datos-a-varias-tablas-dinamicas\/#breadcrumb\",\"itemListElement\":[{\"@type\":\"ListItem\",\"position\":1,\"name\":\"Hogar\",\"item\":\"https:\/\/exceladvisor.org\/es\/\"},{\"@type\":\"ListItem\",\"position\":2,\"name\":\"\u00bfc\u00f3mo vincular un solo segmento con m\u00faltiples tablas din\u00e1micas?\"}]},{\"@type\":\"WebSite\",\"@id\":\"https:\/\/exceladvisor.org\/es\/#website\",\"url\":\"https:\/\/exceladvisor.org\/es\/\",\"name\":\"Excel Advisor\",\"description\":\"Su gu\u00eda para la dominaci\u00f3n de datos!\",\"publisher\":{\"@id\":\"https:\/\/exceladvisor.org\/es\/#organization\"},\"potentialAction\":[{\"@type\":\"SearchAction\",\"target\":{\"@type\":\"EntryPoint\",\"urlTemplate\":\"https:\/\/exceladvisor.org\/es\/?s={search_term_string}\"},\"query-input\":{\"@type\":\"PropertyValueSpecification\",\"valueRequired\":true,\"valueName\":\"search_term_string\"}}],\"inLanguage\":\"es\"},{\"@type\":\"Organization\",\"@id\":\"https:\/\/exceladvisor.org\/es\/#organization\",\"name\":\"Excel Advisor\",\"url\":\"https:\/\/exceladvisor.org\/es\/\",\"logo\":{\"@type\":\"ImageObject\",\"inLanguage\":\"es\",\"@id\":\"https:\/\/exceladvisor.org\/es\/#\/schema\/logo\/image\/\",\"url\":\"https:\/\/exceladvisor.org\/es\/wp-content\/uploads\/2023\/12\/exceladvisor.org_.png\",\"contentUrl\":\"https:\/\/exceladvisor.org\/es\/wp-content\/uploads\/2023\/12\/exceladvisor.org_.png\",\"width\":105,\"height\":36,\"caption\":\"Excel Advisor\"},\"image\":{\"@id\":\"https:\/\/exceladvisor.org\/es\/#\/schema\/logo\/image\/\"}}]}<\/script>\n<!-- \/ Yoast SEO plugin. -->","yoast_head_json":{"title":"\u00bfc\u00f3mo vincular un solo segmento con m\u00faltiples tablas din\u00e1micas?","robots":{"index":"index","follow":"follow","max-snippet":"max-snippet:-1","max-image-preview":"max-image-preview:large","max-video-preview":"max-video-preview:-1"},"canonical":"https:\/\/exceladvisor.org\/es\/vincular-la-segmentacion-de-datos-a-varias-tablas-dinamicas\/","og_locale":"es_ES","og_type":"article","og_title":"\u00bfc\u00f3mo vincular un solo segmento con m\u00faltiples tablas din\u00e1micas?","og_description":"A veces, usar m\u00e1s de una tabla din\u00e1mica es un desastre. Pero no es un desperdicio si conecta todas las tablas din\u00e1micas con una segmentaci\u00f3n. Entonces, \u00bfsabes c\u00f3mo vincular una segmentaci\u00f3n de datos con varias tablas din\u00e1micas? Si no lo sabes, sigue esta publicaci\u00f3n y aprender\u00e1s un gran consejo para crear paneles interactivos. S\u00ed, es [&hellip;]","og_url":"https:\/\/exceladvisor.org\/es\/vincular-la-segmentacion-de-datos-a-varias-tablas-dinamicas\/","og_site_name":"Excel Advisor","article_modified_time":"2023-12-25T10:31:57+00:00","og_image":[{"url":"https:\/\/exceladvisor.org\/wp-content\/uploads\/2023\/08\/connecter-un-seul-slicer-a-plusieurs-tableaux-croises-dynamiques-1.gif","type":"","width":"","height":""}],"twitter_card":"summary_large_image","twitter_misc":{"Tiempo de lectura":"2 minutos"},"schema":{"@context":"https:\/\/schema.org","@graph":[{"@type":"WebPage","@id":"https:\/\/exceladvisor.org\/es\/vincular-la-segmentacion-de-datos-a-varias-tablas-dinamicas\/","url":"https:\/\/exceladvisor.org\/es\/vincular-la-segmentacion-de-datos-a-varias-tablas-dinamicas\/","name":"\u00bfc\u00f3mo vincular un solo segmento con m\u00faltiples tablas din\u00e1micas?","isPartOf":{"@id":"https:\/\/exceladvisor.org\/es\/#website"},"primaryImageOfPage":{"@id":"https:\/\/exceladvisor.org\/es\/vincular-la-segmentacion-de-datos-a-varias-tablas-dinamicas\/#primaryimage"},"image":{"@id":"https:\/\/exceladvisor.org\/es\/vincular-la-segmentacion-de-datos-a-varias-tablas-dinamicas\/#primaryimage"},"thumbnailUrl":"https:\/\/exceladvisor.org\/wp-content\/uploads\/2023\/08\/connecter-un-seul-slicer-a-plusieurs-tableaux-croises-dynamiques-1.gif","datePublished":"2023-10-19T05:57:49+00:00","dateModified":"2023-12-25T10:31:57+00:00","breadcrumb":{"@id":"https:\/\/exceladvisor.org\/es\/vincular-la-segmentacion-de-datos-a-varias-tablas-dinamicas\/#breadcrumb"},"inLanguage":"es","potentialAction":[{"@type":"ReadAction","target":["https:\/\/exceladvisor.org\/es\/vincular-la-segmentacion-de-datos-a-varias-tablas-dinamicas\/"]}]},{"@type":"ImageObject","inLanguage":"es","@id":"https:\/\/exceladvisor.org\/es\/vincular-la-segmentacion-de-datos-a-varias-tablas-dinamicas\/#primaryimage","url":"https:\/\/exceladvisor.org\/wp-content\/uploads\/2023\/08\/connecter-un-seul-slicer-a-plusieurs-tableaux-croises-dynamiques-1.gif","contentUrl":"https:\/\/exceladvisor.org\/wp-content\/uploads\/2023\/08\/connecter-un-seul-slicer-a-plusieurs-tableaux-croises-dynamiques-1.gif"},{"@type":"BreadcrumbList","@id":"https:\/\/exceladvisor.org\/es\/vincular-la-segmentacion-de-datos-a-varias-tablas-dinamicas\/#breadcrumb","itemListElement":[{"@type":"ListItem","position":1,"name":"Hogar","item":"https:\/\/exceladvisor.org\/es\/"},{"@type":"ListItem","position":2,"name":"\u00bfc\u00f3mo vincular un solo segmento con m\u00faltiples tablas din\u00e1micas?"}]},{"@type":"WebSite","@id":"https:\/\/exceladvisor.org\/es\/#website","url":"https:\/\/exceladvisor.org\/es\/","name":"Excel Advisor","description":"Su gu\u00eda para la dominaci\u00f3n de datos!","publisher":{"@id":"https:\/\/exceladvisor.org\/es\/#organization"},"potentialAction":[{"@type":"SearchAction","target":{"@type":"EntryPoint","urlTemplate":"https:\/\/exceladvisor.org\/es\/?s={search_term_string}"},"query-input":{"@type":"PropertyValueSpecification","valueRequired":true,"valueName":"search_term_string"}}],"inLanguage":"es"},{"@type":"Organization","@id":"https:\/\/exceladvisor.org\/es\/#organization","name":"Excel Advisor","url":"https:\/\/exceladvisor.org\/es\/","logo":{"@type":"ImageObject","inLanguage":"es","@id":"https:\/\/exceladvisor.org\/es\/#\/schema\/logo\/image\/","url":"https:\/\/exceladvisor.org\/es\/wp-content\/uploads\/2023\/12\/exceladvisor.org_.png","contentUrl":"https:\/\/exceladvisor.org\/es\/wp-content\/uploads\/2023\/12\/exceladvisor.org_.png","width":105,"height":36,"caption":"Excel Advisor"},"image":{"@id":"https:\/\/exceladvisor.org\/es\/#\/schema\/logo\/image\/"}}]}},"yoast_meta":{"yoast_wpseo_title":"","yoast_wpseo_metadesc":"","yoast_wpseo_canonical":""},"_links":{"self":[{"href":"https:\/\/exceladvisor.org\/es\/wp-json\/wp\/v2\/pages\/612","targetHints":{"allow":["GET"]}}],"collection":[{"href":"https:\/\/exceladvisor.org\/es\/wp-json\/wp\/v2\/pages"}],"about":[{"href":"https:\/\/exceladvisor.org\/es\/wp-json\/wp\/v2\/types\/page"}],"author":[{"embeddable":true,"href":"https:\/\/exceladvisor.org\/es\/wp-json\/wp\/v2\/users\/1"}],"replies":[{"embeddable":true,"href":"https:\/\/exceladvisor.org\/es\/wp-json\/wp\/v2\/comments?post=612"}],"version-history":[{"count":1,"href":"https:\/\/exceladvisor.org\/es\/wp-json\/wp\/v2\/pages\/612\/revisions"}],"predecessor-version":[{"id":1391,"href":"https:\/\/exceladvisor.org\/es\/wp-json\/wp\/v2\/pages\/612\/revisions\/1391"}],"wp:attachment":[{"href":"https:\/\/exceladvisor.org\/es\/wp-json\/wp\/v2\/media?parent=612"}],"curies":[{"name":"wp","href":"https:\/\/api.w.org\/{rel}","templated":true}]}}