{"id":613,"date":"2023-10-19T05:07:52","date_gmt":"2023-10-19T05:07:52","guid":{"rendered":"https:\/\/exceladvisor.org\/es\/filtrado\/"},"modified":"2023-12-25T10:25:20","modified_gmt":"2023-12-25T10:25:20","slug":"filtrado","status":"publish","type":"page","link":"https:\/\/exceladvisor.org\/es\/filtrado\/","title":{"rendered":"\u00bfc\u00f3mo filtrar una tabla din\u00e1mica en excel?"},"content":{"rendered":"<div class=\"excel-antes-del-contenido\" id=\"excel-3033339865\"><script type=\"text\/javascript\">\r\n\tatOptions = {\r\n\t\t'key' : 'c1158f160081d6540a8409e6925dab94',\r\n\t\t'format' : 'iframe',\r\n\t\t'height' : 250,\r\n\t\t'width' : 300,\r\n\t\t'params' : {}\r\n\t};\r\n<\/script>\r\n<script type=\"text\/javascript\" src=\"\/\/www.highperformanceformat.com\/c1158f160081d6540a8409e6925dab94\/invoke.js\"><\/script><\/div><h2 class=\"wp-block-heading\">Filtros de etiquetas y filtros de valores<\/h2>\n<p> Los filtros de etiquetas y valores son los filtros integrados en una tabla din\u00e1mica. Lo \u00fanico que los diferencia es que puede filtrar sus datos en funci\u00f3n de n\u00fameros, es decir, valores usando filtros de valor y texto usando filtros de etiquetas.<\/p>\n<p> En pocas palabras, si est\u00e1 filtrando n\u00fameros, debe usar filtros de valores y filtros de etiquetas cuando juegue con texto. Encontrar\u00e1s algunas opciones interesantes al hacer clic en los filtros de valor\/etiqueta. Algunas de las opciones son comunes excepto el top 10, que encontrar\u00e1s en los filtros de valores. <\/p>\n<div class=\"wp-block-image\">\n<figure class=\"aligncenter size-large is-resized\"><img loading=\"lazy\" decoding=\"async\" class=\"wp-image-59583\" src=\"https:\/\/exceladvisor.org\/wp-content\/uploads\/2023\/08\/1-filtres-de-libelle-et-de-valeur.png\" sizes=\"auto, \" srcset=\"\" alt=\"filtros de etiquetas y valores\" width=\"451\" height=\"385\"><figcaption class=\"wp-element-caption\"> filtros de etiquetas y valores<\/figcaption><\/figure>\n<\/div>\n<ol type=\"1\">\n<li> <strong>Igual a:<\/strong> puede filtrar sus datos seg\u00fan su valor con coincidencia exacta, es como una coincidencia exacta para filtrar valores.<\/li>\n<li> <strong>No es igual:<\/strong> Filtrar\u00e1 todos los valores que no contengan los valores que mencionas. Esto es exactamente lo contrario de la opci\u00f3n anterior.<\/li>\n<li> <strong>Comienza con:<\/strong> Esto filtrar\u00e1 los datos que comienzan con el texto espec\u00edfico que mencionas.<\/li>\n<li> <strong>No comienza con:<\/strong> Esto te ayudar\u00e1 a filtrar cualquier dato que no comience con el texto espec\u00edfico que mencionas.<\/li>\n<li> <strong>Termina con:<\/strong> como sugiere el nombre, filtra datos que terminan con un texto espec\u00edfico.<\/li>\n<li> <strong>No termina con:<\/strong> Esto es exactamente lo opuesto a \u201cTermina con\u201d. Esto filtrar\u00e1 todos los datos que no terminen con la cadena mencionada.<\/li>\n<li> <strong>Contiene:<\/strong> Ahora esto le ayuda a filtrar datos que contienen texto\/palabra espec\u00edfica en el medio, principio o final.<\/li>\n<li> <strong>No contiene:<\/strong> esto le ayuda a filtrar datos que no contienen texto\/palabra espec\u00edfica.<\/li>\n<li> <strong>Mayor que:<\/strong> Este es un filtro de valor que filtrar\u00e1 todos los datos mayores que el valor que mencionas.<\/li>\n<li> <strong>Mayor o igual a:<\/strong> Este es un filtro de valor que filtrar\u00e1 todos los datos mayores o iguales al valor que menciones.<\/li>\n<li> <strong>Menos que:<\/strong> Este es un filtro de valor que filtrar\u00e1 todos los datos menores que el valor que mencionas.<\/li>\n<li> <strong>Menor o igual a:<\/strong> Este es un filtro de valor que filtrar\u00e1 todos los datos menores o iguales al valor que mencionas.<\/li>\n<li> <strong>Entre:<\/strong> Esta opci\u00f3n es \u00fatil cuando deseas aplicar un filtro entre rangos <strong>.<\/strong> Por ejemplo, deber\u00edas filtrar industrias con precios de coste entre 100 y 150.<\/li>\n<li> <strong>No entre:<\/strong> esto es \u00fatil cuando desea aplicar un filtro para algunos valores espec\u00edficos.<\/li>\n<li> <strong>10 principales:<\/strong> cuando necesite filtrar los 10 valores superiores o 10 inferiores en su pivote, necesitar\u00e1 este filtro. Esto solo mostrar\u00e1 la cantidad de valores que elija y que coincidan con sus criterios.<\/li>\n<\/ol>\n<h2 class=\"wp-block-heading\"> Usando el filtro de informe<\/h2>\n<p> Los filtros de informes son sorprendentes cuando necesita filtrar datos seg\u00fan dos o m\u00e1s criterios. Para agregar una columna a los filtros del informe.<\/p>\n<ul>\n<li> Primero, haga clic en cualquier lugar de la tabla din\u00e1mica y habilite la opci\u00f3n de lista de campos.<\/li>\n<li> Ahora seleccione la columna que desea agregar a los filtros del informe. Aqu\u00ed agregaremos industria.<\/li>\n<li> Aqu\u00ed, arrastre\/agregue la columna Industria a los filtros en los campos de la tabla din\u00e1mica. <br \/><img loading=\"lazy\" decoding=\"async\" title=\"2-usando-el-filtro-de-informe\" src=\"https:\/\/exceladvisor.org\/wp-content\/uploads\/2023\/08\/2-a-laide-du-filtre-de-rapport.png\" sizes=\"auto, \" srcset=\"\" alt=\"using-report-filter\" width=\"279\" height=\"370\"><\/li>\n<li> Ahora la tabla din\u00e1mica se ver\u00e1 as\u00ed. <br \/><img loading=\"lazy\" decoding=\"async\" title=\"3 mesas din\u00e1micas\" src=\"https:\/\/exceladvisor.org\/wp-content\/uploads\/2023\/08\/3-tableau-croise-dynamique.png\" sizes=\"auto, \" srcset=\"\" alt=\"pivot-table\" width=\"213\" height=\"488\"><\/li>\n<li> Despu\u00e9s de eso, haga clic en el peque\u00f1o men\u00fa desplegable junto a la industria. <br \/><img loading=\"lazy\" decoding=\"async\" title=\"4 clics en la lista desplegable\" src=\"https:\/\/exceladvisor.org\/wp-content\/uploads\/2023\/08\/4-cliquez-sur-le-menu-deroulant.png\" sizes=\"auto, \" srcset=\"\" alt=\"click-on-the-drop-down\" width=\"228\" height=\"269\"><\/li>\n<li> Aqu\u00ed obtendr\u00e1 una lista de industrias en sus datos.<\/li>\n<li> Ahora, para seleccionar varios, marque la casilla en la parte inferior \u00abSeleccionar varios\u00bb. <br \/><img loading=\"lazy\" decoding=\"async\" title=\"5-seleccionar-varios-elementos\" src=\"https:\/\/exceladvisor.org\/wp-content\/uploads\/2023\/08\/5-selectionner-plusieurs-elements.png\" sizes=\"auto, \" srcset=\"\" alt=\"select-multiple-items\" width=\"229\" height=\"260\"><\/li>\n<li> Al final, si tiene una lista larga, simplemente puede escribir en el cuadro de b\u00fasqueda. Aqu\u00ed escribimos \u00abMed\u00bb y se filtran todas las industrias con el texto \u00abMed\u00bb. <br \/><img loading=\"lazy\" decoding=\"async\" title=\"6 tipos en el campo de b\u00fasqueda\" src=\"https:\/\/exceladvisor.org\/wp-content\/uploads\/2023\/08\/6-tapez-dans-le-champ-de-recherche.png\" sizes=\"auto, \" srcset=\"\" alt=\"type-in-the-search-box\" width=\"223\" height=\"252\"><\/li>\n<li> Aqu\u00ed puede deseleccionar o seleccionar las industrias que desea filtrar.<\/li>\n<\/ul>\n<h2 class=\"wp-block-heading\"> Barra de b\u00fasqueda<\/h2>\n<p> El cuadro de b\u00fasqueda es el filtro m\u00e1s simple y conveniente.<\/p>\n<ul>\n<li> Primero, haga clic en el cuadro de b\u00fasqueda. <br \/><img loading=\"lazy\" decoding=\"async\" title=\"7 clics en el campo de b\u00fasqueda\" src=\"https:\/\/exceladvisor.org\/wp-content\/uploads\/2023\/08\/7-cliquez-dans-le-champ-de-recherche.png\" sizes=\"auto, \" srcset=\"\" alt=\"click-inside-the-search-box\" width=\"229\" height=\"343\"><\/li>\n<li> Aqu\u00ed, comience a escribir texto para filtrar los datos. <br \/><img loading=\"lazy\" decoding=\"async\" title=\"8 tipos de texto para filtrar datos\" src=\"https:\/\/exceladvisor.org\/wp-content\/uploads\/2023\/08\/8-saisir-du-texte-pour-filtrer-les-donnees.png\" sizes=\"auto, \" srcset=\"\" alt=\"type-text-to-filter-data\" width=\"236\" height=\"353\"><\/li>\n<li> Despu\u00e9s de eso, ver\u00e1s que los datos est\u00e1n filtrados por el texto \u201cENT\u201d. Aqu\u00ed notar\u00e1 que todos los elementos que tienen \u00abENT\u00bb se enumeran a continuaci\u00f3n.<\/li>\n<li> Desmarque los elementos que no necesita. <br \/><img loading=\"lazy\" decoding=\"async\" title=\"9-desmarcar los elementos\" src=\"https:\/\/exceladvisor.org\/wp-content\/uploads\/2023\/08\/9-decochez-les-elements.png\" sizes=\"auto, \" srcset=\"\" alt=\"untick-the-items\" width=\"238\" height=\"355\"><\/li>\n<li> Presiona OK.<\/li>\n<\/ul>\n<h2 class=\"wp-block-heading\"> Borrar filtro de una fila o columna<\/h2>\n<h3 class=\"wp-block-heading\"> M\u00e9todo 1<\/h3>\n<ul>\n<li> Haga clic en la fila\/columna donde aplic\u00f3 el filtro y haga clic derecho. <br \/><img loading=\"lazy\" decoding=\"async\" title=\"Filtro de 10 filas o columnas claras\" src=\"https:\/\/exceladvisor.org\/wp-content\/uploads\/2023\/08\/10-effacer-le-filtre-de-la-ligne-ou-de-la-colonne.png\" sizes=\"auto, \" srcset=\"\" alt=\"clear-filter-from-row-or-column\" width=\"177\" height=\"376\"><\/li>\n<li> Aqu\u00ed, busque la opci\u00f3n \u00abFiltro\u00bb y haga clic para obtener la opci\u00f3n \u00abBorrar filtro de nombre\u00bb. <br \/><img loading=\"lazy\" decoding=\"async\" title=\"11-filtro-de-nombre-claro\" src=\"https:\/\/exceladvisor.org\/wp-content\/uploads\/2023\/08\/11-effacer-le-filtre-du-nom.png\" sizes=\"auto, \" srcset=\"\" alt=\"clear-filter-from-name\" width=\"303\" height=\"310\"><\/li>\n<\/ul>\n<h3 class=\"wp-block-heading\"> M\u00e9todo 2<\/h3>\n<ul>\n<li> Otra forma de hacerlo es simplemente hacer clic en la flecha al lado de la columna \u00abNombre\u00bb. <br \/><img loading=\"lazy\" decoding=\"async\" title=\"12 clics en la flecha\" src=\"https:\/\/exceladvisor.org\/wp-content\/uploads\/2023\/08\/12-cliquez-sur-la-fleche.png\" sizes=\"auto, \" srcset=\"\" alt=\"click-on-the-arrow\" width=\"240\" height=\"190\"><\/li>\n<li> Ahora haga clic en \u201cBorrar filtros de \u201cNombre\u201d\u201d. <br \/><img loading=\"lazy\" decoding=\"async\" title=\"Borrar filtro en 13 clics\" src=\"https:\/\/exceladvisor.org\/wp-content\/uploads\/2023\/08\/Effacer-le-filtre-en-13-clics.png\" sizes=\"auto, \" srcset=\"\" alt=\"click-clear-filter\" width=\"258\" height=\"385\"><\/li>\n<\/ul>\n<h2 class=\"wp-block-heading\"> Limpiar todos los filtros<\/h2>\n<p> Si desea borrar todos los filtros independientemente de las columnas y filas, siga los pasos a continuaci\u00f3n.<\/p>\n<ul>\n<li> Para comenzar, haga clic en la tabla din\u00e1mica para activar la pesta\u00f1a de an\u00e1lisis. <br \/><img loading=\"lazy\" decoding=\"async\" title=\"14-filtro-borrar-todo\" src=\"https:\/\/exceladvisor.org\/wp-content\/uploads\/2023\/08\/14-Effacer-tout-le-filtre.png\" sizes=\"auto, \" srcset=\"\" alt=\"clear-all-filter\" width=\"172\" height=\"175\"><\/li>\n<li> Ahora haga clic en la peque\u00f1a flecha hacia abajo junto a eliminar. <br \/><img loading=\"lazy\" decoding=\"async\" title=\"Borrar filtros en 15 clics\" src=\"https:\/\/exceladvisor.org\/wp-content\/uploads\/2023\/08\/Effacer-les-filtres-en-15-clics.png\" sizes=\"auto, \" srcset=\"\" alt=\"click-clear-filters\" width=\"172\" height=\"167\"><\/li>\n<li> Finalmente, haga clic en \u00abBorrar filtros\u00bb. Esto borrar\u00e1 todos los filtros aplicados a la tabla din\u00e1mica (en otras palabras, restablecer\u00e1 los filtros). <\/li>\n<\/ul>\n<div class=\"wp-block-group main-page-bottom is-layout-flow\">\n<div class=\"wp-block-group__inner-container\">\n<h2 class=\"wp-block-heading\"> M\u00e1s tutoriales sobre tablas din\u00e1micas <\/h2>\n<div class=\"wp-block-columns is-layout-flex wp-container-3\">\n<div class=\"wp-block-column is-layout-flow\">\n<ul>\n<li> <a href=\"https:\/\/exceladvisor.org\/es\/citas-grupales\/\">Agrupar fechas en un pivote en Excel<\/a><\/li>\n<li> <a href=\"https:\/\/exceladvisor.org\/es\/vincular-la-segmentacion-de-datos-a-varias-tablas-dinamicas\/\">Conecte una sola segmentaci\u00f3n con m\u00faltiples tablas din\u00e1micas en Excel<\/a><\/li>\n<li> <a href=\"https:\/\/exceladvisor.org\/es\/mover-la-mesa-dinamica\/\">Mover una tabla din\u00e1mica en Excel<\/a><\/li>\n<li> <a href=\"https:\/\/exceladvisor.org\/es\/disposicion\/\">Formatear tablas din\u00e1micas en Excel<\/a><\/li>\n<li> <a href=\"https:\/\/exceladvisor.org\/es\/atajos-de-teclado-1\/\">Atajos de teclado de tabla din\u00e1mica<\/a><\/li>\n<\/ul>\n<\/div>\n<\/div>\n<\/div>\n<\/div>\n","protected":false},"excerpt":{"rendered":"<p>Filtros de etiquetas y filtros de valores Los filtros de etiquetas y valores son los filtros integrados en una tabla din\u00e1mica. Lo \u00fanico que los diferencia es que puede filtrar sus datos en funci\u00f3n de n\u00fameros, es decir, valores usando filtros de valor y texto usando filtros de etiquetas. En pocas palabras, si est\u00e1 filtrando [&hellip;]<\/p>\n","protected":false},"author":1,"featured_media":0,"parent":0,"menu_order":0,"comment_status":"open","ping_status":"closed","template":"","meta":{"ub_ctt_via":"","footnotes":""},"class_list":["post-613","page","type-page","status-publish","hentry"],"featured_image_src":null,"yoast_head":"<!-- This site is optimized with the Yoast SEO plugin v25.4 - https:\/\/yoast.com\/wordpress\/plugins\/seo\/ -->\n<title>\u00bfc\u00f3mo filtrar una tabla din\u00e1mica en excel?<\/title>\n<meta name=\"robots\" content=\"index, follow, max-snippet:-1, max-image-preview:large, max-video-preview:-1\" \/>\n<link rel=\"canonical\" href=\"https:\/\/exceladvisor.org\/es\/filtrado\/\" \/>\n<meta property=\"og:locale\" content=\"es_ES\" \/>\n<meta property=\"og:type\" content=\"article\" \/>\n<meta property=\"og:title\" content=\"\u00bfc\u00f3mo filtrar una tabla din\u00e1mica en excel?\" \/>\n<meta property=\"og:description\" content=\"Filtros de etiquetas y filtros de valores Los filtros de etiquetas y valores son los filtros integrados en una tabla din\u00e1mica. Lo \u00fanico que los diferencia es que puede filtrar sus datos en funci\u00f3n de n\u00fameros, es decir, valores usando filtros de valor y texto usando filtros de etiquetas. En pocas palabras, si est\u00e1 filtrando [&hellip;]\" \/>\n<meta property=\"og:url\" content=\"https:\/\/exceladvisor.org\/es\/filtrado\/\" \/>\n<meta property=\"og:site_name\" content=\"Excel Advisor\" \/>\n<meta property=\"article:modified_time\" content=\"2023-12-25T10:25:20+00:00\" \/>\n<meta property=\"og:image\" content=\"https:\/\/exceladvisor.org\/wp-content\/uploads\/2023\/08\/1-filtres-de-libelle-et-de-valeur.png\" \/>\n<meta name=\"twitter:card\" content=\"summary_large_image\" \/>\n<meta name=\"twitter:label1\" content=\"Tiempo de lectura\" \/>\n\t<meta name=\"twitter:data1\" content=\"4 minutos\" \/>\n<script type=\"application\/ld+json\" class=\"yoast-schema-graph\">{\"@context\":\"https:\/\/schema.org\",\"@graph\":[{\"@type\":\"WebPage\",\"@id\":\"https:\/\/exceladvisor.org\/es\/filtrado\/\",\"url\":\"https:\/\/exceladvisor.org\/es\/filtrado\/\",\"name\":\"\u00bfc\u00f3mo filtrar una tabla din\u00e1mica en excel?\",\"isPartOf\":{\"@id\":\"https:\/\/exceladvisor.org\/es\/#website\"},\"primaryImageOfPage\":{\"@id\":\"https:\/\/exceladvisor.org\/es\/filtrado\/#primaryimage\"},\"image\":{\"@id\":\"https:\/\/exceladvisor.org\/es\/filtrado\/#primaryimage\"},\"thumbnailUrl\":\"https:\/\/exceladvisor.org\/wp-content\/uploads\/2023\/08\/1-filtres-de-libelle-et-de-valeur.png\",\"datePublished\":\"2023-10-19T05:07:52+00:00\",\"dateModified\":\"2023-12-25T10:25:20+00:00\",\"breadcrumb\":{\"@id\":\"https:\/\/exceladvisor.org\/es\/filtrado\/#breadcrumb\"},\"inLanguage\":\"es\",\"potentialAction\":[{\"@type\":\"ReadAction\",\"target\":[\"https:\/\/exceladvisor.org\/es\/filtrado\/\"]}]},{\"@type\":\"ImageObject\",\"inLanguage\":\"es\",\"@id\":\"https:\/\/exceladvisor.org\/es\/filtrado\/#primaryimage\",\"url\":\"https:\/\/exceladvisor.org\/wp-content\/uploads\/2023\/08\/1-filtres-de-libelle-et-de-valeur.png\",\"contentUrl\":\"https:\/\/exceladvisor.org\/wp-content\/uploads\/2023\/08\/1-filtres-de-libelle-et-de-valeur.png\"},{\"@type\":\"BreadcrumbList\",\"@id\":\"https:\/\/exceladvisor.org\/es\/filtrado\/#breadcrumb\",\"itemListElement\":[{\"@type\":\"ListItem\",\"position\":1,\"name\":\"Hogar\",\"item\":\"https:\/\/exceladvisor.org\/es\/\"},{\"@type\":\"ListItem\",\"position\":2,\"name\":\"\u00bfc\u00f3mo filtrar una tabla din\u00e1mica en excel?\"}]},{\"@type\":\"WebSite\",\"@id\":\"https:\/\/exceladvisor.org\/es\/#website\",\"url\":\"https:\/\/exceladvisor.org\/es\/\",\"name\":\"Excel Advisor\",\"description\":\"Su gu\u00eda para la dominaci\u00f3n de datos!\",\"publisher\":{\"@id\":\"https:\/\/exceladvisor.org\/es\/#organization\"},\"potentialAction\":[{\"@type\":\"SearchAction\",\"target\":{\"@type\":\"EntryPoint\",\"urlTemplate\":\"https:\/\/exceladvisor.org\/es\/?s={search_term_string}\"},\"query-input\":{\"@type\":\"PropertyValueSpecification\",\"valueRequired\":true,\"valueName\":\"search_term_string\"}}],\"inLanguage\":\"es\"},{\"@type\":\"Organization\",\"@id\":\"https:\/\/exceladvisor.org\/es\/#organization\",\"name\":\"Excel Advisor\",\"url\":\"https:\/\/exceladvisor.org\/es\/\",\"logo\":{\"@type\":\"ImageObject\",\"inLanguage\":\"es\",\"@id\":\"https:\/\/exceladvisor.org\/es\/#\/schema\/logo\/image\/\",\"url\":\"https:\/\/exceladvisor.org\/es\/wp-content\/uploads\/2023\/12\/exceladvisor.org_.png\",\"contentUrl\":\"https:\/\/exceladvisor.org\/es\/wp-content\/uploads\/2023\/12\/exceladvisor.org_.png\",\"width\":105,\"height\":36,\"caption\":\"Excel Advisor\"},\"image\":{\"@id\":\"https:\/\/exceladvisor.org\/es\/#\/schema\/logo\/image\/\"}}]}<\/script>\n<!-- \/ Yoast SEO plugin. -->","yoast_head_json":{"title":"\u00bfc\u00f3mo filtrar una tabla din\u00e1mica en excel?","robots":{"index":"index","follow":"follow","max-snippet":"max-snippet:-1","max-image-preview":"max-image-preview:large","max-video-preview":"max-video-preview:-1"},"canonical":"https:\/\/exceladvisor.org\/es\/filtrado\/","og_locale":"es_ES","og_type":"article","og_title":"\u00bfc\u00f3mo filtrar una tabla din\u00e1mica en excel?","og_description":"Filtros de etiquetas y filtros de valores Los filtros de etiquetas y valores son los filtros integrados en una tabla din\u00e1mica. Lo \u00fanico que los diferencia es que puede filtrar sus datos en funci\u00f3n de n\u00fameros, es decir, valores usando filtros de valor y texto usando filtros de etiquetas. En pocas palabras, si est\u00e1 filtrando [&hellip;]","og_url":"https:\/\/exceladvisor.org\/es\/filtrado\/","og_site_name":"Excel Advisor","article_modified_time":"2023-12-25T10:25:20+00:00","og_image":[{"url":"https:\/\/exceladvisor.org\/wp-content\/uploads\/2023\/08\/1-filtres-de-libelle-et-de-valeur.png","type":"","width":"","height":""}],"twitter_card":"summary_large_image","twitter_misc":{"Tiempo de lectura":"4 minutos"},"schema":{"@context":"https:\/\/schema.org","@graph":[{"@type":"WebPage","@id":"https:\/\/exceladvisor.org\/es\/filtrado\/","url":"https:\/\/exceladvisor.org\/es\/filtrado\/","name":"\u00bfc\u00f3mo filtrar una tabla din\u00e1mica en excel?","isPartOf":{"@id":"https:\/\/exceladvisor.org\/es\/#website"},"primaryImageOfPage":{"@id":"https:\/\/exceladvisor.org\/es\/filtrado\/#primaryimage"},"image":{"@id":"https:\/\/exceladvisor.org\/es\/filtrado\/#primaryimage"},"thumbnailUrl":"https:\/\/exceladvisor.org\/wp-content\/uploads\/2023\/08\/1-filtres-de-libelle-et-de-valeur.png","datePublished":"2023-10-19T05:07:52+00:00","dateModified":"2023-12-25T10:25:20+00:00","breadcrumb":{"@id":"https:\/\/exceladvisor.org\/es\/filtrado\/#breadcrumb"},"inLanguage":"es","potentialAction":[{"@type":"ReadAction","target":["https:\/\/exceladvisor.org\/es\/filtrado\/"]}]},{"@type":"ImageObject","inLanguage":"es","@id":"https:\/\/exceladvisor.org\/es\/filtrado\/#primaryimage","url":"https:\/\/exceladvisor.org\/wp-content\/uploads\/2023\/08\/1-filtres-de-libelle-et-de-valeur.png","contentUrl":"https:\/\/exceladvisor.org\/wp-content\/uploads\/2023\/08\/1-filtres-de-libelle-et-de-valeur.png"},{"@type":"BreadcrumbList","@id":"https:\/\/exceladvisor.org\/es\/filtrado\/#breadcrumb","itemListElement":[{"@type":"ListItem","position":1,"name":"Hogar","item":"https:\/\/exceladvisor.org\/es\/"},{"@type":"ListItem","position":2,"name":"\u00bfc\u00f3mo filtrar una tabla din\u00e1mica en excel?"}]},{"@type":"WebSite","@id":"https:\/\/exceladvisor.org\/es\/#website","url":"https:\/\/exceladvisor.org\/es\/","name":"Excel Advisor","description":"Su gu\u00eda para la dominaci\u00f3n de datos!","publisher":{"@id":"https:\/\/exceladvisor.org\/es\/#organization"},"potentialAction":[{"@type":"SearchAction","target":{"@type":"EntryPoint","urlTemplate":"https:\/\/exceladvisor.org\/es\/?s={search_term_string}"},"query-input":{"@type":"PropertyValueSpecification","valueRequired":true,"valueName":"search_term_string"}}],"inLanguage":"es"},{"@type":"Organization","@id":"https:\/\/exceladvisor.org\/es\/#organization","name":"Excel Advisor","url":"https:\/\/exceladvisor.org\/es\/","logo":{"@type":"ImageObject","inLanguage":"es","@id":"https:\/\/exceladvisor.org\/es\/#\/schema\/logo\/image\/","url":"https:\/\/exceladvisor.org\/es\/wp-content\/uploads\/2023\/12\/exceladvisor.org_.png","contentUrl":"https:\/\/exceladvisor.org\/es\/wp-content\/uploads\/2023\/12\/exceladvisor.org_.png","width":105,"height":36,"caption":"Excel Advisor"},"image":{"@id":"https:\/\/exceladvisor.org\/es\/#\/schema\/logo\/image\/"}}]}},"yoast_meta":{"yoast_wpseo_title":"","yoast_wpseo_metadesc":"","yoast_wpseo_canonical":""},"_links":{"self":[{"href":"https:\/\/exceladvisor.org\/es\/wp-json\/wp\/v2\/pages\/613","targetHints":{"allow":["GET"]}}],"collection":[{"href":"https:\/\/exceladvisor.org\/es\/wp-json\/wp\/v2\/pages"}],"about":[{"href":"https:\/\/exceladvisor.org\/es\/wp-json\/wp\/v2\/types\/page"}],"author":[{"embeddable":true,"href":"https:\/\/exceladvisor.org\/es\/wp-json\/wp\/v2\/users\/1"}],"replies":[{"embeddable":true,"href":"https:\/\/exceladvisor.org\/es\/wp-json\/wp\/v2\/comments?post=613"}],"version-history":[{"count":1,"href":"https:\/\/exceladvisor.org\/es\/wp-json\/wp\/v2\/pages\/613\/revisions"}],"predecessor-version":[{"id":1042,"href":"https:\/\/exceladvisor.org\/es\/wp-json\/wp\/v2\/pages\/613\/revisions\/1042"}],"wp:attachment":[{"href":"https:\/\/exceladvisor.org\/es\/wp-json\/wp\/v2\/media?parent=613"}],"curies":[{"name":"wp","href":"https:\/\/api.w.org\/{rel}","templated":true}]}}