{"id":614,"date":"2023-10-19T04:10:16","date_gmt":"2023-10-19T04:10:16","guid":{"rendered":"https:\/\/exceladvisor.org\/es\/calculo-en-tabla-dinamica\/"},"modified":"2023-12-25T10:28:03","modified_gmt":"2023-12-25T10:28:03","slug":"calculo-en-tabla-dinamica","status":"publish","type":"page","link":"https:\/\/exceladvisor.org\/es\/calculo-en-tabla-dinamica\/","title":{"rendered":"\u00bfc\u00f3mo utilizar elementos y campos calculados en excel?"},"content":{"rendered":"<div class=\"excel-antes-del-contenido\" id=\"excel-1931517942\"><script type=\"text\/javascript\">\r\n\tatOptions = {\r\n\t\t'key' : 'c1158f160081d6540a8409e6925dab94',\r\n\t\t'format' : 'iframe',\r\n\t\t'height' : 250,\r\n\t\t'width' : 300,\r\n\t\t'params' : {}\r\n\t};\r\n<\/script>\r\n<script type=\"text\/javascript\" src=\"\/\/www.highperformanceformat.com\/c1158f160081d6540a8409e6925dab94\/invoke.js\"><\/script><\/div><p>Una de las mejores formas de convertirse en un usuario avanzado de tablas din\u00e1micas y utilizar Excel para el an\u00e1lisis de datos es utilizar elementos calculados y campos calculados en una tabla din\u00e1mica.<\/p>\n<p> Utilice f\u00f3rmulas en una tabla din\u00e1mica o c\u00e1lculos personalizados que no existan en los datos de origen pero que funcionen como otros campos.<\/p>\n<p> En t\u00e9rminos simples, estos son los c\u00e1lculos de la tabla din\u00e1mica. En el siguiente ejemplo, puede ver una tabla din\u00e1mica con un campo calculado que calcula el precio de venta promedio. Por otro lado, los datos de origen no tienen ning\u00fan tipo de campo como este. <\/p>\n<div class=\"wp-block-image\">\n<figure class=\"aligncenter\"><img decoding=\"async\" title=\"insertar-c\u00e1lculo-en-tabla-din\u00e1mica\" src=\"https:\/\/exceladvisor.org\/wp-content\/uploads\/2023\/08\/inserer-le-calcul-dans-le-tableau-croise-dynamique-10.png\" sizes=\"\" srcset=\"\" alt=\"insert calculation in pivot table\"><\/figure>\n<\/div>\n<p class=\"qt-tip\"> Las tablas din\u00e1micas son parte de <a style=\"outline: none;\" href=\"https:\/\/exceladvisor.org\/es\/habilidades-de-sobresalir\/\">HABILIDADES EXCEL INTERMEDIAS<\/a> .<\/p>\n<h2 class=\"wp-block-heading\"> Campo calculado en una tabla din\u00e1mica<\/h2>\n<p> En la tabla din\u00e1mica de Excel, el campo calculado es como todos los dem\u00e1s campos de la tabla din\u00e1mica, pero no existen en los datos de origen. Pero se crean utilizando f\u00f3rmulas en la tabla din\u00e1mica. Siga estos sencillos pasos para insertar el campo calculado en una tabla din\u00e1mica.<\/p>\n<ol>\n<li> Primero, necesita una tabla din\u00e1mica simple para agregar un campo calculado. <br \/><img decoding=\"async\" title=\"Insertar-c\u00e1lculo-en-tabla-din\u00e1mica-2\" src=\"https:\/\/exceladvisor.org\/wp-content\/uploads\/2023\/08\/Inserer-le-calcul-dans-le-tableau-croise-dynamique-2-1.png\" sizes=\"\" srcset=\"\" alt=\"Use A Simple Data Table To Add Calculated Field To Insert Calculation In Pivot Table\"><\/li>\n<li> Simplemente haga clic en uno de los campos de su tabla din\u00e1mica. Ver\u00e1 una opci\u00f3n de tabla din\u00e1mica en su cinta que adem\u00e1s tiene dos opciones <strong>(Analizar y Dise\u00f1o).<\/strong> Haga clic en la opci\u00f3n de an\u00e1lisis y luego haga clic en <strong>Campos, elementos y conjuntos<\/strong> . Obtendr\u00e1 adem\u00e1s una lista de opciones, simplemente haga clic en el campo calculado. <br \/><img decoding=\"async\" title=\"Insertar-c\u00e1lculo-en-tabla-din\u00e1mica-3\" src=\"https:\/\/exceladvisor.org\/wp-content\/uploads\/2023\/08\/Inserer-le-calcul-dans-le-tableau-croise-dynamique-3-1.png\" sizes=\"\" srcset=\"\" alt=\"Insert Calculated Field To Add Calculation In Pivot Table\"><\/li>\n<li> Despu\u00e9s de hacer clic en el campo calculado, obtendr\u00e1 un men\u00fa contextual, como el siguiente. Este men\u00fa contextual viene con dos opciones de entrada (nombre y f\u00f3rmula) y una opci\u00f3n de selecci\u00f3n. <br \/><img decoding=\"async\" title=\"Insertar-c\u00e1lculo-en-tabla-din\u00e1mica-4\" src=\"https:\/\/exceladvisor.org\/wp-content\/uploads\/2023\/08\/Inserer-le-calcul-dans-le-tableau-croise-dynamique-4-1.png\" sizes=\"\" srcset=\"\" alt=\"Calculated Field Pop-Up Box To Insert Calculation In Pivot Table\"><\/li>\n<li> <strong data-rich-text-format-boundary=\"true\">Nombre:<\/strong> nombre del campo calculado que se mostrar\u00e1 en su tabla din\u00e1mica.<\/li>\n<li> <strong>F\u00f3rmula:<\/strong> una opci\u00f3n de entrada para insertar una f\u00f3rmula para el campo calculado.<\/li>\n<li> <strong>Campos:<\/strong> una opci\u00f3n desplegable para seleccionar otros campos de los datos de origen para calcular un nuevo campo.<\/li>\n<\/ol>\n<h2 id=\"4\" class=\"wp-block-heading\"> Elementos calculados en una tabla din\u00e1mica<\/h2>\n<p> Los elementos calculados son como cualquier otro elemento en su tabla din\u00e1mica, pero la diferencia es que no existen en sus datos de origen. Simplemente se crean usando una f\u00f3rmula. Puede editar, editar o eliminar elementos calculados seg\u00fan sea necesario.<\/p>\n<ol>\n<li> Simplemente haga clic en uno de los elementos de su tabla din\u00e1mica. Ver\u00e1 una opci\u00f3n de tabla din\u00e1mica en su cinta junto con otras dos opciones (Analizar y Dise\u00f1o).<\/li>\n<li> Haga clic en Analizar, luego haga clic en Campos, elementos y conjuntos.<\/li>\n<li> Obtendr\u00e1 adem\u00e1s una lista de opciones, simplemente haga clic en Elemento calculado. <br \/><img decoding=\"async\" title=\"Insertar-c\u00e1lculo-en-tabla-din\u00e1mica-7\" src=\"https:\/\/exceladvisor.org\/wp-content\/uploads\/2023\/08\/Inserer-le-calcul-dans-le-tableau-croise-dynamique-7-1.png\" sizes=\"\" srcset=\"\" alt=\"Calculated Item Dialog Box To Insert Calculation In Pivot Table\"><\/li>\n<li> Despu\u00e9s de hacer clic en el elemento calculado, obtendr\u00e1 un men\u00fa contextual, como el de arriba. Este men\u00fa contextual incluye dos opciones de entrada (Nombre y F\u00f3rmula) y dos opciones de selecci\u00f3n (Campo y Elementos).<\/li>\n<li> Ya hablamos de \u201c <strong>Nombre, F\u00f3rmula y Campos<\/strong> \u201d en los campos calculados.<\/li>\n<li> <strong>Elementos<\/strong> : Para seleccionar los elementos a calcular.<\/li>\n<li> En este ejemplo, calcularemos el precio de venta promedio y la f\u00f3rmula ser\u00e1 = monto\/cantidad.<\/li>\n<li> En la opci\u00f3n Campos, seleccione Monto y haga clic en insertar, luego inserte el operador de divisi\u00f3n \u201c\/\u201d y luego inserte la cantidad.<\/li>\n<li> Presiona OK.<\/li>\n<li> Ahora aparece un nuevo campo en su tabla din\u00e1mica. <br \/><img decoding=\"async\" title=\"Insertar-c\u00e1lculo-en-tabla-din\u00e1mica-5\" src=\"https:\/\/exceladvisor.org\/wp-content\/uploads\/2023\/08\/Inserer-le-calcul-dans-le-tableau-croise-dynamique-5-1.png\" sizes=\"\" srcset=\"\" alt=\"Insert Formula In Calculated Feild To Insert Calculation In Pivot Table\"><\/li>\n<li> Su nuevo campo calculado se crea sin ning\u00fan formato num\u00e9rico. <br \/><img decoding=\"async\" title=\"Insertar-c\u00e1lculo-en-tabla-din\u00e1mica-6\" src=\"https:\/\/exceladvisor.org\/wp-content\/uploads\/2023\/08\/Inserer-le-calcul-dans-le-tableau-croise-dynamique-6-1.png\" sizes=\"\" srcset=\"\" alt=\"Your New Calculated Field By inserting Calculation In Pivot Table\"><\/li>\n<\/ol>\n<p> En este ejemplo, calcularemos el promedio del primer semestre y del segundo semestre. Simplemente agregue la f\u00f3rmula.<\/p>\n<pre class=\"wp-block-code\"> <code class=\"language-excel-formula\" lang=\"excel-formula\">=average(jan, feb, mar, apr, may, jun)<\/code><\/pre>\n<p> Ahora necesita calcular sus elementos din\u00e1micos, mostrando un promedio de los primeros seis meses y los \u00faltimos seis meses del a\u00f1o. <\/p>\n<div class=\"wp-block-image\">\n<figure class=\"aligncenter\"><img decoding=\"async\" src=\"https:\/\/exceladvisor.org\/wp-content\/uploads\/2023\/08\/Inserer-le-calcul-dans-le-tableau-croise-dynamique-8-1.png\" sizes=\"\" srcset=\"\" alt=\"Inserte un elemento calculado para agregar un c\u00e1lculo a la tabla din\u00e1mica\"><\/figure>\n<\/div>\n<p> <span style=\"color: #333333;\">Pero espera un minuto. \u00bfQu\u00e9 es esto? El total general va de $1,506 y $311,820 a $1,746 y $361,600.<\/span> <\/p>\n<div class=\"wp-block-image\">\n<figure class=\"aligncenter\"><img decoding=\"async\" src=\"https:\/\/exceladvisor.org\/wp-content\/uploads\/2023\/08\/Inserer-le-calcul-dans-le-tableau-croise-dynamique-9-1.png\" sizes=\"\" srcset=\"\" alt=\"Elemento calculado insertado para insertar el c\u00e1lculo en la tabla din\u00e1mica\"><\/figure>\n<\/div>\n<p> La raz\u00f3n detr\u00e1s de esto es que los totales y subtotales de la tabla din\u00e1mica incluyen los campos calculados mientras que el c\u00e1lculo del total y el subtotal. Por lo tanto, debe filtrar los elementos calculados si desea mostrar la imagen real.<\/p>\n<h2 id=\"6\" class=\"wp-block-heading\"> Cosas para recordar<\/h2>\n<ol>\n<li> Recuerde eliminar 0 de la opci\u00f3n de entrada de f\u00f3rmula al insertar una f\u00f3rmula para el c\u00e1lculo.<\/li>\n<li> S\u00f3lo puede utilizar f\u00f3rmulas que no requieran referencias de celda.<\/li>\n<li> Debe verificar si los elementos calculados afectan los resultados de su pivote (subtotales y totales generales).<\/li>\n<li> Ajuste el orden de la soluci\u00f3n seg\u00fan sus requisitos de c\u00e1lculo. <\/li>\n<\/ol>\n<div class=\"wp-block-group main-page-bottom is-layout-flow\">\n<div class=\"wp-block-group__inner-container\">\n<h2 class=\"wp-block-heading\"> Obtenga m\u00e1s informaci\u00f3n sobre las tablas din\u00e1micas<\/h2>\n<ul>\n<li> <a href=\"https:\/\/exceladvisor.org\/es\/contar-valores-unicos\/\">Contar valores \u00fanicos en una tabla din\u00e1mica en Excel<\/a><\/li>\n<li> <a href=\"https:\/\/exceladvisor.org\/es\/columna-de-rangos\/\">Agregar filas en la tabla din\u00e1mica en Excel<\/a><\/li>\n<li> <a href=\"https:\/\/exceladvisor.org\/es\/citas-grupales\/\">Agrupar fechas en una tabla din\u00e1mica<\/a><\/li>\n<\/ul>\n<\/div>\n<\/div>\n","protected":false},"excerpt":{"rendered":"<p>Una de las mejores formas de convertirse en un usuario avanzado de tablas din\u00e1micas y utilizar Excel para el an\u00e1lisis de datos es utilizar elementos calculados y campos calculados en una tabla din\u00e1mica. Utilice f\u00f3rmulas en una tabla din\u00e1mica o c\u00e1lculos personalizados que no existan en los datos de origen pero que funcionen como otros [&hellip;]<\/p>\n","protected":false},"author":1,"featured_media":0,"parent":0,"menu_order":0,"comment_status":"open","ping_status":"closed","template":"","meta":{"ub_ctt_via":"","footnotes":""},"class_list":["post-614","page","type-page","status-publish","hentry"],"featured_image_src":null,"yoast_head":"<!-- This site is optimized with the Yoast SEO plugin v25.4 - https:\/\/yoast.com\/wordpress\/plugins\/seo\/ -->\n<title>\u00bfc\u00f3mo utilizar elementos y campos calculados en excel?<\/title>\n<meta name=\"robots\" content=\"index, follow, max-snippet:-1, max-image-preview:large, max-video-preview:-1\" \/>\n<link rel=\"canonical\" href=\"https:\/\/exceladvisor.org\/es\/calculo-en-tabla-dinamica\/\" \/>\n<meta property=\"og:locale\" content=\"es_ES\" \/>\n<meta property=\"og:type\" content=\"article\" \/>\n<meta property=\"og:title\" content=\"\u00bfc\u00f3mo utilizar elementos y campos calculados en excel?\" \/>\n<meta property=\"og:description\" content=\"Una de las mejores formas de convertirse en un usuario avanzado de tablas din\u00e1micas y utilizar Excel para el an\u00e1lisis de datos es utilizar elementos calculados y campos calculados en una tabla din\u00e1mica. Utilice f\u00f3rmulas en una tabla din\u00e1mica o c\u00e1lculos personalizados que no existan en los datos de origen pero que funcionen como otros [&hellip;]\" \/>\n<meta property=\"og:url\" content=\"https:\/\/exceladvisor.org\/es\/calculo-en-tabla-dinamica\/\" \/>\n<meta property=\"og:site_name\" content=\"Excel Advisor\" \/>\n<meta property=\"article:modified_time\" content=\"2023-12-25T10:28:03+00:00\" \/>\n<meta property=\"og:image\" content=\"https:\/\/exceladvisor.org\/wp-content\/uploads\/2023\/08\/inserer-le-calcul-dans-le-tableau-croise-dynamique-10.png\" \/>\n<meta name=\"twitter:card\" content=\"summary_large_image\" \/>\n<meta name=\"twitter:label1\" content=\"Tiempo de lectura\" \/>\n\t<meta name=\"twitter:data1\" content=\"4 minutos\" \/>\n<script type=\"application\/ld+json\" class=\"yoast-schema-graph\">{\"@context\":\"https:\/\/schema.org\",\"@graph\":[{\"@type\":\"WebPage\",\"@id\":\"https:\/\/exceladvisor.org\/es\/calculo-en-tabla-dinamica\/\",\"url\":\"https:\/\/exceladvisor.org\/es\/calculo-en-tabla-dinamica\/\",\"name\":\"\u00bfc\u00f3mo utilizar elementos y campos calculados en excel?\",\"isPartOf\":{\"@id\":\"https:\/\/exceladvisor.org\/es\/#website\"},\"primaryImageOfPage\":{\"@id\":\"https:\/\/exceladvisor.org\/es\/calculo-en-tabla-dinamica\/#primaryimage\"},\"image\":{\"@id\":\"https:\/\/exceladvisor.org\/es\/calculo-en-tabla-dinamica\/#primaryimage\"},\"thumbnailUrl\":\"https:\/\/exceladvisor.org\/wp-content\/uploads\/2023\/08\/inserer-le-calcul-dans-le-tableau-croise-dynamique-10.png\",\"datePublished\":\"2023-10-19T04:10:16+00:00\",\"dateModified\":\"2023-12-25T10:28:03+00:00\",\"breadcrumb\":{\"@id\":\"https:\/\/exceladvisor.org\/es\/calculo-en-tabla-dinamica\/#breadcrumb\"},\"inLanguage\":\"es\",\"potentialAction\":[{\"@type\":\"ReadAction\",\"target\":[\"https:\/\/exceladvisor.org\/es\/calculo-en-tabla-dinamica\/\"]}]},{\"@type\":\"ImageObject\",\"inLanguage\":\"es\",\"@id\":\"https:\/\/exceladvisor.org\/es\/calculo-en-tabla-dinamica\/#primaryimage\",\"url\":\"https:\/\/exceladvisor.org\/wp-content\/uploads\/2023\/08\/inserer-le-calcul-dans-le-tableau-croise-dynamique-10.png\",\"contentUrl\":\"https:\/\/exceladvisor.org\/wp-content\/uploads\/2023\/08\/inserer-le-calcul-dans-le-tableau-croise-dynamique-10.png\"},{\"@type\":\"BreadcrumbList\",\"@id\":\"https:\/\/exceladvisor.org\/es\/calculo-en-tabla-dinamica\/#breadcrumb\",\"itemListElement\":[{\"@type\":\"ListItem\",\"position\":1,\"name\":\"Hogar\",\"item\":\"https:\/\/exceladvisor.org\/es\/\"},{\"@type\":\"ListItem\",\"position\":2,\"name\":\"\u00bfc\u00f3mo utilizar elementos y campos calculados en excel?\"}]},{\"@type\":\"WebSite\",\"@id\":\"https:\/\/exceladvisor.org\/es\/#website\",\"url\":\"https:\/\/exceladvisor.org\/es\/\",\"name\":\"Excel Advisor\",\"description\":\"Su gu\u00eda para la dominaci\u00f3n de datos!\",\"publisher\":{\"@id\":\"https:\/\/exceladvisor.org\/es\/#organization\"},\"potentialAction\":[{\"@type\":\"SearchAction\",\"target\":{\"@type\":\"EntryPoint\",\"urlTemplate\":\"https:\/\/exceladvisor.org\/es\/?s={search_term_string}\"},\"query-input\":{\"@type\":\"PropertyValueSpecification\",\"valueRequired\":true,\"valueName\":\"search_term_string\"}}],\"inLanguage\":\"es\"},{\"@type\":\"Organization\",\"@id\":\"https:\/\/exceladvisor.org\/es\/#organization\",\"name\":\"Excel Advisor\",\"url\":\"https:\/\/exceladvisor.org\/es\/\",\"logo\":{\"@type\":\"ImageObject\",\"inLanguage\":\"es\",\"@id\":\"https:\/\/exceladvisor.org\/es\/#\/schema\/logo\/image\/\",\"url\":\"https:\/\/exceladvisor.org\/es\/wp-content\/uploads\/2023\/12\/exceladvisor.org_.png\",\"contentUrl\":\"https:\/\/exceladvisor.org\/es\/wp-content\/uploads\/2023\/12\/exceladvisor.org_.png\",\"width\":105,\"height\":36,\"caption\":\"Excel Advisor\"},\"image\":{\"@id\":\"https:\/\/exceladvisor.org\/es\/#\/schema\/logo\/image\/\"}}]}<\/script>\n<!-- \/ Yoast SEO plugin. -->","yoast_head_json":{"title":"\u00bfc\u00f3mo utilizar elementos y campos calculados en excel?","robots":{"index":"index","follow":"follow","max-snippet":"max-snippet:-1","max-image-preview":"max-image-preview:large","max-video-preview":"max-video-preview:-1"},"canonical":"https:\/\/exceladvisor.org\/es\/calculo-en-tabla-dinamica\/","og_locale":"es_ES","og_type":"article","og_title":"\u00bfc\u00f3mo utilizar elementos y campos calculados en excel?","og_description":"Una de las mejores formas de convertirse en un usuario avanzado de tablas din\u00e1micas y utilizar Excel para el an\u00e1lisis de datos es utilizar elementos calculados y campos calculados en una tabla din\u00e1mica. Utilice f\u00f3rmulas en una tabla din\u00e1mica o c\u00e1lculos personalizados que no existan en los datos de origen pero que funcionen como otros [&hellip;]","og_url":"https:\/\/exceladvisor.org\/es\/calculo-en-tabla-dinamica\/","og_site_name":"Excel Advisor","article_modified_time":"2023-12-25T10:28:03+00:00","og_image":[{"url":"https:\/\/exceladvisor.org\/wp-content\/uploads\/2023\/08\/inserer-le-calcul-dans-le-tableau-croise-dynamique-10.png","type":"","width":"","height":""}],"twitter_card":"summary_large_image","twitter_misc":{"Tiempo de lectura":"4 minutos"},"schema":{"@context":"https:\/\/schema.org","@graph":[{"@type":"WebPage","@id":"https:\/\/exceladvisor.org\/es\/calculo-en-tabla-dinamica\/","url":"https:\/\/exceladvisor.org\/es\/calculo-en-tabla-dinamica\/","name":"\u00bfc\u00f3mo utilizar elementos y campos calculados en excel?","isPartOf":{"@id":"https:\/\/exceladvisor.org\/es\/#website"},"primaryImageOfPage":{"@id":"https:\/\/exceladvisor.org\/es\/calculo-en-tabla-dinamica\/#primaryimage"},"image":{"@id":"https:\/\/exceladvisor.org\/es\/calculo-en-tabla-dinamica\/#primaryimage"},"thumbnailUrl":"https:\/\/exceladvisor.org\/wp-content\/uploads\/2023\/08\/inserer-le-calcul-dans-le-tableau-croise-dynamique-10.png","datePublished":"2023-10-19T04:10:16+00:00","dateModified":"2023-12-25T10:28:03+00:00","breadcrumb":{"@id":"https:\/\/exceladvisor.org\/es\/calculo-en-tabla-dinamica\/#breadcrumb"},"inLanguage":"es","potentialAction":[{"@type":"ReadAction","target":["https:\/\/exceladvisor.org\/es\/calculo-en-tabla-dinamica\/"]}]},{"@type":"ImageObject","inLanguage":"es","@id":"https:\/\/exceladvisor.org\/es\/calculo-en-tabla-dinamica\/#primaryimage","url":"https:\/\/exceladvisor.org\/wp-content\/uploads\/2023\/08\/inserer-le-calcul-dans-le-tableau-croise-dynamique-10.png","contentUrl":"https:\/\/exceladvisor.org\/wp-content\/uploads\/2023\/08\/inserer-le-calcul-dans-le-tableau-croise-dynamique-10.png"},{"@type":"BreadcrumbList","@id":"https:\/\/exceladvisor.org\/es\/calculo-en-tabla-dinamica\/#breadcrumb","itemListElement":[{"@type":"ListItem","position":1,"name":"Hogar","item":"https:\/\/exceladvisor.org\/es\/"},{"@type":"ListItem","position":2,"name":"\u00bfc\u00f3mo utilizar elementos y campos calculados en excel?"}]},{"@type":"WebSite","@id":"https:\/\/exceladvisor.org\/es\/#website","url":"https:\/\/exceladvisor.org\/es\/","name":"Excel Advisor","description":"Su gu\u00eda para la dominaci\u00f3n de datos!","publisher":{"@id":"https:\/\/exceladvisor.org\/es\/#organization"},"potentialAction":[{"@type":"SearchAction","target":{"@type":"EntryPoint","urlTemplate":"https:\/\/exceladvisor.org\/es\/?s={search_term_string}"},"query-input":{"@type":"PropertyValueSpecification","valueRequired":true,"valueName":"search_term_string"}}],"inLanguage":"es"},{"@type":"Organization","@id":"https:\/\/exceladvisor.org\/es\/#organization","name":"Excel Advisor","url":"https:\/\/exceladvisor.org\/es\/","logo":{"@type":"ImageObject","inLanguage":"es","@id":"https:\/\/exceladvisor.org\/es\/#\/schema\/logo\/image\/","url":"https:\/\/exceladvisor.org\/es\/wp-content\/uploads\/2023\/12\/exceladvisor.org_.png","contentUrl":"https:\/\/exceladvisor.org\/es\/wp-content\/uploads\/2023\/12\/exceladvisor.org_.png","width":105,"height":36,"caption":"Excel Advisor"},"image":{"@id":"https:\/\/exceladvisor.org\/es\/#\/schema\/logo\/image\/"}}]}},"yoast_meta":{"yoast_wpseo_title":"","yoast_wpseo_metadesc":"","yoast_wpseo_canonical":""},"_links":{"self":[{"href":"https:\/\/exceladvisor.org\/es\/wp-json\/wp\/v2\/pages\/614","targetHints":{"allow":["GET"]}}],"collection":[{"href":"https:\/\/exceladvisor.org\/es\/wp-json\/wp\/v2\/pages"}],"about":[{"href":"https:\/\/exceladvisor.org\/es\/wp-json\/wp\/v2\/types\/page"}],"author":[{"embeddable":true,"href":"https:\/\/exceladvisor.org\/es\/wp-json\/wp\/v2\/users\/1"}],"replies":[{"embeddable":true,"href":"https:\/\/exceladvisor.org\/es\/wp-json\/wp\/v2\/comments?post=614"}],"version-history":[{"count":1,"href":"https:\/\/exceladvisor.org\/es\/wp-json\/wp\/v2\/pages\/614\/revisions"}],"predecessor-version":[{"id":1263,"href":"https:\/\/exceladvisor.org\/es\/wp-json\/wp\/v2\/pages\/614\/revisions\/1263"}],"wp:attachment":[{"href":"https:\/\/exceladvisor.org\/es\/wp-json\/wp\/v2\/media?parent=614"}],"curies":[{"name":"wp","href":"https:\/\/api.w.org\/{rel}","templated":true}]}}