{"id":615,"date":"2023-10-18T23:45:41","date_gmt":"2023-10-18T23:45:41","guid":{"rendered":"https:\/\/exceladvisor.org\/es\/cambiar-numero-negativo-a-positivo\/"},"modified":"2023-12-25T10:24:53","modified_gmt":"2023-12-25T10:24:53","slug":"cambiar-numero-negativo-a-positivo","status":"publish","type":"page","link":"https:\/\/exceladvisor.org\/es\/cambiar-numero-negativo-a-positivo\/","title":{"rendered":"\u00bfc\u00f3mo convertir un n\u00famero negativo a positivo en excel?"},"content":{"rendered":"<div class=\"excel-antes-del-contenido\" id=\"excel-381981181\"><script type=\"text\/javascript\">\r\n\tatOptions = {\r\n\t\t'key' : 'c1158f160081d6540a8409e6925dab94',\r\n\t\t'format' : 'iframe',\r\n\t\t'height' : 250,\r\n\t\t'width' : 300,\r\n\t\t'params' : {}\r\n\t};\r\n<\/script>\r\n<script type=\"text\/javascript\" src=\"\/\/www.highperformanceformat.com\/c1158f160081d6540a8409e6925dab94\/invoke.js\"><\/script><\/div><p>Y te sorprender\u00e1 saber que tengo siete m\u00e9todos diferentes que puedes usar para manejar n\u00fameros negativos. <span style=\"font-family: inherit;\">La semana pasada recib\u00ed un correo electr\u00f3nico de uno de mis suscriptores con una pregunta.<\/span><\/p>\n<p> <span style=\"font-family: inherit;\"><strong>Oye, \u00bfcu\u00e1ntos m\u00e9todos tenemos para convertir un n\u00famero negativo en un n\u00famero positivo?<\/strong><\/span><\/p>\n<p> Ya sabes, lo que pidi\u00f3 es una tarea com\u00fan. Estoy seguro de que esto le sucede a usted a menudo, cuando obtiene valores num\u00e9ricos negativos y luego los convierte a valores positivos.<\/p>\n<p> No hay #ciencia espacial en esto. \u00bfPero ya has comprobado c\u00f3mo mis diferentes m\u00e9todos te permiten hacer esto? Bueno, siempre tengo curiosidad acerca de los diferentes m\u00e9todos para completar una tarea en Excel.<\/p>\n<p> As\u00ed que esta vez tom\u00e9 un papel y enumer\u00e9 todos los m\u00e9todos que puedo usar para convertir un n\u00famero negativo en positivo. Por eso, hoy en este art\u00edculo, me gustar\u00eda compartir todos estos m\u00e9todos con ustedes.<\/p>\n<p> Empecemos.<\/p>\n<h2 id=\"tab-con-4\" class=\"wp-block-heading\"> 1. Multiplica por uno negativo para convertir un n\u00famero positivo<\/h2>\n<p> A diferencia de m\u00ed, si eres bueno en matem\u00e1ticas, estoy seguro de que sabes que cuando multiplicas dos signos menos, el resultado siempre es positivo. Entonces puedes usar el mismo m\u00e9todo en Excel para convertir un n\u00famero negativo en positivo.<\/p>\n<p> Todo lo que tienes que hacer es simplemente multiplicar un valor negativo por -1 y te devolver\u00e1 el n\u00famero positivo en lugar del negativo.<\/p>\n<pre class=\"wp-block-code\"> <code class=\"language-excel-formula\" lang=\"excel-formula\">=negative_value*-1<\/code><\/pre>\n<p> A continuaci\u00f3n tienes un rango de celdas con n\u00fameros negativos. Entonces, para convertirlos a positivos, simplemente ingresa la f\u00f3rmula en la celda B2 y arr\u00e1strala a la \u00faltima celda. <\/p>\n<div class=\"wp-block-image\">\n<figure class=\"aligncenter\"><img decoding=\"async\" src=\"https:\/\/exceladvisor.org\/wp-content\/uploads\/2023\/08\/nombre-negatif-en-positif-avec-simple-multiplication-avec-moins-un-1.gif\" sizes=\"\" srcset=\"\" alt=\"n\u00famero negativo en positivo con simple multiplicar con nosotros uno\"><\/figure>\n<\/div>\n<p class=\"mynote\"> Si tiene n\u00fameros mixtos (positivos y negativos), puede utilizar el m\u00e9todo siguiente.<\/p>\n<pre class=\"wp-block-code\"> <code class=\"language-excel-formula\" lang=\"excel-formula\"><kbd>=IF(A1&lt;0,A1*-1,A1)<\/kbd><\/code><\/pre>\n<h2 id=\"tab-con-5\" class=\"wp-block-heading\"> 2. Convertir a n\u00famero absoluto con funci\u00f3n ABS<\/h2>\n<p> Transformar un n\u00famero negativo en positivo es bastante f\u00e1cil con ABS. Esta funci\u00f3n es espec\u00edficamente para esta tarea.<\/p>\n<p class=\"qt-tip\"> <strong>Introducci\u00f3n r\u00e1pida:<\/strong> puede convertir cualquier n\u00famero en un n\u00famero absoluto. En t\u00e9rminos simples, devolver\u00e1 un n\u00famero despu\u00e9s de quitarle el signo.<\/p>\n<pre class=\"wp-block-code\"> <code class=\"language-Visual Basic\" lang=\"Visual Basic\">=ABS(number)<\/code><\/pre>\n<p> S\u00f3lo necesitas hacer referencia a un n\u00famero negativo en la funci\u00f3n y lo convertir\u00e1 en un valor positivo.<\/p>\n<ol>\n<li> En el siguiente ejemplo, tiene valores negativos del rango A2:A11.<\/li>\n<li> Ingrese <code><strong>=ABS(A2)<\/strong><\/code> en B2 y arr\u00e1strelo a la \u00faltima celda. <\/li>\n<\/ol>\n<div class=\"wp-block-image\">\n<figure class=\"aligncenter\"><img decoding=\"async\" src=\"https:\/\/exceladvisor.org\/wp-content\/uploads\/2023\/08\/nombre-negatif-en-positif-avec-fonction-abs-1.gif\" sizes=\"\" srcset=\"\" alt=\"\"><\/figure>\n<\/div>\n<p> Esta funci\u00f3n funciona incluso cuando tienes n\u00fameros mixtos (positivos y negativos).<\/p>\n<h2 id=\"tab-con-6\" class=\"wp-block-heading\"> 3. <a href=\"https:\/\/exceladvisor.org\/es\/pegar-multiplicar-especial\/\">M\u00faltiples mediante uni\u00f3n especial<\/a><\/h2>\n<p> Pensemos en una situaci\u00f3n diferente en la que, en lugar de obtener n\u00fameros positivos en una columna diferente, los necesita en la misma columna.<\/p>\n<p> Y para ello puedes utilizar la opci\u00f3n pegar especial. \u00bfTe preguntas c\u00f3mo? D\u00e9jame decirte. En la opci\u00f3n de pegar especial, hay opciones de \u00aboperaci\u00f3n\u00bb que puede utilizar para realizar c\u00e1lculos simples. Puedes usar estas mismas opciones para convertir n\u00fameros negativos en positivos sin usar una f\u00f3rmula ni agregar una columna adicional. Simplemente sigue estos pasos. <\/p>\n<div class=\"wp-block-image\">\n<figure class=\"aligncenter\"><img decoding=\"async\" src=\"https:\/\/exceladvisor.org\/wp-content\/uploads\/2023\/08\/nombre-negatif-en-positif-avec-pate-speciale-1.gif\" sizes=\"\" srcset=\"\" alt=\"numero negativo a positivo con pasta especial\"><\/figure>\n<\/div>\n<ol>\n<li> Primero, en cualquier celda de tu hoja de c\u00e1lculo, ingresa -1.<\/li>\n<li> Despu\u00e9s de eso, c\u00f3pialo.<\/li>\n<li> Ahora seleccione el rango de celdas en el que tiene n\u00fameros negativos.<\/li>\n<li> Haga clic derecho \u21e2 Pegado especial \u21e2 Operaciones \u21e2 Multiplicar.<\/li>\n<li> Al final, haga clic en Aceptar.<\/li>\n<\/ol>\n<p> Todos los n\u00fameros negativos se convierten en n\u00fameros positivos.<\/p>\n<p> Lo \u00fanico que debes tener en cuenta es que no es un m\u00e9todo din\u00e1mico. Por lo tanto, debes hacerlo una y otra vez si actualizas tus datos con frecuencia. Pero este m\u00e9todo es r\u00e1pido y f\u00e1cil de usar y no necesita una f\u00f3rmula.<\/p>\n<h2 id=\"tab-con-7\" class=\"wp-block-heading\"> 4. Eliminar el signo negativo con Flash Fill<\/h2>\n<p> Estoy seguro de que has usado el relleno flash una vez en tu vida y, si no, entonces debes usarlo, es un cambio de juego. Este es un m\u00e9todo loco para transformar n\u00fameros negativos en n\u00fameros positivos, aqu\u00ed est\u00e1n los pasos. <\/p>\n<div class=\"wp-block-image\">\n<figure class=\"aligncenter\"><img decoding=\"async\" src=\"https:\/\/exceladvisor.org\/wp-content\/uploads\/2023\/08\/nombre-negatif-en-positif-avec-remplissage-flash-1.gif\" sizes=\"\" srcset=\"\" alt=\"n\u00famero negativo a positivo con relleno flash\"><\/figure>\n<\/div>\n<ol>\n<li> Primero, en la celda B2, ingrese el n\u00famero positivo del n\u00famero negativo que tiene en la celda A2.<\/li>\n<li> Despu\u00e9s de eso, vaya a la celda B3 y presione la tecla de acceso r\u00e1pido Ctrl + E.<\/li>\n<li> En este punto, en la columna B, tienes todos los n\u00fameros en forma positiva.<\/li>\n<li> Ahora, haz clic en el peque\u00f1o icono que tienes en la parte derecha de la columna B y selecciona \u201cAceptar sugerencias\u201d.<\/li>\n<\/ol>\n<p> Felicitaciones, ha convertido todos los n\u00fameros negativos en n\u00fameros positivos con relleno flash.<\/p>\n<p><mark class=\"has-inline-color\" style=\"background-color: #f5e053;\"> <em><strong>Este m\u00e9todo tampoco es din\u00e1mico, pero s\u00ed r\u00e1pido y f\u00e1cil de usar.<\/strong><\/em><\/mark><\/p>\n<h2 id=\"tab-con-8\" class=\"wp-block-heading\"> 5. Aplique formato personalizado para mostrar como n\u00fameros positivos.<\/h2>\n<p> Tambi\u00e9n es posible que en lugar de convertir un n\u00famero negativo, simplemente quieras mostrarlo como un n\u00famero positivo. Y en esta situaci\u00f3n puedes utilizar un formato personalizado. Estos son los pasos a seguir.<\/p>\n<ol>\n<li> Primero, seleccione el rango de celdas que necesita convertir a n\u00fameros positivos.<\/li>\n<li> Despu\u00e9s de eso, presione la tecla de acceso directo Ctrl + 1. Esto abrir\u00e1 las opciones de formato personalizado.<\/li>\n<li> Ahora vaya a \u00abPersonalizado\u00bb y en la barra de entrada escriba \u00ab#,###;#,###\u00bb.<\/li>\n<li> Al final, haga clic en Aceptar. <\/li>\n<\/ol>\n<div class=\"wp-block-image\">\n<figure class=\"aligncenter\"><img decoding=\"async\" src=\"https:\/\/exceladvisor.org\/wp-content\/uploads\/2023\/08\/ajouter-un-format-personnalise-dans-la-barre-de-saisie-pour-convertir-un-nombre-negatif-en-min-positif-1.png\" sizes=\"\" srcset=\"\" alt=\"agregue un formato personalizado en la barra de entrada para convertir un n\u00famero negativo en positivo\"><\/figure>\n<\/div>\n<p> Esto mostrar\u00e1 todos los n\u00fameros negativos como positivos. Pero, en realidad, siguen siendo n\u00fameros negativos, s\u00f3lo se cambia el formato. <\/p>\n<div class=\"wp-block-image\">\n<figure class=\"aligncenter\"><img decoding=\"async\" src=\"https:\/\/exceladvisor.org\/wp-content\/uploads\/2023\/08\/nombre-negatif-en-positif-toujours-negatif-dans-la-barre-de-formule-min-1.png\" sizes=\"\" srcset=\"\" alt=\"n\u00famero negativo en positivo siempre negativo en la barra de f\u00f3rmulas\"><\/figure>\n<\/div>\n<p> Si seleccionas una celda y miras la barra de f\u00f3rmulas, puedes verificar que sigue siendo un n\u00famero negativo. Entonces, cuando lo uses en un c\u00e1lculo posterior, actuar\u00e1 como un n\u00famero negativo.<\/p>\n<h2 id=\"tab-con-1\" class=\"wp-block-heading\"> 6. Ejecute el c\u00f3digo VBA para convertir a n\u00fameros positivos.<\/h2>\n<p> Si eres un amante de VBA, puedes usar un c\u00f3digo simple para invertir instant\u00e1neamente el signo de los n\u00fameros negativos.<\/p>\n<pre class=\"wp-block-code\"> <code class=\"language-visual-basic line-numbers\" lang=\"visual-basic\">Sub numberP2N() Dim myCell As Range For Each myCell In Selection If myCell.Value &lt;&gt; \"\" Then If IsNumeric(myCell.Value) Then myCell.Value = Abs(myCell.Value) End If End If Next myCell End Sub<\/code><\/pre>\n<p> Para usar este c\u00f3digo, simplemente seleccione el rango de n\u00fameros negativos y ejecute esta macro.<\/p>\n<p> Primero, verificar\u00e1 cada celda de selecci\u00f3n si contiene un valor num\u00e9rico o no y luego lo convertir\u00e1 a un valor positivo.<\/p>\n<p> Una vez que <a href=\"https:\/\/exceladvisor.org\/es\/ejecutar-una-macro-2\/\">haya ejecutado este c\u00f3digo<\/a> , no podr\u00e1 deshacer su acci\u00f3n.<\/p>\n<p> <em>Relacionado: <a href=\"https:\/\/exceladvisor.org\/es\/vba\/\">Tutorial de VBA<\/a><\/em><\/p>\n<h2 id=\"tab-con-2\" class=\"wp-block-heading\"> 7. Utilice Power Query para convertir Obtener n\u00fameros positivos<\/h2>\n<p> S\u00ed, puede utilizar una consulta de energ\u00eda para convertir un n\u00famero negativo en un n\u00famero positivo y la mejor parte es que es una configuraci\u00f3n \u00fanica. Simplemente siga estos sencillos pasos.<\/p>\n<ul>\n<li> Primero, seleccione una de las celdas del rango de datos donde tenga n\u00fameros negativos. <\/li>\n<\/ul>\n<div class=\"wp-block-image\">\n<figure class=\"aligncenter\"><img decoding=\"async\" src=\"https:\/\/exceladvisor.org\/wp-content\/uploads\/2023\/08\/convertir-un-nombre-negatif-en-positif-a-laide-de-la-requete-de-puissance-selectionner-la-cellule-min-1.png\" sizes=\"\" srcset=\"\" alt=\"convertir un n\u00famero negativo en positivo usando la celda de selecci\u00f3n de consulta de energ\u00eda\"><\/figure>\n<\/div>\n<ul>\n<li> Despu\u00e9s de eso, vaya a la pesta\u00f1a Datos \u279c Desde tabla. <\/li>\n<\/ul>\n<div class=\"wp-block-image\">\n<figure class=\"aligncenter\"><img decoding=\"async\" src=\"https:\/\/exceladvisor.org\/wp-content\/uploads\/2023\/08\/convertir-un-nombre-negatif-en-positif-a-laide-dune-requete-de-puissance-cliquez-sur-a-partir-du-tableau-min-1.png\" sizes=\"\" srcset=\"\" alt=\"convierta un n\u00famero negativo en positivo usando la consulta de energ\u00eda, haga clic en la tabla\"><\/figure>\n<\/div>\n<ul>\n<li> Convertir\u00e1 el rango en una tabla y lo cargar\u00e1 en el potente editor de consultas. <\/li>\n<\/ul>\n<div class=\"wp-block-image\">\n<figure class=\"aligncenter\"><img decoding=\"async\" src=\"https:\/\/exceladvisor.org\/wp-content\/uploads\/2023\/08\/convertir-un-nombre-negatif-en-positif-en-utilisant-les-donnees-de-requete-de-puissance-dans-lediteur-min-1.png\" sizes=\"\" srcset=\"\" alt=\"convierta un n\u00famero negativo en positivo usando datos de consulta de energ\u00eda en el editor\"><\/figure>\n<\/div>\n<ul>\n<li> Ahora haga clic derecho en la columna y vaya a Transformar \u279c Valor absoluto. <\/li>\n<\/ul>\n<div class=\"wp-block-image\">\n<figure class=\"aligncenter\"><img decoding=\"async\" src=\"https:\/\/exceladvisor.org\/wp-content\/uploads\/2023\/08\/convertir-un-nombre-negatif-en-positif-en-utilisant-une-requete-de-puissance-cliquez-sur-la-valeur-absolue-min-1.png\" sizes=\"\" srcset=\"\" alt=\"convierta un n\u00famero negativo en positivo usando la consulta de energ\u00eda, haga clic en valor absoluto\"><\/figure>\n<\/div>\n<ul>\n<li> Al final, en el Editor de Power Query, vaya a la pesta\u00f1a Inicio \u279c Cerrar \u279c Cerrar y cargar. <\/li>\n<\/ul>\n<div class=\"wp-block-image\">\n<figure class=\"aligncenter\"><img decoding=\"async\" src=\"https:\/\/exceladvisor.org\/wp-content\/uploads\/2023\/08\/convertir-un-nombre-negatif-en-positif-en-utilisant-une-requete-de-puissance-cliquez-sur-charger-min-1.png\" sizes=\"\" srcset=\"\" alt=\"convertir un n\u00famero negativo en positivo usando la carga de clic de Power Query\"><\/figure>\n<\/div>\n<p> <em>Relacionado: <a style=\"outline: none;\" href=\"https:\/\/exceladvisor.org\/es\/solicitud-de-energia\/\">Tutorial de Power Query<\/a><\/em><\/p>\n<h2 id=\"t-1597320234891\" class=\"wp-block-heading\"> Conclusi\u00f3n<\/h2>\n<p> Como dije, para convertir un n\u00famero negativo en un n\u00famero positivo no necesitas usar ciencia espacial. Incluso un m\u00e9todo puede ser suficiente, pero he enumerado todos estos m\u00e9todos para ayudarle a afrontar diferentes situaciones.<\/p>\n<p> Estoy seguro de que todos estos m\u00e9todos te resultaron \u00fatiles, pero ahora necesitas decirme una cosa.<\/p>\n<p> \u00bfConoces otro m\u00e9todo para esto? Por favor comparta sus puntos de vista conmigo en la secci\u00f3n de comentarios. Me encantar\u00eda saber de ti y no olvides compartirlo con tus amigos, estoy seguro de que lo agradecer\u00e1n.<\/p>\n<div class=\"gb-container gb-container-4db6181c gb-container-mt\"> <a class=\"gb-button gb-button-c5897111 gb-button-text gb-button-mt-button\" href=\"https:\/\/exceladvisor.org\/es\/conceptos-basicos-de-excel\/\">Conceptos b\u00e1sicos de Microsoft Excel (componentes, piezas y notas de conocimiento)<\/a><\/p>\n<h2 class=\"gb-headline gb-headline-665e5f6b gb-headline-text gb-headline-mt-heading\"> Tutoriales relacionados <\/h2>\n<div class=\"gb-grid-wrapper gb-grid-wrapper-a20baf7c gb-grid-wrapper-mt-grid\">\n<div class=\"gb-grid-column gb-grid-column-65ddf67e\">\n<div class=\"gb-container gb-container-65ddf67e\">\n<ul>\n<li> <a href=\"https:\/\/exceladvisor.org\/es\/marca-de-tiempo\/\">Insertar una marca de tiempo en Excel<\/a><\/li>\n<li> <a href=\"https:\/\/exceladvisor.org\/es\/pulgas\/\">Insertar vi\u00f1etas en Excel<\/a><\/li>\n<li> <a href=\"https:\/\/exceladvisor.org\/es\/insertar-una-flecha\/\">Insertar una flecha en una celda en Excel<\/a><\/li>\n<li> Agregar autom\u00e1ticamente n\u00fameros de serie en Excel<\/li>\n<\/ul>\n<\/div>\n<\/div>\n<\/div>\n<\/div>\n","protected":false},"excerpt":{"rendered":"<p>Y te sorprender\u00e1 saber que tengo siete m\u00e9todos diferentes que puedes usar para manejar n\u00fameros negativos. La semana pasada recib\u00ed un correo electr\u00f3nico de uno de mis suscriptores con una pregunta. Oye, \u00bfcu\u00e1ntos m\u00e9todos tenemos para convertir un n\u00famero negativo en un n\u00famero positivo? Ya sabes, lo que pidi\u00f3 es una tarea com\u00fan. Estoy seguro [&hellip;]<\/p>\n","protected":false},"author":1,"featured_media":0,"parent":0,"menu_order":0,"comment_status":"open","ping_status":"closed","template":"","meta":{"ub_ctt_via":"","footnotes":""},"class_list":["post-615","page","type-page","status-publish","hentry"],"featured_image_src":null,"yoast_head":"<!-- This site is optimized with the Yoast SEO plugin v25.4 - https:\/\/yoast.com\/wordpress\/plugins\/seo\/ -->\n<title>\u00bfc\u00f3mo convertir un n\u00famero negativo a positivo en excel?<\/title>\n<meta name=\"robots\" content=\"index, follow, max-snippet:-1, max-image-preview:large, max-video-preview:-1\" \/>\n<link rel=\"canonical\" href=\"https:\/\/exceladvisor.org\/es\/cambiar-numero-negativo-a-positivo\/\" \/>\n<meta property=\"og:locale\" content=\"es_ES\" \/>\n<meta property=\"og:type\" content=\"article\" \/>\n<meta property=\"og:title\" content=\"\u00bfc\u00f3mo convertir un n\u00famero negativo a positivo en excel?\" \/>\n<meta property=\"og:description\" content=\"Y te sorprender\u00e1 saber que tengo siete m\u00e9todos diferentes que puedes usar para manejar n\u00fameros negativos. La semana pasada recib\u00ed un correo electr\u00f3nico de uno de mis suscriptores con una pregunta. Oye, \u00bfcu\u00e1ntos m\u00e9todos tenemos para convertir un n\u00famero negativo en un n\u00famero positivo? Ya sabes, lo que pidi\u00f3 es una tarea com\u00fan. Estoy seguro [&hellip;]\" \/>\n<meta property=\"og:url\" content=\"https:\/\/exceladvisor.org\/es\/cambiar-numero-negativo-a-positivo\/\" \/>\n<meta property=\"og:site_name\" content=\"Excel Advisor\" \/>\n<meta property=\"article:modified_time\" content=\"2023-12-25T10:24:53+00:00\" \/>\n<meta property=\"og:image\" content=\"https:\/\/exceladvisor.org\/wp-content\/uploads\/2023\/08\/nombre-negatif-en-positif-avec-simple-multiplication-avec-moins-un-1.gif\" \/>\n<meta name=\"twitter:card\" content=\"summary_large_image\" \/>\n<meta name=\"twitter:label1\" content=\"Tiempo de lectura\" \/>\n\t<meta name=\"twitter:data1\" content=\"7 minutos\" \/>\n<script type=\"application\/ld+json\" class=\"yoast-schema-graph\">{\"@context\":\"https:\/\/schema.org\",\"@graph\":[{\"@type\":\"WebPage\",\"@id\":\"https:\/\/exceladvisor.org\/es\/cambiar-numero-negativo-a-positivo\/\",\"url\":\"https:\/\/exceladvisor.org\/es\/cambiar-numero-negativo-a-positivo\/\",\"name\":\"\u00bfc\u00f3mo convertir un n\u00famero negativo a positivo en excel?\",\"isPartOf\":{\"@id\":\"https:\/\/exceladvisor.org\/es\/#website\"},\"primaryImageOfPage\":{\"@id\":\"https:\/\/exceladvisor.org\/es\/cambiar-numero-negativo-a-positivo\/#primaryimage\"},\"image\":{\"@id\":\"https:\/\/exceladvisor.org\/es\/cambiar-numero-negativo-a-positivo\/#primaryimage\"},\"thumbnailUrl\":\"https:\/\/exceladvisor.org\/wp-content\/uploads\/2023\/08\/nombre-negatif-en-positif-avec-simple-multiplication-avec-moins-un-1.gif\",\"datePublished\":\"2023-10-18T23:45:41+00:00\",\"dateModified\":\"2023-12-25T10:24:53+00:00\",\"breadcrumb\":{\"@id\":\"https:\/\/exceladvisor.org\/es\/cambiar-numero-negativo-a-positivo\/#breadcrumb\"},\"inLanguage\":\"es\",\"potentialAction\":[{\"@type\":\"ReadAction\",\"target\":[\"https:\/\/exceladvisor.org\/es\/cambiar-numero-negativo-a-positivo\/\"]}]},{\"@type\":\"ImageObject\",\"inLanguage\":\"es\",\"@id\":\"https:\/\/exceladvisor.org\/es\/cambiar-numero-negativo-a-positivo\/#primaryimage\",\"url\":\"https:\/\/exceladvisor.org\/wp-content\/uploads\/2023\/08\/nombre-negatif-en-positif-avec-simple-multiplication-avec-moins-un-1.gif\",\"contentUrl\":\"https:\/\/exceladvisor.org\/wp-content\/uploads\/2023\/08\/nombre-negatif-en-positif-avec-simple-multiplication-avec-moins-un-1.gif\"},{\"@type\":\"BreadcrumbList\",\"@id\":\"https:\/\/exceladvisor.org\/es\/cambiar-numero-negativo-a-positivo\/#breadcrumb\",\"itemListElement\":[{\"@type\":\"ListItem\",\"position\":1,\"name\":\"Hogar\",\"item\":\"https:\/\/exceladvisor.org\/es\/\"},{\"@type\":\"ListItem\",\"position\":2,\"name\":\"\u00bfc\u00f3mo convertir un n\u00famero negativo a positivo en excel?\"}]},{\"@type\":\"WebSite\",\"@id\":\"https:\/\/exceladvisor.org\/es\/#website\",\"url\":\"https:\/\/exceladvisor.org\/es\/\",\"name\":\"Excel Advisor\",\"description\":\"Su gu\u00eda para la dominaci\u00f3n de datos!\",\"publisher\":{\"@id\":\"https:\/\/exceladvisor.org\/es\/#organization\"},\"potentialAction\":[{\"@type\":\"SearchAction\",\"target\":{\"@type\":\"EntryPoint\",\"urlTemplate\":\"https:\/\/exceladvisor.org\/es\/?s={search_term_string}\"},\"query-input\":{\"@type\":\"PropertyValueSpecification\",\"valueRequired\":true,\"valueName\":\"search_term_string\"}}],\"inLanguage\":\"es\"},{\"@type\":\"Organization\",\"@id\":\"https:\/\/exceladvisor.org\/es\/#organization\",\"name\":\"Excel Advisor\",\"url\":\"https:\/\/exceladvisor.org\/es\/\",\"logo\":{\"@type\":\"ImageObject\",\"inLanguage\":\"es\",\"@id\":\"https:\/\/exceladvisor.org\/es\/#\/schema\/logo\/image\/\",\"url\":\"https:\/\/exceladvisor.org\/es\/wp-content\/uploads\/2023\/12\/exceladvisor.org_.png\",\"contentUrl\":\"https:\/\/exceladvisor.org\/es\/wp-content\/uploads\/2023\/12\/exceladvisor.org_.png\",\"width\":105,\"height\":36,\"caption\":\"Excel Advisor\"},\"image\":{\"@id\":\"https:\/\/exceladvisor.org\/es\/#\/schema\/logo\/image\/\"}}]}<\/script>\n<!-- \/ Yoast SEO plugin. -->","yoast_head_json":{"title":"\u00bfc\u00f3mo convertir un n\u00famero negativo a positivo en excel?","robots":{"index":"index","follow":"follow","max-snippet":"max-snippet:-1","max-image-preview":"max-image-preview:large","max-video-preview":"max-video-preview:-1"},"canonical":"https:\/\/exceladvisor.org\/es\/cambiar-numero-negativo-a-positivo\/","og_locale":"es_ES","og_type":"article","og_title":"\u00bfc\u00f3mo convertir un n\u00famero negativo a positivo en excel?","og_description":"Y te sorprender\u00e1 saber que tengo siete m\u00e9todos diferentes que puedes usar para manejar n\u00fameros negativos. La semana pasada recib\u00ed un correo electr\u00f3nico de uno de mis suscriptores con una pregunta. Oye, \u00bfcu\u00e1ntos m\u00e9todos tenemos para convertir un n\u00famero negativo en un n\u00famero positivo? Ya sabes, lo que pidi\u00f3 es una tarea com\u00fan. Estoy seguro [&hellip;]","og_url":"https:\/\/exceladvisor.org\/es\/cambiar-numero-negativo-a-positivo\/","og_site_name":"Excel Advisor","article_modified_time":"2023-12-25T10:24:53+00:00","og_image":[{"url":"https:\/\/exceladvisor.org\/wp-content\/uploads\/2023\/08\/nombre-negatif-en-positif-avec-simple-multiplication-avec-moins-un-1.gif","type":"","width":"","height":""}],"twitter_card":"summary_large_image","twitter_misc":{"Tiempo de lectura":"7 minutos"},"schema":{"@context":"https:\/\/schema.org","@graph":[{"@type":"WebPage","@id":"https:\/\/exceladvisor.org\/es\/cambiar-numero-negativo-a-positivo\/","url":"https:\/\/exceladvisor.org\/es\/cambiar-numero-negativo-a-positivo\/","name":"\u00bfc\u00f3mo convertir un n\u00famero negativo a positivo en excel?","isPartOf":{"@id":"https:\/\/exceladvisor.org\/es\/#website"},"primaryImageOfPage":{"@id":"https:\/\/exceladvisor.org\/es\/cambiar-numero-negativo-a-positivo\/#primaryimage"},"image":{"@id":"https:\/\/exceladvisor.org\/es\/cambiar-numero-negativo-a-positivo\/#primaryimage"},"thumbnailUrl":"https:\/\/exceladvisor.org\/wp-content\/uploads\/2023\/08\/nombre-negatif-en-positif-avec-simple-multiplication-avec-moins-un-1.gif","datePublished":"2023-10-18T23:45:41+00:00","dateModified":"2023-12-25T10:24:53+00:00","breadcrumb":{"@id":"https:\/\/exceladvisor.org\/es\/cambiar-numero-negativo-a-positivo\/#breadcrumb"},"inLanguage":"es","potentialAction":[{"@type":"ReadAction","target":["https:\/\/exceladvisor.org\/es\/cambiar-numero-negativo-a-positivo\/"]}]},{"@type":"ImageObject","inLanguage":"es","@id":"https:\/\/exceladvisor.org\/es\/cambiar-numero-negativo-a-positivo\/#primaryimage","url":"https:\/\/exceladvisor.org\/wp-content\/uploads\/2023\/08\/nombre-negatif-en-positif-avec-simple-multiplication-avec-moins-un-1.gif","contentUrl":"https:\/\/exceladvisor.org\/wp-content\/uploads\/2023\/08\/nombre-negatif-en-positif-avec-simple-multiplication-avec-moins-un-1.gif"},{"@type":"BreadcrumbList","@id":"https:\/\/exceladvisor.org\/es\/cambiar-numero-negativo-a-positivo\/#breadcrumb","itemListElement":[{"@type":"ListItem","position":1,"name":"Hogar","item":"https:\/\/exceladvisor.org\/es\/"},{"@type":"ListItem","position":2,"name":"\u00bfc\u00f3mo convertir un n\u00famero negativo a positivo en excel?"}]},{"@type":"WebSite","@id":"https:\/\/exceladvisor.org\/es\/#website","url":"https:\/\/exceladvisor.org\/es\/","name":"Excel Advisor","description":"Su gu\u00eda para la dominaci\u00f3n de datos!","publisher":{"@id":"https:\/\/exceladvisor.org\/es\/#organization"},"potentialAction":[{"@type":"SearchAction","target":{"@type":"EntryPoint","urlTemplate":"https:\/\/exceladvisor.org\/es\/?s={search_term_string}"},"query-input":{"@type":"PropertyValueSpecification","valueRequired":true,"valueName":"search_term_string"}}],"inLanguage":"es"},{"@type":"Organization","@id":"https:\/\/exceladvisor.org\/es\/#organization","name":"Excel Advisor","url":"https:\/\/exceladvisor.org\/es\/","logo":{"@type":"ImageObject","inLanguage":"es","@id":"https:\/\/exceladvisor.org\/es\/#\/schema\/logo\/image\/","url":"https:\/\/exceladvisor.org\/es\/wp-content\/uploads\/2023\/12\/exceladvisor.org_.png","contentUrl":"https:\/\/exceladvisor.org\/es\/wp-content\/uploads\/2023\/12\/exceladvisor.org_.png","width":105,"height":36,"caption":"Excel Advisor"},"image":{"@id":"https:\/\/exceladvisor.org\/es\/#\/schema\/logo\/image\/"}}]}},"yoast_meta":{"yoast_wpseo_title":"","yoast_wpseo_metadesc":"","yoast_wpseo_canonical":""},"_links":{"self":[{"href":"https:\/\/exceladvisor.org\/es\/wp-json\/wp\/v2\/pages\/615","targetHints":{"allow":["GET"]}}],"collection":[{"href":"https:\/\/exceladvisor.org\/es\/wp-json\/wp\/v2\/pages"}],"about":[{"href":"https:\/\/exceladvisor.org\/es\/wp-json\/wp\/v2\/types\/page"}],"author":[{"embeddable":true,"href":"https:\/\/exceladvisor.org\/es\/wp-json\/wp\/v2\/users\/1"}],"replies":[{"embeddable":true,"href":"https:\/\/exceladvisor.org\/es\/wp-json\/wp\/v2\/comments?post=615"}],"version-history":[{"count":1,"href":"https:\/\/exceladvisor.org\/es\/wp-json\/wp\/v2\/pages\/615\/revisions"}],"predecessor-version":[{"id":973,"href":"https:\/\/exceladvisor.org\/es\/wp-json\/wp\/v2\/pages\/615\/revisions\/973"}],"wp:attachment":[{"href":"https:\/\/exceladvisor.org\/es\/wp-json\/wp\/v2\/media?parent=615"}],"curies":[{"name":"wp","href":"https:\/\/api.w.org\/{rel}","templated":true}]}}