{"id":616,"date":"2023-10-18T22:16:48","date_gmt":"2023-10-18T22:16:48","guid":{"rendered":"https:\/\/exceladvisor.org\/es\/la-cuadricula\/"},"modified":"2023-12-25T10:31:36","modified_gmt":"2023-12-25T10:31:36","slug":"la-cuadricula","status":"publish","type":"page","link":"https:\/\/exceladvisor.org\/es\/la-cuadricula\/","title":{"rendered":"\u00bfc\u00f3mo utilizar l\u00edneas de cuadr\u00edcula en excel?"},"content":{"rendered":"<div class=\"excel-antes-del-contenido\" id=\"excel-2943533319\"><script type=\"text\/javascript\">\r\n\tatOptions = {\r\n\t\t'key' : 'c1158f160081d6540a8409e6925dab94',\r\n\t\t'format' : 'iframe',\r\n\t\t'height' : 250,\r\n\t\t'width' : 300,\r\n\t\t'params' : {}\r\n\t};\r\n<\/script>\r\n<script type=\"text\/javascript\" src=\"\/\/www.highperformanceformat.com\/c1158f160081d6540a8409e6925dab94\/invoke.js\"><\/script><\/div><p>En Excel, cuando abre un libro, puede ver que hay l\u00edneas de cuadr\u00edcula (l\u00edneas de color gris claro) que hacen visibles las celdas. En este tutorial, aprenderemos c\u00f3mo administrar estas cuadr\u00edculas. <\/p>\n<div class=\"wp-block-image\">\n<figure class=\"aligncenter size-full is-resized\"><img loading=\"lazy\" decoding=\"async\" class=\"wp-image-61132\" src=\"https:\/\/exceladvisor.org\/wp-content\/uploads\/2023\/08\/1-quadrillage-dans-excel.png\" sizes=\"auto, \" srcset=\"\" alt=\"cuadr\u00edcula en excel\" width=\"379\" height=\"236\"><\/figure>\n<\/div>\n<h2 class=\"wp-block-heading\"> Eliminar l\u00edneas de cuadr\u00edcula en Excel<\/h2>\n<ol type=\"1\">\n<li> Debe navegar a la pesta\u00f1a \u00abVer\u00bb en la cinta.<\/li>\n<li> Desde all\u00ed, vaya al grupo \u00abMostrar\u00bb de arriba.<\/li>\n<li> Luego hay una casilla de verificaci\u00f3n de cuadr\u00edcula all\u00ed.<\/li>\n<li> Desmarque la casilla para eliminar las cuadr\u00edculas del libro. <\/li>\n<\/ol>\n<div class=\"wp-block-image\">\n<figure class=\"aligncenter size-full is-resized\"><img loading=\"lazy\" decoding=\"async\" class=\"wp-image-61133\" src=\"https:\/\/exceladvisor.org\/wp-content\/uploads\/2023\/08\/2-supprimer-le-quadrillage.png\" sizes=\"auto, \" srcset=\"\" alt=\"eliminar rejilla\" width=\"619\" height=\"150\"><\/figure>\n<\/div>\n<p> Si desea volver a mostrar las l\u00edneas de la cuadr\u00edcula, simplemente marque la casilla nuevamente, pero tambi\u00e9n desea ocultar y mostrar las l\u00edneas de la cuadr\u00edcula en la pesta\u00f1a \u00abDise\u00f1o\u00bb, en el grupo de opciones de L\u00edneas de cuadr\u00edcula. <\/p>\n<div class=\"wp-block-image\">\n<figure class=\"aligncenter size-full is-resized\"><img loading=\"lazy\" decoding=\"async\" class=\"wp-image-61134\" src=\"https:\/\/exceladvisor.org\/wp-content\/uploads\/2023\/08\/3-masquage-du-quadrillage.png\" sizes=\"auto, \" srcset=\"\" alt=\"ocultar-mostrar-cuadr\u00edculas\" width=\"545\" height=\"164\"><\/figure>\n<\/div>\n<p> Y hay otra forma que puedes encontrar en las opciones de Excel. Vaya a <strong>la pesta\u00f1a Archivo \u2192 Opciones de Excel \u2192 Avanzado \u2192 Opciones de visualizaci\u00f3n de hoja de c\u00e1lculo \u2192 Desmarque la casilla \u201cMostrar l\u00edneas de cuadr\u00edcula\u201d<\/strong> . <\/p>\n<div class=\"wp-block-image\">\n<figure class=\"aligncenter size-full is-resized\"><img loading=\"lazy\" decoding=\"async\" class=\"wp-image-61135\" src=\"https:\/\/exceladvisor.org\/wp-content\/uploads\/2023\/08\/4-decochez-Afficher-le-quadrillage.png\" sizes=\"auto, \" srcset=\"\" alt=\"desmarcar-mostrar-cuadr\u00edcula\" width=\"677\" height=\"353\"><\/figure>\n<\/div>\n<p class=\"qt-tip\"> <strong>Nota:<\/strong> Cuando utiliza cualquiera de las opciones anteriores para eliminar las l\u00edneas de la cuadr\u00edcula, eso solo se aplicar\u00e1 a la hoja de trabajo activa, no a todo el libro. Pero si desea eliminar o agregar l\u00edneas de cuadr\u00edcula de varias hojas de trabajo, puede seleccionar un grupo de hojas de trabajo y luego desmarcar la opci\u00f3n de cuadr\u00edcula.<\/p>\n<h2 class=\"wp-block-heading\"> Atajo de teclado para l\u00edneas de cuadr\u00edcula en Excel<\/h2>\n<p> De la misma manera, puedes ocultar y mostrar las l\u00edneas de la cuadr\u00edcula usando la siguiente <a href=\"https:\/\/exceladvisor.org\/es\/atajos-de-teclado\/\">tecla de acceso directo<\/a> . La siguiente tecla de acceso directo utiliza la opci\u00f3n de pesta\u00f1a \u00abVer\u00bb.<\/p>\n<p> <kbd>Alt<\/kbd> \u2192 <kbd>W<\/kbd> \u2192 <kbd>V<\/kbd> \u2192 <kbd>G<\/kbd><\/p>\n<h2 class=\"wp-block-heading\"> Imprimir l\u00edneas de cuadr\u00edcula en Excel<\/h2>\n<p> Cuando imprima la hoja de trabajo, no encontrar\u00e1 las l\u00edneas de la cuadr\u00edcula en la impresi\u00f3n. Pero habilitas la impresi\u00f3n de cuadr\u00edcula.<\/p>\n<ol type=\"1\">\n<li> Vaya a la pesta\u00f1a \u00abDise\u00f1o\u00bb y navegue hasta el grupo \u00abOpciones de hoja\u00bb.<\/li>\n<li> Luego, encontrar\u00e1s las cuadr\u00edculas de opciones.<\/li>\n<li> Desde all\u00ed, marque la segunda casilla de verificaci\u00f3n \u00abImprimir\u00bb.<\/li>\n<\/ol>\n<p class=\"qt-tip\"> <strong>Nota:<\/strong> Una vez que habilite la impresi\u00f3n de cuadr\u00edculas, Excel solo imprimir\u00e1 las l\u00edneas de cuadr\u00edcula para el rango en uso (celdas donde tiene contenido). Como el siguiente: <\/p>\n<div class=\"wp-block-image\">\n<figure class=\"aligncenter size-full is-resized\"><img loading=\"lazy\" decoding=\"async\" class=\"wp-image-61136\" src=\"https:\/\/exceladvisor.org\/wp-content\/uploads\/2023\/08\/5-imprimer-le-quadrillage.png\" sizes=\"auto, \" srcset=\"\" alt=\"imprimir la grilla\" width=\"383\" height=\"308\"><\/figure>\n<\/div>\n<h2 class=\"wp-block-heading\"> Cambiar color de cuadr\u00edcula<\/h2>\n<p> De forma predeterminada, las l\u00edneas de la cuadr\u00edcula tienen un color gris claro, pero puede cambiar el color de las l\u00edneas de la cuadr\u00edcula desde las Opciones de Excel. Vaya a <strong>la pesta\u00f1a Archivo \u2192 <a href=\"https:\/\/exceladvisor.org\/es\/opciones\/\">Opciones de Excel<\/a> \u2192 Avanzado \u2192 Opciones de visualizaci\u00f3n de la hoja de trabajo \u2192 Seleccionar color de cuadr\u00edcula<\/strong> . <\/p>\n<div class=\"wp-block-image\">\n<figure class=\"aligncenter size-full is-resized\"><img loading=\"lazy\" decoding=\"async\" class=\"wp-image-61137\" src=\"https:\/\/exceladvisor.org\/wp-content\/uploads\/2023\/08\/6-changer-la-couleur-des-grilles.png\" sizes=\"auto, \" srcset=\"\" alt=\"cambiar el color de la cuadr\u00edcula\" width=\"548\" height=\"339\"><\/figure>\n<\/div>\n<p> Cuando cambia el color de la cuadr\u00edcula, tambi\u00e9n cambia el color de la cuadr\u00edcula para imprimir, si est\u00e1 utilizando la impresi\u00f3n en color.<\/p>\n<div class=\"gb-container gb-container-4db6181c gb-container-mt\"> <a class=\"gb-button gb-button-c5897111 gb-button-text gb-button-mt-button\" href=\"https:\/\/exceladvisor.org\/es\/conceptos-basicos-de-excel\/\">Conceptos b\u00e1sicos de Microsoft Excel (componentes, piezas y notas de conocimiento)<\/a><\/p>\n<h2 class=\"gb-headline gb-headline-665e5f6b gb-headline-text gb-headline-mt-heading\"> Tutoriales relacionados <\/h2>\n<div class=\"gb-grid-wrapper gb-grid-wrapper-a20baf7c gb-grid-wrapper-mt-grid\">\n<div class=\"gb-grid-column gb-grid-column-65ddf67e\">\n<div class=\"gb-container gb-container-65ddf67e\">\n<ul>\n<li> <a href=\"https:\/\/exceladvisor.org\/es\/formato-del-numero-de-contabilidad\/\">Aplicar formato de n\u00famero contable en Excel<\/a><\/li>\n<li> <a href=\"https:\/\/exceladvisor.org\/es\/color-de-celda\/\">Aplicar color de fondo a una celda o a toda la hoja en Excel<\/a><\/li>\n<li> <a href=\"https:\/\/exceladvisor.org\/es\/agregar-un-numero-de-pagina\/\">Agregar un n\u00famero de p\u00e1gina en Excel<\/a><\/li>\n<li> <a href=\"https:\/\/exceladvisor.org\/es\/aplicar-estilo-de-coma\/\">Aplicar estilo coma en Excel<\/a><\/li>\n<li> <a href=\"https:\/\/exceladvisor.org\/es\/vara\/\">Aplicar tachado en Exce<\/a><\/li>\n<\/ul>\n<\/div>\n<\/div>\n<\/div>\n<\/div>\n","protected":false},"excerpt":{"rendered":"<p>En Excel, cuando abre un libro, puede ver que hay l\u00edneas de cuadr\u00edcula (l\u00edneas de color gris claro) que hacen visibles las celdas. En este tutorial, aprenderemos c\u00f3mo administrar estas cuadr\u00edculas. Eliminar l\u00edneas de cuadr\u00edcula en Excel Debe navegar a la pesta\u00f1a \u00abVer\u00bb en la cinta. Desde all\u00ed, vaya al grupo \u00abMostrar\u00bb de arriba. Luego [&hellip;]<\/p>\n","protected":false},"author":1,"featured_media":0,"parent":0,"menu_order":0,"comment_status":"open","ping_status":"closed","template":"","meta":{"ub_ctt_via":"","footnotes":""},"class_list":["post-616","page","type-page","status-publish","hentry"],"featured_image_src":null,"yoast_head":"<!-- This site is optimized with the Yoast SEO plugin v25.4 - https:\/\/yoast.com\/wordpress\/plugins\/seo\/ -->\n<title>\u00bfc\u00f3mo utilizar l\u00edneas de cuadr\u00edcula en excel?<\/title>\n<meta name=\"robots\" content=\"index, follow, max-snippet:-1, max-image-preview:large, max-video-preview:-1\" \/>\n<link rel=\"canonical\" href=\"https:\/\/exceladvisor.org\/es\/la-cuadricula\/\" \/>\n<meta property=\"og:locale\" content=\"es_ES\" \/>\n<meta property=\"og:type\" content=\"article\" \/>\n<meta property=\"og:title\" content=\"\u00bfc\u00f3mo utilizar l\u00edneas de cuadr\u00edcula en excel?\" \/>\n<meta property=\"og:description\" content=\"En Excel, cuando abre un libro, puede ver que hay l\u00edneas de cuadr\u00edcula (l\u00edneas de color gris claro) que hacen visibles las celdas. En este tutorial, aprenderemos c\u00f3mo administrar estas cuadr\u00edculas. Eliminar l\u00edneas de cuadr\u00edcula en Excel Debe navegar a la pesta\u00f1a \u00abVer\u00bb en la cinta. Desde all\u00ed, vaya al grupo \u00abMostrar\u00bb de arriba. Luego [&hellip;]\" \/>\n<meta property=\"og:url\" content=\"https:\/\/exceladvisor.org\/es\/la-cuadricula\/\" \/>\n<meta property=\"og:site_name\" content=\"Excel Advisor\" \/>\n<meta property=\"article:modified_time\" content=\"2023-12-25T10:31:36+00:00\" \/>\n<meta property=\"og:image\" content=\"https:\/\/exceladvisor.org\/wp-content\/uploads\/2023\/08\/1-quadrillage-dans-excel.png\" \/>\n<meta name=\"twitter:card\" content=\"summary_large_image\" \/>\n<meta name=\"twitter:label1\" content=\"Tiempo de lectura\" \/>\n\t<meta name=\"twitter:data1\" content=\"3 minutos\" \/>\n<script type=\"application\/ld+json\" class=\"yoast-schema-graph\">{\"@context\":\"https:\/\/schema.org\",\"@graph\":[{\"@type\":\"WebPage\",\"@id\":\"https:\/\/exceladvisor.org\/es\/la-cuadricula\/\",\"url\":\"https:\/\/exceladvisor.org\/es\/la-cuadricula\/\",\"name\":\"\u00bfc\u00f3mo utilizar l\u00edneas de cuadr\u00edcula en excel?\",\"isPartOf\":{\"@id\":\"https:\/\/exceladvisor.org\/es\/#website\"},\"primaryImageOfPage\":{\"@id\":\"https:\/\/exceladvisor.org\/es\/la-cuadricula\/#primaryimage\"},\"image\":{\"@id\":\"https:\/\/exceladvisor.org\/es\/la-cuadricula\/#primaryimage\"},\"thumbnailUrl\":\"https:\/\/exceladvisor.org\/wp-content\/uploads\/2023\/08\/1-quadrillage-dans-excel.png\",\"datePublished\":\"2023-10-18T22:16:48+00:00\",\"dateModified\":\"2023-12-25T10:31:36+00:00\",\"breadcrumb\":{\"@id\":\"https:\/\/exceladvisor.org\/es\/la-cuadricula\/#breadcrumb\"},\"inLanguage\":\"es\",\"potentialAction\":[{\"@type\":\"ReadAction\",\"target\":[\"https:\/\/exceladvisor.org\/es\/la-cuadricula\/\"]}]},{\"@type\":\"ImageObject\",\"inLanguage\":\"es\",\"@id\":\"https:\/\/exceladvisor.org\/es\/la-cuadricula\/#primaryimage\",\"url\":\"https:\/\/exceladvisor.org\/wp-content\/uploads\/2023\/08\/1-quadrillage-dans-excel.png\",\"contentUrl\":\"https:\/\/exceladvisor.org\/wp-content\/uploads\/2023\/08\/1-quadrillage-dans-excel.png\"},{\"@type\":\"BreadcrumbList\",\"@id\":\"https:\/\/exceladvisor.org\/es\/la-cuadricula\/#breadcrumb\",\"itemListElement\":[{\"@type\":\"ListItem\",\"position\":1,\"name\":\"Hogar\",\"item\":\"https:\/\/exceladvisor.org\/es\/\"},{\"@type\":\"ListItem\",\"position\":2,\"name\":\"\u00bfc\u00f3mo utilizar l\u00edneas de cuadr\u00edcula en excel?\"}]},{\"@type\":\"WebSite\",\"@id\":\"https:\/\/exceladvisor.org\/es\/#website\",\"url\":\"https:\/\/exceladvisor.org\/es\/\",\"name\":\"Excel Advisor\",\"description\":\"Su gu\u00eda para la dominaci\u00f3n de datos!\",\"publisher\":{\"@id\":\"https:\/\/exceladvisor.org\/es\/#organization\"},\"potentialAction\":[{\"@type\":\"SearchAction\",\"target\":{\"@type\":\"EntryPoint\",\"urlTemplate\":\"https:\/\/exceladvisor.org\/es\/?s={search_term_string}\"},\"query-input\":{\"@type\":\"PropertyValueSpecification\",\"valueRequired\":true,\"valueName\":\"search_term_string\"}}],\"inLanguage\":\"es\"},{\"@type\":\"Organization\",\"@id\":\"https:\/\/exceladvisor.org\/es\/#organization\",\"name\":\"Excel Advisor\",\"url\":\"https:\/\/exceladvisor.org\/es\/\",\"logo\":{\"@type\":\"ImageObject\",\"inLanguage\":\"es\",\"@id\":\"https:\/\/exceladvisor.org\/es\/#\/schema\/logo\/image\/\",\"url\":\"https:\/\/exceladvisor.org\/es\/wp-content\/uploads\/2023\/12\/exceladvisor.org_.png\",\"contentUrl\":\"https:\/\/exceladvisor.org\/es\/wp-content\/uploads\/2023\/12\/exceladvisor.org_.png\",\"width\":105,\"height\":36,\"caption\":\"Excel Advisor\"},\"image\":{\"@id\":\"https:\/\/exceladvisor.org\/es\/#\/schema\/logo\/image\/\"}}]}<\/script>\n<!-- \/ Yoast SEO plugin. -->","yoast_head_json":{"title":"\u00bfc\u00f3mo utilizar l\u00edneas de cuadr\u00edcula en excel?","robots":{"index":"index","follow":"follow","max-snippet":"max-snippet:-1","max-image-preview":"max-image-preview:large","max-video-preview":"max-video-preview:-1"},"canonical":"https:\/\/exceladvisor.org\/es\/la-cuadricula\/","og_locale":"es_ES","og_type":"article","og_title":"\u00bfc\u00f3mo utilizar l\u00edneas de cuadr\u00edcula en excel?","og_description":"En Excel, cuando abre un libro, puede ver que hay l\u00edneas de cuadr\u00edcula (l\u00edneas de color gris claro) que hacen visibles las celdas. En este tutorial, aprenderemos c\u00f3mo administrar estas cuadr\u00edculas. Eliminar l\u00edneas de cuadr\u00edcula en Excel Debe navegar a la pesta\u00f1a \u00abVer\u00bb en la cinta. Desde all\u00ed, vaya al grupo \u00abMostrar\u00bb de arriba. Luego [&hellip;]","og_url":"https:\/\/exceladvisor.org\/es\/la-cuadricula\/","og_site_name":"Excel Advisor","article_modified_time":"2023-12-25T10:31:36+00:00","og_image":[{"url":"https:\/\/exceladvisor.org\/wp-content\/uploads\/2023\/08\/1-quadrillage-dans-excel.png","type":"","width":"","height":""}],"twitter_card":"summary_large_image","twitter_misc":{"Tiempo de lectura":"3 minutos"},"schema":{"@context":"https:\/\/schema.org","@graph":[{"@type":"WebPage","@id":"https:\/\/exceladvisor.org\/es\/la-cuadricula\/","url":"https:\/\/exceladvisor.org\/es\/la-cuadricula\/","name":"\u00bfc\u00f3mo utilizar l\u00edneas de cuadr\u00edcula en excel?","isPartOf":{"@id":"https:\/\/exceladvisor.org\/es\/#website"},"primaryImageOfPage":{"@id":"https:\/\/exceladvisor.org\/es\/la-cuadricula\/#primaryimage"},"image":{"@id":"https:\/\/exceladvisor.org\/es\/la-cuadricula\/#primaryimage"},"thumbnailUrl":"https:\/\/exceladvisor.org\/wp-content\/uploads\/2023\/08\/1-quadrillage-dans-excel.png","datePublished":"2023-10-18T22:16:48+00:00","dateModified":"2023-12-25T10:31:36+00:00","breadcrumb":{"@id":"https:\/\/exceladvisor.org\/es\/la-cuadricula\/#breadcrumb"},"inLanguage":"es","potentialAction":[{"@type":"ReadAction","target":["https:\/\/exceladvisor.org\/es\/la-cuadricula\/"]}]},{"@type":"ImageObject","inLanguage":"es","@id":"https:\/\/exceladvisor.org\/es\/la-cuadricula\/#primaryimage","url":"https:\/\/exceladvisor.org\/wp-content\/uploads\/2023\/08\/1-quadrillage-dans-excel.png","contentUrl":"https:\/\/exceladvisor.org\/wp-content\/uploads\/2023\/08\/1-quadrillage-dans-excel.png"},{"@type":"BreadcrumbList","@id":"https:\/\/exceladvisor.org\/es\/la-cuadricula\/#breadcrumb","itemListElement":[{"@type":"ListItem","position":1,"name":"Hogar","item":"https:\/\/exceladvisor.org\/es\/"},{"@type":"ListItem","position":2,"name":"\u00bfc\u00f3mo utilizar l\u00edneas de cuadr\u00edcula en excel?"}]},{"@type":"WebSite","@id":"https:\/\/exceladvisor.org\/es\/#website","url":"https:\/\/exceladvisor.org\/es\/","name":"Excel Advisor","description":"Su gu\u00eda para la dominaci\u00f3n de datos!","publisher":{"@id":"https:\/\/exceladvisor.org\/es\/#organization"},"potentialAction":[{"@type":"SearchAction","target":{"@type":"EntryPoint","urlTemplate":"https:\/\/exceladvisor.org\/es\/?s={search_term_string}"},"query-input":{"@type":"PropertyValueSpecification","valueRequired":true,"valueName":"search_term_string"}}],"inLanguage":"es"},{"@type":"Organization","@id":"https:\/\/exceladvisor.org\/es\/#organization","name":"Excel Advisor","url":"https:\/\/exceladvisor.org\/es\/","logo":{"@type":"ImageObject","inLanguage":"es","@id":"https:\/\/exceladvisor.org\/es\/#\/schema\/logo\/image\/","url":"https:\/\/exceladvisor.org\/es\/wp-content\/uploads\/2023\/12\/exceladvisor.org_.png","contentUrl":"https:\/\/exceladvisor.org\/es\/wp-content\/uploads\/2023\/12\/exceladvisor.org_.png","width":105,"height":36,"caption":"Excel Advisor"},"image":{"@id":"https:\/\/exceladvisor.org\/es\/#\/schema\/logo\/image\/"}}]}},"yoast_meta":{"yoast_wpseo_title":"","yoast_wpseo_metadesc":"","yoast_wpseo_canonical":""},"_links":{"self":[{"href":"https:\/\/exceladvisor.org\/es\/wp-json\/wp\/v2\/pages\/616","targetHints":{"allow":["GET"]}}],"collection":[{"href":"https:\/\/exceladvisor.org\/es\/wp-json\/wp\/v2\/pages"}],"about":[{"href":"https:\/\/exceladvisor.org\/es\/wp-json\/wp\/v2\/types\/page"}],"author":[{"embeddable":true,"href":"https:\/\/exceladvisor.org\/es\/wp-json\/wp\/v2\/users\/1"}],"replies":[{"embeddable":true,"href":"https:\/\/exceladvisor.org\/es\/wp-json\/wp\/v2\/comments?post=616"}],"version-history":[{"count":1,"href":"https:\/\/exceladvisor.org\/es\/wp-json\/wp\/v2\/pages\/616\/revisions"}],"predecessor-version":[{"id":1370,"href":"https:\/\/exceladvisor.org\/es\/wp-json\/wp\/v2\/pages\/616\/revisions\/1370"}],"wp:attachment":[{"href":"https:\/\/exceladvisor.org\/es\/wp-json\/wp\/v2\/media?parent=616"}],"curies":[{"name":"wp","href":"https:\/\/api.w.org\/{rel}","templated":true}]}}