{"id":617,"date":"2023-10-18T20:03:06","date_gmt":"2023-10-18T20:03:06","guid":{"rendered":"https:\/\/exceladvisor.org\/es\/insertar-una-flecha\/"},"modified":"2023-12-25T10:25:59","modified_gmt":"2023-12-25T10:25:59","slug":"insertar-una-flecha","status":"publish","type":"page","link":"https:\/\/exceladvisor.org\/es\/insertar-una-flecha\/","title":{"rendered":"\u00bfc\u00f3mo insertar una flecha en una celda en excel?"},"content":{"rendered":"<div class=\"excel-antes-del-contenido\" id=\"excel-2284210818\"><script type=\"text\/javascript\">\r\n\tatOptions = {\r\n\t\t'key' : 'c1158f160081d6540a8409e6925dab94',\r\n\t\t'format' : 'iframe',\r\n\t\t'height' : 250,\r\n\t\t'width' : 300,\r\n\t\t'params' : {}\r\n\t};\r\n<\/script>\r\n<script type=\"text\/javascript\" src=\"\/\/www.highperformanceformat.com\/c1158f160081d6540a8409e6925dab94\/invoke.js\"><\/script><\/div><p>A veces necesita ciertos s\u00edmbolos para usarlos como indicador r\u00e1pido en los datos de Excel y para esto Excel tiene la opci\u00f3n de insertar flechas y muchos otros s\u00edmbolos o formas predefinidos en las celdas.<\/p>\n<p> Es un proceso r\u00e1pido con s\u00f3lo tres o cuatro pasos para insertar una flecha y otros s\u00edmbolos en Excel.<\/p>\n<h2 id=\"insert-an-arrow-in-a-cell-as-symbol\" class=\"wp-block-heading\"> Insertar una flecha en una celda como s\u00edmbolo<\/h2>\n<ol>\n<li> Primero, seleccione y <a href=\"https:\/\/exceladvisor.org\/es\/editar-celda\/\">edite la celda<\/a> donde desea insertar una flecha como s\u00edmbolo.<\/li>\n<li> Despu\u00e9s de eso, vaya a la pesta\u00f1a \u00abInsertar\u00bb, luego haga clic en el icono \u00abS\u00edmbolos\u00bb en la cinta y haga clic en la opci\u00f3n \u00abS\u00edmbolo\u00bb. <br \/><img loading=\"lazy\" decoding=\"async\" title=\"1-insertar-flecha-como-s\u00edmbolo\" src=\"https:\/\/exceladvisor.org\/wp-content\/uploads\/2023\/08\/1-inserer-une-fleche-comme-symbole.png\" sizes=\"auto, \" srcset=\"\" alt=\"insert-an-arrow-as-symbol\" width=\"811\" height=\"283\"><\/li>\n<li> Una vez que haga clic en la opci\u00f3n \u00abS\u00edmbolo\u00bb, se mostrar\u00e1 una ventana emergente con varias opciones de s\u00edmbolos para elegir.<\/li>\n<li> Ahora, seleccione una flecha que desee insertar en la celda seleccionada y haga clic en \u00abInsertar\u00bb y luego en \u00abCerrar\u00bb. <br \/><img loading=\"lazy\" decoding=\"async\" title=\"2-seleccione-una-flecha\" src=\"https:\/\/exceladvisor.org\/wp-content\/uploads\/2023\/08\/2-selectionner-une-fleche.png\" sizes=\"auto, \" srcset=\"\" alt=\"select-an-arrow\" width=\"454\" height=\"304\"><\/li>\n<li> En este punto, la flecha seleccionada se inserta en la celda seleccionada. <br \/><img loading=\"lazy\" decoding=\"async\" title=\"S\u00edmbolo de 3 flechas en Excel\" src=\"https:\/\/exceladvisor.org\/wp-content\/uploads\/2023\/08\/Symbole-3-fleches-dans-Excel.png\" sizes=\"auto, \" srcset=\"\" alt=\"arrow-symbol-in-excel\" width=\"614\" height=\"156\"><\/li>\n<\/ol>\n<p> Puede seleccionar e insertar varias flechas y opciones de s\u00edmbolos en una celda, pero no puede insertar el s\u00edmbolo en varias celdas a la vez.<\/p>\n<p> Para ello, debe insertar el s\u00edmbolo en una sola celda y luego copiar ese s\u00edmbolo de la celda y pegarlo en varias celdas.<\/p>\n<h2 id=\"insert-an-arrow-in-a-cell-as-shape\" class=\"wp-block-heading\"> Insertar una flecha en una celda como forma.<\/h2>\n<ol>\n<li> Primero, vaya a la pesta\u00f1a \u00abInsertar\u00bb, luego haga clic en el icono \u00abIlustraciones\u00bb en la cinta y haga clic en la opci\u00f3n \u00abFormas\u00bb. <br \/><img loading=\"lazy\" decoding=\"async\" title=\"Forma de flecha de 4 insertos\" src=\"https:\/\/exceladvisor.org\/wp-content\/uploads\/2023\/08\/4-inserer-une-fleche-comme-forme.png\" sizes=\"auto, \" srcset=\"\" alt=\"insert-an-arrow-as-a-shape\" width=\"520\" height=\"269\"><\/li>\n<li> Una vez que haga clic en la opci\u00f3n \u00abFormas\u00bb, se mostrar\u00e1n m\u00faltiples tipos de formas con m\u00faltiples formas de flecha. <br \/><img loading=\"lazy\" decoding=\"async\" title=\"5 formas de flechas m\u00faltiples\" src=\"https:\/\/exceladvisor.org\/wp-content\/uploads\/2023\/08\/5-formes-de-fleches-multiples.png\" sizes=\"auto, \" srcset=\"\" alt=\"multiple-arrow-shapes\" width=\"511\" height=\"382\"><\/li>\n<li> Ahora haga clic en la flecha que desea insertar y, con el cursor del mouse, vaya a cualquier parte de la hoja y haga clic, mantenga presionado el bot\u00f3n del mouse y arrastre la flecha hacia donde sea necesario.<\/li>\n<li> En este punto, la flecha seleccionada como forma se inserta en la celda.<\/li>\n<li> En la pesta\u00f1a \u00abFormato de forma\u00bb bajo el grupo \u00abEstilos de forma\u00bb, puede cambiar el color, el tama\u00f1o y el efecto de la flecha. <br \/><img loading=\"lazy\" decoding=\"async\" title=\"Flecha de forma de 6 formatos\" src=\"https:\/\/exceladvisor.org\/wp-content\/uploads\/2023\/08\/Forme-de-fleche-6-formats.png\" sizes=\"auto, \" srcset=\"\" alt=\"format-arrow-shape\" width=\"549\" height=\"268\"><\/li>\n<\/ol>\n<h2 id=\"insert-upward-and-downward-arrow-using-conditional-formatting\" class=\"wp-block-heading\"> Inserte una flecha hacia arriba y hacia abajo usando formato condicional<\/h2>\n<ol>\n<li> Primero, seleccione las celdas donde necesita insertar las flechas hacia arriba y hacia abajo, luego haga clic en el icono \u00abFormato condicional\u00bb en la cinta. <br \/><img loading=\"lazy\" decoding=\"async\" title=\"7-insertar flechas arriba-abajo\" src=\"https:\/\/exceladvisor.org\/wp-content\/uploads\/2023\/08\/7-inserer-des-fleches-vers-le-haut-vers-le-bas.png\" sizes=\"auto, \" srcset=\"\" alt=\"insert-upward-downward-arrows\" width=\"310\" height=\"232\"><\/li>\n<li> Ahora seleccione \u00abconjuntos de iconos\u00bb y haga clic en las flechas que desea insertar.<\/li>\n<li> En este punto, se insertan flechas hacia arriba y hacia abajo \u201croja, amarilla y verde\u201d en las celdas seleccionadas. <br \/><img loading=\"lazy\" decoding=\"async\" title=\"8-seleccionar-flechas-de-colores\" src=\"https:\/\/exceladvisor.org\/wp-content\/uploads\/2023\/08\/8-selectionner-les-fleches-colorees.png\" sizes=\"auto, \" srcset=\"\" alt=\"select-colored-arrows\" width=\"523\" height=\"421\"><\/li>\n<\/ol>\n<h2 id=\"insert-an-arrow-using-the-wingdings-3-font\" class=\"wp-block-heading\"> Inserta una flecha usando la fuente Wingdings 3<\/h2>\n<p> Para insertar una flecha usando la fuente Wingdings 3, necesita tener una lista de caracteres que se puedan convertir en flechas y otros s\u00edmbolos en Excel.<\/p>\n<ol>\n<li> Primero, ingrese el car\u00e1cter en la celda donde necesita insertar una flecha. <br \/><img loading=\"lazy\" decoding=\"async\" title=\"9 caracteres para flechas\" src=\"https:\/\/exceladvisor.org\/wp-content\/uploads\/2023\/08\/9-caracteres-pour-les-fleches.png\" sizes=\"auto, \" srcset=\"\" alt=\"characters-for-arrows\" width=\"243\" height=\"291\"><\/li>\n<li> Despu\u00e9s de eso, vaya al grupo \u00abFuente\u00bb en la cinta, haga clic en el icono desplegable de fuentes y seleccione la fuente \u00abWingdings 3\u00bb. <br \/><img loading=\"lazy\" decoding=\"async\" title=\"10-convertir-car\u00e1cter-en-flecha\" src=\"https:\/\/exceladvisor.org\/wp-content\/uploads\/2023\/08\/10-convertir-le-caractere-en-fleche.png\" sizes=\"auto, \" srcset=\"\" alt=\"convert-character-into-arrow\" width=\"270\" height=\"310\"><\/li>\n<li> En este punto, su personaje se convierte en un s\u00edmbolo de flecha seg\u00fan el car\u00e1cter que ingres\u00f3 en la celda. <br \/><img loading=\"lazy\" decoding=\"async\" title=\"11-convertir-car\u00e1cter-en-flecha\" src=\"https:\/\/exceladvisor.org\/wp-content\/uploads\/2023\/08\/11-convertir-le-caractere-en-fleche.png\" sizes=\"auto, \" srcset=\"\" alt=\"convert-character-into-arrow\" width=\"270\" height=\"317\"><\/li>\n<\/ol>\n<div class=\"gb-container gb-container-4db6181c gb-container-mt\"> <a class=\"gb-button gb-button-c5897111 gb-button-text gb-button-mt-button\" href=\"https:\/\/exceladvisor.org\/es\/conceptos-basicos-de-excel\/\">Conceptos b\u00e1sicos de Microsoft Excel (componentes, piezas y notas de conocimiento)<\/a><\/p>\n<h2 class=\"gb-headline gb-headline-665e5f6b gb-headline-text gb-headline-mt-heading\"> Tutoriales relacionados <\/h2>\n<div class=\"gb-grid-wrapper gb-grid-wrapper-a20baf7c gb-grid-wrapper-mt-grid\">\n<div class=\"gb-grid-column gb-grid-column-50067b57\">\n<div class=\"gb-container gb-container-50067b57\">\n<ul>\n<li> <a href=\"https:\/\/exceladvisor.org\/es\/delta\/\">Insertar el s\u00edmbolo delta en Excel en una celda<\/a><\/li>\n<li> <a href=\"https:\/\/exceladvisor.org\/es\/grado\/\">Insertar (escribir) s\u00edmbolo de grado en Excel<\/a><\/li>\n<li> <a href=\"https:\/\/exceladvisor.org\/es\/formula-para-valorar\/\">Convertir f\u00f3rmula a valor en Excel<\/a><\/li>\n<li> <a href=\"https:\/\/exceladvisor.org\/es\/marca-de-verificacion-2\/\" data-wpil=\"url\">Insertar un s\u00edmbolo de marca de verificaci\u00f3n en Excel<\/a><\/li>\n<\/ul>\n<\/div>\n<\/div>\n<\/div>\n<\/div>\n","protected":false},"excerpt":{"rendered":"<p>A veces necesita ciertos s\u00edmbolos para usarlos como indicador r\u00e1pido en los datos de Excel y para esto Excel tiene la opci\u00f3n de insertar flechas y muchos otros s\u00edmbolos o formas predefinidos en las celdas. Es un proceso r\u00e1pido con s\u00f3lo tres o cuatro pasos para insertar una flecha y otros s\u00edmbolos en Excel. Insertar [&hellip;]<\/p>\n","protected":false},"author":1,"featured_media":0,"parent":0,"menu_order":0,"comment_status":"open","ping_status":"closed","template":"","meta":{"ub_ctt_via":"","footnotes":""},"class_list":["post-617","page","type-page","status-publish","hentry"],"featured_image_src":null,"yoast_head":"<!-- This site is optimized with the Yoast SEO plugin v25.4 - https:\/\/yoast.com\/wordpress\/plugins\/seo\/ -->\n<title>\u00bfc\u00f3mo insertar una flecha en una celda en excel?<\/title>\n<meta name=\"robots\" content=\"index, follow, max-snippet:-1, max-image-preview:large, max-video-preview:-1\" \/>\n<link rel=\"canonical\" href=\"https:\/\/exceladvisor.org\/es\/insertar-una-flecha\/\" \/>\n<meta property=\"og:locale\" content=\"es_ES\" \/>\n<meta property=\"og:type\" content=\"article\" \/>\n<meta property=\"og:title\" content=\"\u00bfc\u00f3mo insertar una flecha en una celda en excel?\" \/>\n<meta property=\"og:description\" content=\"A veces necesita ciertos s\u00edmbolos para usarlos como indicador r\u00e1pido en los datos de Excel y para esto Excel tiene la opci\u00f3n de insertar flechas y muchos otros s\u00edmbolos o formas predefinidos en las celdas. Es un proceso r\u00e1pido con s\u00f3lo tres o cuatro pasos para insertar una flecha y otros s\u00edmbolos en Excel. Insertar [&hellip;]\" \/>\n<meta property=\"og:url\" content=\"https:\/\/exceladvisor.org\/es\/insertar-una-flecha\/\" \/>\n<meta property=\"og:site_name\" content=\"Excel Advisor\" \/>\n<meta property=\"article:modified_time\" content=\"2023-12-25T10:25:59+00:00\" \/>\n<meta property=\"og:image\" content=\"https:\/\/exceladvisor.org\/wp-content\/uploads\/2023\/08\/1-inserer-une-fleche-comme-symbole.png\" \/>\n<meta name=\"twitter:card\" content=\"summary_large_image\" \/>\n<meta name=\"twitter:label1\" content=\"Tiempo de lectura\" \/>\n\t<meta name=\"twitter:data1\" content=\"3 minutos\" \/>\n<script type=\"application\/ld+json\" class=\"yoast-schema-graph\">{\"@context\":\"https:\/\/schema.org\",\"@graph\":[{\"@type\":\"WebPage\",\"@id\":\"https:\/\/exceladvisor.org\/es\/insertar-una-flecha\/\",\"url\":\"https:\/\/exceladvisor.org\/es\/insertar-una-flecha\/\",\"name\":\"\u00bfc\u00f3mo insertar una flecha en una celda en excel?\",\"isPartOf\":{\"@id\":\"https:\/\/exceladvisor.org\/es\/#website\"},\"primaryImageOfPage\":{\"@id\":\"https:\/\/exceladvisor.org\/es\/insertar-una-flecha\/#primaryimage\"},\"image\":{\"@id\":\"https:\/\/exceladvisor.org\/es\/insertar-una-flecha\/#primaryimage\"},\"thumbnailUrl\":\"https:\/\/exceladvisor.org\/wp-content\/uploads\/2023\/08\/1-inserer-une-fleche-comme-symbole.png\",\"datePublished\":\"2023-10-18T20:03:06+00:00\",\"dateModified\":\"2023-12-25T10:25:59+00:00\",\"breadcrumb\":{\"@id\":\"https:\/\/exceladvisor.org\/es\/insertar-una-flecha\/#breadcrumb\"},\"inLanguage\":\"es\",\"potentialAction\":[{\"@type\":\"ReadAction\",\"target\":[\"https:\/\/exceladvisor.org\/es\/insertar-una-flecha\/\"]}]},{\"@type\":\"ImageObject\",\"inLanguage\":\"es\",\"@id\":\"https:\/\/exceladvisor.org\/es\/insertar-una-flecha\/#primaryimage\",\"url\":\"https:\/\/exceladvisor.org\/wp-content\/uploads\/2023\/08\/1-inserer-une-fleche-comme-symbole.png\",\"contentUrl\":\"https:\/\/exceladvisor.org\/wp-content\/uploads\/2023\/08\/1-inserer-une-fleche-comme-symbole.png\"},{\"@type\":\"BreadcrumbList\",\"@id\":\"https:\/\/exceladvisor.org\/es\/insertar-una-flecha\/#breadcrumb\",\"itemListElement\":[{\"@type\":\"ListItem\",\"position\":1,\"name\":\"Hogar\",\"item\":\"https:\/\/exceladvisor.org\/es\/\"},{\"@type\":\"ListItem\",\"position\":2,\"name\":\"\u00bfc\u00f3mo insertar una flecha en una celda en excel?\"}]},{\"@type\":\"WebSite\",\"@id\":\"https:\/\/exceladvisor.org\/es\/#website\",\"url\":\"https:\/\/exceladvisor.org\/es\/\",\"name\":\"Excel Advisor\",\"description\":\"Su gu\u00eda para la dominaci\u00f3n de datos!\",\"publisher\":{\"@id\":\"https:\/\/exceladvisor.org\/es\/#organization\"},\"potentialAction\":[{\"@type\":\"SearchAction\",\"target\":{\"@type\":\"EntryPoint\",\"urlTemplate\":\"https:\/\/exceladvisor.org\/es\/?s={search_term_string}\"},\"query-input\":{\"@type\":\"PropertyValueSpecification\",\"valueRequired\":true,\"valueName\":\"search_term_string\"}}],\"inLanguage\":\"es\"},{\"@type\":\"Organization\",\"@id\":\"https:\/\/exceladvisor.org\/es\/#organization\",\"name\":\"Excel Advisor\",\"url\":\"https:\/\/exceladvisor.org\/es\/\",\"logo\":{\"@type\":\"ImageObject\",\"inLanguage\":\"es\",\"@id\":\"https:\/\/exceladvisor.org\/es\/#\/schema\/logo\/image\/\",\"url\":\"https:\/\/exceladvisor.org\/es\/wp-content\/uploads\/2023\/12\/exceladvisor.org_.png\",\"contentUrl\":\"https:\/\/exceladvisor.org\/es\/wp-content\/uploads\/2023\/12\/exceladvisor.org_.png\",\"width\":105,\"height\":36,\"caption\":\"Excel Advisor\"},\"image\":{\"@id\":\"https:\/\/exceladvisor.org\/es\/#\/schema\/logo\/image\/\"}}]}<\/script>\n<!-- \/ Yoast SEO plugin. -->","yoast_head_json":{"title":"\u00bfc\u00f3mo insertar una flecha en una celda en excel?","robots":{"index":"index","follow":"follow","max-snippet":"max-snippet:-1","max-image-preview":"max-image-preview:large","max-video-preview":"max-video-preview:-1"},"canonical":"https:\/\/exceladvisor.org\/es\/insertar-una-flecha\/","og_locale":"es_ES","og_type":"article","og_title":"\u00bfc\u00f3mo insertar una flecha en una celda en excel?","og_description":"A veces necesita ciertos s\u00edmbolos para usarlos como indicador r\u00e1pido en los datos de Excel y para esto Excel tiene la opci\u00f3n de insertar flechas y muchos otros s\u00edmbolos o formas predefinidos en las celdas. Es un proceso r\u00e1pido con s\u00f3lo tres o cuatro pasos para insertar una flecha y otros s\u00edmbolos en Excel. Insertar [&hellip;]","og_url":"https:\/\/exceladvisor.org\/es\/insertar-una-flecha\/","og_site_name":"Excel Advisor","article_modified_time":"2023-12-25T10:25:59+00:00","og_image":[{"url":"https:\/\/exceladvisor.org\/wp-content\/uploads\/2023\/08\/1-inserer-une-fleche-comme-symbole.png","type":"","width":"","height":""}],"twitter_card":"summary_large_image","twitter_misc":{"Tiempo de lectura":"3 minutos"},"schema":{"@context":"https:\/\/schema.org","@graph":[{"@type":"WebPage","@id":"https:\/\/exceladvisor.org\/es\/insertar-una-flecha\/","url":"https:\/\/exceladvisor.org\/es\/insertar-una-flecha\/","name":"\u00bfc\u00f3mo insertar una flecha en una celda en excel?","isPartOf":{"@id":"https:\/\/exceladvisor.org\/es\/#website"},"primaryImageOfPage":{"@id":"https:\/\/exceladvisor.org\/es\/insertar-una-flecha\/#primaryimage"},"image":{"@id":"https:\/\/exceladvisor.org\/es\/insertar-una-flecha\/#primaryimage"},"thumbnailUrl":"https:\/\/exceladvisor.org\/wp-content\/uploads\/2023\/08\/1-inserer-une-fleche-comme-symbole.png","datePublished":"2023-10-18T20:03:06+00:00","dateModified":"2023-12-25T10:25:59+00:00","breadcrumb":{"@id":"https:\/\/exceladvisor.org\/es\/insertar-una-flecha\/#breadcrumb"},"inLanguage":"es","potentialAction":[{"@type":"ReadAction","target":["https:\/\/exceladvisor.org\/es\/insertar-una-flecha\/"]}]},{"@type":"ImageObject","inLanguage":"es","@id":"https:\/\/exceladvisor.org\/es\/insertar-una-flecha\/#primaryimage","url":"https:\/\/exceladvisor.org\/wp-content\/uploads\/2023\/08\/1-inserer-une-fleche-comme-symbole.png","contentUrl":"https:\/\/exceladvisor.org\/wp-content\/uploads\/2023\/08\/1-inserer-une-fleche-comme-symbole.png"},{"@type":"BreadcrumbList","@id":"https:\/\/exceladvisor.org\/es\/insertar-una-flecha\/#breadcrumb","itemListElement":[{"@type":"ListItem","position":1,"name":"Hogar","item":"https:\/\/exceladvisor.org\/es\/"},{"@type":"ListItem","position":2,"name":"\u00bfc\u00f3mo insertar una flecha en una celda en excel?"}]},{"@type":"WebSite","@id":"https:\/\/exceladvisor.org\/es\/#website","url":"https:\/\/exceladvisor.org\/es\/","name":"Excel Advisor","description":"Su gu\u00eda para la dominaci\u00f3n de datos!","publisher":{"@id":"https:\/\/exceladvisor.org\/es\/#organization"},"potentialAction":[{"@type":"SearchAction","target":{"@type":"EntryPoint","urlTemplate":"https:\/\/exceladvisor.org\/es\/?s={search_term_string}"},"query-input":{"@type":"PropertyValueSpecification","valueRequired":true,"valueName":"search_term_string"}}],"inLanguage":"es"},{"@type":"Organization","@id":"https:\/\/exceladvisor.org\/es\/#organization","name":"Excel Advisor","url":"https:\/\/exceladvisor.org\/es\/","logo":{"@type":"ImageObject","inLanguage":"es","@id":"https:\/\/exceladvisor.org\/es\/#\/schema\/logo\/image\/","url":"https:\/\/exceladvisor.org\/es\/wp-content\/uploads\/2023\/12\/exceladvisor.org_.png","contentUrl":"https:\/\/exceladvisor.org\/es\/wp-content\/uploads\/2023\/12\/exceladvisor.org_.png","width":105,"height":36,"caption":"Excel Advisor"},"image":{"@id":"https:\/\/exceladvisor.org\/es\/#\/schema\/logo\/image\/"}}]}},"yoast_meta":{"yoast_wpseo_title":"","yoast_wpseo_metadesc":"","yoast_wpseo_canonical":""},"_links":{"self":[{"href":"https:\/\/exceladvisor.org\/es\/wp-json\/wp\/v2\/pages\/617","targetHints":{"allow":["GET"]}}],"collection":[{"href":"https:\/\/exceladvisor.org\/es\/wp-json\/wp\/v2\/pages"}],"about":[{"href":"https:\/\/exceladvisor.org\/es\/wp-json\/wp\/v2\/types\/page"}],"author":[{"embeddable":true,"href":"https:\/\/exceladvisor.org\/es\/wp-json\/wp\/v2\/users\/1"}],"replies":[{"embeddable":true,"href":"https:\/\/exceladvisor.org\/es\/wp-json\/wp\/v2\/comments?post=617"}],"version-history":[{"count":1,"href":"https:\/\/exceladvisor.org\/es\/wp-json\/wp\/v2\/pages\/617\/revisions"}],"predecessor-version":[{"id":1113,"href":"https:\/\/exceladvisor.org\/es\/wp-json\/wp\/v2\/pages\/617\/revisions\/1113"}],"wp:attachment":[{"href":"https:\/\/exceladvisor.org\/es\/wp-json\/wp\/v2\/media?parent=617"}],"curies":[{"name":"wp","href":"https:\/\/api.w.org\/{rel}","templated":true}]}}