{"id":618,"date":"2023-10-18T13:42:20","date_gmt":"2023-10-18T13:42:20","guid":{"rendered":"https:\/\/exceladvisor.org\/es\/fila-vs-columna\/"},"modified":"2023-12-25T10:32:53","modified_gmt":"2023-12-25T10:32:53","slug":"fila-vs-columna","status":"publish","type":"page","link":"https:\/\/exceladvisor.org\/es\/fila-vs-columna\/","title":{"rendered":"Diferencia entre fila y columna en excel"},"content":{"rendered":"<div class=\"excel-antes-del-contenido\" id=\"excel-3303328494\"><script type=\"text\/javascript\">\r\n\tatOptions = {\r\n\t\t'key' : 'c1158f160081d6540a8409e6925dab94',\r\n\t\t'format' : 'iframe',\r\n\t\t'height' : 250,\r\n\t\t'width' : 300,\r\n\t\t'params' : {}\r\n\t};\r\n<\/script>\r\n<script type=\"text\/javascript\" src=\"\/\/www.highperformanceformat.com\/c1158f160081d6540a8409e6925dab94\/invoke.js\"><\/script><\/div><p>Si eres nuevo en Excel, debes saber cu\u00e1l es la diferencia entre una fila y una columna. Es muy importante saber estas dos palabras.<\/p>\n<p> Perm\u00edtanme tomar un ejemplo para explicarlo.<\/p>\n<p> En el siguiente ejemplo, puede ver una hoja de c\u00e1lculo que es una hoja de c\u00e1lculo de Excel y esta hoja de Excel est\u00e1 formada por celdas. <\/p>\n<div class=\"wp-block-image\">\n<figure class=\"aligncenter size-full is-resized\"><img loading=\"lazy\" decoding=\"async\" class=\"wp-image-67153\" src=\"https:\/\/exceladvisor.org\/wp-content\/uploads\/2023\/08\/1-cellules-dans-une-feuille-Excel.png\" sizes=\"auto, \" srcset=\"\" alt=\"celdas en hoja de excel\" width=\"527\" height=\"266\"><\/figure>\n<\/div>\n<p> Pero aqu\u00ed necesitas saber una fila y una columna, \u00bfverdad? <\/p>\n<div class=\"wp-block-image\">\n<figure class=\"aligncenter size-full is-resized\"><img loading=\"lazy\" decoding=\"async\" class=\"wp-image-67154\" src=\"https:\/\/exceladvisor.org\/wp-content\/uploads\/2023\/08\/2-lignes-et-colonnes.png\" sizes=\"auto, \" srcset=\"\" alt=\"fila y columna\" width=\"488\" height=\"315\"><\/figure>\n<\/div>\n<h2 class=\"wp-block-heading\"> Diferencia entre filas y columnas <\/h2>\n<figure class=\"wp-block-table\">\n<table class=\"mtr-table mtr-tr-td\">\n<tbody>\n<tr>\n<td class=\"mtr-td-tag\" data-mtr-content=\"Row\">\n<div class=\"mtr-cell-content\"> <strong>l\u00ednea<\/strong><\/div>\n<\/td>\n<td class=\"mtr-td-tag\" data-mtr-content=\"Column\">\n<div class=\"mtr-cell-content\"> <strong>Columna<\/strong><\/div>\n<\/td>\n<\/tr>\n<tr>\n<td class=\"mtr-td-tag\" data-mtr-content=\"Row\">\n<div class=\"mtr-cell-content\"> Una fila es una combinaci\u00f3n horizontal de la celda.<\/div>\n<\/td>\n<td class=\"mtr-td-tag\" data-mtr-content=\"Column\">\n<div class=\"mtr-cell-content\"> Una columna es una combinaci\u00f3n vertical de la celda.<\/div>\n<\/td>\n<\/tr>\n<tr>\n<td class=\"mtr-td-tag\" data-mtr-content=\"Row\">\n<div class=\"mtr-cell-content\"> Puede referirse a una l\u00ednea por su n\u00famero. es decir, 1, 2, 3<\/div>\n<\/td>\n<td class=\"mtr-td-tag\" data-mtr-content=\"Column\">\n<div class=\"mtr-cell-content\"> Puede referirse a una columna por su alfabeto. es decir, A, B, C<\/div>\n<\/td>\n<\/tr>\n<tr>\n<td class=\"mtr-td-tag\" data-mtr-content=\"Row\">\n<div class=\"mtr-cell-content\"> Puede hacer referencia a varias l\u00edneas utilizando un rango de l\u00edneas. Por ejemplo <strong>,<\/strong> 1:3 significa referir la l\u00ednea 1 a la l\u00ednea 3.<\/div>\n<\/td>\n<td class=\"mtr-td-tag\" data-mtr-content=\"Column\">\n<div class=\"mtr-cell-content\"> Puede hacer referencia a varias columnas utilizando un rango de columnas. Por ejemplo, A:C significa referir la columna A a la columna C.<\/div>\n<\/td>\n<\/tr>\n<tr>\n<td class=\"mtr-td-tag\" data-mtr-content=\"Row\">\n<div class=\"mtr-cell-content\"> Hay un total de 1048576 filas en una sola hoja de trabajo.<\/div>\n<\/td>\n<td class=\"mtr-td-tag\" data-mtr-content=\"Column\">\n<div class=\"mtr-cell-content\"> Hay un total de 16384 columnas en una sola hoja de trabajo.<\/div>\n<\/td>\n<\/tr>\n<tr>\n<td class=\"mtr-td-tag\" data-mtr-content=\"Row\">\n<div class=\"mtr-cell-content\"> Para seleccionar una fila <strong>,<\/strong> puede hacer clic en el encabezado num\u00e9rico a la izquierda de la hoja de trabajo, o puede seleccionar una celda en la fila que desea seleccionar y usar el m\u00e9todo abreviado de teclado MAY\u00daS + BARRA ESPACIADORA.<\/div>\n<\/td>\n<td class=\"mtr-td-tag\" data-mtr-content=\"Column\">\n<div class=\"mtr-cell-content\"> Para seleccionar una columna, puede hacer clic en el encabezado alfab\u00e9tico de la columna en la parte superior de la hoja de trabajo, o puede seleccionar una celda en la columna que desea seleccionar y usar el m\u00e9todo abreviado de teclado CRTL + ESPACIO.<\/div>\n<\/td>\n<\/tr>\n<\/tbody>\n<\/table>\n<\/figure>\n<h2 class=\"wp-block-heading\"> Cosas que saber<\/h2>\n<ol type=\"1\">\n<li> Puede ocultar una columna y una fila usando el men\u00fa contextual del mouse.<\/li>\n<li> Puedes sumar todos los valores de una columna o fila simplemente haciendo referencia a ella por su direcci\u00f3n.<\/li>\n<li> Puede <a href=\"https:\/\/exceladvisor.org\/es\/insertar-una-linea\/\">insertar una nueva fila<\/a> y columna desde el men\u00fa contextual. Es posible que tenga m\u00e1s filas (1048576) y columnas (16384) que el n\u00famero total que tiene en la hoja de trabajo.<\/li>\n<\/ol>\n<div class=\"gb-container gb-container-4db6181c gb-container-mt\"> <a class=\"gb-button gb-button-c5897111 gb-button-text gb-button-mt-button\" href=\"https:\/\/exceladvisor.org\/es\/conceptos-basicos-de-excel\/\">Conceptos b\u00e1sicos de Microsoft Excel (componentes, piezas y notas de conocimiento)<\/a><\/p>\n<h2 class=\"gb-headline gb-headline-665e5f6b gb-headline-text gb-headline-mt-heading\"> Tutoriales relacionados <\/h2>\n<div class=\"gb-grid-wrapper gb-grid-wrapper-a20baf7c gb-grid-wrapper-mt-grid\">\n<div class=\"gb-grid-column gb-grid-column-65ddf67e\">\n<div class=\"gb-container gb-container-65ddf67e\">\n<ul>\n<li> <a href=\"https:\/\/exceladvisor.org\/es\/agregar-eliminar-hipervinculos\/\">Agregar y eliminar hiperv\u00ednculos en Excel<\/a><\/li>\n<li> <a href=\"https:\/\/exceladvisor.org\/es\/agregar-marca-de-agua\/\">Agregar una marca de agua en Excel<\/a><\/li>\n<li> <a href=\"https:\/\/exceladvisor.org\/es\/eliminar-columnas-de-filas-ocultas\/\">Eliminar filas ocultas en Excel<\/a><\/li>\n<li> <a href=\"https:\/\/exceladvisor.org\/es\/deseleccionar-celdas\/\">Deseleccionar celdas en Excel<\/a><\/li>\n<li> <a href=\"https:\/\/exceladvisor.org\/es\/agregar-una-columna\/\">Agregar una columna en Excel<\/a><\/li>\n<\/ul>\n<\/div>\n<\/div>\n<\/div>\n<\/div>\n","protected":false},"excerpt":{"rendered":"<p>Si eres nuevo en Excel, debes saber cu\u00e1l es la diferencia entre una fila y una columna. Es muy importante saber estas dos palabras. Perm\u00edtanme tomar un ejemplo para explicarlo. En el siguiente ejemplo, puede ver una hoja de c\u00e1lculo que es una hoja de c\u00e1lculo de Excel y esta hoja de Excel est\u00e1 formada [&hellip;]<\/p>\n","protected":false},"author":1,"featured_media":0,"parent":0,"menu_order":0,"comment_status":"open","ping_status":"closed","template":"","meta":{"ub_ctt_via":"","footnotes":""},"class_list":["post-618","page","type-page","status-publish","hentry"],"featured_image_src":null,"yoast_head":"<!-- This site is optimized with the Yoast SEO plugin v25.4 - https:\/\/yoast.com\/wordpress\/plugins\/seo\/ -->\n<title>Diferencia entre fila y columna en excel<\/title>\n<meta name=\"robots\" content=\"index, follow, max-snippet:-1, max-image-preview:large, max-video-preview:-1\" \/>\n<link rel=\"canonical\" href=\"https:\/\/exceladvisor.org\/es\/fila-vs-columna\/\" \/>\n<meta property=\"og:locale\" content=\"es_ES\" \/>\n<meta property=\"og:type\" content=\"article\" \/>\n<meta property=\"og:title\" content=\"Diferencia entre fila y columna en excel\" \/>\n<meta property=\"og:description\" content=\"Si eres nuevo en Excel, debes saber cu\u00e1l es la diferencia entre una fila y una columna. Es muy importante saber estas dos palabras. Perm\u00edtanme tomar un ejemplo para explicarlo. En el siguiente ejemplo, puede ver una hoja de c\u00e1lculo que es una hoja de c\u00e1lculo de Excel y esta hoja de Excel est\u00e1 formada [&hellip;]\" \/>\n<meta property=\"og:url\" content=\"https:\/\/exceladvisor.org\/es\/fila-vs-columna\/\" \/>\n<meta property=\"og:site_name\" content=\"Excel Advisor\" \/>\n<meta property=\"article:modified_time\" content=\"2023-12-25T10:32:53+00:00\" \/>\n<meta property=\"og:image\" content=\"https:\/\/exceladvisor.org\/wp-content\/uploads\/2023\/08\/1-cellules-dans-une-feuille-Excel.png\" \/>\n<meta name=\"twitter:card\" content=\"summary_large_image\" \/>\n<meta name=\"twitter:label1\" content=\"Tiempo de lectura\" \/>\n\t<meta name=\"twitter:data1\" content=\"2 minutos\" \/>\n<script type=\"application\/ld+json\" class=\"yoast-schema-graph\">{\"@context\":\"https:\/\/schema.org\",\"@graph\":[{\"@type\":\"WebPage\",\"@id\":\"https:\/\/exceladvisor.org\/es\/fila-vs-columna\/\",\"url\":\"https:\/\/exceladvisor.org\/es\/fila-vs-columna\/\",\"name\":\"Diferencia entre fila y columna en excel\",\"isPartOf\":{\"@id\":\"https:\/\/exceladvisor.org\/es\/#website\"},\"primaryImageOfPage\":{\"@id\":\"https:\/\/exceladvisor.org\/es\/fila-vs-columna\/#primaryimage\"},\"image\":{\"@id\":\"https:\/\/exceladvisor.org\/es\/fila-vs-columna\/#primaryimage\"},\"thumbnailUrl\":\"https:\/\/exceladvisor.org\/wp-content\/uploads\/2023\/08\/1-cellules-dans-une-feuille-Excel.png\",\"datePublished\":\"2023-10-18T13:42:20+00:00\",\"dateModified\":\"2023-12-25T10:32:53+00:00\",\"breadcrumb\":{\"@id\":\"https:\/\/exceladvisor.org\/es\/fila-vs-columna\/#breadcrumb\"},\"inLanguage\":\"es\",\"potentialAction\":[{\"@type\":\"ReadAction\",\"target\":[\"https:\/\/exceladvisor.org\/es\/fila-vs-columna\/\"]}]},{\"@type\":\"ImageObject\",\"inLanguage\":\"es\",\"@id\":\"https:\/\/exceladvisor.org\/es\/fila-vs-columna\/#primaryimage\",\"url\":\"https:\/\/exceladvisor.org\/wp-content\/uploads\/2023\/08\/1-cellules-dans-une-feuille-Excel.png\",\"contentUrl\":\"https:\/\/exceladvisor.org\/wp-content\/uploads\/2023\/08\/1-cellules-dans-une-feuille-Excel.png\"},{\"@type\":\"BreadcrumbList\",\"@id\":\"https:\/\/exceladvisor.org\/es\/fila-vs-columna\/#breadcrumb\",\"itemListElement\":[{\"@type\":\"ListItem\",\"position\":1,\"name\":\"Hogar\",\"item\":\"https:\/\/exceladvisor.org\/es\/\"},{\"@type\":\"ListItem\",\"position\":2,\"name\":\"Diferencia entre fila y columna en excel\"}]},{\"@type\":\"WebSite\",\"@id\":\"https:\/\/exceladvisor.org\/es\/#website\",\"url\":\"https:\/\/exceladvisor.org\/es\/\",\"name\":\"Excel Advisor\",\"description\":\"Su gu\u00eda para la dominaci\u00f3n de datos!\",\"publisher\":{\"@id\":\"https:\/\/exceladvisor.org\/es\/#organization\"},\"potentialAction\":[{\"@type\":\"SearchAction\",\"target\":{\"@type\":\"EntryPoint\",\"urlTemplate\":\"https:\/\/exceladvisor.org\/es\/?s={search_term_string}\"},\"query-input\":{\"@type\":\"PropertyValueSpecification\",\"valueRequired\":true,\"valueName\":\"search_term_string\"}}],\"inLanguage\":\"es\"},{\"@type\":\"Organization\",\"@id\":\"https:\/\/exceladvisor.org\/es\/#organization\",\"name\":\"Excel Advisor\",\"url\":\"https:\/\/exceladvisor.org\/es\/\",\"logo\":{\"@type\":\"ImageObject\",\"inLanguage\":\"es\",\"@id\":\"https:\/\/exceladvisor.org\/es\/#\/schema\/logo\/image\/\",\"url\":\"https:\/\/exceladvisor.org\/es\/wp-content\/uploads\/2023\/12\/exceladvisor.org_.png\",\"contentUrl\":\"https:\/\/exceladvisor.org\/es\/wp-content\/uploads\/2023\/12\/exceladvisor.org_.png\",\"width\":105,\"height\":36,\"caption\":\"Excel Advisor\"},\"image\":{\"@id\":\"https:\/\/exceladvisor.org\/es\/#\/schema\/logo\/image\/\"}}]}<\/script>\n<!-- \/ Yoast SEO plugin. -->","yoast_head_json":{"title":"Diferencia entre fila y columna en excel","robots":{"index":"index","follow":"follow","max-snippet":"max-snippet:-1","max-image-preview":"max-image-preview:large","max-video-preview":"max-video-preview:-1"},"canonical":"https:\/\/exceladvisor.org\/es\/fila-vs-columna\/","og_locale":"es_ES","og_type":"article","og_title":"Diferencia entre fila y columna en excel","og_description":"Si eres nuevo en Excel, debes saber cu\u00e1l es la diferencia entre una fila y una columna. Es muy importante saber estas dos palabras. Perm\u00edtanme tomar un ejemplo para explicarlo. En el siguiente ejemplo, puede ver una hoja de c\u00e1lculo que es una hoja de c\u00e1lculo de Excel y esta hoja de Excel est\u00e1 formada [&hellip;]","og_url":"https:\/\/exceladvisor.org\/es\/fila-vs-columna\/","og_site_name":"Excel Advisor","article_modified_time":"2023-12-25T10:32:53+00:00","og_image":[{"url":"https:\/\/exceladvisor.org\/wp-content\/uploads\/2023\/08\/1-cellules-dans-une-feuille-Excel.png","type":"","width":"","height":""}],"twitter_card":"summary_large_image","twitter_misc":{"Tiempo de lectura":"2 minutos"},"schema":{"@context":"https:\/\/schema.org","@graph":[{"@type":"WebPage","@id":"https:\/\/exceladvisor.org\/es\/fila-vs-columna\/","url":"https:\/\/exceladvisor.org\/es\/fila-vs-columna\/","name":"Diferencia entre fila y columna en excel","isPartOf":{"@id":"https:\/\/exceladvisor.org\/es\/#website"},"primaryImageOfPage":{"@id":"https:\/\/exceladvisor.org\/es\/fila-vs-columna\/#primaryimage"},"image":{"@id":"https:\/\/exceladvisor.org\/es\/fila-vs-columna\/#primaryimage"},"thumbnailUrl":"https:\/\/exceladvisor.org\/wp-content\/uploads\/2023\/08\/1-cellules-dans-une-feuille-Excel.png","datePublished":"2023-10-18T13:42:20+00:00","dateModified":"2023-12-25T10:32:53+00:00","breadcrumb":{"@id":"https:\/\/exceladvisor.org\/es\/fila-vs-columna\/#breadcrumb"},"inLanguage":"es","potentialAction":[{"@type":"ReadAction","target":["https:\/\/exceladvisor.org\/es\/fila-vs-columna\/"]}]},{"@type":"ImageObject","inLanguage":"es","@id":"https:\/\/exceladvisor.org\/es\/fila-vs-columna\/#primaryimage","url":"https:\/\/exceladvisor.org\/wp-content\/uploads\/2023\/08\/1-cellules-dans-une-feuille-Excel.png","contentUrl":"https:\/\/exceladvisor.org\/wp-content\/uploads\/2023\/08\/1-cellules-dans-une-feuille-Excel.png"},{"@type":"BreadcrumbList","@id":"https:\/\/exceladvisor.org\/es\/fila-vs-columna\/#breadcrumb","itemListElement":[{"@type":"ListItem","position":1,"name":"Hogar","item":"https:\/\/exceladvisor.org\/es\/"},{"@type":"ListItem","position":2,"name":"Diferencia entre fila y columna en excel"}]},{"@type":"WebSite","@id":"https:\/\/exceladvisor.org\/es\/#website","url":"https:\/\/exceladvisor.org\/es\/","name":"Excel Advisor","description":"Su gu\u00eda para la dominaci\u00f3n de datos!","publisher":{"@id":"https:\/\/exceladvisor.org\/es\/#organization"},"potentialAction":[{"@type":"SearchAction","target":{"@type":"EntryPoint","urlTemplate":"https:\/\/exceladvisor.org\/es\/?s={search_term_string}"},"query-input":{"@type":"PropertyValueSpecification","valueRequired":true,"valueName":"search_term_string"}}],"inLanguage":"es"},{"@type":"Organization","@id":"https:\/\/exceladvisor.org\/es\/#organization","name":"Excel Advisor","url":"https:\/\/exceladvisor.org\/es\/","logo":{"@type":"ImageObject","inLanguage":"es","@id":"https:\/\/exceladvisor.org\/es\/#\/schema\/logo\/image\/","url":"https:\/\/exceladvisor.org\/es\/wp-content\/uploads\/2023\/12\/exceladvisor.org_.png","contentUrl":"https:\/\/exceladvisor.org\/es\/wp-content\/uploads\/2023\/12\/exceladvisor.org_.png","width":105,"height":36,"caption":"Excel Advisor"},"image":{"@id":"https:\/\/exceladvisor.org\/es\/#\/schema\/logo\/image\/"}}]}},"yoast_meta":{"yoast_wpseo_title":"","yoast_wpseo_metadesc":"","yoast_wpseo_canonical":""},"_links":{"self":[{"href":"https:\/\/exceladvisor.org\/es\/wp-json\/wp\/v2\/pages\/618","targetHints":{"allow":["GET"]}}],"collection":[{"href":"https:\/\/exceladvisor.org\/es\/wp-json\/wp\/v2\/pages"}],"about":[{"href":"https:\/\/exceladvisor.org\/es\/wp-json\/wp\/v2\/types\/page"}],"author":[{"embeddable":true,"href":"https:\/\/exceladvisor.org\/es\/wp-json\/wp\/v2\/users\/1"}],"replies":[{"embeddable":true,"href":"https:\/\/exceladvisor.org\/es\/wp-json\/wp\/v2\/comments?post=618"}],"version-history":[{"count":1,"href":"https:\/\/exceladvisor.org\/es\/wp-json\/wp\/v2\/pages\/618\/revisions"}],"predecessor-version":[{"id":1444,"href":"https:\/\/exceladvisor.org\/es\/wp-json\/wp\/v2\/pages\/618\/revisions\/1444"}],"wp:attachment":[{"href":"https:\/\/exceladvisor.org\/es\/wp-json\/wp\/v2\/media?parent=618"}],"curies":[{"name":"wp","href":"https:\/\/api.w.org\/{rel}","templated":true}]}}