{"id":619,"date":"2023-10-18T08:38:45","date_gmt":"2023-10-18T08:38:45","guid":{"rendered":"https:\/\/exceladvisor.org\/es\/copiar-libro-de-trabajo\/"},"modified":"2023-12-25T10:25:39","modified_gmt":"2023-12-25T10:25:39","slug":"copiar-libro-de-trabajo","status":"publish","type":"page","link":"https:\/\/exceladvisor.org\/es\/copiar-libro-de-trabajo\/","title":{"rendered":"\u00bfc\u00f3mo hacer una copia del libro de excel?"},"content":{"rendered":"<div class=\"excel-antes-del-contenido\" id=\"excel-2006520356\"><script type=\"text\/javascript\">\r\n\tatOptions = {\r\n\t\t'key' : 'c1158f160081d6540a8409e6925dab94',\r\n\t\t'format' : 'iframe',\r\n\t\t'height' : 250,\r\n\t\t'width' : 300,\r\n\t\t'params' : {}\r\n\t};\r\n<\/script>\r\n<script type=\"text\/javascript\" src=\"\/\/www.highperformanceformat.com\/c1158f160081d6540a8409e6925dab94\/invoke.js\"><\/script><\/div><p>En Excel, es f\u00e1cil hacer una copia del libro existente y no es necesario seguir pasos complejos.<\/p>\n<p> En este tutorial, aprenderemos dos m\u00e9todos sencillos para crear una copia exacta de un archivo de Excel.<\/p>\n<h2 class=\"wp-block-heading\"> Copiar y pegar un archivo de Excel (Libro de trabajo) Hacer una copia<\/h2>\n<ol>\n<li> Primero, seleccione el archivo del que desea hacer una copia. <br \/><img loading=\"lazy\" decoding=\"async\" title=\"1-seleccionar-archivo\" src=\"https:\/\/exceladvisor.org\/wp-content\/uploads\/2023\/08\/1-selectionnez-le-fichier.png\" sizes=\"auto, \" srcset=\"\" alt=\"select-the-file\" width=\"672\" height=\"140\"><\/li>\n<li> Despu\u00e9s de eso, use el <a href=\"https:\/\/exceladvisor.org\/es\/atajos-de-teclado\/\">m\u00e9todo abreviado de teclado<\/a> Ctrl + C para copiar este archivo. <br \/><img loading=\"lazy\" decoding=\"async\" title=\"archivo de 2 copias\" src=\"https:\/\/exceladvisor.org\/wp-content\/uploads\/2023\/08\/2-copier-le-fichier.png\" sizes=\"auto, \" srcset=\"\" alt=\"copy-the-file\" width=\"446\" height=\"158\"><\/li>\n<li> Despu\u00e9s de eso, use el m\u00e9todo abreviado de teclado Ctrl + V para pegar este archivo en la misma ubicaci\u00f3n. <br \/><img loading=\"lazy\" decoding=\"async\" title=\"3-pegar-archivo1\" src=\"https:\/\/exceladvisor.org\/wp-content\/uploads\/2023\/08\/3-coller-le-fichier1.png\" sizes=\"auto, \" srcset=\"\" alt=\"paste-the-file\" width=\"540\" height=\"166\"><\/li>\n<li> Al final, cambie el nombre del archivo y reempl\u00e1celo con lo que desee especificar. <br \/><img loading=\"lazy\" decoding=\"async\" title=\"4-cambiar-nombre-de-archivo\" src=\"https:\/\/exceladvisor.org\/wp-content\/uploads\/2023\/08\/4-changer-le-nom-du-fichier.png\" sizes=\"auto, \" srcset=\"\" alt=\"change-the-file-name\" width=\"627\" height=\"154\"><\/li>\n<\/ol>\n<p> Esta es la forma m\u00e1s sencilla de hacer una copia de un libro de Excel. Cuando copia y pega un archivo en la misma ubicaci\u00f3n, su sistema crea una copia y agrega la palabra \u00abCopiar\u00bb despu\u00e9s.<\/p>\n<h2 class=\"wp-block-heading\"> \u00c1brelo como una copia y gu\u00e1rdalo.<\/h2>\n<p> Tambi\u00e9n puede abrir primero un archivo de Excel y luego crear una copia del mismo.<\/p>\n<ol>\n<li> En primer lugar, abra Excel, vaya a la pesta\u00f1a Archivo y haga clic en la opci\u00f3n Abrir. <br \/><img loading=\"lazy\" decoding=\"async\" title=\"5-abre-el-archivo-excel\" src=\"https:\/\/exceladvisor.org\/wp-content\/uploads\/2023\/08\/5-ouvrir-le-fichier-excel.png\" sizes=\"auto, \" srcset=\"\" alt=\"open-the-excel-file\" width=\"177\" height=\"217\"><\/li>\n<li> Despu\u00e9s de eso, ubique el archivo y seleccione \u00abAbrir como copia\u00bb en la lista desplegable abierta. <br \/><img loading=\"lazy\" decoding=\"async\" title=\"6-seleccionar-abrir-como-copia\" src=\"https:\/\/exceladvisor.org\/wp-content\/uploads\/2023\/08\/6-selectionnez-ouvrir-en-tant-que-copie.png\" sizes=\"auto, \" srcset=\"\" alt=\"select-open-as-copy\" width=\"391\" height=\"393\"><\/li>\n<li> Ahora vaya nuevamente a la pesta\u00f1a Archivo y haga clic en la opci\u00f3n \u00abGuardar como\u00bb. <br \/><img loading=\"lazy\" decoding=\"async\" title=\"7-guardar-como-archivo\" src=\"https:\/\/exceladvisor.org\/wp-content\/uploads\/2023\/08\/7-enregistrer-en-tant-que-fichier.png\" sizes=\"auto, \" srcset=\"\" alt=\"save-as-the-file\" width=\"422\" height=\"385\"><\/li>\n<li> Al final, asigne un nombre al archivo y gu\u00e1rdelo en la ubicaci\u00f3n donde desea guardarlo.<\/li>\n<\/ol>\n<div class=\"gb-container gb-container-4db6181c gb-container-mt\"> <a class=\"gb-button gb-button-c5897111 gb-button-text gb-button-mt-button\" href=\"https:\/\/exceladvisor.org\/es\/conceptos-basicos-de-excel\/\">Conceptos b\u00e1sicos de Microsoft Excel (componentes, piezas y notas de conocimiento)<\/a><\/p>\n<h2 class=\"gb-headline gb-headline-665e5f6b gb-headline-text gb-headline-mt-heading\"> Tutoriales relacionados <\/h2>\n<div class=\"gb-grid-wrapper gb-grid-wrapper-a20baf7c gb-grid-wrapper-mt-grid\">\n<div class=\"gb-grid-column gb-grid-column-65ddf67e\">\n<div class=\"gb-container gb-container-65ddf67e\">\n<ul>\n<li> <a href=\"https:\/\/exceladvisor.org\/es\/reparar-archivo-excel-corrupto\/\">Reparar archivo de Excel da\u00f1ado<\/a><\/li>\n<li> <a href=\"https:\/\/exceladvisor.org\/es\/recuperar-archivos-no-guardados\/\">Recuperar archivos de Excel no guardados cuando Excel falla<\/a><\/li>\n<li> <a href=\"https:\/\/exceladvisor.org\/es\/xlsx-a-csv\/\">Guarde el archivo de Excel (libro de trabajo) en formato CSV (XLSX A CSV)<\/a><\/li>\n<li> <a href=\"https:\/\/exceladvisor.org\/es\/ocultar-mostrar-libro-de-trabajo\/\">Ocultar y mostrar un libro en Excel<\/a><\/li>\n<\/ul>\n<\/div>\n<\/div>\n<\/div>\n<\/div>\n","protected":false},"excerpt":{"rendered":"<p>En Excel, es f\u00e1cil hacer una copia del libro existente y no es necesario seguir pasos complejos. En este tutorial, aprenderemos dos m\u00e9todos sencillos para crear una copia exacta de un archivo de Excel. Copiar y pegar un archivo de Excel (Libro de trabajo) Hacer una copia Primero, seleccione el archivo del que desea hacer [&hellip;]<\/p>\n","protected":false},"author":1,"featured_media":0,"parent":0,"menu_order":0,"comment_status":"open","ping_status":"closed","template":"","meta":{"ub_ctt_via":"","footnotes":""},"class_list":["post-619","page","type-page","status-publish","hentry"],"featured_image_src":null,"yoast_head":"<!-- This site is optimized with the Yoast SEO plugin v25.4 - https:\/\/yoast.com\/wordpress\/plugins\/seo\/ -->\n<title>\u00bfc\u00f3mo hacer una copia del libro de excel?<\/title>\n<meta name=\"robots\" content=\"index, follow, max-snippet:-1, max-image-preview:large, max-video-preview:-1\" \/>\n<link rel=\"canonical\" href=\"https:\/\/exceladvisor.org\/es\/copiar-libro-de-trabajo\/\" \/>\n<meta property=\"og:locale\" content=\"es_ES\" \/>\n<meta property=\"og:type\" content=\"article\" \/>\n<meta property=\"og:title\" content=\"\u00bfc\u00f3mo hacer una copia del libro de excel?\" \/>\n<meta property=\"og:description\" content=\"En Excel, es f\u00e1cil hacer una copia del libro existente y no es necesario seguir pasos complejos. En este tutorial, aprenderemos dos m\u00e9todos sencillos para crear una copia exacta de un archivo de Excel. Copiar y pegar un archivo de Excel (Libro de trabajo) Hacer una copia Primero, seleccione el archivo del que desea hacer [&hellip;]\" \/>\n<meta property=\"og:url\" content=\"https:\/\/exceladvisor.org\/es\/copiar-libro-de-trabajo\/\" \/>\n<meta property=\"og:site_name\" content=\"Excel Advisor\" \/>\n<meta property=\"article:modified_time\" content=\"2023-12-25T10:25:39+00:00\" \/>\n<meta property=\"og:image\" content=\"https:\/\/exceladvisor.org\/wp-content\/uploads\/2023\/08\/1-selectionnez-le-fichier.png\" \/>\n<meta name=\"twitter:card\" content=\"summary_large_image\" \/>\n<meta name=\"twitter:label1\" content=\"Tiempo de lectura\" \/>\n\t<meta name=\"twitter:data1\" content=\"1 minuto\" \/>\n<script type=\"application\/ld+json\" class=\"yoast-schema-graph\">{\"@context\":\"https:\/\/schema.org\",\"@graph\":[{\"@type\":\"WebPage\",\"@id\":\"https:\/\/exceladvisor.org\/es\/copiar-libro-de-trabajo\/\",\"url\":\"https:\/\/exceladvisor.org\/es\/copiar-libro-de-trabajo\/\",\"name\":\"\u00bfc\u00f3mo hacer una copia del libro de excel?\",\"isPartOf\":{\"@id\":\"https:\/\/exceladvisor.org\/es\/#website\"},\"primaryImageOfPage\":{\"@id\":\"https:\/\/exceladvisor.org\/es\/copiar-libro-de-trabajo\/#primaryimage\"},\"image\":{\"@id\":\"https:\/\/exceladvisor.org\/es\/copiar-libro-de-trabajo\/#primaryimage\"},\"thumbnailUrl\":\"https:\/\/exceladvisor.org\/wp-content\/uploads\/2023\/08\/1-selectionnez-le-fichier.png\",\"datePublished\":\"2023-10-18T08:38:45+00:00\",\"dateModified\":\"2023-12-25T10:25:39+00:00\",\"breadcrumb\":{\"@id\":\"https:\/\/exceladvisor.org\/es\/copiar-libro-de-trabajo\/#breadcrumb\"},\"inLanguage\":\"es\",\"potentialAction\":[{\"@type\":\"ReadAction\",\"target\":[\"https:\/\/exceladvisor.org\/es\/copiar-libro-de-trabajo\/\"]}]},{\"@type\":\"ImageObject\",\"inLanguage\":\"es\",\"@id\":\"https:\/\/exceladvisor.org\/es\/copiar-libro-de-trabajo\/#primaryimage\",\"url\":\"https:\/\/exceladvisor.org\/wp-content\/uploads\/2023\/08\/1-selectionnez-le-fichier.png\",\"contentUrl\":\"https:\/\/exceladvisor.org\/wp-content\/uploads\/2023\/08\/1-selectionnez-le-fichier.png\"},{\"@type\":\"BreadcrumbList\",\"@id\":\"https:\/\/exceladvisor.org\/es\/copiar-libro-de-trabajo\/#breadcrumb\",\"itemListElement\":[{\"@type\":\"ListItem\",\"position\":1,\"name\":\"Hogar\",\"item\":\"https:\/\/exceladvisor.org\/es\/\"},{\"@type\":\"ListItem\",\"position\":2,\"name\":\"\u00bfc\u00f3mo hacer una copia del libro de excel?\"}]},{\"@type\":\"WebSite\",\"@id\":\"https:\/\/exceladvisor.org\/es\/#website\",\"url\":\"https:\/\/exceladvisor.org\/es\/\",\"name\":\"Excel Advisor\",\"description\":\"Su gu\u00eda para la dominaci\u00f3n de datos!\",\"publisher\":{\"@id\":\"https:\/\/exceladvisor.org\/es\/#organization\"},\"potentialAction\":[{\"@type\":\"SearchAction\",\"target\":{\"@type\":\"EntryPoint\",\"urlTemplate\":\"https:\/\/exceladvisor.org\/es\/?s={search_term_string}\"},\"query-input\":{\"@type\":\"PropertyValueSpecification\",\"valueRequired\":true,\"valueName\":\"search_term_string\"}}],\"inLanguage\":\"es\"},{\"@type\":\"Organization\",\"@id\":\"https:\/\/exceladvisor.org\/es\/#organization\",\"name\":\"Excel Advisor\",\"url\":\"https:\/\/exceladvisor.org\/es\/\",\"logo\":{\"@type\":\"ImageObject\",\"inLanguage\":\"es\",\"@id\":\"https:\/\/exceladvisor.org\/es\/#\/schema\/logo\/image\/\",\"url\":\"https:\/\/exceladvisor.org\/es\/wp-content\/uploads\/2023\/12\/exceladvisor.org_.png\",\"contentUrl\":\"https:\/\/exceladvisor.org\/es\/wp-content\/uploads\/2023\/12\/exceladvisor.org_.png\",\"width\":105,\"height\":36,\"caption\":\"Excel Advisor\"},\"image\":{\"@id\":\"https:\/\/exceladvisor.org\/es\/#\/schema\/logo\/image\/\"}}]}<\/script>\n<!-- \/ Yoast SEO plugin. -->","yoast_head_json":{"title":"\u00bfc\u00f3mo hacer una copia del libro de excel?","robots":{"index":"index","follow":"follow","max-snippet":"max-snippet:-1","max-image-preview":"max-image-preview:large","max-video-preview":"max-video-preview:-1"},"canonical":"https:\/\/exceladvisor.org\/es\/copiar-libro-de-trabajo\/","og_locale":"es_ES","og_type":"article","og_title":"\u00bfc\u00f3mo hacer una copia del libro de excel?","og_description":"En Excel, es f\u00e1cil hacer una copia del libro existente y no es necesario seguir pasos complejos. En este tutorial, aprenderemos dos m\u00e9todos sencillos para crear una copia exacta de un archivo de Excel. Copiar y pegar un archivo de Excel (Libro de trabajo) Hacer una copia Primero, seleccione el archivo del que desea hacer [&hellip;]","og_url":"https:\/\/exceladvisor.org\/es\/copiar-libro-de-trabajo\/","og_site_name":"Excel Advisor","article_modified_time":"2023-12-25T10:25:39+00:00","og_image":[{"url":"https:\/\/exceladvisor.org\/wp-content\/uploads\/2023\/08\/1-selectionnez-le-fichier.png","type":"","width":"","height":""}],"twitter_card":"summary_large_image","twitter_misc":{"Tiempo de lectura":"1 minuto"},"schema":{"@context":"https:\/\/schema.org","@graph":[{"@type":"WebPage","@id":"https:\/\/exceladvisor.org\/es\/copiar-libro-de-trabajo\/","url":"https:\/\/exceladvisor.org\/es\/copiar-libro-de-trabajo\/","name":"\u00bfc\u00f3mo hacer una copia del libro de excel?","isPartOf":{"@id":"https:\/\/exceladvisor.org\/es\/#website"},"primaryImageOfPage":{"@id":"https:\/\/exceladvisor.org\/es\/copiar-libro-de-trabajo\/#primaryimage"},"image":{"@id":"https:\/\/exceladvisor.org\/es\/copiar-libro-de-trabajo\/#primaryimage"},"thumbnailUrl":"https:\/\/exceladvisor.org\/wp-content\/uploads\/2023\/08\/1-selectionnez-le-fichier.png","datePublished":"2023-10-18T08:38:45+00:00","dateModified":"2023-12-25T10:25:39+00:00","breadcrumb":{"@id":"https:\/\/exceladvisor.org\/es\/copiar-libro-de-trabajo\/#breadcrumb"},"inLanguage":"es","potentialAction":[{"@type":"ReadAction","target":["https:\/\/exceladvisor.org\/es\/copiar-libro-de-trabajo\/"]}]},{"@type":"ImageObject","inLanguage":"es","@id":"https:\/\/exceladvisor.org\/es\/copiar-libro-de-trabajo\/#primaryimage","url":"https:\/\/exceladvisor.org\/wp-content\/uploads\/2023\/08\/1-selectionnez-le-fichier.png","contentUrl":"https:\/\/exceladvisor.org\/wp-content\/uploads\/2023\/08\/1-selectionnez-le-fichier.png"},{"@type":"BreadcrumbList","@id":"https:\/\/exceladvisor.org\/es\/copiar-libro-de-trabajo\/#breadcrumb","itemListElement":[{"@type":"ListItem","position":1,"name":"Hogar","item":"https:\/\/exceladvisor.org\/es\/"},{"@type":"ListItem","position":2,"name":"\u00bfc\u00f3mo hacer una copia del libro de excel?"}]},{"@type":"WebSite","@id":"https:\/\/exceladvisor.org\/es\/#website","url":"https:\/\/exceladvisor.org\/es\/","name":"Excel Advisor","description":"Su gu\u00eda para la dominaci\u00f3n de datos!","publisher":{"@id":"https:\/\/exceladvisor.org\/es\/#organization"},"potentialAction":[{"@type":"SearchAction","target":{"@type":"EntryPoint","urlTemplate":"https:\/\/exceladvisor.org\/es\/?s={search_term_string}"},"query-input":{"@type":"PropertyValueSpecification","valueRequired":true,"valueName":"search_term_string"}}],"inLanguage":"es"},{"@type":"Organization","@id":"https:\/\/exceladvisor.org\/es\/#organization","name":"Excel Advisor","url":"https:\/\/exceladvisor.org\/es\/","logo":{"@type":"ImageObject","inLanguage":"es","@id":"https:\/\/exceladvisor.org\/es\/#\/schema\/logo\/image\/","url":"https:\/\/exceladvisor.org\/es\/wp-content\/uploads\/2023\/12\/exceladvisor.org_.png","contentUrl":"https:\/\/exceladvisor.org\/es\/wp-content\/uploads\/2023\/12\/exceladvisor.org_.png","width":105,"height":36,"caption":"Excel Advisor"},"image":{"@id":"https:\/\/exceladvisor.org\/es\/#\/schema\/logo\/image\/"}}]}},"yoast_meta":{"yoast_wpseo_title":"","yoast_wpseo_metadesc":"","yoast_wpseo_canonical":""},"_links":{"self":[{"href":"https:\/\/exceladvisor.org\/es\/wp-json\/wp\/v2\/pages\/619","targetHints":{"allow":["GET"]}}],"collection":[{"href":"https:\/\/exceladvisor.org\/es\/wp-json\/wp\/v2\/pages"}],"about":[{"href":"https:\/\/exceladvisor.org\/es\/wp-json\/wp\/v2\/types\/page"}],"author":[{"embeddable":true,"href":"https:\/\/exceladvisor.org\/es\/wp-json\/wp\/v2\/users\/1"}],"replies":[{"embeddable":true,"href":"https:\/\/exceladvisor.org\/es\/wp-json\/wp\/v2\/comments?post=619"}],"version-history":[{"count":1,"href":"https:\/\/exceladvisor.org\/es\/wp-json\/wp\/v2\/pages\/619\/revisions"}],"predecessor-version":[{"id":1090,"href":"https:\/\/exceladvisor.org\/es\/wp-json\/wp\/v2\/pages\/619\/revisions\/1090"}],"wp:attachment":[{"href":"https:\/\/exceladvisor.org\/es\/wp-json\/wp\/v2\/media?parent=619"}],"curies":[{"name":"wp","href":"https:\/\/api.w.org\/{rel}","templated":true}]}}