{"id":62,"date":"2023-11-17T15:12:06","date_gmt":"2023-11-17T15:12:06","guid":{"rendered":"https:\/\/exceladvisor.org\/es\/eliminar-una-hoja-1\/"},"modified":"2023-12-25T10:25:05","modified_gmt":"2023-12-25T10:25:05","slug":"eliminar-una-hoja-1","status":"publish","type":"page","link":"https:\/\/exceladvisor.org\/es\/eliminar-una-hoja-1\/","title":{"rendered":"\u00bfc\u00f3mo eliminar una hoja usando vba?"},"content":{"rendered":"<div class=\"excel-antes-del-contenido\" id=\"excel-3922810482\"><script type=\"text\/javascript\">\r\n\tatOptions = {\r\n\t\t'key' : 'c1158f160081d6540a8409e6925dab94',\r\n\t\t'format' : 'iframe',\r\n\t\t'height' : 250,\r\n\t\t'width' : 300,\r\n\t\t'params' : {}\r\n\t};\r\n<\/script>\r\n<script type=\"text\/javascript\" src=\"\/\/www.highperformanceformat.com\/c1158f160081d6540a8409e6925dab94\/invoke.js\"><\/script><\/div><p><strong>Para eliminar una hoja usando VBA, debe usar el m\u00e9todo Eliminar VBA.<\/strong> Debe especificar la hoja que desea eliminar y luego utilizar este m\u00e9todo. Digamos que si desea eliminar la \u00abHoja1\u00bb, debe mencionar la hoja1, luego escribir un punto (.) y al final escribir \u00abEliminar\u00bb.<\/p>\n<p> En este tutorial, veremos diferentes formas que puede utilizar para eliminar una hoja usando c\u00f3digo VBA. Aseg\u00farese de tener la <a href=\"https:\/\/exceladvisor.org\/es\/agregar-una-pestana-de-desarrollador\/\">pesta\u00f1a de desarrollador en la cinta<\/a> desde aqu\u00ed puede <a href=\"https:\/\/exceladvisor.org\/es\/editor-visual-basico\/\">acceder al editor de base visual<\/a> .<\/p>\n<h2 class=\"wp-block-heading\"> Eliminar una hoja usando su nombre<\/h2>\n<p> Cada hoja tiene un nombre y puede usar un c\u00f3digo de escritura para eliminar una hoja usando el nombre. Entonces, digamos que desea eliminar la hoja de trabajo \u00abDatos\u00bb, el c\u00f3digo ser\u00eda: <\/p>\n<pre class=\"wp-block-code\"> <code class=\"language-visual-basic\" lang=\"visual-basic\">Sub vba_delete_sheet() Sheets(\"Data\").Delete End Sub<\/code><\/pre>\n<div class=\"wp-block-image\">\n<figure class=\"aligncenter size-large is-resized\"><img loading=\"lazy\" decoding=\"async\" class=\"wp-image-52001\" src=\"https:\/\/exceladvisor.org\/wp-content\/uploads\/2023\/08\/2-ecrire-un-code-supprimer.png\" sizes=\"auto, \" srcset=\"\" alt=\"escribir-c\u00f3digo-eliminar\" width=\"374\" height=\"289\"><\/figure>\n<\/div>\n<h2 class=\"wp-block-heading\"> Eliminar una hoja sin previo aviso (mensaje)<\/h2>\n<p> Cuando elimina una hoja de trabajo, Excel muestra un mensaje para confirmar si desea eliminarla o cancelarla. Y cuando uses c\u00f3digo VBA, en este caso Excel tambi\u00e9n lo har\u00e1. <\/p>\n<div class=\"wp-block-image\">\n<figure class=\"aligncenter size-large is-resized\"><img loading=\"lazy\" decoding=\"async\" class=\"wp-image-52002\" src=\"https:\/\/exceladvisor.org\/wp-content\/uploads\/2023\/08\/3-boite-de-dialogue-pour-confirmer-la-suppression-ou-lannulation.png\" sizes=\"auto, \" srcset=\"\" alt=\"cuadro de di\u00e1logo para confirmar la eliminaci\u00f3n o cancelaci\u00f3n\" width=\"530\" height=\"230\"><\/figure>\n<\/div>\n<p> Para resolver este problema, puede desactivar la actualizaci\u00f3n de pantalla para eliminar una hoja y luego habilitarla. <\/p>\n<pre class=\"wp-block-code\"> <code class=\"language-visual-basic\" lang=\"visual-basic\">Application.DisplayAlerts = False Sheets(\"Data\").Delete Application.DisplayAlerts = True<\/code><\/pre>\n<div class=\"wp-block-image\">\n<figure class=\"aligncenter size-large is-resized\"><img loading=\"lazy\" decoding=\"async\" class=\"wp-image-52003\" src=\"https:\/\/exceladvisor.org\/wp-content\/uploads\/2023\/08\/4-desactiver-lalerte-de-la-boite-de-dialogue.png\" sizes=\"auto, \" srcset=\"\" alt=\"desactivar alerta de di\u00e1logo\" width=\"419\" height=\"243\"><\/figure>\n<\/div>\n<h2 class=\"wp-block-heading\"> Nombre de la hoja de una celda.<\/h2>\n<p> Ahora digamos que desea usar un valor de celda para usar el nombre de la hoja de trabajo. En este caso, necesitar\u00e1 utilizar el <a href=\"https:\/\/exceladvisor.org\/es\/rango-1\/\">objeto de rango de VBA<\/a> para hacer esto. <\/p>\n<div class=\"wp-block-image\">\n<figure class=\"aligncenter size-large is-resized\"><img loading=\"lazy\" decoding=\"async\" class=\"wp-image-52004\" src=\"https:\/\/exceladvisor.org\/wp-content\/uploads\/2023\/08\/5-utiliser-une-valeur-de-cellule-pour-utiliser-le-nom-de-la-feuille-de-calcul.png\" sizes=\"auto, \" srcset=\"\" alt=\"usar-un-valor-de-celda-para-usar-el-nombre-de-la-hoja-de-trabajo\" width=\"467\" height=\"272\"><\/figure>\n<\/div>\n<h2 class=\"wp-block-heading\"> Eliminar hoja usando el n\u00famero de hoja<\/h2>\n<p> As\u00ed es. Puede utilizar el n\u00famero de hoja para eliminarlo. Aqu\u00ed est\u00e1 el c\u00f3digo. <\/p>\n<pre class=\"wp-block-code\"> <code class=\"language-visual-basic\" lang=\"visual-basic\">Sub vba_delete_sheet() Sheets(1).Delete End Sub<\/code><\/pre>\n<div class=\"wp-block-image\">\n<figure class=\"aligncenter size-large is-resized\"><img loading=\"lazy\" decoding=\"async\" class=\"wp-image-52005\" src=\"https:\/\/exceladvisor.org\/wp-content\/uploads\/2023\/08\/6-utiliser-le-numero-de-feuille-pour-le-supprimer.png\" sizes=\"auto, \" srcset=\"\" alt=\"usar-n\u00famero-de-hoja-para-eliminarla\" width=\"311\" height=\"172\"><\/figure>\n<\/div>\n<h2 class=\"wp-block-heading\"> Eliminar hoja activa<\/h2>\n<p> Para eliminar la hoja activa, puede usar el objeto \u00abActiveSheet\u00bb en lugar de usar el nombre de la hoja para especificar la hoja. <\/p>\n<pre class=\"wp-block-code\"> <code class=\"language-visual-basic\" lang=\"visual-basic\">ActiveSheet.Delete<\/code><\/pre>\n<div class=\"wp-block-image\">\n<figure class=\"aligncenter size-large is-resized\"><img loading=\"lazy\" decoding=\"async\" class=\"wp-image-52006\" src=\"https:\/\/exceladvisor.org\/wp-content\/uploads\/2023\/08\/7-pour-supprimer-la-feuille-active-utiliser-la-feuille-active.png\" sizes=\"auto, \" srcset=\"\" alt=\"eliminar-hoja-activa-usar-hoja-activa\" width=\"293\" height=\"173\"><\/figure>\n<\/div>\n<p> Como dije, esto elimina la hoja activa y puedes <a href=\"https:\/\/exceladvisor.org\/es\/activar-hoja\/\">activarla<\/a> antes de eliminarla. Pero obviamente, no es necesario que hagas esto porque puedes consultar una hoja y eliminarla como vimos al principio de este tutorial.<\/p>\n<h2 class=\"wp-block-heading\"> Compruebe si la hoja existe antes de eliminarla<\/h2>\n<p> Tambi\u00e9n puede escribir c\u00f3digo de tal manera que pueda verificar si la hoja existe o no y luego eliminarla. <\/p>\n<pre class=\"wp-block-code\"> <code class=\"language-visual-basic\" lang=\"visual-basic\">Sub check_sheet_delete() Dim ws As Worksheet Dim mySheet As Variant mySheet = InputBox(\"enter sheet name\") Application.DisplayAlerts = False For Each ws In ThisWorkbook.Worksheets If mySheet = ws.Name Then ws.Delete End If Next ws Application.DisplayAlerts = True End Sub<\/code><\/pre>\n<div class=\"wp-block-image\">\n<figure class=\"aligncenter size-large is-resized\"><img loading=\"lazy\" decoding=\"async\" class=\"wp-image-52007\" src=\"https:\/\/exceladvisor.org\/wp-content\/uploads\/2023\/08\/8-ecrire-un-code-pour-verifier-si-la-feuille-existe.png\" sizes=\"auto, \" srcset=\"\" alt=\"escribir-c\u00f3digo-para-verificar-si-la-hoja-existe\" width=\"481\" height=\"443\"><\/figure>\n<\/div>\n<p> En este c\u00f3digo tiene <a href=\"https:\/\/exceladvisor.org\/es\/para-el-bucle\/\">PARA CADA uno<\/a> para recorrer todas las hojas de trabajo. Y luego, una <a href=\"https:\/\/exceladvisor.org\/es\/si-2\/\">DECLARACI\u00d3N IF<\/a> para eliminar la hoja si su nombre es igual al nombre que escribi\u00f3 en el cuadro de entrada.<\/p>\n<h2 class=\"wp-block-heading\"> Eliminar todas las hojas de trabajo del libro de trabajo<\/h2>\n<p> Estoy seguro de que tienes esta pregunta en mente, pero me temo que es imposible eliminar todas las hojas de trabajo que tienes en el libro. Te queda al menos una hoja de trabajo.<\/p>\n<p> Pero encontr\u00e9 una soluci\u00f3n a este problema. Puede insertar una nueva hoja en blanco y luego eliminar todas las que ya est\u00e1n all\u00ed.<\/p>\n<p> <strong>Aqu\u00ed est\u00e1 el c\u00f3digo:<\/strong> Este c\u00f3digo <a href=\"https:\/\/exceladvisor.org\/es\/agregar-una-nueva-hoja-1\/\">agrega una nueva hoja<\/a> y elimina todas las dem\u00e1s hojas.<\/p>\n<pre class=\"wp-block-code\"> <code class=\"language-visual-basic\" lang=\"visual-basic\">Sub vba_delete_all_worksheets() Dim ws As Worksheet Dim mySheet As String mySheet = \"BlankSheet-\" &amp; Format(Now, \"SS\") Sheets.Add.Name = mySheet Application.DisplayAlerts = False For Each ws In ThisWorkbook.Worksheets If ws.Name &lt;&gt; mySheet Then ws.Delete End If Next ws Application.DisplayAlerts = True End Sub<\/code><\/pre>\n<div class=\"gb-container gb-container-4db6181c gb-container-mt\"> <a class=\"gb-button gb-button-c5897111 gb-button-text gb-button-mt-button\" href=\"https:\/\/exceladvisor.org\/es\/vba\/\">\u00bfQu\u00e9 es VBA?<\/a><\/p>\n<h2 class=\"gb-headline gb-headline-665e5f6b gb-headline-text gb-headline-mt-heading\"> Tutoriales relacionados <\/h2>\n<div class=\"gb-grid-wrapper gb-grid-wrapper-a20baf7c gb-grid-wrapper-mt-grid\">\n<div class=\"gb-grid-column gb-grid-column-65ddf67e\">\n<div class=\"gb-container gb-container-65ddf67e\">\n<ul>\n<li> <a href=\"https:\/\/exceladvisor.org\/es\/hoja-clara\/\">BORRAR una hoja completa usando VBA en Excel<\/a><\/li>\n<li> <a href=\"https:\/\/exceladvisor.org\/es\/copiar-hoja\/\">Copiar y mover una hoja en Excel usando VBA<\/a><\/li>\n<li> <a href=\"https:\/\/exceladvisor.org\/es\/contar-las-hojas\/\">CONTAR Hojas usando VBA en Excel<\/a><\/li>\n<li> <a href=\"https:\/\/exceladvisor.org\/es\/ocultar-hoja\/\">Ocultar y mostrar una hoja usando VBA en Excel<\/a><\/li>\n<li> <a href=\"https:\/\/exceladvisor.org\/es\/proteger-la-hoja\/\">PROTEGER y DESPROTEGER una hoja usando VBA en Excel<\/a> <\/li>\n<\/ul>\n<\/div>\n<\/div>\n<div class=\"gb-grid-column gb-grid-column-50067b57\">\n<div class=\"gb-container gb-container-50067b57\"><\/div>\n<\/div>\n<\/div>\n<\/div>\n","protected":false},"excerpt":{"rendered":"<p>Para eliminar una hoja usando VBA, debe usar el m\u00e9todo Eliminar VBA. Debe especificar la hoja que desea eliminar y luego utilizar este m\u00e9todo. Digamos que si desea eliminar la \u00abHoja1\u00bb, debe mencionar la hoja1, luego escribir un punto (.) y al final escribir \u00abEliminar\u00bb. En este tutorial, veremos diferentes formas que puede utilizar para [&hellip;]<\/p>\n","protected":false},"author":1,"featured_media":0,"parent":0,"menu_order":0,"comment_status":"open","ping_status":"closed","template":"","meta":{"ub_ctt_via":"","footnotes":""},"class_list":["post-62","page","type-page","status-publish","hentry"],"featured_image_src":null,"yoast_head":"<!-- This site is optimized with the Yoast SEO plugin v25.4 - https:\/\/yoast.com\/wordpress\/plugins\/seo\/ -->\n<title>\u00bfc\u00f3mo eliminar una hoja usando vba?<\/title>\n<meta name=\"robots\" content=\"index, follow, max-snippet:-1, max-image-preview:large, max-video-preview:-1\" \/>\n<link rel=\"canonical\" href=\"https:\/\/exceladvisor.org\/es\/eliminar-una-hoja-1\/\" \/>\n<meta property=\"og:locale\" content=\"es_ES\" \/>\n<meta property=\"og:type\" content=\"article\" \/>\n<meta property=\"og:title\" content=\"\u00bfc\u00f3mo eliminar una hoja usando vba?\" \/>\n<meta property=\"og:description\" content=\"Para eliminar una hoja usando VBA, debe usar el m\u00e9todo Eliminar VBA. Debe especificar la hoja que desea eliminar y luego utilizar este m\u00e9todo. Digamos que si desea eliminar la \u00abHoja1\u00bb, debe mencionar la hoja1, luego escribir un punto (.) y al final escribir \u00abEliminar\u00bb. En este tutorial, veremos diferentes formas que puede utilizar para [&hellip;]\" \/>\n<meta property=\"og:url\" content=\"https:\/\/exceladvisor.org\/es\/eliminar-una-hoja-1\/\" \/>\n<meta property=\"og:site_name\" content=\"Excel Advisor\" \/>\n<meta property=\"article:modified_time\" content=\"2023-12-25T10:25:05+00:00\" \/>\n<meta property=\"og:image\" content=\"https:\/\/exceladvisor.org\/wp-content\/uploads\/2023\/08\/2-ecrire-un-code-supprimer.png\" \/>\n<meta name=\"twitter:card\" content=\"summary_large_image\" \/>\n<meta name=\"twitter:label1\" content=\"Tiempo de lectura\" \/>\n\t<meta name=\"twitter:data1\" content=\"3 minutos\" \/>\n<script type=\"application\/ld+json\" class=\"yoast-schema-graph\">{\"@context\":\"https:\/\/schema.org\",\"@graph\":[{\"@type\":\"WebPage\",\"@id\":\"https:\/\/exceladvisor.org\/es\/eliminar-una-hoja-1\/\",\"url\":\"https:\/\/exceladvisor.org\/es\/eliminar-una-hoja-1\/\",\"name\":\"\u00bfc\u00f3mo eliminar una hoja usando vba?\",\"isPartOf\":{\"@id\":\"https:\/\/exceladvisor.org\/es\/#website\"},\"primaryImageOfPage\":{\"@id\":\"https:\/\/exceladvisor.org\/es\/eliminar-una-hoja-1\/#primaryimage\"},\"image\":{\"@id\":\"https:\/\/exceladvisor.org\/es\/eliminar-una-hoja-1\/#primaryimage\"},\"thumbnailUrl\":\"https:\/\/exceladvisor.org\/wp-content\/uploads\/2023\/08\/2-ecrire-un-code-supprimer.png\",\"datePublished\":\"2023-11-17T15:12:06+00:00\",\"dateModified\":\"2023-12-25T10:25:05+00:00\",\"breadcrumb\":{\"@id\":\"https:\/\/exceladvisor.org\/es\/eliminar-una-hoja-1\/#breadcrumb\"},\"inLanguage\":\"es\",\"potentialAction\":[{\"@type\":\"ReadAction\",\"target\":[\"https:\/\/exceladvisor.org\/es\/eliminar-una-hoja-1\/\"]}]},{\"@type\":\"ImageObject\",\"inLanguage\":\"es\",\"@id\":\"https:\/\/exceladvisor.org\/es\/eliminar-una-hoja-1\/#primaryimage\",\"url\":\"https:\/\/exceladvisor.org\/wp-content\/uploads\/2023\/08\/2-ecrire-un-code-supprimer.png\",\"contentUrl\":\"https:\/\/exceladvisor.org\/wp-content\/uploads\/2023\/08\/2-ecrire-un-code-supprimer.png\"},{\"@type\":\"BreadcrumbList\",\"@id\":\"https:\/\/exceladvisor.org\/es\/eliminar-una-hoja-1\/#breadcrumb\",\"itemListElement\":[{\"@type\":\"ListItem\",\"position\":1,\"name\":\"Hogar\",\"item\":\"https:\/\/exceladvisor.org\/es\/\"},{\"@type\":\"ListItem\",\"position\":2,\"name\":\"\u00bfc\u00f3mo eliminar una hoja usando vba?\"}]},{\"@type\":\"WebSite\",\"@id\":\"https:\/\/exceladvisor.org\/es\/#website\",\"url\":\"https:\/\/exceladvisor.org\/es\/\",\"name\":\"Excel Advisor\",\"description\":\"Su gu\u00eda para la dominaci\u00f3n de datos!\",\"publisher\":{\"@id\":\"https:\/\/exceladvisor.org\/es\/#organization\"},\"potentialAction\":[{\"@type\":\"SearchAction\",\"target\":{\"@type\":\"EntryPoint\",\"urlTemplate\":\"https:\/\/exceladvisor.org\/es\/?s={search_term_string}\"},\"query-input\":{\"@type\":\"PropertyValueSpecification\",\"valueRequired\":true,\"valueName\":\"search_term_string\"}}],\"inLanguage\":\"es\"},{\"@type\":\"Organization\",\"@id\":\"https:\/\/exceladvisor.org\/es\/#organization\",\"name\":\"Excel Advisor\",\"url\":\"https:\/\/exceladvisor.org\/es\/\",\"logo\":{\"@type\":\"ImageObject\",\"inLanguage\":\"es\",\"@id\":\"https:\/\/exceladvisor.org\/es\/#\/schema\/logo\/image\/\",\"url\":\"https:\/\/exceladvisor.org\/es\/wp-content\/uploads\/2023\/12\/exceladvisor.org_.png\",\"contentUrl\":\"https:\/\/exceladvisor.org\/es\/wp-content\/uploads\/2023\/12\/exceladvisor.org_.png\",\"width\":105,\"height\":36,\"caption\":\"Excel Advisor\"},\"image\":{\"@id\":\"https:\/\/exceladvisor.org\/es\/#\/schema\/logo\/image\/\"}}]}<\/script>\n<!-- \/ Yoast SEO plugin. -->","yoast_head_json":{"title":"\u00bfc\u00f3mo eliminar una hoja usando vba?","robots":{"index":"index","follow":"follow","max-snippet":"max-snippet:-1","max-image-preview":"max-image-preview:large","max-video-preview":"max-video-preview:-1"},"canonical":"https:\/\/exceladvisor.org\/es\/eliminar-una-hoja-1\/","og_locale":"es_ES","og_type":"article","og_title":"\u00bfc\u00f3mo eliminar una hoja usando vba?","og_description":"Para eliminar una hoja usando VBA, debe usar el m\u00e9todo Eliminar VBA. Debe especificar la hoja que desea eliminar y luego utilizar este m\u00e9todo. Digamos que si desea eliminar la \u00abHoja1\u00bb, debe mencionar la hoja1, luego escribir un punto (.) y al final escribir \u00abEliminar\u00bb. En este tutorial, veremos diferentes formas que puede utilizar para [&hellip;]","og_url":"https:\/\/exceladvisor.org\/es\/eliminar-una-hoja-1\/","og_site_name":"Excel Advisor","article_modified_time":"2023-12-25T10:25:05+00:00","og_image":[{"url":"https:\/\/exceladvisor.org\/wp-content\/uploads\/2023\/08\/2-ecrire-un-code-supprimer.png","type":"","width":"","height":""}],"twitter_card":"summary_large_image","twitter_misc":{"Tiempo de lectura":"3 minutos"},"schema":{"@context":"https:\/\/schema.org","@graph":[{"@type":"WebPage","@id":"https:\/\/exceladvisor.org\/es\/eliminar-una-hoja-1\/","url":"https:\/\/exceladvisor.org\/es\/eliminar-una-hoja-1\/","name":"\u00bfc\u00f3mo eliminar una hoja usando vba?","isPartOf":{"@id":"https:\/\/exceladvisor.org\/es\/#website"},"primaryImageOfPage":{"@id":"https:\/\/exceladvisor.org\/es\/eliminar-una-hoja-1\/#primaryimage"},"image":{"@id":"https:\/\/exceladvisor.org\/es\/eliminar-una-hoja-1\/#primaryimage"},"thumbnailUrl":"https:\/\/exceladvisor.org\/wp-content\/uploads\/2023\/08\/2-ecrire-un-code-supprimer.png","datePublished":"2023-11-17T15:12:06+00:00","dateModified":"2023-12-25T10:25:05+00:00","breadcrumb":{"@id":"https:\/\/exceladvisor.org\/es\/eliminar-una-hoja-1\/#breadcrumb"},"inLanguage":"es","potentialAction":[{"@type":"ReadAction","target":["https:\/\/exceladvisor.org\/es\/eliminar-una-hoja-1\/"]}]},{"@type":"ImageObject","inLanguage":"es","@id":"https:\/\/exceladvisor.org\/es\/eliminar-una-hoja-1\/#primaryimage","url":"https:\/\/exceladvisor.org\/wp-content\/uploads\/2023\/08\/2-ecrire-un-code-supprimer.png","contentUrl":"https:\/\/exceladvisor.org\/wp-content\/uploads\/2023\/08\/2-ecrire-un-code-supprimer.png"},{"@type":"BreadcrumbList","@id":"https:\/\/exceladvisor.org\/es\/eliminar-una-hoja-1\/#breadcrumb","itemListElement":[{"@type":"ListItem","position":1,"name":"Hogar","item":"https:\/\/exceladvisor.org\/es\/"},{"@type":"ListItem","position":2,"name":"\u00bfc\u00f3mo eliminar una hoja usando vba?"}]},{"@type":"WebSite","@id":"https:\/\/exceladvisor.org\/es\/#website","url":"https:\/\/exceladvisor.org\/es\/","name":"Excel Advisor","description":"Su gu\u00eda para la dominaci\u00f3n de datos!","publisher":{"@id":"https:\/\/exceladvisor.org\/es\/#organization"},"potentialAction":[{"@type":"SearchAction","target":{"@type":"EntryPoint","urlTemplate":"https:\/\/exceladvisor.org\/es\/?s={search_term_string}"},"query-input":{"@type":"PropertyValueSpecification","valueRequired":true,"valueName":"search_term_string"}}],"inLanguage":"es"},{"@type":"Organization","@id":"https:\/\/exceladvisor.org\/es\/#organization","name":"Excel Advisor","url":"https:\/\/exceladvisor.org\/es\/","logo":{"@type":"ImageObject","inLanguage":"es","@id":"https:\/\/exceladvisor.org\/es\/#\/schema\/logo\/image\/","url":"https:\/\/exceladvisor.org\/es\/wp-content\/uploads\/2023\/12\/exceladvisor.org_.png","contentUrl":"https:\/\/exceladvisor.org\/es\/wp-content\/uploads\/2023\/12\/exceladvisor.org_.png","width":105,"height":36,"caption":"Excel Advisor"},"image":{"@id":"https:\/\/exceladvisor.org\/es\/#\/schema\/logo\/image\/"}}]}},"yoast_meta":{"yoast_wpseo_title":"","yoast_wpseo_metadesc":"","yoast_wpseo_canonical":""},"_links":{"self":[{"href":"https:\/\/exceladvisor.org\/es\/wp-json\/wp\/v2\/pages\/62","targetHints":{"allow":["GET"]}}],"collection":[{"href":"https:\/\/exceladvisor.org\/es\/wp-json\/wp\/v2\/pages"}],"about":[{"href":"https:\/\/exceladvisor.org\/es\/wp-json\/wp\/v2\/types\/page"}],"author":[{"embeddable":true,"href":"https:\/\/exceladvisor.org\/es\/wp-json\/wp\/v2\/users\/1"}],"replies":[{"embeddable":true,"href":"https:\/\/exceladvisor.org\/es\/wp-json\/wp\/v2\/comments?post=62"}],"version-history":[{"count":1,"href":"https:\/\/exceladvisor.org\/es\/wp-json\/wp\/v2\/pages\/62\/revisions"}],"predecessor-version":[{"id":1002,"href":"https:\/\/exceladvisor.org\/es\/wp-json\/wp\/v2\/pages\/62\/revisions\/1002"}],"wp:attachment":[{"href":"https:\/\/exceladvisor.org\/es\/wp-json\/wp\/v2\/media?parent=62"}],"curies":[{"name":"wp","href":"https:\/\/api.w.org\/{rel}","templated":true}]}}