{"id":620,"date":"2023-10-18T05:22:43","date_gmt":"2023-10-18T05:22:43","guid":{"rendered":"https:\/\/exceladvisor.org\/es\/opciones\/"},"modified":"2023-12-25T10:22:38","modified_gmt":"2023-12-25T10:22:38","slug":"opciones","status":"publish","type":"page","link":"https:\/\/exceladvisor.org\/es\/opciones\/","title":{"rendered":"\u00bfc\u00f3mo abrir las opciones de excel en windows y mac?"},"content":{"rendered":"<div class=\"excel-antes-del-contenido\" id=\"excel-910201494\"><script type=\"text\/javascript\">\r\n\tatOptions = {\r\n\t\t'key' : 'c1158f160081d6540a8409e6925dab94',\r\n\t\t'format' : 'iframe',\r\n\t\t'height' : 250,\r\n\t\t'width' : 300,\r\n\t\t'params' : {}\r\n\t};\r\n<\/script>\r\n<script type=\"text\/javascript\" src=\"\/\/www.highperformanceformat.com\/c1158f160081d6540a8409e6925dab94\/invoke.js\"><\/script><\/div><p>En Mac, las opciones de Excel est\u00e1n ah\u00ed con el nombre Preferencias de Excel, y en Windows, son solo opciones. <\/p>\n<div class=\"wp-block-image\">\n<figure class=\"aligncenter size-full is-resized\"><img loading=\"lazy\" decoding=\"async\" class=\"wp-image-77787\" src=\"https:\/\/exceladvisor.org\/wp-content\/uploads\/2023\/08\/1-ouvrir-les-options-excel-dans-mac1.png\" sizes=\"auto, \" srcset=\"\" alt=\"abrir-opciones-de-excel-en-mac\" width=\"596\" height=\"666\"><\/figure>\n<\/div>\n<p> En este tutorial, veremos pasos sencillos para abrir y usar las Opciones de Excel en Mac y Windows.<\/p>\n<h2 class=\"wp-block-heading\"> Pasos para abrir las opciones de Excel en Mac<\/h2>\n<ol>\n<li> En primer lugar, pulsa en \u201cExcel\u201d en la barra de men\u00fa que tienes en la parte superior. <br \/><img loading=\"lazy\" decoding=\"async\" title=\"2-clics-en-la-barra-de-excel-para-mac\" src=\"https:\/\/exceladvisor.org\/wp-content\/uploads\/2023\/08\/2-clic-sur-la-barre-excel-pour-mac.png\" sizes=\"auto, \" srcset=\"\" alt=\"click-on-excel-bar-for-mac\" width=\"512\" height=\"183\"><\/li>\n<li> Despu\u00e9s de eso, haga clic en \u00abPreferencias&#8230;\u00bb para abrir las opciones de Excel. <br \/><img loading=\"lazy\" decoding=\"async\" title=\"Preferencias en 3 clics\" src=\"https:\/\/exceladvisor.org\/wp-content\/uploads\/2023\/08\/3-cliquez-sur-preferences.png\" sizes=\"auto, \" srcset=\"\" alt=\"click-on-preferences\" width=\"507\" height=\"249\"><\/li>\n<li> Desde all\u00ed, haga clic en la categor\u00eda para abrir las otras opciones internas. <br \/><img loading=\"lazy\" decoding=\"async\" title=\"Categor\u00eda-de-4-clic-para-abrir-otras-opciones\" src=\"https:\/\/exceladvisor.org\/wp-content\/uploads\/2023\/08\/4-cliquez-sur-caegory-pour-ouvrir-dautres-options.png\" sizes=\"auto, \" srcset=\"\" alt=\"click-category-to-open-further-options\" width=\"505\" height=\"291\"><\/li>\n<li> Al final, una vez que haya realizado los cambios (por ejemplo, si desea cambiar la fuente predeterminada), haga clic en el icono de cerrar en la parte superior izquierda para guardarlo y cerrarlo. <br \/><img loading=\"lazy\" decoding=\"async\" title=\"5 clics en el icono de cerrar\" src=\"https:\/\/exceladvisor.org\/wp-content\/uploads\/2023\/08\/5-cliquez-sur-licone-de-fermeture.png\" sizes=\"auto, \" srcset=\"\" alt=\"click-on-close-icon\" width=\"623\" height=\"437\"><\/li>\n<\/ol>\n<h2 class=\"wp-block-heading\"> Pasos para abrir las opciones de Excel en Windows<\/h2>\n<ol>\n<li> Primero, vaya a la pesta\u00f1a Archivo en la cinta. <br \/><img loading=\"lazy\" decoding=\"async\" title=\"6-opciones-para-abrir-excel-en-windows\" src=\"https:\/\/exceladvisor.org\/wp-content\/uploads\/2023\/08\/6-options-Excel-ouvertes-dans-Windows.png\" sizes=\"auto, \" srcset=\"\" alt=\"open-excel-options-in-windows\" width=\"370\" height=\"229\"><\/li>\n<li> Desde all\u00ed, haga clic en M\u00e1s, luego haga clic en Opciones. <br \/><img loading=\"lazy\" decoding=\"async\" title=\"7-clic-archivo-luego-opciones\" src=\"https:\/\/exceladvisor.org\/wp-content\/uploads\/2023\/08\/7-cliquez-sur-fichier-puis-sur-options.png\" sizes=\"auto, \" srcset=\"\" alt=\"click-file-and-then-options\" width=\"317\" height=\"221\"><\/li>\n<li> Desde all\u00ed, haga clic en la pesta\u00f1a de categor\u00eda para abrir las otras opciones internas. <br \/><img loading=\"lazy\" decoding=\"async\" title=\"Categor\u00eda-de-8-clics-para-explorar-otras-opciones\" src=\"https:\/\/exceladvisor.org\/wp-content\/uploads\/2023\/08\/8-cliquez-sur-la-categorie-pour-explorer-dautres-options.png\" sizes=\"auto, \" srcset=\"\" alt=\"click-category-to-explore-further-options\" width=\"508\" height=\"377\"><\/li>\n<li> Al final, una vez que haya realizado los cambios (por ejemplo, si desea cambiar el tema de color del escritorio), haga clic en el bot\u00f3n Aceptar en la parte inferior derecha del cuadro de di\u00e1logo. <br \/><img loading=\"lazy\" decoding=\"async\" title=\"9-despu\u00e9s-de-cambios-haga clic-guardar\" src=\"https:\/\/exceladvisor.org\/wp-content\/uploads\/2023\/08\/9-apres-les-modifications-cliquez-sur-Enregistrer.png\" sizes=\"auto, \" srcset=\"\" alt=\"after-changes-click-save\" width=\"734\" height=\"394\"><\/li>\n<\/ol>\n<div class=\"gb-container gb-container-4db6181c gb-container-mt\"> <a class=\"gb-button gb-button-c5897111 gb-button-text gb-button-mt-button\" href=\"https:\/\/exceladvisor.org\/es\/conceptos-basicos-de-excel\/\">Conceptos b\u00e1sicos de Microsoft Excel (componentes, piezas y notas de conocimiento)<\/a><\/p>\n<h2 class=\"gb-headline gb-headline-665e5f6b gb-headline-text gb-headline-mt-heading\"> Tutoriales relacionados <\/h2>\n<div class=\"gb-grid-wrapper gb-grid-wrapper-a20baf7c gb-grid-wrapper-mt-grid\">\n<div class=\"gb-grid-column gb-grid-column-65ddf67e\">\n<div class=\"gb-container gb-container-65ddf67e\">\n<ul>\n<li> <a href=\"https:\/\/exceladvisor.org\/es\/justificar-completamente\/\">Llenar justificar en Excel<\/a><\/li>\n<li> <a href=\"https:\/\/exceladvisor.org\/es\/barra-de-formulas-de-excel\/\">Barra de f\u00f3rmulas en Excel<\/a><\/li>\n<li> <a href=\"https:\/\/exceladvisor.org\/es\/agregar-un-encabezado-de-pie-de-pagina\/\">Agregar un encabezado y pie de p\u00e1gina en Excel<\/a><\/li>\n<li> <a href=\"https:\/\/exceladvisor.org\/es\/gobernante\/\">Mostrar regla en Excel<\/a><\/li>\n<li> <a href=\"https:\/\/exceladvisor.org\/es\/mango-de-llenado\/\">Controlador de relleno en Excel<\/a><\/li>\n<\/ul>\n<\/div>\n<\/div>\n<\/div>\n<\/div>\n","protected":false},"excerpt":{"rendered":"<p>En Mac, las opciones de Excel est\u00e1n ah\u00ed con el nombre Preferencias de Excel, y en Windows, son solo opciones. En este tutorial, veremos pasos sencillos para abrir y usar las Opciones de Excel en Mac y Windows. Pasos para abrir las opciones de Excel en Mac En primer lugar, pulsa en \u201cExcel\u201d en la [&hellip;]<\/p>\n","protected":false},"author":1,"featured_media":0,"parent":0,"menu_order":0,"comment_status":"open","ping_status":"closed","template":"","meta":{"ub_ctt_via":"","footnotes":""},"class_list":["post-620","page","type-page","status-publish","hentry"],"featured_image_src":null,"yoast_head":"<!-- This site is optimized with the Yoast SEO plugin v25.4 - https:\/\/yoast.com\/wordpress\/plugins\/seo\/ -->\n<title>\u00bfc\u00f3mo abrir las opciones de excel en windows y mac?<\/title>\n<meta name=\"robots\" content=\"index, follow, max-snippet:-1, max-image-preview:large, max-video-preview:-1\" \/>\n<link rel=\"canonical\" href=\"https:\/\/exceladvisor.org\/es\/opciones\/\" \/>\n<meta property=\"og:locale\" content=\"es_ES\" \/>\n<meta property=\"og:type\" content=\"article\" \/>\n<meta property=\"og:title\" content=\"\u00bfc\u00f3mo abrir las opciones de excel en windows y mac?\" \/>\n<meta property=\"og:description\" content=\"En Mac, las opciones de Excel est\u00e1n ah\u00ed con el nombre Preferencias de Excel, y en Windows, son solo opciones. En este tutorial, veremos pasos sencillos para abrir y usar las Opciones de Excel en Mac y Windows. Pasos para abrir las opciones de Excel en Mac En primer lugar, pulsa en \u201cExcel\u201d en la [&hellip;]\" \/>\n<meta property=\"og:url\" content=\"https:\/\/exceladvisor.org\/es\/opciones\/\" \/>\n<meta property=\"og:site_name\" content=\"Excel Advisor\" \/>\n<meta property=\"article:modified_time\" content=\"2023-12-25T10:22:38+00:00\" \/>\n<meta property=\"og:image\" content=\"https:\/\/exceladvisor.org\/wp-content\/uploads\/2023\/08\/1-ouvrir-les-options-excel-dans-mac1.png\" \/>\n<meta name=\"twitter:card\" content=\"summary_large_image\" \/>\n<meta name=\"twitter:label1\" content=\"Tiempo de lectura\" \/>\n\t<meta name=\"twitter:data1\" content=\"1 minuto\" \/>\n<script type=\"application\/ld+json\" class=\"yoast-schema-graph\">{\"@context\":\"https:\/\/schema.org\",\"@graph\":[{\"@type\":\"WebPage\",\"@id\":\"https:\/\/exceladvisor.org\/es\/opciones\/\",\"url\":\"https:\/\/exceladvisor.org\/es\/opciones\/\",\"name\":\"\u00bfc\u00f3mo abrir las opciones de excel en windows y mac?\",\"isPartOf\":{\"@id\":\"https:\/\/exceladvisor.org\/es\/#website\"},\"primaryImageOfPage\":{\"@id\":\"https:\/\/exceladvisor.org\/es\/opciones\/#primaryimage\"},\"image\":{\"@id\":\"https:\/\/exceladvisor.org\/es\/opciones\/#primaryimage\"},\"thumbnailUrl\":\"https:\/\/exceladvisor.org\/wp-content\/uploads\/2023\/08\/1-ouvrir-les-options-excel-dans-mac1.png\",\"datePublished\":\"2023-10-18T05:22:43+00:00\",\"dateModified\":\"2023-12-25T10:22:38+00:00\",\"breadcrumb\":{\"@id\":\"https:\/\/exceladvisor.org\/es\/opciones\/#breadcrumb\"},\"inLanguage\":\"es\",\"potentialAction\":[{\"@type\":\"ReadAction\",\"target\":[\"https:\/\/exceladvisor.org\/es\/opciones\/\"]}]},{\"@type\":\"ImageObject\",\"inLanguage\":\"es\",\"@id\":\"https:\/\/exceladvisor.org\/es\/opciones\/#primaryimage\",\"url\":\"https:\/\/exceladvisor.org\/wp-content\/uploads\/2023\/08\/1-ouvrir-les-options-excel-dans-mac1.png\",\"contentUrl\":\"https:\/\/exceladvisor.org\/wp-content\/uploads\/2023\/08\/1-ouvrir-les-options-excel-dans-mac1.png\"},{\"@type\":\"BreadcrumbList\",\"@id\":\"https:\/\/exceladvisor.org\/es\/opciones\/#breadcrumb\",\"itemListElement\":[{\"@type\":\"ListItem\",\"position\":1,\"name\":\"Hogar\",\"item\":\"https:\/\/exceladvisor.org\/es\/\"},{\"@type\":\"ListItem\",\"position\":2,\"name\":\"\u00bfc\u00f3mo abrir las opciones de excel en windows y mac?\"}]},{\"@type\":\"WebSite\",\"@id\":\"https:\/\/exceladvisor.org\/es\/#website\",\"url\":\"https:\/\/exceladvisor.org\/es\/\",\"name\":\"Excel Advisor\",\"description\":\"Su gu\u00eda para la dominaci\u00f3n de datos!\",\"publisher\":{\"@id\":\"https:\/\/exceladvisor.org\/es\/#organization\"},\"potentialAction\":[{\"@type\":\"SearchAction\",\"target\":{\"@type\":\"EntryPoint\",\"urlTemplate\":\"https:\/\/exceladvisor.org\/es\/?s={search_term_string}\"},\"query-input\":{\"@type\":\"PropertyValueSpecification\",\"valueRequired\":true,\"valueName\":\"search_term_string\"}}],\"inLanguage\":\"es\"},{\"@type\":\"Organization\",\"@id\":\"https:\/\/exceladvisor.org\/es\/#organization\",\"name\":\"Excel Advisor\",\"url\":\"https:\/\/exceladvisor.org\/es\/\",\"logo\":{\"@type\":\"ImageObject\",\"inLanguage\":\"es\",\"@id\":\"https:\/\/exceladvisor.org\/es\/#\/schema\/logo\/image\/\",\"url\":\"https:\/\/exceladvisor.org\/es\/wp-content\/uploads\/2023\/12\/exceladvisor.org_.png\",\"contentUrl\":\"https:\/\/exceladvisor.org\/es\/wp-content\/uploads\/2023\/12\/exceladvisor.org_.png\",\"width\":105,\"height\":36,\"caption\":\"Excel Advisor\"},\"image\":{\"@id\":\"https:\/\/exceladvisor.org\/es\/#\/schema\/logo\/image\/\"}}]}<\/script>\n<!-- \/ Yoast SEO plugin. -->","yoast_head_json":{"title":"\u00bfc\u00f3mo abrir las opciones de excel en windows y mac?","robots":{"index":"index","follow":"follow","max-snippet":"max-snippet:-1","max-image-preview":"max-image-preview:large","max-video-preview":"max-video-preview:-1"},"canonical":"https:\/\/exceladvisor.org\/es\/opciones\/","og_locale":"es_ES","og_type":"article","og_title":"\u00bfc\u00f3mo abrir las opciones de excel en windows y mac?","og_description":"En Mac, las opciones de Excel est\u00e1n ah\u00ed con el nombre Preferencias de Excel, y en Windows, son solo opciones. En este tutorial, veremos pasos sencillos para abrir y usar las Opciones de Excel en Mac y Windows. Pasos para abrir las opciones de Excel en Mac En primer lugar, pulsa en \u201cExcel\u201d en la [&hellip;]","og_url":"https:\/\/exceladvisor.org\/es\/opciones\/","og_site_name":"Excel Advisor","article_modified_time":"2023-12-25T10:22:38+00:00","og_image":[{"url":"https:\/\/exceladvisor.org\/wp-content\/uploads\/2023\/08\/1-ouvrir-les-options-excel-dans-mac1.png","type":"","width":"","height":""}],"twitter_card":"summary_large_image","twitter_misc":{"Tiempo de lectura":"1 minuto"},"schema":{"@context":"https:\/\/schema.org","@graph":[{"@type":"WebPage","@id":"https:\/\/exceladvisor.org\/es\/opciones\/","url":"https:\/\/exceladvisor.org\/es\/opciones\/","name":"\u00bfc\u00f3mo abrir las opciones de excel en windows y mac?","isPartOf":{"@id":"https:\/\/exceladvisor.org\/es\/#website"},"primaryImageOfPage":{"@id":"https:\/\/exceladvisor.org\/es\/opciones\/#primaryimage"},"image":{"@id":"https:\/\/exceladvisor.org\/es\/opciones\/#primaryimage"},"thumbnailUrl":"https:\/\/exceladvisor.org\/wp-content\/uploads\/2023\/08\/1-ouvrir-les-options-excel-dans-mac1.png","datePublished":"2023-10-18T05:22:43+00:00","dateModified":"2023-12-25T10:22:38+00:00","breadcrumb":{"@id":"https:\/\/exceladvisor.org\/es\/opciones\/#breadcrumb"},"inLanguage":"es","potentialAction":[{"@type":"ReadAction","target":["https:\/\/exceladvisor.org\/es\/opciones\/"]}]},{"@type":"ImageObject","inLanguage":"es","@id":"https:\/\/exceladvisor.org\/es\/opciones\/#primaryimage","url":"https:\/\/exceladvisor.org\/wp-content\/uploads\/2023\/08\/1-ouvrir-les-options-excel-dans-mac1.png","contentUrl":"https:\/\/exceladvisor.org\/wp-content\/uploads\/2023\/08\/1-ouvrir-les-options-excel-dans-mac1.png"},{"@type":"BreadcrumbList","@id":"https:\/\/exceladvisor.org\/es\/opciones\/#breadcrumb","itemListElement":[{"@type":"ListItem","position":1,"name":"Hogar","item":"https:\/\/exceladvisor.org\/es\/"},{"@type":"ListItem","position":2,"name":"\u00bfc\u00f3mo abrir las opciones de excel en windows y mac?"}]},{"@type":"WebSite","@id":"https:\/\/exceladvisor.org\/es\/#website","url":"https:\/\/exceladvisor.org\/es\/","name":"Excel Advisor","description":"Su gu\u00eda para la dominaci\u00f3n de datos!","publisher":{"@id":"https:\/\/exceladvisor.org\/es\/#organization"},"potentialAction":[{"@type":"SearchAction","target":{"@type":"EntryPoint","urlTemplate":"https:\/\/exceladvisor.org\/es\/?s={search_term_string}"},"query-input":{"@type":"PropertyValueSpecification","valueRequired":true,"valueName":"search_term_string"}}],"inLanguage":"es"},{"@type":"Organization","@id":"https:\/\/exceladvisor.org\/es\/#organization","name":"Excel Advisor","url":"https:\/\/exceladvisor.org\/es\/","logo":{"@type":"ImageObject","inLanguage":"es","@id":"https:\/\/exceladvisor.org\/es\/#\/schema\/logo\/image\/","url":"https:\/\/exceladvisor.org\/es\/wp-content\/uploads\/2023\/12\/exceladvisor.org_.png","contentUrl":"https:\/\/exceladvisor.org\/es\/wp-content\/uploads\/2023\/12\/exceladvisor.org_.png","width":105,"height":36,"caption":"Excel Advisor"},"image":{"@id":"https:\/\/exceladvisor.org\/es\/#\/schema\/logo\/image\/"}}]}},"yoast_meta":{"yoast_wpseo_title":"","yoast_wpseo_metadesc":"","yoast_wpseo_canonical":""},"_links":{"self":[{"href":"https:\/\/exceladvisor.org\/es\/wp-json\/wp\/v2\/pages\/620","targetHints":{"allow":["GET"]}}],"collection":[{"href":"https:\/\/exceladvisor.org\/es\/wp-json\/wp\/v2\/pages"}],"about":[{"href":"https:\/\/exceladvisor.org\/es\/wp-json\/wp\/v2\/types\/page"}],"author":[{"embeddable":true,"href":"https:\/\/exceladvisor.org\/es\/wp-json\/wp\/v2\/users\/1"}],"replies":[{"embeddable":true,"href":"https:\/\/exceladvisor.org\/es\/wp-json\/wp\/v2\/comments?post=620"}],"version-history":[{"count":1,"href":"https:\/\/exceladvisor.org\/es\/wp-json\/wp\/v2\/pages\/620\/revisions"}],"predecessor-version":[{"id":779,"href":"https:\/\/exceladvisor.org\/es\/wp-json\/wp\/v2\/pages\/620\/revisions\/779"}],"wp:attachment":[{"href":"https:\/\/exceladvisor.org\/es\/wp-json\/wp\/v2\/media?parent=620"}],"curies":[{"name":"wp","href":"https:\/\/api.w.org\/{rel}","templated":true}]}}