{"id":621,"date":"2023-10-18T04:39:54","date_gmt":"2023-10-18T04:39:54","guid":{"rendered":"https:\/\/exceladvisor.org\/es\/columna-2\/"},"modified":"2023-12-25T10:32:13","modified_gmt":"2023-12-25T10:32:13","slug":"columna-2","status":"publish","type":"page","link":"https:\/\/exceladvisor.org\/es\/columna-2\/","title":{"rendered":"\u00bfqu\u00e9 es una columna en excel?"},"content":{"rendered":"<div class=\"excel-antes-del-contenido\" id=\"excel-636364553\"><script type=\"text\/javascript\">\r\n\tatOptions = {\r\n\t\t'key' : 'c1158f160081d6540a8409e6925dab94',\r\n\t\t'format' : 'iframe',\r\n\t\t'height' : 250,\r\n\t\t'width' : 300,\r\n\t\t'params' : {}\r\n\t};\r\n<\/script>\r\n<script type=\"text\/javascript\" src=\"\/\/www.highperformanceformat.com\/c1158f160081d6540a8409e6925dab94\/invoke.js\"><\/script><\/div><p>Una columna en Excel es una alineaci\u00f3n vertical de celdas. Cada columna tiene su direcci\u00f3n \u00fanica, que est\u00e1 etiquetada como un alfabeto (de A a XFD). Y hay m\u00e1s de un mill\u00f3n de celdas en una sola columna y hay un total de 16384 columnas en una sola hoja de trabajo. <\/p>\n<div class=\"wp-block-image\">\n<figure class=\"aligncenter size-full is-resized\"><img loading=\"lazy\" decoding=\"async\" class=\"wp-image-77894\" src=\"https:\/\/exceladvisor.org\/wp-content\/uploads\/2023\/08\/1-faisant-reference-a-la-communaute.png\" sizes=\"auto, \" srcset=\"\" alt=\"referencia a la columna\" width=\"641\" height=\"469\"><\/figure>\n<\/div>\n<h2 class=\"wp-block-heading\"> Seleccione una columna<\/h2>\n<p> Para seleccionar una columna, solo necesita hacer clic en el encabezado de la columna donde tiene el alfabeto de la columna, y seleccionar\u00e1 la columna completa desde la primera celda hasta la \u00faltima. <\/p>\n<div class=\"wp-block-image\">\n<figure class=\"aligncenter size-full is-resized\"><img loading=\"lazy\" decoding=\"async\" class=\"wp-image-77895\" src=\"https:\/\/exceladvisor.org\/wp-content\/uploads\/2023\/08\/2-se-referant-a-une-seule-colonne.png\" sizes=\"auto, \" srcset=\"\" alt=\"refiri\u00e9ndose a una sola columna\" width=\"478\" height=\"296\"><\/figure>\n<\/div>\n<p> Otra forma de seleccionar una columna completa es utilizar el m\u00e9todo abreviado de teclado. Una vez que haya seleccionado una de las celdas en la columna que desea seleccionar, presione y mantenga presionada la tecla control, luego presione la barra espaciadora. Esto seleccionar\u00e1 toda la columna.<\/p>\n<p> <em><strong>Relacionado:<\/strong><\/em><mark class=\"has-inline-color\" style=\"background-color: #eafaeb;\"> <strong><em><a href=\"https:\/\/exceladvisor.org\/es\/atajos-de-teclado\/\">Atajos de teclado para Excel (hoja de trucos en PDF)<\/a><\/em><\/strong><\/mark><\/p>\n<h2 class=\"wp-block-heading\"> Hacer referencia a una columna en Excel<\/h2>\n<p> Como dije, tambi\u00e9n puedes ver en la instant\u00e1nea de arriba que cada columna tiene su nombre \u00fanico, que se compone del alfabeto. Ahora bien, para hacer referencia a una columna, debes utilizar su nombre. Si desea hacer referencia a la columna A, debe utilizar su direcci\u00f3n como A:A. <\/p>\n<div class=\"wp-block-image\">\n<figure class=\"aligncenter size-full is-resized\"><img loading=\"lazy\" decoding=\"async\" class=\"wp-image-77896\" src=\"https:\/\/exceladvisor.org\/wp-content\/uploads\/2023\/08\/3-se-referant-a-une-colonne-en-utilisant-ladresse.png\" sizes=\"auto, \" srcset=\"\" alt=\"referencia-a-una-columna-usando-una-direcci\u00f3n\" width=\"502\" height=\"480\"><\/figure>\n<\/div>\n<p> En el ejemplo anterior, puede ver que nos referimos a la columna A usando su direcci\u00f3n en la funci\u00f3n de suma. Ahora, si desea hacer referencia a varias columnas, puede utilizar una direcci\u00f3n que haga referencia a varias columnas. <\/p>\n<div class=\"wp-block-image\">\n<figure class=\"aligncenter size-full is-resized\"><img loading=\"lazy\" decoding=\"async\" class=\"wp-image-77897\" src=\"https:\/\/exceladvisor.org\/wp-content\/uploads\/2023\/08\/4-faisant-reference-a-plusieurs-colonnes-adjacentes.png\" sizes=\"auto, \" srcset=\"\" alt=\"refiri\u00e9ndose a m\u00faltiples columnas adyacentes\" width=\"517\" height=\"501\"><\/figure>\n<\/div>\n<p> Ahora, en el ejemplo anterior nos referimos a las cuatro columnas de la A a la D y en la direcci\u00f3n hemos usado A:D, que significa de la columna A a la columna D. <\/p>\n<div class=\"wp-block-image\">\n<figure class=\"aligncenter size-full is-resized\"><img loading=\"lazy\" decoding=\"async\" class=\"wp-image-77898\" src=\"https:\/\/exceladvisor.org\/wp-content\/uploads\/2023\/08\/5-se-referant-a-deux-colonnes-non-continues.png\" sizes=\"auto, \" srcset=\"\" alt=\"referencia-de-dos-columnas-no-continua\" width=\"642\" height=\"463\"><\/figure>\n<\/div>\n<p> Y en el ejemplo anterior nos referimos a dos columnas que no son continuas y las hemos usado usando su direcci\u00f3n por separado usando una coma en el medio.<\/p>\n<h2 class=\"wp-block-heading\"> \u00bfCu\u00e1l es la \u00faltima columna en Excel?<\/h2>\n<p> La \u00faltima columna en Excel es la columna XFD. En una sola hoja de c\u00e1lculo hay 16384 columnas. Este n\u00famero es fijo, no puede agregar m\u00e1s columnas a una sola hoja de trabajo y si desea agregar m\u00e1s datos, debe <a href=\"https:\/\/exceladvisor.org\/es\/agregar\/\" data-wpil=\"url\">insertar una nueva hoja de trabajo<\/a> que tendr\u00e1 adicionalmente 16384 columnas. <\/p>\n<div class=\"wp-block-image\">\n<figure class=\"aligncenter size-full is-resized\"><img loading=\"lazy\" decoding=\"async\" class=\"wp-image-77899\" src=\"https:\/\/exceladvisor.org\/wp-content\/uploads\/2023\/08\/6-total-16384-colonnes.png\" sizes=\"auto, \" srcset=\"\" alt=\"total-16384-columnas\" width=\"359\" height=\"209\"><\/figure>\n<\/div>\n<h2 class=\"wp-block-heading\"> \u00bfPuedo tener el nombre de la columna como un n\u00famero?<\/h2>\n<p> S\u00ed, puedes tener el nombre de una columna como un n\u00famero en lugar de un alfabeto. Para hacer esto, necesita cambiar el estilo de referencia a R1C1. <\/p>\n<div class=\"wp-block-image\">\n<figure class=\"aligncenter size-full is-resized\"><img loading=\"lazy\" decoding=\"async\" class=\"wp-image-77900\" src=\"https:\/\/exceladvisor.org\/wp-content\/uploads\/2023\/08\/7-nom-de-colonne-sous-forme-de-nombre.png\" sizes=\"auto, \" srcset=\"\" alt=\"nombre-de-columna-como-n\u00famero\" width=\"451\" height=\"266\"><\/figure>\n<\/div>\n<p> Con R1C1, puede cambiar la referencia de la columna, lo que le permite hacer referencia a una columna mediante un n\u00famero. Para hacer esto, vaya a la pesta\u00f1a Archivo \u279c <a href=\"https:\/\/exceladvisor.org\/es\/opciones\/\">Opciones<\/a> \u279c Trabajar con f\u00f3rmulas. Luego marque \u201cEstilo de referencia R1C1\u201d. <\/p>\n<div class=\"wp-block-image\">\n<figure class=\"aligncenter size-full is-resized\"><img loading=\"lazy\" decoding=\"async\" class=\"wp-image-77901\" src=\"https:\/\/exceladvisor.org\/wp-content\/uploads\/2023\/08\/8-changer-la-reference-de-la-colonne.png\" sizes=\"auto, \" srcset=\"\" alt=\"cambiar-columna-referencia\" width=\"580\" height=\"448\"><\/figure>\n<\/div>\n<p> Pero antes de continuar con este <a href=\"https:\/\/exceladvisor.org\/es\/r1c1\/\">, aseg\u00farese de leer sobre \u00e9l<\/a> .<\/p>\n<div class=\"gb-container gb-container-4db6181c gb-container-mt\"> <a class=\"gb-button gb-button-c5897111 gb-button-text gb-button-mt-button\" href=\"https:\/\/exceladvisor.org\/es\/conceptos-basicos-de-excel\/\">Conceptos b\u00e1sicos de Microsoft Excel (componentes, piezas y notas de conocimiento)<\/a><\/p>\n<h2 class=\"gb-headline gb-headline-665e5f6b gb-headline-text gb-headline-mt-heading\"> Tutoriales relacionados <\/h2>\n<div class=\"gb-grid-wrapper gb-grid-wrapper-a20baf7c gb-grid-wrapper-mt-grid\">\n<div class=\"gb-grid-column gb-grid-column-50067b57\">\n<div class=\"gb-container gb-container-50067b57\">\n<ul>\n<li> <a href=\"https:\/\/exceladvisor.org\/es\/linea-2\/\">fila en excel<\/a><\/li>\n<li> <a href=\"https:\/\/exceladvisor.org\/es\/mostrar-lineas\/\">Mostrar filas en Excel<\/a><\/li>\n<li> <a href=\"https:\/\/exceladvisor.org\/es\/rango\/\">Rango en Excel<\/a><\/li>\n<li> <a href=\"https:\/\/exceladvisor.org\/es\/seleccione-el-rango\/\">Seleccionar rango en Excel<\/a><\/li>\n<li> <a href=\"https:\/\/exceladvisor.org\/es\/celula-activa\/\">Activar celda en Excel<\/a><\/li>\n<\/ul>\n<\/div>\n<\/div>\n<\/div>\n<\/div>\n","protected":false},"excerpt":{"rendered":"<p>Una columna en Excel es una alineaci\u00f3n vertical de celdas. Cada columna tiene su direcci\u00f3n \u00fanica, que est\u00e1 etiquetada como un alfabeto (de A a XFD). Y hay m\u00e1s de un mill\u00f3n de celdas en una sola columna y hay un total de 16384 columnas en una sola hoja de trabajo. Seleccione una columna Para [&hellip;]<\/p>\n","protected":false},"author":1,"featured_media":0,"parent":0,"menu_order":0,"comment_status":"open","ping_status":"closed","template":"","meta":{"ub_ctt_via":"","footnotes":""},"class_list":["post-621","page","type-page","status-publish","hentry"],"featured_image_src":null,"yoast_head":"<!-- This site is optimized with the Yoast SEO plugin v25.4 - https:\/\/yoast.com\/wordpress\/plugins\/seo\/ -->\n<title>\u00bfqu\u00e9 es una columna en excel?<\/title>\n<meta name=\"robots\" content=\"index, follow, max-snippet:-1, max-image-preview:large, max-video-preview:-1\" \/>\n<link rel=\"canonical\" href=\"https:\/\/exceladvisor.org\/es\/columna-2\/\" \/>\n<meta property=\"og:locale\" content=\"es_ES\" \/>\n<meta property=\"og:type\" content=\"article\" \/>\n<meta property=\"og:title\" content=\"\u00bfqu\u00e9 es una columna en excel?\" \/>\n<meta property=\"og:description\" content=\"Una columna en Excel es una alineaci\u00f3n vertical de celdas. Cada columna tiene su direcci\u00f3n \u00fanica, que est\u00e1 etiquetada como un alfabeto (de A a XFD). Y hay m\u00e1s de un mill\u00f3n de celdas en una sola columna y hay un total de 16384 columnas en una sola hoja de trabajo. Seleccione una columna Para [&hellip;]\" \/>\n<meta property=\"og:url\" content=\"https:\/\/exceladvisor.org\/es\/columna-2\/\" \/>\n<meta property=\"og:site_name\" content=\"Excel Advisor\" \/>\n<meta property=\"article:modified_time\" content=\"2023-12-25T10:32:13+00:00\" \/>\n<meta property=\"og:image\" content=\"https:\/\/exceladvisor.org\/wp-content\/uploads\/2023\/08\/1-faisant-reference-a-la-communaute.png\" \/>\n<meta name=\"twitter:card\" content=\"summary_large_image\" \/>\n<meta name=\"twitter:label1\" content=\"Tiempo de lectura\" \/>\n\t<meta name=\"twitter:data1\" content=\"3 minutos\" \/>\n<script type=\"application\/ld+json\" class=\"yoast-schema-graph\">{\"@context\":\"https:\/\/schema.org\",\"@graph\":[{\"@type\":\"WebPage\",\"@id\":\"https:\/\/exceladvisor.org\/es\/columna-2\/\",\"url\":\"https:\/\/exceladvisor.org\/es\/columna-2\/\",\"name\":\"\u00bfqu\u00e9 es una columna en excel?\",\"isPartOf\":{\"@id\":\"https:\/\/exceladvisor.org\/es\/#website\"},\"primaryImageOfPage\":{\"@id\":\"https:\/\/exceladvisor.org\/es\/columna-2\/#primaryimage\"},\"image\":{\"@id\":\"https:\/\/exceladvisor.org\/es\/columna-2\/#primaryimage\"},\"thumbnailUrl\":\"https:\/\/exceladvisor.org\/wp-content\/uploads\/2023\/08\/1-faisant-reference-a-la-communaute.png\",\"datePublished\":\"2023-10-18T04:39:54+00:00\",\"dateModified\":\"2023-12-25T10:32:13+00:00\",\"breadcrumb\":{\"@id\":\"https:\/\/exceladvisor.org\/es\/columna-2\/#breadcrumb\"},\"inLanguage\":\"es\",\"potentialAction\":[{\"@type\":\"ReadAction\",\"target\":[\"https:\/\/exceladvisor.org\/es\/columna-2\/\"]}]},{\"@type\":\"ImageObject\",\"inLanguage\":\"es\",\"@id\":\"https:\/\/exceladvisor.org\/es\/columna-2\/#primaryimage\",\"url\":\"https:\/\/exceladvisor.org\/wp-content\/uploads\/2023\/08\/1-faisant-reference-a-la-communaute.png\",\"contentUrl\":\"https:\/\/exceladvisor.org\/wp-content\/uploads\/2023\/08\/1-faisant-reference-a-la-communaute.png\"},{\"@type\":\"BreadcrumbList\",\"@id\":\"https:\/\/exceladvisor.org\/es\/columna-2\/#breadcrumb\",\"itemListElement\":[{\"@type\":\"ListItem\",\"position\":1,\"name\":\"Hogar\",\"item\":\"https:\/\/exceladvisor.org\/es\/\"},{\"@type\":\"ListItem\",\"position\":2,\"name\":\"\u00bfqu\u00e9 es una columna en excel?\"}]},{\"@type\":\"WebSite\",\"@id\":\"https:\/\/exceladvisor.org\/es\/#website\",\"url\":\"https:\/\/exceladvisor.org\/es\/\",\"name\":\"Excel Advisor\",\"description\":\"Su gu\u00eda para la dominaci\u00f3n de datos!\",\"publisher\":{\"@id\":\"https:\/\/exceladvisor.org\/es\/#organization\"},\"potentialAction\":[{\"@type\":\"SearchAction\",\"target\":{\"@type\":\"EntryPoint\",\"urlTemplate\":\"https:\/\/exceladvisor.org\/es\/?s={search_term_string}\"},\"query-input\":{\"@type\":\"PropertyValueSpecification\",\"valueRequired\":true,\"valueName\":\"search_term_string\"}}],\"inLanguage\":\"es\"},{\"@type\":\"Organization\",\"@id\":\"https:\/\/exceladvisor.org\/es\/#organization\",\"name\":\"Excel Advisor\",\"url\":\"https:\/\/exceladvisor.org\/es\/\",\"logo\":{\"@type\":\"ImageObject\",\"inLanguage\":\"es\",\"@id\":\"https:\/\/exceladvisor.org\/es\/#\/schema\/logo\/image\/\",\"url\":\"https:\/\/exceladvisor.org\/es\/wp-content\/uploads\/2023\/12\/exceladvisor.org_.png\",\"contentUrl\":\"https:\/\/exceladvisor.org\/es\/wp-content\/uploads\/2023\/12\/exceladvisor.org_.png\",\"width\":105,\"height\":36,\"caption\":\"Excel Advisor\"},\"image\":{\"@id\":\"https:\/\/exceladvisor.org\/es\/#\/schema\/logo\/image\/\"}}]}<\/script>\n<!-- \/ Yoast SEO plugin. -->","yoast_head_json":{"title":"\u00bfqu\u00e9 es una columna en excel?","robots":{"index":"index","follow":"follow","max-snippet":"max-snippet:-1","max-image-preview":"max-image-preview:large","max-video-preview":"max-video-preview:-1"},"canonical":"https:\/\/exceladvisor.org\/es\/columna-2\/","og_locale":"es_ES","og_type":"article","og_title":"\u00bfqu\u00e9 es una columna en excel?","og_description":"Una columna en Excel es una alineaci\u00f3n vertical de celdas. Cada columna tiene su direcci\u00f3n \u00fanica, que est\u00e1 etiquetada como un alfabeto (de A a XFD). Y hay m\u00e1s de un mill\u00f3n de celdas en una sola columna y hay un total de 16384 columnas en una sola hoja de trabajo. Seleccione una columna Para [&hellip;]","og_url":"https:\/\/exceladvisor.org\/es\/columna-2\/","og_site_name":"Excel Advisor","article_modified_time":"2023-12-25T10:32:13+00:00","og_image":[{"url":"https:\/\/exceladvisor.org\/wp-content\/uploads\/2023\/08\/1-faisant-reference-a-la-communaute.png","type":"","width":"","height":""}],"twitter_card":"summary_large_image","twitter_misc":{"Tiempo de lectura":"3 minutos"},"schema":{"@context":"https:\/\/schema.org","@graph":[{"@type":"WebPage","@id":"https:\/\/exceladvisor.org\/es\/columna-2\/","url":"https:\/\/exceladvisor.org\/es\/columna-2\/","name":"\u00bfqu\u00e9 es una columna en excel?","isPartOf":{"@id":"https:\/\/exceladvisor.org\/es\/#website"},"primaryImageOfPage":{"@id":"https:\/\/exceladvisor.org\/es\/columna-2\/#primaryimage"},"image":{"@id":"https:\/\/exceladvisor.org\/es\/columna-2\/#primaryimage"},"thumbnailUrl":"https:\/\/exceladvisor.org\/wp-content\/uploads\/2023\/08\/1-faisant-reference-a-la-communaute.png","datePublished":"2023-10-18T04:39:54+00:00","dateModified":"2023-12-25T10:32:13+00:00","breadcrumb":{"@id":"https:\/\/exceladvisor.org\/es\/columna-2\/#breadcrumb"},"inLanguage":"es","potentialAction":[{"@type":"ReadAction","target":["https:\/\/exceladvisor.org\/es\/columna-2\/"]}]},{"@type":"ImageObject","inLanguage":"es","@id":"https:\/\/exceladvisor.org\/es\/columna-2\/#primaryimage","url":"https:\/\/exceladvisor.org\/wp-content\/uploads\/2023\/08\/1-faisant-reference-a-la-communaute.png","contentUrl":"https:\/\/exceladvisor.org\/wp-content\/uploads\/2023\/08\/1-faisant-reference-a-la-communaute.png"},{"@type":"BreadcrumbList","@id":"https:\/\/exceladvisor.org\/es\/columna-2\/#breadcrumb","itemListElement":[{"@type":"ListItem","position":1,"name":"Hogar","item":"https:\/\/exceladvisor.org\/es\/"},{"@type":"ListItem","position":2,"name":"\u00bfqu\u00e9 es una columna en excel?"}]},{"@type":"WebSite","@id":"https:\/\/exceladvisor.org\/es\/#website","url":"https:\/\/exceladvisor.org\/es\/","name":"Excel Advisor","description":"Su gu\u00eda para la dominaci\u00f3n de datos!","publisher":{"@id":"https:\/\/exceladvisor.org\/es\/#organization"},"potentialAction":[{"@type":"SearchAction","target":{"@type":"EntryPoint","urlTemplate":"https:\/\/exceladvisor.org\/es\/?s={search_term_string}"},"query-input":{"@type":"PropertyValueSpecification","valueRequired":true,"valueName":"search_term_string"}}],"inLanguage":"es"},{"@type":"Organization","@id":"https:\/\/exceladvisor.org\/es\/#organization","name":"Excel Advisor","url":"https:\/\/exceladvisor.org\/es\/","logo":{"@type":"ImageObject","inLanguage":"es","@id":"https:\/\/exceladvisor.org\/es\/#\/schema\/logo\/image\/","url":"https:\/\/exceladvisor.org\/es\/wp-content\/uploads\/2023\/12\/exceladvisor.org_.png","contentUrl":"https:\/\/exceladvisor.org\/es\/wp-content\/uploads\/2023\/12\/exceladvisor.org_.png","width":105,"height":36,"caption":"Excel Advisor"},"image":{"@id":"https:\/\/exceladvisor.org\/es\/#\/schema\/logo\/image\/"}}]}},"yoast_meta":{"yoast_wpseo_title":"","yoast_wpseo_metadesc":"","yoast_wpseo_canonical":""},"_links":{"self":[{"href":"https:\/\/exceladvisor.org\/es\/wp-json\/wp\/v2\/pages\/621","targetHints":{"allow":["GET"]}}],"collection":[{"href":"https:\/\/exceladvisor.org\/es\/wp-json\/wp\/v2\/pages"}],"about":[{"href":"https:\/\/exceladvisor.org\/es\/wp-json\/wp\/v2\/types\/page"}],"author":[{"embeddable":true,"href":"https:\/\/exceladvisor.org\/es\/wp-json\/wp\/v2\/users\/1"}],"replies":[{"embeddable":true,"href":"https:\/\/exceladvisor.org\/es\/wp-json\/wp\/v2\/comments?post=621"}],"version-history":[{"count":1,"href":"https:\/\/exceladvisor.org\/es\/wp-json\/wp\/v2\/pages\/621\/revisions"}],"predecessor-version":[{"id":1406,"href":"https:\/\/exceladvisor.org\/es\/wp-json\/wp\/v2\/pages\/621\/revisions\/1406"}],"wp:attachment":[{"href":"https:\/\/exceladvisor.org\/es\/wp-json\/wp\/v2\/media?parent=621"}],"curies":[{"name":"wp","href":"https:\/\/api.w.org\/{rel}","templated":true}]}}