{"id":622,"date":"2023-10-18T03:07:27","date_gmt":"2023-10-18T03:07:27","guid":{"rendered":"https:\/\/exceladvisor.org\/es\/atajos-de-teclado-1\/"},"modified":"2023-12-25T10:32:33","modified_gmt":"2023-12-25T10:32:33","slug":"atajos-de-teclado-1","status":"publish","type":"page","link":"https:\/\/exceladvisor.org\/es\/atajos-de-teclado-1\/","title":{"rendered":"Atajos de teclado de tabla din\u00e1mica en excel"},"content":{"rendered":"<div class=\"excel-antes-del-contenido\" id=\"excel-277343961\"><script type=\"text\/javascript\">\r\n\tatOptions = {\r\n\t\t'key' : 'c1158f160081d6540a8409e6925dab94',\r\n\t\t'format' : 'iframe',\r\n\t\t'height' : 250,\r\n\t\t'width' : 300,\r\n\t\t'params' : {}\r\n\t};\r\n<\/script>\r\n<script type=\"text\/javascript\" src=\"\/\/www.highperformanceformat.com\/c1158f160081d6540a8409e6925dab94\/invoke.js\"><\/script><\/div><p>A todos nos encantan los atajos de teclado. \u00bfBIEN? Aqu\u00ed he enumerado algunos de los atajos de teclado <a href=\"https:\/\/exceladvisor.org\/es\/atajos-de-teclado\/\">comunes pero \u00fatiles<\/a> que puede utilizar para acelerar el trabajo de su tabla din\u00e1mica.<\/p>\n<h2 class=\"wp-block-heading\"> 1. Crea una tabla din\u00e1mica<\/h2>\n<p> <strong>Alt + N + V<\/strong><\/p>\n<p> Para usar esta tecla de acceso directo, aseg\u00farese de haber seleccionado los datos de origen o que la celda activa sea de los datos de origen. Y si est\u00e1 utilizando la versi\u00f3n Excel 2007, puede usar Alt+N+V+T en su lugar.<\/p>\n<h2 class=\"wp-block-heading\"> 2. Agrupar\/desagrupar elementos seleccionados de la tabla din\u00e1mica<\/h2>\n<p> <strong>Alt + May\u00fas + Flecha derecha<\/strong><\/p>\n<p> Supongamos que tiene una tabla din\u00e1mica con meses y desea agrupar los primeros seis o los \u00faltimos seis meses. Todo lo que tienes que hacer es seleccionar estas seis celdas y simplemente usar esta tecla de acceso directo.<\/p>\n<p> <strong>Alt + May\u00fas + Flecha izquierda<\/strong><\/p>\n<p> As\u00ed como puedes crear un grupo de elementos, este acceso directo te ayuda a desagrupar esos elementos del grupo.<\/p>\n<h2 class=\"wp-block-heading\"> 3. Ocultar el elemento o campo seleccionado<\/h2>\n<p> <strong>Ctrl + \u2013<\/strong><\/p>\n<p> Esta tecla de acceso directo simplemente ocultar\u00e1 las celdas seleccionadas. En realidad, no oculta la celda, sino que la filtra, lo que luego puede borrar de las opciones de filtros.<\/p>\n<h2 class=\"wp-block-heading\"> 4. Abra la ventana Campo calculado<\/h2>\n<p> <strong>Alt + D y P<\/strong><\/p>\n<p> En este atajo de teclado, debes presionar las teclas despu\u00e9s.<\/p>\n<h2 class=\"wp-block-heading\"> 5. Abra la lista de campos para la celda activa.<\/h2>\n<p> <strong>Alt + flecha hacia abajo<\/strong><\/p>\n<p> Esta clave abre la lista de campos.<\/p>\n<h2 class=\"wp-block-heading\"> (Bonificaci\u00f3n) Insertar un gr\u00e1fico din\u00e1mico desde una tabla din\u00e1mica<\/h2>\n<p> <strong>Alt+F1<\/strong><\/p>\n<p> Para utilizar este m\u00e9todo abreviado de teclado, debe seleccionar una celda en la tabla din\u00e1mica. Esta clave inserta una tabla din\u00e1mica en la hoja existente. <\/p>\n<div class=\"wp-block-group main-page-bottom is-layout-flow\">\n<div class=\"wp-block-group__inner-container\">\n<h2 class=\"wp-block-heading\"> Obtenga m\u00e1s informaci\u00f3n sobre las tablas din\u00e1micas<\/h2>\n<ul>\n<li> <a href=\"https:\/\/exceladvisor.org\/es\/eliminar-tabla-dinamica\/\">Eliminar una tabla din\u00e1mica en Excel<\/a><\/li>\n<li> <a href=\"https:\/\/exceladvisor.org\/es\/mover-la-mesa-dinamica\/\">Mover una tabla din\u00e1mica<\/a><\/li>\n<li> <a href=\"https:\/\/exceladvisor.org\/es\/pivotar-desde-multiples-hojas-de-trabajo\/\" data-wpil=\"url\">Tabla din\u00e1mica de varias hojas de trabajo<\/a><\/li>\n<li> <a href=\"https:\/\/exceladvisor.org\/es\/mesa-pivote-2\/\" data-wpil=\"url\">Tabla din\u00e1mica en Excel<\/a><\/li>\n<\/ul>\n<\/div>\n<\/div>\n","protected":false},"excerpt":{"rendered":"<p>A todos nos encantan los atajos de teclado. \u00bfBIEN? Aqu\u00ed he enumerado algunos de los atajos de teclado comunes pero \u00fatiles que puede utilizar para acelerar el trabajo de su tabla din\u00e1mica. 1. Crea una tabla din\u00e1mica Alt + N + V Para usar esta tecla de acceso directo, aseg\u00farese de haber seleccionado los datos [&hellip;]<\/p>\n","protected":false},"author":1,"featured_media":0,"parent":0,"menu_order":0,"comment_status":"open","ping_status":"closed","template":"","meta":{"ub_ctt_via":"","footnotes":""},"class_list":["post-622","page","type-page","status-publish","hentry"],"featured_image_src":null,"yoast_head":"<!-- This site is optimized with the Yoast SEO plugin v25.4 - https:\/\/yoast.com\/wordpress\/plugins\/seo\/ -->\n<title>Atajos de teclado de tabla din\u00e1mica en excel<\/title>\n<meta name=\"robots\" content=\"index, follow, max-snippet:-1, max-image-preview:large, max-video-preview:-1\" \/>\n<link rel=\"canonical\" href=\"https:\/\/exceladvisor.org\/es\/atajos-de-teclado-1\/\" \/>\n<meta property=\"og:locale\" content=\"es_ES\" \/>\n<meta property=\"og:type\" content=\"article\" \/>\n<meta property=\"og:title\" content=\"Atajos de teclado de tabla din\u00e1mica en excel\" \/>\n<meta property=\"og:description\" content=\"A todos nos encantan los atajos de teclado. \u00bfBIEN? Aqu\u00ed he enumerado algunos de los atajos de teclado comunes pero \u00fatiles que puede utilizar para acelerar el trabajo de su tabla din\u00e1mica. 1. Crea una tabla din\u00e1mica Alt + N + V Para usar esta tecla de acceso directo, aseg\u00farese de haber seleccionado los datos [&hellip;]\" \/>\n<meta property=\"og:url\" content=\"https:\/\/exceladvisor.org\/es\/atajos-de-teclado-1\/\" \/>\n<meta property=\"og:site_name\" content=\"Excel Advisor\" \/>\n<meta property=\"article:modified_time\" content=\"2023-12-25T10:32:33+00:00\" \/>\n<meta name=\"twitter:card\" content=\"summary_large_image\" \/>\n<meta name=\"twitter:label1\" content=\"Tiempo de lectura\" \/>\n\t<meta name=\"twitter:data1\" content=\"2 minutos\" \/>\n<script type=\"application\/ld+json\" class=\"yoast-schema-graph\">{\"@context\":\"https:\/\/schema.org\",\"@graph\":[{\"@type\":\"WebPage\",\"@id\":\"https:\/\/exceladvisor.org\/es\/atajos-de-teclado-1\/\",\"url\":\"https:\/\/exceladvisor.org\/es\/atajos-de-teclado-1\/\",\"name\":\"Atajos de teclado de tabla din\u00e1mica en excel\",\"isPartOf\":{\"@id\":\"https:\/\/exceladvisor.org\/es\/#website\"},\"datePublished\":\"2023-10-18T03:07:27+00:00\",\"dateModified\":\"2023-12-25T10:32:33+00:00\",\"breadcrumb\":{\"@id\":\"https:\/\/exceladvisor.org\/es\/atajos-de-teclado-1\/#breadcrumb\"},\"inLanguage\":\"es\",\"potentialAction\":[{\"@type\":\"ReadAction\",\"target\":[\"https:\/\/exceladvisor.org\/es\/atajos-de-teclado-1\/\"]}]},{\"@type\":\"BreadcrumbList\",\"@id\":\"https:\/\/exceladvisor.org\/es\/atajos-de-teclado-1\/#breadcrumb\",\"itemListElement\":[{\"@type\":\"ListItem\",\"position\":1,\"name\":\"Hogar\",\"item\":\"https:\/\/exceladvisor.org\/es\/\"},{\"@type\":\"ListItem\",\"position\":2,\"name\":\"Atajos de teclado de tabla din\u00e1mica en excel\"}]},{\"@type\":\"WebSite\",\"@id\":\"https:\/\/exceladvisor.org\/es\/#website\",\"url\":\"https:\/\/exceladvisor.org\/es\/\",\"name\":\"Excel Advisor\",\"description\":\"Su gu\u00eda para la dominaci\u00f3n de datos!\",\"publisher\":{\"@id\":\"https:\/\/exceladvisor.org\/es\/#organization\"},\"potentialAction\":[{\"@type\":\"SearchAction\",\"target\":{\"@type\":\"EntryPoint\",\"urlTemplate\":\"https:\/\/exceladvisor.org\/es\/?s={search_term_string}\"},\"query-input\":{\"@type\":\"PropertyValueSpecification\",\"valueRequired\":true,\"valueName\":\"search_term_string\"}}],\"inLanguage\":\"es\"},{\"@type\":\"Organization\",\"@id\":\"https:\/\/exceladvisor.org\/es\/#organization\",\"name\":\"Excel Advisor\",\"url\":\"https:\/\/exceladvisor.org\/es\/\",\"logo\":{\"@type\":\"ImageObject\",\"inLanguage\":\"es\",\"@id\":\"https:\/\/exceladvisor.org\/es\/#\/schema\/logo\/image\/\",\"url\":\"https:\/\/exceladvisor.org\/es\/wp-content\/uploads\/2023\/12\/exceladvisor.org_.png\",\"contentUrl\":\"https:\/\/exceladvisor.org\/es\/wp-content\/uploads\/2023\/12\/exceladvisor.org_.png\",\"width\":105,\"height\":36,\"caption\":\"Excel Advisor\"},\"image\":{\"@id\":\"https:\/\/exceladvisor.org\/es\/#\/schema\/logo\/image\/\"}}]}<\/script>\n<!-- \/ Yoast SEO plugin. -->","yoast_head_json":{"title":"Atajos de teclado de tabla din\u00e1mica en excel","robots":{"index":"index","follow":"follow","max-snippet":"max-snippet:-1","max-image-preview":"max-image-preview:large","max-video-preview":"max-video-preview:-1"},"canonical":"https:\/\/exceladvisor.org\/es\/atajos-de-teclado-1\/","og_locale":"es_ES","og_type":"article","og_title":"Atajos de teclado de tabla din\u00e1mica en excel","og_description":"A todos nos encantan los atajos de teclado. \u00bfBIEN? Aqu\u00ed he enumerado algunos de los atajos de teclado comunes pero \u00fatiles que puede utilizar para acelerar el trabajo de su tabla din\u00e1mica. 1. Crea una tabla din\u00e1mica Alt + N + V Para usar esta tecla de acceso directo, aseg\u00farese de haber seleccionado los datos [&hellip;]","og_url":"https:\/\/exceladvisor.org\/es\/atajos-de-teclado-1\/","og_site_name":"Excel Advisor","article_modified_time":"2023-12-25T10:32:33+00:00","twitter_card":"summary_large_image","twitter_misc":{"Tiempo de lectura":"2 minutos"},"schema":{"@context":"https:\/\/schema.org","@graph":[{"@type":"WebPage","@id":"https:\/\/exceladvisor.org\/es\/atajos-de-teclado-1\/","url":"https:\/\/exceladvisor.org\/es\/atajos-de-teclado-1\/","name":"Atajos de teclado de tabla din\u00e1mica en excel","isPartOf":{"@id":"https:\/\/exceladvisor.org\/es\/#website"},"datePublished":"2023-10-18T03:07:27+00:00","dateModified":"2023-12-25T10:32:33+00:00","breadcrumb":{"@id":"https:\/\/exceladvisor.org\/es\/atajos-de-teclado-1\/#breadcrumb"},"inLanguage":"es","potentialAction":[{"@type":"ReadAction","target":["https:\/\/exceladvisor.org\/es\/atajos-de-teclado-1\/"]}]},{"@type":"BreadcrumbList","@id":"https:\/\/exceladvisor.org\/es\/atajos-de-teclado-1\/#breadcrumb","itemListElement":[{"@type":"ListItem","position":1,"name":"Hogar","item":"https:\/\/exceladvisor.org\/es\/"},{"@type":"ListItem","position":2,"name":"Atajos de teclado de tabla din\u00e1mica en excel"}]},{"@type":"WebSite","@id":"https:\/\/exceladvisor.org\/es\/#website","url":"https:\/\/exceladvisor.org\/es\/","name":"Excel Advisor","description":"Su gu\u00eda para la dominaci\u00f3n de datos!","publisher":{"@id":"https:\/\/exceladvisor.org\/es\/#organization"},"potentialAction":[{"@type":"SearchAction","target":{"@type":"EntryPoint","urlTemplate":"https:\/\/exceladvisor.org\/es\/?s={search_term_string}"},"query-input":{"@type":"PropertyValueSpecification","valueRequired":true,"valueName":"search_term_string"}}],"inLanguage":"es"},{"@type":"Organization","@id":"https:\/\/exceladvisor.org\/es\/#organization","name":"Excel Advisor","url":"https:\/\/exceladvisor.org\/es\/","logo":{"@type":"ImageObject","inLanguage":"es","@id":"https:\/\/exceladvisor.org\/es\/#\/schema\/logo\/image\/","url":"https:\/\/exceladvisor.org\/es\/wp-content\/uploads\/2023\/12\/exceladvisor.org_.png","contentUrl":"https:\/\/exceladvisor.org\/es\/wp-content\/uploads\/2023\/12\/exceladvisor.org_.png","width":105,"height":36,"caption":"Excel Advisor"},"image":{"@id":"https:\/\/exceladvisor.org\/es\/#\/schema\/logo\/image\/"}}]}},"yoast_meta":{"yoast_wpseo_title":"","yoast_wpseo_metadesc":"","yoast_wpseo_canonical":""},"_links":{"self":[{"href":"https:\/\/exceladvisor.org\/es\/wp-json\/wp\/v2\/pages\/622","targetHints":{"allow":["GET"]}}],"collection":[{"href":"https:\/\/exceladvisor.org\/es\/wp-json\/wp\/v2\/pages"}],"about":[{"href":"https:\/\/exceladvisor.org\/es\/wp-json\/wp\/v2\/types\/page"}],"author":[{"embeddable":true,"href":"https:\/\/exceladvisor.org\/es\/wp-json\/wp\/v2\/users\/1"}],"replies":[{"embeddable":true,"href":"https:\/\/exceladvisor.org\/es\/wp-json\/wp\/v2\/comments?post=622"}],"version-history":[{"count":1,"href":"https:\/\/exceladvisor.org\/es\/wp-json\/wp\/v2\/pages\/622\/revisions"}],"predecessor-version":[{"id":1424,"href":"https:\/\/exceladvisor.org\/es\/wp-json\/wp\/v2\/pages\/622\/revisions\/1424"}],"wp:attachment":[{"href":"https:\/\/exceladvisor.org\/es\/wp-json\/wp\/v2\/media?parent=622"}],"curies":[{"name":"wp","href":"https:\/\/api.w.org\/{rel}","templated":true}]}}