{"id":623,"date":"2023-10-18T02:34:04","date_gmt":"2023-10-18T02:34:04","guid":{"rendered":"https:\/\/exceladvisor.org\/es\/linea-2\/"},"modified":"2023-12-25T10:32:15","modified_gmt":"2023-12-25T10:32:15","slug":"linea-2","status":"publish","type":"page","link":"https:\/\/exceladvisor.org\/es\/linea-2\/","title":{"rendered":"\u00bfqu\u00e9 es una fila en excel?"},"content":{"rendered":"<div class=\"excel-antes-del-contenido\" id=\"excel-2868314648\"><script type=\"text\/javascript\">\r\n\tatOptions = {\r\n\t\t'key' : 'c1158f160081d6540a8409e6925dab94',\r\n\t\t'format' : 'iframe',\r\n\t\t'height' : 250,\r\n\t\t'width' : 300,\r\n\t\t'params' : {}\r\n\t};\r\n<\/script>\r\n<script type=\"text\/javascript\" src=\"\/\/www.highperformanceformat.com\/c1158f160081d6540a8409e6925dab94\/invoke.js\"><\/script><\/div><h2 class=\"wp-block-heading\">fila en excel<\/h2>\n<p> Una fila en Excel es una alineaci\u00f3n horizontal de celdas y se extiende de izquierda a derecha en la hoja de trabajo. Cada l\u00ednea se identifica por el n\u00famero \u00fanico en el lado izquierdo desde donde comenz\u00f3. El n\u00famero total de filas que tienes en una sola hoja es 1.048.576. <\/p>\n<div class=\"wp-block-image\">\n<figure class=\"aligncenter size-full is-resized\"><img loading=\"lazy\" decoding=\"async\" class=\"wp-image-78175\" src=\"https:\/\/exceladvisor.org\/wp-content\/uploads\/2023\/08\/1-ligne1-dans-excel.png\" sizes=\"auto, \" srcset=\"\" alt=\"fila1 en Excel\" width=\"637\" height=\"269\"><\/figure>\n<\/div>\n<h2 class=\"wp-block-heading\"> Seleccione una l\u00ednea<\/h2>\n<p> Para seleccionar una fila, simplemente haga clic en el encabezado de la fila donde tiene un valor num\u00e9rico. Luego seleccionar\u00e1 toda la fila desde la primera celda hasta la \u00faltima. <\/p>\n<div class=\"wp-block-image\">\n<figure class=\"aligncenter size-full is-resized\"><img loading=\"lazy\" decoding=\"async\" class=\"wp-image-78176\" src=\"https:\/\/exceladvisor.org\/wp-content\/uploads\/2023\/08\/2-selectionnez-la-ligne-de-len-tete.png\" sizes=\"auto, \" srcset=\"\" alt=\"seleccionar-encabezado-fila\" width=\"608\" height=\"287\"><\/figure>\n<\/div>\n<p> Otra forma de seleccionar la columna completa es utilizar el m\u00e9todo abreviado de teclado. Primero, seleccione una de las celdas de la fila que desea seleccionar. A continuaci\u00f3n, mantenga presionada la tecla May\u00fas y presione la barra espaciadora. Ahora esto seleccionar\u00e1 toda la fila.<\/p>\n<h2 class=\"wp-block-heading\"> Hacer referencia a una fila en Excel<\/h2>\n<p> Como puede ver en la instant\u00e1nea anterior, cada fila tiene su n\u00famero \u00fanico, que comienza con 1. Y, para hacer referencia a una fila, debe usar su n\u00famero. Entonces, si desea hacer referencia a una l\u00ednea 1, debe usar esta direcci\u00f3n como 2:2. <\/p>\n<div class=\"wp-block-image\">\n<figure class=\"aligncenter size-full is-resized\"><img loading=\"lazy\" decoding=\"async\" class=\"wp-image-78177\" src=\"https:\/\/exceladvisor.org\/wp-content\/uploads\/2023\/08\/3-referents-simple-rangee.png\" sizes=\"auto, \" srcset=\"\" alt=\"refiri\u00e9ndose a una sola l\u00ednea\" width=\"440\" height=\"364\"><\/figure>\n<\/div>\n<p> Puedes ver en el ejemplo anterior que nos referimos a la l\u00ednea 1 usando su direcci\u00f3n en la funci\u00f3n de suma. Ahora, si desea hacer referencia a varias l\u00edneas, debe utilizar una direcci\u00f3n que haga referencia a varias l\u00edneas. <\/p>\n<div class=\"wp-block-image\">\n<figure class=\"aligncenter size-full is-resized\"><img loading=\"lazy\" decoding=\"async\" class=\"wp-image-78178\" src=\"https:\/\/exceladvisor.org\/wp-content\/uploads\/2023\/08\/4-se-referant-a-plusieurs-lignes-continues.png\" sizes=\"auto, \" srcset=\"\" alt=\"referencia-m\u00faltiples-l\u00edneas-continuas\" width=\"453\" height=\"392\"><\/figure>\n<\/div>\n<p> En el ejemplo anterior nos referimos a las tres l\u00edneas del 2 al 4 y en la direcci\u00f3n hemos usado la funci\u00f3n de suma (2:4) que significa de la l\u00ednea 2 a la l\u00ednea 4. <\/p>\n<div class=\"wp-block-image\">\n<figure class=\"aligncenter size-full is-resized\"><img loading=\"lazy\" decoding=\"async\" class=\"wp-image-78179\" src=\"https:\/\/exceladvisor.org\/wp-content\/uploads\/2023\/08\/5-lignes-non-continues-referentes.png\" sizes=\"auto, \" srcset=\"\" alt=\"referencia de lineas no continuas\" width=\"462\" height=\"403\"><\/figure>\n<\/div>\n<p> Finalmente nos referimos a tres l\u00edneas no continuas y para referirnos a estas l\u00edneas hemos utilizado su direcci\u00f3n por separado utilizando una coma entre ellas.<\/p>\n<h2 class=\"wp-block-heading\"> \u00bfCu\u00e1l es la \u00faltima fila en Excel?<\/h2>\n<p> En una sola hoja de c\u00e1lculo, hay 1.048.576 filas en total. Y el \u00faltimo n\u00famero de fila en Excel es 1.048.576. Este n\u00famero es fijo y no se pueden agregar m\u00e1s filas a una hoja. Si desea agregar m\u00e1s datos, debe insertar una nueva hoja de trabajo que tambi\u00e9n tendr\u00e1 la misma cantidad de filas. <\/p>\n<div class=\"wp-block-image\">\n<figure class=\"aligncenter size-full is-resized\"><img loading=\"lazy\" decoding=\"async\" class=\"wp-image-78180\" src=\"https:\/\/exceladvisor.org\/wp-content\/uploads\/2023\/08\/6-derniere-ligne-dans-excel.png\" sizes=\"auto, \" srcset=\"\" alt=\"\u00faltima fila en la hoja de c\u00e1lculo de Excel\" width=\"443\" height=\"191\"><\/figure>\n<\/div>\n<div class=\"gb-container gb-container-4db6181c gb-container-mt\"> <a class=\"gb-button gb-button-c5897111 gb-button-text gb-button-mt-button\" href=\"https:\/\/exceladvisor.org\/es\/conceptos-basicos-de-excel\/\">Conceptos b\u00e1sicos de Microsoft Excel (componentes, piezas y notas de conocimiento)<\/a><\/p>\n<h2 class=\"gb-headline gb-headline-665e5f6b gb-headline-text gb-headline-mt-heading\"> Tutoriales relacionados <\/h2>\n<div class=\"gb-grid-wrapper gb-grid-wrapper-a20baf7c gb-grid-wrapper-mt-grid\">\n<div class=\"gb-grid-column gb-grid-column-50067b57\">\n<div class=\"gb-container gb-container-50067b57\">\n<ul>\n<li> <a href=\"https:\/\/exceladvisor.org\/es\/columna-2\/\">\u00bfQu\u00e9 es una columna en Excel?<\/a><\/li>\n<li> <a href=\"https:\/\/exceladvisor.org\/es\/mostrar-lineas\/\">Mostrar filas en Excel<\/a><\/li>\n<li> <a href=\"https:\/\/exceladvisor.org\/es\/rango\/\">Rango en Excel<\/a><\/li>\n<li> <a href=\"https:\/\/exceladvisor.org\/es\/seleccione-el-rango\/\">Seleccionar rango en Excel<\/a><\/li>\n<li> <a href=\"https:\/\/exceladvisor.org\/es\/celula-activa\/\">Activar celda en Excel<\/a><\/li>\n<\/ul>\n<\/div>\n<\/div>\n<\/div>\n<\/div>\n","protected":false},"excerpt":{"rendered":"<p>fila en excel Una fila en Excel es una alineaci\u00f3n horizontal de celdas y se extiende de izquierda a derecha en la hoja de trabajo. Cada l\u00ednea se identifica por el n\u00famero \u00fanico en el lado izquierdo desde donde comenz\u00f3. El n\u00famero total de filas que tienes en una sola hoja es 1.048.576. Seleccione una [&hellip;]<\/p>\n","protected":false},"author":1,"featured_media":0,"parent":0,"menu_order":0,"comment_status":"open","ping_status":"closed","template":"","meta":{"ub_ctt_via":"","footnotes":""},"class_list":["post-623","page","type-page","status-publish","hentry"],"featured_image_src":null,"yoast_head":"<!-- This site is optimized with the Yoast SEO plugin v25.4 - https:\/\/yoast.com\/wordpress\/plugins\/seo\/ -->\n<title>\u00bfqu\u00e9 es una fila en excel?<\/title>\n<meta name=\"robots\" content=\"index, follow, max-snippet:-1, max-image-preview:large, max-video-preview:-1\" \/>\n<link rel=\"canonical\" href=\"https:\/\/exceladvisor.org\/es\/linea-2\/\" \/>\n<meta property=\"og:locale\" content=\"es_ES\" \/>\n<meta property=\"og:type\" content=\"article\" \/>\n<meta property=\"og:title\" content=\"\u00bfqu\u00e9 es una fila en excel?\" \/>\n<meta property=\"og:description\" content=\"fila en excel Una fila en Excel es una alineaci\u00f3n horizontal de celdas y se extiende de izquierda a derecha en la hoja de trabajo. Cada l\u00ednea se identifica por el n\u00famero \u00fanico en el lado izquierdo desde donde comenz\u00f3. El n\u00famero total de filas que tienes en una sola hoja es 1.048.576. Seleccione una [&hellip;]\" \/>\n<meta property=\"og:url\" content=\"https:\/\/exceladvisor.org\/es\/linea-2\/\" \/>\n<meta property=\"og:site_name\" content=\"Excel Advisor\" \/>\n<meta property=\"article:modified_time\" content=\"2023-12-25T10:32:15+00:00\" \/>\n<meta property=\"og:image\" content=\"https:\/\/exceladvisor.org\/wp-content\/uploads\/2023\/08\/1-ligne1-dans-excel.png\" \/>\n<meta name=\"twitter:card\" content=\"summary_large_image\" \/>\n<meta name=\"twitter:label1\" content=\"Tiempo de lectura\" \/>\n\t<meta name=\"twitter:data1\" content=\"2 minutos\" \/>\n<script type=\"application\/ld+json\" class=\"yoast-schema-graph\">{\"@context\":\"https:\/\/schema.org\",\"@graph\":[{\"@type\":\"WebPage\",\"@id\":\"https:\/\/exceladvisor.org\/es\/linea-2\/\",\"url\":\"https:\/\/exceladvisor.org\/es\/linea-2\/\",\"name\":\"\u00bfqu\u00e9 es una fila en excel?\",\"isPartOf\":{\"@id\":\"https:\/\/exceladvisor.org\/es\/#website\"},\"primaryImageOfPage\":{\"@id\":\"https:\/\/exceladvisor.org\/es\/linea-2\/#primaryimage\"},\"image\":{\"@id\":\"https:\/\/exceladvisor.org\/es\/linea-2\/#primaryimage\"},\"thumbnailUrl\":\"https:\/\/exceladvisor.org\/wp-content\/uploads\/2023\/08\/1-ligne1-dans-excel.png\",\"datePublished\":\"2023-10-18T02:34:04+00:00\",\"dateModified\":\"2023-12-25T10:32:15+00:00\",\"breadcrumb\":{\"@id\":\"https:\/\/exceladvisor.org\/es\/linea-2\/#breadcrumb\"},\"inLanguage\":\"es\",\"potentialAction\":[{\"@type\":\"ReadAction\",\"target\":[\"https:\/\/exceladvisor.org\/es\/linea-2\/\"]}]},{\"@type\":\"ImageObject\",\"inLanguage\":\"es\",\"@id\":\"https:\/\/exceladvisor.org\/es\/linea-2\/#primaryimage\",\"url\":\"https:\/\/exceladvisor.org\/wp-content\/uploads\/2023\/08\/1-ligne1-dans-excel.png\",\"contentUrl\":\"https:\/\/exceladvisor.org\/wp-content\/uploads\/2023\/08\/1-ligne1-dans-excel.png\"},{\"@type\":\"BreadcrumbList\",\"@id\":\"https:\/\/exceladvisor.org\/es\/linea-2\/#breadcrumb\",\"itemListElement\":[{\"@type\":\"ListItem\",\"position\":1,\"name\":\"Hogar\",\"item\":\"https:\/\/exceladvisor.org\/es\/\"},{\"@type\":\"ListItem\",\"position\":2,\"name\":\"\u00bfqu\u00e9 es una fila en excel?\"}]},{\"@type\":\"WebSite\",\"@id\":\"https:\/\/exceladvisor.org\/es\/#website\",\"url\":\"https:\/\/exceladvisor.org\/es\/\",\"name\":\"Excel Advisor\",\"description\":\"Su gu\u00eda para la dominaci\u00f3n de datos!\",\"publisher\":{\"@id\":\"https:\/\/exceladvisor.org\/es\/#organization\"},\"potentialAction\":[{\"@type\":\"SearchAction\",\"target\":{\"@type\":\"EntryPoint\",\"urlTemplate\":\"https:\/\/exceladvisor.org\/es\/?s={search_term_string}\"},\"query-input\":{\"@type\":\"PropertyValueSpecification\",\"valueRequired\":true,\"valueName\":\"search_term_string\"}}],\"inLanguage\":\"es\"},{\"@type\":\"Organization\",\"@id\":\"https:\/\/exceladvisor.org\/es\/#organization\",\"name\":\"Excel Advisor\",\"url\":\"https:\/\/exceladvisor.org\/es\/\",\"logo\":{\"@type\":\"ImageObject\",\"inLanguage\":\"es\",\"@id\":\"https:\/\/exceladvisor.org\/es\/#\/schema\/logo\/image\/\",\"url\":\"https:\/\/exceladvisor.org\/es\/wp-content\/uploads\/2023\/12\/exceladvisor.org_.png\",\"contentUrl\":\"https:\/\/exceladvisor.org\/es\/wp-content\/uploads\/2023\/12\/exceladvisor.org_.png\",\"width\":105,\"height\":36,\"caption\":\"Excel Advisor\"},\"image\":{\"@id\":\"https:\/\/exceladvisor.org\/es\/#\/schema\/logo\/image\/\"}}]}<\/script>\n<!-- \/ Yoast SEO plugin. -->","yoast_head_json":{"title":"\u00bfqu\u00e9 es una fila en excel?","robots":{"index":"index","follow":"follow","max-snippet":"max-snippet:-1","max-image-preview":"max-image-preview:large","max-video-preview":"max-video-preview:-1"},"canonical":"https:\/\/exceladvisor.org\/es\/linea-2\/","og_locale":"es_ES","og_type":"article","og_title":"\u00bfqu\u00e9 es una fila en excel?","og_description":"fila en excel Una fila en Excel es una alineaci\u00f3n horizontal de celdas y se extiende de izquierda a derecha en la hoja de trabajo. Cada l\u00ednea se identifica por el n\u00famero \u00fanico en el lado izquierdo desde donde comenz\u00f3. El n\u00famero total de filas que tienes en una sola hoja es 1.048.576. Seleccione una [&hellip;]","og_url":"https:\/\/exceladvisor.org\/es\/linea-2\/","og_site_name":"Excel Advisor","article_modified_time":"2023-12-25T10:32:15+00:00","og_image":[{"url":"https:\/\/exceladvisor.org\/wp-content\/uploads\/2023\/08\/1-ligne1-dans-excel.png","type":"","width":"","height":""}],"twitter_card":"summary_large_image","twitter_misc":{"Tiempo de lectura":"2 minutos"},"schema":{"@context":"https:\/\/schema.org","@graph":[{"@type":"WebPage","@id":"https:\/\/exceladvisor.org\/es\/linea-2\/","url":"https:\/\/exceladvisor.org\/es\/linea-2\/","name":"\u00bfqu\u00e9 es una fila en excel?","isPartOf":{"@id":"https:\/\/exceladvisor.org\/es\/#website"},"primaryImageOfPage":{"@id":"https:\/\/exceladvisor.org\/es\/linea-2\/#primaryimage"},"image":{"@id":"https:\/\/exceladvisor.org\/es\/linea-2\/#primaryimage"},"thumbnailUrl":"https:\/\/exceladvisor.org\/wp-content\/uploads\/2023\/08\/1-ligne1-dans-excel.png","datePublished":"2023-10-18T02:34:04+00:00","dateModified":"2023-12-25T10:32:15+00:00","breadcrumb":{"@id":"https:\/\/exceladvisor.org\/es\/linea-2\/#breadcrumb"},"inLanguage":"es","potentialAction":[{"@type":"ReadAction","target":["https:\/\/exceladvisor.org\/es\/linea-2\/"]}]},{"@type":"ImageObject","inLanguage":"es","@id":"https:\/\/exceladvisor.org\/es\/linea-2\/#primaryimage","url":"https:\/\/exceladvisor.org\/wp-content\/uploads\/2023\/08\/1-ligne1-dans-excel.png","contentUrl":"https:\/\/exceladvisor.org\/wp-content\/uploads\/2023\/08\/1-ligne1-dans-excel.png"},{"@type":"BreadcrumbList","@id":"https:\/\/exceladvisor.org\/es\/linea-2\/#breadcrumb","itemListElement":[{"@type":"ListItem","position":1,"name":"Hogar","item":"https:\/\/exceladvisor.org\/es\/"},{"@type":"ListItem","position":2,"name":"\u00bfqu\u00e9 es una fila en excel?"}]},{"@type":"WebSite","@id":"https:\/\/exceladvisor.org\/es\/#website","url":"https:\/\/exceladvisor.org\/es\/","name":"Excel Advisor","description":"Su gu\u00eda para la dominaci\u00f3n de datos!","publisher":{"@id":"https:\/\/exceladvisor.org\/es\/#organization"},"potentialAction":[{"@type":"SearchAction","target":{"@type":"EntryPoint","urlTemplate":"https:\/\/exceladvisor.org\/es\/?s={search_term_string}"},"query-input":{"@type":"PropertyValueSpecification","valueRequired":true,"valueName":"search_term_string"}}],"inLanguage":"es"},{"@type":"Organization","@id":"https:\/\/exceladvisor.org\/es\/#organization","name":"Excel Advisor","url":"https:\/\/exceladvisor.org\/es\/","logo":{"@type":"ImageObject","inLanguage":"es","@id":"https:\/\/exceladvisor.org\/es\/#\/schema\/logo\/image\/","url":"https:\/\/exceladvisor.org\/es\/wp-content\/uploads\/2023\/12\/exceladvisor.org_.png","contentUrl":"https:\/\/exceladvisor.org\/es\/wp-content\/uploads\/2023\/12\/exceladvisor.org_.png","width":105,"height":36,"caption":"Excel Advisor"},"image":{"@id":"https:\/\/exceladvisor.org\/es\/#\/schema\/logo\/image\/"}}]}},"yoast_meta":{"yoast_wpseo_title":"","yoast_wpseo_metadesc":"","yoast_wpseo_canonical":""},"_links":{"self":[{"href":"https:\/\/exceladvisor.org\/es\/wp-json\/wp\/v2\/pages\/623","targetHints":{"allow":["GET"]}}],"collection":[{"href":"https:\/\/exceladvisor.org\/es\/wp-json\/wp\/v2\/pages"}],"about":[{"href":"https:\/\/exceladvisor.org\/es\/wp-json\/wp\/v2\/types\/page"}],"author":[{"embeddable":true,"href":"https:\/\/exceladvisor.org\/es\/wp-json\/wp\/v2\/users\/1"}],"replies":[{"embeddable":true,"href":"https:\/\/exceladvisor.org\/es\/wp-json\/wp\/v2\/comments?post=623"}],"version-history":[{"count":1,"href":"https:\/\/exceladvisor.org\/es\/wp-json\/wp\/v2\/pages\/623\/revisions"}],"predecessor-version":[{"id":1408,"href":"https:\/\/exceladvisor.org\/es\/wp-json\/wp\/v2\/pages\/623\/revisions\/1408"}],"wp:attachment":[{"href":"https:\/\/exceladvisor.org\/es\/wp-json\/wp\/v2\/media?parent=623"}],"curies":[{"name":"wp","href":"https:\/\/api.w.org\/{rel}","templated":true}]}}