{"id":624,"date":"2023-10-18T00:33:31","date_gmt":"2023-10-18T00:33:31","guid":{"rendered":"https:\/\/exceladvisor.org\/es\/mostrar-lineas\/"},"modified":"2023-12-25T10:26:06","modified_gmt":"2023-12-25T10:26:06","slug":"mostrar-lineas","status":"publish","type":"page","link":"https:\/\/exceladvisor.org\/es\/mostrar-lineas\/","title":{"rendered":"\u00bfc\u00f3mo mostrar filas en excel?"},"content":{"rendered":"<div class=\"excel-antes-del-contenido\" id=\"excel-1316005996\"><script type=\"text\/javascript\">\r\n\tatOptions = {\r\n\t\t'key' : 'c1158f160081d6540a8409e6925dab94',\r\n\t\t'format' : 'iframe',\r\n\t\t'height' : 250,\r\n\t\t'width' : 300,\r\n\t\t'params' : {}\r\n\t};\r\n<\/script>\r\n<script type=\"text\/javascript\" src=\"\/\/www.highperformanceformat.com\/c1158f160081d6540a8409e6925dab94\/invoke.js\"><\/script><\/div><p>Este tutorial le ense\u00f1ar\u00e1 c\u00f3mo mostrar l\u00edneas \u00fanicas y m\u00faltiples (continuas y no continuas) en Excel.<\/p>\n<h2 id=\"h-steps-to-unhide-a-single-row\" class=\"wp-block-heading\"> Pasos para mostrar una sola fila<\/h2>\n<p> Puede utilizar los siguientes pasos:<\/p>\n<ol type=\"1\">\n<li> Primero, debe encontrar el n\u00famero de fila que falta en el encabezado de la fila.<\/li>\n<li> Despu\u00e9s de eso, mueva el cursor sobre el n\u00famero de fila oculto y le mostrar\u00e1 el signo de arrastre.<\/li>\n<li> Luego haga clic en \u00e9l y mantenga presionado el mouse.<\/li>\n<li> Y manteni\u00e9ndolo, expande la l\u00ednea oculta. Podr\u00e1s ver esta l\u00ednea oculta. <\/li>\n<\/ol>\n<div class=\"wp-block-image\">\n<figure class=\"aligncenter size-full is-resized\"><img loading=\"lazy\" decoding=\"async\" class=\"wp-image-79053\" src=\"https:\/\/exceladvisor.org\/wp-content\/uploads\/2023\/08\/gif-afficher-une-seule-ligne.gif\" sizes=\"auto, \" srcset=\"\" alt=\"Mostrar una sola l\u00ednea\" width=\"571\" height=\"371\"><\/figure>\n<\/div>\n<p> Sin embargo, tambi\u00e9n puede \u00abmostrar\u00bb esta l\u00ednea haciendo clic derecho en el espacio entre las l\u00edneas. <\/p>\n<div class=\"wp-block-image\">\n<figure class=\"aligncenter size-full is-resized\"><img loading=\"lazy\" decoding=\"async\" class=\"wp-image-79054\" src=\"https:\/\/exceladvisor.org\/wp-content\/uploads\/2023\/08\/1-clic-droit-dessus-1.png\" sizes=\"auto, \" srcset=\"\" alt=\"haga clic derecho sobre \u00e9l\" width=\"284\" height=\"292\"><\/figure>\n<\/div>\n<p> Y luego haga clic en la opci\u00f3n \u00abMostrar\u00bb para mostrar la fila oculta. <\/p>\n<div class=\"wp-block-image\">\n<figure class=\"aligncenter size-full is-resized\"><img loading=\"lazy\" decoding=\"async\" class=\"wp-image-79055\" src=\"https:\/\/exceladvisor.org\/wp-content\/uploads\/2023\/08\/2-cliquez-sur-afficher-pour-afficher-la-ligne.png\" sizes=\"auto, \" srcset=\"\" alt=\"haga clic en mostrar para mostrar l\u00ednea\" width=\"275\" height=\"480\"><\/figure>\n<\/div>\n<h2 id=\"h-unhide-the-multiple-continues-rows\" class=\"wp-block-heading\"> Mostrar varias l\u00edneas s\u00f3lidas<\/h2>\n<p> Cuando desee mostrar varias l\u00edneas s\u00f3lidas a la vez, siga estos pasos:<\/p>\n<ul>\n<li> Nuevamente, el primer paso es encontrar el rango de filas ocultas en la hoja de trabajo. <\/li>\n<\/ul>\n<div class=\"wp-block-image\">\n<figure class=\"aligncenter size-full is-resized\"><img loading=\"lazy\" decoding=\"async\" class=\"wp-image-79056\" src=\"https:\/\/exceladvisor.org\/wp-content\/uploads\/2023\/08\/3-lignes-multiples-manquantes.png\" sizes=\"auto, \" srcset=\"\" alt=\"faltan varias l\u00edneas\" width=\"543\" height=\"204\"><\/figure>\n<\/div>\n<ul>\n<li> En el futuro, seleccione la fila \u00fanica encima de las filas ocultas, luego mantenga presionada la tecla May\u00fas para seleccionar otra fila debajo de las filas ocultas del encabezado de la fila. <\/li>\n<\/ul>\n<div class=\"wp-block-image\">\n<figure class=\"aligncenter size-full is-resized\"><img loading=\"lazy\" decoding=\"async\" class=\"wp-image-79057\" src=\"https:\/\/exceladvisor.org\/wp-content\/uploads\/2023\/08\/4-au-dessus-et-au-dessous-de-la-ligne.png\" sizes=\"auto, \" srcset=\"\" alt=\"seleccione la l\u00ednea superior e inferior\" width=\"558\" height=\"236\"><\/figure>\n<\/div>\n<ul>\n<li> Despu\u00e9s de eso, haga clic derecho en cualquiera de las filas seleccionadas y elija la opci\u00f3n \u00abMostrar\u00bb desde all\u00ed. <\/li>\n<\/ul>\n<div class=\"wp-block-image\">\n<figure class=\"aligncenter size-full is-resized\"><img loading=\"lazy\" decoding=\"async\" class=\"wp-image-79058\" src=\"https:\/\/exceladvisor.org\/wp-content\/uploads\/2023\/08\/5-clic-droit-et-afficher.png\" sizes=\"auto, \" srcset=\"\" alt=\"haga clic derecho y muestre\" width=\"436\" height=\"504\"><\/figure>\n<\/div>\n<ul>\n<li> Ahora todos los datos son visibles en la hoja cuando las m\u00faltiples filas ocultas se han vuelto visibles. <\/li>\n<\/ul>\n<div class=\"wp-block-image\">\n<figure class=\"aligncenter size-full is-resized\"><img loading=\"lazy\" decoding=\"async\" class=\"wp-image-79059\" src=\"https:\/\/exceladvisor.org\/wp-content\/uploads\/2023\/08\/6-toutes-les-lignes-masquees.png\" sizes=\"auto, \" srcset=\"\" alt=\"todas las l\u00edneas ocultas\" width=\"553\" height=\"339\"><\/figure>\n<\/div>\n<p class=\"mynote\"> Si desea mostrar la \u00fanica fila oculta entre varias filas, coloque el cursor en el encabezado de la fila oculta. Despu\u00e9s de eso, haga doble clic en \u00e9l y le mostrar\u00e1 la \u00fanica fila oculta anteriormente. De esta manera puede mostrar las filas una por una.<\/p>\n<h2 id=\"h-unhide-all-rows-from-the-worksheet\" class=\"wp-block-heading\"> Mostrar todas las filas de la hoja de trabajo<\/h2>\n<p> Es bastante interesante mostrar todas las filas de toda la hoja de c\u00e1lculo. Ya que le ahorra tiempo y esfuerzo. Puede utilizar los siguientes pasos:<\/p>\n<ul>\n<li> Primero, escanea todas las l\u00edneas ocultas en el encabezado. <\/li>\n<\/ul>\n<div class=\"wp-block-image\">\n<figure class=\"aligncenter size-full is-resized\"><img loading=\"lazy\" decoding=\"async\" class=\"wp-image-79060\" src=\"https:\/\/exceladvisor.org\/wp-content\/uploads\/2023\/08\/7-toutes-les-lignes-masquees-de-la-feuille.png\" sizes=\"auto, \" srcset=\"\" alt=\"todas las filas ocultas en la hoja\" width=\"638\" height=\"213\"><\/figure>\n<\/div>\n<ul>\n<li> Despu\u00e9s de eso, vaya a <a href=\"https:\/\/exceladvisor.org\/es\/cinta\/\">la cinta de Excel<\/a> \u21e2 pesta\u00f1a Inicio \u21e2 Formato. <\/li>\n<\/ul>\n<div class=\"wp-block-image\">\n<figure class=\"aligncenter size-full is-resized\"><img loading=\"lazy\" decoding=\"async\" class=\"wp-image-79061\" src=\"https:\/\/exceladvisor.org\/wp-content\/uploads\/2023\/08\/8-cliquez-sur-format-selectionner-masquer-afficher.png\" sizes=\"auto, \" srcset=\"\" alt=\"haga clic en formatear-seleccionar-ocultar-mostrar\" width=\"772\" height=\"429\"><\/figure>\n<\/div>\n<ul>\n<li> A continuaci\u00f3n, seleccione la hoja completa y haga clic en la opci\u00f3n Mostrar filas en la lista desplegable \u00abOcultar y mostrar\u00bb. <\/li>\n<\/ul>\n<div class=\"wp-block-image\">\n<figure class=\"aligncenter size-full is-resized\"><img loading=\"lazy\" decoding=\"async\" class=\"wp-image-79062\" src=\"https:\/\/exceladvisor.org\/wp-content\/uploads\/2023\/08\/9-selectionnez-la-feuille-entiere-cliquez-sur-afficher-les-lignes.png\" sizes=\"auto, \" srcset=\"\" alt=\"seleccionar-hoja-completa-hacer-clic-mostrar-filas\" width=\"356\" height=\"448\"><\/figure>\n<\/div>\n<ul>\n<li> Una vez que haga clic en \u00e9l, recuperar\u00e1 todas las filas ocultas en la hoja de trabajo. <\/li>\n<\/ul>\n<div class=\"wp-block-image\">\n<figure class=\"aligncenter size-full is-resized\"><img loading=\"lazy\" decoding=\"async\" class=\"wp-image-79063\" src=\"https:\/\/exceladvisor.org\/wp-content\/uploads\/2023\/08\/10-toutes-les-lignes-disponibles.png\" sizes=\"auto, \" srcset=\"\" alt=\"disponible en todas las lineas\" width=\"433\" height=\"306\"><\/figure>\n<\/div>\n<div class=\"gb-container gb-container-4db6181c gb-container-mt\"> <a class=\"gb-button gb-button-c5897111 gb-button-text gb-button-mt-button\" href=\"https:\/\/exceladvisor.org\/es\/conceptos-basicos-de-excel\/\">Conceptos b\u00e1sicos de Microsoft Excel (componentes, piezas y notas de conocimiento)<\/a><\/p>\n<h2 class=\"gb-headline gb-headline-665e5f6b gb-headline-text gb-headline-mt-heading\"> Tutoriales relacionados <\/h2>\n<div class=\"gb-grid-wrapper gb-grid-wrapper-a20baf7c gb-grid-wrapper-mt-grid\">\n<div class=\"gb-grid-column gb-grid-column-50067b57\">\n<div class=\"gb-container gb-container-50067b57\">\n<ul>\n<li> <a href=\"https:\/\/exceladvisor.org\/es\/eliminar-lineas\/\">Eliminar una fila o varias filas en Excel<\/a><\/li>\n<li> <a href=\"https:\/\/exceladvisor.org\/es\/copiar-columna\/\">Copiar y pegar una columna en Excel<\/a><\/li>\n<li> <a href=\"https:\/\/exceladvisor.org\/es\/mover-fila-columna\/\">Mover una fila y columna en Excel<\/a><\/li>\n<li> <a href=\"https:\/\/exceladvisor.org\/es\/ancho-de-columna\/\">C\u00f3mo cambiar el ancho de las columnas en Excel<\/a><\/li>\n<li> <a href=\"https:\/\/exceladvisor.org\/es\/intercambiar-la-celda\/\">Intercambie r\u00e1pidamente dos celdas en Excel<\/a><\/li>\n<\/ul>\n<\/div>\n<\/div>\n<\/div>\n<\/div>\n","protected":false},"excerpt":{"rendered":"<p>Este tutorial le ense\u00f1ar\u00e1 c\u00f3mo mostrar l\u00edneas \u00fanicas y m\u00faltiples (continuas y no continuas) en Excel. Pasos para mostrar una sola fila Puede utilizar los siguientes pasos: Primero, debe encontrar el n\u00famero de fila que falta en el encabezado de la fila. Despu\u00e9s de eso, mueva el cursor sobre el n\u00famero de fila oculto y [&hellip;]<\/p>\n","protected":false},"author":1,"featured_media":0,"parent":0,"menu_order":0,"comment_status":"open","ping_status":"closed","template":"","meta":{"ub_ctt_via":"","footnotes":""},"class_list":["post-624","page","type-page","status-publish","hentry"],"featured_image_src":null,"yoast_head":"<!-- This site is optimized with the Yoast SEO plugin v25.4 - https:\/\/yoast.com\/wordpress\/plugins\/seo\/ -->\n<title>\u00bfc\u00f3mo mostrar filas en excel?<\/title>\n<meta name=\"robots\" content=\"index, follow, max-snippet:-1, max-image-preview:large, max-video-preview:-1\" \/>\n<link rel=\"canonical\" href=\"https:\/\/exceladvisor.org\/es\/mostrar-lineas\/\" \/>\n<meta property=\"og:locale\" content=\"es_ES\" \/>\n<meta property=\"og:type\" content=\"article\" \/>\n<meta property=\"og:title\" content=\"\u00bfc\u00f3mo mostrar filas en excel?\" \/>\n<meta property=\"og:description\" content=\"Este tutorial le ense\u00f1ar\u00e1 c\u00f3mo mostrar l\u00edneas \u00fanicas y m\u00faltiples (continuas y no continuas) en Excel. Pasos para mostrar una sola fila Puede utilizar los siguientes pasos: Primero, debe encontrar el n\u00famero de fila que falta en el encabezado de la fila. Despu\u00e9s de eso, mueva el cursor sobre el n\u00famero de fila oculto y [&hellip;]\" \/>\n<meta property=\"og:url\" content=\"https:\/\/exceladvisor.org\/es\/mostrar-lineas\/\" \/>\n<meta property=\"og:site_name\" content=\"Excel Advisor\" \/>\n<meta property=\"article:modified_time\" content=\"2023-12-25T10:26:06+00:00\" \/>\n<meta property=\"og:image\" content=\"https:\/\/exceladvisor.org\/wp-content\/uploads\/2023\/08\/gif-afficher-une-seule-ligne.gif\" \/>\n<meta name=\"twitter:card\" content=\"summary_large_image\" \/>\n<meta name=\"twitter:label1\" content=\"Tiempo de lectura\" \/>\n\t<meta name=\"twitter:data1\" content=\"2 minutos\" \/>\n<script type=\"application\/ld+json\" class=\"yoast-schema-graph\">{\"@context\":\"https:\/\/schema.org\",\"@graph\":[{\"@type\":\"WebPage\",\"@id\":\"https:\/\/exceladvisor.org\/es\/mostrar-lineas\/\",\"url\":\"https:\/\/exceladvisor.org\/es\/mostrar-lineas\/\",\"name\":\"\u00bfc\u00f3mo mostrar filas en excel?\",\"isPartOf\":{\"@id\":\"https:\/\/exceladvisor.org\/es\/#website\"},\"primaryImageOfPage\":{\"@id\":\"https:\/\/exceladvisor.org\/es\/mostrar-lineas\/#primaryimage\"},\"image\":{\"@id\":\"https:\/\/exceladvisor.org\/es\/mostrar-lineas\/#primaryimage\"},\"thumbnailUrl\":\"https:\/\/exceladvisor.org\/wp-content\/uploads\/2023\/08\/gif-afficher-une-seule-ligne.gif\",\"datePublished\":\"2023-10-18T00:33:31+00:00\",\"dateModified\":\"2023-12-25T10:26:06+00:00\",\"breadcrumb\":{\"@id\":\"https:\/\/exceladvisor.org\/es\/mostrar-lineas\/#breadcrumb\"},\"inLanguage\":\"es\",\"potentialAction\":[{\"@type\":\"ReadAction\",\"target\":[\"https:\/\/exceladvisor.org\/es\/mostrar-lineas\/\"]}]},{\"@type\":\"ImageObject\",\"inLanguage\":\"es\",\"@id\":\"https:\/\/exceladvisor.org\/es\/mostrar-lineas\/#primaryimage\",\"url\":\"https:\/\/exceladvisor.org\/wp-content\/uploads\/2023\/08\/gif-afficher-une-seule-ligne.gif\",\"contentUrl\":\"https:\/\/exceladvisor.org\/wp-content\/uploads\/2023\/08\/gif-afficher-une-seule-ligne.gif\"},{\"@type\":\"BreadcrumbList\",\"@id\":\"https:\/\/exceladvisor.org\/es\/mostrar-lineas\/#breadcrumb\",\"itemListElement\":[{\"@type\":\"ListItem\",\"position\":1,\"name\":\"Hogar\",\"item\":\"https:\/\/exceladvisor.org\/es\/\"},{\"@type\":\"ListItem\",\"position\":2,\"name\":\"\u00bfc\u00f3mo mostrar filas en excel?\"}]},{\"@type\":\"WebSite\",\"@id\":\"https:\/\/exceladvisor.org\/es\/#website\",\"url\":\"https:\/\/exceladvisor.org\/es\/\",\"name\":\"Excel Advisor\",\"description\":\"Su gu\u00eda para la dominaci\u00f3n de datos!\",\"publisher\":{\"@id\":\"https:\/\/exceladvisor.org\/es\/#organization\"},\"potentialAction\":[{\"@type\":\"SearchAction\",\"target\":{\"@type\":\"EntryPoint\",\"urlTemplate\":\"https:\/\/exceladvisor.org\/es\/?s={search_term_string}\"},\"query-input\":{\"@type\":\"PropertyValueSpecification\",\"valueRequired\":true,\"valueName\":\"search_term_string\"}}],\"inLanguage\":\"es\"},{\"@type\":\"Organization\",\"@id\":\"https:\/\/exceladvisor.org\/es\/#organization\",\"name\":\"Excel Advisor\",\"url\":\"https:\/\/exceladvisor.org\/es\/\",\"logo\":{\"@type\":\"ImageObject\",\"inLanguage\":\"es\",\"@id\":\"https:\/\/exceladvisor.org\/es\/#\/schema\/logo\/image\/\",\"url\":\"https:\/\/exceladvisor.org\/es\/wp-content\/uploads\/2023\/12\/exceladvisor.org_.png\",\"contentUrl\":\"https:\/\/exceladvisor.org\/es\/wp-content\/uploads\/2023\/12\/exceladvisor.org_.png\",\"width\":105,\"height\":36,\"caption\":\"Excel Advisor\"},\"image\":{\"@id\":\"https:\/\/exceladvisor.org\/es\/#\/schema\/logo\/image\/\"}}]}<\/script>\n<!-- \/ Yoast SEO plugin. -->","yoast_head_json":{"title":"\u00bfc\u00f3mo mostrar filas en excel?","robots":{"index":"index","follow":"follow","max-snippet":"max-snippet:-1","max-image-preview":"max-image-preview:large","max-video-preview":"max-video-preview:-1"},"canonical":"https:\/\/exceladvisor.org\/es\/mostrar-lineas\/","og_locale":"es_ES","og_type":"article","og_title":"\u00bfc\u00f3mo mostrar filas en excel?","og_description":"Este tutorial le ense\u00f1ar\u00e1 c\u00f3mo mostrar l\u00edneas \u00fanicas y m\u00faltiples (continuas y no continuas) en Excel. Pasos para mostrar una sola fila Puede utilizar los siguientes pasos: Primero, debe encontrar el n\u00famero de fila que falta en el encabezado de la fila. Despu\u00e9s de eso, mueva el cursor sobre el n\u00famero de fila oculto y [&hellip;]","og_url":"https:\/\/exceladvisor.org\/es\/mostrar-lineas\/","og_site_name":"Excel Advisor","article_modified_time":"2023-12-25T10:26:06+00:00","og_image":[{"url":"https:\/\/exceladvisor.org\/wp-content\/uploads\/2023\/08\/gif-afficher-une-seule-ligne.gif","type":"","width":"","height":""}],"twitter_card":"summary_large_image","twitter_misc":{"Tiempo de lectura":"2 minutos"},"schema":{"@context":"https:\/\/schema.org","@graph":[{"@type":"WebPage","@id":"https:\/\/exceladvisor.org\/es\/mostrar-lineas\/","url":"https:\/\/exceladvisor.org\/es\/mostrar-lineas\/","name":"\u00bfc\u00f3mo mostrar filas en excel?","isPartOf":{"@id":"https:\/\/exceladvisor.org\/es\/#website"},"primaryImageOfPage":{"@id":"https:\/\/exceladvisor.org\/es\/mostrar-lineas\/#primaryimage"},"image":{"@id":"https:\/\/exceladvisor.org\/es\/mostrar-lineas\/#primaryimage"},"thumbnailUrl":"https:\/\/exceladvisor.org\/wp-content\/uploads\/2023\/08\/gif-afficher-une-seule-ligne.gif","datePublished":"2023-10-18T00:33:31+00:00","dateModified":"2023-12-25T10:26:06+00:00","breadcrumb":{"@id":"https:\/\/exceladvisor.org\/es\/mostrar-lineas\/#breadcrumb"},"inLanguage":"es","potentialAction":[{"@type":"ReadAction","target":["https:\/\/exceladvisor.org\/es\/mostrar-lineas\/"]}]},{"@type":"ImageObject","inLanguage":"es","@id":"https:\/\/exceladvisor.org\/es\/mostrar-lineas\/#primaryimage","url":"https:\/\/exceladvisor.org\/wp-content\/uploads\/2023\/08\/gif-afficher-une-seule-ligne.gif","contentUrl":"https:\/\/exceladvisor.org\/wp-content\/uploads\/2023\/08\/gif-afficher-une-seule-ligne.gif"},{"@type":"BreadcrumbList","@id":"https:\/\/exceladvisor.org\/es\/mostrar-lineas\/#breadcrumb","itemListElement":[{"@type":"ListItem","position":1,"name":"Hogar","item":"https:\/\/exceladvisor.org\/es\/"},{"@type":"ListItem","position":2,"name":"\u00bfc\u00f3mo mostrar filas en excel?"}]},{"@type":"WebSite","@id":"https:\/\/exceladvisor.org\/es\/#website","url":"https:\/\/exceladvisor.org\/es\/","name":"Excel Advisor","description":"Su gu\u00eda para la dominaci\u00f3n de datos!","publisher":{"@id":"https:\/\/exceladvisor.org\/es\/#organization"},"potentialAction":[{"@type":"SearchAction","target":{"@type":"EntryPoint","urlTemplate":"https:\/\/exceladvisor.org\/es\/?s={search_term_string}"},"query-input":{"@type":"PropertyValueSpecification","valueRequired":true,"valueName":"search_term_string"}}],"inLanguage":"es"},{"@type":"Organization","@id":"https:\/\/exceladvisor.org\/es\/#organization","name":"Excel Advisor","url":"https:\/\/exceladvisor.org\/es\/","logo":{"@type":"ImageObject","inLanguage":"es","@id":"https:\/\/exceladvisor.org\/es\/#\/schema\/logo\/image\/","url":"https:\/\/exceladvisor.org\/es\/wp-content\/uploads\/2023\/12\/exceladvisor.org_.png","contentUrl":"https:\/\/exceladvisor.org\/es\/wp-content\/uploads\/2023\/12\/exceladvisor.org_.png","width":105,"height":36,"caption":"Excel Advisor"},"image":{"@id":"https:\/\/exceladvisor.org\/es\/#\/schema\/logo\/image\/"}}]}},"yoast_meta":{"yoast_wpseo_title":"","yoast_wpseo_metadesc":"","yoast_wpseo_canonical":""},"_links":{"self":[{"href":"https:\/\/exceladvisor.org\/es\/wp-json\/wp\/v2\/pages\/624","targetHints":{"allow":["GET"]}}],"collection":[{"href":"https:\/\/exceladvisor.org\/es\/wp-json\/wp\/v2\/pages"}],"about":[{"href":"https:\/\/exceladvisor.org\/es\/wp-json\/wp\/v2\/types\/page"}],"author":[{"embeddable":true,"href":"https:\/\/exceladvisor.org\/es\/wp-json\/wp\/v2\/users\/1"}],"replies":[{"embeddable":true,"href":"https:\/\/exceladvisor.org\/es\/wp-json\/wp\/v2\/comments?post=624"}],"version-history":[{"count":1,"href":"https:\/\/exceladvisor.org\/es\/wp-json\/wp\/v2\/pages\/624\/revisions"}],"predecessor-version":[{"id":1120,"href":"https:\/\/exceladvisor.org\/es\/wp-json\/wp\/v2\/pages\/624\/revisions\/1120"}],"wp:attachment":[{"href":"https:\/\/exceladvisor.org\/es\/wp-json\/wp\/v2\/media?parent=624"}],"curies":[{"name":"wp","href":"https:\/\/api.w.org\/{rel}","templated":true}]}}