{"id":625,"date":"2023-10-17T21:47:55","date_gmt":"2023-10-17T21:47:55","guid":{"rendered":"https:\/\/exceladvisor.org\/es\/crear-el-encabezado-de-la-primera-linea\/"},"modified":"2023-12-25T10:25:09","modified_gmt":"2023-12-25T10:25:09","slug":"crear-el-encabezado-de-la-primera-linea","status":"publish","type":"page","link":"https:\/\/exceladvisor.org\/es\/crear-el-encabezado-de-la-primera-linea\/","title":{"rendered":"\u00bfc\u00f3mo crear un encabezado de primera fila en excel?"},"content":{"rendered":"<div class=\"excel-antes-del-contenido\" id=\"excel-3197865824\"><script type=\"text\/javascript\">\r\n\tatOptions = {\r\n\t\t'key' : 'c1158f160081d6540a8409e6925dab94',\r\n\t\t'format' : 'iframe',\r\n\t\t'height' : 250,\r\n\t\t'width' : 300,\r\n\t\t'params' : {}\r\n\t};\r\n<\/script>\r\n<script type=\"text\/javascript\" src=\"\/\/www.highperformanceformat.com\/c1158f160081d6540a8409e6925dab94\/invoke.js\"><\/script><\/div><p>En Excel, los encabezados son una parte muy importante de la estructura de datos, lo que hace que los datos sean m\u00e1s f\u00e1ciles de leer y comprender.<\/p>\n<p> Esto ayuda a los usuarios a comprender qu\u00e9 tipo de datos tendr\u00e1n las celdas en las diferentes columnas seg\u00fan los nombres de los encabezados.<\/p>\n<p> Entonces, todos los que trabajan en Excel saben la importancia de tener la primera fila de sus datos configurada como fila de encabezado.<\/p>\n<p> Este tutorial explica c\u00f3mo hacer que la primera fila de sus datos sea una fila de encabezado.<\/p>\n<h2 class=\"wp-block-heading\"> Pasos para convertir la primera fila en una fila de encabezado usando la opci\u00f3n Congelar<\/h2>\n<p> Al aplicar Inmovilizar a la primera fila del conjunto de datos, la primera fila se congelar\u00e1 como fila de encabezado y, cuando se desplace hacia abajo en la hoja de trabajo, la primera fila de encabezado se congelar\u00e1. La cabeza estar\u00e1 visible todo el tiempo.<\/p>\n<ol>\n<li> Primero, abra los datos en la hoja de c\u00e1lculo, donde desea congelar la primera fila como fila de encabezado.<\/li>\n<li> Despu\u00e9s de eso, vaya a la pesta\u00f1a \u00abVer\u00bb y haga clic en el icono \u00abCongelar paneles\u00bb, luego haga clic en la opci\u00f3n \u00abCongelar fila superior\u00bb en el men\u00fa desplegable.<\/li>\n<li> O utilice el m\u00e9todo abreviado de teclado \u201cAlt \u2192 W \u2192 F \u2192 R\u201d para elegir directamente la opci\u00f3n \u201cCongelar fila superior\u201d.<\/li>\n<li> En este momento, su primera fila se ha congelado como fila de encabezados y cuando se desplaza hacia abajo en la hoja de Excel, los encabezados estar\u00e1n visibles todo el tiempo. <\/li>\n<\/ol>\n<div class=\"wp-block-image\">\n<figure class=\"aligncenter size-full is-resized\"><img loading=\"lazy\" decoding=\"async\" class=\"wp-image-80423\" src=\"https:\/\/exceladvisor.org\/wp-content\/uploads\/2023\/08\/1-figer-la-rangee-du-haut.png\" sizes=\"auto, \" srcset=\"\" alt=\"fila superior congelada\" width=\"785\" height=\"331\"><\/figure>\n<\/div>\n<h2 class=\"wp-block-heading\"> Convierta datos a formato de tabla para convertir la primera fila en una fila de encabezado<\/h2>\n<p> Puede convertir su conjunto de datos a formato de tabla y convertir la primera fila en una fila de encabezado siguiendo los pasos a continuaci\u00f3n:<\/p>\n<ol>\n<li> Primero, navegue hasta cualquier celda de los datos y luego navegue hasta la pesta\u00f1a \u00abInicio\u00bb.<\/li>\n<li> Despu\u00e9s de eso, haga clic en el icono \u00abFormatear como tabla\u00bb y elija el dise\u00f1o del formato de la tabla. <br \/><img loading=\"lazy\" decoding=\"async\" title=\"Lista desplegable de tablas de 2 formatos\" src=\"https:\/\/exceladvisor.org\/wp-content\/uploads\/2023\/08\/2-format-de-tableau-deroulant.png\" sizes=\"auto, \" srcset=\"\" alt=\"table-format-drop-down\" width=\"819\" height=\"317\"><\/li>\n<li> Una vez que elija el formato de la tabla o presione el m\u00e9todo abreviado de teclado \u00abCtrl + T\u00bb al mismo tiempo, se abre el cuadro de di\u00e1logo \u00abCrear tabla\u00bb.<\/li>\n<li> Ahora ver\u00e1s que tu rango de datos se selecciona autom\u00e1ticamente y solo necesitas seleccionar la opci\u00f3n \u201cMi tabla tiene encabezados\u201d y hacer clic en Aceptar. <br \/><img loading=\"lazy\" decoding=\"async\" title=\"Di\u00e1logo de creaci\u00f3n de 3 tablas\" src=\"https:\/\/exceladvisor.org\/wp-content\/uploads\/2023\/08\/3-creer-une-boite-de-dialogue-de-table.png\" sizes=\"auto, \" srcset=\"\" alt=\"create-table-dialog-box\" width=\"671\" height=\"240\"><\/li>\n<li> En este momento, los datos se convertir\u00e1n al formato de tabla con la primera fila como fila de encabezado con iconos de filtro. <br \/><img loading=\"lazy\" decoding=\"async\" title=\"4-primera-l\u00ednea-como-l\u00ednea-de-encabezado\" src=\"https:\/\/exceladvisor.org\/wp-content\/uploads\/2023\/08\/4-premiere-ligne-comme-ligne-den-tete.png\" sizes=\"auto, \" srcset=\"\" alt=\"first-row-as-header-row\" width=\"478\" height=\"233\"><\/li>\n<\/ol>\n<h2 class=\"wp-block-heading\"> Seleccione la primera fila como fila de encabezado usando el editor de Power Query<\/h2>\n<p> Puede usar el editor de Power Query para convertir la primera fila de su conjunto de datos en la fila de encabezados siguiendo los pasos a continuaci\u00f3n:<\/p>\n<ol>\n<li> Primero, navegue hasta cualquier celda del conjunto de datos, navegue hasta la pesta\u00f1a \u00abDatos\u00bb y haga clic en la opci\u00f3n \u00abDesde tabla\/rango\u00bb. <br \/><img loading=\"lazy\" decoding=\"async\" title=\"5-obtener-rango-de-mesa\" src=\"https:\/\/exceladvisor.org\/wp-content\/uploads\/2023\/08\/5-obtenir-la-plage-de-la-table.png\" sizes=\"auto, \" srcset=\"\" alt=\"get-table-range\" width=\"429\" height=\"381\"><\/li>\n<li> Despu\u00e9s de eso, vea el rango seleccionado si cubre todo su conjunto de datos, luego anule la selecci\u00f3n de la opci\u00f3n \u00abMi tabla tiene encabezados\u00bb y haga clic en Aceptar. <br \/><img loading=\"lazy\" decoding=\"async\" title=\"6-opci\u00f3n-anular-seleccionar-mi-tabla-tiene-encabezados\" src=\"https:\/\/exceladvisor.org\/wp-content\/uploads\/2023\/08\/6-deselectionnez-loption-mon-tableau-a-des-en-tetes.png\" sizes=\"auto, \" srcset=\"\" alt=\"un-select-my-table-has-headers-option\" width=\"619\" height=\"215\"><\/li>\n<li> Ahora, en la pesta\u00f1a \u00abInicio\u00bb, haga clic en el icono desplegable \u00abUsar la primera l\u00ednea como encabezado\u00bb, luego seleccione la primera opci\u00f3n \u00abUsar la primera l\u00ednea como encabezado\u00bb. <br \/><img loading=\"lazy\" decoding=\"async\" title=\"7-usar-la-primera-l\u00ednea-como-encabezado\" src=\"https:\/\/exceladvisor.org\/wp-content\/uploads\/2023\/08\/7-utiliser-la-premiere-ligne-comme-en-tetes.png\" sizes=\"auto, \" srcset=\"\" alt=\"use-first-row-as-headers\" width=\"705\" height=\"405\"><\/li>\n<li> Una vez que haga clic en \u00abUsar la primera fila como encabezados\u00bb, convertir\u00e1 la primera fila de sus datos en encabezados. <br \/><img loading=\"lazy\" decoding=\"async\" title=\"8-convertir-la-primera-fila-como-encabezados\" src=\"https:\/\/exceladvisor.org\/wp-content\/uploads\/2023\/08\/8-convertir-la-premiere-ligne-en-en-tetes.png\" sizes=\"auto, \" srcset=\"\" alt=\"convert-first-row-as-headers\" width=\"493\" height=\"244\"><\/li>\n<li> Al final, haga clic en el icono \u00abCerrar y cargar\u00bb y luego haga clic en la opci\u00f3n \u00abCerrar y cargar\u00bb en el men\u00fa desplegable. <br \/><img loading=\"lazy\" decoding=\"async\" title=\"9-elegir-cerrar-icono-de-carga\" src=\"https:\/\/exceladvisor.org\/wp-content\/uploads\/2023\/08\/9-choisissez-fermer-licone-de-chargement.png\" sizes=\"auto, \" srcset=\"\" alt=\"choose-close-&amp;-load-icon\" width=\"486\" height=\"208\"><\/li>\n<li> Una vez que haga clic en la opci\u00f3n \u00abCerrar y cargar\u00bb, sus datos se transferir\u00e1n a una nueva hoja en el mismo libro con la primera fila como encabezados. <br \/><img loading=\"lazy\" decoding=\"async\" title=\"10 datos con la primera fila como encabezados\" src=\"https:\/\/exceladvisor.org\/wp-content\/uploads\/2023\/08\/10-donnees-avec-la-premiere-ligne-comme-en-tete.png\" sizes=\"auto, \" srcset=\"\" alt=\"data-with-first-row-as-headers\" width=\"479\" height=\"253\"><\/li>\n<\/ol>\n<h2 class=\"wp-block-heading\"> Seleccione la primera fila como fila de encabezado usando el dise\u00f1o<\/h2>\n<p> A menudo, necesita hacer que la primera fila de sus datos establezca la fila de encabezado y desea imprimir esta fila de encabezado en cada p\u00e1gina al imprimir los datos. Siga los pasos a continuaci\u00f3n para lo mismo:<\/p>\n<ol>\n<li> Primero, vaya a la pesta\u00f1a \u00abDise\u00f1o de p\u00e1gina\u00bb, luego haga clic en la opci\u00f3n \u00abImprimir t\u00edtulos\u00bb y se abrir\u00e1 el cuadro de di\u00e1logo \u00abConfigurar p\u00e1gina\u00bb. <br \/><img loading=\"lazy\" decoding=\"async\" title=\"T\u00edtulos-impresos-dise\u00f1o-de-11 p\u00e1ginas\" src=\"https:\/\/exceladvisor.org\/wp-content\/uploads\/2023\/08\/11-titres-dimpression-de-mise-en-page.png\" sizes=\"auto, \" srcset=\"\" alt=\"page-layout-print-titles\" width=\"812\" height=\"131\"><\/li>\n<li> Despu\u00e9s de eso, vaya al campo \u00abFilas para repetir en la parte superior\u00bb y seleccione la primera fila del encabezado, luego haga clic en el bot\u00f3n \u00abVista previa de impresi\u00f3n\u00bb para ver si los encabezados son visibles correctamente en las p\u00e1ginas. <br \/><img loading=\"lazy\" decoding=\"async\" title=\"Di\u00e1logo de configuraci\u00f3n de 12 p\u00e1ginas\" src=\"https:\/\/exceladvisor.org\/wp-content\/uploads\/2023\/08\/Boite-de-dialogue-de-configuration-de-12-pages.png\" sizes=\"auto, \" srcset=\"\" alt=\"page-setup-dialog-box\" width=\"717\" height=\"371\"><\/li>\n<li> Al final, vaya a la pesta\u00f1a \u00abArchivo\u00bb y haga clic en la opci\u00f3n \u00abImprimir\u00bb o use el m\u00e9todo abreviado de teclado \u00abCtrl + P\u00bb para ir al cuadro de di\u00e1logo \u00abImprimir\u00bb para imprimir las p\u00e1ginas.<\/li>\n<\/ol>\n<div class=\"gb-container gb-container-4db6181c gb-container-mt\"> <a class=\"gb-button gb-button-c5897111 gb-button-text gb-button-mt-button\" href=\"https:\/\/exceladvisor.org\/es\/conceptos-basicos-de-excel\/\">Conceptos b\u00e1sicos de Microsoft Excel (componentes, piezas y notas de conocimiento)<\/a><\/p>\n<h2 class=\"gb-headline gb-headline-665e5f6b gb-headline-text gb-headline-mt-heading\"> Tutoriales relacionados <\/h2>\n<div class=\"gb-grid-wrapper gb-grid-wrapper-a20baf7c gb-grid-wrapper-mt-grid\">\n<div class=\"gb-grid-column gb-grid-column-50067b57\">\n<div class=\"gb-container gb-container-50067b57\">\n<ul>\n<li> <a href=\"https:\/\/exceladvisor.org\/es\/encontrar-reemplazar\/\">Buscar y reemplazar en Excel<\/a><\/li>\n<li> <a href=\"https:\/\/exceladvisor.org\/es\/copiar-pegar-ancho-de-columna\/\">Copiar y pegar ancho de columna en Excel<\/a><\/li>\n<li> <a href=\"https:\/\/exceladvisor.org\/es\/pegar-valores-sin-formatear\/\">Copiar y pegar valores sin formatear en Excel<\/a><\/li>\n<li> <a href=\"https:\/\/exceladvisor.org\/es\/signo-de-dolar\/\">Agregar un signo de d\u00f3lar en Excel<\/a><\/li>\n<\/ul>\n<\/div>\n<\/div>\n<\/div>\n<\/div>\n","protected":false},"excerpt":{"rendered":"<p>En Excel, los encabezados son una parte muy importante de la estructura de datos, lo que hace que los datos sean m\u00e1s f\u00e1ciles de leer y comprender. Esto ayuda a los usuarios a comprender qu\u00e9 tipo de datos tendr\u00e1n las celdas en las diferentes columnas seg\u00fan los nombres de los encabezados. Entonces, todos los que [&hellip;]<\/p>\n","protected":false},"author":1,"featured_media":0,"parent":0,"menu_order":0,"comment_status":"open","ping_status":"closed","template":"","meta":{"ub_ctt_via":"","footnotes":""},"class_list":["post-625","page","type-page","status-publish","hentry"],"featured_image_src":null,"yoast_head":"<!-- This site is optimized with the Yoast SEO plugin v25.4 - https:\/\/yoast.com\/wordpress\/plugins\/seo\/ -->\n<title>\u00bfc\u00f3mo crear un encabezado de primera fila en excel?<\/title>\n<meta name=\"robots\" content=\"index, follow, max-snippet:-1, max-image-preview:large, max-video-preview:-1\" \/>\n<link rel=\"canonical\" href=\"https:\/\/exceladvisor.org\/es\/crear-el-encabezado-de-la-primera-linea\/\" \/>\n<meta property=\"og:locale\" content=\"es_ES\" \/>\n<meta property=\"og:type\" content=\"article\" \/>\n<meta property=\"og:title\" content=\"\u00bfc\u00f3mo crear un encabezado de primera fila en excel?\" \/>\n<meta property=\"og:description\" content=\"En Excel, los encabezados son una parte muy importante de la estructura de datos, lo que hace que los datos sean m\u00e1s f\u00e1ciles de leer y comprender. Esto ayuda a los usuarios a comprender qu\u00e9 tipo de datos tendr\u00e1n las celdas en las diferentes columnas seg\u00fan los nombres de los encabezados. Entonces, todos los que [&hellip;]\" \/>\n<meta property=\"og:url\" content=\"https:\/\/exceladvisor.org\/es\/crear-el-encabezado-de-la-primera-linea\/\" \/>\n<meta property=\"og:site_name\" content=\"Excel Advisor\" \/>\n<meta property=\"article:modified_time\" content=\"2023-12-25T10:25:09+00:00\" \/>\n<meta property=\"og:image\" content=\"https:\/\/exceladvisor.org\/wp-content\/uploads\/2023\/08\/1-figer-la-rangee-du-haut.png\" \/>\n<meta name=\"twitter:card\" content=\"summary_large_image\" \/>\n<meta name=\"twitter:label1\" content=\"Tiempo de lectura\" \/>\n\t<meta name=\"twitter:data1\" content=\"4 minutos\" \/>\n<script type=\"application\/ld+json\" class=\"yoast-schema-graph\">{\"@context\":\"https:\/\/schema.org\",\"@graph\":[{\"@type\":\"WebPage\",\"@id\":\"https:\/\/exceladvisor.org\/es\/crear-el-encabezado-de-la-primera-linea\/\",\"url\":\"https:\/\/exceladvisor.org\/es\/crear-el-encabezado-de-la-primera-linea\/\",\"name\":\"\u00bfc\u00f3mo crear un encabezado de primera fila en excel?\",\"isPartOf\":{\"@id\":\"https:\/\/exceladvisor.org\/es\/#website\"},\"primaryImageOfPage\":{\"@id\":\"https:\/\/exceladvisor.org\/es\/crear-el-encabezado-de-la-primera-linea\/#primaryimage\"},\"image\":{\"@id\":\"https:\/\/exceladvisor.org\/es\/crear-el-encabezado-de-la-primera-linea\/#primaryimage\"},\"thumbnailUrl\":\"https:\/\/exceladvisor.org\/wp-content\/uploads\/2023\/08\/1-figer-la-rangee-du-haut.png\",\"datePublished\":\"2023-10-17T21:47:55+00:00\",\"dateModified\":\"2023-12-25T10:25:09+00:00\",\"breadcrumb\":{\"@id\":\"https:\/\/exceladvisor.org\/es\/crear-el-encabezado-de-la-primera-linea\/#breadcrumb\"},\"inLanguage\":\"es\",\"potentialAction\":[{\"@type\":\"ReadAction\",\"target\":[\"https:\/\/exceladvisor.org\/es\/crear-el-encabezado-de-la-primera-linea\/\"]}]},{\"@type\":\"ImageObject\",\"inLanguage\":\"es\",\"@id\":\"https:\/\/exceladvisor.org\/es\/crear-el-encabezado-de-la-primera-linea\/#primaryimage\",\"url\":\"https:\/\/exceladvisor.org\/wp-content\/uploads\/2023\/08\/1-figer-la-rangee-du-haut.png\",\"contentUrl\":\"https:\/\/exceladvisor.org\/wp-content\/uploads\/2023\/08\/1-figer-la-rangee-du-haut.png\"},{\"@type\":\"BreadcrumbList\",\"@id\":\"https:\/\/exceladvisor.org\/es\/crear-el-encabezado-de-la-primera-linea\/#breadcrumb\",\"itemListElement\":[{\"@type\":\"ListItem\",\"position\":1,\"name\":\"Hogar\",\"item\":\"https:\/\/exceladvisor.org\/es\/\"},{\"@type\":\"ListItem\",\"position\":2,\"name\":\"\u00bfc\u00f3mo crear un encabezado de primera fila en excel?\"}]},{\"@type\":\"WebSite\",\"@id\":\"https:\/\/exceladvisor.org\/es\/#website\",\"url\":\"https:\/\/exceladvisor.org\/es\/\",\"name\":\"Excel Advisor\",\"description\":\"Su gu\u00eda para la dominaci\u00f3n de datos!\",\"publisher\":{\"@id\":\"https:\/\/exceladvisor.org\/es\/#organization\"},\"potentialAction\":[{\"@type\":\"SearchAction\",\"target\":{\"@type\":\"EntryPoint\",\"urlTemplate\":\"https:\/\/exceladvisor.org\/es\/?s={search_term_string}\"},\"query-input\":{\"@type\":\"PropertyValueSpecification\",\"valueRequired\":true,\"valueName\":\"search_term_string\"}}],\"inLanguage\":\"es\"},{\"@type\":\"Organization\",\"@id\":\"https:\/\/exceladvisor.org\/es\/#organization\",\"name\":\"Excel Advisor\",\"url\":\"https:\/\/exceladvisor.org\/es\/\",\"logo\":{\"@type\":\"ImageObject\",\"inLanguage\":\"es\",\"@id\":\"https:\/\/exceladvisor.org\/es\/#\/schema\/logo\/image\/\",\"url\":\"https:\/\/exceladvisor.org\/es\/wp-content\/uploads\/2023\/12\/exceladvisor.org_.png\",\"contentUrl\":\"https:\/\/exceladvisor.org\/es\/wp-content\/uploads\/2023\/12\/exceladvisor.org_.png\",\"width\":105,\"height\":36,\"caption\":\"Excel Advisor\"},\"image\":{\"@id\":\"https:\/\/exceladvisor.org\/es\/#\/schema\/logo\/image\/\"}}]}<\/script>\n<!-- \/ Yoast SEO plugin. -->","yoast_head_json":{"title":"\u00bfc\u00f3mo crear un encabezado de primera fila en excel?","robots":{"index":"index","follow":"follow","max-snippet":"max-snippet:-1","max-image-preview":"max-image-preview:large","max-video-preview":"max-video-preview:-1"},"canonical":"https:\/\/exceladvisor.org\/es\/crear-el-encabezado-de-la-primera-linea\/","og_locale":"es_ES","og_type":"article","og_title":"\u00bfc\u00f3mo crear un encabezado de primera fila en excel?","og_description":"En Excel, los encabezados son una parte muy importante de la estructura de datos, lo que hace que los datos sean m\u00e1s f\u00e1ciles de leer y comprender. Esto ayuda a los usuarios a comprender qu\u00e9 tipo de datos tendr\u00e1n las celdas en las diferentes columnas seg\u00fan los nombres de los encabezados. Entonces, todos los que [&hellip;]","og_url":"https:\/\/exceladvisor.org\/es\/crear-el-encabezado-de-la-primera-linea\/","og_site_name":"Excel Advisor","article_modified_time":"2023-12-25T10:25:09+00:00","og_image":[{"url":"https:\/\/exceladvisor.org\/wp-content\/uploads\/2023\/08\/1-figer-la-rangee-du-haut.png","type":"","width":"","height":""}],"twitter_card":"summary_large_image","twitter_misc":{"Tiempo de lectura":"4 minutos"},"schema":{"@context":"https:\/\/schema.org","@graph":[{"@type":"WebPage","@id":"https:\/\/exceladvisor.org\/es\/crear-el-encabezado-de-la-primera-linea\/","url":"https:\/\/exceladvisor.org\/es\/crear-el-encabezado-de-la-primera-linea\/","name":"\u00bfc\u00f3mo crear un encabezado de primera fila en excel?","isPartOf":{"@id":"https:\/\/exceladvisor.org\/es\/#website"},"primaryImageOfPage":{"@id":"https:\/\/exceladvisor.org\/es\/crear-el-encabezado-de-la-primera-linea\/#primaryimage"},"image":{"@id":"https:\/\/exceladvisor.org\/es\/crear-el-encabezado-de-la-primera-linea\/#primaryimage"},"thumbnailUrl":"https:\/\/exceladvisor.org\/wp-content\/uploads\/2023\/08\/1-figer-la-rangee-du-haut.png","datePublished":"2023-10-17T21:47:55+00:00","dateModified":"2023-12-25T10:25:09+00:00","breadcrumb":{"@id":"https:\/\/exceladvisor.org\/es\/crear-el-encabezado-de-la-primera-linea\/#breadcrumb"},"inLanguage":"es","potentialAction":[{"@type":"ReadAction","target":["https:\/\/exceladvisor.org\/es\/crear-el-encabezado-de-la-primera-linea\/"]}]},{"@type":"ImageObject","inLanguage":"es","@id":"https:\/\/exceladvisor.org\/es\/crear-el-encabezado-de-la-primera-linea\/#primaryimage","url":"https:\/\/exceladvisor.org\/wp-content\/uploads\/2023\/08\/1-figer-la-rangee-du-haut.png","contentUrl":"https:\/\/exceladvisor.org\/wp-content\/uploads\/2023\/08\/1-figer-la-rangee-du-haut.png"},{"@type":"BreadcrumbList","@id":"https:\/\/exceladvisor.org\/es\/crear-el-encabezado-de-la-primera-linea\/#breadcrumb","itemListElement":[{"@type":"ListItem","position":1,"name":"Hogar","item":"https:\/\/exceladvisor.org\/es\/"},{"@type":"ListItem","position":2,"name":"\u00bfc\u00f3mo crear un encabezado de primera fila en excel?"}]},{"@type":"WebSite","@id":"https:\/\/exceladvisor.org\/es\/#website","url":"https:\/\/exceladvisor.org\/es\/","name":"Excel Advisor","description":"Su gu\u00eda para la dominaci\u00f3n de datos!","publisher":{"@id":"https:\/\/exceladvisor.org\/es\/#organization"},"potentialAction":[{"@type":"SearchAction","target":{"@type":"EntryPoint","urlTemplate":"https:\/\/exceladvisor.org\/es\/?s={search_term_string}"},"query-input":{"@type":"PropertyValueSpecification","valueRequired":true,"valueName":"search_term_string"}}],"inLanguage":"es"},{"@type":"Organization","@id":"https:\/\/exceladvisor.org\/es\/#organization","name":"Excel Advisor","url":"https:\/\/exceladvisor.org\/es\/","logo":{"@type":"ImageObject","inLanguage":"es","@id":"https:\/\/exceladvisor.org\/es\/#\/schema\/logo\/image\/","url":"https:\/\/exceladvisor.org\/es\/wp-content\/uploads\/2023\/12\/exceladvisor.org_.png","contentUrl":"https:\/\/exceladvisor.org\/es\/wp-content\/uploads\/2023\/12\/exceladvisor.org_.png","width":105,"height":36,"caption":"Excel Advisor"},"image":{"@id":"https:\/\/exceladvisor.org\/es\/#\/schema\/logo\/image\/"}}]}},"yoast_meta":{"yoast_wpseo_title":"","yoast_wpseo_metadesc":"","yoast_wpseo_canonical":""},"_links":{"self":[{"href":"https:\/\/exceladvisor.org\/es\/wp-json\/wp\/v2\/pages\/625","targetHints":{"allow":["GET"]}}],"collection":[{"href":"https:\/\/exceladvisor.org\/es\/wp-json\/wp\/v2\/pages"}],"about":[{"href":"https:\/\/exceladvisor.org\/es\/wp-json\/wp\/v2\/types\/page"}],"author":[{"embeddable":true,"href":"https:\/\/exceladvisor.org\/es\/wp-json\/wp\/v2\/users\/1"}],"replies":[{"embeddable":true,"href":"https:\/\/exceladvisor.org\/es\/wp-json\/wp\/v2\/comments?post=625"}],"version-history":[{"count":1,"href":"https:\/\/exceladvisor.org\/es\/wp-json\/wp\/v2\/pages\/625\/revisions"}],"predecessor-version":[{"id":1013,"href":"https:\/\/exceladvisor.org\/es\/wp-json\/wp\/v2\/pages\/625\/revisions\/1013"}],"wp:attachment":[{"href":"https:\/\/exceladvisor.org\/es\/wp-json\/wp\/v2\/media?parent=625"}],"curies":[{"name":"wp","href":"https:\/\/api.w.org\/{rel}","templated":true}]}}