{"id":626,"date":"2023-10-17T19:47:21","date_gmt":"2023-10-17T19:47:21","guid":{"rendered":"https:\/\/exceladvisor.org\/es\/centrarse-en-la-seleccion\/"},"modified":"2023-12-25T10:24:10","modified_gmt":"2023-12-25T10:24:10","slug":"centrarse-en-la-seleccion","status":"publish","type":"page","link":"https:\/\/exceladvisor.org\/es\/centrarse-en-la-seleccion\/","title":{"rendered":"\u00bfc\u00f3mo centrarse en una selecci\u00f3n en excel?"},"content":{"rendered":"<div class=\"excel-antes-del-contenido\" id=\"excel-2952953931\"><script type=\"text\/javascript\">\r\n\tatOptions = {\r\n\t\t'key' : 'c1158f160081d6540a8409e6925dab94',\r\n\t\t'format' : 'iframe',\r\n\t\t'height' : 250,\r\n\t\t'width' : 300,\r\n\t\t'params' : {}\r\n\t};\r\n<\/script>\r\n<script type=\"text\/javascript\" src=\"\/\/www.highperformanceformat.com\/c1158f160081d6540a8409e6925dab94\/invoke.js\"><\/script><\/div><p>En Excel, muchos de nosotros todav\u00eda usamos la funci\u00f3n \u00abCombinar celdas\u00bb para centrar el texto en varias columnas fusionando las celdas, pero hay otra funci\u00f3n llamada \u00abCentrar en la selecci\u00f3n\u00bb que tambi\u00e9n permite a los usuarios centrar el texto horizontalmente en varias columnas. pero sin fusionar las celdas.<\/p>\n<p> Esta caracter\u00edstica de centrar texto sin fusionar la selecci\u00f3n hace que sea m\u00e1s preferible usarlo en celdas fusionadas porque en caso de fusionar celdas su estructura de datos puede ser manipulada y si selecciona una columna que es parte de las celdas fusionadas, las otras columnas que son parte de las fusionadas Las celdas tambi\u00e9n ser\u00e1n seleccionadas.<\/p>\n<p> En este tutorial, le mostraremos c\u00f3mo centrar el texto en varias celdas seleccionadas.<\/p>\n<h2 class=\"wp-block-heading\"> Pasos para centrarse en la selecci\u00f3n en Excel<\/h2>\n<ol>\n<li> Primero, seleccione el rango de celdas en el que desea centrar el texto.<\/li>\n<li> Despu\u00e9s de eso, haga clic derecho y luego haga clic en la opci\u00f3n \u00abFormato de celdas\u00bb de la lista desplegable. <br \/><img loading=\"lazy\" decoding=\"async\" title=\"-seleccionar-rango-de-celdas\" src=\"https:\/\/exceladvisor.org\/wp-content\/uploads\/2023\/08\/1-selectionner-la-plage-de-cellules-2.png\" sizes=\"auto, \" srcset=\"\" alt=\"select-the-cells-range\" width=\"482\" height=\"391\"><\/li>\n<li> O seleccione el rango de celdas, luego vaya a la pesta\u00f1a \u00abInicio\u00bb, luego haga clic en \u00abFlecha de agrupaci\u00f3n de alineaci\u00f3n\u00bb del grupo \u00abAlineaci\u00f3n\u00bb. <br \/><img loading=\"lazy\" decoding=\"async\" title=\"-alinear-agrupaci\u00f3n-flecha\" src=\"https:\/\/exceladvisor.org\/wp-content\/uploads\/2023\/08\/2-fleche-de-regroupement-dalignement.png\" sizes=\"auto, \" srcset=\"\" alt=\"alignment-grouping-arrow\" width=\"603\" height=\"253\"><\/li>\n<li> En este punto, se abrir\u00e1 el cuadro de di\u00e1logo \u00abFormato de celdas\u00bb.<\/li>\n<li> Aqu\u00ed, vaya a la pesta\u00f1a \u00abAlineaci\u00f3n\u00bb, luego haga clic en la flecha desplegable del campo \u00abHorizontal\u00bb, elija \u00abCentrar en la selecci\u00f3n\u00bb y haga clic en Aceptar. <br \/><img loading=\"lazy\" decoding=\"async\" title=\"-elegir-centrar-en-la-selecci\u00f3n\" src=\"https:\/\/exceladvisor.org\/wp-content\/uploads\/2023\/08\/3-choisir-le-centre-de-la-selection.png\" sizes=\"auto, \" srcset=\"\" alt=\"choose-center-across-selection\" width=\"514\" height=\"419\"><\/li>\n<li> Ahora cuando ingreses el texto en la primera celda de la selecci\u00f3n, Excel lo colocar\u00e1 \u201cCentrado en la selecci\u00f3n\u201d. <br \/><img loading=\"lazy\" decoding=\"async\" title=\"-ingrese-texto-en-la-primera-celda-del-rango-de-selecci\u00f3n\" src=\"https:\/\/exceladvisor.org\/wp-content\/uploads\/2023\/08\/4-saisir-du-texte-dans-la-premiere-cellule-de-la-plage-de-selection.png\" sizes=\"auto, \" srcset=\"\" alt=\"enter-text-in-first-cell-of-selection-range\" width=\"659\" height=\"140\"><\/li>\n<\/ol>\n<p> En la imagen de arriba puede ver que ingresamos el texto en la columna A y Excel cre\u00f3 en \u00abCentrar en selecci\u00f3n\u00bb y parece que las celdas est\u00e1n fusionadas pero no lo est\u00e1n.<\/p>\n<p> Incluso si ingresa el texto en una de las celdas de la selecci\u00f3n en lugar de en la primera celda, seguir\u00e1 centrado en la selecci\u00f3n, pero ese centro no ser\u00e1 el centro exacto.<\/p>\n<h2 class=\"wp-block-heading\"> Centrarse en la selecci\u00f3n usando el m\u00e9todo abreviado de teclado<\/h2>\n<p> No existe un atajo de teclado directo para centrar el texto en la selecci\u00f3n, pero s\u00ed, usando la combinaci\u00f3n de algunos atajos de teclado puedes hacerlo.<\/p>\n<p> <kbd>Ctrl<\/kbd> + <kbd>1<\/kbd> \u2192 <kbd>A<\/kbd> \u2192 <kbd>Tabulador<\/kbd> \u2192 <kbd>C<\/kbd> \u2192 <kbd>C<\/kbd> \u2192 <kbd>Entrar<\/kbd> \u2192 <kbd>Entrar<\/kbd><\/p>\n<ul>\n<li> Primero, seleccione el rango de celdas, luego presione el acceso directo \u00abCtrl+1\u00bb para abrir el cuadro de di\u00e1logo \u00abFormato de celdas\u00bb.<\/li>\n<li> Una vez abierto, simplemente presione \u00abA\u00bb para navegar a la pesta\u00f1a \u00abAlineaci\u00f3n\u00bb en el cuadro de di\u00e1logo \u00abFormato de celdas\u00bb.<\/li>\n<li> Despu\u00e9s de eso, presione la tecla \u00abTab\u00bb para resaltar el campo \u00abHorizontal\u00bb.<\/li>\n<li> Ahora, presione la tecla \u00abC\u00bb dos veces para seleccionar la opci\u00f3n \u00abCentrar en la selecci\u00f3n\u00bb, luego presione la tecla \u00abEntrar\u00bb dos veces.<\/li>\n<\/ul>\n<h2 class=\"wp-block-heading\"> Centrarse en la selecci\u00f3n VS fusionar celdas<\/h2>\n<p> Creo que ya habr\u00e1s notado que la diferencia entre estos dos es \u00abCeldas fusionadas y no fusionadas\u00bb al hacer el texto \u00abCentrar en la selecci\u00f3n\u00bb.<\/p>\n<p> Hasta ahora, mientras escrib\u00edamos este blog, no hemos encontrado ninguna forma de utilizar este \u00abCentrar en la selecci\u00f3n\u00bb en la selecci\u00f3n vertical.<\/p>\n<div class=\"gb-container gb-container-4db6181c gb-container-mt\"> <a class=\"gb-button gb-button-c5897111 gb-button-text gb-button-mt-button\" href=\"https:\/\/exceladvisor.org\/es\/conceptos-basicos-de-excel\/\">Conceptos b\u00e1sicos de Microsoft Excel (componentes, piezas y notas de conocimiento)<\/a><\/p>\n<h2 class=\"gb-headline gb-headline-665e5f6b gb-headline-text gb-headline-mt-heading\"> Tutoriales relacionados <\/h2>\n<div class=\"gb-grid-wrapper gb-grid-wrapper-a20baf7c gb-grid-wrapper-mt-grid\">\n<div class=\"gb-grid-column gb-grid-column-65ddf67e\">\n<div class=\"gb-container gb-container-65ddf67e\">\n<ul>\n<li> <a href=\"https:\/\/exceladvisor.org\/es\/imprimir-titulos\/\">Aplicar t\u00edtulos de impresi\u00f3n en Excel (configure la fila 1 para imprimir en cada p\u00e1gina)<\/a><\/li>\n<li> <a href=\"https:\/\/exceladvisor.org\/es\/papel-cuadriculado\/\">Imprima un papel cuadriculado en Excel (plantilla de cuadr\u00edcula)<\/a><\/li>\n<li> <a href=\"https:\/\/exceladvisor.org\/es\/eliminar-salto-de-pagina\/\">Eliminar salto de p\u00e1gina en Excel<\/a><\/li>\n<li> <a href=\"https:\/\/exceladvisor.org\/es\/establecer-area-de-impresion\/\">Establecer \u00e1rea de impresi\u00f3n en Excel<\/a><\/li>\n<li> <a href=\"https:\/\/exceladvisor.org\/es\/centrar-la-hoja-de-trabajo-horizontalmente\/\">Centrar una hoja de c\u00e1lculo horizontal y verticalmente en Excel<\/a><\/li>\n<\/ul>\n<\/div>\n<\/div>\n<\/div>\n<\/div>\n","protected":false},"excerpt":{"rendered":"<p>En Excel, muchos de nosotros todav\u00eda usamos la funci\u00f3n \u00abCombinar celdas\u00bb para centrar el texto en varias columnas fusionando las celdas, pero hay otra funci\u00f3n llamada \u00abCentrar en la selecci\u00f3n\u00bb que tambi\u00e9n permite a los usuarios centrar el texto horizontalmente en varias columnas. pero sin fusionar las celdas. Esta caracter\u00edstica de centrar texto sin fusionar [&hellip;]<\/p>\n","protected":false},"author":1,"featured_media":0,"parent":0,"menu_order":0,"comment_status":"open","ping_status":"closed","template":"","meta":{"ub_ctt_via":"","footnotes":""},"class_list":["post-626","page","type-page","status-publish","hentry"],"featured_image_src":null,"yoast_head":"<!-- This site is optimized with the Yoast SEO plugin v25.4 - https:\/\/yoast.com\/wordpress\/plugins\/seo\/ -->\n<title>\u00bfc\u00f3mo centrarse en una selecci\u00f3n en excel?<\/title>\n<meta name=\"robots\" content=\"index, follow, max-snippet:-1, max-image-preview:large, max-video-preview:-1\" \/>\n<link rel=\"canonical\" href=\"https:\/\/exceladvisor.org\/es\/centrarse-en-la-seleccion\/\" \/>\n<meta property=\"og:locale\" content=\"es_ES\" \/>\n<meta property=\"og:type\" content=\"article\" \/>\n<meta property=\"og:title\" content=\"\u00bfc\u00f3mo centrarse en una selecci\u00f3n en excel?\" \/>\n<meta property=\"og:description\" content=\"En Excel, muchos de nosotros todav\u00eda usamos la funci\u00f3n \u00abCombinar celdas\u00bb para centrar el texto en varias columnas fusionando las celdas, pero hay otra funci\u00f3n llamada \u00abCentrar en la selecci\u00f3n\u00bb que tambi\u00e9n permite a los usuarios centrar el texto horizontalmente en varias columnas. pero sin fusionar las celdas. Esta caracter\u00edstica de centrar texto sin fusionar [&hellip;]\" \/>\n<meta property=\"og:url\" content=\"https:\/\/exceladvisor.org\/es\/centrarse-en-la-seleccion\/\" \/>\n<meta property=\"og:site_name\" content=\"Excel Advisor\" \/>\n<meta property=\"article:modified_time\" content=\"2023-12-25T10:24:10+00:00\" \/>\n<meta property=\"og:image\" content=\"https:\/\/exceladvisor.org\/wp-content\/uploads\/2023\/08\/1-selectionner-la-plage-de-cellules-2.png\" \/>\n<meta name=\"twitter:card\" content=\"summary_large_image\" \/>\n<meta name=\"twitter:label1\" content=\"Tiempo de lectura\" \/>\n\t<meta name=\"twitter:data1\" content=\"3 minutos\" \/>\n<script type=\"application\/ld+json\" class=\"yoast-schema-graph\">{\"@context\":\"https:\/\/schema.org\",\"@graph\":[{\"@type\":\"WebPage\",\"@id\":\"https:\/\/exceladvisor.org\/es\/centrarse-en-la-seleccion\/\",\"url\":\"https:\/\/exceladvisor.org\/es\/centrarse-en-la-seleccion\/\",\"name\":\"\u00bfc\u00f3mo centrarse en una selecci\u00f3n en excel?\",\"isPartOf\":{\"@id\":\"https:\/\/exceladvisor.org\/es\/#website\"},\"primaryImageOfPage\":{\"@id\":\"https:\/\/exceladvisor.org\/es\/centrarse-en-la-seleccion\/#primaryimage\"},\"image\":{\"@id\":\"https:\/\/exceladvisor.org\/es\/centrarse-en-la-seleccion\/#primaryimage\"},\"thumbnailUrl\":\"https:\/\/exceladvisor.org\/wp-content\/uploads\/2023\/08\/1-selectionner-la-plage-de-cellules-2.png\",\"datePublished\":\"2023-10-17T19:47:21+00:00\",\"dateModified\":\"2023-12-25T10:24:10+00:00\",\"breadcrumb\":{\"@id\":\"https:\/\/exceladvisor.org\/es\/centrarse-en-la-seleccion\/#breadcrumb\"},\"inLanguage\":\"es\",\"potentialAction\":[{\"@type\":\"ReadAction\",\"target\":[\"https:\/\/exceladvisor.org\/es\/centrarse-en-la-seleccion\/\"]}]},{\"@type\":\"ImageObject\",\"inLanguage\":\"es\",\"@id\":\"https:\/\/exceladvisor.org\/es\/centrarse-en-la-seleccion\/#primaryimage\",\"url\":\"https:\/\/exceladvisor.org\/wp-content\/uploads\/2023\/08\/1-selectionner-la-plage-de-cellules-2.png\",\"contentUrl\":\"https:\/\/exceladvisor.org\/wp-content\/uploads\/2023\/08\/1-selectionner-la-plage-de-cellules-2.png\"},{\"@type\":\"BreadcrumbList\",\"@id\":\"https:\/\/exceladvisor.org\/es\/centrarse-en-la-seleccion\/#breadcrumb\",\"itemListElement\":[{\"@type\":\"ListItem\",\"position\":1,\"name\":\"Hogar\",\"item\":\"https:\/\/exceladvisor.org\/es\/\"},{\"@type\":\"ListItem\",\"position\":2,\"name\":\"\u00bfc\u00f3mo centrarse en una selecci\u00f3n en excel?\"}]},{\"@type\":\"WebSite\",\"@id\":\"https:\/\/exceladvisor.org\/es\/#website\",\"url\":\"https:\/\/exceladvisor.org\/es\/\",\"name\":\"Excel Advisor\",\"description\":\"Su gu\u00eda para la dominaci\u00f3n de datos!\",\"publisher\":{\"@id\":\"https:\/\/exceladvisor.org\/es\/#organization\"},\"potentialAction\":[{\"@type\":\"SearchAction\",\"target\":{\"@type\":\"EntryPoint\",\"urlTemplate\":\"https:\/\/exceladvisor.org\/es\/?s={search_term_string}\"},\"query-input\":{\"@type\":\"PropertyValueSpecification\",\"valueRequired\":true,\"valueName\":\"search_term_string\"}}],\"inLanguage\":\"es\"},{\"@type\":\"Organization\",\"@id\":\"https:\/\/exceladvisor.org\/es\/#organization\",\"name\":\"Excel Advisor\",\"url\":\"https:\/\/exceladvisor.org\/es\/\",\"logo\":{\"@type\":\"ImageObject\",\"inLanguage\":\"es\",\"@id\":\"https:\/\/exceladvisor.org\/es\/#\/schema\/logo\/image\/\",\"url\":\"https:\/\/exceladvisor.org\/es\/wp-content\/uploads\/2023\/12\/exceladvisor.org_.png\",\"contentUrl\":\"https:\/\/exceladvisor.org\/es\/wp-content\/uploads\/2023\/12\/exceladvisor.org_.png\",\"width\":105,\"height\":36,\"caption\":\"Excel Advisor\"},\"image\":{\"@id\":\"https:\/\/exceladvisor.org\/es\/#\/schema\/logo\/image\/\"}}]}<\/script>\n<!-- \/ Yoast SEO plugin. -->","yoast_head_json":{"title":"\u00bfc\u00f3mo centrarse en una selecci\u00f3n en excel?","robots":{"index":"index","follow":"follow","max-snippet":"max-snippet:-1","max-image-preview":"max-image-preview:large","max-video-preview":"max-video-preview:-1"},"canonical":"https:\/\/exceladvisor.org\/es\/centrarse-en-la-seleccion\/","og_locale":"es_ES","og_type":"article","og_title":"\u00bfc\u00f3mo centrarse en una selecci\u00f3n en excel?","og_description":"En Excel, muchos de nosotros todav\u00eda usamos la funci\u00f3n \u00abCombinar celdas\u00bb para centrar el texto en varias columnas fusionando las celdas, pero hay otra funci\u00f3n llamada \u00abCentrar en la selecci\u00f3n\u00bb que tambi\u00e9n permite a los usuarios centrar el texto horizontalmente en varias columnas. pero sin fusionar las celdas. Esta caracter\u00edstica de centrar texto sin fusionar [&hellip;]","og_url":"https:\/\/exceladvisor.org\/es\/centrarse-en-la-seleccion\/","og_site_name":"Excel Advisor","article_modified_time":"2023-12-25T10:24:10+00:00","og_image":[{"url":"https:\/\/exceladvisor.org\/wp-content\/uploads\/2023\/08\/1-selectionner-la-plage-de-cellules-2.png","type":"","width":"","height":""}],"twitter_card":"summary_large_image","twitter_misc":{"Tiempo de lectura":"3 minutos"},"schema":{"@context":"https:\/\/schema.org","@graph":[{"@type":"WebPage","@id":"https:\/\/exceladvisor.org\/es\/centrarse-en-la-seleccion\/","url":"https:\/\/exceladvisor.org\/es\/centrarse-en-la-seleccion\/","name":"\u00bfc\u00f3mo centrarse en una selecci\u00f3n en excel?","isPartOf":{"@id":"https:\/\/exceladvisor.org\/es\/#website"},"primaryImageOfPage":{"@id":"https:\/\/exceladvisor.org\/es\/centrarse-en-la-seleccion\/#primaryimage"},"image":{"@id":"https:\/\/exceladvisor.org\/es\/centrarse-en-la-seleccion\/#primaryimage"},"thumbnailUrl":"https:\/\/exceladvisor.org\/wp-content\/uploads\/2023\/08\/1-selectionner-la-plage-de-cellules-2.png","datePublished":"2023-10-17T19:47:21+00:00","dateModified":"2023-12-25T10:24:10+00:00","breadcrumb":{"@id":"https:\/\/exceladvisor.org\/es\/centrarse-en-la-seleccion\/#breadcrumb"},"inLanguage":"es","potentialAction":[{"@type":"ReadAction","target":["https:\/\/exceladvisor.org\/es\/centrarse-en-la-seleccion\/"]}]},{"@type":"ImageObject","inLanguage":"es","@id":"https:\/\/exceladvisor.org\/es\/centrarse-en-la-seleccion\/#primaryimage","url":"https:\/\/exceladvisor.org\/wp-content\/uploads\/2023\/08\/1-selectionner-la-plage-de-cellules-2.png","contentUrl":"https:\/\/exceladvisor.org\/wp-content\/uploads\/2023\/08\/1-selectionner-la-plage-de-cellules-2.png"},{"@type":"BreadcrumbList","@id":"https:\/\/exceladvisor.org\/es\/centrarse-en-la-seleccion\/#breadcrumb","itemListElement":[{"@type":"ListItem","position":1,"name":"Hogar","item":"https:\/\/exceladvisor.org\/es\/"},{"@type":"ListItem","position":2,"name":"\u00bfc\u00f3mo centrarse en una selecci\u00f3n en excel?"}]},{"@type":"WebSite","@id":"https:\/\/exceladvisor.org\/es\/#website","url":"https:\/\/exceladvisor.org\/es\/","name":"Excel Advisor","description":"Su gu\u00eda para la dominaci\u00f3n de datos!","publisher":{"@id":"https:\/\/exceladvisor.org\/es\/#organization"},"potentialAction":[{"@type":"SearchAction","target":{"@type":"EntryPoint","urlTemplate":"https:\/\/exceladvisor.org\/es\/?s={search_term_string}"},"query-input":{"@type":"PropertyValueSpecification","valueRequired":true,"valueName":"search_term_string"}}],"inLanguage":"es"},{"@type":"Organization","@id":"https:\/\/exceladvisor.org\/es\/#organization","name":"Excel Advisor","url":"https:\/\/exceladvisor.org\/es\/","logo":{"@type":"ImageObject","inLanguage":"es","@id":"https:\/\/exceladvisor.org\/es\/#\/schema\/logo\/image\/","url":"https:\/\/exceladvisor.org\/es\/wp-content\/uploads\/2023\/12\/exceladvisor.org_.png","contentUrl":"https:\/\/exceladvisor.org\/es\/wp-content\/uploads\/2023\/12\/exceladvisor.org_.png","width":105,"height":36,"caption":"Excel Advisor"},"image":{"@id":"https:\/\/exceladvisor.org\/es\/#\/schema\/logo\/image\/"}}]}},"yoast_meta":{"yoast_wpseo_title":"","yoast_wpseo_metadesc":"","yoast_wpseo_canonical":""},"_links":{"self":[{"href":"https:\/\/exceladvisor.org\/es\/wp-json\/wp\/v2\/pages\/626","targetHints":{"allow":["GET"]}}],"collection":[{"href":"https:\/\/exceladvisor.org\/es\/wp-json\/wp\/v2\/pages"}],"about":[{"href":"https:\/\/exceladvisor.org\/es\/wp-json\/wp\/v2\/types\/page"}],"author":[{"embeddable":true,"href":"https:\/\/exceladvisor.org\/es\/wp-json\/wp\/v2\/users\/1"}],"replies":[{"embeddable":true,"href":"https:\/\/exceladvisor.org\/es\/wp-json\/wp\/v2\/comments?post=626"}],"version-history":[{"count":1,"href":"https:\/\/exceladvisor.org\/es\/wp-json\/wp\/v2\/pages\/626\/revisions"}],"predecessor-version":[{"id":907,"href":"https:\/\/exceladvisor.org\/es\/wp-json\/wp\/v2\/pages\/626\/revisions\/907"}],"wp:attachment":[{"href":"https:\/\/exceladvisor.org\/es\/wp-json\/wp\/v2\/media?parent=626"}],"curies":[{"name":"wp","href":"https:\/\/api.w.org\/{rel}","templated":true}]}}