{"id":627,"date":"2023-10-17T18:10:45","date_gmt":"2023-10-17T18:10:45","guid":{"rendered":"https:\/\/exceladvisor.org\/es\/meses-moviles-automaticos\/"},"modified":"2023-12-25T10:25:08","modified_gmt":"2023-12-25T10:25:08","slug":"meses-moviles-automaticos","status":"publish","type":"page","link":"https:\/\/exceladvisor.org\/es\/meses-moviles-automaticos\/","title":{"rendered":"\u00bfc\u00f3mo crear meses m\u00f3viles autom\u00e1ticos en excel?"},"content":{"rendered":"<div class=\"excel-antes-del-contenido\" id=\"excel-4019735276\"><script type=\"text\/javascript\">\r\n\tatOptions = {\r\n\t\t'key' : 'c1158f160081d6540a8409e6925dab94',\r\n\t\t'format' : 'iframe',\r\n\t\t'height' : 250,\r\n\t\t'width' : 300,\r\n\t\t'params' : {}\r\n\t};\r\n<\/script>\r\n<script type=\"text\/javascript\" src=\"\/\/www.highperformanceformat.com\/c1158f160081d6540a8409e6925dab94\/invoke.js\"><\/script><\/div><p>Cuando trabaja con conjuntos de datos, a menudo se encuentra en la situaci\u00f3n de agregar una serie de fechas y hacerlo solo con incrementos de meses consecutivos. Es posible que muchos de nosotros no sepamos que Excel tiene la funcionalidad disponible para automatizar la misma, lo que puede ahorrar tiempo.<\/p>\n<p> En este tutorial, le mostraremos algunas formas r\u00e1pidas y sencillas de automatizar los meses consecutivos en la serie de fechas.<\/p>\n<h2 class=\"wp-block-heading\"> Pasos para crear meses m\u00f3viles autom\u00e1ticos usando el controlador de relleno<\/h2>\n<p> Fill Handle se puede utilizar para automatizar diferentes tipos de series de datos, y los meses consecutivos son uno de ellos. Esta es la forma m\u00e1s sencilla de automatizar los meses consecutivos.<\/p>\n<ol>\n<li> Primero ingrese la primera fecha en la celda desde la cual desea iniciar la serie de datos.<\/li>\n<li> Despu\u00e9s de eso, coloque el cursor en el \u00bb <a href=\"https:\/\/exceladvisor.org\/es\/mango-de-llenado\/\">controlador de relleno<\/a> \u00bb en la parte inferior derecha de la celda.<\/li>\n<li> Ahora presione y mantenga presionado el mouse all\u00ed y luego despl\u00e1cese hacia abajo y crear\u00e1 la serie de fechas pero con el incremento en las fechas.<\/li>\n<li> Una vez hecho esto, haga clic en el \u00abcontrolador de llenado\u00bb y luego elija la opci\u00f3n \u00abRellenar meses\u00bb.<\/li>\n<li> En el momento en que elija \u00abRellenar meses\u00bb, la serie se actualizar\u00e1 con incrementos solo en meses consecutivos. <\/li>\n<\/ol>\n<div class=\"wp-block-image\">\n<figure class=\"aligncenter size-full is-resized\"><img loading=\"lazy\" decoding=\"async\" class=\"wp-image-84479\" src=\"https:\/\/exceladvisor.org\/wp-content\/uploads\/2023\/08\/1-mois-glissants-automatiques.gif\" sizes=\"auto, \" srcset=\"\" alt=\"meses m\u00f3viles autom\u00e1ticos\" width=\"338\" height=\"370\"><\/figure>\n<\/div>\n<h2 class=\"wp-block-heading\"> Automatiza los meses consecutivos usando la opci\u00f3n de completar<\/h2>\n<ol>\n<li> Primero, ingrese la fecha en la celda, luego coloque el cursor sobre el \u00bb <a href=\"https:\/\/exceladvisor.org\/es\/mango-de-llenado\/\">controlador de relleno<\/a> \u00bb en la parte inferior derecha de la celda. <br \/><img loading=\"lazy\" decoding=\"async\" title=\"2 controles de llenado\" src=\"https:\/\/exceladvisor.org\/wp-content\/uploads\/2023\/08\/2-pointez-sur-la-poignee-de-remplissage.png\" sizes=\"auto, \" srcset=\"\" alt=\"hover-on-fill-handle\" width=\"261\" height=\"189\"><\/li>\n<li> Despu\u00e9s de eso, presione y mantenga presionado el mouse all\u00ed y luego despl\u00e1cese hacia abajo y crear\u00e1 la serie de fechas pero con el incremento en las fechas. <br \/><img loading=\"lazy\" decoding=\"async\" title=\"Serie-de-3-fechas-con-control-de-relleno\" src=\"https:\/\/exceladvisor.org\/wp-content\/uploads\/2023\/08\/3-series-de-dates-avec-poignee-de-remplissage.png\" sizes=\"auto, \" srcset=\"\" alt=\"date-series-with-fill-handle\" width=\"197\" height=\"320\"><\/li>\n<li> Ahora, seleccione la serie completa y vaya a la pesta\u00f1a \u00abInicio\u00bb, luego haga clic en el icono \u00abRellenar\u00bb debajo del grupo \u00abEditar\u00bb y elija la opci\u00f3n \u00abSerie\u00bb. <br \/><img loading=\"lazy\" decoding=\"async\" title=\"4-elegir-serie-actualmente-editada\" src=\"https:\/\/exceladvisor.org\/wp-content\/uploads\/2023\/08\/4-choisir-la-serie-en-cours-dedition.png\" sizes=\"auto, \" srcset=\"\" alt=\"choose-series-under-editing\" width=\"517\" height=\"364\"><\/li>\n<li> En el cuadro de di\u00e1logo \u00abSerie\u00bb, elija la opci\u00f3n \u00abColumnas\u00bb, luego \u00abFecha\u00bb y luego \u00abMes\u00bb, luego ingrese 1 como valor en el campo \u00abValor de paso\u00bb y haga clic en Aceptar. <br \/><img loading=\"lazy\" decoding=\"async\" title=\"Di\u00e1logo de la Serie 5\" src=\"https:\/\/exceladvisor.org\/wp-content\/uploads\/2023\/08\/Boite-de-dialogue-de-la-serie-5.png\" sizes=\"auto, \" srcset=\"\" alt=\"series-dialog-box\" width=\"337\" height=\"287\"><\/li>\n<li> En el momento en que haga clic en Aceptar, la serie de fechas seleccionada se actualizar\u00e1 con incrementos en meses \u00fanicamente. <br \/><img loading=\"lazy\" decoding=\"async\" title=\"Serie-de-6-fechas-con-meses-incrementales\" src=\"https:\/\/exceladvisor.org\/wp-content\/uploads\/2023\/08\/6-series-de-dates-avec-des-mois-supplementaires.png\" sizes=\"auto, \" srcset=\"\" alt=\"date-series-with-incremental-months\" width=\"194\" height=\"318\"><\/li>\n<\/ol>\n<h2 class=\"wp-block-heading\"> Automatiza los meses consecutivos usando una f\u00f3rmula<\/h2>\n<p> Tambi\u00e9n puede crear la serie de fechas con meses consecutivos utilizando la combinaci\u00f3n de funciones FECHA, A\u00d1O, MES, MOD y D\u00cdA.<\/p>\n<pre class=\"wp-block-preformatted\"> =DATE(IF(MONTH(A2)+1&gt;12,YEAR(A2)+1,YEAR(A2)),IF(MONTH(A2)+1&gt;12,MOD(MONTH(A2)+1,12), MONTH(A2)+1),DAY(A2))<\/pre>\n<ol>\n<li> Primero ingrese la primera fecha en la celda desde la cual desea iniciar la serie de datos.<\/li>\n<li> Despu\u00e9s de eso, en la siguiente celda justo debajo de esta celda, escriba la f\u00f3rmula combinada proporcionada anteriormente y obtendr\u00e1 los datos del mes m\u00f3vil. <br \/><img loading=\"lazy\" decoding=\"async\" title=\"7-meses-deslizantes-usando-la-f\u00f3rmula\" src=\"https:\/\/exceladvisor.org\/wp-content\/uploads\/2023\/08\/7-mois-glissants-en-utilisant-la-formule.png\" sizes=\"auto, \" srcset=\"\" alt=\"rolling-months-using-formula\" width=\"994\" height=\"189\"><\/li>\n<li> Ahora, usando la opci\u00f3n <a href=\"https:\/\/exceladvisor.org\/es\/mango-de-llenado\/\">\u00abRellenar controlador\u00bb<\/a> , cree la serie de datos. <br \/><img loading=\"lazy\" decoding=\"async\" title=\"8-arrastrar-usando-el-control-de-relleno\" src=\"https:\/\/exceladvisor.org\/wp-content\/uploads\/2023\/08\/8-faites-glisser-a-laide-de-la-poignee-de-recopie.png\" sizes=\"auto, \" srcset=\"\" alt=\"drag-using-fill-handle\" width=\"247\" height=\"214\"><\/li>\n<li> En este punto, su serie de fechas se ha creado con meses consecutivos. <br \/><img loading=\"lazy\" decoding=\"async\" title=\"Serie-de-9-fechas-solo-con-meses-continuos\" src=\"https:\/\/exceladvisor.org\/wp-content\/uploads\/2023\/08\/9-series-de-dates-uniquement-avec-des-mois-glissants.png\" sizes=\"auto, \" srcset=\"\" alt=\"date-series-only-with-rolling-months\" width=\"200\" height=\"315\"><\/li>\n<\/ol>\n<h2 class=\"wp-block-heading\"> \u00bfC\u00f3mo funciona esta f\u00f3rmula?<\/h2>\n<p> Para entender la f\u00f3rmula. Dividamos la f\u00f3rmula en tres partes: <\/p>\n<div class=\"wp-block-image\">\n<figure class=\"aligncenter size-full\"><img loading=\"lazy\" decoding=\"async\" class=\"wp-image-84488\" src=\"https:\/\/exceladvisor.org\/wp-content\/uploads\/2023\/08\/Formule-10-mois-glissants.png\" sizes=\"auto, \" srcset=\"\" alt=\"f\u00f3rmula de meses rodantes\" width=\"1514\" height=\"114\"><\/figure>\n<\/div>\n<pre class=\"wp-block-preformatted\"> =IF(MONTH(A2)+1&gt;12,YEAR(A2)+1,YEAR(A2))<\/pre>\n<p> En la primera parte si el total del mes m\u00e1s 1 es mayor a 12 devolver\u00e1 el valor del a\u00f1o sum\u00e1ndole 1, en caso contrario devolver\u00e1 el mismo a\u00f1o que tenemos en la fecha.<\/p>\n<pre class=\"wp-block-preformatted\"> =IF(MONTH(A2)+1&gt;12,MOD(MONTH(A2)+1,12),MONTH(A2)+1)<\/pre>\n<p> En la segunda parte, si el mes m\u00e1s 1 total es mayor que 12, dividir\u00e1 el mes m\u00e1s 1 total con los 12 y devolver\u00e1 el resto en consecuencia; de lo contrario, agregar\u00e1 1 en el mes en consecuencia.<\/p>\n<p> En la tercera parte, la funci\u00f3n \u00abFecha\u00bb tomar\u00e1 los valores de mes y a\u00f1o resultantes de la primera y segunda parte de la f\u00f3rmula y les agregar\u00e1 el n\u00famero de d\u00eda de la fecha.<\/p>\n<div class=\"gb-container gb-container-4db6181c gb-container-mt\"> <a class=\"gb-button gb-button-c5897111 gb-button-text gb-button-mt-button\" href=\"https:\/\/exceladvisor.org\/es\/avance-de-excel\/\">Tutoriales avanzados de Excel<\/a><\/p>\n<h2 class=\"gb-headline gb-headline-665e5f6b gb-headline-text gb-headline-mt-heading\"> Tutoriales relacionados <\/h2>\n<div class=\"gb-grid-wrapper gb-grid-wrapper-a20baf7c gb-grid-wrapper-mt-grid\">\n<div class=\"gb-grid-column gb-grid-column-65ddf67e\">\n<div class=\"gb-container gb-container-65ddf67e\">\n<ul>\n<li> <a href=\"https:\/\/exceladvisor.org\/es\/justificar-completamente\/\">Llenar justificar en Excel<\/a><\/li>\n<li> <a href=\"https:\/\/exceladvisor.org\/es\/barra-de-formulas-de-excel\/\">Barra de f\u00f3rmulas en Excel (ocultar, mostrar y expandir)<\/a><\/li>\n<li> <a href=\"https:\/\/exceladvisor.org\/es\/agregar-un-encabezado-de-pie-de-pagina\/\">Agregar un encabezado y pie de p\u00e1gina en Excel<\/a><\/li>\n<li> <a href=\"https:\/\/exceladvisor.org\/es\/gobernante\/\">Mostrar regla en Excel<\/a><\/li>\n<li> <a href=\"https:\/\/exceladvisor.org\/es\/mango-de-llenado\/\">Controlador de relleno en Excel<\/a><\/li>\n<\/ul>\n<\/div>\n<\/div>\n<\/div>\n<\/div>\n","protected":false},"excerpt":{"rendered":"<p>Cuando trabaja con conjuntos de datos, a menudo se encuentra en la situaci\u00f3n de agregar una serie de fechas y hacerlo solo con incrementos de meses consecutivos. Es posible que muchos de nosotros no sepamos que Excel tiene la funcionalidad disponible para automatizar la misma, lo que puede ahorrar tiempo. En este tutorial, le mostraremos [&hellip;]<\/p>\n","protected":false},"author":1,"featured_media":0,"parent":0,"menu_order":0,"comment_status":"open","ping_status":"closed","template":"","meta":{"ub_ctt_via":"","footnotes":""},"class_list":["post-627","page","type-page","status-publish","hentry"],"featured_image_src":null,"yoast_head":"<!-- This site is optimized with the Yoast SEO plugin v25.4 - https:\/\/yoast.com\/wordpress\/plugins\/seo\/ -->\n<title>\u00bfc\u00f3mo crear meses m\u00f3viles autom\u00e1ticos en excel?<\/title>\n<meta name=\"robots\" content=\"index, follow, max-snippet:-1, max-image-preview:large, max-video-preview:-1\" \/>\n<link rel=\"canonical\" href=\"https:\/\/exceladvisor.org\/es\/meses-moviles-automaticos\/\" \/>\n<meta property=\"og:locale\" content=\"es_ES\" \/>\n<meta property=\"og:type\" content=\"article\" \/>\n<meta property=\"og:title\" content=\"\u00bfc\u00f3mo crear meses m\u00f3viles autom\u00e1ticos en excel?\" \/>\n<meta property=\"og:description\" content=\"Cuando trabaja con conjuntos de datos, a menudo se encuentra en la situaci\u00f3n de agregar una serie de fechas y hacerlo solo con incrementos de meses consecutivos. Es posible que muchos de nosotros no sepamos que Excel tiene la funcionalidad disponible para automatizar la misma, lo que puede ahorrar tiempo. En este tutorial, le mostraremos [&hellip;]\" \/>\n<meta property=\"og:url\" content=\"https:\/\/exceladvisor.org\/es\/meses-moviles-automaticos\/\" \/>\n<meta property=\"og:site_name\" content=\"Excel Advisor\" \/>\n<meta property=\"article:modified_time\" content=\"2023-12-25T10:25:08+00:00\" \/>\n<meta property=\"og:image\" content=\"https:\/\/exceladvisor.org\/wp-content\/uploads\/2023\/08\/1-mois-glissants-automatiques.gif\" \/>\n<meta name=\"twitter:card\" content=\"summary_large_image\" \/>\n<meta name=\"twitter:label1\" content=\"Tiempo de lectura\" \/>\n\t<meta name=\"twitter:data1\" content=\"3 minutos\" \/>\n<script type=\"application\/ld+json\" class=\"yoast-schema-graph\">{\"@context\":\"https:\/\/schema.org\",\"@graph\":[{\"@type\":\"WebPage\",\"@id\":\"https:\/\/exceladvisor.org\/es\/meses-moviles-automaticos\/\",\"url\":\"https:\/\/exceladvisor.org\/es\/meses-moviles-automaticos\/\",\"name\":\"\u00bfc\u00f3mo crear meses m\u00f3viles autom\u00e1ticos en excel?\",\"isPartOf\":{\"@id\":\"https:\/\/exceladvisor.org\/es\/#website\"},\"primaryImageOfPage\":{\"@id\":\"https:\/\/exceladvisor.org\/es\/meses-moviles-automaticos\/#primaryimage\"},\"image\":{\"@id\":\"https:\/\/exceladvisor.org\/es\/meses-moviles-automaticos\/#primaryimage\"},\"thumbnailUrl\":\"https:\/\/exceladvisor.org\/wp-content\/uploads\/2023\/08\/1-mois-glissants-automatiques.gif\",\"datePublished\":\"2023-10-17T18:10:45+00:00\",\"dateModified\":\"2023-12-25T10:25:08+00:00\",\"breadcrumb\":{\"@id\":\"https:\/\/exceladvisor.org\/es\/meses-moviles-automaticos\/#breadcrumb\"},\"inLanguage\":\"es\",\"potentialAction\":[{\"@type\":\"ReadAction\",\"target\":[\"https:\/\/exceladvisor.org\/es\/meses-moviles-automaticos\/\"]}]},{\"@type\":\"ImageObject\",\"inLanguage\":\"es\",\"@id\":\"https:\/\/exceladvisor.org\/es\/meses-moviles-automaticos\/#primaryimage\",\"url\":\"https:\/\/exceladvisor.org\/wp-content\/uploads\/2023\/08\/1-mois-glissants-automatiques.gif\",\"contentUrl\":\"https:\/\/exceladvisor.org\/wp-content\/uploads\/2023\/08\/1-mois-glissants-automatiques.gif\"},{\"@type\":\"BreadcrumbList\",\"@id\":\"https:\/\/exceladvisor.org\/es\/meses-moviles-automaticos\/#breadcrumb\",\"itemListElement\":[{\"@type\":\"ListItem\",\"position\":1,\"name\":\"Hogar\",\"item\":\"https:\/\/exceladvisor.org\/es\/\"},{\"@type\":\"ListItem\",\"position\":2,\"name\":\"\u00bfc\u00f3mo crear meses m\u00f3viles autom\u00e1ticos en excel?\"}]},{\"@type\":\"WebSite\",\"@id\":\"https:\/\/exceladvisor.org\/es\/#website\",\"url\":\"https:\/\/exceladvisor.org\/es\/\",\"name\":\"Excel Advisor\",\"description\":\"Su gu\u00eda para la dominaci\u00f3n de datos!\",\"publisher\":{\"@id\":\"https:\/\/exceladvisor.org\/es\/#organization\"},\"potentialAction\":[{\"@type\":\"SearchAction\",\"target\":{\"@type\":\"EntryPoint\",\"urlTemplate\":\"https:\/\/exceladvisor.org\/es\/?s={search_term_string}\"},\"query-input\":{\"@type\":\"PropertyValueSpecification\",\"valueRequired\":true,\"valueName\":\"search_term_string\"}}],\"inLanguage\":\"es\"},{\"@type\":\"Organization\",\"@id\":\"https:\/\/exceladvisor.org\/es\/#organization\",\"name\":\"Excel Advisor\",\"url\":\"https:\/\/exceladvisor.org\/es\/\",\"logo\":{\"@type\":\"ImageObject\",\"inLanguage\":\"es\",\"@id\":\"https:\/\/exceladvisor.org\/es\/#\/schema\/logo\/image\/\",\"url\":\"https:\/\/exceladvisor.org\/es\/wp-content\/uploads\/2023\/12\/exceladvisor.org_.png\",\"contentUrl\":\"https:\/\/exceladvisor.org\/es\/wp-content\/uploads\/2023\/12\/exceladvisor.org_.png\",\"width\":105,\"height\":36,\"caption\":\"Excel Advisor\"},\"image\":{\"@id\":\"https:\/\/exceladvisor.org\/es\/#\/schema\/logo\/image\/\"}}]}<\/script>\n<!-- \/ Yoast SEO plugin. -->","yoast_head_json":{"title":"\u00bfc\u00f3mo crear meses m\u00f3viles autom\u00e1ticos en excel?","robots":{"index":"index","follow":"follow","max-snippet":"max-snippet:-1","max-image-preview":"max-image-preview:large","max-video-preview":"max-video-preview:-1"},"canonical":"https:\/\/exceladvisor.org\/es\/meses-moviles-automaticos\/","og_locale":"es_ES","og_type":"article","og_title":"\u00bfc\u00f3mo crear meses m\u00f3viles autom\u00e1ticos en excel?","og_description":"Cuando trabaja con conjuntos de datos, a menudo se encuentra en la situaci\u00f3n de agregar una serie de fechas y hacerlo solo con incrementos de meses consecutivos. Es posible que muchos de nosotros no sepamos que Excel tiene la funcionalidad disponible para automatizar la misma, lo que puede ahorrar tiempo. En este tutorial, le mostraremos [&hellip;]","og_url":"https:\/\/exceladvisor.org\/es\/meses-moviles-automaticos\/","og_site_name":"Excel Advisor","article_modified_time":"2023-12-25T10:25:08+00:00","og_image":[{"url":"https:\/\/exceladvisor.org\/wp-content\/uploads\/2023\/08\/1-mois-glissants-automatiques.gif","type":"","width":"","height":""}],"twitter_card":"summary_large_image","twitter_misc":{"Tiempo de lectura":"3 minutos"},"schema":{"@context":"https:\/\/schema.org","@graph":[{"@type":"WebPage","@id":"https:\/\/exceladvisor.org\/es\/meses-moviles-automaticos\/","url":"https:\/\/exceladvisor.org\/es\/meses-moviles-automaticos\/","name":"\u00bfc\u00f3mo crear meses m\u00f3viles autom\u00e1ticos en excel?","isPartOf":{"@id":"https:\/\/exceladvisor.org\/es\/#website"},"primaryImageOfPage":{"@id":"https:\/\/exceladvisor.org\/es\/meses-moviles-automaticos\/#primaryimage"},"image":{"@id":"https:\/\/exceladvisor.org\/es\/meses-moviles-automaticos\/#primaryimage"},"thumbnailUrl":"https:\/\/exceladvisor.org\/wp-content\/uploads\/2023\/08\/1-mois-glissants-automatiques.gif","datePublished":"2023-10-17T18:10:45+00:00","dateModified":"2023-12-25T10:25:08+00:00","breadcrumb":{"@id":"https:\/\/exceladvisor.org\/es\/meses-moviles-automaticos\/#breadcrumb"},"inLanguage":"es","potentialAction":[{"@type":"ReadAction","target":["https:\/\/exceladvisor.org\/es\/meses-moviles-automaticos\/"]}]},{"@type":"ImageObject","inLanguage":"es","@id":"https:\/\/exceladvisor.org\/es\/meses-moviles-automaticos\/#primaryimage","url":"https:\/\/exceladvisor.org\/wp-content\/uploads\/2023\/08\/1-mois-glissants-automatiques.gif","contentUrl":"https:\/\/exceladvisor.org\/wp-content\/uploads\/2023\/08\/1-mois-glissants-automatiques.gif"},{"@type":"BreadcrumbList","@id":"https:\/\/exceladvisor.org\/es\/meses-moviles-automaticos\/#breadcrumb","itemListElement":[{"@type":"ListItem","position":1,"name":"Hogar","item":"https:\/\/exceladvisor.org\/es\/"},{"@type":"ListItem","position":2,"name":"\u00bfc\u00f3mo crear meses m\u00f3viles autom\u00e1ticos en excel?"}]},{"@type":"WebSite","@id":"https:\/\/exceladvisor.org\/es\/#website","url":"https:\/\/exceladvisor.org\/es\/","name":"Excel Advisor","description":"Su gu\u00eda para la dominaci\u00f3n de datos!","publisher":{"@id":"https:\/\/exceladvisor.org\/es\/#organization"},"potentialAction":[{"@type":"SearchAction","target":{"@type":"EntryPoint","urlTemplate":"https:\/\/exceladvisor.org\/es\/?s={search_term_string}"},"query-input":{"@type":"PropertyValueSpecification","valueRequired":true,"valueName":"search_term_string"}}],"inLanguage":"es"},{"@type":"Organization","@id":"https:\/\/exceladvisor.org\/es\/#organization","name":"Excel Advisor","url":"https:\/\/exceladvisor.org\/es\/","logo":{"@type":"ImageObject","inLanguage":"es","@id":"https:\/\/exceladvisor.org\/es\/#\/schema\/logo\/image\/","url":"https:\/\/exceladvisor.org\/es\/wp-content\/uploads\/2023\/12\/exceladvisor.org_.png","contentUrl":"https:\/\/exceladvisor.org\/es\/wp-content\/uploads\/2023\/12\/exceladvisor.org_.png","width":105,"height":36,"caption":"Excel Advisor"},"image":{"@id":"https:\/\/exceladvisor.org\/es\/#\/schema\/logo\/image\/"}}]}},"yoast_meta":{"yoast_wpseo_title":"","yoast_wpseo_metadesc":"","yoast_wpseo_canonical":""},"_links":{"self":[{"href":"https:\/\/exceladvisor.org\/es\/wp-json\/wp\/v2\/pages\/627","targetHints":{"allow":["GET"]}}],"collection":[{"href":"https:\/\/exceladvisor.org\/es\/wp-json\/wp\/v2\/pages"}],"about":[{"href":"https:\/\/exceladvisor.org\/es\/wp-json\/wp\/v2\/types\/page"}],"author":[{"embeddable":true,"href":"https:\/\/exceladvisor.org\/es\/wp-json\/wp\/v2\/users\/1"}],"replies":[{"embeddable":true,"href":"https:\/\/exceladvisor.org\/es\/wp-json\/wp\/v2\/comments?post=627"}],"version-history":[{"count":1,"href":"https:\/\/exceladvisor.org\/es\/wp-json\/wp\/v2\/pages\/627\/revisions"}],"predecessor-version":[{"id":1011,"href":"https:\/\/exceladvisor.org\/es\/wp-json\/wp\/v2\/pages\/627\/revisions\/1011"}],"wp:attachment":[{"href":"https:\/\/exceladvisor.org\/es\/wp-json\/wp\/v2\/media?parent=627"}],"curies":[{"name":"wp","href":"https:\/\/api.w.org\/{rel}","templated":true}]}}