{"id":628,"date":"2023-10-17T17:18:59","date_gmt":"2023-10-17T17:18:59","guid":{"rendered":"https:\/\/exceladvisor.org\/es\/bloqueo-de-desplazamiento\/"},"modified":"2023-12-25T10:23:34","modified_gmt":"2023-12-25T10:23:34","slug":"bloqueo-de-desplazamiento","status":"publish","type":"page","link":"https:\/\/exceladvisor.org\/es\/bloqueo-de-desplazamiento\/","title":{"rendered":"\u00bfc\u00f3mo arreglar las teclas de flecha que no funcionan en excel?"},"content":{"rendered":"<div class=\"excel-antes-del-contenido\" id=\"excel-1964958308\"><script type=\"text\/javascript\">\r\n\tatOptions = {\r\n\t\t'key' : 'c1158f160081d6540a8409e6925dab94',\r\n\t\t'format' : 'iframe',\r\n\t\t'height' : 250,\r\n\t\t'width' : 300,\r\n\t\t'params' : {}\r\n\t};\r\n<\/script>\r\n<script type=\"text\/javascript\" src=\"\/\/www.highperformanceformat.com\/c1158f160081d6540a8409e6925dab94\/invoke.js\"><\/script><\/div><p>Esto me sucede a menudo cuando intento navegar con la tecla de flecha del teclado, pero en lugar de navegar a la siguiente celda, mueve la ventana de Excel. Esto sucede en Excel Windows, pero no tanto en Mac.<\/p>\n<p> \u00bfCu\u00e1l es la raz\u00f3n? Bloqueo de desplazamiento<\/p>\n<h2 class=\"wp-block-heading\"> C\u00f3mo arreglar las teclas de flecha en Excel (bloqueo de desplazamiento)<\/h2>\n<p> Si est\u00e1s usando el teclado de una PC, es posible que tengas la tecla Bloq Despl, as\u00ed que presi\u00f3nala. Esto desactivar\u00e1 el bloqueo de desplazamiento y las teclas de flecha volver\u00e1n a funcionar. <\/p>\n<div class=\"wp-block-image\">\n<figure class=\"aligncenter size-full is-resized\"><img loading=\"lazy\" decoding=\"async\" class=\"wp-image-85895\" src=\"https:\/\/exceladvisor.org\/wp-content\/uploads\/2023\/08\/1-fixer-les-touches-flechees.png\" sizes=\"auto, \" srcset=\"\" alt=\"corregir-las-teclas-de-flecha\" width=\"116\" height=\"110\"><\/figure>\n<\/div>\n<p> Pero si est\u00e1s usando Excel desde una computadora port\u00e1til donde no tienes el bot\u00f3n de desplazamiento, puedes usar:<\/p>\n<p> <strong>Fn+K<\/strong><\/p>\n<p> Para desactivar el bloqueo de desplazamiento. Y si quieres reactivarlo:<\/p>\n<p> <strong>Fn+C<\/strong><\/p>\n<p> Tambi\u00e9n puede utilizar el teclado en pantalla siguiendo los pasos a continuaci\u00f3n:<\/p>\n<ol>\n<li> Utilice el m\u00e9todo abreviado de teclado Ventana + S para abrir la B\u00fasqueda de Windows.<\/li>\n<li> Escribe \u00abTeclado en pantalla\u00bb y \u00e1brelo. <br \/><img loading=\"lazy\" decoding=\"async\" title=\"Teclado en pantalla de 2 tipos\" src=\"https:\/\/exceladvisor.org\/wp-content\/uploads\/2023\/08\/2-types-de-clavier-a-lecran.png\" sizes=\"auto, \" srcset=\"\" alt=\"type-on-screen-keyboard\" width=\"556\" height=\"305\"><\/li>\n<li> El \u201cTeclado en pantalla\u201d se abre en la pantalla.<\/li>\n<li> Haga clic en el bot\u00f3n \u00abBloqueo de desplazamiento\u00bb desde all\u00ed. <br \/><img loading=\"lazy\" decoding=\"async\" title=\"Bot\u00f3n de desplazamiento de 3 clics\" src=\"https:\/\/exceladvisor.org\/wp-content\/uploads\/2023\/08\/3-cliquez-sur-le-bouton-de-defilement.png\" sizes=\"auto, \" srcset=\"\" alt=\"click-on-scroll-button\" width=\"787\" height=\"229\"><\/li>\n<li> Al final, regrese a la hoja de c\u00e1lculo y use las teclas de navegaci\u00f3n del teclado.<\/li>\n<\/ol>\n<h2 class=\"wp-block-heading\"> Configuraci\u00f3n de desplazamiento que debes usar en Excel<\/h2>\n<p> La mejor manera de activar y desactivar Scroll Lock es utilizar el teclado o el teclado en pantalla. Pero hay una configuraci\u00f3n en la barra de estado de Excel que puedes habilitar.<\/p>\n<ul>\n<li> Haga clic derecho en la barra de estado.<\/li>\n<li> Haga clic en la barra de desplazamiento. <\/li>\n<\/ul>\n<div class=\"wp-block-image\">\n<figure class=\"aligncenter size-full is-resized\"><img loading=\"lazy\" decoding=\"async\" class=\"wp-image-85898\" src=\"https:\/\/exceladvisor.org\/wp-content\/uploads\/2023\/08\/4-parametres-de-defilement-dans-Excel.png\" sizes=\"auto, \" srcset=\"\" alt=\"configuraci\u00f3n de desplazamiento en Excel\" width=\"352\" height=\"359\"><\/figure>\n<\/div>\n<p> E incluso si tiene habilitado el bloqueo de desplazamiento, mostrar\u00e1 un peque\u00f1o mensaje en la barra de estado \u00abBloqueo de desplazamiento\u00bb. <\/p>\n<div class=\"wp-block-image\">\n<figure class=\"aligncenter size-full is-resized\"><img loading=\"lazy\" decoding=\"async\" class=\"wp-image-85899\" src=\"https:\/\/exceladvisor.org\/wp-content\/uploads\/2023\/08\/5-verrouillage-du-defilement-active.png\" sizes=\"auto, \" srcset=\"\" alt=\"bloqueo de desplazamiento habilitado\" width=\"450\" height=\"95\"><\/figure>\n<\/div>\n<p> Le ayuda a identificar el problema cuando las teclas de navegaci\u00f3n no funcionan en Excel.<\/p>\n<p class=\"tip-box\"> Scroll Lock es una opci\u00f3n para habilitar a nivel del sistema operativo, no solo en Excel. Pero a veces, cuando trabajas en Excel, se bloquea.<\/p>\n<div class=\"gb-container gb-container-4db6181c gb-container-mt\"> <a class=\"gb-button gb-button-c5897111 gb-button-text gb-button-mt-button\" href=\"https:\/\/exceladvisor.org\/es\/avance-de-excel\/\">Tutoriales avanzados de Excel<\/a><\/p>\n<h2 class=\"gb-headline gb-headline-665e5f6b gb-headline-text gb-headline-mt-heading\"> Tutoriales relacionados <\/h2>\n<div class=\"gb-grid-wrapper gb-grid-wrapper-a20baf7c gb-grid-wrapper-mt-grid\">\n<div class=\"gb-grid-column gb-grid-column-65ddf67e\">\n<div class=\"gb-container gb-container-65ddf67e\">\n<ul>\n<li> <a href=\"https:\/\/exceladvisor.org\/es\/justificar-completamente\/\">Llenar justificar en Excel<\/a><\/li>\n<li> <a href=\"https:\/\/exceladvisor.org\/es\/barra-de-formulas-de-excel\/\">Barra de f\u00f3rmulas en Excel (ocultar, mostrar y expandir)<\/a><\/li>\n<li> <a href=\"https:\/\/exceladvisor.org\/es\/agregar-un-encabezado-de-pie-de-pagina\/\">Agregar un encabezado y pie de p\u00e1gina en Excel<\/a><\/li>\n<li> <a href=\"https:\/\/exceladvisor.org\/es\/gobernante\/\">Mostrar regla en Excel<\/a><\/li>\n<li> <a href=\"https:\/\/exceladvisor.org\/es\/mango-de-llenado\/\">Controlador de relleno en Excel<\/a><\/li>\n<\/ul>\n<\/div>\n<\/div>\n<\/div>\n<\/div>\n","protected":false},"excerpt":{"rendered":"<p>Esto me sucede a menudo cuando intento navegar con la tecla de flecha del teclado, pero en lugar de navegar a la siguiente celda, mueve la ventana de Excel. Esto sucede en Excel Windows, pero no tanto en Mac. \u00bfCu\u00e1l es la raz\u00f3n? Bloqueo de desplazamiento C\u00f3mo arreglar las teclas de flecha en Excel (bloqueo [&hellip;]<\/p>\n","protected":false},"author":1,"featured_media":0,"parent":0,"menu_order":0,"comment_status":"open","ping_status":"closed","template":"","meta":{"ub_ctt_via":"","footnotes":""},"class_list":["post-628","page","type-page","status-publish","hentry"],"featured_image_src":null,"yoast_head":"<!-- This site is optimized with the Yoast SEO plugin v25.4 - https:\/\/yoast.com\/wordpress\/plugins\/seo\/ -->\n<title>\u00bfc\u00f3mo arreglar las teclas de flecha que no funcionan en excel?<\/title>\n<meta name=\"robots\" content=\"index, follow, max-snippet:-1, max-image-preview:large, max-video-preview:-1\" \/>\n<link rel=\"canonical\" href=\"https:\/\/exceladvisor.org\/es\/bloqueo-de-desplazamiento\/\" \/>\n<meta property=\"og:locale\" content=\"es_ES\" \/>\n<meta property=\"og:type\" content=\"article\" \/>\n<meta property=\"og:title\" content=\"\u00bfc\u00f3mo arreglar las teclas de flecha que no funcionan en excel?\" \/>\n<meta property=\"og:description\" content=\"Esto me sucede a menudo cuando intento navegar con la tecla de flecha del teclado, pero en lugar de navegar a la siguiente celda, mueve la ventana de Excel. Esto sucede en Excel Windows, pero no tanto en Mac. \u00bfCu\u00e1l es la raz\u00f3n? Bloqueo de desplazamiento C\u00f3mo arreglar las teclas de flecha en Excel (bloqueo [&hellip;]\" \/>\n<meta property=\"og:url\" content=\"https:\/\/exceladvisor.org\/es\/bloqueo-de-desplazamiento\/\" \/>\n<meta property=\"og:site_name\" content=\"Excel Advisor\" \/>\n<meta property=\"article:modified_time\" content=\"2023-12-25T10:23:34+00:00\" \/>\n<meta property=\"og:image\" content=\"https:\/\/exceladvisor.org\/wp-content\/uploads\/2023\/08\/1-fixer-les-touches-flechees.png\" \/>\n<meta name=\"twitter:card\" content=\"summary_large_image\" \/>\n<meta name=\"twitter:label1\" content=\"Tiempo de lectura\" \/>\n\t<meta name=\"twitter:data1\" content=\"2 minutos\" \/>\n<script type=\"application\/ld+json\" class=\"yoast-schema-graph\">{\"@context\":\"https:\/\/schema.org\",\"@graph\":[{\"@type\":\"WebPage\",\"@id\":\"https:\/\/exceladvisor.org\/es\/bloqueo-de-desplazamiento\/\",\"url\":\"https:\/\/exceladvisor.org\/es\/bloqueo-de-desplazamiento\/\",\"name\":\"\u00bfc\u00f3mo arreglar las teclas de flecha que no funcionan en excel?\",\"isPartOf\":{\"@id\":\"https:\/\/exceladvisor.org\/es\/#website\"},\"primaryImageOfPage\":{\"@id\":\"https:\/\/exceladvisor.org\/es\/bloqueo-de-desplazamiento\/#primaryimage\"},\"image\":{\"@id\":\"https:\/\/exceladvisor.org\/es\/bloqueo-de-desplazamiento\/#primaryimage\"},\"thumbnailUrl\":\"https:\/\/exceladvisor.org\/wp-content\/uploads\/2023\/08\/1-fixer-les-touches-flechees.png\",\"datePublished\":\"2023-10-17T17:18:59+00:00\",\"dateModified\":\"2023-12-25T10:23:34+00:00\",\"breadcrumb\":{\"@id\":\"https:\/\/exceladvisor.org\/es\/bloqueo-de-desplazamiento\/#breadcrumb\"},\"inLanguage\":\"es\",\"potentialAction\":[{\"@type\":\"ReadAction\",\"target\":[\"https:\/\/exceladvisor.org\/es\/bloqueo-de-desplazamiento\/\"]}]},{\"@type\":\"ImageObject\",\"inLanguage\":\"es\",\"@id\":\"https:\/\/exceladvisor.org\/es\/bloqueo-de-desplazamiento\/#primaryimage\",\"url\":\"https:\/\/exceladvisor.org\/wp-content\/uploads\/2023\/08\/1-fixer-les-touches-flechees.png\",\"contentUrl\":\"https:\/\/exceladvisor.org\/wp-content\/uploads\/2023\/08\/1-fixer-les-touches-flechees.png\"},{\"@type\":\"BreadcrumbList\",\"@id\":\"https:\/\/exceladvisor.org\/es\/bloqueo-de-desplazamiento\/#breadcrumb\",\"itemListElement\":[{\"@type\":\"ListItem\",\"position\":1,\"name\":\"Hogar\",\"item\":\"https:\/\/exceladvisor.org\/es\/\"},{\"@type\":\"ListItem\",\"position\":2,\"name\":\"\u00bfc\u00f3mo arreglar las teclas de flecha que no funcionan en excel?\"}]},{\"@type\":\"WebSite\",\"@id\":\"https:\/\/exceladvisor.org\/es\/#website\",\"url\":\"https:\/\/exceladvisor.org\/es\/\",\"name\":\"Excel Advisor\",\"description\":\"Su gu\u00eda para la dominaci\u00f3n de datos!\",\"publisher\":{\"@id\":\"https:\/\/exceladvisor.org\/es\/#organization\"},\"potentialAction\":[{\"@type\":\"SearchAction\",\"target\":{\"@type\":\"EntryPoint\",\"urlTemplate\":\"https:\/\/exceladvisor.org\/es\/?s={search_term_string}\"},\"query-input\":{\"@type\":\"PropertyValueSpecification\",\"valueRequired\":true,\"valueName\":\"search_term_string\"}}],\"inLanguage\":\"es\"},{\"@type\":\"Organization\",\"@id\":\"https:\/\/exceladvisor.org\/es\/#organization\",\"name\":\"Excel Advisor\",\"url\":\"https:\/\/exceladvisor.org\/es\/\",\"logo\":{\"@type\":\"ImageObject\",\"inLanguage\":\"es\",\"@id\":\"https:\/\/exceladvisor.org\/es\/#\/schema\/logo\/image\/\",\"url\":\"https:\/\/exceladvisor.org\/es\/wp-content\/uploads\/2023\/12\/exceladvisor.org_.png\",\"contentUrl\":\"https:\/\/exceladvisor.org\/es\/wp-content\/uploads\/2023\/12\/exceladvisor.org_.png\",\"width\":105,\"height\":36,\"caption\":\"Excel Advisor\"},\"image\":{\"@id\":\"https:\/\/exceladvisor.org\/es\/#\/schema\/logo\/image\/\"}}]}<\/script>\n<!-- \/ Yoast SEO plugin. -->","yoast_head_json":{"title":"\u00bfc\u00f3mo arreglar las teclas de flecha que no funcionan en excel?","robots":{"index":"index","follow":"follow","max-snippet":"max-snippet:-1","max-image-preview":"max-image-preview:large","max-video-preview":"max-video-preview:-1"},"canonical":"https:\/\/exceladvisor.org\/es\/bloqueo-de-desplazamiento\/","og_locale":"es_ES","og_type":"article","og_title":"\u00bfc\u00f3mo arreglar las teclas de flecha que no funcionan en excel?","og_description":"Esto me sucede a menudo cuando intento navegar con la tecla de flecha del teclado, pero en lugar de navegar a la siguiente celda, mueve la ventana de Excel. Esto sucede en Excel Windows, pero no tanto en Mac. \u00bfCu\u00e1l es la raz\u00f3n? Bloqueo de desplazamiento C\u00f3mo arreglar las teclas de flecha en Excel (bloqueo [&hellip;]","og_url":"https:\/\/exceladvisor.org\/es\/bloqueo-de-desplazamiento\/","og_site_name":"Excel Advisor","article_modified_time":"2023-12-25T10:23:34+00:00","og_image":[{"url":"https:\/\/exceladvisor.org\/wp-content\/uploads\/2023\/08\/1-fixer-les-touches-flechees.png","type":"","width":"","height":""}],"twitter_card":"summary_large_image","twitter_misc":{"Tiempo de lectura":"2 minutos"},"schema":{"@context":"https:\/\/schema.org","@graph":[{"@type":"WebPage","@id":"https:\/\/exceladvisor.org\/es\/bloqueo-de-desplazamiento\/","url":"https:\/\/exceladvisor.org\/es\/bloqueo-de-desplazamiento\/","name":"\u00bfc\u00f3mo arreglar las teclas de flecha que no funcionan en excel?","isPartOf":{"@id":"https:\/\/exceladvisor.org\/es\/#website"},"primaryImageOfPage":{"@id":"https:\/\/exceladvisor.org\/es\/bloqueo-de-desplazamiento\/#primaryimage"},"image":{"@id":"https:\/\/exceladvisor.org\/es\/bloqueo-de-desplazamiento\/#primaryimage"},"thumbnailUrl":"https:\/\/exceladvisor.org\/wp-content\/uploads\/2023\/08\/1-fixer-les-touches-flechees.png","datePublished":"2023-10-17T17:18:59+00:00","dateModified":"2023-12-25T10:23:34+00:00","breadcrumb":{"@id":"https:\/\/exceladvisor.org\/es\/bloqueo-de-desplazamiento\/#breadcrumb"},"inLanguage":"es","potentialAction":[{"@type":"ReadAction","target":["https:\/\/exceladvisor.org\/es\/bloqueo-de-desplazamiento\/"]}]},{"@type":"ImageObject","inLanguage":"es","@id":"https:\/\/exceladvisor.org\/es\/bloqueo-de-desplazamiento\/#primaryimage","url":"https:\/\/exceladvisor.org\/wp-content\/uploads\/2023\/08\/1-fixer-les-touches-flechees.png","contentUrl":"https:\/\/exceladvisor.org\/wp-content\/uploads\/2023\/08\/1-fixer-les-touches-flechees.png"},{"@type":"BreadcrumbList","@id":"https:\/\/exceladvisor.org\/es\/bloqueo-de-desplazamiento\/#breadcrumb","itemListElement":[{"@type":"ListItem","position":1,"name":"Hogar","item":"https:\/\/exceladvisor.org\/es\/"},{"@type":"ListItem","position":2,"name":"\u00bfc\u00f3mo arreglar las teclas de flecha que no funcionan en excel?"}]},{"@type":"WebSite","@id":"https:\/\/exceladvisor.org\/es\/#website","url":"https:\/\/exceladvisor.org\/es\/","name":"Excel Advisor","description":"Su gu\u00eda para la dominaci\u00f3n de datos!","publisher":{"@id":"https:\/\/exceladvisor.org\/es\/#organization"},"potentialAction":[{"@type":"SearchAction","target":{"@type":"EntryPoint","urlTemplate":"https:\/\/exceladvisor.org\/es\/?s={search_term_string}"},"query-input":{"@type":"PropertyValueSpecification","valueRequired":true,"valueName":"search_term_string"}}],"inLanguage":"es"},{"@type":"Organization","@id":"https:\/\/exceladvisor.org\/es\/#organization","name":"Excel Advisor","url":"https:\/\/exceladvisor.org\/es\/","logo":{"@type":"ImageObject","inLanguage":"es","@id":"https:\/\/exceladvisor.org\/es\/#\/schema\/logo\/image\/","url":"https:\/\/exceladvisor.org\/es\/wp-content\/uploads\/2023\/12\/exceladvisor.org_.png","contentUrl":"https:\/\/exceladvisor.org\/es\/wp-content\/uploads\/2023\/12\/exceladvisor.org_.png","width":105,"height":36,"caption":"Excel Advisor"},"image":{"@id":"https:\/\/exceladvisor.org\/es\/#\/schema\/logo\/image\/"}}]}},"yoast_meta":{"yoast_wpseo_title":"","yoast_wpseo_metadesc":"","yoast_wpseo_canonical":""},"_links":{"self":[{"href":"https:\/\/exceladvisor.org\/es\/wp-json\/wp\/v2\/pages\/628","targetHints":{"allow":["GET"]}}],"collection":[{"href":"https:\/\/exceladvisor.org\/es\/wp-json\/wp\/v2\/pages"}],"about":[{"href":"https:\/\/exceladvisor.org\/es\/wp-json\/wp\/v2\/types\/page"}],"author":[{"embeddable":true,"href":"https:\/\/exceladvisor.org\/es\/wp-json\/wp\/v2\/users\/1"}],"replies":[{"embeddable":true,"href":"https:\/\/exceladvisor.org\/es\/wp-json\/wp\/v2\/comments?post=628"}],"version-history":[{"count":1,"href":"https:\/\/exceladvisor.org\/es\/wp-json\/wp\/v2\/pages\/628\/revisions"}],"predecessor-version":[{"id":855,"href":"https:\/\/exceladvisor.org\/es\/wp-json\/wp\/v2\/pages\/628\/revisions\/855"}],"wp:attachment":[{"href":"https:\/\/exceladvisor.org\/es\/wp-json\/wp\/v2\/media?parent=628"}],"curies":[{"name":"wp","href":"https:\/\/api.w.org\/{rel}","templated":true}]}}