{"id":63,"date":"2023-11-17T14:13:09","date_gmt":"2023-11-17T14:13:09","guid":{"rendered":"https:\/\/exceladvisor.org\/es\/seleccionar-todo\/"},"modified":"2023-12-25T10:27:11","modified_gmt":"2023-12-25T10:27:11","slug":"seleccionar-todo","status":"publish","type":"page","link":"https:\/\/exceladvisor.org\/es\/seleccionar-todo\/","title":{"rendered":"\u00bfc\u00f3mo seleccionar todas las celdas usando c\u00f3digo vba?"},"content":{"rendered":"<div class=\"excel-antes-del-contenido\" id=\"excel-458594127\"><script type=\"text\/javascript\">\r\n\tatOptions = {\r\n\t\t'key' : 'c1158f160081d6540a8409e6925dab94',\r\n\t\t'format' : 'iframe',\r\n\t\t'height' : 250,\r\n\t\t'width' : 300,\r\n\t\t'params' : {}\r\n\t};\r\n<\/script>\r\n<script type=\"text\/javascript\" src=\"\/\/www.highperformanceformat.com\/c1158f160081d6540a8409e6925dab94\/invoke.js\"><\/script><\/div><p>En VBA, hay una propiedad llamada CELDAS que puedes usar para seleccionar todas las celdas que tienes en una hoja de trabajo.<\/p>\n<pre class=\"wp-block-code\"> <code class=\"language-visual-basic\" lang=\"visual-basic\">Cells.Select<\/code><\/pre>\n<h2 class=\"wp-block-heading\"> VBA para seleccionar todas las celdas<\/h2>\n<ol>\n<li> Primero, escriba la propiedad CELLS para hacer referencia a todas las celdas de la hoja de trabajo. <br \/><img loading=\"lazy\" decoding=\"async\" title=\"1-tipo-la-propiedad-de-las-celdas\" src=\"https:\/\/exceladvisor.org\/wp-content\/uploads\/2023\/08\/1-tapez-la-propriete-des-cellules.png\" sizes=\"auto, \" srcset=\"\" alt=\"type-the-cells-property\" width=\"360\" height=\"215\"><\/li>\n<li> Despu\u00e9s de eso, ingrese un punto (.).<\/li>\n<li> En este punto tendr\u00e1s una lista de m\u00e9todos y propiedades. <br \/><img loading=\"lazy\" decoding=\"async\" title=\"2-ingrese un punto\" src=\"https:\/\/exceladvisor.org\/wp-content\/uploads\/2023\/08\/2-entrez-un-point.png\" sizes=\"auto, \" srcset=\"\" alt=\"enter-a-dot\" width=\"391\" height=\"285\"><\/li>\n<li> De esta lista, seleccione \u00abSeleccionar\u00bb o escriba \u00abSeleccionar\u00bb. <br \/><img loading=\"lazy\" decoding=\"async\" title=\"3-en-lista-seleccionar-seleccionar-o-tipo-seleccionar\" src=\"https:\/\/exceladvisor.org\/wp-content\/uploads\/2023\/08\/3-dans-la-liste-selectionnez-selectionnez-ou-tapez-selectionnez.png\" sizes=\"auto, \" srcset=\"\" alt=\"from-list-select-select-or-type-select\" width=\"356\" height=\"221\"><\/li>\n<\/ol>\n<p> Una vez que haya seleccionado toda la hoja de trabajo, puede cambiar la fuente, borrar el contenido o hacer otras cosas.<\/p>\n<h2 class=\"wp-block-heading\"> Comentarios<\/h2>\n<ul>\n<li> La propiedad CELLS funciona de la misma manera que usa el <a href=\"https:\/\/exceladvisor.org\/es\/atajos-de-teclado\/\">m\u00e9todo abreviado de teclado Control+A<\/a> para seleccionar todas las celdas.<\/li>\n<li> Cuando ejecuta este c\u00f3digo VBA, selecciona todas las celdas incluso si la hoja est\u00e1 protegida y algunas celdas est\u00e1n bloqueadas.<\/li>\n<li> Tambi\u00e9n seleccionar\u00e1 celdas ocultas.<\/li>\n<\/ul>\n<h2 class=\"wp-block-heading\"> La hoja debe estar activada.<\/h2>\n<p> Ahora necesita entender una cosa aqu\u00ed: cuando selecciona todas las celdas de una hoja, esa <a href=\"https:\/\/exceladvisor.org\/es\/activar-hoja\/\">hoja debe estar habilitada<\/a> . En resumen, no puedes seleccionar celdas de una hoja que no est\u00e9 activada.<\/p>\n<p> Digamos que desea seleccionar todas las celdas en \u00abHoja1\u00bb. Si utiliza el tipo de c\u00f3digo siguiente, obtendr\u00e1 un error. Primero debes activar \u00abHoja1\u00bb, luego usar la propiedad \u00abCeldas\u00bb para seleccionar todas las celdas.<\/p>\n<pre class=\"wp-block-code\"> <code class=\"language-visual-basic\" lang=\"visual-basic\">Worksheets(\"Sheet1\").Activate Cells.Select<\/code><\/pre>\n<p> Ahora, cuando lo ejecute, primero activar\u00e1 la \u00abHoja1\u00bb y luego seleccionar\u00e1 todas las celdas. Esto le da una peque\u00f1a limitaci\u00f3n de que no puede seleccionar la hoja completa si esa hoja no est\u00e1 habilitada.<\/p>\n<p> Aqu\u00ed hay otra cosa que puedes hacer: puedes <a href=\"https:\/\/exceladvisor.org\/es\/agregar-una-nueva-hoja-1\/\">agregar una nueva hoja<\/a> y luego seleccionar todas las celdas.<\/p>\n<pre class=\"wp-block-code\"> <code class=\"language-visual-basic\" lang=\"visual-basic\">Sheets.Add.Name = \"mySheet\" Cells.Select<\/code><\/pre>\n<div class=\"gb-container gb-container-4db6181c gb-container-mt\"> <a class=\"gb-button gb-button-c5897111 gb-button-text gb-button-mt-button\" href=\"https:\/\/exceladvisor.org\/es\/vba\/\">\u00bfQu\u00e9 es VBA?<\/a><\/p>\n<h2 class=\"gb-headline gb-headline-665e5f6b gb-headline-text gb-headline-mt-heading\"> Tutoriales relacionados <\/h2>\n<div class=\"gb-grid-wrapper gb-grid-wrapper-a20baf7c gb-grid-wrapper-mt-grid\">\n<div class=\"gb-grid-column gb-grid-column-65ddf67e\">\n<div class=\"gb-container gb-container-65ddf67e\">\n<ul>\n<li> <a href=\"https:\/\/exceladvisor.org\/es\/insertar-una-linea-1\/\">Insertar una fila usando VBA en Excel<\/a><\/li>\n<li> <a href=\"https:\/\/exceladvisor.org\/es\/unir\/\">Fusionar celdas en Excel usando c\u00f3digo VBA<\/a><\/li>\n<li> Seleccione un rango\/celda usando VBA en Excel<\/li>\n<li> <a href=\"https:\/\/exceladvisor.org\/es\/celda-activa-1\/\">ActiveCell en VBA en Excel<\/a><\/li>\n<li> <a href=\"https:\/\/exceladvisor.org\/es\/celdas-especiales\/\">M\u00e9todo de celdas especiales en VBA en Excel<\/a> <\/li>\n<\/ul>\n<\/div>\n<\/div>\n<div class=\"gb-grid-column gb-grid-column-50067b57\">\n<div class=\"gb-container gb-container-50067b57\"><\/div>\n<\/div>\n<\/div>\n<\/div>\n","protected":false},"excerpt":{"rendered":"<p>En VBA, hay una propiedad llamada CELDAS que puedes usar para seleccionar todas las celdas que tienes en una hoja de trabajo. Cells.Select VBA para seleccionar todas las celdas Primero, escriba la propiedad CELLS para hacer referencia a todas las celdas de la hoja de trabajo. Despu\u00e9s de eso, ingrese un punto (.). En este [&hellip;]<\/p>\n","protected":false},"author":1,"featured_media":0,"parent":0,"menu_order":0,"comment_status":"open","ping_status":"closed","template":"","meta":{"ub_ctt_via":"","footnotes":""},"class_list":["post-63","page","type-page","status-publish","hentry"],"featured_image_src":null,"yoast_head":"<!-- This site is optimized with the Yoast SEO plugin v25.4 - https:\/\/yoast.com\/wordpress\/plugins\/seo\/ -->\n<title>\u00bfc\u00f3mo seleccionar todas las celdas usando c\u00f3digo vba?<\/title>\n<meta name=\"robots\" content=\"index, follow, max-snippet:-1, max-image-preview:large, max-video-preview:-1\" \/>\n<link rel=\"canonical\" href=\"https:\/\/exceladvisor.org\/es\/seleccionar-todo\/\" \/>\n<meta property=\"og:locale\" content=\"es_ES\" \/>\n<meta property=\"og:type\" content=\"article\" \/>\n<meta property=\"og:title\" content=\"\u00bfc\u00f3mo seleccionar todas las celdas usando c\u00f3digo vba?\" \/>\n<meta property=\"og:description\" content=\"En VBA, hay una propiedad llamada CELDAS que puedes usar para seleccionar todas las celdas que tienes en una hoja de trabajo. Cells.Select VBA para seleccionar todas las celdas Primero, escriba la propiedad CELLS para hacer referencia a todas las celdas de la hoja de trabajo. Despu\u00e9s de eso, ingrese un punto (.). En este [&hellip;]\" \/>\n<meta property=\"og:url\" content=\"https:\/\/exceladvisor.org\/es\/seleccionar-todo\/\" \/>\n<meta property=\"og:site_name\" content=\"Excel Advisor\" \/>\n<meta property=\"article:modified_time\" content=\"2023-12-25T10:27:11+00:00\" \/>\n<meta property=\"og:image\" content=\"https:\/\/exceladvisor.org\/wp-content\/uploads\/2023\/08\/1-tapez-la-propriete-des-cellules.png\" \/>\n<meta name=\"twitter:card\" content=\"summary_large_image\" \/>\n<meta name=\"twitter:label1\" content=\"Tiempo de lectura\" \/>\n\t<meta name=\"twitter:data1\" content=\"2 minutos\" \/>\n<script type=\"application\/ld+json\" class=\"yoast-schema-graph\">{\"@context\":\"https:\/\/schema.org\",\"@graph\":[{\"@type\":\"WebPage\",\"@id\":\"https:\/\/exceladvisor.org\/es\/seleccionar-todo\/\",\"url\":\"https:\/\/exceladvisor.org\/es\/seleccionar-todo\/\",\"name\":\"\u00bfc\u00f3mo seleccionar todas las celdas usando c\u00f3digo vba?\",\"isPartOf\":{\"@id\":\"https:\/\/exceladvisor.org\/es\/#website\"},\"primaryImageOfPage\":{\"@id\":\"https:\/\/exceladvisor.org\/es\/seleccionar-todo\/#primaryimage\"},\"image\":{\"@id\":\"https:\/\/exceladvisor.org\/es\/seleccionar-todo\/#primaryimage\"},\"thumbnailUrl\":\"https:\/\/exceladvisor.org\/wp-content\/uploads\/2023\/08\/1-tapez-la-propriete-des-cellules.png\",\"datePublished\":\"2023-11-17T14:13:09+00:00\",\"dateModified\":\"2023-12-25T10:27:11+00:00\",\"breadcrumb\":{\"@id\":\"https:\/\/exceladvisor.org\/es\/seleccionar-todo\/#breadcrumb\"},\"inLanguage\":\"es\",\"potentialAction\":[{\"@type\":\"ReadAction\",\"target\":[\"https:\/\/exceladvisor.org\/es\/seleccionar-todo\/\"]}]},{\"@type\":\"ImageObject\",\"inLanguage\":\"es\",\"@id\":\"https:\/\/exceladvisor.org\/es\/seleccionar-todo\/#primaryimage\",\"url\":\"https:\/\/exceladvisor.org\/wp-content\/uploads\/2023\/08\/1-tapez-la-propriete-des-cellules.png\",\"contentUrl\":\"https:\/\/exceladvisor.org\/wp-content\/uploads\/2023\/08\/1-tapez-la-propriete-des-cellules.png\"},{\"@type\":\"BreadcrumbList\",\"@id\":\"https:\/\/exceladvisor.org\/es\/seleccionar-todo\/#breadcrumb\",\"itemListElement\":[{\"@type\":\"ListItem\",\"position\":1,\"name\":\"Hogar\",\"item\":\"https:\/\/exceladvisor.org\/es\/\"},{\"@type\":\"ListItem\",\"position\":2,\"name\":\"\u00bfc\u00f3mo seleccionar todas las celdas usando c\u00f3digo vba?\"}]},{\"@type\":\"WebSite\",\"@id\":\"https:\/\/exceladvisor.org\/es\/#website\",\"url\":\"https:\/\/exceladvisor.org\/es\/\",\"name\":\"Excel Advisor\",\"description\":\"Su gu\u00eda para la dominaci\u00f3n de datos!\",\"publisher\":{\"@id\":\"https:\/\/exceladvisor.org\/es\/#organization\"},\"potentialAction\":[{\"@type\":\"SearchAction\",\"target\":{\"@type\":\"EntryPoint\",\"urlTemplate\":\"https:\/\/exceladvisor.org\/es\/?s={search_term_string}\"},\"query-input\":{\"@type\":\"PropertyValueSpecification\",\"valueRequired\":true,\"valueName\":\"search_term_string\"}}],\"inLanguage\":\"es\"},{\"@type\":\"Organization\",\"@id\":\"https:\/\/exceladvisor.org\/es\/#organization\",\"name\":\"Excel Advisor\",\"url\":\"https:\/\/exceladvisor.org\/es\/\",\"logo\":{\"@type\":\"ImageObject\",\"inLanguage\":\"es\",\"@id\":\"https:\/\/exceladvisor.org\/es\/#\/schema\/logo\/image\/\",\"url\":\"https:\/\/exceladvisor.org\/es\/wp-content\/uploads\/2023\/12\/exceladvisor.org_.png\",\"contentUrl\":\"https:\/\/exceladvisor.org\/es\/wp-content\/uploads\/2023\/12\/exceladvisor.org_.png\",\"width\":105,\"height\":36,\"caption\":\"Excel Advisor\"},\"image\":{\"@id\":\"https:\/\/exceladvisor.org\/es\/#\/schema\/logo\/image\/\"}}]}<\/script>\n<!-- \/ Yoast SEO plugin. -->","yoast_head_json":{"title":"\u00bfc\u00f3mo seleccionar todas las celdas usando c\u00f3digo vba?","robots":{"index":"index","follow":"follow","max-snippet":"max-snippet:-1","max-image-preview":"max-image-preview:large","max-video-preview":"max-video-preview:-1"},"canonical":"https:\/\/exceladvisor.org\/es\/seleccionar-todo\/","og_locale":"es_ES","og_type":"article","og_title":"\u00bfc\u00f3mo seleccionar todas las celdas usando c\u00f3digo vba?","og_description":"En VBA, hay una propiedad llamada CELDAS que puedes usar para seleccionar todas las celdas que tienes en una hoja de trabajo. Cells.Select VBA para seleccionar todas las celdas Primero, escriba la propiedad CELLS para hacer referencia a todas las celdas de la hoja de trabajo. Despu\u00e9s de eso, ingrese un punto (.). En este [&hellip;]","og_url":"https:\/\/exceladvisor.org\/es\/seleccionar-todo\/","og_site_name":"Excel Advisor","article_modified_time":"2023-12-25T10:27:11+00:00","og_image":[{"url":"https:\/\/exceladvisor.org\/wp-content\/uploads\/2023\/08\/1-tapez-la-propriete-des-cellules.png","type":"","width":"","height":""}],"twitter_card":"summary_large_image","twitter_misc":{"Tiempo de lectura":"2 minutos"},"schema":{"@context":"https:\/\/schema.org","@graph":[{"@type":"WebPage","@id":"https:\/\/exceladvisor.org\/es\/seleccionar-todo\/","url":"https:\/\/exceladvisor.org\/es\/seleccionar-todo\/","name":"\u00bfc\u00f3mo seleccionar todas las celdas usando c\u00f3digo vba?","isPartOf":{"@id":"https:\/\/exceladvisor.org\/es\/#website"},"primaryImageOfPage":{"@id":"https:\/\/exceladvisor.org\/es\/seleccionar-todo\/#primaryimage"},"image":{"@id":"https:\/\/exceladvisor.org\/es\/seleccionar-todo\/#primaryimage"},"thumbnailUrl":"https:\/\/exceladvisor.org\/wp-content\/uploads\/2023\/08\/1-tapez-la-propriete-des-cellules.png","datePublished":"2023-11-17T14:13:09+00:00","dateModified":"2023-12-25T10:27:11+00:00","breadcrumb":{"@id":"https:\/\/exceladvisor.org\/es\/seleccionar-todo\/#breadcrumb"},"inLanguage":"es","potentialAction":[{"@type":"ReadAction","target":["https:\/\/exceladvisor.org\/es\/seleccionar-todo\/"]}]},{"@type":"ImageObject","inLanguage":"es","@id":"https:\/\/exceladvisor.org\/es\/seleccionar-todo\/#primaryimage","url":"https:\/\/exceladvisor.org\/wp-content\/uploads\/2023\/08\/1-tapez-la-propriete-des-cellules.png","contentUrl":"https:\/\/exceladvisor.org\/wp-content\/uploads\/2023\/08\/1-tapez-la-propriete-des-cellules.png"},{"@type":"BreadcrumbList","@id":"https:\/\/exceladvisor.org\/es\/seleccionar-todo\/#breadcrumb","itemListElement":[{"@type":"ListItem","position":1,"name":"Hogar","item":"https:\/\/exceladvisor.org\/es\/"},{"@type":"ListItem","position":2,"name":"\u00bfc\u00f3mo seleccionar todas las celdas usando c\u00f3digo vba?"}]},{"@type":"WebSite","@id":"https:\/\/exceladvisor.org\/es\/#website","url":"https:\/\/exceladvisor.org\/es\/","name":"Excel Advisor","description":"Su gu\u00eda para la dominaci\u00f3n de datos!","publisher":{"@id":"https:\/\/exceladvisor.org\/es\/#organization"},"potentialAction":[{"@type":"SearchAction","target":{"@type":"EntryPoint","urlTemplate":"https:\/\/exceladvisor.org\/es\/?s={search_term_string}"},"query-input":{"@type":"PropertyValueSpecification","valueRequired":true,"valueName":"search_term_string"}}],"inLanguage":"es"},{"@type":"Organization","@id":"https:\/\/exceladvisor.org\/es\/#organization","name":"Excel Advisor","url":"https:\/\/exceladvisor.org\/es\/","logo":{"@type":"ImageObject","inLanguage":"es","@id":"https:\/\/exceladvisor.org\/es\/#\/schema\/logo\/image\/","url":"https:\/\/exceladvisor.org\/es\/wp-content\/uploads\/2023\/12\/exceladvisor.org_.png","contentUrl":"https:\/\/exceladvisor.org\/es\/wp-content\/uploads\/2023\/12\/exceladvisor.org_.png","width":105,"height":36,"caption":"Excel Advisor"},"image":{"@id":"https:\/\/exceladvisor.org\/es\/#\/schema\/logo\/image\/"}}]}},"yoast_meta":{"yoast_wpseo_title":"","yoast_wpseo_metadesc":"","yoast_wpseo_canonical":""},"_links":{"self":[{"href":"https:\/\/exceladvisor.org\/es\/wp-json\/wp\/v2\/pages\/63","targetHints":{"allow":["GET"]}}],"collection":[{"href":"https:\/\/exceladvisor.org\/es\/wp-json\/wp\/v2\/pages"}],"about":[{"href":"https:\/\/exceladvisor.org\/es\/wp-json\/wp\/v2\/types\/page"}],"author":[{"embeddable":true,"href":"https:\/\/exceladvisor.org\/es\/wp-json\/wp\/v2\/users\/1"}],"replies":[{"embeddable":true,"href":"https:\/\/exceladvisor.org\/es\/wp-json\/wp\/v2\/comments?post=63"}],"version-history":[{"count":1,"href":"https:\/\/exceladvisor.org\/es\/wp-json\/wp\/v2\/pages\/63\/revisions"}],"predecessor-version":[{"id":1185,"href":"https:\/\/exceladvisor.org\/es\/wp-json\/wp\/v2\/pages\/63\/revisions\/1185"}],"wp:attachment":[{"href":"https:\/\/exceladvisor.org\/es\/wp-json\/wp\/v2\/media?parent=63"}],"curies":[{"name":"wp","href":"https:\/\/api.w.org\/{rel}","templated":true}]}}