{"id":633,"date":"2023-10-16T03:28:30","date_gmt":"2023-10-16T03:28:30","guid":{"rendered":"https:\/\/exceladvisor.org\/es\/ajustar-texto\/"},"modified":"2023-12-25T10:23:21","modified_gmt":"2023-12-25T10:23:21","slug":"ajustar-texto","status":"publish","type":"page","link":"https:\/\/exceladvisor.org\/es\/ajustar-texto\/","title":{"rendered":"\u00bfc\u00f3mo ajustar texto en excel?"},"content":{"rendered":"<div class=\"excel-antes-del-contenido\" id=\"excel-2663543111\"><script type=\"text\/javascript\">\r\n\tatOptions = {\r\n\t\t'key' : 'c1158f160081d6540a8409e6925dab94',\r\n\t\t'format' : 'iframe',\r\n\t\t'height' : 250,\r\n\t\t'width' : 300,\r\n\t\t'params' : {}\r\n\t};\r\n<\/script>\r\n<script type=\"text\/javascript\" src=\"\/\/www.highperformanceformat.com\/c1158f160081d6540a8409e6925dab94\/invoke.js\"><\/script><\/div><p>Excel tiene el ancho y alto de celda predeterminados, por lo que cuando ingresa el texto largo en la celda, la parte de ese texto desborda las celdas o se vuelve invisible debido al mayor tama\u00f1o de ese texto.<\/p>\n<p> Para superar esto, Excel tiene la funci\u00f3n de ajuste de texto que convierte el texto en varias l\u00edneas en la celda para que se ajuste al texto de la celda. Esto convierte el texto en varias l\u00edneas y aumenta la altura de la celda para que se ajuste al texto en la celda. <\/p>\n<div class=\"wp-block-image\">\n<figure class=\"aligncenter size-full is-resized\"><img loading=\"lazy\" decoding=\"async\" class=\"wp-image-69497\" src=\"https:\/\/exceladvisor.org\/wp-content\/uploads\/2023\/08\/1-valeurs-reparties-sur-les-cellules.png\" sizes=\"auto, \" srcset=\"\" alt=\"valores-vertidos-en-las-celdas\" width=\"552\" height=\"216\"><\/figure>\n<\/div>\n<h2 class=\"wp-block-heading\"> Atajo de teclado para ajustar texto en Excel<\/h2>\n<p> El m\u00e9todo abreviado de teclado para ajustar texto es el siguiente:<\/p>\n<p> <kbd>Alt<\/kbd> \u2192 <kbd>H<\/kbd> \u2192 <kbd>W<\/kbd> <\/p>\n<div class=\"wp-block-image\">\n<figure class=\"aligncenter size-full is-resized\"><img loading=\"lazy\" decoding=\"async\" class=\"wp-image-69499\" src=\"https:\/\/exceladvisor.org\/wp-content\/uploads\/2023\/08\/2-raccourci-clavier-pour-envelopper-le-texte.png\" sizes=\"auto, \" srcset=\"\" alt=\"atajo de teclado para ajustar texto\" width=\"810\" height=\"318\"><\/figure>\n<\/div>\n<h2 class=\"wp-block-heading\"> Pasos para ajustar texto usando un atajo de teclado<\/h2>\n<ol>\n<li> Primero seleccione la celda, el rango de celdas o la columna completa. <br \/><img decoding=\"async\" title=\"Rango de 3 celdas seleccionadas\" src=\"https:\/\/exceladvisor.org\/wp-content\/uploads\/2023\/08\/3-selectionner-une-plage-de-cellules.png\" sizes=\"\" srcset=\"\" alt=\"select-cells-range\"><\/li>\n<li> Despu\u00e9s de eso, presione las teclas \u201cAlt \u2192 H \u2192 W\u201d y sus datos en las celdas se empaquetar\u00e1n. <br \/><img decoding=\"async\" title=\"texto envuelto en 4\" src=\"https:\/\/exceladvisor.org\/wp-content\/uploads\/2023\/08\/4-texte-enveloppe.png\" sizes=\"\" srcset=\"\" alt=\"wrapped-text\"><\/li>\n<\/ol>\n<p class=\"mynote\"> El ajuste de texto envuelve el texto aumentando la altura de la celda y el ancho de la celda permanece sin cambios. Entonces, cuando aumenta o disminuye el ancho de la celda, el ajuste del texto se ajusta autom\u00e1ticamente.<\/p>\n<div class=\"gb-container gb-container-2116538e gb-container-mt\"> <a class=\"gb-button gb-button-f7d2c131 gb-button-text gb-button-mt-button\" href=\"https:\/\/exceladvisor.org\/es\/atajos-de-teclado\/\">Atajos de teclado para PDF de Excel<\/a><\/p>\n<h2 class=\"gb-headline gb-headline-7ed68554 gb-headline-text gb-headline-mt-heading\"> M\u00e1s atajos <\/h2>\n<div class=\"gb-grid-wrapper gb-grid-wrapper-edeef538 gb-grid-wrapper-mt-grid\">\n<div class=\"gb-grid-column gb-grid-column-6ab6fbc6\">\n<div class=\"gb-container gb-container-6ab6fbc6\">\n<ul>\n<li> <a href=\"https:\/\/exceladvisor.org\/es\/opciones-de-celda-de-formato-abierto\/\">Opci\u00f3n para abrir celdas de formato.<\/a><\/li>\n<li> <a href=\"https:\/\/exceladvisor.org\/es\/ajuste-automatico\/\">Ajuste autom\u00e1tico<\/a><\/li>\n<li> <a href=\"https:\/\/exceladvisor.org\/es\/formato-pintor-1\/\">Formato pintor<\/a> <\/li>\n<\/ul>\n<\/div>\n<\/div>\n<div class=\"gb-grid-column gb-grid-column-766d598b\">\n<div class=\"gb-container gb-container-766d598b\">\n<ul>\n<li> <a href=\"https:\/\/exceladvisor.org\/es\/agregar-una-sangria\/\">Agregar una sangr\u00eda<\/a><\/li>\n<li> <a href=\"https:\/\/exceladvisor.org\/es\/aplicar-fronteras\/\">Aplicar borde<\/a><\/li>\n<li> <a href=\"https:\/\/exceladvisor.org\/es\/color-de-relleno\/\">Color de relleno<\/a><\/li>\n<\/ul>\n<\/div>\n<\/div>\n<\/div>\n<\/div>\n","protected":false},"excerpt":{"rendered":"<p>Excel tiene el ancho y alto de celda predeterminados, por lo que cuando ingresa el texto largo en la celda, la parte de ese texto desborda las celdas o se vuelve invisible debido al mayor tama\u00f1o de ese texto. Para superar esto, Excel tiene la funci\u00f3n de ajuste de texto que convierte el texto en [&hellip;]<\/p>\n","protected":false},"author":1,"featured_media":0,"parent":0,"menu_order":0,"comment_status":"open","ping_status":"closed","template":"","meta":{"ub_ctt_via":"","footnotes":""},"class_list":["post-633","page","type-page","status-publish","hentry"],"featured_image_src":null,"yoast_head":"<!-- This site is optimized with the Yoast SEO plugin v25.4 - https:\/\/yoast.com\/wordpress\/plugins\/seo\/ -->\n<title>\u00bfc\u00f3mo ajustar texto en excel?<\/title>\n<meta name=\"robots\" content=\"index, follow, max-snippet:-1, max-image-preview:large, max-video-preview:-1\" \/>\n<link rel=\"canonical\" href=\"https:\/\/exceladvisor.org\/es\/ajustar-texto\/\" \/>\n<meta property=\"og:locale\" content=\"es_ES\" \/>\n<meta property=\"og:type\" content=\"article\" \/>\n<meta property=\"og:title\" content=\"\u00bfc\u00f3mo ajustar texto en excel?\" \/>\n<meta property=\"og:description\" content=\"Excel tiene el ancho y alto de celda predeterminados, por lo que cuando ingresa el texto largo en la celda, la parte de ese texto desborda las celdas o se vuelve invisible debido al mayor tama\u00f1o de ese texto. Para superar esto, Excel tiene la funci\u00f3n de ajuste de texto que convierte el texto en [&hellip;]\" \/>\n<meta property=\"og:url\" content=\"https:\/\/exceladvisor.org\/es\/ajustar-texto\/\" \/>\n<meta property=\"og:site_name\" content=\"Excel Advisor\" \/>\n<meta property=\"article:modified_time\" content=\"2023-12-25T10:23:21+00:00\" \/>\n<meta property=\"og:image\" content=\"https:\/\/exceladvisor.org\/wp-content\/uploads\/2023\/08\/1-valeurs-reparties-sur-les-cellules.png\" \/>\n<meta name=\"twitter:card\" content=\"summary_large_image\" \/>\n<meta name=\"twitter:label1\" content=\"Tiempo de lectura\" \/>\n\t<meta name=\"twitter:data1\" content=\"1 minuto\" \/>\n<script type=\"application\/ld+json\" class=\"yoast-schema-graph\">{\"@context\":\"https:\/\/schema.org\",\"@graph\":[{\"@type\":\"WebPage\",\"@id\":\"https:\/\/exceladvisor.org\/es\/ajustar-texto\/\",\"url\":\"https:\/\/exceladvisor.org\/es\/ajustar-texto\/\",\"name\":\"\u00bfc\u00f3mo ajustar texto en excel?\",\"isPartOf\":{\"@id\":\"https:\/\/exceladvisor.org\/es\/#website\"},\"primaryImageOfPage\":{\"@id\":\"https:\/\/exceladvisor.org\/es\/ajustar-texto\/#primaryimage\"},\"image\":{\"@id\":\"https:\/\/exceladvisor.org\/es\/ajustar-texto\/#primaryimage\"},\"thumbnailUrl\":\"https:\/\/exceladvisor.org\/wp-content\/uploads\/2023\/08\/1-valeurs-reparties-sur-les-cellules.png\",\"datePublished\":\"2023-10-16T03:28:30+00:00\",\"dateModified\":\"2023-12-25T10:23:21+00:00\",\"breadcrumb\":{\"@id\":\"https:\/\/exceladvisor.org\/es\/ajustar-texto\/#breadcrumb\"},\"inLanguage\":\"es\",\"potentialAction\":[{\"@type\":\"ReadAction\",\"target\":[\"https:\/\/exceladvisor.org\/es\/ajustar-texto\/\"]}]},{\"@type\":\"ImageObject\",\"inLanguage\":\"es\",\"@id\":\"https:\/\/exceladvisor.org\/es\/ajustar-texto\/#primaryimage\",\"url\":\"https:\/\/exceladvisor.org\/wp-content\/uploads\/2023\/08\/1-valeurs-reparties-sur-les-cellules.png\",\"contentUrl\":\"https:\/\/exceladvisor.org\/wp-content\/uploads\/2023\/08\/1-valeurs-reparties-sur-les-cellules.png\"},{\"@type\":\"BreadcrumbList\",\"@id\":\"https:\/\/exceladvisor.org\/es\/ajustar-texto\/#breadcrumb\",\"itemListElement\":[{\"@type\":\"ListItem\",\"position\":1,\"name\":\"Hogar\",\"item\":\"https:\/\/exceladvisor.org\/es\/\"},{\"@type\":\"ListItem\",\"position\":2,\"name\":\"\u00bfc\u00f3mo ajustar texto en excel?\"}]},{\"@type\":\"WebSite\",\"@id\":\"https:\/\/exceladvisor.org\/es\/#website\",\"url\":\"https:\/\/exceladvisor.org\/es\/\",\"name\":\"Excel Advisor\",\"description\":\"Su gu\u00eda para la dominaci\u00f3n de datos!\",\"publisher\":{\"@id\":\"https:\/\/exceladvisor.org\/es\/#organization\"},\"potentialAction\":[{\"@type\":\"SearchAction\",\"target\":{\"@type\":\"EntryPoint\",\"urlTemplate\":\"https:\/\/exceladvisor.org\/es\/?s={search_term_string}\"},\"query-input\":{\"@type\":\"PropertyValueSpecification\",\"valueRequired\":true,\"valueName\":\"search_term_string\"}}],\"inLanguage\":\"es\"},{\"@type\":\"Organization\",\"@id\":\"https:\/\/exceladvisor.org\/es\/#organization\",\"name\":\"Excel Advisor\",\"url\":\"https:\/\/exceladvisor.org\/es\/\",\"logo\":{\"@type\":\"ImageObject\",\"inLanguage\":\"es\",\"@id\":\"https:\/\/exceladvisor.org\/es\/#\/schema\/logo\/image\/\",\"url\":\"https:\/\/exceladvisor.org\/es\/wp-content\/uploads\/2023\/12\/exceladvisor.org_.png\",\"contentUrl\":\"https:\/\/exceladvisor.org\/es\/wp-content\/uploads\/2023\/12\/exceladvisor.org_.png\",\"width\":105,\"height\":36,\"caption\":\"Excel Advisor\"},\"image\":{\"@id\":\"https:\/\/exceladvisor.org\/es\/#\/schema\/logo\/image\/\"}}]}<\/script>\n<!-- \/ Yoast SEO plugin. -->","yoast_head_json":{"title":"\u00bfc\u00f3mo ajustar texto en excel?","robots":{"index":"index","follow":"follow","max-snippet":"max-snippet:-1","max-image-preview":"max-image-preview:large","max-video-preview":"max-video-preview:-1"},"canonical":"https:\/\/exceladvisor.org\/es\/ajustar-texto\/","og_locale":"es_ES","og_type":"article","og_title":"\u00bfc\u00f3mo ajustar texto en excel?","og_description":"Excel tiene el ancho y alto de celda predeterminados, por lo que cuando ingresa el texto largo en la celda, la parte de ese texto desborda las celdas o se vuelve invisible debido al mayor tama\u00f1o de ese texto. Para superar esto, Excel tiene la funci\u00f3n de ajuste de texto que convierte el texto en [&hellip;]","og_url":"https:\/\/exceladvisor.org\/es\/ajustar-texto\/","og_site_name":"Excel Advisor","article_modified_time":"2023-12-25T10:23:21+00:00","og_image":[{"url":"https:\/\/exceladvisor.org\/wp-content\/uploads\/2023\/08\/1-valeurs-reparties-sur-les-cellules.png","type":"","width":"","height":""}],"twitter_card":"summary_large_image","twitter_misc":{"Tiempo de lectura":"1 minuto"},"schema":{"@context":"https:\/\/schema.org","@graph":[{"@type":"WebPage","@id":"https:\/\/exceladvisor.org\/es\/ajustar-texto\/","url":"https:\/\/exceladvisor.org\/es\/ajustar-texto\/","name":"\u00bfc\u00f3mo ajustar texto en excel?","isPartOf":{"@id":"https:\/\/exceladvisor.org\/es\/#website"},"primaryImageOfPage":{"@id":"https:\/\/exceladvisor.org\/es\/ajustar-texto\/#primaryimage"},"image":{"@id":"https:\/\/exceladvisor.org\/es\/ajustar-texto\/#primaryimage"},"thumbnailUrl":"https:\/\/exceladvisor.org\/wp-content\/uploads\/2023\/08\/1-valeurs-reparties-sur-les-cellules.png","datePublished":"2023-10-16T03:28:30+00:00","dateModified":"2023-12-25T10:23:21+00:00","breadcrumb":{"@id":"https:\/\/exceladvisor.org\/es\/ajustar-texto\/#breadcrumb"},"inLanguage":"es","potentialAction":[{"@type":"ReadAction","target":["https:\/\/exceladvisor.org\/es\/ajustar-texto\/"]}]},{"@type":"ImageObject","inLanguage":"es","@id":"https:\/\/exceladvisor.org\/es\/ajustar-texto\/#primaryimage","url":"https:\/\/exceladvisor.org\/wp-content\/uploads\/2023\/08\/1-valeurs-reparties-sur-les-cellules.png","contentUrl":"https:\/\/exceladvisor.org\/wp-content\/uploads\/2023\/08\/1-valeurs-reparties-sur-les-cellules.png"},{"@type":"BreadcrumbList","@id":"https:\/\/exceladvisor.org\/es\/ajustar-texto\/#breadcrumb","itemListElement":[{"@type":"ListItem","position":1,"name":"Hogar","item":"https:\/\/exceladvisor.org\/es\/"},{"@type":"ListItem","position":2,"name":"\u00bfc\u00f3mo ajustar texto en excel?"}]},{"@type":"WebSite","@id":"https:\/\/exceladvisor.org\/es\/#website","url":"https:\/\/exceladvisor.org\/es\/","name":"Excel Advisor","description":"Su gu\u00eda para la dominaci\u00f3n de datos!","publisher":{"@id":"https:\/\/exceladvisor.org\/es\/#organization"},"potentialAction":[{"@type":"SearchAction","target":{"@type":"EntryPoint","urlTemplate":"https:\/\/exceladvisor.org\/es\/?s={search_term_string}"},"query-input":{"@type":"PropertyValueSpecification","valueRequired":true,"valueName":"search_term_string"}}],"inLanguage":"es"},{"@type":"Organization","@id":"https:\/\/exceladvisor.org\/es\/#organization","name":"Excel Advisor","url":"https:\/\/exceladvisor.org\/es\/","logo":{"@type":"ImageObject","inLanguage":"es","@id":"https:\/\/exceladvisor.org\/es\/#\/schema\/logo\/image\/","url":"https:\/\/exceladvisor.org\/es\/wp-content\/uploads\/2023\/12\/exceladvisor.org_.png","contentUrl":"https:\/\/exceladvisor.org\/es\/wp-content\/uploads\/2023\/12\/exceladvisor.org_.png","width":105,"height":36,"caption":"Excel Advisor"},"image":{"@id":"https:\/\/exceladvisor.org\/es\/#\/schema\/logo\/image\/"}}]}},"yoast_meta":{"yoast_wpseo_title":"","yoast_wpseo_metadesc":"","yoast_wpseo_canonical":""},"_links":{"self":[{"href":"https:\/\/exceladvisor.org\/es\/wp-json\/wp\/v2\/pages\/633","targetHints":{"allow":["GET"]}}],"collection":[{"href":"https:\/\/exceladvisor.org\/es\/wp-json\/wp\/v2\/pages"}],"about":[{"href":"https:\/\/exceladvisor.org\/es\/wp-json\/wp\/v2\/types\/page"}],"author":[{"embeddable":true,"href":"https:\/\/exceladvisor.org\/es\/wp-json\/wp\/v2\/users\/1"}],"replies":[{"embeddable":true,"href":"https:\/\/exceladvisor.org\/es\/wp-json\/wp\/v2\/comments?post=633"}],"version-history":[{"count":1,"href":"https:\/\/exceladvisor.org\/es\/wp-json\/wp\/v2\/pages\/633\/revisions"}],"predecessor-version":[{"id":837,"href":"https:\/\/exceladvisor.org\/es\/wp-json\/wp\/v2\/pages\/633\/revisions\/837"}],"wp:attachment":[{"href":"https:\/\/exceladvisor.org\/es\/wp-json\/wp\/v2\/media?parent=633"}],"curies":[{"name":"wp","href":"https:\/\/api.w.org\/{rel}","templated":true}]}}