{"id":634,"date":"2023-10-15T17:12:29","date_gmt":"2023-10-15T17:12:29","guid":{"rendered":"https:\/\/exceladvisor.org\/es\/formulas-de-funciones\/"},"modified":"2023-12-25T10:28:09","modified_gmt":"2023-12-25T10:28:09","slug":"formulas-de-funciones","status":"publish","type":"page","link":"https:\/\/exceladvisor.org\/es\/formulas-de-funciones\/","title":{"rendered":"\u00bfc\u00f3mo utilizar funciones y f\u00f3rmulas en power query?"},"content":{"rendered":"<div class=\"excel-antes-del-contenido\" id=\"excel-3041787765\"><script type=\"text\/javascript\">\r\n\tatOptions = {\r\n\t\t'key' : 'c1158f160081d6540a8409e6925dab94',\r\n\t\t'format' : 'iframe',\r\n\t\t'height' : 250,\r\n\t\t'width' : 300,\r\n\t\t'params' : {}\r\n\t};\r\n<\/script>\r\n<script type=\"text\/javascript\" src=\"\/\/www.highperformanceformat.com\/c1158f160081d6540a8409e6925dab94\/invoke.js\"><\/script><\/div><p>En Power Query, puede usar funciones y f\u00f3rmulas casi como las usa en una hoja de c\u00e1lculo. Power Query tiene una larga lista de funciones y puede escribir f\u00f3rmulas utilizando diferentes funciones de c\u00e1lculo u operadores.<\/p>\n<p> Y en este tutorial entenderemos las funciones y f\u00f3rmulas en detalle.<\/p>\n<h2 class=\"wp-block-heading\"> Escribe tu primera f\u00f3rmula en Power Query<\/h2>\n<p> En Power Query, a diferencia de Excel, debes agregar una nueva columna para ingresar una f\u00f3rmula. Sin embargo, puedes ingresarlo en una sola celda. Entend\u00e1moslo con un ejemplo. A continuaci\u00f3n tenemos algunos valores en las columnas A y B. <\/p>\n<div class=\"wp-block-image\">\n<figure class=\"aligncenter size-full is-resized\"><img loading=\"lazy\" decoding=\"async\" class=\"wp-image-88811\" src=\"https:\/\/exceladvisor.org\/wp-content\/uploads\/2023\/08\/1-formule-dans-power-query.png\" sizes=\"auto, \" srcset=\"\" alt=\"consulta de f\u00f3rmula en poder\" width=\"185\" height=\"306\"><\/figure>\n<\/div>\n<p> Y ahora inserta una nueva columna con el total de ambas columnas. Para conseguirlo, puedes seguir los pasos a continuaci\u00f3n:<\/p>\n<ol>\n<li> Primero, cargue los datos en el potente editor de consultas (pesta\u00f1a Datos &gt; De otras fuentes &gt; De rango\/tabla). <br \/><img decoding=\"async\" style=\"height: 442px; width: 509px;\" title=\"2-carga-datos-en-consulta-de-energ\u00eda\" src=\"https:\/\/exceladvisor.org\/wp-content\/uploads\/2023\/08\/2-charger-les-donnees-dans-la-requete-de-puissance.png\" sizes=\"\" srcset=\"\" alt=\"load-data-into-power-query\"><\/li>\n<li> En el editor, debe ir a la pesta\u00f1a Agregar columna y hacer clic en el bot\u00f3n Columna personalizada para abrir el cuadro de di\u00e1logo. <br \/><img decoding=\"async\" style=\"height: 429px; width: 540px;\" title=\"3-botones-columna-personalizado\" src=\"https:\/\/exceladvisor.org\/wp-content\/uploads\/2023\/08\/3-bouton-de-colonne-personnalise.png\" sizes=\"\" srcset=\"\" alt=\"custom-column-button\"><\/li>\n<li> A partir de ah\u00ed, en el cuadro de di\u00e1logo, debes ingresar la f\u00f3rmula que deseas utilizar. El signo igual ya est\u00e1 ah\u00ed, por lo que no es necesario que lo escribas. <br \/><img decoding=\"async\" style=\"height: 304px; width: 797px;\" title=\"4-ingrese-la-f\u00f3rmula-en-el-cuadro-de-di\u00e1logo\" src=\"https:\/\/exceladvisor.org\/wp-content\/uploads\/2023\/08\/4-entrez-la-formule-dans-la-boite-de-dialogue.png\" sizes=\"\" srcset=\"\" alt=\"enter-the-formula-in-dialog-box\"><\/li>\n<li> A continuaci\u00f3n, debes escribir la f\u00f3rmula:\n<ul>\n<li> Haga clic en enero en las columnas disponibles para ingresarlo en la f\u00f3rmula.<\/li>\n<\/ul>\n<ul>\n<li> Ingrese el signo m\u00e1s (+).<\/li>\n<\/ul>\n<ul>\n<li> Haga clic en febrero en las columnas disponibles para ingresarlo en la f\u00f3rmula.<\/li>\n<\/ul>\n<ul>\n<li> Introduzca tambi\u00e9n un nombre para la columna. <\/li>\n<\/ul>\n<p><img decoding=\"async\" style=\"height: 404px; width: 665px;\" title=\"5-escribir-f\u00f3rmula-para-ingresar-con-nueva-columna-personalizada\" src=\"https:\/\/exceladvisor.org\/wp-content\/uploads\/2023\/08\/5-ecrire-une-formule-a-saisir-avec-une-nouvelle-colonne-personnalisee.png\" sizes=\"\" srcset=\"\" alt=\"write-formula-to-enter-with-new-custom-column\"><\/p>\n<\/li>\n<li> Al final, haga clic en Aceptar para ingresar la f\u00f3rmula con una nueva columna personalizada.<\/li>\n<\/ol>\n<p> En el momento en que presiona Enter, ingresa una nueva columna con la suma de las columnas A y B (enero y febrero). <\/p>\n<div class=\"wp-block-image\">\n<figure class=\"aligncenter size-full is-resized\"><img loading=\"lazy\" decoding=\"async\" class=\"wp-image-88816\" src=\"https:\/\/exceladvisor.org\/wp-content\/uploads\/2023\/08\/6-nouvelle-colonne-avec-les-resultats-de-la-formule.png\" sizes=\"auto, \" srcset=\"\" alt=\"nueva columna con resultados de f\u00f3rmula\" width=\"552\" height=\"306\"><\/figure>\n<\/div>\n<p> Al final, haga clic en el bot\u00f3n Cerrar y cargar en la pesta\u00f1a Inicio para cargar los datos en una nueva hoja de trabajo en Excel. <\/p>\n<div class=\"wp-block-image\">\n<figure class=\"aligncenter size-full is-resized\"><img loading=\"lazy\" decoding=\"async\" class=\"wp-image-88817\" src=\"https:\/\/exceladvisor.org\/wp-content\/uploads\/2023\/08\/7-cliquez-sur-fermer-et-charger.png\" sizes=\"auto, \" srcset=\"\" alt=\"haga clic en cerrar y cargar\" width=\"494\" height=\"156\"><\/figure>\n<\/div>\n<p> Y una vez que haga clic en \u00e9l, cerrar\u00e1 el potente editor de consultas y cargar\u00e1 los datos insertando una nueva hoja de trabajo. <\/p>\n<div class=\"wp-block-image\">\n<figure class=\"aligncenter size-full is-resized\"><img loading=\"lazy\" decoding=\"async\" class=\"wp-image-88818\" src=\"https:\/\/exceladvisor.org\/wp-content\/uploads\/2023\/08\/8-charge-les-donnees-en-inserant-une-nouvelle-feuille-de-calcul.png\" sizes=\"auto, \" srcset=\"\" alt=\"cargar-datos-insertando-nueva-hoja-de-trabajo\" width=\"435\" height=\"401\"><\/figure>\n<\/div>\n<p> Como consulta avanzada en tiempo real, obtiene todos los valores nuevos en esta tabla cuando ingresa nuevos valores en los datos de origen y actualiza la nueva tabla que recarg\u00f3 desde el editor de consultas avanzadas. As\u00ed incluso el c\u00e1lculo de los nuevos valores tambi\u00e9n se realizar\u00e1 durante la actualizaci\u00f3n.<\/p>\n<h2 class=\"wp-block-heading\"> Editar una f\u00f3rmula<\/h2>\n<p> Una vez que haya escrito una f\u00f3rmula en Power Query, podr\u00e1 editarla.<\/p>\n<ul>\n<li> Primero, seleccione una de las celdas de la nueva tabla y navegue hasta la pesta\u00f1a \u00abConsulta\u00bb en la cinta.<\/li>\n<li> Y luego, haga clic en el bot\u00f3n editar. <\/li>\n<\/ul>\n<div class=\"wp-block-image\">\n<figure class=\"aligncenter size-full is-resized\"><img loading=\"lazy\" decoding=\"async\" class=\"wp-image-88819\" src=\"https:\/\/exceladvisor.org\/wp-content\/uploads\/2023\/08\/9-modifier-une-formule-dans-power-query.png\" sizes=\"auto, \" srcset=\"\" alt=\"modificar-una-f\u00f3rmula-en-consulta-power\" width=\"473\" height=\"379\"><\/figure>\n<\/div>\n<p> Una vez que hace clic en el bot\u00f3n editar, se abre el Editor de Power Query. <\/p>\n<div class=\"wp-block-image\">\n<figure class=\"aligncenter size-full is-resized\"><img loading=\"lazy\" decoding=\"async\" class=\"wp-image-88820\" src=\"https:\/\/exceladvisor.org\/wp-content\/uploads\/2023\/08\/10-editeur-de-requete-de-puissance-ouvert.png\" sizes=\"auto, \" srcset=\"\" alt=\"editor de consultas de energ\u00eda abierto\" width=\"600\" height=\"377\"><\/figure>\n<\/div>\n<p> Desde aqu\u00ed, debe ir al lado derecho de la ventana donde se encuentran los \u00abPasos aplicados\u00bb.<\/p>\n<p> Y luego haga clic en \u00abAgregar personalizado\u00bb para abrir el cuadro de di\u00e1logo de la columna personalizada donde ingresa inicialmente la f\u00f3rmula. <\/p>\n<div class=\"wp-block-image\">\n<figure class=\"aligncenter size-full is-resized\"><img loading=\"lazy\" decoding=\"async\" class=\"wp-image-88821\" src=\"https:\/\/exceladvisor.org\/wp-content\/uploads\/2023\/08\/11-cliquez-sur-la-coutume-ajoutee.png\" sizes=\"auto, \" srcset=\"\" alt=\"hacer clic en agregado-personalizado\" width=\"242\" height=\"274\"><\/figure>\n<\/div>\n<p> Y desde el cuadro de di\u00e1logo podr\u00e1s editar y modificar la f\u00f3rmula que has escrito. <\/p>\n<div class=\"wp-block-image\">\n<figure class=\"aligncenter size-full is-resized\"><img loading=\"lazy\" decoding=\"async\" class=\"wp-image-88822\" src=\"https:\/\/exceladvisor.org\/wp-content\/uploads\/2023\/08\/12-modifier-ou-modifier-la-formule-existante.png\" sizes=\"auto, \" srcset=\"\" alt=\"modificar-o-cambiar-la-f\u00f3rmula-existente\" width=\"626\" height=\"238\"><\/figure>\n<\/div>\n<p> El uso de f\u00f3rmulas en Power Query es similar <a href=\"https:\/\/exceladvisor.org\/es\/formulas\/\">a las f\u00f3rmulas en Excel<\/a> ; s\u00f3lo necesita saber la funci\u00f3n u operador correcto a utilizar.<\/p>\n<p> En la siguiente parte de este tutorial, aprenderemos c\u00f3mo usar una funci\u00f3n para obtener el resultado deseado o generar un resultado espec\u00edfico con Power Query.<\/p>\n<h2 class=\"wp-block-heading\"> Usar funciones en Power Query<\/h2>\n<p> Al igual que Excel, Power Query tiene una larga lista de funciones que puede utilizar para c\u00e1lculos espec\u00edficos.<\/p>\n<p> Y m\u00e1s adelante en este tutorial, aprenderemos c\u00f3mo usar una funci\u00f3n para comprender c\u00f3mo insertarla usando una nueva columna personalizada, y <a href=\"https:\/\/learn.microsoft.com\/en-us\/powerquery-m\/power-query-m-function-reference\" target=\"_blank\" rel=\"noreferrer noopener nofollow\">aqu\u00ed est\u00e1 la lista<\/a> de funciones de Microsoft que puede consultar para encontrar la funci\u00f3n que necesita.<\/p>\n<p> En el siguiente ejemplo, tenemos una lista de fechas y ahora necesitamos obtener la \u00faltima fecha del mes al que pertenecen estos d\u00edas. Por ejemplo, si una fecha es del mes (mayo), necesitamos obtener la \u00faltima fecha de mayo. <\/p>\n<div class=\"wp-block-image\">\n<figure class=\"aligncenter size-full is-resized\"><img loading=\"lazy\" decoding=\"async\" class=\"wp-image-88823\" src=\"https:\/\/exceladvisor.org\/wp-content\/uploads\/2023\/08\/13-fonctions-dutilisation-dans-la-requete-de-puissance.png\" sizes=\"auto, \" srcset=\"\" alt=\"utilizar-funciones-en-consulta-de-poder\" width=\"152\" height=\"311\"><\/figure>\n<\/div>\n<p> Y para ello podemos utilizar la funci\u00f3n Date.EndOfMonth. En esta funci\u00f3n, solo tenemos un argumento para definir: <strong>dateTime<\/strong> .<\/p>\n<p> Una vez que haya cargado sus datos en el Editor de consultas avanzado, debe ir a la pesta\u00f1a Agregar columna y hacer clic en el bot\u00f3n Columna personalizada para abrir el cuadro de di\u00e1logo de la columna personalizada. <\/p>\n<div class=\"wp-block-image\">\n<figure class=\"aligncenter size-full is-resized\"><img loading=\"lazy\" decoding=\"async\" class=\"wp-image-88824\" src=\"https:\/\/exceladvisor.org\/wp-content\/uploads\/2023\/08\/14-ouvrir-une-boite-de-dialogue-personnalisee.png\" sizes=\"auto, \" srcset=\"\" alt=\"abrir cuadro de di\u00e1logo personalizado\" width=\"406\" height=\"150\"><\/figure>\n<\/div>\n<p> En el cuadro de di\u00e1logo, ingrese el nombre de la funci\u00f3n, Fecha.EndOfMonth. Instant\u00e1neamente, Intellisense mostrar\u00e1 una lista de funciones relacionadas cuando comience a escribir el nombre de la funci\u00f3n. <\/p>\n<div class=\"wp-block-image\">\n<figure class=\"aligncenter size-full is-resized\"><img loading=\"lazy\" decoding=\"async\" class=\"wp-image-88825\" src=\"https:\/\/exceladvisor.org\/wp-content\/uploads\/2023\/08\/15-dans-la-boite-de-dialogue-entrez-le-nom-de-la-fonction.png\" sizes=\"auto, \" srcset=\"\" alt=\"en el cuadro de di\u00e1logo ingrese el nombre de la funci\u00f3n\" width=\"566\" height=\"311\"><\/figure>\n<\/div>\n<p> Puedes introducir el nombre completo de la funci\u00f3n o hacer clic en el nombre que tienes en la lista. Despu\u00e9s de ingresar el nombre de la funci\u00f3n, debe ingresar un par\u00e9ntesis inicial y le mostrar\u00e1 los detalles de los argumentos que necesita especificar. <\/p>\n<div class=\"wp-block-image\">\n<figure class=\"aligncenter size-full is-resized\"><img loading=\"lazy\" decoding=\"async\" class=\"wp-image-88826\" src=\"https:\/\/exceladvisor.org\/wp-content\/uploads\/2023\/08\/16-entrez-une-parenthese-ouvrante-apres-le-nom-de-la-formule.png\" sizes=\"auto, \" srcset=\"\" alt=\"ingrese los par\u00e9ntesis iniciales despu\u00e9s del nombre de la f\u00f3rmula\" width=\"591\" height=\"233\"><\/figure>\n<\/div>\n<p> Como mencion\u00e9 antes, necesitamos especificar el argumento dateTime, que puede ser una fecha o un valor de fecha y hora. Y tenemos una lista de fechas en los datos cargados en la consulta de energ\u00eda.<\/p>\n<p> Por lo tanto, debe ingresar el nombre de la columna en el argumento de la funci\u00f3n. Y luego cierre la funci\u00f3n con los par\u00e9ntesis de cierre. <\/p>\n<div class=\"wp-block-image\">\n<figure class=\"aligncenter size-full is-resized\"><img loading=\"lazy\" decoding=\"async\" class=\"wp-image-88827\" src=\"https:\/\/exceladvisor.org\/wp-content\/uploads\/2023\/08\/17-nom-de-colonne-dans-largument-de-la-fonction.png\" sizes=\"auto, \" srcset=\"\" alt=\"nombre-columna-en-argumento-funci\u00f3n\" width=\"712\" height=\"257\"><\/figure>\n<\/div>\n<p> Antes de hacer clic en Aceptar, agregue un nombre para la nueva columna. <\/p>\n<div class=\"wp-block-image\">\n<figure class=\"aligncenter size-full is-resized\"><img loading=\"lazy\" decoding=\"async\" class=\"wp-image-88829\" src=\"https:\/\/exceladvisor.org\/wp-content\/uploads\/2023\/08\/18-ajouter-le-nom-de-la-nouvelle-colonne.png\" sizes=\"auto, \" srcset=\"\" alt=\"agregar-nuevo-nombre-de-columna\" width=\"696\" height=\"219\"><\/figure>\n<\/div>\n<p> Al final, haga clic en Aceptar para insertar la columna. Y una vez que hagas clic en Aceptar, se insertar\u00e1 una nueva columna con la \u00daltima fecha del mes seg\u00fan la fecha que tengas en la columna correspondiente. <\/p>\n<div class=\"wp-block-image\">\n<figure class=\"aligncenter size-full is-resized\"><img loading=\"lazy\" decoding=\"async\" class=\"wp-image-88830\" src=\"https:\/\/exceladvisor.org\/wp-content\/uploads\/2023\/08\/19-nouvelles-colonnes-avec-la-derniere-date-du-mois.png\" sizes=\"auto, \" srcset=\"\" alt=\"nueva columna con la \u00faltima fecha del mes\" width=\"431\" height=\"316\"><\/figure>\n<\/div>\n<p> Esta columna tambi\u00e9n tiene una hora con la fecha, por lo que debe cambiar el formato de la columna solo para la fecha. Haga clic en el men\u00fa desplegable \u00abTipo de datos\u00bb y seleccione \u00abFecha\u00bb para eso. <\/p>\n<div class=\"wp-block-image\">\n<figure class=\"aligncenter size-full is-resized\"><img loading=\"lazy\" decoding=\"async\" class=\"wp-image-88831\" src=\"https:\/\/exceladvisor.org\/wp-content\/uploads\/2023\/08\/20-a-partir-du-type-de-donnees-selectionner-la-date.png\" sizes=\"auto, \" srcset=\"\" alt=\"desde-tipo-de-datos-seleccionar-fecha\" width=\"626\" height=\"364\"><\/figure>\n<\/div>\n<p> Esto cambiar\u00e1 el formato de la columna a Fecha. Y puede ver que tenemos la \u00faltima fecha del mes seg\u00fan el mes que tiene en la primera columna. <\/p>\n<div class=\"wp-block-image\">\n<figure class=\"aligncenter size-full is-resized\"><img loading=\"lazy\" decoding=\"async\" class=\"wp-image-88832\" src=\"https:\/\/exceladvisor.org\/wp-content\/uploads\/2023\/08\/Format-21-colonnes-change-en-date.png\" sizes=\"auto, \" srcset=\"\" alt=\"formato-columna-cambiado-en-fecha\" width=\"390\" height=\"286\"><\/figure>\n<\/div>\n<h2 class=\"wp-block-heading\"> Usar funciones para c\u00e1lculos<\/h2>\n<p> En el ejemplo anterior, hemos utilizado una funci\u00f3n simple para que comprenda los pasos para usar cualquier funci\u00f3n en Power Query.<\/p>\n<p> Una vez que sepa qu\u00e9 funci\u00f3n usar para el c\u00e1lculo que necesita, puede insertar una columna personalizada e insertar la funci\u00f3n, luego especificar los argumentos requeridos.<\/p>\n<div class=\"gb-container gb-container-9e2850fe gb-container-mt\"> <a class=\"gb-button gb-button-71636faa gb-button-text gb-button-mt-button\" href=\"https:\/\/exceladvisor.org\/es\/solicitud-de-energia\/\">Consulta de energ\u00eda en Excel (Tutorial)<\/a><\/p>\n<h2 class=\"gb-headline gb-headline-c566b2ed gb-headline-text gb-headline-mt-heading\"> Tutoriales relacionados <\/h2>\n<div class=\"gb-grid-wrapper gb-grid-wrapper-b15ed1bf gb-grid-wrapper-mt-grid\">\n<div class=\"gb-grid-column gb-grid-column-6e9de105\">\n<div class=\"gb-container gb-container-6e9de105\">\n<ul>\n<li> Fusionar [Combinar] M\u00faltiples ARCHIVOS de Excel en UN CUADERNO<\/li>\n<li> <a href=\"https:\/\/exceladvisor.org\/es\/buscarv-2\/\">Realizar BUSCARV en Power Query en Excel<\/a><\/li>\n<li> <a href=\"https:\/\/exceladvisor.org\/es\/datos-sin-rotar\/\">Eliminar el pivote de datos en Excel usando Power Query<\/a><\/li>\n<li> <a href=\"https:\/\/exceladvisor.org\/es\/cadena\/\">Power Query: concatenar valores (texto y n\u00fameros)<\/a><\/li>\n<li> <a href=\"https:\/\/exceladvisor.org\/es\/diferencia-de-fechas\/\">Consulta de energ\u00eda: diferencia de fecha<\/a> <\/li>\n<\/ul>\n<\/div>\n<\/div>\n<div class=\"gb-grid-column gb-grid-column-4eaecde3\">\n<div class=\"gb-container gb-container-4eaecde3\"><\/div>\n<\/div>\n<\/div>\n<\/div>\n","protected":false},"excerpt":{"rendered":"<p>En Power Query, puede usar funciones y f\u00f3rmulas casi como las usa en una hoja de c\u00e1lculo. Power Query tiene una larga lista de funciones y puede escribir f\u00f3rmulas utilizando diferentes funciones de c\u00e1lculo u operadores. Y en este tutorial entenderemos las funciones y f\u00f3rmulas en detalle. Escribe tu primera f\u00f3rmula en Power Query En [&hellip;]<\/p>\n","protected":false},"author":1,"featured_media":0,"parent":0,"menu_order":0,"comment_status":"open","ping_status":"closed","template":"","meta":{"ub_ctt_via":"","footnotes":""},"class_list":["post-634","page","type-page","status-publish","hentry"],"featured_image_src":null,"yoast_head":"<!-- This site is optimized with the Yoast SEO plugin v25.4 - https:\/\/yoast.com\/wordpress\/plugins\/seo\/ -->\n<title>\u00bfc\u00f3mo utilizar funciones y f\u00f3rmulas en power query?<\/title>\n<meta name=\"robots\" content=\"index, follow, max-snippet:-1, max-image-preview:large, max-video-preview:-1\" \/>\n<link rel=\"canonical\" href=\"https:\/\/exceladvisor.org\/es\/formulas-de-funciones\/\" \/>\n<meta property=\"og:locale\" content=\"es_ES\" \/>\n<meta property=\"og:type\" content=\"article\" \/>\n<meta property=\"og:title\" content=\"\u00bfc\u00f3mo utilizar funciones y f\u00f3rmulas en power query?\" \/>\n<meta property=\"og:description\" content=\"En Power Query, puede usar funciones y f\u00f3rmulas casi como las usa en una hoja de c\u00e1lculo. Power Query tiene una larga lista de funciones y puede escribir f\u00f3rmulas utilizando diferentes funciones de c\u00e1lculo u operadores. Y en este tutorial entenderemos las funciones y f\u00f3rmulas en detalle. Escribe tu primera f\u00f3rmula en Power Query En [&hellip;]\" \/>\n<meta property=\"og:url\" content=\"https:\/\/exceladvisor.org\/es\/formulas-de-funciones\/\" \/>\n<meta property=\"og:site_name\" content=\"Excel Advisor\" \/>\n<meta property=\"article:modified_time\" content=\"2023-12-25T10:28:09+00:00\" \/>\n<meta property=\"og:image\" content=\"https:\/\/exceladvisor.org\/wp-content\/uploads\/2023\/08\/1-formule-dans-power-query.png\" \/>\n<meta name=\"twitter:card\" content=\"summary_large_image\" \/>\n<meta name=\"twitter:label1\" content=\"Tiempo de lectura\" \/>\n\t<meta name=\"twitter:data1\" content=\"6 minutos\" \/>\n<script type=\"application\/ld+json\" class=\"yoast-schema-graph\">{\"@context\":\"https:\/\/schema.org\",\"@graph\":[{\"@type\":\"WebPage\",\"@id\":\"https:\/\/exceladvisor.org\/es\/formulas-de-funciones\/\",\"url\":\"https:\/\/exceladvisor.org\/es\/formulas-de-funciones\/\",\"name\":\"\u00bfc\u00f3mo utilizar funciones y f\u00f3rmulas en power query?\",\"isPartOf\":{\"@id\":\"https:\/\/exceladvisor.org\/es\/#website\"},\"primaryImageOfPage\":{\"@id\":\"https:\/\/exceladvisor.org\/es\/formulas-de-funciones\/#primaryimage\"},\"image\":{\"@id\":\"https:\/\/exceladvisor.org\/es\/formulas-de-funciones\/#primaryimage\"},\"thumbnailUrl\":\"https:\/\/exceladvisor.org\/wp-content\/uploads\/2023\/08\/1-formule-dans-power-query.png\",\"datePublished\":\"2023-10-15T17:12:29+00:00\",\"dateModified\":\"2023-12-25T10:28:09+00:00\",\"breadcrumb\":{\"@id\":\"https:\/\/exceladvisor.org\/es\/formulas-de-funciones\/#breadcrumb\"},\"inLanguage\":\"es\",\"potentialAction\":[{\"@type\":\"ReadAction\",\"target\":[\"https:\/\/exceladvisor.org\/es\/formulas-de-funciones\/\"]}]},{\"@type\":\"ImageObject\",\"inLanguage\":\"es\",\"@id\":\"https:\/\/exceladvisor.org\/es\/formulas-de-funciones\/#primaryimage\",\"url\":\"https:\/\/exceladvisor.org\/wp-content\/uploads\/2023\/08\/1-formule-dans-power-query.png\",\"contentUrl\":\"https:\/\/exceladvisor.org\/wp-content\/uploads\/2023\/08\/1-formule-dans-power-query.png\"},{\"@type\":\"BreadcrumbList\",\"@id\":\"https:\/\/exceladvisor.org\/es\/formulas-de-funciones\/#breadcrumb\",\"itemListElement\":[{\"@type\":\"ListItem\",\"position\":1,\"name\":\"Hogar\",\"item\":\"https:\/\/exceladvisor.org\/es\/\"},{\"@type\":\"ListItem\",\"position\":2,\"name\":\"\u00bfc\u00f3mo utilizar funciones y f\u00f3rmulas en power query?\"}]},{\"@type\":\"WebSite\",\"@id\":\"https:\/\/exceladvisor.org\/es\/#website\",\"url\":\"https:\/\/exceladvisor.org\/es\/\",\"name\":\"Excel Advisor\",\"description\":\"Su gu\u00eda para la dominaci\u00f3n de datos!\",\"publisher\":{\"@id\":\"https:\/\/exceladvisor.org\/es\/#organization\"},\"potentialAction\":[{\"@type\":\"SearchAction\",\"target\":{\"@type\":\"EntryPoint\",\"urlTemplate\":\"https:\/\/exceladvisor.org\/es\/?s={search_term_string}\"},\"query-input\":{\"@type\":\"PropertyValueSpecification\",\"valueRequired\":true,\"valueName\":\"search_term_string\"}}],\"inLanguage\":\"es\"},{\"@type\":\"Organization\",\"@id\":\"https:\/\/exceladvisor.org\/es\/#organization\",\"name\":\"Excel Advisor\",\"url\":\"https:\/\/exceladvisor.org\/es\/\",\"logo\":{\"@type\":\"ImageObject\",\"inLanguage\":\"es\",\"@id\":\"https:\/\/exceladvisor.org\/es\/#\/schema\/logo\/image\/\",\"url\":\"https:\/\/exceladvisor.org\/es\/wp-content\/uploads\/2023\/12\/exceladvisor.org_.png\",\"contentUrl\":\"https:\/\/exceladvisor.org\/es\/wp-content\/uploads\/2023\/12\/exceladvisor.org_.png\",\"width\":105,\"height\":36,\"caption\":\"Excel Advisor\"},\"image\":{\"@id\":\"https:\/\/exceladvisor.org\/es\/#\/schema\/logo\/image\/\"}}]}<\/script>\n<!-- \/ Yoast SEO plugin. -->","yoast_head_json":{"title":"\u00bfc\u00f3mo utilizar funciones y f\u00f3rmulas en power query?","robots":{"index":"index","follow":"follow","max-snippet":"max-snippet:-1","max-image-preview":"max-image-preview:large","max-video-preview":"max-video-preview:-1"},"canonical":"https:\/\/exceladvisor.org\/es\/formulas-de-funciones\/","og_locale":"es_ES","og_type":"article","og_title":"\u00bfc\u00f3mo utilizar funciones y f\u00f3rmulas en power query?","og_description":"En Power Query, puede usar funciones y f\u00f3rmulas casi como las usa en una hoja de c\u00e1lculo. Power Query tiene una larga lista de funciones y puede escribir f\u00f3rmulas utilizando diferentes funciones de c\u00e1lculo u operadores. Y en este tutorial entenderemos las funciones y f\u00f3rmulas en detalle. Escribe tu primera f\u00f3rmula en Power Query En [&hellip;]","og_url":"https:\/\/exceladvisor.org\/es\/formulas-de-funciones\/","og_site_name":"Excel Advisor","article_modified_time":"2023-12-25T10:28:09+00:00","og_image":[{"url":"https:\/\/exceladvisor.org\/wp-content\/uploads\/2023\/08\/1-formule-dans-power-query.png","type":"","width":"","height":""}],"twitter_card":"summary_large_image","twitter_misc":{"Tiempo de lectura":"6 minutos"},"schema":{"@context":"https:\/\/schema.org","@graph":[{"@type":"WebPage","@id":"https:\/\/exceladvisor.org\/es\/formulas-de-funciones\/","url":"https:\/\/exceladvisor.org\/es\/formulas-de-funciones\/","name":"\u00bfc\u00f3mo utilizar funciones y f\u00f3rmulas en power query?","isPartOf":{"@id":"https:\/\/exceladvisor.org\/es\/#website"},"primaryImageOfPage":{"@id":"https:\/\/exceladvisor.org\/es\/formulas-de-funciones\/#primaryimage"},"image":{"@id":"https:\/\/exceladvisor.org\/es\/formulas-de-funciones\/#primaryimage"},"thumbnailUrl":"https:\/\/exceladvisor.org\/wp-content\/uploads\/2023\/08\/1-formule-dans-power-query.png","datePublished":"2023-10-15T17:12:29+00:00","dateModified":"2023-12-25T10:28:09+00:00","breadcrumb":{"@id":"https:\/\/exceladvisor.org\/es\/formulas-de-funciones\/#breadcrumb"},"inLanguage":"es","potentialAction":[{"@type":"ReadAction","target":["https:\/\/exceladvisor.org\/es\/formulas-de-funciones\/"]}]},{"@type":"ImageObject","inLanguage":"es","@id":"https:\/\/exceladvisor.org\/es\/formulas-de-funciones\/#primaryimage","url":"https:\/\/exceladvisor.org\/wp-content\/uploads\/2023\/08\/1-formule-dans-power-query.png","contentUrl":"https:\/\/exceladvisor.org\/wp-content\/uploads\/2023\/08\/1-formule-dans-power-query.png"},{"@type":"BreadcrumbList","@id":"https:\/\/exceladvisor.org\/es\/formulas-de-funciones\/#breadcrumb","itemListElement":[{"@type":"ListItem","position":1,"name":"Hogar","item":"https:\/\/exceladvisor.org\/es\/"},{"@type":"ListItem","position":2,"name":"\u00bfc\u00f3mo utilizar funciones y f\u00f3rmulas en power query?"}]},{"@type":"WebSite","@id":"https:\/\/exceladvisor.org\/es\/#website","url":"https:\/\/exceladvisor.org\/es\/","name":"Excel Advisor","description":"Su gu\u00eda para la dominaci\u00f3n de datos!","publisher":{"@id":"https:\/\/exceladvisor.org\/es\/#organization"},"potentialAction":[{"@type":"SearchAction","target":{"@type":"EntryPoint","urlTemplate":"https:\/\/exceladvisor.org\/es\/?s={search_term_string}"},"query-input":{"@type":"PropertyValueSpecification","valueRequired":true,"valueName":"search_term_string"}}],"inLanguage":"es"},{"@type":"Organization","@id":"https:\/\/exceladvisor.org\/es\/#organization","name":"Excel Advisor","url":"https:\/\/exceladvisor.org\/es\/","logo":{"@type":"ImageObject","inLanguage":"es","@id":"https:\/\/exceladvisor.org\/es\/#\/schema\/logo\/image\/","url":"https:\/\/exceladvisor.org\/es\/wp-content\/uploads\/2023\/12\/exceladvisor.org_.png","contentUrl":"https:\/\/exceladvisor.org\/es\/wp-content\/uploads\/2023\/12\/exceladvisor.org_.png","width":105,"height":36,"caption":"Excel Advisor"},"image":{"@id":"https:\/\/exceladvisor.org\/es\/#\/schema\/logo\/image\/"}}]}},"yoast_meta":{"yoast_wpseo_title":"","yoast_wpseo_metadesc":"","yoast_wpseo_canonical":""},"_links":{"self":[{"href":"https:\/\/exceladvisor.org\/es\/wp-json\/wp\/v2\/pages\/634","targetHints":{"allow":["GET"]}}],"collection":[{"href":"https:\/\/exceladvisor.org\/es\/wp-json\/wp\/v2\/pages"}],"about":[{"href":"https:\/\/exceladvisor.org\/es\/wp-json\/wp\/v2\/types\/page"}],"author":[{"embeddable":true,"href":"https:\/\/exceladvisor.org\/es\/wp-json\/wp\/v2\/users\/1"}],"replies":[{"embeddable":true,"href":"https:\/\/exceladvisor.org\/es\/wp-json\/wp\/v2\/comments?post=634"}],"version-history":[{"count":1,"href":"https:\/\/exceladvisor.org\/es\/wp-json\/wp\/v2\/pages\/634\/revisions"}],"predecessor-version":[{"id":1273,"href":"https:\/\/exceladvisor.org\/es\/wp-json\/wp\/v2\/pages\/634\/revisions\/1273"}],"wp:attachment":[{"href":"https:\/\/exceladvisor.org\/es\/wp-json\/wp\/v2\/media?parent=634"}],"curies":[{"name":"wp","href":"https:\/\/api.w.org\/{rel}","templated":true}]}}