{"id":635,"date":"2023-10-15T16:51:36","date_gmt":"2023-10-15T16:51:36","guid":{"rendered":"https:\/\/exceladvisor.org\/es\/diferencia-de-fechas\/"},"modified":"2023-12-25T10:26:22","modified_gmt":"2023-12-25T10:26:22","slug":"diferencia-de-fechas","status":"publish","type":"page","link":"https:\/\/exceladvisor.org\/es\/diferencia-de-fechas\/","title":{"rendered":"\u00bfc\u00f3mo obtener la diferencia de fechas en power query?"},"content":{"rendered":"<div class=\"excel-antes-del-contenido\" id=\"excel-4192025\"><script type=\"text\/javascript\">\r\n\tatOptions = {\r\n\t\t'key' : 'c1158f160081d6540a8409e6925dab94',\r\n\t\t'format' : 'iframe',\r\n\t\t'height' : 250,\r\n\t\t'width' : 300,\r\n\t\t'params' : {}\r\n\t};\r\n<\/script>\r\n<script type=\"text\/javascript\" src=\"\/\/www.highperformanceformat.com\/c1158f160081d6540a8409e6925dab94\/invoke.js\"><\/script><\/div><p>Con Power Query, puedes obtener la diferencia entre dos fechas en Excel. Y en este tutorial, aprenderemos esto en detalle. <\/p>\n<div class=\"wp-block-image\">\n<figure class=\"aligncenter size-full is-resized\"><img loading=\"lazy\" decoding=\"async\" class=\"wp-image-88797\" src=\"https:\/\/exceladvisor.org\/wp-content\/uploads\/2023\/08\/1-difference-entre-deux-dates-dans-la-requete-de-puissance.png\" sizes=\"auto, \" srcset=\"\" alt=\"consulta de diferencia-entre-dos-fechas-en-poder\" width=\"314\" height=\"97\"><\/figure>\n<\/div>\n<h2 class=\"wp-block-heading\"> Cuente los d\u00edas entre dos fechas.<\/h2>\n<ol>\n<li> Comience abriendo sus datos en el potente editor de consultas (pesta\u00f1a Datos &gt; Obtener datos &gt; De otras fuentes &gt; De tabla\/rango. <br \/><img loading=\"lazy\" decoding=\"async\" title=\"Cuenta-de-2-d\u00edas-entre-dos-d\u00edas\" src=\"https:\/\/exceladvisor.org\/wp-content\/uploads\/2023\/08\/2-compter-les-jours-entre-deux-jours.png\" sizes=\"auto, \" srcset=\"\" alt=\"count-days-between-two-days\" width=\"508\" height=\"434\"><\/li>\n<li> Despu\u00e9s de eso, vaya a Agregar columna &gt; Columna personalizada. <br \/><img loading=\"lazy\" decoding=\"async\" title=\"3-ir-a-agregar-columnas-y-luego-columnas-personalizadas\" src=\"https:\/\/exceladvisor.org\/wp-content\/uploads\/2023\/08\/3-allez-ajouter-des-colonnes-puis-des-colonnes-personnalisees.png\" sizes=\"auto, \" srcset=\"\" alt=\"go-to-add-columns-and-then-custom-columns\" width=\"600\" height=\"259\"><\/li>\n<li> Ahora, en el cuadro de di\u00e1logo Columna personalizada, asigne un nombre a la nueva columna personalizada e ingrese la f\u00f3rmula (Duraci\u00f3n.D\u00edas ([Fecha 2]-[Fecha 1])). <br \/><img loading=\"lazy\" decoding=\"async\" title=\"4-nombre-nueva-columna-personalizada-e-ingrese-f\u00f3rmula\" src=\"https:\/\/exceladvisor.org\/wp-content\/uploads\/2023\/08\/4-nommez-la-nouvelle-colonne-personnalisee-et-entrez-la-formule.png\" sizes=\"auto, \" srcset=\"\" alt=\"name-new-custom-column-and-enter-formula\" width=\"614\" height=\"384\"><\/li>\n<li> Al final, haga clic en Aceptar para insertar la nueva columna personalizada. <br \/><img loading=\"lazy\" decoding=\"async\" title=\"5 clics en Aceptar para insertar una nueva columna personalizada\" src=\"https:\/\/exceladvisor.org\/wp-content\/uploads\/2023\/08\/5-cliquez-sur-ok-pour-inserer-une-nouvelle-colonne-personnalisee.png\" sizes=\"auto, \" srcset=\"\" alt=\"click-ok-to-insert-new-custom-column\" width=\"561\" height=\"123\"><\/li>\n<\/ol>\n<p> En esta f\u00f3rmula, restamos la fecha 1 de la fecha 2 y luego usamos la funci\u00f3n Duraci\u00f3n.D\u00edas para obtener el n\u00famero de d\u00edas.<\/p>\n<p> Incluso usted puede obtener la cantidad de d\u00edas usando la funci\u00f3n Duraci\u00f3n.D\u00edas. Puede inferir la fecha 1 de la fecha 2, como en el siguiente ejemplo. <\/p>\n<div class=\"wp-block-image\">\n<figure class=\"aligncenter size-full is-resized\"><img loading=\"lazy\" decoding=\"async\" class=\"wp-image-88802\" src=\"https:\/\/exceladvisor.org\/wp-content\/uploads\/2023\/08\/6-deduire-date1-de-date2.png\" sizes=\"auto, \" srcset=\"\" alt=\"inferir-fecha1-desde-fecha2\" width=\"644\" height=\"237\"><\/figure>\n<\/div>\n<pre class=\"wp-block-preformatted\"> =[Date 2]-[Date 1]<\/pre>\n<p> Y una vez que haga clic en Aceptar, devolver\u00e1 un recuento en la nueva columna personalizada. Pero es necesario cambiar el formato de la columna a entero para eliminar el formato decimal. <\/p>\n<div class=\"wp-block-image\">\n<figure class=\"aligncenter size-full is-resized\"><img loading=\"lazy\" decoding=\"async\" class=\"wp-image-88803\" src=\"https:\/\/exceladvisor.org\/wp-content\/uploads\/2023\/08\/7-changer-le-format-de-la-colonne-en-nombre-entier.png\" sizes=\"auto, \" srcset=\"\" alt=\"cambiar-formato-de-columna-a-n\u00famero-entero\" width=\"700\" height=\"342\"><\/figure>\n<\/div>\n<h2 class=\"wp-block-heading\"> Diferencia de fecha con respecto a la fecha de hoy.<\/h2>\n<p> Y si desea obtener la diferencia utilizando la fecha de hoy, debe utilizar una f\u00f3rmula ligeramente diferente a la anterior. <\/p>\n<pre class=\"wp-block-preformatted\"> = DateTime.Date( DateTime.LocalNow() )-[Date 1] <\/pre>\n<div class=\"wp-block-image\">\n<figure class=\"aligncenter size-full is-resized\"><img loading=\"lazy\" decoding=\"async\" class=\"wp-image-88804\" src=\"https:\/\/exceladvisor.org\/wp-content\/uploads\/2023\/08\/8-difference-de-date-par-rapport-a-la-date-daujourdhui.png\" sizes=\"auto, \" srcset=\"\" alt=\"diferencia-de-fecha-por-fecha-de-hoy\" width=\"648\" height=\"345\"><\/figure>\n<\/div>\n<p> Esta f\u00f3rmula obtiene la fecha de hoy y deduce la fecha que usted especific\u00f3. Y una vez que hagas clic en Aceptar, se insertar\u00e1 una nueva columna con la diferencia entre las fechas. Y puedes cambiar la f\u00f3rmula de la columna de conteo de d\u00edas a un n\u00famero entero. <\/p>\n<div class=\"wp-block-image\">\n<figure class=\"aligncenter size-full is-resized\"><img loading=\"lazy\" decoding=\"async\" class=\"wp-image-88805\" src=\"https:\/\/exceladvisor.org\/wp-content\/uploads\/2023\/08\/9-nouvelle-colonne-avec-la-difference-entre-les-dates.png\" sizes=\"auto, \" srcset=\"\" alt=\"nueva-columna-con-diferencia-entre-fechas\" width=\"626\" height=\"324\"><\/figure>\n<\/div>\n<h2 class=\"wp-block-heading\"> Obtener el n\u00famero de meses entre fechas<\/h2>\n<p> Y a continuaci\u00f3n se muestra la f\u00f3rmula que puede utilizar para obtener la cantidad de meses entre dos d\u00edas.<\/p>\n<pre class=\"wp-block-preformatted\"> =((Date.Year([Date 2])-Date.Year([Date 1]))*12) + Date.Month([Date 2]) - Date.Month([Date 1])<\/pre>\n<p> Esta f\u00f3rmula devolver\u00e1 el n\u00famero total de meses completos entre dos fechas en el resultado. <\/p>\n<div class=\"wp-block-image\">\n<figure class=\"aligncenter size-full is-resized\"><img loading=\"lazy\" decoding=\"async\" class=\"wp-image-88806\" src=\"https:\/\/exceladvisor.org\/wp-content\/uploads\/2023\/08\/10-nombre-de-mois-entre-les-dates.png\" sizes=\"auto, \" srcset=\"\" alt=\"numero-de-meses-entre-fechas\" width=\"668\" height=\"415\"><\/figure>\n<\/div>\n<div class=\"gb-container gb-container-9e2850fe gb-container-mt\"> <a class=\"gb-button gb-button-71636faa gb-button-text gb-button-mt-button\" href=\"https:\/\/exceladvisor.org\/es\/solicitud-de-energia\/\">Consulta de energ\u00eda en Excel (Tutorial)<\/a><\/p>\n<h2 class=\"gb-headline gb-headline-c566b2ed gb-headline-text gb-headline-mt-heading\"> Tutoriales relacionados <\/h2>\n<div class=\"gb-grid-wrapper gb-grid-wrapper-b15ed1bf gb-grid-wrapper-mt-grid\">\n<div class=\"gb-grid-column gb-grid-column-6e9de105\">\n<div class=\"gb-container gb-container-6e9de105\">\n<ul>\n<li> Fusionar [Combinar] M\u00faltiples ARCHIVOS de Excel en UN CUADERNO<\/li>\n<li> <a href=\"https:\/\/exceladvisor.org\/es\/buscarv-2\/\">Realizar BUSCARV en Power Query en Excel<\/a><\/li>\n<li> <a href=\"https:\/\/exceladvisor.org\/es\/datos-sin-rotar\/\">Eliminar el pivote de datos en Excel usando Power Query<\/a><\/li>\n<li> <a href=\"https:\/\/exceladvisor.org\/es\/cadena\/\">Power Query: concatenar valores (texto y n\u00fameros)<\/a><\/li>\n<\/ul>\n<\/div>\n<\/div>\n<\/div>\n<\/div>\n","protected":false},"excerpt":{"rendered":"<p>Con Power Query, puedes obtener la diferencia entre dos fechas en Excel. Y en este tutorial, aprenderemos esto en detalle. Cuente los d\u00edas entre dos fechas. Comience abriendo sus datos en el potente editor de consultas (pesta\u00f1a Datos &gt; Obtener datos &gt; De otras fuentes &gt; De tabla\/rango. Despu\u00e9s de eso, vaya a Agregar columna [&hellip;]<\/p>\n","protected":false},"author":1,"featured_media":0,"parent":0,"menu_order":0,"comment_status":"open","ping_status":"closed","template":"","meta":{"ub_ctt_via":"","footnotes":""},"class_list":["post-635","page","type-page","status-publish","hentry"],"featured_image_src":null,"yoast_head":"<!-- This site is optimized with the Yoast SEO plugin v25.4 - https:\/\/yoast.com\/wordpress\/plugins\/seo\/ -->\n<title>\u00bfc\u00f3mo obtener la diferencia de fechas en power query?<\/title>\n<meta name=\"robots\" content=\"index, follow, max-snippet:-1, max-image-preview:large, max-video-preview:-1\" \/>\n<link rel=\"canonical\" href=\"https:\/\/exceladvisor.org\/es\/diferencia-de-fechas\/\" \/>\n<meta property=\"og:locale\" content=\"es_ES\" \/>\n<meta property=\"og:type\" content=\"article\" \/>\n<meta property=\"og:title\" content=\"\u00bfc\u00f3mo obtener la diferencia de fechas en power query?\" \/>\n<meta property=\"og:description\" content=\"Con Power Query, puedes obtener la diferencia entre dos fechas en Excel. Y en este tutorial, aprenderemos esto en detalle. Cuente los d\u00edas entre dos fechas. Comience abriendo sus datos en el potente editor de consultas (pesta\u00f1a Datos &gt; Obtener datos &gt; De otras fuentes &gt; De tabla\/rango. Despu\u00e9s de eso, vaya a Agregar columna [&hellip;]\" \/>\n<meta property=\"og:url\" content=\"https:\/\/exceladvisor.org\/es\/diferencia-de-fechas\/\" \/>\n<meta property=\"og:site_name\" content=\"Excel Advisor\" \/>\n<meta property=\"article:modified_time\" content=\"2023-12-25T10:26:22+00:00\" \/>\n<meta property=\"og:image\" content=\"https:\/\/exceladvisor.org\/wp-content\/uploads\/2023\/08\/1-difference-entre-deux-dates-dans-la-requete-de-puissance.png\" \/>\n<meta name=\"twitter:card\" content=\"summary_large_image\" \/>\n<meta name=\"twitter:label1\" content=\"Tiempo de lectura\" \/>\n\t<meta name=\"twitter:data1\" content=\"2 minutos\" \/>\n<script type=\"application\/ld+json\" class=\"yoast-schema-graph\">{\"@context\":\"https:\/\/schema.org\",\"@graph\":[{\"@type\":\"WebPage\",\"@id\":\"https:\/\/exceladvisor.org\/es\/diferencia-de-fechas\/\",\"url\":\"https:\/\/exceladvisor.org\/es\/diferencia-de-fechas\/\",\"name\":\"\u00bfc\u00f3mo obtener la diferencia de fechas en power query?\",\"isPartOf\":{\"@id\":\"https:\/\/exceladvisor.org\/es\/#website\"},\"primaryImageOfPage\":{\"@id\":\"https:\/\/exceladvisor.org\/es\/diferencia-de-fechas\/#primaryimage\"},\"image\":{\"@id\":\"https:\/\/exceladvisor.org\/es\/diferencia-de-fechas\/#primaryimage\"},\"thumbnailUrl\":\"https:\/\/exceladvisor.org\/wp-content\/uploads\/2023\/08\/1-difference-entre-deux-dates-dans-la-requete-de-puissance.png\",\"datePublished\":\"2023-10-15T16:51:36+00:00\",\"dateModified\":\"2023-12-25T10:26:22+00:00\",\"breadcrumb\":{\"@id\":\"https:\/\/exceladvisor.org\/es\/diferencia-de-fechas\/#breadcrumb\"},\"inLanguage\":\"es\",\"potentialAction\":[{\"@type\":\"ReadAction\",\"target\":[\"https:\/\/exceladvisor.org\/es\/diferencia-de-fechas\/\"]}]},{\"@type\":\"ImageObject\",\"inLanguage\":\"es\",\"@id\":\"https:\/\/exceladvisor.org\/es\/diferencia-de-fechas\/#primaryimage\",\"url\":\"https:\/\/exceladvisor.org\/wp-content\/uploads\/2023\/08\/1-difference-entre-deux-dates-dans-la-requete-de-puissance.png\",\"contentUrl\":\"https:\/\/exceladvisor.org\/wp-content\/uploads\/2023\/08\/1-difference-entre-deux-dates-dans-la-requete-de-puissance.png\"},{\"@type\":\"BreadcrumbList\",\"@id\":\"https:\/\/exceladvisor.org\/es\/diferencia-de-fechas\/#breadcrumb\",\"itemListElement\":[{\"@type\":\"ListItem\",\"position\":1,\"name\":\"Hogar\",\"item\":\"https:\/\/exceladvisor.org\/es\/\"},{\"@type\":\"ListItem\",\"position\":2,\"name\":\"\u00bfc\u00f3mo obtener la diferencia de fechas en power query?\"}]},{\"@type\":\"WebSite\",\"@id\":\"https:\/\/exceladvisor.org\/es\/#website\",\"url\":\"https:\/\/exceladvisor.org\/es\/\",\"name\":\"Excel Advisor\",\"description\":\"Su gu\u00eda para la dominaci\u00f3n de datos!\",\"publisher\":{\"@id\":\"https:\/\/exceladvisor.org\/es\/#organization\"},\"potentialAction\":[{\"@type\":\"SearchAction\",\"target\":{\"@type\":\"EntryPoint\",\"urlTemplate\":\"https:\/\/exceladvisor.org\/es\/?s={search_term_string}\"},\"query-input\":{\"@type\":\"PropertyValueSpecification\",\"valueRequired\":true,\"valueName\":\"search_term_string\"}}],\"inLanguage\":\"es\"},{\"@type\":\"Organization\",\"@id\":\"https:\/\/exceladvisor.org\/es\/#organization\",\"name\":\"Excel Advisor\",\"url\":\"https:\/\/exceladvisor.org\/es\/\",\"logo\":{\"@type\":\"ImageObject\",\"inLanguage\":\"es\",\"@id\":\"https:\/\/exceladvisor.org\/es\/#\/schema\/logo\/image\/\",\"url\":\"https:\/\/exceladvisor.org\/es\/wp-content\/uploads\/2023\/12\/exceladvisor.org_.png\",\"contentUrl\":\"https:\/\/exceladvisor.org\/es\/wp-content\/uploads\/2023\/12\/exceladvisor.org_.png\",\"width\":105,\"height\":36,\"caption\":\"Excel Advisor\"},\"image\":{\"@id\":\"https:\/\/exceladvisor.org\/es\/#\/schema\/logo\/image\/\"}}]}<\/script>\n<!-- \/ Yoast SEO plugin. -->","yoast_head_json":{"title":"\u00bfc\u00f3mo obtener la diferencia de fechas en power query?","robots":{"index":"index","follow":"follow","max-snippet":"max-snippet:-1","max-image-preview":"max-image-preview:large","max-video-preview":"max-video-preview:-1"},"canonical":"https:\/\/exceladvisor.org\/es\/diferencia-de-fechas\/","og_locale":"es_ES","og_type":"article","og_title":"\u00bfc\u00f3mo obtener la diferencia de fechas en power query?","og_description":"Con Power Query, puedes obtener la diferencia entre dos fechas en Excel. Y en este tutorial, aprenderemos esto en detalle. Cuente los d\u00edas entre dos fechas. Comience abriendo sus datos en el potente editor de consultas (pesta\u00f1a Datos &gt; Obtener datos &gt; De otras fuentes &gt; De tabla\/rango. Despu\u00e9s de eso, vaya a Agregar columna [&hellip;]","og_url":"https:\/\/exceladvisor.org\/es\/diferencia-de-fechas\/","og_site_name":"Excel Advisor","article_modified_time":"2023-12-25T10:26:22+00:00","og_image":[{"url":"https:\/\/exceladvisor.org\/wp-content\/uploads\/2023\/08\/1-difference-entre-deux-dates-dans-la-requete-de-puissance.png","type":"","width":"","height":""}],"twitter_card":"summary_large_image","twitter_misc":{"Tiempo de lectura":"2 minutos"},"schema":{"@context":"https:\/\/schema.org","@graph":[{"@type":"WebPage","@id":"https:\/\/exceladvisor.org\/es\/diferencia-de-fechas\/","url":"https:\/\/exceladvisor.org\/es\/diferencia-de-fechas\/","name":"\u00bfc\u00f3mo obtener la diferencia de fechas en power query?","isPartOf":{"@id":"https:\/\/exceladvisor.org\/es\/#website"},"primaryImageOfPage":{"@id":"https:\/\/exceladvisor.org\/es\/diferencia-de-fechas\/#primaryimage"},"image":{"@id":"https:\/\/exceladvisor.org\/es\/diferencia-de-fechas\/#primaryimage"},"thumbnailUrl":"https:\/\/exceladvisor.org\/wp-content\/uploads\/2023\/08\/1-difference-entre-deux-dates-dans-la-requete-de-puissance.png","datePublished":"2023-10-15T16:51:36+00:00","dateModified":"2023-12-25T10:26:22+00:00","breadcrumb":{"@id":"https:\/\/exceladvisor.org\/es\/diferencia-de-fechas\/#breadcrumb"},"inLanguage":"es","potentialAction":[{"@type":"ReadAction","target":["https:\/\/exceladvisor.org\/es\/diferencia-de-fechas\/"]}]},{"@type":"ImageObject","inLanguage":"es","@id":"https:\/\/exceladvisor.org\/es\/diferencia-de-fechas\/#primaryimage","url":"https:\/\/exceladvisor.org\/wp-content\/uploads\/2023\/08\/1-difference-entre-deux-dates-dans-la-requete-de-puissance.png","contentUrl":"https:\/\/exceladvisor.org\/wp-content\/uploads\/2023\/08\/1-difference-entre-deux-dates-dans-la-requete-de-puissance.png"},{"@type":"BreadcrumbList","@id":"https:\/\/exceladvisor.org\/es\/diferencia-de-fechas\/#breadcrumb","itemListElement":[{"@type":"ListItem","position":1,"name":"Hogar","item":"https:\/\/exceladvisor.org\/es\/"},{"@type":"ListItem","position":2,"name":"\u00bfc\u00f3mo obtener la diferencia de fechas en power query?"}]},{"@type":"WebSite","@id":"https:\/\/exceladvisor.org\/es\/#website","url":"https:\/\/exceladvisor.org\/es\/","name":"Excel Advisor","description":"Su gu\u00eda para la dominaci\u00f3n de datos!","publisher":{"@id":"https:\/\/exceladvisor.org\/es\/#organization"},"potentialAction":[{"@type":"SearchAction","target":{"@type":"EntryPoint","urlTemplate":"https:\/\/exceladvisor.org\/es\/?s={search_term_string}"},"query-input":{"@type":"PropertyValueSpecification","valueRequired":true,"valueName":"search_term_string"}}],"inLanguage":"es"},{"@type":"Organization","@id":"https:\/\/exceladvisor.org\/es\/#organization","name":"Excel Advisor","url":"https:\/\/exceladvisor.org\/es\/","logo":{"@type":"ImageObject","inLanguage":"es","@id":"https:\/\/exceladvisor.org\/es\/#\/schema\/logo\/image\/","url":"https:\/\/exceladvisor.org\/es\/wp-content\/uploads\/2023\/12\/exceladvisor.org_.png","contentUrl":"https:\/\/exceladvisor.org\/es\/wp-content\/uploads\/2023\/12\/exceladvisor.org_.png","width":105,"height":36,"caption":"Excel Advisor"},"image":{"@id":"https:\/\/exceladvisor.org\/es\/#\/schema\/logo\/image\/"}}]}},"yoast_meta":{"yoast_wpseo_title":"","yoast_wpseo_metadesc":"","yoast_wpseo_canonical":""},"_links":{"self":[{"href":"https:\/\/exceladvisor.org\/es\/wp-json\/wp\/v2\/pages\/635","targetHints":{"allow":["GET"]}}],"collection":[{"href":"https:\/\/exceladvisor.org\/es\/wp-json\/wp\/v2\/pages"}],"about":[{"href":"https:\/\/exceladvisor.org\/es\/wp-json\/wp\/v2\/types\/page"}],"author":[{"embeddable":true,"href":"https:\/\/exceladvisor.org\/es\/wp-json\/wp\/v2\/users\/1"}],"replies":[{"embeddable":true,"href":"https:\/\/exceladvisor.org\/es\/wp-json\/wp\/v2\/comments?post=635"}],"version-history":[{"count":1,"href":"https:\/\/exceladvisor.org\/es\/wp-json\/wp\/v2\/pages\/635\/revisions"}],"predecessor-version":[{"id":1136,"href":"https:\/\/exceladvisor.org\/es\/wp-json\/wp\/v2\/pages\/635\/revisions\/1136"}],"wp:attachment":[{"href":"https:\/\/exceladvisor.org\/es\/wp-json\/wp\/v2\/media?parent=635"}],"curies":[{"name":"wp","href":"https:\/\/api.w.org\/{rel}","templated":true}]}}