{"id":639,"date":"2023-10-15T13:31:10","date_gmt":"2023-10-15T13:31:10","guid":{"rendered":"https:\/\/exceladvisor.org\/es\/excel-funciones-financieras\/"},"modified":"2023-12-25T10:33:16","modified_gmt":"2023-12-25T10:33:16","slug":"excel-funciones-financieras","status":"publish","type":"page","link":"https:\/\/exceladvisor.org\/es\/excel-funciones-financieras\/","title":{"rendered":"Funciones financieras de excel (con ejemplos)"},"content":{"rendered":"<div class=\"excel-antes-del-contenido\" id=\"excel-3210630612\"><script type=\"text\/javascript\">\r\n\tatOptions = {\r\n\t\t'key' : 'c1158f160081d6540a8409e6925dab94',\r\n\t\t'format' : 'iframe',\r\n\t\t'height' : 250,\r\n\t\t'width' : 300,\r\n\t\t'params' : {}\r\n\t};\r\n<\/script>\r\n<script type=\"text\/javascript\" src=\"\/\/www.highperformanceformat.com\/c1158f160081d6540a8409e6925dab94\/invoke.js\"><\/script><\/div><p><strong><em><a href=\"https:\/\/exceladvisor.org\/wp-content\/uploads\/2023\/08\/excel_financial_functions_sample_files.zip\" target=\"_blank\" rel=\"noreferrer noopener nofollow\">archivos de muestra<\/a><\/em><\/strong> <\/p>\n<div class=\"wp-block-group groupx is-layout-constrained\">\n<div class=\"wp-block-group__inner-container\">\n<h2 class=\"wp-block-heading\"> 1. Funci\u00f3n VF<\/h2>\n<p> La funci\u00f3n FV devuelve el valor futuro de una inversi\u00f3n utilizando pagos constantes y una tasa de inter\u00e9s constante. En t\u00e9rminos simples, devolver\u00e1 el valor futuro de una inversi\u00f3n en la que tendr\u00e1 pagos constantes y una tasa de inter\u00e9s constante durante todo el per\u00edodo de inversi\u00f3n.<\/p>\n<h3 class=\"wp-block-heading\"> <strong>Sintaxis<\/strong><\/h3>\n<p> <em>FV(tasa,nper,pmt,[pv],[tipo])<\/em><\/p>\n<h3 class=\"wp-block-heading\"> <strong>Argumentos<\/strong><\/h3>\n<ul>\n<li> <strong>tasa:<\/strong> una tasa de inter\u00e9s constante que desea utilizar en el c\u00e1lculo.<\/li>\n<li> <strong>nper:<\/strong> n\u00famero de pagos.<\/li>\n<li> <strong>pmt:<\/strong> monto de pago constante que se pagar\u00e1 peri\u00f3dicamente durante toda la vida de la inversi\u00f3n.<\/li>\n<li> <strong>[pv]:<\/strong> El valor presente de los pagos futuros. Debe ingresarse como un valor negativo. 0 si se omite.<\/li>\n<li> <strong>[tipo]:<\/strong> un n\u00famero para especificar cu\u00e1ndo vence el pago. 0 = al final del per\u00edodo, 1 = al inicio del per\u00edodo.<\/li>\n<\/ul>\n<h3 class=\"wp-block-heading\"> <strong>Comentarios<\/strong><\/h3>\n<ul>\n<li> Si pmt es el dinero que usted pag\u00f3 (es decir, dep\u00f3sitos de ahorro, etc.), el valor debe ser negativo; y si es dinero recibido (ingresos, dividendos), el valor debe ser positivo.<\/li>\n<li> Aseg\u00farese de tener una tasa y un n\u00famero de pagos especificados de forma coherente. Si la tasa es anual, tambi\u00e9n debe especificar los per\u00edodos de pago anualmente y si desea especificar los pagos mensualmente, debe convertir la tasa de inter\u00e9s a mensual dividi\u00e9ndola por 12. Lo mismo para una tasa trimestral. y semestral.<\/li>\n<\/ul>\n<h3 class=\"wp-block-heading\"> Ejemplo<\/h3>\n<p> En el siguiente ejemplo, utilizamos una tasa de inter\u00e9s del 10 %, 5 pagos anuales, un monto de pago de $1,000, ning\u00fan monto de VP y tipo de pago al inicio del per\u00edodo. Y la funci\u00f3n ha devuelto 6716 en el resultado. <\/p>\n<div class=\"wp-block-image\">\n<figure class=\"aligncenter size-large is-resized\"><img loading=\"lazy\" decoding=\"async\" class=\"wp-image-36926\" src=\"https:\/\/exceladvisor.org\/wp-content\/uploads\/2023\/08\/exemple-de-fonction-fv-excel-1.png\" sizes=\"auto, \" srcset=\"\" alt=\"excel-fv-funci\u00f3n-ejemplo-1\" width=\"473\" height=\"238\"><\/figure>\n<\/div>\n<p> Perm\u00edtanme explicarles el fen\u00f3meno detr\u00e1s de FV.<\/p>\n<p> Al comienzo de cada per\u00edodo, calcular\u00e1 el inter\u00e9s del pago y transferir\u00e1 este monto (importe real + intereses) al siguiente per\u00edodo. Y en el pr\u00f3ximo periodo se har\u00e1 el mismo c\u00e1lculo y as\u00ed sucesivamente.<\/p>\n<p> La mejor parte de FV es que puede hacer este c\u00e1lculo paso a paso en una sola celda. En el siguiente ejemplo, utilizamos pagos mensuales. <\/p>\n<div class=\"wp-block-image\">\n<figure class=\"aligncenter size-large is-resized\"><img loading=\"lazy\" decoding=\"async\" class=\"wp-image-36928\" src=\"https:\/\/exceladvisor.org\/wp-content\/uploads\/2023\/08\/exemple-de-fonction-fv-excel-2.png\" sizes=\"auto, \" srcset=\"\" alt=\"excel-fv-funci\u00f3n-ejemplo-2\" width=\"572\" height=\"181\"><\/figure>\n<\/div>\n<p> Para ello, convertimos la tasa de inter\u00e9s anual a un mes dividi\u00e9ndola entre 12 y 60 meses en lugar de 5 a\u00f1os y luego especificamos 10000 para el pago. Tambi\u00e9n puedes <a href=\"https:\/\/exceladvisor.org\/es\/interes-compuesto\/\">calcular el inter\u00e9s compuesto<\/a> con FV. <\/p>\n<\/div>\n<\/div>\n<div class=\"wp-block-group groupx is-layout-constrained\">\n<div class=\"wp-block-group__inner-container\">\n<h2 class=\"wp-block-heading\"> 2.EMP<\/h2>\n<p> La funci\u00f3n PMT devuelve un pago peri\u00f3dico del pr\u00e9stamo que debes pagar. En t\u00e9rminos simples, calcula el reembolso del pr\u00e9stamo en base a pagos mensuales fijos y una tasa de inter\u00e9s constante (pago del pr\u00e9stamo basado en pagos mensuales fijos y una tasa de inter\u00e9s constante).<\/p>\n<h3 class=\"wp-block-heading\"> <strong>Sintaxis<\/strong><\/h3>\n<p> <em>PAGO(tasa, nper, pv, [fv], [tipo])<\/em><\/p>\n<h3 class=\"wp-block-heading\"> <strong>Argumentos<\/strong><\/h3>\n<ul>\n<li> <strong>tasa:<\/strong> La tasa de inter\u00e9s del pr\u00e9stamo. Esta tasa de inter\u00e9s debe ser constante.<\/li>\n<li> <strong>nper:<\/strong> el n\u00famero total de pagos.<\/li>\n<li> <strong>pv:<\/strong> El valor actual o monto total del pr\u00e9stamo.<\/li>\n<li> <strong>[fv]:<\/strong> El valor futuro o saldo de efectivo que desea despu\u00e9s del \u00faltimo pago. El valor predeterminado es 0.<\/li>\n<li> <strong>[tipo]:<\/strong> Utilice 0 o 1 para especificar la fecha de vencimiento del pago. Puede utilizar 0 cuando el pago vence al final de cada pago o 1 si el pago vence al comienzo de cada per\u00edodo. Si no especifica el tipo, se asumir\u00e1 0.<\/li>\n<\/ul>\n<h3 class=\"wp-block-heading\"> <strong>Comentarios<\/strong><\/h3>\n<ul>\n<li> El monto de devoluci\u00f3n del pago del PMT solo incluye pagos e intereses, pero no incluye impuestos ni otros cargos relacionados con el pr\u00e9stamo.<\/li>\n<li> Debe estar seguro al especificar el valor de los argumentos rate y nper. Si desea realizar pagos mensuales de un pr\u00e9stamo a cinco a\u00f1os a una tasa de inter\u00e9s anual del 8%, utilice 8%\/12 para la tasa y 5*12 para nper. Para pagos anuales de un mismo pr\u00e9stamo, utilice 8% para la tasa y 5 para la nper.<\/li>\n<\/ul>\n<h3 class=\"wp-block-heading\"> Ejemplo<\/h3>\n<p> Supongamos que desea obtener una hipoteca a 20 a\u00f1os por 250.000 d\u00f3lares, suponiendo una tasa de inter\u00e9s del 2,5%. Ahora aqu\u00ed podemos usar PMT para calcular sus pagos mensuales. <\/p>\n<div class=\"wp-block-image\">\n<figure class=\"aligncenter size-large is-resized\"><img loading=\"lazy\" decoding=\"async\" class=\"wp-image-37227\" src=\"https:\/\/exceladvisor.org\/wp-content\/uploads\/2023\/08\/exemple-de-fonction-excel-pmt-1.png\" sizes=\"auto, \" srcset=\"\" alt=\"excel-pmt-funci\u00f3n-ejemplo-1\" width=\"485\" height=\"278\"><\/figure>\n<\/div>\n<p> En el c\u00e1lculo anterior, convertimos la tasa de inter\u00e9s anual a meses dividiendo por 12 y los a\u00f1os a meses multiplicando por 12.<\/p>\n<p> Pero no hemos mencionado ning\u00fan valor futuro y el tipo de pago es el predeterminado. Entonces como resultado tenemos un valor negativo, porque la cantidad de $987,80 es lo que tenemos que pagar cada mes durante 30 a\u00f1os. <\/p>\n<\/div>\n<\/div>\n<div class=\"wp-block-group groupx is-layout-constrained\">\n<div class=\"wp-block-group__inner-container\">\n<h2 class=\"wp-block-heading\"> 3. fotovoltaico<\/h2>\n<p> <span style=\"background-color: #f6e6c5;\"><strong>La funci\u00f3n PV devuelve el valor actual de una inversi\u00f3n o pr\u00e9stamo financiero.<\/strong><\/span> En t\u00e9rminos simples, con la funci\u00f3n PV puedes calcular el valor actual de una inversi\u00f3n o pr\u00e9stamo donde puedes verificarlo.<\/p>\n<h3 class=\"wp-block-heading\"> <strong>Sintaxis<\/strong><\/h3>\n<p> <em>PV(tasa, nper, pmt, [fv], [tipo])<\/em><\/p>\n<h3 class=\"wp-block-heading\"> <strong>Argumentos<\/strong><\/h3>\n<ul>\n<li> <strong>tasa:<\/strong> La tasa de inter\u00e9s para pagar el pr\u00e9stamo.<\/li>\n<li> <strong>nper:<\/strong> n\u00famero total de periodos de pago<\/li>\n<li> <strong>pmt:<\/strong> Un monto constante de pago que debes realizar despu\u00e9s de cada per\u00edodo.<\/li>\n<li> <strong>[FV]:<\/strong> El valor futuro o saldo de efectivo de un pr\u00e9stamo o inversi\u00f3n que se desea alcanzar despu\u00e9s del pago final. Si se omite, se asumir\u00e1 que es 0.<\/li>\n<li> <strong>[tipo]:<\/strong> Hora de pago. Inicio del per\u00edodo (use \u201c0\u201d) o fin del per\u00edodo (use \u201c1\u201d).<\/li>\n<\/ul>\n<h3 class=\"wp-block-heading\"> <strong>Comentarios<\/strong><\/h3>\n<ol>\n<li> Las unidades que uses como argumentos deben ser consistentes. Por ejemplo, si utiliza per\u00edodos en meses (36 meses = 3 a\u00f1os), deber\u00e1 convertir la tasa de inter\u00e9s anual a una tasa de inter\u00e9s mensual (6%\/12 = 0,5%).<\/li>\n<li> La funci\u00f3n PV es una funci\u00f3n de anualidad. En las funciones de anualidad, los pagos en efectivo que realiza est\u00e1n representados por n\u00fameros negativos y los pagos que recibe est\u00e1n representados por n\u00fameros positivos.<\/li>\n<\/ol>\n<h3 class=\"wp-block-heading\"> Ejemplo<\/h3>\n<p> Digamos que desea invertir <strong>$4000<\/strong> en un plan de inversi\u00f3n y a cambio recibir\u00e1 $1000 al final de cada a\u00f1o durante los pr\u00f3ximos 5 a\u00f1os.<\/p>\n<p> Esto significa que obtendr\u00e1 un total de $5,000 durante los pr\u00f3ximos 5 a\u00f1os.<\/p>\n<p> Ahora la cuesti\u00f3n es que hay que evaluar si esta inversi\u00f3n es rentable o no. Usted invierte $4,000 hoy y obtendr\u00e1 el retorno en los pr\u00f3ximos 5 a\u00f1os. <\/p>\n<div class=\"wp-block-image\">\n<figure class=\"aligncenter size-large is-resized\"><img loading=\"lazy\" decoding=\"async\" class=\"wp-image-37232\" src=\"https:\/\/exceladvisor.org\/wp-content\/uploads\/2023\/08\/exemple-de-fonction-pv-excel-1.png\" sizes=\"auto, \" srcset=\"\" alt=\"excel-pv-funci\u00f3n-ejemplo-1\" width=\"471\" height=\"504\"><\/figure>\n<\/div>\n<p> En el c\u00e1lculo anterior arroj\u00f3 -4329. El valor actual de su inversi\u00f3n es $4,329 y usted invierte $4,000 en ella. Para que tu inversi\u00f3n sea rentable.<\/p>\n<\/div>\n<\/div>\n<h2 class=\"wp-block-heading\" style=\"font-size: 24px;\"> M\u00e1s tutoriales de Excel<\/h2>\n<ul>\n<li> <a href=\"https:\/\/exceladvisor.org\/es\/conceptos-basicos-de-excel\/\">Descripci\u00f3n general de Excel<\/a><\/li>\n<li> <a href=\"https:\/\/exceladvisor.org\/es\/habilidades-de-sobresalir\/\">Habilidades de Excel<\/a><\/li>\n<li> <a href=\"https:\/\/exceladvisor.org\/es\/atajos-de-teclado\/\">excel para contadores<\/a><\/li>\n<li> <a href=\"https:\/\/exceladvisor.org\/es\/consejo\/\" data-wpil=\"url\">Consejos y trucos de Excel<\/a><\/li>\n<li> <a href=\"https:\/\/exceladvisor.org\/es\/atajos-de-teclado\/\">Atajos de teclado (hoja de trucos en PDF)<\/a><\/li>\n<\/ul>\n","protected":false},"excerpt":{"rendered":"<p>archivos de muestra 1. Funci\u00f3n VF La funci\u00f3n FV devuelve el valor futuro de una inversi\u00f3n utilizando pagos constantes y una tasa de inter\u00e9s constante. En t\u00e9rminos simples, devolver\u00e1 el valor futuro de una inversi\u00f3n en la que tendr\u00e1 pagos constantes y una tasa de inter\u00e9s constante durante todo el per\u00edodo de inversi\u00f3n. Sintaxis FV(tasa,nper,pmt,[pv],[tipo]) [&hellip;]<\/p>\n","protected":false},"author":1,"featured_media":0,"parent":0,"menu_order":0,"comment_status":"open","ping_status":"closed","template":"","meta":{"ub_ctt_via":"","footnotes":""},"class_list":["post-639","page","type-page","status-publish","hentry"],"featured_image_src":null,"yoast_head":"<!-- This site is optimized with the Yoast SEO plugin v25.4 - https:\/\/yoast.com\/wordpress\/plugins\/seo\/ -->\n<title>Funciones financieras de excel (con ejemplos)<\/title>\n<meta name=\"robots\" content=\"index, follow, max-snippet:-1, max-image-preview:large, max-video-preview:-1\" \/>\n<link rel=\"canonical\" href=\"https:\/\/exceladvisor.org\/es\/excel-funciones-financieras\/\" \/>\n<meta property=\"og:locale\" content=\"es_ES\" \/>\n<meta property=\"og:type\" content=\"article\" \/>\n<meta property=\"og:title\" content=\"Funciones financieras de excel (con ejemplos)\" \/>\n<meta property=\"og:description\" content=\"archivos de muestra 1. Funci\u00f3n VF La funci\u00f3n FV devuelve el valor futuro de una inversi\u00f3n utilizando pagos constantes y una tasa de inter\u00e9s constante. En t\u00e9rminos simples, devolver\u00e1 el valor futuro de una inversi\u00f3n en la que tendr\u00e1 pagos constantes y una tasa de inter\u00e9s constante durante todo el per\u00edodo de inversi\u00f3n. Sintaxis FV(tasa,nper,pmt,[pv],[tipo]) [&hellip;]\" \/>\n<meta property=\"og:url\" content=\"https:\/\/exceladvisor.org\/es\/excel-funciones-financieras\/\" \/>\n<meta property=\"og:site_name\" content=\"Excel Advisor\" \/>\n<meta property=\"article:modified_time\" content=\"2023-12-25T10:33:16+00:00\" \/>\n<meta property=\"og:image\" content=\"https:\/\/exceladvisor.org\/wp-content\/uploads\/2023\/08\/exemple-de-fonction-fv-excel-1.png\" \/>\n<meta name=\"twitter:card\" content=\"summary_large_image\" \/>\n<meta name=\"twitter:label1\" content=\"Tiempo de lectura\" \/>\n\t<meta name=\"twitter:data1\" content=\"5 minutos\" \/>\n<script type=\"application\/ld+json\" class=\"yoast-schema-graph\">{\"@context\":\"https:\/\/schema.org\",\"@graph\":[{\"@type\":\"WebPage\",\"@id\":\"https:\/\/exceladvisor.org\/es\/excel-funciones-financieras\/\",\"url\":\"https:\/\/exceladvisor.org\/es\/excel-funciones-financieras\/\",\"name\":\"Funciones financieras de excel (con ejemplos)\",\"isPartOf\":{\"@id\":\"https:\/\/exceladvisor.org\/es\/#website\"},\"primaryImageOfPage\":{\"@id\":\"https:\/\/exceladvisor.org\/es\/excel-funciones-financieras\/#primaryimage\"},\"image\":{\"@id\":\"https:\/\/exceladvisor.org\/es\/excel-funciones-financieras\/#primaryimage\"},\"thumbnailUrl\":\"https:\/\/exceladvisor.org\/wp-content\/uploads\/2023\/08\/exemple-de-fonction-fv-excel-1.png\",\"datePublished\":\"2023-10-15T13:31:10+00:00\",\"dateModified\":\"2023-12-25T10:33:16+00:00\",\"breadcrumb\":{\"@id\":\"https:\/\/exceladvisor.org\/es\/excel-funciones-financieras\/#breadcrumb\"},\"inLanguage\":\"es\",\"potentialAction\":[{\"@type\":\"ReadAction\",\"target\":[\"https:\/\/exceladvisor.org\/es\/excel-funciones-financieras\/\"]}]},{\"@type\":\"ImageObject\",\"inLanguage\":\"es\",\"@id\":\"https:\/\/exceladvisor.org\/es\/excel-funciones-financieras\/#primaryimage\",\"url\":\"https:\/\/exceladvisor.org\/wp-content\/uploads\/2023\/08\/exemple-de-fonction-fv-excel-1.png\",\"contentUrl\":\"https:\/\/exceladvisor.org\/wp-content\/uploads\/2023\/08\/exemple-de-fonction-fv-excel-1.png\"},{\"@type\":\"BreadcrumbList\",\"@id\":\"https:\/\/exceladvisor.org\/es\/excel-funciones-financieras\/#breadcrumb\",\"itemListElement\":[{\"@type\":\"ListItem\",\"position\":1,\"name\":\"Hogar\",\"item\":\"https:\/\/exceladvisor.org\/es\/\"},{\"@type\":\"ListItem\",\"position\":2,\"name\":\"Funciones financieras de excel (con ejemplos)\"}]},{\"@type\":\"WebSite\",\"@id\":\"https:\/\/exceladvisor.org\/es\/#website\",\"url\":\"https:\/\/exceladvisor.org\/es\/\",\"name\":\"Excel Advisor\",\"description\":\"Su gu\u00eda para la dominaci\u00f3n de datos!\",\"publisher\":{\"@id\":\"https:\/\/exceladvisor.org\/es\/#organization\"},\"potentialAction\":[{\"@type\":\"SearchAction\",\"target\":{\"@type\":\"EntryPoint\",\"urlTemplate\":\"https:\/\/exceladvisor.org\/es\/?s={search_term_string}\"},\"query-input\":{\"@type\":\"PropertyValueSpecification\",\"valueRequired\":true,\"valueName\":\"search_term_string\"}}],\"inLanguage\":\"es\"},{\"@type\":\"Organization\",\"@id\":\"https:\/\/exceladvisor.org\/es\/#organization\",\"name\":\"Excel Advisor\",\"url\":\"https:\/\/exceladvisor.org\/es\/\",\"logo\":{\"@type\":\"ImageObject\",\"inLanguage\":\"es\",\"@id\":\"https:\/\/exceladvisor.org\/es\/#\/schema\/logo\/image\/\",\"url\":\"https:\/\/exceladvisor.org\/es\/wp-content\/uploads\/2023\/12\/exceladvisor.org_.png\",\"contentUrl\":\"https:\/\/exceladvisor.org\/es\/wp-content\/uploads\/2023\/12\/exceladvisor.org_.png\",\"width\":105,\"height\":36,\"caption\":\"Excel Advisor\"},\"image\":{\"@id\":\"https:\/\/exceladvisor.org\/es\/#\/schema\/logo\/image\/\"}}]}<\/script>\n<!-- \/ Yoast SEO plugin. -->","yoast_head_json":{"title":"Funciones financieras de excel (con ejemplos)","robots":{"index":"index","follow":"follow","max-snippet":"max-snippet:-1","max-image-preview":"max-image-preview:large","max-video-preview":"max-video-preview:-1"},"canonical":"https:\/\/exceladvisor.org\/es\/excel-funciones-financieras\/","og_locale":"es_ES","og_type":"article","og_title":"Funciones financieras de excel (con ejemplos)","og_description":"archivos de muestra 1. Funci\u00f3n VF La funci\u00f3n FV devuelve el valor futuro de una inversi\u00f3n utilizando pagos constantes y una tasa de inter\u00e9s constante. En t\u00e9rminos simples, devolver\u00e1 el valor futuro de una inversi\u00f3n en la que tendr\u00e1 pagos constantes y una tasa de inter\u00e9s constante durante todo el per\u00edodo de inversi\u00f3n. Sintaxis FV(tasa,nper,pmt,[pv],[tipo]) [&hellip;]","og_url":"https:\/\/exceladvisor.org\/es\/excel-funciones-financieras\/","og_site_name":"Excel Advisor","article_modified_time":"2023-12-25T10:33:16+00:00","og_image":[{"url":"https:\/\/exceladvisor.org\/wp-content\/uploads\/2023\/08\/exemple-de-fonction-fv-excel-1.png","type":"","width":"","height":""}],"twitter_card":"summary_large_image","twitter_misc":{"Tiempo de lectura":"5 minutos"},"schema":{"@context":"https:\/\/schema.org","@graph":[{"@type":"WebPage","@id":"https:\/\/exceladvisor.org\/es\/excel-funciones-financieras\/","url":"https:\/\/exceladvisor.org\/es\/excel-funciones-financieras\/","name":"Funciones financieras de excel (con ejemplos)","isPartOf":{"@id":"https:\/\/exceladvisor.org\/es\/#website"},"primaryImageOfPage":{"@id":"https:\/\/exceladvisor.org\/es\/excel-funciones-financieras\/#primaryimage"},"image":{"@id":"https:\/\/exceladvisor.org\/es\/excel-funciones-financieras\/#primaryimage"},"thumbnailUrl":"https:\/\/exceladvisor.org\/wp-content\/uploads\/2023\/08\/exemple-de-fonction-fv-excel-1.png","datePublished":"2023-10-15T13:31:10+00:00","dateModified":"2023-12-25T10:33:16+00:00","breadcrumb":{"@id":"https:\/\/exceladvisor.org\/es\/excel-funciones-financieras\/#breadcrumb"},"inLanguage":"es","potentialAction":[{"@type":"ReadAction","target":["https:\/\/exceladvisor.org\/es\/excel-funciones-financieras\/"]}]},{"@type":"ImageObject","inLanguage":"es","@id":"https:\/\/exceladvisor.org\/es\/excel-funciones-financieras\/#primaryimage","url":"https:\/\/exceladvisor.org\/wp-content\/uploads\/2023\/08\/exemple-de-fonction-fv-excel-1.png","contentUrl":"https:\/\/exceladvisor.org\/wp-content\/uploads\/2023\/08\/exemple-de-fonction-fv-excel-1.png"},{"@type":"BreadcrumbList","@id":"https:\/\/exceladvisor.org\/es\/excel-funciones-financieras\/#breadcrumb","itemListElement":[{"@type":"ListItem","position":1,"name":"Hogar","item":"https:\/\/exceladvisor.org\/es\/"},{"@type":"ListItem","position":2,"name":"Funciones financieras de excel (con ejemplos)"}]},{"@type":"WebSite","@id":"https:\/\/exceladvisor.org\/es\/#website","url":"https:\/\/exceladvisor.org\/es\/","name":"Excel Advisor","description":"Su gu\u00eda para la dominaci\u00f3n de datos!","publisher":{"@id":"https:\/\/exceladvisor.org\/es\/#organization"},"potentialAction":[{"@type":"SearchAction","target":{"@type":"EntryPoint","urlTemplate":"https:\/\/exceladvisor.org\/es\/?s={search_term_string}"},"query-input":{"@type":"PropertyValueSpecification","valueRequired":true,"valueName":"search_term_string"}}],"inLanguage":"es"},{"@type":"Organization","@id":"https:\/\/exceladvisor.org\/es\/#organization","name":"Excel Advisor","url":"https:\/\/exceladvisor.org\/es\/","logo":{"@type":"ImageObject","inLanguage":"es","@id":"https:\/\/exceladvisor.org\/es\/#\/schema\/logo\/image\/","url":"https:\/\/exceladvisor.org\/es\/wp-content\/uploads\/2023\/12\/exceladvisor.org_.png","contentUrl":"https:\/\/exceladvisor.org\/es\/wp-content\/uploads\/2023\/12\/exceladvisor.org_.png","width":105,"height":36,"caption":"Excel Advisor"},"image":{"@id":"https:\/\/exceladvisor.org\/es\/#\/schema\/logo\/image\/"}}]}},"yoast_meta":{"yoast_wpseo_title":"","yoast_wpseo_metadesc":"","yoast_wpseo_canonical":""},"_links":{"self":[{"href":"https:\/\/exceladvisor.org\/es\/wp-json\/wp\/v2\/pages\/639","targetHints":{"allow":["GET"]}}],"collection":[{"href":"https:\/\/exceladvisor.org\/es\/wp-json\/wp\/v2\/pages"}],"about":[{"href":"https:\/\/exceladvisor.org\/es\/wp-json\/wp\/v2\/types\/page"}],"author":[{"embeddable":true,"href":"https:\/\/exceladvisor.org\/es\/wp-json\/wp\/v2\/users\/1"}],"replies":[{"embeddable":true,"href":"https:\/\/exceladvisor.org\/es\/wp-json\/wp\/v2\/comments?post=639"}],"version-history":[{"count":1,"href":"https:\/\/exceladvisor.org\/es\/wp-json\/wp\/v2\/pages\/639\/revisions"}],"predecessor-version":[{"id":1467,"href":"https:\/\/exceladvisor.org\/es\/wp-json\/wp\/v2\/pages\/639\/revisions\/1467"}],"wp:attachment":[{"href":"https:\/\/exceladvisor.org\/es\/wp-json\/wp\/v2\/media?parent=639"}],"curies":[{"name":"wp","href":"https:\/\/api.w.org\/{rel}","templated":true}]}}