{"id":64,"date":"2023-11-17T13:44:50","date_gmt":"2023-11-17T13:44:50","guid":{"rendered":"https:\/\/exceladvisor.org\/es\/copiar-hoja\/"},"modified":"2023-12-25T10:24:59","modified_gmt":"2023-12-25T10:24:59","slug":"copiar-hoja","status":"publish","type":"page","link":"https:\/\/exceladvisor.org\/es\/copiar-hoja\/","title":{"rendered":"\u00bfc\u00f3mo copiar y mover una hoja usando vba?"},"content":{"rendered":"<div class=\"excel-antes-del-contenido\" id=\"excel-3255546848\"><script type=\"text\/javascript\">\r\n\tatOptions = {\r\n\t\t'key' : 'c1158f160081d6540a8409e6925dab94',\r\n\t\t'format' : 'iframe',\r\n\t\t'height' : 250,\r\n\t\t'width' : 300,\r\n\t\t'params' : {}\r\n\t};\r\n<\/script>\r\n<script type=\"text\/javascript\" src=\"\/\/www.highperformanceformat.com\/c1158f160081d6540a8409e6925dab94\/invoke.js\"><\/script><\/div><p>Puedes copiar y mover una hoja en Excel usando c\u00f3digo VBA, y en este tutorial aprenderemos diferentes formas de hacerlo.<\/p>\n<h2 class=\"wp-block-heading\"> Copiar una hoja en el mismo libro de trabajo.<\/h2>\n<p> Si desea copiar una hoja en el mismo libro de trabajo, puede usar el siguiente c\u00f3digo donde utiliz\u00f3 el m\u00e9todo de copia.<\/p>\n<pre class=\"wp-block-code\"> <code class=\"language-visual-basic\" lang=\"visual-basic\">Sheets(\"Sheet5\").Copy Before:=Sheets(1)<\/code><\/pre>\n<p> En este c\u00f3digo, la hoja1 es la primera hoja del libro y, cuando ejecuta este c\u00f3digo, copia la hoja con el nombre \u00abHoja5\u00bb antes de la primera hoja del libro. <\/p>\n<div class=\"wp-block-image\">\n<figure class=\"aligncenter size-large is-resized\"><img loading=\"lazy\" decoding=\"async\" class=\"wp-image-52324\" src=\"https:\/\/exceladvisor.org\/wp-content\/uploads\/2023\/08\/1-copier-une-feuille-dans-le-meme-classeur.png\" sizes=\"auto, \" srcset=\"\" alt=\"copiar una hoja en la misma carpeta\" width=\"510\" height=\"277\"><\/figure>\n<\/div>\n<p> Y si quieres copiarlo despu\u00e9s de la primera hoja, el c\u00f3digo ser\u00eda el siguiente.<\/p>\n<pre class=\"wp-block-code\"> <code class=\"language-visual-basic\" lang=\"visual-basic\">Sheets(\"Sheet5\").Copy After:=Sheets(1)<\/code><\/pre>\n<p> Y si quieres copiarlo despu\u00e9s de la primera hoja, el c\u00f3digo ser\u00eda el siguiente.<\/p>\n<pre class=\"wp-block-code\"> <code class=\"language-visual-basic\" lang=\"visual-basic\">Sheets(\"Sheet5\").Copy Before:=Sheets(\"Sheet3\") Sheets(\"Sheet5\").Copy After:=Sheets(\"Sheet3\")<\/code><\/pre>\n<p> Cuando ejecuta este c\u00f3digo VBA, copia la \u00abHoja5\u00bb antes y despu\u00e9s de la \u00abHoja3\u00bb. <\/p>\n<div class=\"wp-block-image\">\n<figure class=\"aligncenter size-large is-resized\"><img loading=\"lazy\" decoding=\"async\" class=\"wp-image-52326\" src=\"https:\/\/exceladvisor.org\/wp-content\/uploads\/2023\/08\/3-code-vba-si-vous-voulez-le-copier-apres-la-premiere-feuille.png\" sizes=\"auto, \" srcset=\"\" alt=\"c\u00f3digo vba si desea copiarlo despu\u00e9s de la primera hoja\" width=\"631\" height=\"299\"><\/figure>\n<\/div>\n<p> Con la siguiente l\u00ednea de c\u00f3digo puede copiar una hoja despu\u00e9s de la \u00faltima hoja del libro. Utiliza Sheet.count para obtener el n\u00famero de hojas y luego usa el recuento para copiar la \u00faltima hoja. <\/p>\n<pre class=\"wp-block-code\"> <code class=\"language-visual-basic\" lang=\"visual-basic\">Sheets(\"myNewSheet\").Move After:=Sheets(Sheets.Count)<\/code><\/pre>\n<div class=\"wp-block-image\">\n<figure class=\"aligncenter size-large is-resized\"><img loading=\"lazy\" decoding=\"async\" class=\"wp-image-52325\" src=\"https:\/\/exceladvisor.org\/wp-content\/uploads\/2023\/08\/2-copier-une-feuille-apres-la-derniere-feuille-du-classeur.png\" sizes=\"auto, \" srcset=\"\" alt=\"copiar una hoja despu\u00e9s de la \u00faltima hoja en la carpeta\" width=\"656\" height=\"285\"><\/figure>\n<\/div>\n<p class=\"content-box-grey\"> <em>Enlaces \u00fatiles: <a href=\"https:\/\/exceladvisor.org\/es\/ejecutar-una-macro-2\/\">Ejecutar una macro<\/a> \u2013 <a href=\"https:\/\/exceladvisor.org\/es\/grabar-una-macro\/\">Grabador de macros<\/a> \u2013 <a href=\"https:\/\/exceladvisor.org\/es\/editor-visual-basico\/\">Editor de Visual Basic<\/a> \u2013 <a href=\"https:\/\/exceladvisor.org\/es\/cuaderno-macro-personal\/\">Manual de macros personales<\/a><\/em><\/p>\n<h2 class=\"wp-block-heading\"> Copie una hoja en el mismo libro con un nuevo nombre<\/h2>\n<p> Y si desea copiar una hoja y luego cambiarle el nombre instant\u00e1neamente, debe usar la propiedad de nombre, como en el siguiente c\u00f3digo. <\/p>\n<pre class=\"wp-block-code\"> <code class=\"language-visual-basic\" lang=\"visual-basic\">Sheets(\"Sheet5\").Move Before:=Sheets(1) ActiveSheet.Name = \"myNewSheet\"<\/code><\/pre>\n<div class=\"wp-block-image\">\n<figure class=\"aligncenter size-large is-resized\"><img loading=\"lazy\" decoding=\"async\" class=\"wp-image-52327\" src=\"https:\/\/exceladvisor.org\/wp-content\/uploads\/2023\/08\/4-copier-une-feuille-dans-le-meme-classeur-avec-le-nouveau-nom.png\" sizes=\"auto, \" srcset=\"\" alt=\"copiar una hoja en el mismo libro con el nuevo nombre\" width=\"480\" height=\"290\"><\/figure>\n<\/div>\n<h2 class=\"wp-block-heading\"> Mover una hoja en el mismo libro<\/h2>\n<p> Para mover una hoja en el mismo libro de trabajo, debe utilizar el m\u00e9todo de movimiento como el que se muestra en el siguiente c\u00f3digo. <\/p>\n<pre class=\"wp-block-code\"> <code class=\"language-visual-basic\" lang=\"visual-basic\">Sheets(\"Sheet5\").Move After:=Sheets(1)<\/code><\/pre>\n<div class=\"wp-block-image\">\n<figure class=\"aligncenter size-large is-resized\"><img loading=\"lazy\" decoding=\"async\" class=\"wp-image-52328\" src=\"https:\/\/exceladvisor.org\/wp-content\/uploads\/2023\/08\/5-deplacer-une-feuille-dans-le-meme-classeur.png\" sizes=\"auto, \" srcset=\"\" alt=\"mover-una-hoja-en-la-misma-carpeta\" width=\"527\" height=\"311\"><\/figure>\n<\/div>\n<p> Este c\u00f3digo mover\u00e1 \u00abHoja5\u00bb antes de \u00abHoja2\u00bb, como puede ver en la instant\u00e1nea de arriba.<\/p>\n<h2 class=\"wp-block-heading\"> Copiar una hoja al nuevo libro de trabajo.<\/h2>\n<p> Cuando utiliza el m\u00e9todo de copia sin definir una hoja en el libro actual, VBA abre un nuevo libro y copia esa hoja en ese libro.<\/p>\n<pre class=\"wp-block-code\"> <code class=\"language-visual-basic\" lang=\"visual-basic\">Sheets(\"Sheet5\").Copy<\/code><\/pre>\n<p> Y para mover una hoja a un nuevo libro.<\/p>\n<pre class=\"wp-block-code\"> <code class=\"language-visual-basic\" lang=\"visual-basic\">Sheets(\"Sheet5\").Move<\/code><\/pre>\n<h2 class=\"wp-block-heading\"> Copie varias hojas al nuevo libro de trabajo<\/h2>\n<p> Si desea agregar varias hojas al nuevo libro a la vez, use un c\u00f3digo como este.<\/p>\n<pre class=\"wp-block-code\"> <code class=\"language-visual-basic\" lang=\"visual-basic\">Sheets(Array(\"Sheet2\", \"Sheet3\", \"Sheet4\", \"Sheet5\")).Copy<\/code><\/pre>\n<p> El c\u00f3digo anterior crea una serie de hojas y luego las copia todas en un nuevo libro.<\/p>\n<h2 class=\"wp-block-heading\"> Copiar una hoja a otro libro de trabajo<\/h2>\n<p> Si desea copiar una hoja a otro libro que ya est\u00e9 abierto, puede mencionar el nombre del libro antes o despu\u00e9s del argumento.<\/p>\n<pre class=\"wp-block-code\"> <code class=\"language-visual-basic\" lang=\"visual-basic\">Sheets(\"Sheet1\").Copy Before:=Workbooks(\"Book1.xlsx\").Sheets(1)<\/code><\/pre>\n<p> El c\u00f3digo anterior copia la Hoja1 del libro activo y la agrega antes de la primera hoja de Libro1.xlsx que ya est\u00e1 abierta.<\/p>\n<p> Y si quieres moverlo.<\/p>\n<pre class=\"wp-block-code\"> <code class=\"language-visual-basic\" lang=\"visual-basic\">Sheets(\"Sheet1\").Move Before:=Workbooks(\"Book1.xlsx\").Sheets(1)<\/code><\/pre>\n<h2 class=\"wp-block-heading\"> Copiar una hoja a un libro cerrado<\/h2>\n<p> Hay una manera de copiar una hoja a un libro cerrado y no es necesario abrirlo. Mire el c\u00f3digo a continuaci\u00f3n.<\/p>\n<pre class=\"wp-block-code\"> <code class=\"language-visual-basic\" lang=\"visual-basic\">Sub vba_copy_sheet() Dim mybook As Workbook Application.ScreenUpdating = False Set mybook = _ Workbooks.Open _ (\"C:UsersDellDesktopsamplefile.xlsx\") Workbooks(\"Book1.xlsx\").Sheets(\"Sheet2\").Copy Before:=mybook.Sheets(1) mybook.Close SaveChanges:=True Application.ScreenUpdating = True End Sub<\/code><\/pre>\n<p> En este c\u00f3digo, tiene la variable myBook y luego un libro de trabajo asignado a ella. Hemos desactivado la actualizaci\u00f3n de pantalla para que el c\u00f3digo pueda realizar la tarea en el backend.<\/p>\n<h2 class=\"wp-block-heading\"> Copie una hoja de otro libro sin abrirlo<\/h2>\n<p> De la misma manera, puedes copiar y mover una hoja de un libro cerrado. Mire el c\u00f3digo a continuaci\u00f3n.<\/p>\n<pre class=\"wp-block-code\"> <code class=\"language-visual-basic\" lang=\"visual-basic\">Sub vba_copy_sheet() Dim mybook As Workbook Application.ScreenUpdating = False Set mybook = _ Workbooks.Open _ (\"C:UsersDellDesktopsamplefile.xlsx\") mybook.Sheets(\"mySheet\").Copy Before:=Workbooks(\"Book1.xlsx\").Sheets(1) mybook.Close SaveChanges:=True Application.ScreenUpdating = True End Sub<\/code><\/pre>\n<div class=\"gb-container gb-container-4db6181c gb-container-mt\"> <a class=\"gb-button gb-button-c5897111 gb-button-text gb-button-mt-button\" href=\"https:\/\/exceladvisor.org\/es\/vba\/\">\u00bfQu\u00e9 es VBA?<\/a><\/p>\n<h2 class=\"gb-headline gb-headline-665e5f6b gb-headline-text gb-headline-mt-heading\"> Tutoriales relacionados <\/h2>\n<div class=\"gb-grid-wrapper gb-grid-wrapper-a20baf7c gb-grid-wrapper-mt-grid\">\n<div class=\"gb-grid-column gb-grid-column-65ddf67e\">\n<div class=\"gb-container gb-container-65ddf67e\">\n<ul>\n<li> <a href=\"https:\/\/exceladvisor.org\/es\/hoja-clara\/\">BORRAR una hoja completa usando VBA en Excel<\/a><\/li>\n<li> <a href=\"https:\/\/exceladvisor.org\/es\/contar-las-hojas\/\">CONTAR Hojas usando VBA en Excel<\/a><\/li>\n<li> <a href=\"https:\/\/exceladvisor.org\/es\/eliminar-una-hoja-1\/\">ELIMINAR una HOJA usando VBA en Excel<\/a><\/li>\n<li> <a href=\"https:\/\/exceladvisor.org\/es\/ocultar-hoja\/\">Ocultar y mostrar una hoja usando VBA en Excel<\/a><\/li>\n<li> <a href=\"https:\/\/exceladvisor.org\/es\/proteger-la-hoja\/\">PROTEGER y DESPROTEGER una hoja usando VBA en Excel<\/a><\/li>\n<\/ul>\n<\/div>\n<\/div>\n<\/div>\n<\/div>\n","protected":false},"excerpt":{"rendered":"<p>Puedes copiar y mover una hoja en Excel usando c\u00f3digo VBA, y en este tutorial aprenderemos diferentes formas de hacerlo. Copiar una hoja en el mismo libro de trabajo. Si desea copiar una hoja en el mismo libro de trabajo, puede usar el siguiente c\u00f3digo donde utiliz\u00f3 el m\u00e9todo de copia. Sheets(\u00abSheet5\u00bb).Copy Before:=Sheets(1) En este [&hellip;]<\/p>\n","protected":false},"author":1,"featured_media":0,"parent":0,"menu_order":0,"comment_status":"open","ping_status":"closed","template":"","meta":{"ub_ctt_via":"","footnotes":""},"class_list":["post-64","page","type-page","status-publish","hentry"],"featured_image_src":null,"yoast_head":"<!-- This site is optimized with the Yoast SEO plugin v25.4 - https:\/\/yoast.com\/wordpress\/plugins\/seo\/ -->\n<title>\u00bfc\u00f3mo copiar y mover una hoja usando vba?<\/title>\n<meta name=\"robots\" content=\"index, follow, max-snippet:-1, max-image-preview:large, max-video-preview:-1\" \/>\n<link rel=\"canonical\" href=\"https:\/\/exceladvisor.org\/es\/copiar-hoja\/\" \/>\n<meta property=\"og:locale\" content=\"es_ES\" \/>\n<meta property=\"og:type\" content=\"article\" \/>\n<meta property=\"og:title\" content=\"\u00bfc\u00f3mo copiar y mover una hoja usando vba?\" \/>\n<meta property=\"og:description\" content=\"Puedes copiar y mover una hoja en Excel usando c\u00f3digo VBA, y en este tutorial aprenderemos diferentes formas de hacerlo. Copiar una hoja en el mismo libro de trabajo. Si desea copiar una hoja en el mismo libro de trabajo, puede usar el siguiente c\u00f3digo donde utiliz\u00f3 el m\u00e9todo de copia. Sheets(&quot;Sheet5&quot;).Copy Before:=Sheets(1) En este [&hellip;]\" \/>\n<meta property=\"og:url\" content=\"https:\/\/exceladvisor.org\/es\/copiar-hoja\/\" \/>\n<meta property=\"og:site_name\" content=\"Excel Advisor\" \/>\n<meta property=\"article:modified_time\" content=\"2023-12-25T10:24:59+00:00\" \/>\n<meta property=\"og:image\" content=\"https:\/\/exceladvisor.org\/wp-content\/uploads\/2023\/08\/1-copier-une-feuille-dans-le-meme-classeur.png\" \/>\n<meta name=\"twitter:card\" content=\"summary_large_image\" \/>\n<meta name=\"twitter:label1\" content=\"Tiempo de lectura\" \/>\n\t<meta name=\"twitter:data1\" content=\"4 minutos\" \/>\n<script type=\"application\/ld+json\" class=\"yoast-schema-graph\">{\"@context\":\"https:\/\/schema.org\",\"@graph\":[{\"@type\":\"WebPage\",\"@id\":\"https:\/\/exceladvisor.org\/es\/copiar-hoja\/\",\"url\":\"https:\/\/exceladvisor.org\/es\/copiar-hoja\/\",\"name\":\"\u00bfc\u00f3mo copiar y mover una hoja usando vba?\",\"isPartOf\":{\"@id\":\"https:\/\/exceladvisor.org\/es\/#website\"},\"primaryImageOfPage\":{\"@id\":\"https:\/\/exceladvisor.org\/es\/copiar-hoja\/#primaryimage\"},\"image\":{\"@id\":\"https:\/\/exceladvisor.org\/es\/copiar-hoja\/#primaryimage\"},\"thumbnailUrl\":\"https:\/\/exceladvisor.org\/wp-content\/uploads\/2023\/08\/1-copier-une-feuille-dans-le-meme-classeur.png\",\"datePublished\":\"2023-11-17T13:44:50+00:00\",\"dateModified\":\"2023-12-25T10:24:59+00:00\",\"breadcrumb\":{\"@id\":\"https:\/\/exceladvisor.org\/es\/copiar-hoja\/#breadcrumb\"},\"inLanguage\":\"es\",\"potentialAction\":[{\"@type\":\"ReadAction\",\"target\":[\"https:\/\/exceladvisor.org\/es\/copiar-hoja\/\"]}]},{\"@type\":\"ImageObject\",\"inLanguage\":\"es\",\"@id\":\"https:\/\/exceladvisor.org\/es\/copiar-hoja\/#primaryimage\",\"url\":\"https:\/\/exceladvisor.org\/wp-content\/uploads\/2023\/08\/1-copier-une-feuille-dans-le-meme-classeur.png\",\"contentUrl\":\"https:\/\/exceladvisor.org\/wp-content\/uploads\/2023\/08\/1-copier-une-feuille-dans-le-meme-classeur.png\"},{\"@type\":\"BreadcrumbList\",\"@id\":\"https:\/\/exceladvisor.org\/es\/copiar-hoja\/#breadcrumb\",\"itemListElement\":[{\"@type\":\"ListItem\",\"position\":1,\"name\":\"Hogar\",\"item\":\"https:\/\/exceladvisor.org\/es\/\"},{\"@type\":\"ListItem\",\"position\":2,\"name\":\"\u00bfc\u00f3mo copiar y mover una hoja usando vba?\"}]},{\"@type\":\"WebSite\",\"@id\":\"https:\/\/exceladvisor.org\/es\/#website\",\"url\":\"https:\/\/exceladvisor.org\/es\/\",\"name\":\"Excel Advisor\",\"description\":\"Su gu\u00eda para la dominaci\u00f3n de datos!\",\"publisher\":{\"@id\":\"https:\/\/exceladvisor.org\/es\/#organization\"},\"potentialAction\":[{\"@type\":\"SearchAction\",\"target\":{\"@type\":\"EntryPoint\",\"urlTemplate\":\"https:\/\/exceladvisor.org\/es\/?s={search_term_string}\"},\"query-input\":{\"@type\":\"PropertyValueSpecification\",\"valueRequired\":true,\"valueName\":\"search_term_string\"}}],\"inLanguage\":\"es\"},{\"@type\":\"Organization\",\"@id\":\"https:\/\/exceladvisor.org\/es\/#organization\",\"name\":\"Excel Advisor\",\"url\":\"https:\/\/exceladvisor.org\/es\/\",\"logo\":{\"@type\":\"ImageObject\",\"inLanguage\":\"es\",\"@id\":\"https:\/\/exceladvisor.org\/es\/#\/schema\/logo\/image\/\",\"url\":\"https:\/\/exceladvisor.org\/es\/wp-content\/uploads\/2023\/12\/exceladvisor.org_.png\",\"contentUrl\":\"https:\/\/exceladvisor.org\/es\/wp-content\/uploads\/2023\/12\/exceladvisor.org_.png\",\"width\":105,\"height\":36,\"caption\":\"Excel Advisor\"},\"image\":{\"@id\":\"https:\/\/exceladvisor.org\/es\/#\/schema\/logo\/image\/\"}}]}<\/script>\n<!-- \/ Yoast SEO plugin. -->","yoast_head_json":{"title":"\u00bfc\u00f3mo copiar y mover una hoja usando vba?","robots":{"index":"index","follow":"follow","max-snippet":"max-snippet:-1","max-image-preview":"max-image-preview:large","max-video-preview":"max-video-preview:-1"},"canonical":"https:\/\/exceladvisor.org\/es\/copiar-hoja\/","og_locale":"es_ES","og_type":"article","og_title":"\u00bfc\u00f3mo copiar y mover una hoja usando vba?","og_description":"Puedes copiar y mover una hoja en Excel usando c\u00f3digo VBA, y en este tutorial aprenderemos diferentes formas de hacerlo. Copiar una hoja en el mismo libro de trabajo. Si desea copiar una hoja en el mismo libro de trabajo, puede usar el siguiente c\u00f3digo donde utiliz\u00f3 el m\u00e9todo de copia. Sheets(\"Sheet5\").Copy Before:=Sheets(1) En este [&hellip;]","og_url":"https:\/\/exceladvisor.org\/es\/copiar-hoja\/","og_site_name":"Excel Advisor","article_modified_time":"2023-12-25T10:24:59+00:00","og_image":[{"url":"https:\/\/exceladvisor.org\/wp-content\/uploads\/2023\/08\/1-copier-une-feuille-dans-le-meme-classeur.png","type":"","width":"","height":""}],"twitter_card":"summary_large_image","twitter_misc":{"Tiempo de lectura":"4 minutos"},"schema":{"@context":"https:\/\/schema.org","@graph":[{"@type":"WebPage","@id":"https:\/\/exceladvisor.org\/es\/copiar-hoja\/","url":"https:\/\/exceladvisor.org\/es\/copiar-hoja\/","name":"\u00bfc\u00f3mo copiar y mover una hoja usando vba?","isPartOf":{"@id":"https:\/\/exceladvisor.org\/es\/#website"},"primaryImageOfPage":{"@id":"https:\/\/exceladvisor.org\/es\/copiar-hoja\/#primaryimage"},"image":{"@id":"https:\/\/exceladvisor.org\/es\/copiar-hoja\/#primaryimage"},"thumbnailUrl":"https:\/\/exceladvisor.org\/wp-content\/uploads\/2023\/08\/1-copier-une-feuille-dans-le-meme-classeur.png","datePublished":"2023-11-17T13:44:50+00:00","dateModified":"2023-12-25T10:24:59+00:00","breadcrumb":{"@id":"https:\/\/exceladvisor.org\/es\/copiar-hoja\/#breadcrumb"},"inLanguage":"es","potentialAction":[{"@type":"ReadAction","target":["https:\/\/exceladvisor.org\/es\/copiar-hoja\/"]}]},{"@type":"ImageObject","inLanguage":"es","@id":"https:\/\/exceladvisor.org\/es\/copiar-hoja\/#primaryimage","url":"https:\/\/exceladvisor.org\/wp-content\/uploads\/2023\/08\/1-copier-une-feuille-dans-le-meme-classeur.png","contentUrl":"https:\/\/exceladvisor.org\/wp-content\/uploads\/2023\/08\/1-copier-une-feuille-dans-le-meme-classeur.png"},{"@type":"BreadcrumbList","@id":"https:\/\/exceladvisor.org\/es\/copiar-hoja\/#breadcrumb","itemListElement":[{"@type":"ListItem","position":1,"name":"Hogar","item":"https:\/\/exceladvisor.org\/es\/"},{"@type":"ListItem","position":2,"name":"\u00bfc\u00f3mo copiar y mover una hoja usando vba?"}]},{"@type":"WebSite","@id":"https:\/\/exceladvisor.org\/es\/#website","url":"https:\/\/exceladvisor.org\/es\/","name":"Excel Advisor","description":"Su gu\u00eda para la dominaci\u00f3n de datos!","publisher":{"@id":"https:\/\/exceladvisor.org\/es\/#organization"},"potentialAction":[{"@type":"SearchAction","target":{"@type":"EntryPoint","urlTemplate":"https:\/\/exceladvisor.org\/es\/?s={search_term_string}"},"query-input":{"@type":"PropertyValueSpecification","valueRequired":true,"valueName":"search_term_string"}}],"inLanguage":"es"},{"@type":"Organization","@id":"https:\/\/exceladvisor.org\/es\/#organization","name":"Excel Advisor","url":"https:\/\/exceladvisor.org\/es\/","logo":{"@type":"ImageObject","inLanguage":"es","@id":"https:\/\/exceladvisor.org\/es\/#\/schema\/logo\/image\/","url":"https:\/\/exceladvisor.org\/es\/wp-content\/uploads\/2023\/12\/exceladvisor.org_.png","contentUrl":"https:\/\/exceladvisor.org\/es\/wp-content\/uploads\/2023\/12\/exceladvisor.org_.png","width":105,"height":36,"caption":"Excel Advisor"},"image":{"@id":"https:\/\/exceladvisor.org\/es\/#\/schema\/logo\/image\/"}}]}},"yoast_meta":{"yoast_wpseo_title":"","yoast_wpseo_metadesc":"","yoast_wpseo_canonical":""},"_links":{"self":[{"href":"https:\/\/exceladvisor.org\/es\/wp-json\/wp\/v2\/pages\/64","targetHints":{"allow":["GET"]}}],"collection":[{"href":"https:\/\/exceladvisor.org\/es\/wp-json\/wp\/v2\/pages"}],"about":[{"href":"https:\/\/exceladvisor.org\/es\/wp-json\/wp\/v2\/types\/page"}],"author":[{"embeddable":true,"href":"https:\/\/exceladvisor.org\/es\/wp-json\/wp\/v2\/users\/1"}],"replies":[{"embeddable":true,"href":"https:\/\/exceladvisor.org\/es\/wp-json\/wp\/v2\/comments?post=64"}],"version-history":[{"count":1,"href":"https:\/\/exceladvisor.org\/es\/wp-json\/wp\/v2\/pages\/64\/revisions"}],"predecessor-version":[{"id":987,"href":"https:\/\/exceladvisor.org\/es\/wp-json\/wp\/v2\/pages\/64\/revisions\/987"}],"wp:attachment":[{"href":"https:\/\/exceladvisor.org\/es\/wp-json\/wp\/v2\/media?parent=64"}],"curies":[{"name":"wp","href":"https:\/\/api.w.org\/{rel}","templated":true}]}}