{"id":640,"date":"2023-10-15T13:08:31","date_gmt":"2023-10-15T13:08:31","guid":{"rendered":"https:\/\/exceladvisor.org\/es\/funciones-de-tiempo-de-excel\/"},"modified":"2023-12-25T10:28:06","modified_gmt":"2023-12-25T10:28:06","slug":"funciones-de-tiempo-de-excel","status":"publish","type":"page","link":"https:\/\/exceladvisor.org\/es\/funciones-de-tiempo-de-excel\/","title":{"rendered":"\u00bfc\u00f3mo utilizar funciones de tiempo en excel?"},"content":{"rendered":"<div class=\"excel-antes-del-contenido\" id=\"excel-539536222\"><script type=\"text\/javascript\">\r\n\tatOptions = {\r\n\t\t'key' : 'c1158f160081d6540a8409e6925dab94',\r\n\t\t'format' : 'iframe',\r\n\t\t'height' : 250,\r\n\t\t'width' : 300,\r\n\t\t'params' : {}\r\n\t};\r\n<\/script>\r\n<script type=\"text\/javascript\" src=\"\/\/www.highperformanceformat.com\/c1158f160081d6540a8409e6925dab94\/invoke.js\"><\/script><\/div><p><strong><em><a href=\"https:\/\/exceladvisor.org\/wp-content\/uploads\/2023\/08\/excel_time_functions_sample_files.zip\" target=\"_blank\" rel=\"noreferrer noopener nofollow\">archivos de muestra<\/a><\/em><\/strong> <\/p>\n<div class=\"wp-block-group groupx is-layout-constrained\">\n<div class=\"wp-block-group__inner-container\">\n<h2 class=\"wp-block-heading\"> 1. Funci\u00f3n TIEMPO<\/h2>\n<p> <strong>La funci\u00f3n HORA devuelve el valor de tiempo de un tiempo v\u00e1lido.<\/strong> El valor del tiempo se compone de horas, minutos y segundos y la funci\u00f3n HORA toma el valor de la hora e ignora el resto.<\/p>\n<h3 class=\"wp-block-heading\"> <strong>Sintaxis<\/strong><\/h3>\n<p> <em>HORA (n\u00famero de serie)<\/em><\/p>\n<h3 class=\"wp-block-heading\"> <strong>Argumentos<\/strong><\/h3>\n<ul>\n<li> <strong>n\u00famero de serie:<\/strong> hora v\u00e1lida de la que desea obtener el valor de hora.<\/li>\n<\/ul>\n<h3 class=\"wp-block-heading\"> <strong>Ejemplo<\/strong><\/h3>\n<h4 class=\"wp-block-heading\"> <strong>1. Usar referencia de celda<\/strong><\/h4>\n<p> En el siguiente ejemplo, hemos hecho referencia a una celda en la que tengo un valor de tiempo v\u00e1lido. La funci\u00f3n solo extrajo la hora en formato de 24 horas de este valor de hora. Puede utilizar este m\u00e9todo cuando tenga datos de tiempo y desee extraer el tiempo de estos valores. <\/p>\n<div class=\"wp-block-image\">\n<figure class=\"aligncenter size-large is-resized\"><img loading=\"lazy\" decoding=\"async\" class=\"wp-image-36933\" src=\"https:\/\/exceladvisor.org\/wp-content\/uploads\/2023\/08\/Excel-fonction-heure-exemple-1.png\" sizes=\"auto, \" srcset=\"\" alt=\"funci\u00f3n-de-tiempo-excel-ejemplo-1\" width=\"379\" height=\"251\"><\/figure>\n<\/div>\n<h4 class=\"wp-block-heading\"> <strong>2. Utiliza la fecha como referencia<\/strong><\/h4>\n<p> En el siguiente ejemplo, utilizamos una fecha que contiene un valor de hora y HORA extrajo la hora como un n\u00famero entero. <\/p>\n<div class=\"wp-block-image\">\n<figure class=\"aligncenter size-large is-resized\"><img loading=\"lazy\" decoding=\"async\" class=\"wp-image-36934\" src=\"https:\/\/exceladvisor.org\/wp-content\/uploads\/2023\/08\/Excel-fonction-heure-exemple-2.png\" sizes=\"auto, \" srcset=\"\" alt=\"funci\u00f3n-de-tiempo-excel-ejemplo-2\" width=\"421\" height=\"285\"><\/figure>\n<\/div>\n<p> Y si conviertes esta fecha a valor cambiando su formato, sabr\u00e1s que tiene un valor de hora en forma decimal. <\/p>\n<div class=\"wp-block-image\">\n<figure class=\"aligncenter size-large is-resized\"><img loading=\"lazy\" decoding=\"async\" class=\"wp-image-36935\" src=\"https:\/\/exceladvisor.org\/wp-content\/uploads\/2023\/08\/Excel-fonction-heure-exemple-3.png\" sizes=\"auto, \" srcset=\"\" alt=\"funci\u00f3n-de-tiempo-excel-ejemplo-3\" width=\"466\" height=\"279\"><\/figure>\n<\/div>\n<\/div>\n<\/div>\n<div class=\"wp-block-group groupx is-layout-constrained\">\n<div class=\"wp-block-group__inner-container\">\n<h2 class=\"wp-block-heading\"> 2. Funci\u00f3n MINUTOS<\/h2>\n<p> <strong>La funci\u00f3n MINUTO devuelve el valor de los minutos de un tiempo v\u00e1lido.<\/strong> El valor del tiempo se compone de horas, minutos y segundos y la funci\u00f3n MINUTOS toma el valor de los minutos e ignora el resto.<\/p>\n<h3 class=\"wp-block-heading\"> <strong>Sintaxis<\/strong><\/h3>\n<p> <em>MINUTO(n\u00famero_de_serie)<\/em><\/p>\n<h3 class=\"wp-block-heading\"> <strong>Argumentos<\/strong><\/h3>\n<ul>\n<li> <strong>serial_number:<\/strong> una hora v\u00e1lida de la que desea obtener el valor de los minutos.<\/li>\n<\/ul>\n<h3 class=\"wp-block-heading\"> <strong>Ejemplo<\/strong><\/h3>\n<p> En el siguiente ejemplo, hemos utilizado la funci\u00f3n de minutos para extraer el valor de los minutos de diferentes valores de tiempo. <\/p>\n<div class=\"wp-block-image\">\n<figure class=\"aligncenter size-large is-resized\"><img loading=\"lazy\" decoding=\"async\" class=\"wp-image-37196\" src=\"https:\/\/exceladvisor.org\/wp-content\/uploads\/2023\/08\/exemple-de-fonction-minute-excel-1.png\" sizes=\"auto, \" srcset=\"\" alt=\"excel-minuto-funci\u00f3n-ejemplo-1\" width=\"452\" height=\"319\"><\/figure>\n<\/div>\n<\/div>\n<\/div>\n<div class=\"wp-block-group groupx is-layout-constrained\">\n<div class=\"wp-block-group__inner-container\">\n<h2 class=\"wp-block-heading\"> 3. Funci\u00f3n AHORA<\/h2>\n<p> <strong>La funci\u00f3n AHORA devuelve la fecha y hora actuales seg\u00fan la fecha y hora del sistema.<\/strong> La fecha y hora devueltas por la funci\u00f3n AHORA se actualizan continuamente cada vez que actualiza algo en la hoja de trabajo.<\/p>\n<h3 class=\"wp-block-heading\"> <strong>Sintaxis<\/strong><\/h3>\n<p> <em>AHORA()<\/em><\/p>\n<h3 class=\"wp-block-heading\"> <strong>Argumentos<\/strong><\/h3>\n<ul>\n<li> En NOW no hay ning\u00fan argumento para especificar, pero debe tener cuidado de que esta funci\u00f3n sea una funci\u00f3n vol\u00e1til que cambia de valor cada vez que actualiza el c\u00e1lculo de su hoja de c\u00e1lculo.<\/li>\n<\/ul>\n<h3 class=\"wp-block-heading\"> <strong>Ejemplo<\/strong><\/h3>\n<p> A continuaci\u00f3n hemos utilizado NOW de dos maneras diferentes: <\/p>\n<div class=\"wp-block-image\">\n<figure class=\"aligncenter size-large is-resized\"><img loading=\"lazy\" decoding=\"async\" class=\"wp-image-37221\" src=\"https:\/\/exceladvisor.org\/wp-content\/uploads\/2023\/08\/excel-maintenant-fonction-exemple-1.png\" sizes=\"auto, \" srcset=\"\" alt=\"excel-ahora-funci\u00f3n-ejemplo-1\" width=\"531\" height=\"326\"><\/figure>\n<\/div>\n<ul>\n<li> En el primer ejemplo, utilizamos la funci\u00f3n TEXTO con ahora para extraer la hora actual.<\/li>\n<li> En el segundo ejemplo, cambiamos el formato de celda a \u00abGeneral\u00bb. El n\u00famero antes del punto decimal es la fecha actual y el n\u00famero despu\u00e9s del punto decimal es la hora. <\/li>\n<\/ul>\n<\/div>\n<\/div>\n<div class=\"wp-block-group groupx is-layout-constrained\">\n<div class=\"wp-block-group__inner-container\">\n<h2 class=\"wp-block-heading\"> 4. SEGUNDA Funci\u00f3n<\/h2>\n<p> <strong>La funci\u00f3n SEGUNDA devuelve el valor de segundos de un tiempo v\u00e1lido.<\/strong> El valor del tiempo se compone de horas, minutos y segundos y la funci\u00f3n SEGUNDO toma el valor de los segundos e ignora el resto.<\/p>\n<h3 class=\"wp-block-heading\"> <strong>Sintaxis<\/strong><\/h3>\n<p> <em>SEGUNDO(n\u00famero_de_serie)<\/em><\/p>\n<h3 class=\"wp-block-heading\"> <strong>Argumentos<\/strong><\/h3>\n<ul>\n<li> <strong>serial_number<\/strong> : una hora v\u00e1lida a partir de la cual desea obtener el segundo valor.<\/li>\n<\/ul>\n<h3 class=\"wp-block-heading\"> <strong>Ejemplo<\/strong><\/h3>\n<p> En el siguiente ejemplo, utilizamos un valor de entrada diferente para obtener el segundo. El valor de entrada debe ser una fecha y hora v\u00e1lidas seg\u00fan el sistema de fecha y hora de Excel. <\/p>\n<div class=\"wp-block-image\">\n<figure class=\"aligncenter size-large is-resized\"><img loading=\"lazy\" decoding=\"async\" class=\"wp-image-37317\" src=\"https:\/\/exceladvisor.org\/wp-content\/uploads\/2023\/08\/excel-deuxieme-fonction-exemple-1.png\" sizes=\"auto, \" srcset=\"\" alt=\"excel-segunda-funci\u00f3n-ejemplo-1\" width=\"440\" height=\"289\"><\/figure>\n<\/div>\n<p> Un valor de entrada que no contenga ning\u00fan valor de segundos devolver\u00e1 0 en consecuencia. <\/p>\n<div class=\"wp-block-image\">\n<figure class=\"aligncenter size-large is-resized\"><img loading=\"lazy\" decoding=\"async\" class=\"wp-image-37318\" src=\"https:\/\/exceladvisor.org\/wp-content\/uploads\/2023\/08\/excel-deuxieme-fonction-exemple-2.png\" sizes=\"auto, \" srcset=\"\" alt=\"excel-segunda-funci\u00f3n-ejemplo-2\" width=\"463\" height=\"287\"><\/figure>\n<\/div>\n<\/div>\n<\/div>\n<div class=\"wp-block-group groupx is-layout-constrained\">\n<div class=\"wp-block-group__inner-container\">\n<h2 class=\"wp-block-heading\"> 5. Funci\u00f3n TIEMPO<\/h2>\n<p> <strong>La funci\u00f3n HORA devuelve una hora v\u00e1lida basada en las horas, minutos y segundos ingresados.<\/strong> En t\u00e9rminos simples, debe especificar todos los componentes de tiempo y crear\u00e1 un valor de tiempo con ellos y devolver\u00e1 el resultado.<\/p>\n<h3 class=\"wp-block-heading\"> <strong>Sintaxis<\/strong><\/h3>\n<p> <em>TIEMPO (hora, minuto, segundo)<\/em><\/p>\n<h3 class=\"wp-block-heading\"> <strong>Argumentos<\/strong><\/h3>\n<ul>\n<li> <strong>hora:<\/strong> el n\u00famero que se utilizar\u00e1 como valor de hora.<\/li>\n<li> <strong>minuto:<\/strong> el n\u00famero que se utilizar\u00e1 como valor de minuto.<\/li>\n<li> <strong>segundo:<\/strong> el n\u00famero que se utilizar\u00e1 como segundo valor.<\/li>\n<\/ul>\n<h3 class=\"wp-block-heading\"> <strong>Ejemplo<\/strong><\/h3>\n<p> En el siguiente ejemplo, utilizamos diferentes argumentos: <\/p>\n<div class=\"wp-block-image\">\n<figure class=\"aligncenter size-large is-resized\"><img loading=\"lazy\" decoding=\"async\" class=\"wp-image-37344\" src=\"https:\/\/exceladvisor.org\/wp-content\/uploads\/2023\/08\/Excel-fonction-de-temps-exemple-1.png\" sizes=\"auto, \" srcset=\"\" alt=\"funci\u00f3n-de-tiempo-excel-ejemplo-1\" width=\"538\" height=\"345\"><\/figure>\n<\/div>\n<ul>\n<li> La hora devuelta por esta funci\u00f3n est\u00e1 en formato de 12 horas.<\/li>\n<li> Si usa cero para el valor de la hora, esto le dar\u00e1 la hora desde la hora de inicio de un d\u00eda.<\/li>\n<li> Cuando especifica un n\u00famero negativo, restar\u00e1 ese valor de la hora, minuto o segundo anterior.<\/li>\n<li> La funci\u00f3n de tiempo devuelve un n\u00famero decimal que representa un tiempo particular en Excel. <\/li>\n<\/ul>\n<\/div>\n<\/div>\n<div class=\"wp-block-group groupx is-layout-constrained\">\n<div class=\"wp-block-group__inner-container\">\n<h2 class=\"wp-block-heading\"> 6. Funci\u00f3n VALOR DE TIEMPO<\/h2>\n<p> <strong>La funci\u00f3n TIMEVALUE devuelve la hora despu\u00e9s de convertir el texto que representa una hora a la hora real.<\/strong> En t\u00e9rminos simples, convierte la hora a una hora real formateada como texto.<\/p>\n<h3 class=\"wp-block-heading\"> <strong>Sintaxis<\/strong><\/h3>\n<p> <em>VALOR DE TIEMPO(tiempo_texto)<\/em><\/p>\n<h3 class=\"wp-block-heading\"> <strong>Argumentos<\/strong><\/h3>\n<ul>\n<li> <strong>time_text:<\/strong> un texto que es un valor de tiempo pero almacenado como texto.<\/li>\n<\/ul>\n<h3 class=\"wp-block-heading\"> <strong>Ejemplo<\/strong><\/h3>\n<p> Tenemos que probarlo en un ejemplo, as\u00ed que aseg\u00farese de verificar el siguiente: <\/p>\n<div class=\"wp-block-image\">\n<figure class=\"aligncenter size-large is-resized\"><img loading=\"lazy\" decoding=\"async\" class=\"wp-image-37347\" src=\"https:\/\/exceladvisor.org\/wp-content\/uploads\/2023\/08\/exemple-de-fonction-excel-timevalue-1.png\" sizes=\"auto, \" srcset=\"\" alt=\"Excel-valor-tiempo-funci\u00f3n-ejemplo-1\" width=\"501\" height=\"388\"><\/figure>\n<\/div>\n<p> Si utiliza un valor de hora de texto sin am\/pm, la funci\u00f3n devolver\u00e1 un n\u00famero de serie que representa la hora en formato de 24 horas. Puede cambiar el formato del n\u00famero de serie para obtener la hora.<\/p>\n<p> TIMEVALUE convertir\u00e1 cualquier valor de tiempo de texto reconocible por Excel a un n\u00famero decimal. Dado que las 12:00 es la hora de inicio del d\u00eda, la funci\u00f3n devuelve 0.<\/p>\n<p> Representa el tiempo de 00:00 a 23:59. Es bastante inteligente obtener la hora de una fecha si esa fecha contiene hora. Al usar TIMEVALUE, solo debe preocuparse por una fecha que Excel pueda reconocer.<\/p>\n<\/div>\n<\/div>\n","protected":false},"excerpt":{"rendered":"<p>archivos de muestra 1. Funci\u00f3n TIEMPO La funci\u00f3n HORA devuelve el valor de tiempo de un tiempo v\u00e1lido. El valor del tiempo se compone de horas, minutos y segundos y la funci\u00f3n HORA toma el valor de la hora e ignora el resto. Sintaxis HORA (n\u00famero de serie) Argumentos n\u00famero de serie: hora v\u00e1lida de [&hellip;]<\/p>\n","protected":false},"author":1,"featured_media":0,"parent":0,"menu_order":0,"comment_status":"open","ping_status":"closed","template":"","meta":{"ub_ctt_via":"","footnotes":""},"class_list":["post-640","page","type-page","status-publish","hentry"],"featured_image_src":null,"yoast_head":"<!-- This site is optimized with the Yoast SEO plugin v25.4 - https:\/\/yoast.com\/wordpress\/plugins\/seo\/ -->\n<title>\u00bfc\u00f3mo utilizar funciones de tiempo en excel?<\/title>\n<meta name=\"robots\" content=\"index, follow, max-snippet:-1, max-image-preview:large, max-video-preview:-1\" \/>\n<link rel=\"canonical\" href=\"https:\/\/exceladvisor.org\/es\/funciones-de-tiempo-de-excel\/\" \/>\n<meta property=\"og:locale\" content=\"es_ES\" \/>\n<meta property=\"og:type\" content=\"article\" \/>\n<meta property=\"og:title\" content=\"\u00bfc\u00f3mo utilizar funciones de tiempo en excel?\" \/>\n<meta property=\"og:description\" content=\"archivos de muestra 1. Funci\u00f3n TIEMPO La funci\u00f3n HORA devuelve el valor de tiempo de un tiempo v\u00e1lido. El valor del tiempo se compone de horas, minutos y segundos y la funci\u00f3n HORA toma el valor de la hora e ignora el resto. Sintaxis HORA (n\u00famero de serie) Argumentos n\u00famero de serie: hora v\u00e1lida de [&hellip;]\" \/>\n<meta property=\"og:url\" content=\"https:\/\/exceladvisor.org\/es\/funciones-de-tiempo-de-excel\/\" \/>\n<meta property=\"og:site_name\" content=\"Excel Advisor\" \/>\n<meta property=\"article:modified_time\" content=\"2023-12-25T10:28:06+00:00\" \/>\n<meta property=\"og:image\" content=\"https:\/\/exceladvisor.org\/wp-content\/uploads\/2023\/08\/Excel-fonction-heure-exemple-1.png\" \/>\n<meta name=\"twitter:card\" content=\"summary_large_image\" \/>\n<meta name=\"twitter:label1\" content=\"Tiempo de lectura\" \/>\n\t<meta name=\"twitter:data1\" content=\"4 minutos\" \/>\n<script type=\"application\/ld+json\" class=\"yoast-schema-graph\">{\"@context\":\"https:\/\/schema.org\",\"@graph\":[{\"@type\":\"WebPage\",\"@id\":\"https:\/\/exceladvisor.org\/es\/funciones-de-tiempo-de-excel\/\",\"url\":\"https:\/\/exceladvisor.org\/es\/funciones-de-tiempo-de-excel\/\",\"name\":\"\u00bfc\u00f3mo utilizar funciones de tiempo en excel?\",\"isPartOf\":{\"@id\":\"https:\/\/exceladvisor.org\/es\/#website\"},\"primaryImageOfPage\":{\"@id\":\"https:\/\/exceladvisor.org\/es\/funciones-de-tiempo-de-excel\/#primaryimage\"},\"image\":{\"@id\":\"https:\/\/exceladvisor.org\/es\/funciones-de-tiempo-de-excel\/#primaryimage\"},\"thumbnailUrl\":\"https:\/\/exceladvisor.org\/wp-content\/uploads\/2023\/08\/Excel-fonction-heure-exemple-1.png\",\"datePublished\":\"2023-10-15T13:08:31+00:00\",\"dateModified\":\"2023-12-25T10:28:06+00:00\",\"breadcrumb\":{\"@id\":\"https:\/\/exceladvisor.org\/es\/funciones-de-tiempo-de-excel\/#breadcrumb\"},\"inLanguage\":\"es\",\"potentialAction\":[{\"@type\":\"ReadAction\",\"target\":[\"https:\/\/exceladvisor.org\/es\/funciones-de-tiempo-de-excel\/\"]}]},{\"@type\":\"ImageObject\",\"inLanguage\":\"es\",\"@id\":\"https:\/\/exceladvisor.org\/es\/funciones-de-tiempo-de-excel\/#primaryimage\",\"url\":\"https:\/\/exceladvisor.org\/wp-content\/uploads\/2023\/08\/Excel-fonction-heure-exemple-1.png\",\"contentUrl\":\"https:\/\/exceladvisor.org\/wp-content\/uploads\/2023\/08\/Excel-fonction-heure-exemple-1.png\"},{\"@type\":\"BreadcrumbList\",\"@id\":\"https:\/\/exceladvisor.org\/es\/funciones-de-tiempo-de-excel\/#breadcrumb\",\"itemListElement\":[{\"@type\":\"ListItem\",\"position\":1,\"name\":\"Hogar\",\"item\":\"https:\/\/exceladvisor.org\/es\/\"},{\"@type\":\"ListItem\",\"position\":2,\"name\":\"\u00bfc\u00f3mo utilizar funciones de tiempo en excel?\"}]},{\"@type\":\"WebSite\",\"@id\":\"https:\/\/exceladvisor.org\/es\/#website\",\"url\":\"https:\/\/exceladvisor.org\/es\/\",\"name\":\"Excel Advisor\",\"description\":\"Su gu\u00eda para la dominaci\u00f3n de datos!\",\"publisher\":{\"@id\":\"https:\/\/exceladvisor.org\/es\/#organization\"},\"potentialAction\":[{\"@type\":\"SearchAction\",\"target\":{\"@type\":\"EntryPoint\",\"urlTemplate\":\"https:\/\/exceladvisor.org\/es\/?s={search_term_string}\"},\"query-input\":{\"@type\":\"PropertyValueSpecification\",\"valueRequired\":true,\"valueName\":\"search_term_string\"}}],\"inLanguage\":\"es\"},{\"@type\":\"Organization\",\"@id\":\"https:\/\/exceladvisor.org\/es\/#organization\",\"name\":\"Excel Advisor\",\"url\":\"https:\/\/exceladvisor.org\/es\/\",\"logo\":{\"@type\":\"ImageObject\",\"inLanguage\":\"es\",\"@id\":\"https:\/\/exceladvisor.org\/es\/#\/schema\/logo\/image\/\",\"url\":\"https:\/\/exceladvisor.org\/es\/wp-content\/uploads\/2023\/12\/exceladvisor.org_.png\",\"contentUrl\":\"https:\/\/exceladvisor.org\/es\/wp-content\/uploads\/2023\/12\/exceladvisor.org_.png\",\"width\":105,\"height\":36,\"caption\":\"Excel Advisor\"},\"image\":{\"@id\":\"https:\/\/exceladvisor.org\/es\/#\/schema\/logo\/image\/\"}}]}<\/script>\n<!-- \/ Yoast SEO plugin. -->","yoast_head_json":{"title":"\u00bfc\u00f3mo utilizar funciones de tiempo en excel?","robots":{"index":"index","follow":"follow","max-snippet":"max-snippet:-1","max-image-preview":"max-image-preview:large","max-video-preview":"max-video-preview:-1"},"canonical":"https:\/\/exceladvisor.org\/es\/funciones-de-tiempo-de-excel\/","og_locale":"es_ES","og_type":"article","og_title":"\u00bfc\u00f3mo utilizar funciones de tiempo en excel?","og_description":"archivos de muestra 1. Funci\u00f3n TIEMPO La funci\u00f3n HORA devuelve el valor de tiempo de un tiempo v\u00e1lido. El valor del tiempo se compone de horas, minutos y segundos y la funci\u00f3n HORA toma el valor de la hora e ignora el resto. Sintaxis HORA (n\u00famero de serie) Argumentos n\u00famero de serie: hora v\u00e1lida de [&hellip;]","og_url":"https:\/\/exceladvisor.org\/es\/funciones-de-tiempo-de-excel\/","og_site_name":"Excel Advisor","article_modified_time":"2023-12-25T10:28:06+00:00","og_image":[{"url":"https:\/\/exceladvisor.org\/wp-content\/uploads\/2023\/08\/Excel-fonction-heure-exemple-1.png","type":"","width":"","height":""}],"twitter_card":"summary_large_image","twitter_misc":{"Tiempo de lectura":"4 minutos"},"schema":{"@context":"https:\/\/schema.org","@graph":[{"@type":"WebPage","@id":"https:\/\/exceladvisor.org\/es\/funciones-de-tiempo-de-excel\/","url":"https:\/\/exceladvisor.org\/es\/funciones-de-tiempo-de-excel\/","name":"\u00bfc\u00f3mo utilizar funciones de tiempo en excel?","isPartOf":{"@id":"https:\/\/exceladvisor.org\/es\/#website"},"primaryImageOfPage":{"@id":"https:\/\/exceladvisor.org\/es\/funciones-de-tiempo-de-excel\/#primaryimage"},"image":{"@id":"https:\/\/exceladvisor.org\/es\/funciones-de-tiempo-de-excel\/#primaryimage"},"thumbnailUrl":"https:\/\/exceladvisor.org\/wp-content\/uploads\/2023\/08\/Excel-fonction-heure-exemple-1.png","datePublished":"2023-10-15T13:08:31+00:00","dateModified":"2023-12-25T10:28:06+00:00","breadcrumb":{"@id":"https:\/\/exceladvisor.org\/es\/funciones-de-tiempo-de-excel\/#breadcrumb"},"inLanguage":"es","potentialAction":[{"@type":"ReadAction","target":["https:\/\/exceladvisor.org\/es\/funciones-de-tiempo-de-excel\/"]}]},{"@type":"ImageObject","inLanguage":"es","@id":"https:\/\/exceladvisor.org\/es\/funciones-de-tiempo-de-excel\/#primaryimage","url":"https:\/\/exceladvisor.org\/wp-content\/uploads\/2023\/08\/Excel-fonction-heure-exemple-1.png","contentUrl":"https:\/\/exceladvisor.org\/wp-content\/uploads\/2023\/08\/Excel-fonction-heure-exemple-1.png"},{"@type":"BreadcrumbList","@id":"https:\/\/exceladvisor.org\/es\/funciones-de-tiempo-de-excel\/#breadcrumb","itemListElement":[{"@type":"ListItem","position":1,"name":"Hogar","item":"https:\/\/exceladvisor.org\/es\/"},{"@type":"ListItem","position":2,"name":"\u00bfc\u00f3mo utilizar funciones de tiempo en excel?"}]},{"@type":"WebSite","@id":"https:\/\/exceladvisor.org\/es\/#website","url":"https:\/\/exceladvisor.org\/es\/","name":"Excel Advisor","description":"Su gu\u00eda para la dominaci\u00f3n de datos!","publisher":{"@id":"https:\/\/exceladvisor.org\/es\/#organization"},"potentialAction":[{"@type":"SearchAction","target":{"@type":"EntryPoint","urlTemplate":"https:\/\/exceladvisor.org\/es\/?s={search_term_string}"},"query-input":{"@type":"PropertyValueSpecification","valueRequired":true,"valueName":"search_term_string"}}],"inLanguage":"es"},{"@type":"Organization","@id":"https:\/\/exceladvisor.org\/es\/#organization","name":"Excel Advisor","url":"https:\/\/exceladvisor.org\/es\/","logo":{"@type":"ImageObject","inLanguage":"es","@id":"https:\/\/exceladvisor.org\/es\/#\/schema\/logo\/image\/","url":"https:\/\/exceladvisor.org\/es\/wp-content\/uploads\/2023\/12\/exceladvisor.org_.png","contentUrl":"https:\/\/exceladvisor.org\/es\/wp-content\/uploads\/2023\/12\/exceladvisor.org_.png","width":105,"height":36,"caption":"Excel Advisor"},"image":{"@id":"https:\/\/exceladvisor.org\/es\/#\/schema\/logo\/image\/"}}]}},"yoast_meta":{"yoast_wpseo_title":"","yoast_wpseo_metadesc":"","yoast_wpseo_canonical":""},"_links":{"self":[{"href":"https:\/\/exceladvisor.org\/es\/wp-json\/wp\/v2\/pages\/640","targetHints":{"allow":["GET"]}}],"collection":[{"href":"https:\/\/exceladvisor.org\/es\/wp-json\/wp\/v2\/pages"}],"about":[{"href":"https:\/\/exceladvisor.org\/es\/wp-json\/wp\/v2\/types\/page"}],"author":[{"embeddable":true,"href":"https:\/\/exceladvisor.org\/es\/wp-json\/wp\/v2\/users\/1"}],"replies":[{"embeddable":true,"href":"https:\/\/exceladvisor.org\/es\/wp-json\/wp\/v2\/comments?post=640"}],"version-history":[{"count":1,"href":"https:\/\/exceladvisor.org\/es\/wp-json\/wp\/v2\/pages\/640\/revisions"}],"predecessor-version":[{"id":1269,"href":"https:\/\/exceladvisor.org\/es\/wp-json\/wp\/v2\/pages\/640\/revisions\/1269"}],"wp:attachment":[{"href":"https:\/\/exceladvisor.org\/es\/wp-json\/wp\/v2\/media?parent=640"}],"curies":[{"name":"wp","href":"https:\/\/api.w.org\/{rel}","templated":true}]}}