{"id":643,"date":"2023-10-15T11:17:44","date_gmt":"2023-10-15T11:17:44","guid":{"rendered":"https:\/\/exceladvisor.org\/es\/modificacion\/"},"modified":"2023-12-25T10:28:35","modified_gmt":"2023-12-25T10:28:35","slug":"modificacion","status":"publish","type":"page","link":"https:\/\/exceladvisor.org\/es\/modificacion\/","title":{"rendered":"\u00bfc\u00f3mo utilizar la funci\u00f3n mod en excel?"},"content":{"rendered":"<div class=\"excel-antes-del-contenido\" id=\"excel-1739893510\"><script type=\"text\/javascript\">\r\n\tatOptions = {\r\n\t\t'key' : 'c1158f160081d6540a8409e6925dab94',\r\n\t\t'format' : 'iframe',\r\n\t\t'height' : 250,\r\n\t\t'width' : 300,\r\n\t\t'params' : {}\r\n\t};\r\n<\/script>\r\n<script type=\"text\/javascript\" src=\"\/\/www.highperformanceformat.com\/c1158f160081d6540a8409e6925dab94\/invoke.js\"><\/script><\/div><p>MOD es parte de <a href=\"https:\/\/exceladvisor.org\/es\/a\/\">las funciones matem\u00e1ticas de Excel<\/a> . <strong>Devuelve el valor restante despu\u00e9s de dividir un n\u00famero con un divisor<\/strong> . En t\u00e9rminos simples, devuelve el valor que queda despu\u00e9s de la divisi\u00f3n. <\/p>\n<div class=\"wp-block-image\">\n<figure class=\"aligncenter size-full is-resized\"><img loading=\"lazy\" decoding=\"async\" class=\"wp-image-72723\" src=\"https:\/\/exceladvisor.org\/wp-content\/uploads\/2023\/08\/1-fonction-mod.png\" sizes=\"auto, \" srcset=\"\" alt=\"funci\u00f3n de modificaci\u00f3n\" width=\"548\" height=\"193\"><\/figure>\n<\/div>\n<h2 class=\"wp-block-heading\"> Sintaxis<\/h2>\n<p> MOD(n\u00famero, divisor)<\/p>\n<h2 class=\"wp-block-heading\"> Argumentos<\/h2>\n<ul>\n<li> <strong>n\u00famero<\/strong> : un n\u00famero que deseas dividir.<\/li>\n<li> <strong>divisor<\/strong> : un n\u00famero con el que quieres dividir.<\/li>\n<\/ul>\n<h2 class=\"wp-block-heading\"> Ejemplo<\/h2>\n<p> En el siguiente ejemplo, utilizamos MOD con los diferentes tipos de valores: <\/p>\n<div class=\"wp-block-image\">\n<figure class=\"aligncenter size-full is-resized\"><img loading=\"lazy\" decoding=\"async\" class=\"wp-image-72724\" src=\"https:\/\/exceladvisor.org\/wp-content\/uploads\/2023\/08\/2-mod-utilise-avec-des-valeurs-differentes.png\" sizes=\"auto, \" srcset=\"\" alt=\"mod-usado-con-diferentes-valores\" width=\"572\" height=\"510\"><\/figure>\n<\/div>\n<ol type=\"1\">\n<li> Si no queda resto despu\u00e9s de dividir dos n\u00fameros, devuelve cero.<\/li>\n<li> Si hay un lugar decimal en el divisor, considera ese lugar decimal y devuelve el resultado en base a eso.<\/li>\n<li> Si especifica cero para dividir, devuelve un 0 en el resultado. Al dividir un n\u00famero por cero se obtiene cero.<\/li>\n<li> Si el divisor es cero, devolver\u00e1 #DIV\/0!.<\/li>\n<li> Si omite especificar un n\u00famero para la divisi\u00f3n, devolver\u00e1 0 en el resultado.<\/li>\n<li> Y si omite especificar un divisor, devolver\u00e1 #DIV\/0!.<\/li>\n<li> Considerar\u00e1 valores negativos y devolver\u00e1 el mismo signo que el divisor.<\/li>\n<\/ol>\n<h2 class=\"wp-block-heading\"> Puntos importantes<\/h2>\n<ul>\n<li> \u00a1Devolver\u00e1 un #DIV\/0! error si el divisor es cero.<\/li>\n<li> Siempre devuelve un resultado con el mismo signo que el divisor.<\/li>\n<\/ul>\n","protected":false},"excerpt":{"rendered":"<p>MOD es parte de las funciones matem\u00e1ticas de Excel . Devuelve el valor restante despu\u00e9s de dividir un n\u00famero con un divisor . En t\u00e9rminos simples, devuelve el valor que queda despu\u00e9s de la divisi\u00f3n. Sintaxis MOD(n\u00famero, divisor) Argumentos n\u00famero : un n\u00famero que deseas dividir. divisor : un n\u00famero con el que quieres dividir. [&hellip;]<\/p>\n","protected":false},"author":1,"featured_media":0,"parent":0,"menu_order":0,"comment_status":"open","ping_status":"closed","template":"","meta":{"ub_ctt_via":"","footnotes":""},"class_list":["post-643","page","type-page","status-publish","hentry"],"featured_image_src":null,"yoast_head":"<!-- This site is optimized with the Yoast SEO plugin v25.4 - https:\/\/yoast.com\/wordpress\/plugins\/seo\/ -->\n<title>\u00bfc\u00f3mo utilizar la funci\u00f3n mod en excel?<\/title>\n<meta name=\"robots\" content=\"index, follow, max-snippet:-1, max-image-preview:large, max-video-preview:-1\" \/>\n<link rel=\"canonical\" href=\"https:\/\/exceladvisor.org\/es\/modificacion\/\" \/>\n<meta property=\"og:locale\" content=\"es_ES\" \/>\n<meta property=\"og:type\" content=\"article\" \/>\n<meta property=\"og:title\" content=\"\u00bfc\u00f3mo utilizar la funci\u00f3n mod en excel?\" \/>\n<meta property=\"og:description\" content=\"MOD es parte de las funciones matem\u00e1ticas de Excel . Devuelve el valor restante despu\u00e9s de dividir un n\u00famero con un divisor . En t\u00e9rminos simples, devuelve el valor que queda despu\u00e9s de la divisi\u00f3n. Sintaxis MOD(n\u00famero, divisor) Argumentos n\u00famero : un n\u00famero que deseas dividir. divisor : un n\u00famero con el que quieres dividir. [&hellip;]\" \/>\n<meta property=\"og:url\" content=\"https:\/\/exceladvisor.org\/es\/modificacion\/\" \/>\n<meta property=\"og:site_name\" content=\"Excel Advisor\" \/>\n<meta property=\"article:modified_time\" content=\"2023-12-25T10:28:35+00:00\" \/>\n<meta property=\"og:image\" content=\"https:\/\/exceladvisor.org\/wp-content\/uploads\/2023\/08\/1-fonction-mod.png\" \/>\n<meta name=\"twitter:card\" content=\"summary_large_image\" \/>\n<meta name=\"twitter:label1\" content=\"Tiempo de lectura\" \/>\n\t<meta name=\"twitter:data1\" content=\"1 minuto\" \/>\n<script type=\"application\/ld+json\" class=\"yoast-schema-graph\">{\"@context\":\"https:\/\/schema.org\",\"@graph\":[{\"@type\":\"WebPage\",\"@id\":\"https:\/\/exceladvisor.org\/es\/modificacion\/\",\"url\":\"https:\/\/exceladvisor.org\/es\/modificacion\/\",\"name\":\"\u00bfc\u00f3mo utilizar la funci\u00f3n mod en excel?\",\"isPartOf\":{\"@id\":\"https:\/\/exceladvisor.org\/es\/#website\"},\"primaryImageOfPage\":{\"@id\":\"https:\/\/exceladvisor.org\/es\/modificacion\/#primaryimage\"},\"image\":{\"@id\":\"https:\/\/exceladvisor.org\/es\/modificacion\/#primaryimage\"},\"thumbnailUrl\":\"https:\/\/exceladvisor.org\/wp-content\/uploads\/2023\/08\/1-fonction-mod.png\",\"datePublished\":\"2023-10-15T11:17:44+00:00\",\"dateModified\":\"2023-12-25T10:28:35+00:00\",\"breadcrumb\":{\"@id\":\"https:\/\/exceladvisor.org\/es\/modificacion\/#breadcrumb\"},\"inLanguage\":\"es\",\"potentialAction\":[{\"@type\":\"ReadAction\",\"target\":[\"https:\/\/exceladvisor.org\/es\/modificacion\/\"]}]},{\"@type\":\"ImageObject\",\"inLanguage\":\"es\",\"@id\":\"https:\/\/exceladvisor.org\/es\/modificacion\/#primaryimage\",\"url\":\"https:\/\/exceladvisor.org\/wp-content\/uploads\/2023\/08\/1-fonction-mod.png\",\"contentUrl\":\"https:\/\/exceladvisor.org\/wp-content\/uploads\/2023\/08\/1-fonction-mod.png\"},{\"@type\":\"BreadcrumbList\",\"@id\":\"https:\/\/exceladvisor.org\/es\/modificacion\/#breadcrumb\",\"itemListElement\":[{\"@type\":\"ListItem\",\"position\":1,\"name\":\"Hogar\",\"item\":\"https:\/\/exceladvisor.org\/es\/\"},{\"@type\":\"ListItem\",\"position\":2,\"name\":\"\u00bfc\u00f3mo utilizar la funci\u00f3n mod en excel?\"}]},{\"@type\":\"WebSite\",\"@id\":\"https:\/\/exceladvisor.org\/es\/#website\",\"url\":\"https:\/\/exceladvisor.org\/es\/\",\"name\":\"Excel Advisor\",\"description\":\"Su gu\u00eda para la dominaci\u00f3n de datos!\",\"publisher\":{\"@id\":\"https:\/\/exceladvisor.org\/es\/#organization\"},\"potentialAction\":[{\"@type\":\"SearchAction\",\"target\":{\"@type\":\"EntryPoint\",\"urlTemplate\":\"https:\/\/exceladvisor.org\/es\/?s={search_term_string}\"},\"query-input\":{\"@type\":\"PropertyValueSpecification\",\"valueRequired\":true,\"valueName\":\"search_term_string\"}}],\"inLanguage\":\"es\"},{\"@type\":\"Organization\",\"@id\":\"https:\/\/exceladvisor.org\/es\/#organization\",\"name\":\"Excel Advisor\",\"url\":\"https:\/\/exceladvisor.org\/es\/\",\"logo\":{\"@type\":\"ImageObject\",\"inLanguage\":\"es\",\"@id\":\"https:\/\/exceladvisor.org\/es\/#\/schema\/logo\/image\/\",\"url\":\"https:\/\/exceladvisor.org\/es\/wp-content\/uploads\/2023\/12\/exceladvisor.org_.png\",\"contentUrl\":\"https:\/\/exceladvisor.org\/es\/wp-content\/uploads\/2023\/12\/exceladvisor.org_.png\",\"width\":105,\"height\":36,\"caption\":\"Excel Advisor\"},\"image\":{\"@id\":\"https:\/\/exceladvisor.org\/es\/#\/schema\/logo\/image\/\"}}]}<\/script>\n<!-- \/ Yoast SEO plugin. -->","yoast_head_json":{"title":"\u00bfc\u00f3mo utilizar la funci\u00f3n mod en excel?","robots":{"index":"index","follow":"follow","max-snippet":"max-snippet:-1","max-image-preview":"max-image-preview:large","max-video-preview":"max-video-preview:-1"},"canonical":"https:\/\/exceladvisor.org\/es\/modificacion\/","og_locale":"es_ES","og_type":"article","og_title":"\u00bfc\u00f3mo utilizar la funci\u00f3n mod en excel?","og_description":"MOD es parte de las funciones matem\u00e1ticas de Excel . Devuelve el valor restante despu\u00e9s de dividir un n\u00famero con un divisor . En t\u00e9rminos simples, devuelve el valor que queda despu\u00e9s de la divisi\u00f3n. Sintaxis MOD(n\u00famero, divisor) Argumentos n\u00famero : un n\u00famero que deseas dividir. divisor : un n\u00famero con el que quieres dividir. [&hellip;]","og_url":"https:\/\/exceladvisor.org\/es\/modificacion\/","og_site_name":"Excel Advisor","article_modified_time":"2023-12-25T10:28:35+00:00","og_image":[{"url":"https:\/\/exceladvisor.org\/wp-content\/uploads\/2023\/08\/1-fonction-mod.png","type":"","width":"","height":""}],"twitter_card":"summary_large_image","twitter_misc":{"Tiempo de lectura":"1 minuto"},"schema":{"@context":"https:\/\/schema.org","@graph":[{"@type":"WebPage","@id":"https:\/\/exceladvisor.org\/es\/modificacion\/","url":"https:\/\/exceladvisor.org\/es\/modificacion\/","name":"\u00bfc\u00f3mo utilizar la funci\u00f3n mod en excel?","isPartOf":{"@id":"https:\/\/exceladvisor.org\/es\/#website"},"primaryImageOfPage":{"@id":"https:\/\/exceladvisor.org\/es\/modificacion\/#primaryimage"},"image":{"@id":"https:\/\/exceladvisor.org\/es\/modificacion\/#primaryimage"},"thumbnailUrl":"https:\/\/exceladvisor.org\/wp-content\/uploads\/2023\/08\/1-fonction-mod.png","datePublished":"2023-10-15T11:17:44+00:00","dateModified":"2023-12-25T10:28:35+00:00","breadcrumb":{"@id":"https:\/\/exceladvisor.org\/es\/modificacion\/#breadcrumb"},"inLanguage":"es","potentialAction":[{"@type":"ReadAction","target":["https:\/\/exceladvisor.org\/es\/modificacion\/"]}]},{"@type":"ImageObject","inLanguage":"es","@id":"https:\/\/exceladvisor.org\/es\/modificacion\/#primaryimage","url":"https:\/\/exceladvisor.org\/wp-content\/uploads\/2023\/08\/1-fonction-mod.png","contentUrl":"https:\/\/exceladvisor.org\/wp-content\/uploads\/2023\/08\/1-fonction-mod.png"},{"@type":"BreadcrumbList","@id":"https:\/\/exceladvisor.org\/es\/modificacion\/#breadcrumb","itemListElement":[{"@type":"ListItem","position":1,"name":"Hogar","item":"https:\/\/exceladvisor.org\/es\/"},{"@type":"ListItem","position":2,"name":"\u00bfc\u00f3mo utilizar la funci\u00f3n mod en excel?"}]},{"@type":"WebSite","@id":"https:\/\/exceladvisor.org\/es\/#website","url":"https:\/\/exceladvisor.org\/es\/","name":"Excel Advisor","description":"Su gu\u00eda para la dominaci\u00f3n de datos!","publisher":{"@id":"https:\/\/exceladvisor.org\/es\/#organization"},"potentialAction":[{"@type":"SearchAction","target":{"@type":"EntryPoint","urlTemplate":"https:\/\/exceladvisor.org\/es\/?s={search_term_string}"},"query-input":{"@type":"PropertyValueSpecification","valueRequired":true,"valueName":"search_term_string"}}],"inLanguage":"es"},{"@type":"Organization","@id":"https:\/\/exceladvisor.org\/es\/#organization","name":"Excel Advisor","url":"https:\/\/exceladvisor.org\/es\/","logo":{"@type":"ImageObject","inLanguage":"es","@id":"https:\/\/exceladvisor.org\/es\/#\/schema\/logo\/image\/","url":"https:\/\/exceladvisor.org\/es\/wp-content\/uploads\/2023\/12\/exceladvisor.org_.png","contentUrl":"https:\/\/exceladvisor.org\/es\/wp-content\/uploads\/2023\/12\/exceladvisor.org_.png","width":105,"height":36,"caption":"Excel Advisor"},"image":{"@id":"https:\/\/exceladvisor.org\/es\/#\/schema\/logo\/image\/"}}]}},"yoast_meta":{"yoast_wpseo_title":"","yoast_wpseo_metadesc":"","yoast_wpseo_canonical":""},"_links":{"self":[{"href":"https:\/\/exceladvisor.org\/es\/wp-json\/wp\/v2\/pages\/643","targetHints":{"allow":["GET"]}}],"collection":[{"href":"https:\/\/exceladvisor.org\/es\/wp-json\/wp\/v2\/pages"}],"about":[{"href":"https:\/\/exceladvisor.org\/es\/wp-json\/wp\/v2\/types\/page"}],"author":[{"embeddable":true,"href":"https:\/\/exceladvisor.org\/es\/wp-json\/wp\/v2\/users\/1"}],"replies":[{"embeddable":true,"href":"https:\/\/exceladvisor.org\/es\/wp-json\/wp\/v2\/comments?post=643"}],"version-history":[{"count":1,"href":"https:\/\/exceladvisor.org\/es\/wp-json\/wp\/v2\/pages\/643\/revisions"}],"predecessor-version":[{"id":1324,"href":"https:\/\/exceladvisor.org\/es\/wp-json\/wp\/v2\/pages\/643\/revisions\/1324"}],"wp:attachment":[{"href":"https:\/\/exceladvisor.org\/es\/wp-json\/wp\/v2\/media?parent=643"}],"curies":[{"name":"wp","href":"https:\/\/api.w.org\/{rel}","templated":true}]}}