{"id":644,"date":"2023-10-15T10:48:02","date_gmt":"2023-10-15T10:48:02","guid":{"rendered":"https:\/\/exceladvisor.org\/es\/sumos-2\/"},"modified":"2023-12-25T10:28:37","modified_gmt":"2023-12-25T10:28:37","slug":"sumos-2","status":"publish","type":"page","link":"https:\/\/exceladvisor.org\/es\/sumos-2\/","title":{"rendered":"\u00bfc\u00f3mo utilizar la funci\u00f3n sumifs en excel?"},"content":{"rendered":"<div class=\"excel-antes-del-contenido\" id=\"excel-1509342630\"><script type=\"text\/javascript\">\r\n\tatOptions = {\r\n\t\t'key' : 'c1158f160081d6540a8409e6925dab94',\r\n\t\t'format' : 'iframe',\r\n\t\t'height' : 250,\r\n\t\t'width' : 300,\r\n\t\t'params' : {}\r\n\t};\r\n<\/script>\r\n<script type=\"text\/javascript\" src=\"\/\/www.highperformanceformat.com\/c1158f160081d6540a8409e6925dab94\/invoke.js\"><\/script><\/div><p>SUMIFS <strong>devuelve la suma de n\u00fameros que cumplen varias condiciones<\/strong> que usted especifica. S\u00ed, puede especificar varias condiciones con las que realizar la prueba. A diferencia de SUMIF, puede definir m\u00faltiples condiciones y solo puede sumar valores que cumplan con todas esas condiciones. <\/p>\n<div class=\"wp-block-image\">\n<figure class=\"aligncenter size-full is-resized\"><img loading=\"lazy\" decoding=\"async\" class=\"wp-image-72738\" src=\"https:\/\/exceladvisor.org\/wp-content\/uploads\/2023\/08\/1-fonction-sumifs.png\" sizes=\"auto, \" srcset=\"\" alt=\"funci\u00f3n sumif\" width=\"588\" height=\"167\"><\/figure>\n<\/div>\n<h2 class=\"wp-block-heading\"> Sintaxis<\/h2>\n<p> <em>SUMIFS(rango_suma, rango_criterios1, criterios1, [rango_criterios2, criterios2],\u2026)<\/em><\/p>\n<h2 class=\"wp-block-heading\"> Argumentos<\/h2>\n<ul>\n<li> <strong>[sum_range]<\/strong> : un rango de celdas y valores que desea sumar.<\/li>\n<li> <strong>criterios_range1<\/strong> : un rango desde el cual desea probar los criterios.<\/li>\n<li> <strong>criterio1<\/strong> : un criterio que puede ser un n\u00famero, un texto, una expresi\u00f3n, una referencia de celda o una funci\u00f3n.<\/li>\n<li> <strong>[criteria_range2]<\/strong> : rango desde el cual desea probar los criterios.<\/li>\n<li> <strong>[criterio2]<\/strong> : un criterio que puede ser un n\u00famero, un texto, una expresi\u00f3n, una referencia de celda o una funci\u00f3n.<\/li>\n<\/ul>\n<h2 class=\"wp-block-heading\"> Ejemplo<\/h2>\n<p> En el siguiente ejemplo, utilizamos tres criterios diferentes para verificar las columnas A, B y C respectivamente, y arroj\u00f3 la suma de los valores en la columna E que cumplen con estos criterios. <\/p>\n<div class=\"wp-block-image\">\n<figure class=\"aligncenter size-full is-resized\"><img loading=\"lazy\" decoding=\"async\" class=\"wp-image-72739\" src=\"https:\/\/exceladvisor.org\/wp-content\/uploads\/2023\/08\/2-trois-criteres-differents-pour-les-sumifs.png\" sizes=\"auto, \" srcset=\"\" alt=\"tres-criterios-diferentes-para-sumas\" width=\"593\" height=\"587\"><\/figure>\n<\/div>\n<p> En el siguiente ejemplo, utilizamos <a href=\"https:\/\/exceladvisor.org\/es\/comodines-2\/\" data-wpil=\"url\">comodines<\/a> para especificar tres criterios diferentes. <\/p>\n<div class=\"wp-block-image\">\n<figure class=\"aligncenter size-full is-resized\"><img loading=\"lazy\" decoding=\"async\" class=\"wp-image-72740\" src=\"https:\/\/exceladvisor.org\/wp-content\/uploads\/2023\/08\/3-caracteres-sauvages-avec-sumif.png\" sizes=\"auto, \" srcset=\"\" alt=\"personajes-salvajes-con-sumif\" width=\"596\" height=\"569\"><\/figure>\n<\/div>\n<ul>\n<li> El primer rango de criterios es A2:A9 y los criterios de la celda A12 solo sumar\u00e1n las celdas que tengan el alfabeto O.<\/li>\n<li> El segundo rango de criterios es B2:B9 y los criterios de la celda B12 que solo sumar\u00e1n las celdas que tienen el alfabeto P. Se aplicar\u00e1 a todas las celdas que cumplan con la condici\u00f3n 1.<\/li>\n<li> El tercer rango de criterios es C2:C9 y el criterio en la celda C12 que sumar\u00e1 celdas con cualquier tipo de valor. Se aplicar\u00e1 a todas las celdas que cumplan las condiciones 1 y 2.<\/li>\n<\/ul>\n<h2 class=\"wp-block-heading\"> Comentarios<\/h2>\n<ol type=\"1\">\n<li> El tama\u00f1o del rango de criterios y el rango de suma deben ser del mismo tama\u00f1o.<\/li>\n<li> Si ignora la especificaci\u00f3n del rango SUMA, esto SUMAr\u00e1 los valores del rango de criterios que cumplen con los criterios.<\/li>\n<\/ol>\n<div class=\"more-box myList\">\n<p> <strong>M\u00e1s ejemplos<\/strong><\/p>\n<ul style=\"list-style-type: circle;\">\n<li> <a href=\"https:\/\/exceladvisor.org\/es\/suma-de-valores-entre-dos-fechas\/\">Rango de fechas SUMIFS<\/a><\/li>\n<li> <a href=\"https:\/\/exceladvisor.org\/es\/sumif-sumifs-o-logica\/\">SUMIFS con l\u00f3gica OR<\/a><\/li>\n<li> <a href=\"https:\/\/exceladvisor.org\/es\/sumos-no-iguales\/\">Suma de valores no iguales (SUMIFS)<\/a><\/li>\n<\/ul>\n<\/div>\n","protected":false},"excerpt":{"rendered":"<p>SUMIFS devuelve la suma de n\u00fameros que cumplen varias condiciones que usted especifica. S\u00ed, puede especificar varias condiciones con las que realizar la prueba. A diferencia de SUMIF, puede definir m\u00faltiples condiciones y solo puede sumar valores que cumplan con todas esas condiciones. Sintaxis SUMIFS(rango_suma, rango_criterios1, criterios1, [rango_criterios2, criterios2],\u2026) Argumentos [sum_range] : un rango de [&hellip;]<\/p>\n","protected":false},"author":1,"featured_media":0,"parent":0,"menu_order":0,"comment_status":"open","ping_status":"closed","template":"","meta":{"ub_ctt_via":"","footnotes":""},"class_list":["post-644","page","type-page","status-publish","hentry"],"featured_image_src":null,"yoast_head":"<!-- This site is optimized with the Yoast SEO plugin v25.4 - https:\/\/yoast.com\/wordpress\/plugins\/seo\/ -->\n<title>\u00bfc\u00f3mo utilizar la funci\u00f3n sumifs en excel?<\/title>\n<meta name=\"robots\" content=\"index, follow, max-snippet:-1, max-image-preview:large, max-video-preview:-1\" \/>\n<link rel=\"canonical\" href=\"https:\/\/exceladvisor.org\/es\/sumos-2\/\" \/>\n<meta property=\"og:locale\" content=\"es_ES\" \/>\n<meta property=\"og:type\" content=\"article\" \/>\n<meta property=\"og:title\" content=\"\u00bfc\u00f3mo utilizar la funci\u00f3n sumifs en excel?\" \/>\n<meta property=\"og:description\" content=\"SUMIFS devuelve la suma de n\u00fameros que cumplen varias condiciones que usted especifica. S\u00ed, puede especificar varias condiciones con las que realizar la prueba. A diferencia de SUMIF, puede definir m\u00faltiples condiciones y solo puede sumar valores que cumplan con todas esas condiciones. Sintaxis SUMIFS(rango_suma, rango_criterios1, criterios1, [rango_criterios2, criterios2],\u2026) Argumentos [sum_range] : un rango de [&hellip;]\" \/>\n<meta property=\"og:url\" content=\"https:\/\/exceladvisor.org\/es\/sumos-2\/\" \/>\n<meta property=\"og:site_name\" content=\"Excel Advisor\" \/>\n<meta property=\"article:modified_time\" content=\"2023-12-25T10:28:37+00:00\" \/>\n<meta property=\"og:image\" content=\"https:\/\/exceladvisor.org\/wp-content\/uploads\/2023\/08\/1-fonction-sumifs.png\" \/>\n<meta name=\"twitter:card\" content=\"summary_large_image\" \/>\n<meta name=\"twitter:label1\" content=\"Tiempo de lectura\" \/>\n\t<meta name=\"twitter:data1\" content=\"2 minutos\" \/>\n<script type=\"application\/ld+json\" class=\"yoast-schema-graph\">{\"@context\":\"https:\/\/schema.org\",\"@graph\":[{\"@type\":\"WebPage\",\"@id\":\"https:\/\/exceladvisor.org\/es\/sumos-2\/\",\"url\":\"https:\/\/exceladvisor.org\/es\/sumos-2\/\",\"name\":\"\u00bfc\u00f3mo utilizar la funci\u00f3n sumifs en excel?\",\"isPartOf\":{\"@id\":\"https:\/\/exceladvisor.org\/es\/#website\"},\"primaryImageOfPage\":{\"@id\":\"https:\/\/exceladvisor.org\/es\/sumos-2\/#primaryimage\"},\"image\":{\"@id\":\"https:\/\/exceladvisor.org\/es\/sumos-2\/#primaryimage\"},\"thumbnailUrl\":\"https:\/\/exceladvisor.org\/wp-content\/uploads\/2023\/08\/1-fonction-sumifs.png\",\"datePublished\":\"2023-10-15T10:48:02+00:00\",\"dateModified\":\"2023-12-25T10:28:37+00:00\",\"breadcrumb\":{\"@id\":\"https:\/\/exceladvisor.org\/es\/sumos-2\/#breadcrumb\"},\"inLanguage\":\"es\",\"potentialAction\":[{\"@type\":\"ReadAction\",\"target\":[\"https:\/\/exceladvisor.org\/es\/sumos-2\/\"]}]},{\"@type\":\"ImageObject\",\"inLanguage\":\"es\",\"@id\":\"https:\/\/exceladvisor.org\/es\/sumos-2\/#primaryimage\",\"url\":\"https:\/\/exceladvisor.org\/wp-content\/uploads\/2023\/08\/1-fonction-sumifs.png\",\"contentUrl\":\"https:\/\/exceladvisor.org\/wp-content\/uploads\/2023\/08\/1-fonction-sumifs.png\"},{\"@type\":\"BreadcrumbList\",\"@id\":\"https:\/\/exceladvisor.org\/es\/sumos-2\/#breadcrumb\",\"itemListElement\":[{\"@type\":\"ListItem\",\"position\":1,\"name\":\"Hogar\",\"item\":\"https:\/\/exceladvisor.org\/es\/\"},{\"@type\":\"ListItem\",\"position\":2,\"name\":\"\u00bfc\u00f3mo utilizar la funci\u00f3n sumifs en excel?\"}]},{\"@type\":\"WebSite\",\"@id\":\"https:\/\/exceladvisor.org\/es\/#website\",\"url\":\"https:\/\/exceladvisor.org\/es\/\",\"name\":\"Excel Advisor\",\"description\":\"Su gu\u00eda para la dominaci\u00f3n de datos!\",\"publisher\":{\"@id\":\"https:\/\/exceladvisor.org\/es\/#organization\"},\"potentialAction\":[{\"@type\":\"SearchAction\",\"target\":{\"@type\":\"EntryPoint\",\"urlTemplate\":\"https:\/\/exceladvisor.org\/es\/?s={search_term_string}\"},\"query-input\":{\"@type\":\"PropertyValueSpecification\",\"valueRequired\":true,\"valueName\":\"search_term_string\"}}],\"inLanguage\":\"es\"},{\"@type\":\"Organization\",\"@id\":\"https:\/\/exceladvisor.org\/es\/#organization\",\"name\":\"Excel Advisor\",\"url\":\"https:\/\/exceladvisor.org\/es\/\",\"logo\":{\"@type\":\"ImageObject\",\"inLanguage\":\"es\",\"@id\":\"https:\/\/exceladvisor.org\/es\/#\/schema\/logo\/image\/\",\"url\":\"https:\/\/exceladvisor.org\/es\/wp-content\/uploads\/2023\/12\/exceladvisor.org_.png\",\"contentUrl\":\"https:\/\/exceladvisor.org\/es\/wp-content\/uploads\/2023\/12\/exceladvisor.org_.png\",\"width\":105,\"height\":36,\"caption\":\"Excel Advisor\"},\"image\":{\"@id\":\"https:\/\/exceladvisor.org\/es\/#\/schema\/logo\/image\/\"}}]}<\/script>\n<!-- \/ Yoast SEO plugin. -->","yoast_head_json":{"title":"\u00bfc\u00f3mo utilizar la funci\u00f3n sumifs en excel?","robots":{"index":"index","follow":"follow","max-snippet":"max-snippet:-1","max-image-preview":"max-image-preview:large","max-video-preview":"max-video-preview:-1"},"canonical":"https:\/\/exceladvisor.org\/es\/sumos-2\/","og_locale":"es_ES","og_type":"article","og_title":"\u00bfc\u00f3mo utilizar la funci\u00f3n sumifs en excel?","og_description":"SUMIFS devuelve la suma de n\u00fameros que cumplen varias condiciones que usted especifica. S\u00ed, puede especificar varias condiciones con las que realizar la prueba. A diferencia de SUMIF, puede definir m\u00faltiples condiciones y solo puede sumar valores que cumplan con todas esas condiciones. Sintaxis SUMIFS(rango_suma, rango_criterios1, criterios1, [rango_criterios2, criterios2],\u2026) Argumentos [sum_range] : un rango de [&hellip;]","og_url":"https:\/\/exceladvisor.org\/es\/sumos-2\/","og_site_name":"Excel Advisor","article_modified_time":"2023-12-25T10:28:37+00:00","og_image":[{"url":"https:\/\/exceladvisor.org\/wp-content\/uploads\/2023\/08\/1-fonction-sumifs.png","type":"","width":"","height":""}],"twitter_card":"summary_large_image","twitter_misc":{"Tiempo de lectura":"2 minutos"},"schema":{"@context":"https:\/\/schema.org","@graph":[{"@type":"WebPage","@id":"https:\/\/exceladvisor.org\/es\/sumos-2\/","url":"https:\/\/exceladvisor.org\/es\/sumos-2\/","name":"\u00bfc\u00f3mo utilizar la funci\u00f3n sumifs en excel?","isPartOf":{"@id":"https:\/\/exceladvisor.org\/es\/#website"},"primaryImageOfPage":{"@id":"https:\/\/exceladvisor.org\/es\/sumos-2\/#primaryimage"},"image":{"@id":"https:\/\/exceladvisor.org\/es\/sumos-2\/#primaryimage"},"thumbnailUrl":"https:\/\/exceladvisor.org\/wp-content\/uploads\/2023\/08\/1-fonction-sumifs.png","datePublished":"2023-10-15T10:48:02+00:00","dateModified":"2023-12-25T10:28:37+00:00","breadcrumb":{"@id":"https:\/\/exceladvisor.org\/es\/sumos-2\/#breadcrumb"},"inLanguage":"es","potentialAction":[{"@type":"ReadAction","target":["https:\/\/exceladvisor.org\/es\/sumos-2\/"]}]},{"@type":"ImageObject","inLanguage":"es","@id":"https:\/\/exceladvisor.org\/es\/sumos-2\/#primaryimage","url":"https:\/\/exceladvisor.org\/wp-content\/uploads\/2023\/08\/1-fonction-sumifs.png","contentUrl":"https:\/\/exceladvisor.org\/wp-content\/uploads\/2023\/08\/1-fonction-sumifs.png"},{"@type":"BreadcrumbList","@id":"https:\/\/exceladvisor.org\/es\/sumos-2\/#breadcrumb","itemListElement":[{"@type":"ListItem","position":1,"name":"Hogar","item":"https:\/\/exceladvisor.org\/es\/"},{"@type":"ListItem","position":2,"name":"\u00bfc\u00f3mo utilizar la funci\u00f3n sumifs en excel?"}]},{"@type":"WebSite","@id":"https:\/\/exceladvisor.org\/es\/#website","url":"https:\/\/exceladvisor.org\/es\/","name":"Excel Advisor","description":"Su gu\u00eda para la dominaci\u00f3n de datos!","publisher":{"@id":"https:\/\/exceladvisor.org\/es\/#organization"},"potentialAction":[{"@type":"SearchAction","target":{"@type":"EntryPoint","urlTemplate":"https:\/\/exceladvisor.org\/es\/?s={search_term_string}"},"query-input":{"@type":"PropertyValueSpecification","valueRequired":true,"valueName":"search_term_string"}}],"inLanguage":"es"},{"@type":"Organization","@id":"https:\/\/exceladvisor.org\/es\/#organization","name":"Excel Advisor","url":"https:\/\/exceladvisor.org\/es\/","logo":{"@type":"ImageObject","inLanguage":"es","@id":"https:\/\/exceladvisor.org\/es\/#\/schema\/logo\/image\/","url":"https:\/\/exceladvisor.org\/es\/wp-content\/uploads\/2023\/12\/exceladvisor.org_.png","contentUrl":"https:\/\/exceladvisor.org\/es\/wp-content\/uploads\/2023\/12\/exceladvisor.org_.png","width":105,"height":36,"caption":"Excel Advisor"},"image":{"@id":"https:\/\/exceladvisor.org\/es\/#\/schema\/logo\/image\/"}}]}},"yoast_meta":{"yoast_wpseo_title":"","yoast_wpseo_metadesc":"","yoast_wpseo_canonical":""},"_links":{"self":[{"href":"https:\/\/exceladvisor.org\/es\/wp-json\/wp\/v2\/pages\/644","targetHints":{"allow":["GET"]}}],"collection":[{"href":"https:\/\/exceladvisor.org\/es\/wp-json\/wp\/v2\/pages"}],"about":[{"href":"https:\/\/exceladvisor.org\/es\/wp-json\/wp\/v2\/types\/page"}],"author":[{"embeddable":true,"href":"https:\/\/exceladvisor.org\/es\/wp-json\/wp\/v2\/users\/1"}],"replies":[{"embeddable":true,"href":"https:\/\/exceladvisor.org\/es\/wp-json\/wp\/v2\/comments?post=644"}],"version-history":[{"count":1,"href":"https:\/\/exceladvisor.org\/es\/wp-json\/wp\/v2\/pages\/644\/revisions"}],"predecessor-version":[{"id":1330,"href":"https:\/\/exceladvisor.org\/es\/wp-json\/wp\/v2\/pages\/644\/revisions\/1330"}],"wp:attachment":[{"href":"https:\/\/exceladvisor.org\/es\/wp-json\/wp\/v2\/media?parent=644"}],"curies":[{"name":"wp","href":"https:\/\/api.w.org\/{rel}","templated":true}]}}