{"id":645,"date":"2023-10-15T00:07:10","date_gmt":"2023-10-15T00:07:10","guid":{"rendered":"https:\/\/exceladvisor.org\/es\/justificar-completamente\/"},"modified":"2023-12-25T10:25:22","modified_gmt":"2023-12-25T10:25:22","slug":"justificar-completamente","status":"publish","type":"page","link":"https:\/\/exceladvisor.org\/es\/justificar-completamente\/","title":{"rendered":"\u00bfc\u00f3mo fusionar texto de varias celdas?"},"content":{"rendered":"<div class=\"excel-antes-del-contenido\" id=\"excel-172577438\"><script type=\"text\/javascript\">\r\n\tatOptions = {\r\n\t\t'key' : 'c1158f160081d6540a8409e6925dab94',\r\n\t\t'format' : 'iframe',\r\n\t\t'height' : 250,\r\n\t\t'width' : 300,\r\n\t\t'params' : {}\r\n\t};\r\n<\/script>\r\n<script type=\"text\/javascript\" src=\"\/\/www.highperformanceformat.com\/c1158f160081d6540a8409e6925dab94\/invoke.js\"><\/script><\/div><p>Finalizar el proceso de justificaci\u00f3n es una opci\u00f3n que ahorra tiempo en Excel. El objetivo principal de utilizar la justificaci\u00f3n de relleno en Excel es combinar datos de varias celdas en una sola celda.<\/p>\n<p> Si tienes un m\u00e9todo alternativo para fusionar texto en una celda, comp\u00e1rtelo. Sin embargo, completar la justificaci\u00f3n sigue siendo la opci\u00f3n preferida. Hoy, en este art\u00edculo, aprender\u00e1 c\u00f3mo fusionar texto de varias celdas en una sola celda usando justificaci\u00f3n de relleno.<\/p>\n<p> As\u00ed que comencemos (este es uno de esos <a style=\"outline: none;\" href=\"https:\/\/exceladvisor.org\/es\/consejo\/\" data-wpil=\"url\">consejos de Excel<\/a> que pueden ayudar a mejorar <a href=\"https:\/\/exceladvisor.org\/es\/habilidades-de-sobresalir\/\">las habilidades b\u00e1sicas de Excel<\/a> ).<\/p>\n<h2 id=\"tab-con-1\" class=\"wp-block-heading\"> Introducci\u00f3n r\u00e1pida:<\/h2>\n<p> Tomemos un ejemplo para comprender c\u00f3mo nos resulta \u00fatil completar la opci\u00f3n de justificaci\u00f3n para fusionar datos de varias celdas.<\/p>\n<p> A continuaci\u00f3n tienes texto en tres celdas. Pero, si miras de cerca, el texto en diferentes celdas es una sola oraci\u00f3n. Y, cuando intentamos combinarlos usando merge, simplemente obtuvimos el texto de la primera celda. <\/p>\n<div class=\"wp-block-image\">\n<figure class=\"aligncenter\"><img decoding=\"async\" src=\"https:\/\/exceladvisor.org\/wp-content\/uploads\/2023\/08\/Remplir-la-justification-peut-nous-aider-a-fusionner-les-donnees-dans-une-seule-cellule-2.gif\" sizes=\"\" srcset=\"\" alt=\"Utilice Rellenar Justificar en Excel para fusionar texto en una celda\"><\/figure>\n<\/div>\n<p> Pero usando la justificaci\u00f3n de relleno, puedes combinar todo el texto, como se muestra a continuaci\u00f3n. <\/p>\n<div class=\"wp-block-image\">\n<figure class=\"aligncenter\"><img decoding=\"async\" src=\"https:\/\/exceladvisor.org\/wp-content\/uploads\/2023\/08\/Remplir-la-justification-peut-nous-aider-a-fusionner-les-donnees-dans-une-seule-cellule-3.png\" sizes=\"\" srcset=\"\" alt=\"Utilice Rellenar Justificar en Excel para fusionar texto en una celda\"><\/figure>\n<\/div>\n<h2 id=\"tab-con-2\" class=\"wp-block-heading\"> C\u00f3mo utilizar<\/h2>\n<p> Siga estos sencillos pasos para utilizar texto combinado con justificaci\u00f3n de relleno.<\/p>\n<ol>\n<li> Primero, aseg\u00farese de que la columna en la que se captura su texto sea lo suficientemente ancha como para almacenar el texto completo en una sola celda.<\/li>\n<li> Ahora seleccione todas las celdas en las que est\u00e1 almacenado el texto.<\/li>\n<li> Vaya a la pesta\u00f1a Inicio -&gt; Editar grupo -&gt; Rellenar -&gt; Justificar.<\/li>\n<li> Ahora los datos seleccionados de varias celdas se convierten en una sola celda. <\/li>\n<\/ol>\n<div class=\"wp-block-image\">\n<figure class=\"aligncenter\"><img decoding=\"async\" src=\"https:\/\/exceladvisor.org\/wp-content\/uploads\/2023\/08\/Remplir-la-justification-peut-nous-aider-a-fusionner-les-donnees-dans-une-seule-cellule-4.gif\" sizes=\"\" srcset=\"\" alt=\"llenar justificar para reemplazar con la opci\u00f3n de fusionar\"><\/figure>\n<\/div>\n<h2 id=\"tab-con-3\" class=\"wp-block-heading\"> Tecla de acceso directo<\/h2>\n<p> Tambi\u00e9n puede <a href=\"https:\/\/exceladvisor.org\/es\/atajos-de-teclado\/\">utilizar una tecla de m\u00e9todo abreviado<\/a> para aplicar la justificaci\u00f3n de relleno: <kbd>Alt \u279c E \u279c I \u279c J<\/kbd><\/p>\n<h2 id=\"tab-con-4\" class=\"wp-block-heading\"> Puntos importantes<\/h2>\n<ol>\n<li> S\u00f3lo puede combinar datos en forma de texto. Los n\u00fameros no pueden fusionarse en una sola celda usando justificaci\u00f3n de relleno.<\/li>\n<li> S\u00f3lo 255 caracteres pueden fusionarse en una sola celda. Si tiene m\u00e1s de 255 caracteres, el resto de los caracteres no se fusionar\u00e1n en la celda.<\/li>\n<li> El ancho de la columna es un factor muy importante cuando se utiliza la justificaci\u00f3n de relleno.<\/li>\n<\/ol>\n<div class=\"gb-container gb-container-4db6181c gb-container-mt\"> <a class=\"gb-button gb-button-c5897111 gb-button-text gb-button-mt-button\" href=\"https:\/\/exceladvisor.org\/es\/conceptos-basicos-de-excel\/\">Conceptos b\u00e1sicos de Microsoft Excel (componentes, piezas y notas de conocimiento)<\/a><\/p>\n<h2 class=\"gb-headline gb-headline-665e5f6b gb-headline-text gb-headline-mt-heading\"> Tutoriales relacionados <\/h2>\n<div class=\"gb-grid-wrapper gb-grid-wrapper-a20baf7c gb-grid-wrapper-mt-grid\">\n<div class=\"gb-grid-column gb-grid-column-65ddf67e\">\n<div class=\"gb-container gb-container-65ddf67e\">\n<ul>\n<li> <a href=\"https:\/\/exceladvisor.org\/es\/barra-de-formulas-de-excel\/\">Barra de f\u00f3rmulas en Excel<\/a><\/li>\n<li> <a href=\"https:\/\/exceladvisor.org\/es\/agregar-un-encabezado-de-pie-de-pagina\/\">Agregar un encabezado y pie de p\u00e1gina en Excel<\/a><\/li>\n<li> <a href=\"https:\/\/exceladvisor.org\/es\/gobernante\/\">Mostrar regla en Excel<\/a><\/li>\n<li> <a href=\"https:\/\/exceladvisor.org\/es\/mango-de-llenado\/\">Controlador de relleno en Excel<\/a><\/li>\n<li> <a href=\"https:\/\/exceladvisor.org\/es\/formato-pintor\/\">Copiar formato en Excel<\/a> <\/li>\n<\/ul>\n<\/div>\n<\/div>\n<div class=\"gb-grid-column gb-grid-column-50067b57\">\n<div class=\"gb-container gb-container-50067b57\"><\/div>\n<\/div>\n<\/div>\n<\/div>\n","protected":false},"excerpt":{"rendered":"<p>Finalizar el proceso de justificaci\u00f3n es una opci\u00f3n que ahorra tiempo en Excel. El objetivo principal de utilizar la justificaci\u00f3n de relleno en Excel es combinar datos de varias celdas en una sola celda. Si tienes un m\u00e9todo alternativo para fusionar texto en una celda, comp\u00e1rtelo. Sin embargo, completar la justificaci\u00f3n sigue siendo la opci\u00f3n [&hellip;]<\/p>\n","protected":false},"author":1,"featured_media":0,"parent":0,"menu_order":0,"comment_status":"open","ping_status":"closed","template":"","meta":{"ub_ctt_via":"","footnotes":""},"class_list":["post-645","page","type-page","status-publish","hentry"],"featured_image_src":null,"yoast_head":"<!-- This site is optimized with the Yoast SEO plugin v25.4 - https:\/\/yoast.com\/wordpress\/plugins\/seo\/ -->\n<title>\u00bfc\u00f3mo fusionar texto de varias celdas?<\/title>\n<meta name=\"robots\" content=\"index, follow, max-snippet:-1, max-image-preview:large, max-video-preview:-1\" \/>\n<link rel=\"canonical\" href=\"https:\/\/exceladvisor.org\/es\/justificar-completamente\/\" \/>\n<meta property=\"og:locale\" content=\"es_ES\" \/>\n<meta property=\"og:type\" content=\"article\" \/>\n<meta property=\"og:title\" content=\"\u00bfc\u00f3mo fusionar texto de varias celdas?\" \/>\n<meta property=\"og:description\" content=\"Finalizar el proceso de justificaci\u00f3n es una opci\u00f3n que ahorra tiempo en Excel. El objetivo principal de utilizar la justificaci\u00f3n de relleno en Excel es combinar datos de varias celdas en una sola celda. Si tienes un m\u00e9todo alternativo para fusionar texto en una celda, comp\u00e1rtelo. Sin embargo, completar la justificaci\u00f3n sigue siendo la opci\u00f3n [&hellip;]\" \/>\n<meta property=\"og:url\" content=\"https:\/\/exceladvisor.org\/es\/justificar-completamente\/\" \/>\n<meta property=\"og:site_name\" content=\"Excel Advisor\" \/>\n<meta property=\"article:modified_time\" content=\"2023-12-25T10:25:22+00:00\" \/>\n<meta property=\"og:image\" content=\"https:\/\/exceladvisor.org\/wp-content\/uploads\/2023\/08\/Remplir-la-justification-peut-nous-aider-a-fusionner-les-donnees-dans-une-seule-cellule-2.gif\" \/>\n<meta name=\"twitter:card\" content=\"summary_large_image\" \/>\n<meta name=\"twitter:label1\" content=\"Tiempo de lectura\" \/>\n\t<meta name=\"twitter:data1\" content=\"2 minutos\" \/>\n<script type=\"application\/ld+json\" class=\"yoast-schema-graph\">{\"@context\":\"https:\/\/schema.org\",\"@graph\":[{\"@type\":\"WebPage\",\"@id\":\"https:\/\/exceladvisor.org\/es\/justificar-completamente\/\",\"url\":\"https:\/\/exceladvisor.org\/es\/justificar-completamente\/\",\"name\":\"\u00bfc\u00f3mo fusionar texto de varias celdas?\",\"isPartOf\":{\"@id\":\"https:\/\/exceladvisor.org\/es\/#website\"},\"primaryImageOfPage\":{\"@id\":\"https:\/\/exceladvisor.org\/es\/justificar-completamente\/#primaryimage\"},\"image\":{\"@id\":\"https:\/\/exceladvisor.org\/es\/justificar-completamente\/#primaryimage\"},\"thumbnailUrl\":\"https:\/\/exceladvisor.org\/wp-content\/uploads\/2023\/08\/Remplir-la-justification-peut-nous-aider-a-fusionner-les-donnees-dans-une-seule-cellule-2.gif\",\"datePublished\":\"2023-10-15T00:07:10+00:00\",\"dateModified\":\"2023-12-25T10:25:22+00:00\",\"breadcrumb\":{\"@id\":\"https:\/\/exceladvisor.org\/es\/justificar-completamente\/#breadcrumb\"},\"inLanguage\":\"es\",\"potentialAction\":[{\"@type\":\"ReadAction\",\"target\":[\"https:\/\/exceladvisor.org\/es\/justificar-completamente\/\"]}]},{\"@type\":\"ImageObject\",\"inLanguage\":\"es\",\"@id\":\"https:\/\/exceladvisor.org\/es\/justificar-completamente\/#primaryimage\",\"url\":\"https:\/\/exceladvisor.org\/wp-content\/uploads\/2023\/08\/Remplir-la-justification-peut-nous-aider-a-fusionner-les-donnees-dans-une-seule-cellule-2.gif\",\"contentUrl\":\"https:\/\/exceladvisor.org\/wp-content\/uploads\/2023\/08\/Remplir-la-justification-peut-nous-aider-a-fusionner-les-donnees-dans-une-seule-cellule-2.gif\"},{\"@type\":\"BreadcrumbList\",\"@id\":\"https:\/\/exceladvisor.org\/es\/justificar-completamente\/#breadcrumb\",\"itemListElement\":[{\"@type\":\"ListItem\",\"position\":1,\"name\":\"Hogar\",\"item\":\"https:\/\/exceladvisor.org\/es\/\"},{\"@type\":\"ListItem\",\"position\":2,\"name\":\"\u00bfc\u00f3mo fusionar texto de varias celdas?\"}]},{\"@type\":\"WebSite\",\"@id\":\"https:\/\/exceladvisor.org\/es\/#website\",\"url\":\"https:\/\/exceladvisor.org\/es\/\",\"name\":\"Excel Advisor\",\"description\":\"Su gu\u00eda para la dominaci\u00f3n de datos!\",\"publisher\":{\"@id\":\"https:\/\/exceladvisor.org\/es\/#organization\"},\"potentialAction\":[{\"@type\":\"SearchAction\",\"target\":{\"@type\":\"EntryPoint\",\"urlTemplate\":\"https:\/\/exceladvisor.org\/es\/?s={search_term_string}\"},\"query-input\":{\"@type\":\"PropertyValueSpecification\",\"valueRequired\":true,\"valueName\":\"search_term_string\"}}],\"inLanguage\":\"es\"},{\"@type\":\"Organization\",\"@id\":\"https:\/\/exceladvisor.org\/es\/#organization\",\"name\":\"Excel Advisor\",\"url\":\"https:\/\/exceladvisor.org\/es\/\",\"logo\":{\"@type\":\"ImageObject\",\"inLanguage\":\"es\",\"@id\":\"https:\/\/exceladvisor.org\/es\/#\/schema\/logo\/image\/\",\"url\":\"https:\/\/exceladvisor.org\/es\/wp-content\/uploads\/2023\/12\/exceladvisor.org_.png\",\"contentUrl\":\"https:\/\/exceladvisor.org\/es\/wp-content\/uploads\/2023\/12\/exceladvisor.org_.png\",\"width\":105,\"height\":36,\"caption\":\"Excel Advisor\"},\"image\":{\"@id\":\"https:\/\/exceladvisor.org\/es\/#\/schema\/logo\/image\/\"}}]}<\/script>\n<!-- \/ Yoast SEO plugin. -->","yoast_head_json":{"title":"\u00bfc\u00f3mo fusionar texto de varias celdas?","robots":{"index":"index","follow":"follow","max-snippet":"max-snippet:-1","max-image-preview":"max-image-preview:large","max-video-preview":"max-video-preview:-1"},"canonical":"https:\/\/exceladvisor.org\/es\/justificar-completamente\/","og_locale":"es_ES","og_type":"article","og_title":"\u00bfc\u00f3mo fusionar texto de varias celdas?","og_description":"Finalizar el proceso de justificaci\u00f3n es una opci\u00f3n que ahorra tiempo en Excel. El objetivo principal de utilizar la justificaci\u00f3n de relleno en Excel es combinar datos de varias celdas en una sola celda. Si tienes un m\u00e9todo alternativo para fusionar texto en una celda, comp\u00e1rtelo. Sin embargo, completar la justificaci\u00f3n sigue siendo la opci\u00f3n [&hellip;]","og_url":"https:\/\/exceladvisor.org\/es\/justificar-completamente\/","og_site_name":"Excel Advisor","article_modified_time":"2023-12-25T10:25:22+00:00","og_image":[{"url":"https:\/\/exceladvisor.org\/wp-content\/uploads\/2023\/08\/Remplir-la-justification-peut-nous-aider-a-fusionner-les-donnees-dans-une-seule-cellule-2.gif","type":"","width":"","height":""}],"twitter_card":"summary_large_image","twitter_misc":{"Tiempo de lectura":"2 minutos"},"schema":{"@context":"https:\/\/schema.org","@graph":[{"@type":"WebPage","@id":"https:\/\/exceladvisor.org\/es\/justificar-completamente\/","url":"https:\/\/exceladvisor.org\/es\/justificar-completamente\/","name":"\u00bfc\u00f3mo fusionar texto de varias celdas?","isPartOf":{"@id":"https:\/\/exceladvisor.org\/es\/#website"},"primaryImageOfPage":{"@id":"https:\/\/exceladvisor.org\/es\/justificar-completamente\/#primaryimage"},"image":{"@id":"https:\/\/exceladvisor.org\/es\/justificar-completamente\/#primaryimage"},"thumbnailUrl":"https:\/\/exceladvisor.org\/wp-content\/uploads\/2023\/08\/Remplir-la-justification-peut-nous-aider-a-fusionner-les-donnees-dans-une-seule-cellule-2.gif","datePublished":"2023-10-15T00:07:10+00:00","dateModified":"2023-12-25T10:25:22+00:00","breadcrumb":{"@id":"https:\/\/exceladvisor.org\/es\/justificar-completamente\/#breadcrumb"},"inLanguage":"es","potentialAction":[{"@type":"ReadAction","target":["https:\/\/exceladvisor.org\/es\/justificar-completamente\/"]}]},{"@type":"ImageObject","inLanguage":"es","@id":"https:\/\/exceladvisor.org\/es\/justificar-completamente\/#primaryimage","url":"https:\/\/exceladvisor.org\/wp-content\/uploads\/2023\/08\/Remplir-la-justification-peut-nous-aider-a-fusionner-les-donnees-dans-une-seule-cellule-2.gif","contentUrl":"https:\/\/exceladvisor.org\/wp-content\/uploads\/2023\/08\/Remplir-la-justification-peut-nous-aider-a-fusionner-les-donnees-dans-une-seule-cellule-2.gif"},{"@type":"BreadcrumbList","@id":"https:\/\/exceladvisor.org\/es\/justificar-completamente\/#breadcrumb","itemListElement":[{"@type":"ListItem","position":1,"name":"Hogar","item":"https:\/\/exceladvisor.org\/es\/"},{"@type":"ListItem","position":2,"name":"\u00bfc\u00f3mo fusionar texto de varias celdas?"}]},{"@type":"WebSite","@id":"https:\/\/exceladvisor.org\/es\/#website","url":"https:\/\/exceladvisor.org\/es\/","name":"Excel Advisor","description":"Su gu\u00eda para la dominaci\u00f3n de datos!","publisher":{"@id":"https:\/\/exceladvisor.org\/es\/#organization"},"potentialAction":[{"@type":"SearchAction","target":{"@type":"EntryPoint","urlTemplate":"https:\/\/exceladvisor.org\/es\/?s={search_term_string}"},"query-input":{"@type":"PropertyValueSpecification","valueRequired":true,"valueName":"search_term_string"}}],"inLanguage":"es"},{"@type":"Organization","@id":"https:\/\/exceladvisor.org\/es\/#organization","name":"Excel Advisor","url":"https:\/\/exceladvisor.org\/es\/","logo":{"@type":"ImageObject","inLanguage":"es","@id":"https:\/\/exceladvisor.org\/es\/#\/schema\/logo\/image\/","url":"https:\/\/exceladvisor.org\/es\/wp-content\/uploads\/2023\/12\/exceladvisor.org_.png","contentUrl":"https:\/\/exceladvisor.org\/es\/wp-content\/uploads\/2023\/12\/exceladvisor.org_.png","width":105,"height":36,"caption":"Excel Advisor"},"image":{"@id":"https:\/\/exceladvisor.org\/es\/#\/schema\/logo\/image\/"}}]}},"yoast_meta":{"yoast_wpseo_title":"","yoast_wpseo_metadesc":"","yoast_wpseo_canonical":""},"_links":{"self":[{"href":"https:\/\/exceladvisor.org\/es\/wp-json\/wp\/v2\/pages\/645","targetHints":{"allow":["GET"]}}],"collection":[{"href":"https:\/\/exceladvisor.org\/es\/wp-json\/wp\/v2\/pages"}],"about":[{"href":"https:\/\/exceladvisor.org\/es\/wp-json\/wp\/v2\/types\/page"}],"author":[{"embeddable":true,"href":"https:\/\/exceladvisor.org\/es\/wp-json\/wp\/v2\/users\/1"}],"replies":[{"embeddable":true,"href":"https:\/\/exceladvisor.org\/es\/wp-json\/wp\/v2\/comments?post=645"}],"version-history":[{"count":1,"href":"https:\/\/exceladvisor.org\/es\/wp-json\/wp\/v2\/pages\/645\/revisions"}],"predecessor-version":[{"id":1048,"href":"https:\/\/exceladvisor.org\/es\/wp-json\/wp\/v2\/pages\/645\/revisions\/1048"}],"wp:attachment":[{"href":"https:\/\/exceladvisor.org\/es\/wp-json\/wp\/v2\/media?parent=645"}],"curies":[{"name":"wp","href":"https:\/\/api.w.org\/{rel}","templated":true}]}}