{"id":646,"date":"2023-10-14T20:26:54","date_gmt":"2023-10-14T20:26:54","guid":{"rendered":"https:\/\/exceladvisor.org\/es\/deseleccionar-celdas\/"},"modified":"2023-12-25T10:23:22","modified_gmt":"2023-12-25T10:23:22","slug":"deseleccionar-celdas","status":"publish","type":"page","link":"https:\/\/exceladvisor.org\/es\/deseleccionar-celdas\/","title":{"rendered":"\u00bfc\u00f3mo anular la selecci\u00f3n de celdas en excel?"},"content":{"rendered":"<div class=\"excel-antes-del-contenido\" id=\"excel-2823154610\"><script type=\"text\/javascript\">\r\n\tatOptions = {\r\n\t\t'key' : 'c1158f160081d6540a8409e6925dab94',\r\n\t\t'format' : 'iframe',\r\n\t\t'height' : 250,\r\n\t\t'width' : 300,\r\n\t\t'params' : {}\r\n\t};\r\n<\/script>\r\n<script type=\"text\/javascript\" src=\"\/\/www.highperformanceformat.com\/c1158f160081d6540a8409e6925dab94\/invoke.js\"><\/script><\/div><p>Hasta ahora, Excel no ten\u00eda la capacidad de anular la selecci\u00f3n de celdas o un rango del rango de celdas seleccionado. As\u00ed nadie podr\u00eda deseleccionar celdas o un rango de celdas de su selecci\u00f3n.<\/p>\n<p> Pero ahora Excel ha introducido la funci\u00f3n para anular la selecci\u00f3n de celdas seleccionadas o un rango de celdas de su selecci\u00f3n actual. Al momento de escribir este blog, esta nueva funci\u00f3n solo est\u00e1 disponible para suscriptores de PC y Mac de Office 365 y Excel 2019.<\/p>\n<p> A continuaci\u00f3n, hemos capturado algunos pasos r\u00e1pidos y sencillos para que pueda anular la selecci\u00f3n y seleccionar celdas en Excel.<\/p>\n<h2 id=\"deselect-cells-in-excel\" class=\"wp-block-heading\"> Deseleccionar celdas en Excel<\/h2>\n<p> Despu\u00e9s de agregar la funci\u00f3n Deseleccionar celdas en Excel, resulta f\u00e1cil deseleccionar las celdas que no necesita de su selecci\u00f3n actual.<\/p>\n<ul>\n<li> Primero, mantenga presionada la tecla \u00abControl\u00bb en el teclado.<\/li>\n<li> Despu\u00e9s de eso, haga clic en las celdas de su selecci\u00f3n actual que desea anular la selecci\u00f3n de la selecci\u00f3n. <\/li>\n<\/ul>\n<div class=\"wp-block-image\">\n<figure class=\"aligncenter size-full is-resized\"><img loading=\"lazy\" decoding=\"async\" class=\"wp-image-64054\" src=\"https:\/\/exceladvisor.org\/wp-content\/uploads\/2023\/08\/1-deselectionner-les-cellules.png\" sizes=\"auto, \" srcset=\"\" alt=\"deseleccionar celdas\" width=\"580\" height=\"284\"><\/figure>\n<\/div>\n<p> En la imagen de ejemplo de arriba, mantuvimos presionada la tecla Control e hicimos clic en las celdas B1, B3 y B7 para anular la selecci\u00f3n de esas columnas de la selecci\u00f3n actual (A1-I15). Puede ver despu\u00e9s de la selecci\u00f3n que las columnas seleccionadas no est\u00e1n seleccionadas.<\/p>\n<h2 id=\"deselect-the-entire-columns-in-excel\" class=\"wp-block-heading\"> Deseleccionar columnas enteras en Excel<\/h2>\n<ul>\n<li> Primero, mantenga presionada la tecla \u00abControl\u00bb en el teclado.<\/li>\n<li> Despu\u00e9s de eso, haga clic en el encabezado de la columna y arr\u00e1strelo a toda la columna para anular la selecci\u00f3n de esa columna de su selecci\u00f3n actual. <\/li>\n<\/ul>\n<div class=\"wp-block-image\">\n<figure class=\"aligncenter size-full is-resized\"><img loading=\"lazy\" decoding=\"async\" class=\"wp-image-64055\" src=\"https:\/\/exceladvisor.org\/wp-content\/uploads\/2023\/08\/2-deselectionner-la-colonne-entiere.png\" sizes=\"auto, \" srcset=\"\" alt=\"deseleccionar-columna-completa\" width=\"654\" height=\"303\"><\/figure>\n<\/div>\n<p> En la imagen de ejemplo de arriba, mantuvimos presionada la tecla Control e hicimos clic en el encabezado de la columna (Categor\u00eda), arrastramos toda la columna a D15 e hicimos lo mismo: encabezado de columna (Zona) para anular la selecci\u00f3n de estas dos columnas completas (D y F) de la selecci\u00f3n actual (A1-I15).<\/p>\n<h2 id=\"select-cells-or-ranges-in-excel\" class=\"wp-block-heading\"> Seleccionar celdas o rangos en Excel<\/h2>\n<p> No hay cambios en la selecci\u00f3n de celdas o el rango de celdas en Excel. El proceso de selecci\u00f3n de celda es el mismo y se muestra a continuaci\u00f3n:<\/p>\n<ul>\n<li> Para celdas contiguas, seleccione la celda desde la cual desea crear su selecci\u00f3n y<\/li>\n<li> Despu\u00e9s de eso, mantenga presionado el bot\u00f3n \u00abShift\u00bb en el teclado y luego haga clic en la otra celda hasta la cual desea crear una selecci\u00f3n.<\/li>\n<li> O seleccione la celda desde la que desea crear su selecci\u00f3n y luego arr\u00e1strela a la celda en la que desea crear una selecci\u00f3n. <\/li>\n<\/ul>\n<div class=\"wp-block-image\">\n<figure class=\"aligncenter size-full is-resized\"><img loading=\"lazy\" decoding=\"async\" class=\"wp-image-64056\" src=\"https:\/\/exceladvisor.org\/wp-content\/uploads\/2023\/08\/3-selectionner-des-cellules-contigues.png\" sizes=\"auto, \" srcset=\"\" alt=\"seleccionar celdas contiguas\" width=\"589\" height=\"295\"><\/figure>\n<\/div>\n<p> En la imagen de ejemplo de arriba, primero hicimos clic y mantuvimos presionada la tecla May\u00fas en la celda A1, luego hicimos clic directamente en la celda I15 para crear una selecci\u00f3n de (A1-I15).<\/p>\n<ul>\n<li> Para celdas no contiguas, mantenga presionada la tecla Control, luego seleccione las celdas o rangos deseados como su selecci\u00f3n. <\/li>\n<\/ul>\n<div class=\"wp-block-image\">\n<figure class=\"aligncenter size-full is-resized\"><img loading=\"lazy\" decoding=\"async\" class=\"wp-image-64057\" src=\"https:\/\/exceladvisor.org\/wp-content\/uploads\/2023\/08\/4-selectionner-des-cellules-non-contigues.png\" sizes=\"auto, \" srcset=\"\" alt=\"seleccionar celdas no contiguas\" width=\"646\" height=\"266\"><\/figure>\n<\/div>\n<p> En la imagen de ejemplo de arriba, mantuvimos presionada la tecla Control y seleccionamos los rangos de celdas no contiguas.<\/p>\n<div class=\"gb-container gb-container-4db6181c gb-container-mt\"> <a class=\"gb-button gb-button-c5897111 gb-button-text gb-button-mt-button\" href=\"https:\/\/exceladvisor.org\/es\/conceptos-basicos-de-excel\/\">Conceptos b\u00e1sicos de Microsoft Excel (componentes, piezas y notas de conocimiento)<\/a><\/p>\n<h2 class=\"gb-headline gb-headline-665e5f6b gb-headline-text gb-headline-mt-heading\"> Tutoriales relacionados <\/h2>\n<div class=\"gb-grid-wrapper gb-grid-wrapper-a20baf7c gb-grid-wrapper-mt-grid\">\n<div class=\"gb-grid-column gb-grid-column-65ddf67e\">\n<div class=\"gb-container gb-container-65ddf67e\">\n<ul>\n<li> <a href=\"https:\/\/exceladvisor.org\/es\/agregar-eliminar-hipervinculos\/\">Agregar y eliminar hiperv\u00ednculos en Excel<\/a><\/li>\n<li> <a href=\"https:\/\/exceladvisor.org\/es\/agregar-marca-de-agua\/\">Agregar una marca de agua en Excel<\/a><\/li>\n<li> <a href=\"https:\/\/exceladvisor.org\/es\/eliminar-columnas-de-filas-ocultas\/\">Eliminar filas ocultas en Excel<\/a><\/li>\n<li> <a href=\"https:\/\/exceladvisor.org\/es\/agregar-una-columna\/\">Agregar una columna en Excel<\/a><\/li>\n<li> <a href=\"https:\/\/exceladvisor.org\/es\/seleccionar-celdas-no-contiguas\/\">Seleccionar celdas no contiguas en Excel<\/a><\/li>\n<\/ul>\n<\/div>\n<\/div>\n<\/div>\n<\/div>\n","protected":false},"excerpt":{"rendered":"<p>Hasta ahora, Excel no ten\u00eda la capacidad de anular la selecci\u00f3n de celdas o un rango del rango de celdas seleccionado. As\u00ed nadie podr\u00eda deseleccionar celdas o un rango de celdas de su selecci\u00f3n. Pero ahora Excel ha introducido la funci\u00f3n para anular la selecci\u00f3n de celdas seleccionadas o un rango de celdas de su [&hellip;]<\/p>\n","protected":false},"author":1,"featured_media":0,"parent":0,"menu_order":0,"comment_status":"open","ping_status":"closed","template":"","meta":{"ub_ctt_via":"","footnotes":""},"class_list":["post-646","page","type-page","status-publish","hentry"],"featured_image_src":null,"yoast_head":"<!-- This site is optimized with the Yoast SEO plugin v25.4 - https:\/\/yoast.com\/wordpress\/plugins\/seo\/ -->\n<title>\u00bfc\u00f3mo anular la selecci\u00f3n de celdas en excel?<\/title>\n<meta name=\"robots\" content=\"index, follow, max-snippet:-1, max-image-preview:large, max-video-preview:-1\" \/>\n<link rel=\"canonical\" href=\"https:\/\/exceladvisor.org\/es\/deseleccionar-celdas\/\" \/>\n<meta property=\"og:locale\" content=\"es_ES\" \/>\n<meta property=\"og:type\" content=\"article\" \/>\n<meta property=\"og:title\" content=\"\u00bfc\u00f3mo anular la selecci\u00f3n de celdas en excel?\" \/>\n<meta property=\"og:description\" content=\"Hasta ahora, Excel no ten\u00eda la capacidad de anular la selecci\u00f3n de celdas o un rango del rango de celdas seleccionado. As\u00ed nadie podr\u00eda deseleccionar celdas o un rango de celdas de su selecci\u00f3n. Pero ahora Excel ha introducido la funci\u00f3n para anular la selecci\u00f3n de celdas seleccionadas o un rango de celdas de su [&hellip;]\" \/>\n<meta property=\"og:url\" content=\"https:\/\/exceladvisor.org\/es\/deseleccionar-celdas\/\" \/>\n<meta property=\"og:site_name\" content=\"Excel Advisor\" \/>\n<meta property=\"article:modified_time\" content=\"2023-12-25T10:23:22+00:00\" \/>\n<meta property=\"og:image\" content=\"https:\/\/exceladvisor.org\/wp-content\/uploads\/2023\/08\/1-deselectionner-les-cellules.png\" \/>\n<meta name=\"twitter:card\" content=\"summary_large_image\" \/>\n<meta name=\"twitter:label1\" content=\"Tiempo de lectura\" \/>\n\t<meta name=\"twitter:data1\" content=\"3 minutos\" \/>\n<script type=\"application\/ld+json\" class=\"yoast-schema-graph\">{\"@context\":\"https:\/\/schema.org\",\"@graph\":[{\"@type\":\"WebPage\",\"@id\":\"https:\/\/exceladvisor.org\/es\/deseleccionar-celdas\/\",\"url\":\"https:\/\/exceladvisor.org\/es\/deseleccionar-celdas\/\",\"name\":\"\u00bfc\u00f3mo anular la selecci\u00f3n de celdas en excel?\",\"isPartOf\":{\"@id\":\"https:\/\/exceladvisor.org\/es\/#website\"},\"primaryImageOfPage\":{\"@id\":\"https:\/\/exceladvisor.org\/es\/deseleccionar-celdas\/#primaryimage\"},\"image\":{\"@id\":\"https:\/\/exceladvisor.org\/es\/deseleccionar-celdas\/#primaryimage\"},\"thumbnailUrl\":\"https:\/\/exceladvisor.org\/wp-content\/uploads\/2023\/08\/1-deselectionner-les-cellules.png\",\"datePublished\":\"2023-10-14T20:26:54+00:00\",\"dateModified\":\"2023-12-25T10:23:22+00:00\",\"breadcrumb\":{\"@id\":\"https:\/\/exceladvisor.org\/es\/deseleccionar-celdas\/#breadcrumb\"},\"inLanguage\":\"es\",\"potentialAction\":[{\"@type\":\"ReadAction\",\"target\":[\"https:\/\/exceladvisor.org\/es\/deseleccionar-celdas\/\"]}]},{\"@type\":\"ImageObject\",\"inLanguage\":\"es\",\"@id\":\"https:\/\/exceladvisor.org\/es\/deseleccionar-celdas\/#primaryimage\",\"url\":\"https:\/\/exceladvisor.org\/wp-content\/uploads\/2023\/08\/1-deselectionner-les-cellules.png\",\"contentUrl\":\"https:\/\/exceladvisor.org\/wp-content\/uploads\/2023\/08\/1-deselectionner-les-cellules.png\"},{\"@type\":\"BreadcrumbList\",\"@id\":\"https:\/\/exceladvisor.org\/es\/deseleccionar-celdas\/#breadcrumb\",\"itemListElement\":[{\"@type\":\"ListItem\",\"position\":1,\"name\":\"Hogar\",\"item\":\"https:\/\/exceladvisor.org\/es\/\"},{\"@type\":\"ListItem\",\"position\":2,\"name\":\"\u00bfc\u00f3mo anular la selecci\u00f3n de celdas en excel?\"}]},{\"@type\":\"WebSite\",\"@id\":\"https:\/\/exceladvisor.org\/es\/#website\",\"url\":\"https:\/\/exceladvisor.org\/es\/\",\"name\":\"Excel Advisor\",\"description\":\"Su gu\u00eda para la dominaci\u00f3n de datos!\",\"publisher\":{\"@id\":\"https:\/\/exceladvisor.org\/es\/#organization\"},\"potentialAction\":[{\"@type\":\"SearchAction\",\"target\":{\"@type\":\"EntryPoint\",\"urlTemplate\":\"https:\/\/exceladvisor.org\/es\/?s={search_term_string}\"},\"query-input\":{\"@type\":\"PropertyValueSpecification\",\"valueRequired\":true,\"valueName\":\"search_term_string\"}}],\"inLanguage\":\"es\"},{\"@type\":\"Organization\",\"@id\":\"https:\/\/exceladvisor.org\/es\/#organization\",\"name\":\"Excel Advisor\",\"url\":\"https:\/\/exceladvisor.org\/es\/\",\"logo\":{\"@type\":\"ImageObject\",\"inLanguage\":\"es\",\"@id\":\"https:\/\/exceladvisor.org\/es\/#\/schema\/logo\/image\/\",\"url\":\"https:\/\/exceladvisor.org\/es\/wp-content\/uploads\/2023\/12\/exceladvisor.org_.png\",\"contentUrl\":\"https:\/\/exceladvisor.org\/es\/wp-content\/uploads\/2023\/12\/exceladvisor.org_.png\",\"width\":105,\"height\":36,\"caption\":\"Excel Advisor\"},\"image\":{\"@id\":\"https:\/\/exceladvisor.org\/es\/#\/schema\/logo\/image\/\"}}]}<\/script>\n<!-- \/ Yoast SEO plugin. -->","yoast_head_json":{"title":"\u00bfc\u00f3mo anular la selecci\u00f3n de celdas en excel?","robots":{"index":"index","follow":"follow","max-snippet":"max-snippet:-1","max-image-preview":"max-image-preview:large","max-video-preview":"max-video-preview:-1"},"canonical":"https:\/\/exceladvisor.org\/es\/deseleccionar-celdas\/","og_locale":"es_ES","og_type":"article","og_title":"\u00bfc\u00f3mo anular la selecci\u00f3n de celdas en excel?","og_description":"Hasta ahora, Excel no ten\u00eda la capacidad de anular la selecci\u00f3n de celdas o un rango del rango de celdas seleccionado. As\u00ed nadie podr\u00eda deseleccionar celdas o un rango de celdas de su selecci\u00f3n. Pero ahora Excel ha introducido la funci\u00f3n para anular la selecci\u00f3n de celdas seleccionadas o un rango de celdas de su [&hellip;]","og_url":"https:\/\/exceladvisor.org\/es\/deseleccionar-celdas\/","og_site_name":"Excel Advisor","article_modified_time":"2023-12-25T10:23:22+00:00","og_image":[{"url":"https:\/\/exceladvisor.org\/wp-content\/uploads\/2023\/08\/1-deselectionner-les-cellules.png","type":"","width":"","height":""}],"twitter_card":"summary_large_image","twitter_misc":{"Tiempo de lectura":"3 minutos"},"schema":{"@context":"https:\/\/schema.org","@graph":[{"@type":"WebPage","@id":"https:\/\/exceladvisor.org\/es\/deseleccionar-celdas\/","url":"https:\/\/exceladvisor.org\/es\/deseleccionar-celdas\/","name":"\u00bfc\u00f3mo anular la selecci\u00f3n de celdas en excel?","isPartOf":{"@id":"https:\/\/exceladvisor.org\/es\/#website"},"primaryImageOfPage":{"@id":"https:\/\/exceladvisor.org\/es\/deseleccionar-celdas\/#primaryimage"},"image":{"@id":"https:\/\/exceladvisor.org\/es\/deseleccionar-celdas\/#primaryimage"},"thumbnailUrl":"https:\/\/exceladvisor.org\/wp-content\/uploads\/2023\/08\/1-deselectionner-les-cellules.png","datePublished":"2023-10-14T20:26:54+00:00","dateModified":"2023-12-25T10:23:22+00:00","breadcrumb":{"@id":"https:\/\/exceladvisor.org\/es\/deseleccionar-celdas\/#breadcrumb"},"inLanguage":"es","potentialAction":[{"@type":"ReadAction","target":["https:\/\/exceladvisor.org\/es\/deseleccionar-celdas\/"]}]},{"@type":"ImageObject","inLanguage":"es","@id":"https:\/\/exceladvisor.org\/es\/deseleccionar-celdas\/#primaryimage","url":"https:\/\/exceladvisor.org\/wp-content\/uploads\/2023\/08\/1-deselectionner-les-cellules.png","contentUrl":"https:\/\/exceladvisor.org\/wp-content\/uploads\/2023\/08\/1-deselectionner-les-cellules.png"},{"@type":"BreadcrumbList","@id":"https:\/\/exceladvisor.org\/es\/deseleccionar-celdas\/#breadcrumb","itemListElement":[{"@type":"ListItem","position":1,"name":"Hogar","item":"https:\/\/exceladvisor.org\/es\/"},{"@type":"ListItem","position":2,"name":"\u00bfc\u00f3mo anular la selecci\u00f3n de celdas en excel?"}]},{"@type":"WebSite","@id":"https:\/\/exceladvisor.org\/es\/#website","url":"https:\/\/exceladvisor.org\/es\/","name":"Excel Advisor","description":"Su gu\u00eda para la dominaci\u00f3n de datos!","publisher":{"@id":"https:\/\/exceladvisor.org\/es\/#organization"},"potentialAction":[{"@type":"SearchAction","target":{"@type":"EntryPoint","urlTemplate":"https:\/\/exceladvisor.org\/es\/?s={search_term_string}"},"query-input":{"@type":"PropertyValueSpecification","valueRequired":true,"valueName":"search_term_string"}}],"inLanguage":"es"},{"@type":"Organization","@id":"https:\/\/exceladvisor.org\/es\/#organization","name":"Excel Advisor","url":"https:\/\/exceladvisor.org\/es\/","logo":{"@type":"ImageObject","inLanguage":"es","@id":"https:\/\/exceladvisor.org\/es\/#\/schema\/logo\/image\/","url":"https:\/\/exceladvisor.org\/es\/wp-content\/uploads\/2023\/12\/exceladvisor.org_.png","contentUrl":"https:\/\/exceladvisor.org\/es\/wp-content\/uploads\/2023\/12\/exceladvisor.org_.png","width":105,"height":36,"caption":"Excel Advisor"},"image":{"@id":"https:\/\/exceladvisor.org\/es\/#\/schema\/logo\/image\/"}}]}},"yoast_meta":{"yoast_wpseo_title":"","yoast_wpseo_metadesc":"","yoast_wpseo_canonical":""},"_links":{"self":[{"href":"https:\/\/exceladvisor.org\/es\/wp-json\/wp\/v2\/pages\/646","targetHints":{"allow":["GET"]}}],"collection":[{"href":"https:\/\/exceladvisor.org\/es\/wp-json\/wp\/v2\/pages"}],"about":[{"href":"https:\/\/exceladvisor.org\/es\/wp-json\/wp\/v2\/types\/page"}],"author":[{"embeddable":true,"href":"https:\/\/exceladvisor.org\/es\/wp-json\/wp\/v2\/users\/1"}],"replies":[{"embeddable":true,"href":"https:\/\/exceladvisor.org\/es\/wp-json\/wp\/v2\/comments?post=646"}],"version-history":[{"count":1,"href":"https:\/\/exceladvisor.org\/es\/wp-json\/wp\/v2\/pages\/646\/revisions"}],"predecessor-version":[{"id":839,"href":"https:\/\/exceladvisor.org\/es\/wp-json\/wp\/v2\/pages\/646\/revisions\/839"}],"wp:attachment":[{"href":"https:\/\/exceladvisor.org\/es\/wp-json\/wp\/v2\/media?parent=646"}],"curies":[{"name":"wp","href":"https:\/\/api.w.org\/{rel}","templated":true}]}}