{"id":647,"date":"2023-10-14T18:35:59","date_gmt":"2023-10-14T18:35:59","guid":{"rendered":"https:\/\/exceladvisor.org\/es\/fusionar-celulas-disociadas\/"},"modified":"2023-12-25T10:25:23","modified_gmt":"2023-12-25T10:25:23","slug":"fusionar-celulas-disociadas","status":"publish","type":"page","link":"https:\/\/exceladvisor.org\/es\/fusionar-celulas-disociadas\/","title":{"rendered":"\u00bfc\u00f3mo fusionar y separar celdas?"},"content":{"rendered":"<div class=\"excel-antes-del-contenido\" id=\"excel-3880167004\"><script type=\"text\/javascript\">\r\n\tatOptions = {\r\n\t\t'key' : 'c1158f160081d6540a8409e6925dab94',\r\n\t\t'format' : 'iframe',\r\n\t\t'height' : 250,\r\n\t\t'width' : 300,\r\n\t\t'params' : {}\r\n\t};\r\n<\/script>\r\n<script type=\"text\/javascript\" src=\"\/\/www.highperformanceformat.com\/c1158f160081d6540a8409e6925dab94\/invoke.js\"><\/script><\/div><p>Fusionar y separar celdas mientras se trabaja en Excel es una tarea com\u00fan.<\/p>\n<p> A veces, cuando obtiene datos que tienen muchas celdas fusionadas, probablemente debido a la presencia de datos relacionados en muchas celdas y por lo que no puede filtrar y ordenar datos en columnas con precisi\u00f3n, esta vez para desagrupar estas celdas, utiliza la funci\u00f3n de desagrupar de Excel.<\/p>\n<h2 id=\"merge-the-cells-through-the-ribbon-option\" class=\"wp-block-heading\"> Fusionar celdas mediante la opci\u00f3n de cinta<\/h2>\n<ol>\n<li> Para fusionar celdas, primero seleccione las celdas que desea fusionar.<\/li>\n<li> Despu\u00e9s de eso, vaya a la pesta\u00f1a Inicio y aqu\u00ed encontrar\u00e1 la opci\u00f3n \u00abCombinar y centrar\u00bb en el grupo \u00abAlineaci\u00f3n\u00bb de la cinta.<\/li>\n<li> Ahora simplemente haga clic en la opci\u00f3n \u00abCombinar y centrar\u00bb. <br \/><img loading=\"lazy\" decoding=\"async\" title=\"1-grupo-de-alineaci\u00f3n-de-pesta\u00f1a-de-inicio\" src=\"https:\/\/exceladvisor.org\/wp-content\/uploads\/2023\/08\/1-groupe-dalignement-de-longlet-daccueil.png\" sizes=\"auto, \" srcset=\"\" alt=\"home-tab-alignment-group\" width=\"511\" height=\"317\"><\/li>\n<li> En el momento en que haga clic en la opci\u00f3n \u00abCombinar y centrar\u00bb, aparecer\u00e1 la opci\u00f3n emergente y simplemente haga clic en \u00abAceptar\u00bb. <br \/><img loading=\"lazy\" decoding=\"async\" title=\"2-centro-de-fusi\u00f3n\" src=\"https:\/\/exceladvisor.org\/wp-content\/uploads\/2023\/08\/2-centre-de-fusion.png\" sizes=\"auto, \" srcset=\"\" alt=\"merge-&amp;-center\" width=\"513\" height=\"259\"><\/li>\n<li> En este punto, el rango de celdas seleccionado se fusiona. <br \/><img loading=\"lazy\" decoding=\"async\" title=\"Gama de 3 celdas fusionadas\" src=\"https:\/\/exceladvisor.org\/wp-content\/uploads\/2023\/08\/3-plages-de-cellules-fusionnees.png\" sizes=\"auto, \" srcset=\"\" alt=\"merged-cell-range\" width=\"526\" height=\"185\"><\/li>\n<\/ol>\n<h2 id=\"unmerge-the-cells-through-ribbon-option\" class=\"wp-block-heading\"> Separar celdas de la cinta<\/h2>\n<ol>\n<li> Primero, seleccione uno o m\u00e1s rangos de celdas combinadas que desee desagrupar.<\/li>\n<li> Despu\u00e9s de eso, vaya a la pesta\u00f1a de inicio y aqu\u00ed encontrar\u00e1 la opci\u00f3n \u00abCombinar y centrar\u00bb resaltada.<\/li>\n<li> Ahora simplemente haga clic en esta opci\u00f3n \u00abCombinar y centrar\u00bb. <br \/><img loading=\"lazy\" decoding=\"async\" title=\"4-separar-celdas-a-traves-de-cinta\" src=\"https:\/\/exceladvisor.org\/wp-content\/uploads\/2023\/08\/4-cellules-non-fusionnees-a-travers-le-ruban.png\" sizes=\"auto, \" srcset=\"\" alt=\"unmerge-cells-through-ribbon\" width=\"505\" height=\"314\"><\/li>\n<li> En este punto, los rangos de celdas combinados seleccionados ya no est\u00e1n combinados. <br \/><img loading=\"lazy\" decoding=\"async\" title=\"5 c\u00e9lulas no fusionadas\" src=\"https:\/\/exceladvisor.org\/wp-content\/uploads\/2023\/08\/5-cellules-non-fusionnees.png\" sizes=\"auto, \" srcset=\"\" alt=\"unmerged-cells\" width=\"519\" height=\"180\"><\/li>\n<\/ol>\n<h2 id=\"merge-unmerge-the-cells-using-keyboard-shortcut\" class=\"wp-block-heading\"> Fusionar y desagrupar celdas usando un <a href=\"https:\/\/exceladvisor.org\/es\/fusionar-disociar-celdas-1\/\">atajo de teclado<\/a><\/h2>\n<p> Para ahorrar tiempo, puede fusionar y desagrupar celdas usando el m\u00e9todo abreviado de teclado.<\/p>\n<ol>\n<li> Para fusionar celdas, seleccione el rango de celdas que desea fusionar.<\/li>\n<li> Despu\u00e9s de eso, presione \u00abAlt+H+M+C\u00bb o \u00abAlt+H+M+M\u00bb uno tras otro y haga clic en \u00abAceptar\u00bb en la opci\u00f3n emergente. <br \/><img loading=\"lazy\" decoding=\"async\" title=\"6-fusionar-usando-el-atajo-de-teclado\" src=\"https:\/\/exceladvisor.org\/wp-content\/uploads\/2023\/08\/6-fusionner-en-utilisant-le-raccourci-clavier.png\" sizes=\"auto, \" srcset=\"\" alt=\"merge-using-keyboard-shortcut\" width=\"522\" height=\"324\"><br \/><img loading=\"lazy\" decoding=\"async\" title=\"7-ok-para-fusionar\" src=\"https:\/\/exceladvisor.org\/wp-content\/uploads\/2023\/08\/7-ok-pour-fusionner.png\" sizes=\"auto, \" srcset=\"\" alt=\"ok-to-merge\" width=\"478\" height=\"261\"><\/li>\n<li> En este punto, el rango de celdas seleccionado se fusiona. <br \/><img loading=\"lazy\" decoding=\"async\" title=\"8 celdas fusionadas\" src=\"https:\/\/exceladvisor.org\/wp-content\/uploads\/2023\/08\/8-cellules-fusionnees.png\" sizes=\"auto, \" srcset=\"\" alt=\"merged-cells\" width=\"522\" height=\"184\"><\/li>\n<li> Ahora, para desagrupar las celdas fusionadas, seleccione el rango de celdas fusionadas que desea desagrupar.<\/li>\n<li> Despu\u00e9s de eso, presione \u201cAlt + H + M + C\u201d uno tras otro. <br \/><img loading=\"lazy\" decoding=\"async\" title=\"9-desunir-usando-el-atajo-de-teclado\" src=\"https:\/\/exceladvisor.org\/wp-content\/uploads\/2023\/08\/9-dissocier-a-laide-du-raccourci-clavier.png\" sizes=\"auto, \" srcset=\"\" alt=\"unmerge-using-keyboard-shortcut\" width=\"489\" height=\"305\"><\/li>\n<li> En este punto, el rango seleccionado de celdas fusionadas deja de fusionarse. <br \/><img loading=\"lazy\" decoding=\"async\" title=\"Gama de 10 c\u00e9lulas no fusionadas.\" src=\"https:\/\/exceladvisor.org\/wp-content\/uploads\/2023\/08\/10-plages-de-cellules-non-fusionnees.png\" sizes=\"auto, \" srcset=\"\" alt=\"unmerged-cells-range\" width=\"506\" height=\"179\"><\/li>\n<\/ol>\n<p> Muchas veces puedes encontrar la hoja con m\u00faltiples celdas fusionadas y para desagrupar todas las celdas a la vez solo necesitas seleccionar la hoja de trabajo presionando \u201cCtrl+A\u201d.<\/p>\n<p> O haciendo clic en el cuadro de la esquina en la esquina superior izquierda de la hoja y se seleccionar\u00e1 toda la hoja. Despu\u00e9s de eso, simplemente haga clic en la opci\u00f3n \u00abCombinar y centrar\u00bb en la cinta y todas las celdas combinadas ya no se combinar\u00e1n en la hoja a la vez. <\/p>\n<div class=\"wp-block-image\">\n<figure class=\"aligncenter size-full is-resized\"><img loading=\"lazy\" decoding=\"async\" class=\"wp-image-63920\" src=\"https:\/\/exceladvisor.org\/wp-content\/uploads\/2023\/08\/11-multiples-cellules-fusionnees.png\" sizes=\"auto, \" srcset=\"\" alt=\"m\u00faltiples celdas fusionadas\" width=\"567\" height=\"350\"><\/figure>\n<\/div>\n<div class=\"wp-block-image\">\n<figure class=\"aligncenter size-full is-resized\"><img loading=\"lazy\" decoding=\"async\" class=\"wp-image-63921\" src=\"https:\/\/exceladvisor.org\/wp-content\/uploads\/2023\/08\/12-feuille-de-calcul-non-fusionnee.png\" sizes=\"auto, \" srcset=\"\" alt=\"hoja de c\u00e1lculo no fusionada\" width=\"570\" height=\"198\"><\/figure>\n<\/div>\n<h2 id=\"unmerge-and-fill-the-unmerged-cells-with-the-original-value\" class=\"wp-block-heading\">Separar y llenar celdas no fusionadas con el valor original<\/h2>\n<p> El desaf\u00edo que siempre surge al fusionar celdas es completar el valor original en todas las celdas no fusionadas porque cuando fusiona un rango de celdas, Excel asigna solo el valor de la celda superior o el valor de la celda izquierda en este rango combinado seg\u00fan su selecci\u00f3n de rango de celdas.<\/p>\n<p> Entonces, cuando separa estas celdas fusionadas, a\u00fan encontrar\u00e1 el valor en la celda superior no fusionada y otras celdas no fusionadas en ese rango seleccionado quedan en blanco.<\/p>\n<ol>\n<li> Comience desagrupando el rango de celdas fusionadas. <br \/><img loading=\"lazy\" decoding=\"async\" title=\"13 celdas fusionadas no fusionadas\" src=\"https:\/\/exceladvisor.org\/wp-content\/uploads\/2023\/08\/13-cellules-fusionnees-non-fusionnees.png\" sizes=\"auto, \" srcset=\"\" alt=\"unmerge-merged-cells\" width=\"523\" height=\"182\"><\/li>\n<li> Despu\u00e9s de eso, seleccione las celdas no fusionadas, incluidas las celdas en blanco o el conjunto de datos\/tabla completo.<\/li>\n<li> Ahora vaya a la \u00abPesta\u00f1a Inicio\u00bb y en el grupo \u00abEditar\u00bb, haga clic en \u00abBuscar y seleccionar\u00bb y luego haga clic en \u00abIr a Especial\u00bb. <br \/><img loading=\"lazy\" decoding=\"async\" title=\"14-ir-a-especial\" src=\"https:\/\/exceladvisor.org\/wp-content\/uploads\/2023\/08\/14-aller-au-special.png\" sizes=\"auto, \" srcset=\"\" alt=\"go-to-special\" width=\"638\" height=\"339\"><br \/><img loading=\"lazy\" decoding=\"async\" title=\"15-seleccionar-datos-ir-a-especial\" src=\"https:\/\/exceladvisor.org\/wp-content\/uploads\/2023\/08\/15-donnees-selectionnees-aller-a-special.png\" sizes=\"auto, \" srcset=\"\" alt=\"select-data-go-to-special\" width=\"633\" height=\"338\"><\/li>\n<li> Una vez que haga clic en \u00abIr a Especial\u00bb, se abrir\u00e1 una opci\u00f3n emergente y seleccione \u00abEn blanco\u00bb y haga clic en Aceptar. <br \/><img loading=\"lazy\" decoding=\"async\" title=\"16-seleccionar-opci\u00f3n-en blanco\" src=\"https:\/\/exceladvisor.org\/wp-content\/uploads\/2023\/08\/16-selectionnez-loption-vide.png\" sizes=\"auto, \" srcset=\"\" alt=\"select-blank-option\" width=\"574\" height=\"300\"><\/li>\n<li> Ahora encontrar\u00e1 todas las celdas en blanco seleccionadas y simplemente ingrese el signo igual (=), luego presione la tecla de flecha hacia arriba en el teclado y presione el bot\u00f3n Ctrl + Enter y la f\u00f3rmula se copiar\u00e1 en todas las celdas en blanco. <br \/><img loading=\"lazy\" decoding=\"async\" title=\"17 celdas vac\u00edas seleccionadas\" src=\"https:\/\/exceladvisor.org\/wp-content\/uploads\/2023\/08\/17-toutes-les-cellules-vides-selectionnees.png\" sizes=\"auto, \" srcset=\"\" alt=\"all-blank-cells-selected\" width=\"545\" height=\"191\"><\/li>\n<li> En este punto, sus celdas vac\u00edas se llenan con el valor original que ten\u00eda en el rango de celdas fusionadas. <br \/><img loading=\"lazy\" decoding=\"async\" title=\"18 celdas vac\u00edas llenas\" src=\"https:\/\/exceladvisor.org\/wp-content\/uploads\/2023\/08\/18-cellules-vides-remplies.png\" sizes=\"auto, \" srcset=\"\" alt=\"blank-cells-filled\" width=\"542\" height=\"193\"><\/li>\n<\/ol>\n<h2 id=\"how-to-find-the-merged-cells\" class=\"wp-block-heading\"> C\u00f3mo encontrar celdas fusionadas<\/h2>\n<p> Muchas veces puede obtener un archivo de Excel con un conjunto de datos enorme y no sabe si contiene celdas combinadas o no, por lo que para encontrar las celdas combinadas en los datos, puede encontrarlas todas simplemente siguiendo los pasos a continuaci\u00f3n.<\/p>\n<ol>\n<li> En primer lugar, haga clic en cualquier lugar de los datos y vaya a la pesta\u00f1a \u00abInicio\u00bb y en el grupo \u00abedici\u00f3n\u00bb haga clic en \u00abBuscar y seleccionar\u00bb, luego haga clic en la opci\u00f3n \u00abBuscar\u00bb o simplemente presione Ctrl + F en su teclado. <br \/><img loading=\"lazy\" decoding=\"async\" title=\"19-buscar-combinar-celdas\" src=\"https:\/\/exceladvisor.org\/wp-content\/uploads\/2023\/08\/19-trouver-des-cellules-fusionnees.png\" sizes=\"auto, \" srcset=\"\" alt=\"find-merged-cells\" width=\"588\" height=\"308\"><\/li>\n<li> Una vez que haga clic en la opci\u00f3n \u00abBuscar\u00bb o presione Ctrl+F, obtendr\u00e1 el men\u00fa \u00abBuscar y reemplazar\u00bb y simplemente haga clic en \u00abFormatear\u00bb. <br \/><img loading=\"lazy\" decoding=\"async\" title=\"20-buscar-reemplazar-men\u00fa\" src=\"https:\/\/exceladvisor.org\/wp-content\/uploads\/2023\/08\/20-rechercher-remplacer-le-menu.png\" sizes=\"auto, \" srcset=\"\" alt=\"find-&amp;-replace-menu\" width=\"436\" height=\"234\"><\/li>\n<li> Ahora seleccione \u00abAlineaci\u00f3n\u00bb, marque \u00abFusionar celdas\u00bb y haga clic en Aceptar. <br \/><img loading=\"lazy\" decoding=\"async\" title=\"21-seleccionar-pesta\u00f1a-de-alineaci\u00f3n\" src=\"https:\/\/exceladvisor.org\/wp-content\/uploads\/2023\/08\/21-selectionner-longlet-dalignement.png\" sizes=\"auto, \" srcset=\"\" alt=\"select-alignment-tab\" width=\"451\" height=\"447\"><\/li>\n<li> Al final, seleccione \u00abBuscar todo\u00bb y obtendr\u00e1 la lista de todas las celdas combinadas en los datos.<\/li>\n<li> Para ver las celdas fusionadas una por una, simplemente presione \u00abBuscar siguiente\u00bb y cada vez lo llevar\u00e1 a las siguientes celdas fusionadas y las celdas fusionadas se resaltar\u00e1n o tambi\u00e9n puede hacer esto haciendo clic en la lista de celdas fusionadas. <br \/><img loading=\"lazy\" decoding=\"async\" title=\"22-seleccionar-buscar-todo\" src=\"https:\/\/exceladvisor.org\/wp-content\/uploads\/2023\/08\/22-selectionner-le-trouver-tout.png\" sizes=\"auto, \" srcset=\"\" alt=\"select-the-find-all\" width=\"662\" height=\"323\"><\/li>\n<\/ol>\n<div class=\"gb-container gb-container-4db6181c gb-container-mt\"> <a class=\"gb-button gb-button-c5897111 gb-button-text gb-button-mt-button\" href=\"https:\/\/exceladvisor.org\/es\/conceptos-basicos-de-excel\/\">Conceptos b\u00e1sicos de Microsoft Excel (componentes, piezas y notas de conocimiento)<\/a><\/p>\n<h2 class=\"gb-headline gb-headline-665e5f6b gb-headline-text gb-headline-mt-heading\"> Tutoriales relacionados <\/h2>\n<div class=\"gb-grid-wrapper gb-grid-wrapper-a20baf7c gb-grid-wrapper-mt-grid\">\n<div class=\"gb-grid-column gb-grid-column-65ddf67e\">\n<div class=\"gb-container gb-container-65ddf67e\">\n<ul>\n<li> <a href=\"https:\/\/exceladvisor.org\/es\/dibuja-una-linea\/\">Dibuja una l\u00ednea en Excel<\/a><\/li>\n<li> <a href=\"https:\/\/exceladvisor.org\/es\/agregar-un-boton\/\">Agregar un bot\u00f3n en Excel<\/a><\/li>\n<li> <a href=\"https:\/\/exceladvisor.org\/es\/corrector-ortografico\/\">Corrector ortogr\u00e1fico en Excel<\/a><\/li>\n<li> <a href=\"https:\/\/exceladvisor.org\/es\/retiro\/\">Aumentar y disminuir sangr\u00eda en Excel<\/a><\/li>\n<li> <a href=\"https:\/\/exceladvisor.org\/es\/rotar-texto\/\">Girar texto en Excel (orientaci\u00f3n del texto)<\/a> <\/li>\n<\/ul>\n<\/div>\n<\/div>\n<div class=\"gb-grid-column gb-grid-column-50067b57\">\n<div class=\"gb-container gb-container-50067b57\"><\/div>\n<\/div>\n<\/div>\n<\/div>\n","protected":false},"excerpt":{"rendered":"<p>Fusionar y separar celdas mientras se trabaja en Excel es una tarea com\u00fan. A veces, cuando obtiene datos que tienen muchas celdas fusionadas, probablemente debido a la presencia de datos relacionados en muchas celdas y por lo que no puede filtrar y ordenar datos en columnas con precisi\u00f3n, esta vez para desagrupar estas celdas, utiliza [&hellip;]<\/p>\n","protected":false},"author":1,"featured_media":0,"parent":0,"menu_order":0,"comment_status":"open","ping_status":"closed","template":"","meta":{"ub_ctt_via":"","footnotes":""},"class_list":["post-647","page","type-page","status-publish","hentry"],"featured_image_src":null,"yoast_head":"<!-- This site is optimized with the Yoast SEO plugin v25.4 - https:\/\/yoast.com\/wordpress\/plugins\/seo\/ -->\n<title>\u00bfc\u00f3mo fusionar y separar celdas?<\/title>\n<meta name=\"robots\" content=\"index, follow, max-snippet:-1, max-image-preview:large, max-video-preview:-1\" \/>\n<link rel=\"canonical\" href=\"https:\/\/exceladvisor.org\/es\/fusionar-celulas-disociadas\/\" \/>\n<meta property=\"og:locale\" content=\"es_ES\" \/>\n<meta property=\"og:type\" content=\"article\" \/>\n<meta property=\"og:title\" content=\"\u00bfc\u00f3mo fusionar y separar celdas?\" \/>\n<meta property=\"og:description\" content=\"Fusionar y separar celdas mientras se trabaja en Excel es una tarea com\u00fan. A veces, cuando obtiene datos que tienen muchas celdas fusionadas, probablemente debido a la presencia de datos relacionados en muchas celdas y por lo que no puede filtrar y ordenar datos en columnas con precisi\u00f3n, esta vez para desagrupar estas celdas, utiliza [&hellip;]\" \/>\n<meta property=\"og:url\" content=\"https:\/\/exceladvisor.org\/es\/fusionar-celulas-disociadas\/\" \/>\n<meta property=\"og:site_name\" content=\"Excel Advisor\" \/>\n<meta property=\"article:modified_time\" content=\"2023-12-25T10:25:23+00:00\" \/>\n<meta property=\"og:image\" content=\"https:\/\/exceladvisor.org\/wp-content\/uploads\/2023\/08\/1-groupe-dalignement-de-longlet-daccueil.png\" \/>\n<meta name=\"twitter:card\" content=\"summary_large_image\" \/>\n<meta name=\"twitter:label1\" content=\"Tiempo de lectura\" \/>\n\t<meta name=\"twitter:data1\" content=\"4 minutos\" \/>\n<script type=\"application\/ld+json\" class=\"yoast-schema-graph\">{\"@context\":\"https:\/\/schema.org\",\"@graph\":[{\"@type\":\"WebPage\",\"@id\":\"https:\/\/exceladvisor.org\/es\/fusionar-celulas-disociadas\/\",\"url\":\"https:\/\/exceladvisor.org\/es\/fusionar-celulas-disociadas\/\",\"name\":\"\u00bfc\u00f3mo fusionar y separar celdas?\",\"isPartOf\":{\"@id\":\"https:\/\/exceladvisor.org\/es\/#website\"},\"primaryImageOfPage\":{\"@id\":\"https:\/\/exceladvisor.org\/es\/fusionar-celulas-disociadas\/#primaryimage\"},\"image\":{\"@id\":\"https:\/\/exceladvisor.org\/es\/fusionar-celulas-disociadas\/#primaryimage\"},\"thumbnailUrl\":\"https:\/\/exceladvisor.org\/wp-content\/uploads\/2023\/08\/1-groupe-dalignement-de-longlet-daccueil.png\",\"datePublished\":\"2023-10-14T18:35:59+00:00\",\"dateModified\":\"2023-12-25T10:25:23+00:00\",\"breadcrumb\":{\"@id\":\"https:\/\/exceladvisor.org\/es\/fusionar-celulas-disociadas\/#breadcrumb\"},\"inLanguage\":\"es\",\"potentialAction\":[{\"@type\":\"ReadAction\",\"target\":[\"https:\/\/exceladvisor.org\/es\/fusionar-celulas-disociadas\/\"]}]},{\"@type\":\"ImageObject\",\"inLanguage\":\"es\",\"@id\":\"https:\/\/exceladvisor.org\/es\/fusionar-celulas-disociadas\/#primaryimage\",\"url\":\"https:\/\/exceladvisor.org\/wp-content\/uploads\/2023\/08\/1-groupe-dalignement-de-longlet-daccueil.png\",\"contentUrl\":\"https:\/\/exceladvisor.org\/wp-content\/uploads\/2023\/08\/1-groupe-dalignement-de-longlet-daccueil.png\"},{\"@type\":\"BreadcrumbList\",\"@id\":\"https:\/\/exceladvisor.org\/es\/fusionar-celulas-disociadas\/#breadcrumb\",\"itemListElement\":[{\"@type\":\"ListItem\",\"position\":1,\"name\":\"Hogar\",\"item\":\"https:\/\/exceladvisor.org\/es\/\"},{\"@type\":\"ListItem\",\"position\":2,\"name\":\"\u00bfc\u00f3mo fusionar y separar celdas?\"}]},{\"@type\":\"WebSite\",\"@id\":\"https:\/\/exceladvisor.org\/es\/#website\",\"url\":\"https:\/\/exceladvisor.org\/es\/\",\"name\":\"Excel Advisor\",\"description\":\"Su gu\u00eda para la dominaci\u00f3n de datos!\",\"publisher\":{\"@id\":\"https:\/\/exceladvisor.org\/es\/#organization\"},\"potentialAction\":[{\"@type\":\"SearchAction\",\"target\":{\"@type\":\"EntryPoint\",\"urlTemplate\":\"https:\/\/exceladvisor.org\/es\/?s={search_term_string}\"},\"query-input\":{\"@type\":\"PropertyValueSpecification\",\"valueRequired\":true,\"valueName\":\"search_term_string\"}}],\"inLanguage\":\"es\"},{\"@type\":\"Organization\",\"@id\":\"https:\/\/exceladvisor.org\/es\/#organization\",\"name\":\"Excel Advisor\",\"url\":\"https:\/\/exceladvisor.org\/es\/\",\"logo\":{\"@type\":\"ImageObject\",\"inLanguage\":\"es\",\"@id\":\"https:\/\/exceladvisor.org\/es\/#\/schema\/logo\/image\/\",\"url\":\"https:\/\/exceladvisor.org\/es\/wp-content\/uploads\/2023\/12\/exceladvisor.org_.png\",\"contentUrl\":\"https:\/\/exceladvisor.org\/es\/wp-content\/uploads\/2023\/12\/exceladvisor.org_.png\",\"width\":105,\"height\":36,\"caption\":\"Excel Advisor\"},\"image\":{\"@id\":\"https:\/\/exceladvisor.org\/es\/#\/schema\/logo\/image\/\"}}]}<\/script>\n<!-- \/ Yoast SEO plugin. -->","yoast_head_json":{"title":"\u00bfc\u00f3mo fusionar y separar celdas?","robots":{"index":"index","follow":"follow","max-snippet":"max-snippet:-1","max-image-preview":"max-image-preview:large","max-video-preview":"max-video-preview:-1"},"canonical":"https:\/\/exceladvisor.org\/es\/fusionar-celulas-disociadas\/","og_locale":"es_ES","og_type":"article","og_title":"\u00bfc\u00f3mo fusionar y separar celdas?","og_description":"Fusionar y separar celdas mientras se trabaja en Excel es una tarea com\u00fan. A veces, cuando obtiene datos que tienen muchas celdas fusionadas, probablemente debido a la presencia de datos relacionados en muchas celdas y por lo que no puede filtrar y ordenar datos en columnas con precisi\u00f3n, esta vez para desagrupar estas celdas, utiliza [&hellip;]","og_url":"https:\/\/exceladvisor.org\/es\/fusionar-celulas-disociadas\/","og_site_name":"Excel Advisor","article_modified_time":"2023-12-25T10:25:23+00:00","og_image":[{"url":"https:\/\/exceladvisor.org\/wp-content\/uploads\/2023\/08\/1-groupe-dalignement-de-longlet-daccueil.png","type":"","width":"","height":""}],"twitter_card":"summary_large_image","twitter_misc":{"Tiempo de lectura":"4 minutos"},"schema":{"@context":"https:\/\/schema.org","@graph":[{"@type":"WebPage","@id":"https:\/\/exceladvisor.org\/es\/fusionar-celulas-disociadas\/","url":"https:\/\/exceladvisor.org\/es\/fusionar-celulas-disociadas\/","name":"\u00bfc\u00f3mo fusionar y separar celdas?","isPartOf":{"@id":"https:\/\/exceladvisor.org\/es\/#website"},"primaryImageOfPage":{"@id":"https:\/\/exceladvisor.org\/es\/fusionar-celulas-disociadas\/#primaryimage"},"image":{"@id":"https:\/\/exceladvisor.org\/es\/fusionar-celulas-disociadas\/#primaryimage"},"thumbnailUrl":"https:\/\/exceladvisor.org\/wp-content\/uploads\/2023\/08\/1-groupe-dalignement-de-longlet-daccueil.png","datePublished":"2023-10-14T18:35:59+00:00","dateModified":"2023-12-25T10:25:23+00:00","breadcrumb":{"@id":"https:\/\/exceladvisor.org\/es\/fusionar-celulas-disociadas\/#breadcrumb"},"inLanguage":"es","potentialAction":[{"@type":"ReadAction","target":["https:\/\/exceladvisor.org\/es\/fusionar-celulas-disociadas\/"]}]},{"@type":"ImageObject","inLanguage":"es","@id":"https:\/\/exceladvisor.org\/es\/fusionar-celulas-disociadas\/#primaryimage","url":"https:\/\/exceladvisor.org\/wp-content\/uploads\/2023\/08\/1-groupe-dalignement-de-longlet-daccueil.png","contentUrl":"https:\/\/exceladvisor.org\/wp-content\/uploads\/2023\/08\/1-groupe-dalignement-de-longlet-daccueil.png"},{"@type":"BreadcrumbList","@id":"https:\/\/exceladvisor.org\/es\/fusionar-celulas-disociadas\/#breadcrumb","itemListElement":[{"@type":"ListItem","position":1,"name":"Hogar","item":"https:\/\/exceladvisor.org\/es\/"},{"@type":"ListItem","position":2,"name":"\u00bfc\u00f3mo fusionar y separar celdas?"}]},{"@type":"WebSite","@id":"https:\/\/exceladvisor.org\/es\/#website","url":"https:\/\/exceladvisor.org\/es\/","name":"Excel Advisor","description":"Su gu\u00eda para la dominaci\u00f3n de datos!","publisher":{"@id":"https:\/\/exceladvisor.org\/es\/#organization"},"potentialAction":[{"@type":"SearchAction","target":{"@type":"EntryPoint","urlTemplate":"https:\/\/exceladvisor.org\/es\/?s={search_term_string}"},"query-input":{"@type":"PropertyValueSpecification","valueRequired":true,"valueName":"search_term_string"}}],"inLanguage":"es"},{"@type":"Organization","@id":"https:\/\/exceladvisor.org\/es\/#organization","name":"Excel Advisor","url":"https:\/\/exceladvisor.org\/es\/","logo":{"@type":"ImageObject","inLanguage":"es","@id":"https:\/\/exceladvisor.org\/es\/#\/schema\/logo\/image\/","url":"https:\/\/exceladvisor.org\/es\/wp-content\/uploads\/2023\/12\/exceladvisor.org_.png","contentUrl":"https:\/\/exceladvisor.org\/es\/wp-content\/uploads\/2023\/12\/exceladvisor.org_.png","width":105,"height":36,"caption":"Excel Advisor"},"image":{"@id":"https:\/\/exceladvisor.org\/es\/#\/schema\/logo\/image\/"}}]}},"yoast_meta":{"yoast_wpseo_title":"","yoast_wpseo_metadesc":"","yoast_wpseo_canonical":""},"_links":{"self":[{"href":"https:\/\/exceladvisor.org\/es\/wp-json\/wp\/v2\/pages\/647","targetHints":{"allow":["GET"]}}],"collection":[{"href":"https:\/\/exceladvisor.org\/es\/wp-json\/wp\/v2\/pages"}],"about":[{"href":"https:\/\/exceladvisor.org\/es\/wp-json\/wp\/v2\/types\/page"}],"author":[{"embeddable":true,"href":"https:\/\/exceladvisor.org\/es\/wp-json\/wp\/v2\/users\/1"}],"replies":[{"embeddable":true,"href":"https:\/\/exceladvisor.org\/es\/wp-json\/wp\/v2\/comments?post=647"}],"version-history":[{"count":1,"href":"https:\/\/exceladvisor.org\/es\/wp-json\/wp\/v2\/pages\/647\/revisions"}],"predecessor-version":[{"id":1052,"href":"https:\/\/exceladvisor.org\/es\/wp-json\/wp\/v2\/pages\/647\/revisions\/1052"}],"wp:attachment":[{"href":"https:\/\/exceladvisor.org\/es\/wp-json\/wp\/v2\/media?parent=647"}],"curies":[{"name":"wp","href":"https:\/\/api.w.org\/{rel}","templated":true}]}}